{"id":9647,"date":"2022-09-27T12:53:43","date_gmt":"2022-09-27T10:53:43","guid":{"rendered":"https:\/\/www.bulkgenetics.com\/ak-47\/"},"modified":"2025-05-27T23:26:52","modified_gmt":"2025-05-27T21:26:52","slug":"ak-47","status":"publish","type":"product","link":"https:\/\/bulkgenetics.com\/de\/ak-47\/","title":{"rendered":"AK 47"},"content":{"rendered":"\n<p><strong>AK 47<\/strong> ist ein legend\u00e4rer Cannabis-Strain, der seine Spuren in der Geschichte des Cannabis hinterlassen hat. Diese Sorte, die in den 90er Jahren kreiert wurde, ist eine beeindruckende Kombination aus kolumbianischen, mexikanischen, thail\u00e4ndischen und afghanischen Genetiken. Mit einer 65%igen Sativa-Dominanz und 35% Indica hat sich die <strong>AK-47<\/strong> dank ihrer Potenz und ihrer zahlreichen internationalen Auszeichnungen zu einem Klassiker entwickelt. Klingt einsch\u00fcchternd? Lass dich nicht vom Namen t\u00e4uschen, dieser Strain bietet ein ausgewogenes Erlebnis.<\/p>\n\n\n\n<p>Die <strong>AK 47<\/strong> ist ein wahrer Augenschmaus. Ihre Buds sind von einem lebhaften Minzgr\u00fcn, verziert mit orangefarbenen Haaren und bedeckt mit frostigen Bernstein-Trichomen, die ihr ein fast gefrorenes Aussehen verleihen. Die Knospen sind dicht und harzig, was auf einen hohen Cannabinoidgehalt hinweist.<\/p>\n\n\n\n<p>Wenn du dir Sorgen machst, dass du das Anbauen nicht hinbekommst, ist die <strong>AK-47<\/strong> eine ideale Wahl. Trotz ihres beeindruckenden Sativa-Erbes ist sie eine leicht zu handhabende Pflanze mit ein wenig Erfahrung. Ihre Wachstumsphasen sind kurz, und es wird empfohlen, eine apikale Beschneidung oder LST-Techniken anzuwenden, um ihre H\u00f6he zu kontrollieren. Au\u00dferdem ist sie sehr widerstandsf\u00e4hig, was sie zu einer zuverl\u00e4ssigen Option f\u00fcr Grower aller Erfahrungsstufen macht. Und wenn du denselben Spirit, aber eine schnellere Pflanze bevorzugst, empfehlen wir die <a href=\"https:\/\/bulkgenetics.com\/de\/ak-47-fast-version\/\"><strong>AK 47 Fast Version<\/strong><\/a>.<\/p>\n\n\n\n<p>Auch die Diskretion ist bei der <strong>AK 47<\/strong> garantiert. Obwohl sie w\u00e4hrend der Bl\u00fctephase f\u00fcr ihr kr\u00e4ftiges Aroma bekannt ist, kannst du mit dem richtigen Einsatz von Luftfiltern und einer guten Bel\u00fcftung dein Grow unter Kontrolle halten. Dar\u00fcber hinaus macht ihre kompakte und dichte Struktur sie ideal f\u00fcr begrenzte R\u00e4ume.<\/p>\n\n\n\n<h2 class=\"wp-block-heading\">Geschmack und Wirkung<\/h2>\n\n\n\n<p>Die <strong>AK-47<\/strong> ist nicht nur ein Genuss f\u00fcr die Augen, sondern auch f\u00fcr die Sinne. Ihr Aroma ist eine Sinfonie aus erdigen, blumigen und holzigen Noten, mit einem scharfen Touch, der die Sinne weckt. Beim Probieren enth\u00fcllt sich der Geschmack in Schichten: Ein erdiger und holziger Anfang, der zu blumigen und s\u00fc\u00dfen Nuancen \u00fcbergeht und in einem leicht w\u00fcrzigen Nachgeschmack gipfelt, der lange anh\u00e4lt. Dieses komplexe und befriedigende Geschmacksprofil macht jeden Zug zu einem unvergesslichen Erlebnis.<\/p>\n\n\n\n<p>Die Wirkung der <strong>AK-47<\/strong> ist ebenso beeindruckend. Vom ersten Moment an erlebt man eine Welle der Euphorie, die die Stimmung hebt und den Geist f\u00fcr Kreativit\u00e4t und Gespr\u00e4che \u00f6ffnet. Dieses Gef\u00fchl des Gl\u00fccks wird durch eine sanfte k\u00f6rperliche Entspannung erg\u00e4nzt, die Stress abbaut, ohne Schwere zu verursachen. Mit einem THC-Gehalt, der zwischen 18% und 21% variiert, und CBD-Werten zwischen 0,52% und 0,74%, ist dieser Strain ideal, um Angst, Stress, Depression und chronische Schmerzen zu bek\u00e4mpfen. Zu den therapeutischen Effekten z\u00e4hlen auch die Linderung von Schlaflosigkeit und die Anregung des Appetits.<\/p>\n\n\n\n<h3 class=\"wp-block-heading\">Terpene der AK-47<\/h3>\n\n\n\n<p>Die <strong>AK-47<\/strong> besitzt eine reiche Mischung an Terpenen, die sowohl zu ihrem charakteristischen Aroma als auch zu ihren therapeutischen Effekten beitragen. Der <strong>Beta-Caryophyllen<\/strong> verleiht eine w\u00fcrzige Note und hat entz\u00fcndungshemmende und schmerzlindernde Eigenschaften, was ihn zu einem nat\u00fcrlichen Verb\u00fcndeten gegen Schmerz und Entz\u00fcndung macht.<\/p>\n\n\n\n<p>Das <strong>Delta-3-Caren<\/strong> f\u00fcgt ein erdiges Aroma hinzu und hat ebenfalls entz\u00fcndungshemmende Effekte, die helfen, Schwellungen und Fl\u00fcssigkeitsansammlungen zu reduzieren. Das in dieser Sorte reichlich vorhandene <strong>Myrcen<\/strong> bringt ein kr\u00e4uteriges und erdiges Aroma mit sich und ist bekannt f\u00fcr seine beruhigenden und entspannenden Wirkungen, die perfekt sind, um Stress und Anspannung zu lindern.<\/p>\n\n\n\n<p>Zus\u00e4tzlich verleihen <strong>Limonen<\/strong> und <strong>Ocimen<\/strong> zitrische und blumige Noten. Limonen ist bekannt f\u00fcr seine stimmungsaufhellenden und stressreduzierenden Eigenschaften, w\u00e4hrend Ocimen antimykotische und entz\u00fcndungshemmende Eigenschaften bietet und das therapeutische Profil der <strong>AK-47<\/strong> abrundet.<\/p>\n\n\n\n<p>Diese Terpene bereichern nicht nur die sensorische Erfahrung der <strong>AK-47<\/strong>, sondern verst\u00e4rken auch ihre therapeutischen Vorteile und bieten eine nat\u00fcrliche und ausgewogene L\u00f6sung f\u00fcr diejenigen, die Linderung und Wohlbefinden suchen.<\/p>\n\n\n\n<h2 class=\"wp-block-heading\">Ertrag und Bl\u00fctezeit<\/h2>\n\n\n\n<p>Der <strong>AK 47<\/strong> Strain belohnt Grower mit einer gro\u00dfz\u00fcgigen und hochwertigen Ernte, sowohl drinnen als auch drau\u00dfen. In Indoor-Grows kann dieser Strain dank seiner kompakten und dichten Struktur, die eine effiziente Raumnutzung erm\u00f6glicht, zwischen <strong>450 und 550 Gramm<\/strong> pro Quadratmeter liefern. Indoor-Grower k\u00f6nnen eine handhabbare und robuste Pflanze erwarten, die die Pflege erleichtert und die Ernte maximiert.<\/p>\n\n\n\n<p>Auch beim Outdoor-Anbau bleibt die <strong>AK-47<\/strong> nicht zur\u00fcck. Unter optimalen Bedingungen kann jede Pflanze zwischen <strong>800 und 900 Gramm<\/strong> gut geformter und harziger Buds produzieren. Ihre starke Genetik und Anpassungsf\u00e4higkeit an verschiedene Klimazonen machen diesen Strain ideal f\u00fcr Grower, die ihre Outdoor-Ernte maximieren m\u00f6chten.<\/p>\n\n\n\n<p>In Bezug auf die Bl\u00fctezeit ist die <strong>AK-47<\/strong> f\u00fcr einen Sativa-dominanten Strain relativ schnell. Indoor betr\u00e4gt die Bl\u00fctezeit <strong>8 bis 9 Wochen<\/strong>. Dieser kurze Bl\u00fctezyklus erm\u00f6glicht es Growern, mehrere Ernten pro Jahr zu erzielen und den Ertrag ihrer Anbaufl\u00e4chen zu maximieren.<\/p>\n\n\n\n<p>F\u00fcr Outdoor-Grower liegt die Erntezeit der <strong>AK 47<\/strong> normalerweise <strong>zwischen Mitte und Ende Oktober<\/strong>, je nach Standort und klimatischen Bedingungen. Dieser Strain ist bekannt f\u00fcr seine Widerstandsf\u00e4higkeit, aber wie alle Cannabispflanzen gedeiht sie am besten unter optimalen Pflegebedingungen, einschlie\u00dflich guter Luftzirkulation und Schutz vor \u00fcberm\u00e4\u00dfiger Feuchtigkeit, um Schimmelprobleme zu vermeiden.<\/p>\n\n\n\n<h2 class=\"wp-block-heading\">Wie man AK 47 anbaut<\/h2>\n\n\n\n<p>Die <strong>AK-47<\/strong> ist ein Strain, der Growern gro\u00dfe Belohnungen bieten kann, aber Aufmerksamkeit und Pflege erfordert, um ihr volles Potenzial zu erreichen. Wir betrachten den Schwierigkeitsgrad des Anbaus als mittel. Obwohl sie nicht die einfachste Sorte f\u00fcr Anf\u00e4nger ist, werden diejenigen mit etwas Erfahrung feststellen, dass ihre Bem\u00fchungen mit reichlichen Ernten von hoher Qualit\u00e4t belohnt werden.<\/p>\n\n\n\n<p>F\u00fcr die besten Ergebnisse ben\u00f6tigt die <strong>AK 47<\/strong> ein gem\u00e4\u00dfigtes bis warmes Klima mit idealen Temperaturen zwischen 21 und 24 Grad Celsius. Dieser Strain gedeiht sowohl drinnen als auch drau\u00dfen, aber es ist wichtig, eine gute Luftzirkulation zu gew\u00e4hrleisten, um Feuchtigkeitsprobleme und Schimmel zu vermeiden. Die relative Luftfeuchtigkeit sollte w\u00e4hrend der vegetativen Phase zwischen 65-70% gehalten werden und w\u00e4hrend der Bl\u00fctephase auf 30-40% reduziert werden.<\/p>\n\n\n\n<p>In Bezug auf die Widerstandsf\u00e4higkeit gegen Sch\u00e4dlinge und Krankheiten ist die <strong>AK 47<\/strong> ziemlich robust, obwohl es immer ratsam ist, wachsam zu sein und vorbeugende Ma\u00dfnahmen zu ergreifen. Der Einsatz von Luftfiltern und guter Bel\u00fcftung kann dazu beitragen, h\u00e4ufige Probleme wie Milben und Schimmel in Schach zu halten. Au\u00dferdem empfehlen wir den Einsatz von Techniken wie apikalem Beschneiden oder LST, um ihre H\u00f6he zu kontrollieren und die Budproduktion zu maximieren.<\/p>\n\n\n\n<div style=\"height:50px\" aria-hidden=\"true\" class=\"wp-block-spacer uag-hide-mob\"><\/div>\n\n\n\n<div class=\"wp-block-columns is-layout-flex wp-container-core-columns-is-layout-28f84493 wp-block-columns-is-layout-flex\">\n<div class=\"wp-block-column is-layout-flow wp-block-column-is-layout-flow\">\n<p class=\"has-text-align-center has-medium-font-size\"><strong>Was wir am meisten m\u00f6gen<\/strong><\/p>\n\n\n\n<ul class=\"wp-block-list\">\n<li>Gro\u00dfz\u00fcgiger Ertrag sowohl drinnen als auch drau\u00dfen.<\/li>\n\n\n\n<li>Reiches und komplexes Terpenprofil, das ein au\u00dfergew\u00f6hnliches Aroma und Geschmack bietet.<\/li>\n\n\n\n<li>Ausgewogene Effekte, die Euphorie und Entspannung kombinieren.<\/li>\n\n\n\n<li>Ideal zur Linderung von Stress, Angst und chronischen Schmerzen.<\/li>\n<\/ul>\n<\/div>\n\n\n\n<div class=\"wp-block-column is-layout-flow wp-block-column-is-layout-flow\">\n<p class=\"has-text-align-center has-medium-font-size\"><strong>Was uns weniger gef\u00e4llt<\/strong><\/p>\n\n\n\n<ul class=\"wp-block-list\">\n<li>Ben\u00f6tigt sorgf\u00e4ltige Aufmerksamkeit, um Schimmelprobleme zu vermeiden.<\/li>\n\n\n\n<li>Ist nicht der einfachste Strain f\u00fcr Anf\u00e4nger-Grower.<\/li>\n<\/ul>\n<\/div>\n<\/div>\n\n\n\n<div style=\"height:50px\" aria-hidden=\"true\" class=\"wp-block-spacer uag-hide-mob\"><\/div>\n\n\n\n<h2 class=\"wp-block-heading\">H\u00e4ufig gestellte Fragen<\/h2>\n\n\n\n<p>Grower, die an diesem genetischen Juwel interessiert sind, haben oft einige Fragen, die wir im Folgenden beantworten:<\/p>\n\n\n<div id=\"rank-math-faq\" class=\"rank-math-block\">\n<div class=\"rank-math-list \">\n<div id=\"faq-question-1663029074962\" class=\"rank-math-list-item\">\n<h3 class=\"rank-math-question \">Wann beginnt die AK 47 im Freien zu bl\u00fchen?<\/h3>\n<div class=\"rank-math-answer \">\n\n<p>In der Regel beginnen diese g\u00fcnstigen Bulk-Samen in der zweiten Julih\u00e4lfte bis Anfang August zu bl\u00fchen.<\/p>\n\n<\/div>\n<\/div>\n<div id=\"faq-question-1663029159933\" class=\"rank-math-list-item\">\n<h3 class=\"rank-math-question \">Wann sollte man eine AK 47 im Freien ernten?<\/h3>\n<div class=\"rank-math-answer \">\n\n<p>Die Bl\u00fctezeit der <strong>AK 47<\/strong> im Indoor-Anbau ist mit 8 bis 9 Wochen relativ kurz. Im Freien erfolgt die Ernte normalerweise Mitte bis Ende Oktober, abh\u00e4ngig von Standort und klimatischen Bedingungen. Dieser kurze Bl\u00fctezyklus erm\u00f6glicht es, mehrere Ernten pro Jahr im Innenbereich zu erzielen, wodurch der Ertrag des Anbauraums maximiert wird.<\/p>\n\n<\/div>\n<\/div>\n<div id=\"faq-question-1663029165861\" class=\"rank-math-list-item\">\n<h3 class=\"rank-math-question \">Wie baut man eine feminisierte AK 47 an?<\/h3>\n<div class=\"rank-math-answer \">\n\n<p>Die AK47-Bulk-Cannabissamen sind aufgrund ihrer hohen Widerstandsf\u00e4higkeit sehr einfach zu kultivieren. In Gebieten mit langen Sommern und trockenem Fr\u00fchherbst zeigt sie ihr volles Potenzial mit hohen Ertr\u00e4gen.<\/p>\n\n<\/div>\n<\/div>\n<div id=\"faq-question-1666970031268\" class=\"rank-math-list-item\">\n<h3 class=\"rank-math-question \">Welche ist die originale AK 47 Samen?<\/h3>\n<div class=\"rank-math-answer \">\n\n<p>Diese Sorte wurde durch die Samenbank Cerebral Seeds bekannt, ebenso wie Chronic und Bubblegum. Sp\u00e4ter gr\u00fcndete Simon, einer ihrer Z\u00fcchter, Serious Seeds, wo sie zu Legenden wurden.<\/p>\n\n<\/div>\n<\/div>\n<div id=\"faq-question-1720009259294\" class=\"rank-math-list-item\">\n<h3 class=\"rank-math-question \">Ist AK-47 sativa oder indica?<\/h3>\n<div class=\"rank-math-answer \">\n\n<p>Die <strong>AK 47<\/strong> ist eine \u00fcberwiegend Sativa-Sorte mit 65% Sativa und 35% Indica. Sativa-Sorten neigen dazu, energetisierende und euphorische Effekte zu bieten, ideal f\u00fcr den Tagesgebrauch und zur F\u00f6rderung von Kreativit\u00e4t und Konversation. Indicas hingegen bieten eine tiefere k\u00f6rperliche Entspannung, perfekt f\u00fcr die Nacht und zur Linderung von Stress und k\u00f6rperlichen Schmerzen. Die <strong>AK 47<\/strong> kombiniert das Beste aus beiden Welten und bietet ein perfektes Gleichgewicht zwischen zerebraler Euphorie und k\u00f6rperlicher Entspannung.<\/p>\n\n<\/div>\n<\/div>\n<div id=\"faq-question-1720009413011\" class=\"rank-math-list-item\">\n<h3 class=\"rank-math-question \">Wie viel produziert die AK-47?<\/h3>\n<div class=\"rank-math-answer \">\n\n<p>Die <strong>AK-47<\/strong> ist bekannt f\u00fcr ihre gro\u00dfz\u00fcgige Produktion. Im Innenbereich kann sie zwischen 450 und 550 Gramm pro Quadratmeter liefern. Im Freien kann jede Pflanze zwischen 800 und 900 Gramm gut geformter und harziger Buds produzieren, vorausgesetzt, sie wird unter optimalen Bedingungen angebaut.<\/p>\n\n<\/div>\n<\/div>\n<\/div>\n<\/div>\n\n","protected":false},"excerpt":{"rendered":"<p><b>AK-47<\/b> bietet dir eine Welle der Euphorie und Entspannung, perfekt um <strong>deine Stimmung zu heben und Stress abzubauen<\/strong>. Mit einem <strong>THC-Gehalt von 21%<\/strong> genie\u00dfe eine <strong>starke und ausgewogene Erfahrung<\/strong>, die deinen Tag transformiert. Mach diesen Klassiker zu deinem und entdecke eine neue Dimension des Wohlbefindens!<\/p>\n","protected":false},"featured_media":10941,"comment_status":"open","ping_status":"closed","template":"","meta":{"_acf_changed":false,"inline_featured_image":false,"_uag_custom_page_level_css":""},"product_brand":[],"product_cat":[1097,4113],"product_tag":[],"class_list":{"0":"post-9647","1":"product","2":"type-product","3":"status-publish","4":"has-post-thumbnail","6":"product_cat-feminisierte-cannabis-samen","7":"product_cat-cannabis-samen-unter-1-euro","9":"first","10":"instock","11":"sale","12":"taxable","13":"shipping-taxable","14":"purchasable","15":"product-type-simple"},"acf":[],"uagb_featured_image_src":{"full":["https:\/\/bulkgenetics.com\/wp-content\/uploads\/2022\/09\/AK-47-2.jpg",1600,1600,false],"thumbnail":["https:\/\/bulkgenetics.com\/wp-content\/uploads\/2022\/09\/AK-47-2-150x150.jpg",150,150,true],"medium":["https:\/\/bulkgenetics.com\/wp-content\/uploads\/2022\/09\/AK-47-2-300x300.jpg",300,300,true],"medium_large":["https:\/\/bulkgenetics.com\/wp-content\/uploads\/2022\/09\/AK-47-2-768x768.jpg",768,768,true],"large":["https:\/\/bulkgenetics.com\/wp-content\/uploads\/2022\/09\/AK-47-2-1024x1024.jpg",1024,1024,true],"1536x1536":["https:\/\/bulkgenetics.com\/wp-content\/uploads\/2022\/09\/AK-47-2-1536x1536.jpg",1536,1536,true],"2048x2048":["https:\/\/bulkgenetics.com\/wp-content\/uploads\/2022\/09\/AK-47-2.jpg",1600,1600,false],"commercegurus-pdp-large":["https:\/\/bulkgenetics.com\/wp-content\/uploads\/2022\/09\/AK-47-2-990x990.jpg",990,990,true],"commercegurus-plp-mobile":["https:\/\/bulkgenetics.com\/wp-content\/uploads\/2022\/09\/AK-47-2-441x441.jpg",441,441,true],"cgkit_image_swatch":["https:\/\/bulkgenetics.com\/wp-content\/uploads\/2022\/09\/AK-47-2-100x100.jpg",100,100,true],"woocommerce_thumbnail":["https:\/\/bulkgenetics.com\/wp-content\/uploads\/2022\/09\/AK-47-2-300x300.jpg",300,300,true],"woocommerce_single":["https:\/\/bulkgenetics.com\/wp-content\/uploads\/2022\/09\/AK-47-2-800x800.jpg",800,800,true],"woocommerce_gallery_thumbnail":["https:\/\/bulkgenetics.com\/wp-content\/uploads\/2022\/09\/AK-47-2-150x150.jpg",150,150,true],"dgwt-wcas-product-suggestion":["https:\/\/bulkgenetics.com\/wp-content\/uploads\/2022\/09\/AK-47-2-64x64.jpg",64,64,true]},"uagb_author_info":{"display_name":"Bruno Crespo","author_link":"https:\/\/bulkgenetics.com\/de\/author\/"},"uagb_comment_info":3,"uagb_excerpt":"AK-47 bietet dir eine Welle der Euphorie und Entspannung, perfekt um deine Stimmung zu heben und Stress abzubauen. Mit einem THC-Gehalt von 21% genie\u00dfe eine starke und ausgewogene Erfahrung, die deinen Tag transformiert. Mach diesen Klassiker zu deinem und entdecke eine neue Dimension des Wohlbefindens!","_links":{"self":[{"href":"https:\/\/bulkgenetics.com\/de\/wp-json\/wp\/v2\/product\/9647","targetHints":{"allow":["GET"]}}],"collection":[{"href":"https:\/\/bulkgenetics.com\/de\/wp-json\/wp\/v2\/product"}],"about":[{"href":"https:\/\/bulkgenetics.com\/de\/wp-json\/wp\/v2\/types\/product"}],"replies":[{"embeddable":true,"href":"https:\/\/bulkgenetics.com\/de\/wp-json\/wp\/v2\/comments?post=9647"}],"wp:featuredmedia":[{"embeddable":true,"href":"https:\/\/bulkgenetics.com\/de\/wp-json\/wp\/v2\/media\/10941"}],"wp:attachment":[{"href":"https:\/\/bulkgenetics.com\/de\/wp-json\/wp\/v2\/media?parent=9647"}],"wp:term":[{"taxonomy":"product_brand","embeddable":true,"href":"https:\/\/bulkgenetics.com\/de\/wp-json\/wp\/v2\/product_brand?post=9647"},{"taxonomy":"product_cat","embeddable":true,"href":"https:\/\/bulkgenetics.com\/de\/wp-json\/wp\/v2\/product_cat?post=9647"},{"taxonomy":"product_tag","embeddable":true,"href":"https:\/\/bulkgenetics.com\/de\/wp-json\/wp\/v2\/product_tag?post=9647"}],"curies":[{"name":"wp","href":"https:\/\/api.w.org\/{rel}","templated":true}]}}