{"id":9648,"date":"2022-09-06T04:56:25","date_gmt":"2022-09-06T02:56:25","guid":{"rendered":"https:\/\/www.bulkgenetics.com\/kritischer-bilbo\/"},"modified":"2024-10-08T01:23:49","modified_gmt":"2024-10-07T23:23:49","slug":"critical-bilbo","status":"publish","type":"product","link":"https:\/\/bulkgenetics.com\/de\/critical-bilbo\/","title":{"rendered":"Critical Bilbo"},"content":{"rendered":"\n<p><strong>Critical Bilbo<\/strong> ist ein Cannabis-Strain mit einer reichen genetischen Geschichte. Dieser Strain ist ein \u00fcberwiegend Indica-Hybrid mit 70% Indica und 30% Sativa, was ihn zur perfekten Wahl f\u00fcr diejenigen macht, die ein entspannendes und sedierendes Erlebnis suchen. Seine Urspr\u00fcnge f\u00fchren uns nach Bilbao, einer Stadt in Spanien, wo er im Jahr 2000 in einem Anbau von <strong><a href=\"https:\/\/bulkgenetics.com\/de\/critical-mass\/\">Critical Mass<\/a><\/strong> aufgrund seiner Schnelligkeit, Potenz, seines Geschmacks und seines leichten Sativa-Erscheinungsbildes hervorstach.<\/p>\n\n\n\n<p>Die Grower lieben die Samen von Critical Bilbo wegen ihrer Robustheit und einfachen Anbauweise. Diese Pflanze w\u00e4chst normalerweise mit einer soliden und widerstandsf\u00e4higen Struktur und kann im Freien H\u00f6hen von \u00fcber 2 Metern erreichen. Ihre Buds sind dicht und gro\u00df, haben eine l\u00e4ngliche trauben\u00e4hnliche Form und eine staubig gr\u00fcne Farbe, die im Kontrast zu den feinen orangenen Stempeln und einer gro\u00dfz\u00fcgigen Schicht aus bernsteinfarbenen Trichomen steht, was ihr einen beeindruckenden visuellen Reiz verleiht.<\/p>\n\n\n\n<h2 class=\"wp-block-heading\">Geschmack und Wirkung<\/h2>\n\n\n\n<p>Critical Bilbo ist bekannt f\u00fcr seinen s\u00fc\u00dfen und fruchtigen Geschmack, mit Noten von frischem Obst und einem w\u00fcrzigen, floralen Touch beim Ausatmen. Das Aroma ist ebenso bezaubernd und kombiniert erdige und florale Nuancen mit einem w\u00fcrzigen Unterton, der den Raum sofort erf\u00fcllt.<\/p>\n\n\n\n<p>Die Wirkung von Critical Bilbo ist ebenso beeindruckend wie ihr Geschmack. Mit einem THC-Gehalt, der zwischen 20% und 23% liegt, liefert dieser Strain einen initialen Rausch von Euphorie und Gl\u00fcck, der sich schnell in eine tiefe Entspannung verwandelt. Die Nutzer beschreiben, dass sie sich zun\u00e4chst gesellig und lachend f\u00fchlen, aber dieser Zustand entwickelt sich zu einer totalen Sedierung, ideal um den Tag mit einem erholsamen Schlaf zu beenden. Critical Bilbo ist besonders n\u00fctzlich zur Linderung von chronischen Schmerzen, Stress, Depressionen und Schlaflosigkeit. Der CBD-Gehalt in diesem Strain ist niedrig, was ihn besser geeignet macht f\u00fcr diejenigen, die haupts\u00e4chlich die Effekte von THC suchen.<\/p>\n\n\n\n<h3 class=\"wp-block-heading\">Terpene von Critical Bilbo<\/h3>\n\n\n\n<p>Critical Bilbo hat eine reiche Terpenzusammensetzung, die zu seinen unverwechselbaren Aromen und therapeutischen Wirkungen beitr\u00e4gt. Die Hauptterpene in diesem Strain sind:<\/p>\n\n\n\n<ul class=\"wp-block-list\">\n<li><strong>Myrcen<\/strong>: Verantwortlich f\u00fcr das erdige und moschusartige Aroma, hat dieses Terpen sedierende und entspannende Eigenschaften, was es zu einem gro\u00dfen Verb\u00fcndeten gegen Schlaflosigkeit und Stress macht.<\/li>\n\n\n\n<li><strong>Limonen<\/strong>: Verleiht dem aromatischen Profil von Critical Bilbo eine zitrische und frische Note. Dieses Terpen ist bekannt f\u00fcr seine stimmungsaufhellenden und angstl\u00f6senden Eigenschaften.<\/li>\n\n\n\n<li><strong>Caryophyllen<\/strong>: Dieses w\u00fcrzige und scharfe Terpen, das auch in schwarzem Pfeffer vorkommt, ist bekannt f\u00fcr seine entz\u00fcndungshemmenden und schmerzstillenden Eigenschaften.<\/li>\n<\/ul>\n\n\n\n<p>Die Kombination dieser Terpene macht Critical Bilbo nicht nur zu einem einzigartigen sensorischen Erlebnis, sondern verst\u00e4rkt auch seine medizinischen Effekte und bietet eine nat\u00fcrliche und effektive L\u00f6sung f\u00fcr diejenigen, die Linderung von Schmerzen, Stress und anderen Beschwerden suchen.<\/p>\n\n\n\n<h2 class=\"wp-block-heading\">Ertrag und Bl\u00fctezeit<\/h2>\n\n\n\n<p>Critical Bilbo ist ein \u00e4u\u00dferst produktiver Strain, der sowohl Anf\u00e4nger als auch erfahrene Grower zufriedenstellt. In Innenr\u00e4umen kann diese Pflanze beeindruckende Ertr\u00e4ge von bis zu 500 Gramm pro Quadratmeter liefern. Im Freien kann Critical Bilbo unter optimalen Bedingungen bis zu 1200 Gramm pro Pflanze produzieren.<\/p>\n\n\n\n<p>Die Bl\u00fctezeit in Innenr\u00e4umen ist relativ kurz und liegt zwischen 7 und 8 Wochen bis zur vollen Reife. Dies macht sie zu einer attraktiven Option f\u00fcr diejenigen, die schnelle Ernten suchen. Im Freien ist die Pflanze in der Regel Anfang Oktober erntereif und nutzt die gesamte Outdoor-Wachstumsperiode optimal aus.<\/p>\n\n\n\n<h2 class=\"wp-block-heading\">Anbau von Critical Bilbo<\/h2>\n\n\n\n<p>Critical Bilbo anzubauen ist sowohl f\u00fcr Anf\u00e4nger als auch f\u00fcr erfahrene Grower ein Kinderspiel. Das ist bei Skunk-Hybriden sehr h\u00e4ufig der Fall. Dieser Strain ist bekannt f\u00fcr seine Robustheit und einfache Handhabung, was ihn zur idealen Wahl f\u00fcr jedes Erfahrungsniveau macht. Er bevorzugt gem\u00e4\u00dfigte oder warme Klimazonen mit Temperaturen zwischen 20-27 \u00baC. Diese Pflanze zeigt eine ausgezeichnete Resistenz gegen die h\u00e4ufigsten Sch\u00e4dlinge und Krankheiten, was den Bedarf an intensiver Pflege und chemischen Behandlungen minimiert.<\/p>\n\n\n\n<div class=\"wp-block-columns is-layout-flex wp-container-core-columns-is-layout-28f84493 wp-block-columns-is-layout-flex\">\n<div class=\"wp-block-column is-layout-flow wp-block-column-is-layout-flow\">\n<p class=\"has-text-align-center has-medium-font-size\"><strong>Was uns am besten gef\u00e4llt<\/strong><\/p>\n\n\n\n<ul class=\"wp-block-list\">\n<li>Hohe Ertr\u00e4ge sowohl drinnen als auch drau\u00dfen.<\/li>\n\n\n\n<li>Schnelle Bl\u00fctezeit.<\/li>\n\n\n\n<li>S\u00fc\u00dfer und fruchtiger Geschmack mit w\u00fcrzigen Noten.<\/li>\n\n\n\n<li>Entspannende und sedierende Wirkungen, perfekt zur Stress- und Schlaflosigkeitslinderung.<\/li>\n\n\n\n<li>Hohe Resistenz gegen Sch\u00e4dlinge und Krankheiten.<\/li>\n<\/ul>\n<\/div>\n\n\n\n<div class=\"wp-block-column is-layout-flow wp-block-column-is-layout-flow\">\n<p class=\"has-text-align-center has-medium-font-size\"><strong>Was uns weniger gef\u00e4llt<\/strong><\/p>\n\n\n\n<ul class=\"wp-block-list\">\n<li>K\u00f6nnte aufgrund des Gewichts der Buds eine strukturelle Unterst\u00fctzung ben\u00f6tigen.<\/li>\n\n\n\n<li>Der CBD-Gehalt ist niedrig, daher nicht ideal f\u00fcr diejenigen, die spezifische CBD-Vorteile suchen.<\/li>\n\n\n\n<li>K\u00f6nnte zu sedierend f\u00fcr den Tageskonsum sein, wenn man produktiv bleiben m\u00f6chte.<\/li>\n<\/ul>\n<\/div>\n<\/div>\n\n\n\n<div style=\"height:50px\" aria-hidden=\"true\" class=\"wp-block-spacer uag-hide-mob\"><\/div>\n\n\n\n<h2 class=\"wp-block-heading\">H\u00e4ufig gestellte Fragen<\/h2>\n\n\n\n<p>Hier findest du Antworten auf die h\u00e4ufigsten Fragen, die Grower zu diesem Strain haben:<\/p>\n\n\n<div id=\"rank-math-faq\" class=\"rank-math-block\">\n<div class=\"rank-math-list \">\n<div id=\"faq-question-1663029074962\" class=\"rank-math-list-item\">\n<h3 class=\"rank-math-question \">Ist Critical Bilbo Sativa oder Indica?<\/h3>\n<div class=\"rank-math-answer \">\n\n<p>Critical Bilbo ist ein \u00fcberwiegend Indica-Hybrid mit 70% Indica und 30% Sativa. Indica- und Sativa-Strains haben unterschiedliche Eigenschaften: Indica neigt dazu, entspannender und sedierender zu sein, perfekt f\u00fcr den n\u00e4chtlichen Gebrauch oder zur Linderung von Schmerzen und Schlaflosigkeit, w\u00e4hrend Sativa energetisierender und stimulierender ist, ideal f\u00fcr den t\u00e4glichen Gebrauch und zur Bek\u00e4mpfung von M\u00fcdigkeit oder Depression. Critical Bilbo kombiniert das Beste aus beiden Welten, mit einer klaren Neigung zu den beruhigenden Effekten der Indica.<\/p>\n\n<\/div>\n<\/div>\n<div id=\"faq-question-1663029159933\" class=\"rank-math-list-item\">\n<h3 class=\"rank-math-question \">Wie lange dauert die Bl\u00fctezeit von Critical Bilbo?<\/h3>\n<div class=\"rank-math-answer \">\n\n<p>Critical Bilbo hat eine relativ kurze Bl\u00fctezeit. In Innenr\u00e4umen dauert es zwischen 6 bis 8 Wochen, um die volle Reife zu erreichen. Im Freien ist die Pflanze Anfang Oktober erntebereit und nutzt die Outdoor-Wachstumsperiode optimal aus.<\/p>\n\n<\/div>\n<\/div>\n<div id=\"faq-question-1663029165861\" class=\"rank-math-list-item\">\n<h3 class=\"rank-math-question \">Wie schmeckt und riecht Critical Bilbo?<\/h3>\n<div class=\"rank-math-answer \">\n\n<p>Der Geschmack von Critical Bilbo ist s\u00fc\u00df und fruchtig, mit Noten von frischem Obst und einem w\u00fcrzigen, floralen Hauch beim Ausatmen. Das Aroma kombiniert erdige und florale Nuancen mit einem w\u00fcrzigen Unterton und f\u00fcllt den Raum mit seinem bezaubernden Duft.<\/p>\n\n<\/div>\n<\/div>\n<div id=\"faq-question-1666780029954\" class=\"rank-math-list-item\">\n<h3 class=\"rank-math-question \">Welche Effekte kann ich von Critical Bilbo erwarten?<\/h3>\n<div class=\"rank-math-answer \">\n\n<p>Critical Bilbo liefert einen anf\u00e4nglichen Rausch von Euphorie und Gl\u00fcck, gefolgt von einer tiefen Entspannung. Es ist ideal zur Linderung von chronischen Schmerzen, Stress, Depression und Schlaflosigkeit. Mit einem THC-Gehalt von 20% bis 23% bietet es potente Effekte, die perfekt f\u00fcr eine ruhige Nacht sind.<\/p>\n\n<\/div>\n<\/div>\n<div id=\"faq-question-1713349304979\" class=\"rank-math-list-item\">\n<h3 class=\"rank-math-question \">Wie hoch ist der Ertrag von Critical Bilbo?<\/h3>\n<div class=\"rank-math-answer \">\n\n<p>Critical Bilbo ist ein \u00e4u\u00dferst produktiver Strain. Beim Indoor-Anbau kann er Ertr\u00e4ge von bis zu 18 Unzen pro Quadratmeter (ungef\u00e4hr 500 Gramm pro Quadratmeter) liefern. Im Freien kann er unter optimalen Bedingungen bis zu 42 Unzen pro Pflanze (etwa 1200 Gramm pro Pflanze) produzieren.<\/p>\n\n<\/div>\n<\/div>\n<\/div>\n<\/div>","protected":false},"excerpt":{"rendered":"<p><strong>Critical Bilbo<\/strong> bietet ein einzigartiges Erlebnis mit seinem <strong>s\u00fc\u00dfen und fruchtigen Geschmack<\/strong> und potenten, entspannenden Effekten. Ideal zur <strong>Linderung von Stress und Schlaflosigkeit<\/strong> zeichnet sich dieser Indica-dominante Strain durch seine schnelle Bl\u00fctezeit und hohen Ertr\u00e4ge aus. Entdecke noch heute die Magie von Critical Bilbo!<\/p>\n","protected":false},"featured_media":8523,"comment_status":"open","ping_status":"closed","template":"","meta":{"_acf_changed":false,"inline_featured_image":false,"_uag_custom_page_level_css":""},"product_brand":[],"product_cat":[1097,4113],"product_tag":[],"class_list":{"0":"post-9648","1":"product","2":"type-product","3":"status-publish","4":"has-post-thumbnail","6":"product_cat-feminisierte-cannabis-samen","7":"product_cat-cannabis-samen-unter-1-euro","9":"first","10":"instock","11":"sale","12":"taxable","13":"shipping-taxable","14":"purchasable","15":"product-type-simple"},"acf":[],"uagb_featured_image_src":{"full":["https:\/\/bulkgenetics.com\/wp-content\/uploads\/2022\/09\/critical-bilbo.jpg",679,679,false],"thumbnail":["https:\/\/bulkgenetics.com\/wp-content\/uploads\/2022\/09\/critical-bilbo-150x150.jpg",150,150,true],"medium":["https:\/\/bulkgenetics.com\/wp-content\/uploads\/2022\/09\/critical-bilbo-300x300.jpg",300,300,true],"medium_large":["https:\/\/bulkgenetics.com\/wp-content\/uploads\/2022\/09\/critical-bilbo.jpg",679,679,false],"large":["https:\/\/bulkgenetics.com\/wp-content\/uploads\/2022\/09\/critical-bilbo.jpg",679,679,false],"1536x1536":["https:\/\/bulkgenetics.com\/wp-content\/uploads\/2022\/09\/critical-bilbo.jpg",679,679,false],"2048x2048":["https:\/\/bulkgenetics.com\/wp-content\/uploads\/2022\/09\/critical-bilbo.jpg",679,679,false],"commercegurus-pdp-large":["https:\/\/bulkgenetics.com\/wp-content\/uploads\/2022\/09\/critical-bilbo.jpg",679,679,false],"commercegurus-plp-mobile":["https:\/\/bulkgenetics.com\/wp-content\/uploads\/2022\/09\/critical-bilbo.jpg",441,441,false],"cgkit_image_swatch":["https:\/\/bulkgenetics.com\/wp-content\/uploads\/2022\/09\/critical-bilbo.jpg",100,100,false],"woocommerce_thumbnail":["https:\/\/bulkgenetics.com\/wp-content\/uploads\/2022\/09\/critical-bilbo-300x300.jpg",300,300,true],"woocommerce_single":["https:\/\/bulkgenetics.com\/wp-content\/uploads\/2022\/09\/critical-bilbo.jpg",679,679,false],"woocommerce_gallery_thumbnail":["https:\/\/bulkgenetics.com\/wp-content\/uploads\/2022\/09\/critical-bilbo-150x150.jpg",150,150,true],"dgwt-wcas-product-suggestion":["https:\/\/bulkgenetics.com\/wp-content\/uploads\/2022\/09\/critical-bilbo-64x64.jpg",64,64,true]},"uagb_author_info":{"display_name":"Bruno Crespo","author_link":"https:\/\/bulkgenetics.com\/de\/author\/"},"uagb_comment_info":0,"uagb_excerpt":"Critical Bilbo bietet ein einzigartiges Erlebnis mit seinem s\u00fc\u00dfen und fruchtigen Geschmack und potenten, entspannenden Effekten. Ideal zur Linderung von Stress und Schlaflosigkeit zeichnet sich dieser Indica-dominante Strain durch seine schnelle Bl\u00fctezeit und hohen Ertr\u00e4ge aus. Entdecke noch heute die Magie von Critical Bilbo!","_links":{"self":[{"href":"https:\/\/bulkgenetics.com\/de\/wp-json\/wp\/v2\/product\/9648","targetHints":{"allow":["GET"]}}],"collection":[{"href":"https:\/\/bulkgenetics.com\/de\/wp-json\/wp\/v2\/product"}],"about":[{"href":"https:\/\/bulkgenetics.com\/de\/wp-json\/wp\/v2\/types\/product"}],"replies":[{"embeddable":true,"href":"https:\/\/bulkgenetics.com\/de\/wp-json\/wp\/v2\/comments?post=9648"}],"wp:featuredmedia":[{"embeddable":true,"href":"https:\/\/bulkgenetics.com\/de\/wp-json\/wp\/v2\/media\/8523"}],"wp:attachment":[{"href":"https:\/\/bulkgenetics.com\/de\/wp-json\/wp\/v2\/media?parent=9648"}],"wp:term":[{"taxonomy":"product_brand","embeddable":true,"href":"https:\/\/bulkgenetics.com\/de\/wp-json\/wp\/v2\/product_brand?post=9648"},{"taxonomy":"product_cat","embeddable":true,"href":"https:\/\/bulkgenetics.com\/de\/wp-json\/wp\/v2\/product_cat?post=9648"},{"taxonomy":"product_tag","embeddable":true,"href":"https:\/\/bulkgenetics.com\/de\/wp-json\/wp\/v2\/product_tag?post=9648"}],"curies":[{"name":"wp","href":"https:\/\/api.w.org\/{rel}","templated":true}]}}