{"id":9650,"date":"2022-09-27T12:34:29","date_gmt":"2022-09-27T10:34:29","guid":{"rendered":"https:\/\/www.bulkgenetics.com\/amnesie\/"},"modified":"2024-10-08T01:18:59","modified_gmt":"2024-10-07T23:18:59","slug":"amnesia","status":"publish","type":"product","link":"https:\/\/bulkgenetics.com\/de\/amnesia\/","title":{"rendered":"Amnesia"},"content":{"rendered":"\n<p>Die <strong>Amnesia<\/strong> versetzt dich in die Welt des niederl\u00e4ndischen Old School Charmes. Diese Cannabis-Strain ist ber\u00fchmt f\u00fcr ihre legend\u00e4re Herkunft, abgeleitet von der <a href=\"https:\/\/bulkgenetics.com\/de\/super-silver-haze\/\"><strong>Super Silver Haze<\/strong><\/a> von Greenhouse. Mit einer \u00fcberwiegend sativa-dominanten Genetik hat diese Pflanze in den letzten 20 Jahren zahlreiche Preise und Cups gewonnen und sich als eine der am h\u00e4ufigsten angebauten Strains in der Cannabisszene etabliert.<\/p>\n\n\n\n<p>Mit einer robusten und verzweigten Struktur ist die <strong>Amnesia<\/strong> imposant und erreicht im Freien eine H\u00f6he von bis zu 3,5 Metern. Ihre Buds sind riesig und leicht fluffig, aber kompakter als luftig. Diese Buds sind mit einer dicken Schicht Harz bedeckt, die im Licht gl\u00e4nzt und ein visuelles Spektakel in Limettengr\u00fcn bietet, verziert mit orangefarbenen Stempeln.<\/p>\n\n\n\n<h2 class=\"wp-block-heading\">Geschmack und Wirkung<\/h2>\n\n\n\n<p>Das Aroma der <strong>Amnesia<\/strong> ist eine sinnliche Erfahrung, die dich umh\u00fcllt. Beim \u00d6ffnen eines Glases wirst du von intensiven Noten von Weihrauch, Holz und einem s\u00fc\u00dfen fruchtigen Duft empfangen, der an W\u00e4lder und reife Fr\u00fcchte erinnert. Bei jedem Zug entfalten sich die Aromen in einem harmonischen Tanz, der einen anhaltenden und angenehmen Nachgeschmack hinterl\u00e4sst.<\/p>\n\n\n\n<p>Mit einem THC-Gehalt von 18% bis 20% liefert diese Strain eine energetische Euphorie, die dich hebt und mit Gl\u00fcck erf\u00fcllt. Perfekt f\u00fcr Momente, in denen du einen kreativen Schub brauchst oder einfach nur ein ansteckendes Lachen genie\u00dfen m\u00f6chtest. Dar\u00fcber hinaus sorgen ihre niedrigen CBD-Werte (weniger als 1%) daf\u00fcr, dass ihre therapeutischen Effekte sich mehr auf mentale Stimulation und leichte Entspannung konzentrieren.<\/p>\n\n\n\n<p>Die Wirkung der <strong>Amnesia<\/strong> ist so unvergesslich wie ihr Name vermuten l\u00e4sst. Sie h\u00e4lt dich lange Zeit sehr aktiv, mit einem langsamen Abklingen, das ein leicht entspannendes Gef\u00fchl bietet, ideal zur Bek\u00e4mpfung von Stress und M\u00fcdigkeit.<\/p>\n\n\n\n<h3 class=\"wp-block-heading\">Terpene der Amnesia<\/h3>\n\n\n\n<p>Die Terpene der <strong>Amnesia<\/strong> sind verantwortlich f\u00fcr ihr aromatisches Profil und ihre einzigartigen Effekte. Zu den bemerkenswertesten geh\u00f6ren:<\/p>\n\n\n\n<ul class=\"wp-block-list\">\n<li><strong>Limonen:<\/strong> Verleiht eine erfrischende Zitrusnote und ist bekannt f\u00fcr seine stimmungsaufhellenden und stressreduzierenden Eigenschaften.<\/li>\n\n\n\n<li><strong>Myrcen:<\/strong> Mit seinem erdigen Aroma hat es entspannende und entz\u00fcndungshemmende Eigenschaften, die helfen, Schmerzen und Spannungen zu lindern.<\/li>\n\n\n\n<li><strong>Beta-Caryophyllen:<\/strong> Mit seinem w\u00fcrzigen und pfeffrigen Aroma wirkt es als starkes Entz\u00fcndungshemmungsmittel und sch\u00fctzt das Verdauungssystem.<\/li>\n\n\n\n<li><strong>Alpha-Pinen:<\/strong> Bietet frische Kiefernoten und bringt Atemwegs- und mentale Wachsamkeitsvorteile.<\/li>\n\n\n\n<li><strong>Eucalyptol:<\/strong> Bietet beruhigende und erfrischende Effekte, ideal zur Entspannung.<\/li>\n<\/ul>\n\n\n\n<p>Diese Terpene verbessern nicht nur den Geschmack und das Aroma der <strong>Amnesia<\/strong>, sondern verst\u00e4rken auch ihre therapeutischen Vorteile, was diese Strain zu einer umfassenden und vielseitigen Option f\u00fcr jeden Z\u00fcchter und Konsumenten macht.<\/p>\n\n\n\n<h2 class=\"wp-block-heading\">Produktion und Bl\u00fctezeit<\/h2>\n\n\n\n<p>Die <strong>Amnesia<\/strong> ist eine Strain, die ihre Z\u00fcchter sowohl im Innen- als auch im Au\u00dfenbereich mit einer bemerkenswerten Ernte belohnt. Unter optimalen Indoor-Anbaubedingungen kann diese Pflanze zwischen <strong>500 und 600 Gramm<\/strong> pro Quadratmeter produzieren. Das macht sie zu einer ausgezeichneten Wahl f\u00fcr alle, die ihren Anbauraum maximieren m\u00f6chten.<\/p>\n\n\n\n<p>Im Freien entfaltet die <strong>Amnesia<\/strong> ihr volles Potenzial und erreicht beeindruckende Ertr\u00e4ge von bis zu <strong>1100 Gramm pro Pflanze.<\/strong> Diese au\u00dfergew\u00f6hnliche Leistung ist auf ihre Robustheit und ihre F\u00e4higkeit zur\u00fcckzuf\u00fchren, das Sonnenlicht optimal zu nutzen, sofern sie die richtige Pflege erh\u00e4lt.<\/p>\n\n\n\n<p>Was die Bl\u00fctezeit betrifft, zeigt die <strong>Amnesia<\/strong> eine bemerkenswerte Schnelligkeit. In Innenr\u00e4umen liegt ihr Bl\u00fctezyklus zwischen <strong>70 und 77 Tagen<\/strong>, was relativ schnelle Ernten f\u00fcr eine sativa-dominante Pflanze erm\u00f6glicht. Beim Anbau im Freien k\u00f6nnen Z\u00fcchter mit einer Ernte <strong>mittleren bis Ende Oktober<\/strong> rechnen, die sich in einigen F\u00e4llen bis Anfang November erstreckt.<\/p>\n\n\n\n<h2 class=\"wp-block-heading\">Wie man Amnesia anbaut<\/h2>\n\n\n\n<p>Der Anbau von <strong>Amnesia<\/strong> kann eine sehr lohnende Erfahrung sein, aber es ist wichtig zu beachten, dass sie aufgrund ihrer Sativa-Dominanz nicht die einfachste Pflanze f\u00fcr Anf\u00e4nger ist. Mit ein wenig Sorgfalt und den richtigen Techniken k\u00f6nnen jedoch beeindruckende Ergebnisse erzielt werden.<\/p>\n\n\n\n<p><strong>Anbauschwierigkeit:<\/strong> Mittel. Wir empfehlen diese Strain f\u00fcr Z\u00fcchter mit etwas Erfahrung, obwohl auch Anf\u00e4nger, die bereit sind zu lernen, erfolgreich sein k\u00f6nnen.<\/p>\n\n\n\n<p><strong>Geeignetes Klima und Anbaubedingungen:<\/strong> <strong>Amnesia<\/strong> gedeiht in warmen und sonnigen Klimazonen, \u00e4hnlich dem Mittelmeerklima. In Innenr\u00e4umen ist es wichtig, die Tagestemperaturen zwischen 20\u00b0C und 27\u00b0C zu halten, und die Nachttemperaturen sollten etwas niedriger sein. Die Pflanze bevorzugt eine relative Luftfeuchtigkeit von 55% &#8211; 60% w\u00e4hrend der vegetativen Phase, die auf etwa 40% w\u00e4hrend der Bl\u00fctephase reduziert wird.<\/p>\n\n\n\n<p><strong>Widerstandsf\u00e4higkeit gegen Sch\u00e4dlinge und Krankheiten:<\/strong> <strong>Amnesia<\/strong> ist bekannt f\u00fcr ihre nat\u00fcrliche Widerstandsf\u00e4higkeit gegen h\u00e4ufige Sch\u00e4dlinge und Krankheiten, was sie pflegeleichter macht. Dennoch empfehlen wir, ein sauberes und aufmerksames Umfeld zu pflegen, um potenzielle Probleme zu vermeiden.<\/p>\n\n\n\n<div style=\"height:50px\" aria-hidden=\"true\" class=\"wp-block-spacer uag-hide-mob\"><\/div>\n\n\n\n<div class=\"wp-block-columns is-layout-flex wp-container-core-columns-is-layout-28f84493 wp-block-columns-is-layout-flex\">\n<div class=\"wp-block-column is-layout-flow wp-block-column-is-layout-flow\">\n<p class=\"has-text-align-center has-medium-font-size\"><strong>Was wir am meisten m\u00f6gen<\/strong><\/p>\n\n\n\n<ul class=\"wp-block-list\">\n<li>Energiegeladene und euphorische Effekte.<\/li>\n\n\n\n<li>Hohe Widerstandsf\u00e4higkeit gegen Sch\u00e4dlinge und Krankheiten.<\/li>\n\n\n\n<li>Gro\u00dfz\u00fcgige Ertr\u00e4ge sowohl im Innen- als auch im Au\u00dfenbereich.<\/li>\n\n\n\n<li>Komplexes und angenehmes Geschmacksprofil.<\/li>\n<\/ul>\n<\/div>\n\n\n\n<div class=\"wp-block-column is-layout-flow wp-block-column-is-layout-flow\">\n<p class=\"has-text-align-center has-medium-font-size\"><strong>Was wir weniger m\u00f6gen<\/strong><\/p>\n\n\n\n<ul class=\"wp-block-list\">\n<li>K\u00f6nnte eine sorgf\u00e4ltige Kontrolle der Luftfeuchtigkeit erfordern.<\/li>\n\n\n\n<li>Erfordert etwas Erfahrung, um ihr volles Potenzial auszusch\u00f6pfen.<\/li>\n<\/ul>\n<\/div>\n<\/div>\n\n\n\n<div style=\"height:50px\" aria-hidden=\"true\" class=\"wp-block-spacer uag-hide-mob\"><\/div>\n\n\n\n<h2 class=\"wp-block-heading\">H\u00e4ufig gestellte Fragen<\/h2>\n\n\n\n<p>Nachfolgend beantworten wir einige der h\u00e4ufigsten Fragen, die Z\u00fcchter haben, die sich f\u00fcr den Anbau dieser gro\u00dfartigen niederl\u00e4ndischen Strain entscheiden.<\/p>\n\n\n<div id=\"rank-math-faq\" class=\"rank-math-block\">\n<div class=\"rank-math-list \">\n<div id=\"faq-question-1663029074962\" class=\"rank-math-list-item\">\n<h3 class=\"rank-math-question \">Wann beginnt Amnesia im Freien zu bl\u00fchen?<\/h3>\n<div class=\"rank-math-answer \">\n\n<p>Die Bl\u00fctezeit von <strong>Amnesia<\/strong> beginnt zwischen Mitte Juli und Anfang August. Je nach Breitengrad kann es einige Tage Unterschied geben, was bei allen Strains \u00fcblich ist.<\/p>\n\n<\/div>\n<\/div>\n<div id=\"faq-question-1663029159933\" class=\"rank-math-list-item\">\n<h3 class=\"rank-math-question \">Wann sollte man eine Amnesia im Freien ernten?<\/h3>\n<div class=\"rank-math-answer \">\n\n<p>Diese Strain hat eine mittellange bis lange Bl\u00fctezeit, typisch f\u00fcr Haze-Hybriden. Die Ernte erfolgt ab Mitte Oktober, daher ist sie nicht f\u00fcr Gebiete geeignet, in denen der Herbstbeginn regnerisch ist.<\/p>\n\n<\/div>\n<\/div>\n<div id=\"faq-question-1663029165861\" class=\"rank-math-list-item\">\n<h3 class=\"rank-math-question \">Wie baut man eine feminisierte Amnesia an?<\/h3>\n<div class=\"rank-math-answer \">\n\n<p><strong>Amnesia<\/strong> ist keine sehr anspruchsvolle Strain und vertr\u00e4gt gut die Fehler unerfahrener Z\u00fcchter. Wenn gen\u00fcgend Platz vorhanden ist, w\u00e4chst sie zu einer gro\u00dfen Pflanze heran. In R\u00e4umen mit begrenzter H\u00f6he ist es ratsam, etwas Beschneidung oder Astf\u00fchrung durchzuf\u00fchren, um ihr Wachstum zu kontrollieren.<\/p>\n\n<\/div>\n<\/div>\n<div id=\"faq-question-1666780029954\" class=\"rank-math-list-item\">\n<h3 class=\"rank-math-question \">Was sind die Merkmale von Amnesia in Bulk?<\/h3>\n<div class=\"rank-math-answer \">\n\n<p>Bei Bulk Seeds bieten wir bew\u00e4hrte Qualit\u00e4ts-Samen an. Amnesia ist eine der vollst\u00e4ndigsten Sativas, die es gibt. Sie ist widerstandsf\u00e4hig, leicht anzubauen, sehr produktiv und potent. Alles, was sich jeder Z\u00fcchter w\u00fcnscht.<\/p>\n\n<\/div>\n<\/div>\n<div id=\"faq-question-1720004034839\" class=\"rank-math-list-item\">\n<h3 class=\"rank-math-question \">Ist Amnesia sativa oder indica?<\/h3>\n<div class=\"rank-math-answer \">\n\n<p><strong>Amnesia<\/strong> ist eine \u00fcberwiegend sativa-dominierte Strain. Sativa-Pflanzen sind meist hoch und schlank, mit schmaleren Bl\u00e4ttern und bieten energiegeladene und zerebrale Effekte. Im Gegensatz dazu sind Indicas kleiner und robuster, mit breiteren Bl\u00e4ttern, und ihre Effekte tendieren zu mehr Entspannung und K\u00f6rperwirkung. <strong>Amnesia<\/strong> kombiniert das Beste aus beiden Welten und bietet eine kr\u00e4ftige Wachstumsstruktur und stimulierende Effekte, die dich aktiv und kreativ halten.<\/p>\n\n<\/div>\n<\/div>\n<\/div>\n<\/div>","protected":false},"excerpt":{"rendered":"<p><b>Amnesia<\/b> ist eine legend\u00e4re Strain, ber\u00fchmt f\u00fcr ihre <strong>starke zerebrale Wirkung<\/strong> und ihren k\u00f6stlichen <strong>Geschmack nach tropischen Fr\u00fcchten und Weihrauch<\/strong>. Mit einem THC-Gehalt von 18%-20% und einer gro\u00dfz\u00fcgigen Produktion ist sie perfekt f\u00fcr Z\u00fcchter, die <strong>Qualit\u00e4t und Ertrag<\/strong> suchen. Entdecke, warum sie der Favorit vieler ist und transformiere deinen Anbau!<\/p>\n","protected":false},"featured_media":8998,"comment_status":"open","ping_status":"closed","template":"","meta":{"_acf_changed":false,"inline_featured_image":false,"_uag_custom_page_level_css":""},"product_brand":[],"product_cat":[1097,4113],"product_tag":[],"class_list":{"0":"post-9650","1":"product","2":"type-product","3":"status-publish","4":"has-post-thumbnail","6":"product_cat-feminisierte-cannabis-samen","7":"product_cat-cannabis-samen-unter-1-euro","9":"first","10":"instock","11":"sale","12":"taxable","13":"shipping-taxable","14":"purchasable","15":"product-type-simple"},"acf":[],"uagb_featured_image_src":{"full":["https:\/\/bulkgenetics.com\/wp-content\/uploads\/2022\/09\/Amnesia.jpg",1600,1600,false],"thumbnail":["https:\/\/bulkgenetics.com\/wp-content\/uploads\/2022\/09\/Amnesia-150x150.jpg",150,150,true],"medium":["https:\/\/bulkgenetics.com\/wp-content\/uploads\/2022\/09\/Amnesia-300x300.jpg",300,300,true],"medium_large":["https:\/\/bulkgenetics.com\/wp-content\/uploads\/2022\/09\/Amnesia-768x768.jpg",768,768,true],"large":["https:\/\/bulkgenetics.com\/wp-content\/uploads\/2022\/09\/Amnesia-1024x1024.jpg",1024,1024,true],"1536x1536":["https:\/\/bulkgenetics.com\/wp-content\/uploads\/2022\/09\/Amnesia-1536x1536.jpg",1536,1536,true],"2048x2048":["https:\/\/bulkgenetics.com\/wp-content\/uploads\/2022\/09\/Amnesia.jpg",1600,1600,false],"commercegurus-pdp-large":["https:\/\/bulkgenetics.com\/wp-content\/uploads\/2022\/09\/Amnesia-990x990.jpg",990,990,true],"commercegurus-plp-mobile":["https:\/\/bulkgenetics.com\/wp-content\/uploads\/2022\/09\/Amnesia-441x441.jpg",441,441,true],"cgkit_image_swatch":["https:\/\/bulkgenetics.com\/wp-content\/uploads\/2022\/09\/Amnesia-100x100.jpg",100,100,true],"woocommerce_thumbnail":["https:\/\/bulkgenetics.com\/wp-content\/uploads\/2022\/09\/Amnesia-300x300.jpg",300,300,true],"woocommerce_single":["https:\/\/bulkgenetics.com\/wp-content\/uploads\/2022\/09\/Amnesia-800x800.jpg",800,800,true],"woocommerce_gallery_thumbnail":["https:\/\/bulkgenetics.com\/wp-content\/uploads\/2022\/09\/Amnesia-150x150.jpg",150,150,true],"dgwt-wcas-product-suggestion":["https:\/\/bulkgenetics.com\/wp-content\/uploads\/2022\/09\/Amnesia-64x64.jpg",64,64,true]},"uagb_author_info":{"display_name":"Bruno Crespo","author_link":"https:\/\/bulkgenetics.com\/de\/author\/"},"uagb_comment_info":0,"uagb_excerpt":"Amnesia ist eine legend\u00e4re Strain, ber\u00fchmt f\u00fcr ihre starke zerebrale Wirkung und ihren k\u00f6stlichen Geschmack nach tropischen Fr\u00fcchten und Weihrauch. Mit einem THC-Gehalt von 18%-20% und einer gro\u00dfz\u00fcgigen Produktion ist sie perfekt f\u00fcr Z\u00fcchter, die Qualit\u00e4t und Ertrag suchen. Entdecke, warum sie der Favorit vieler ist und transformiere deinen Anbau!","_links":{"self":[{"href":"https:\/\/bulkgenetics.com\/de\/wp-json\/wp\/v2\/product\/9650","targetHints":{"allow":["GET"]}}],"collection":[{"href":"https:\/\/bulkgenetics.com\/de\/wp-json\/wp\/v2\/product"}],"about":[{"href":"https:\/\/bulkgenetics.com\/de\/wp-json\/wp\/v2\/types\/product"}],"replies":[{"embeddable":true,"href":"https:\/\/bulkgenetics.com\/de\/wp-json\/wp\/v2\/comments?post=9650"}],"wp:featuredmedia":[{"embeddable":true,"href":"https:\/\/bulkgenetics.com\/de\/wp-json\/wp\/v2\/media\/8998"}],"wp:attachment":[{"href":"https:\/\/bulkgenetics.com\/de\/wp-json\/wp\/v2\/media?parent=9650"}],"wp:term":[{"taxonomy":"product_brand","embeddable":true,"href":"https:\/\/bulkgenetics.com\/de\/wp-json\/wp\/v2\/product_brand?post=9650"},{"taxonomy":"product_cat","embeddable":true,"href":"https:\/\/bulkgenetics.com\/de\/wp-json\/wp\/v2\/product_cat?post=9650"},{"taxonomy":"product_tag","embeddable":true,"href":"https:\/\/bulkgenetics.com\/de\/wp-json\/wp\/v2\/product_tag?post=9650"}],"curies":[{"name":"wp","href":"https:\/\/api.w.org\/{rel}","templated":true}]}}