{"id":9651,"date":"2022-09-27T13:50:28","date_gmt":"2022-09-27T11:50:28","guid":{"rendered":"https:\/\/www.bulkgenetics.com\/amnesie-schnelle-version\/"},"modified":"2024-10-08T01:18:59","modified_gmt":"2024-10-07T23:18:59","slug":"amnesia-fast-version","status":"publish","type":"product","link":"https:\/\/bulkgenetics.com\/de\/amnesia-fast-version\/","title":{"rendered":"Amnesia Fast Version"},"content":{"rendered":"\n<p>Hier pr\u00e4sentieren wir dir die <strong>Amnesia Fast Version<\/strong>, das schnelle Juwel der legend\u00e4ren niederl\u00e4ndischen <strong><a href=\"https:\/\/bulkgenetics.com\/de\/amnesia\/\">Amnesia<\/a><\/strong>. Dieser Strain, der aus der Auswahl von <strong><a href=\"https:\/\/bulkgenetics.com\/de\/super-silver-haze\/\">Super Silver Haze<\/a><\/strong> und einer autoflowering Sorte kreiert wurde, bewahrt die gesamte Magie seines Vorg\u00e4ngers mit einem Hauch von Geschwindigkeit. Wenn du ein Fan von potenten und schnell bl\u00fchenden Sativas bist, ist dies die beste Wahl f\u00fcr dich.<\/p>\n\n\n\n<p>Die <strong>Amnesia Fast Version<\/strong> ist die photoperiodische Version der Amnesia, die alle lieben, aber mit einer k\u00fcrzeren Bl\u00fctezeit. Dieses Wunder hat Preise gewonnen und gilt als einer der besten Haze-Hybriden der Geschichte. Mit ihrer dominant sativalastigen Genetik, die Einfl\u00fcsse von <strong>Haze, Skunk und Northern Light #5<\/strong> enth\u00e4lt, sprechen wir von einer Pflanze mit Champion-Pedigree.<\/p>\n\n\n\n<p>Optisch ist die <strong>Amnesia Fast Version<\/strong> ein Spektakel. Indoor w\u00e4chst sie nicht so kr\u00e4ftig und unkontrolliert wie ihre gro\u00dfe Schwester, was die Handhabung erleichtert. Sie bleibt jedoch ein stark entwickelter Sativa-Hybrid, ideal f\u00fcr Schnitt- und Trainingstechniken, die ihr horizontales Wachstum f\u00f6rdern.<\/p>\n\n\n\n<p>Ihre Buds sind gro\u00df, dicht und bedeckt mit einer dicken Schicht Harz, die unter Licht wie Kristalle glitzert. Das limettengr\u00fcne Bl\u00fctenkleid, verziert mit orangefarbenen Pistillen, schafft einen spektakul\u00e4ren visuellen Kontrast. Au\u00dferdem sind die Buds sehr geruchsintensiv, was f\u00fcr Diskretion beachtet werden sollte.<\/p>\n\n\n\n<h2 class=\"wp-block-heading\">Geschmack und Wirkung<\/h2>\n\n\n\n<p>Die <strong>Amnesia Fast Version<\/strong> ist nicht nur optisch beeindruckend, sondern bietet auch ein unvergessliches sensorisches Erlebnis. Beim \u00d6ffnen eines Glases ihrer Buds wirst du von einem intensiven, berauschenden Aroma empfangen. Zitrusnoten mischen sich mit tropischen Fr\u00fcchten wie Mango, edlen H\u00f6lzern und Kiefer, was an W\u00e4lder und reife Fr\u00fcchte erinnert.<\/p>\n\n\n\n<p>Beim Konsum entfaltet sich ihr Geschmack in einer harmonischen Tanz. Von den ersten Z\u00fcgen an sp\u00fcrst du die Frische der Zitrusnoten kombiniert mit einem s\u00fc\u00dfen, holzigen Hintergrund. Es ist ein sanftes und angenehmes Erlebnis, das einen anhaltenden Nachgeschmack hinterl\u00e4sst, perfekt f\u00fcr Liebhaber komplexer und raffinierter Aromen.<\/p>\n\n\n\n<p>Was die Wirkung betrifft, ist die <strong>Amnesia Fast Version<\/strong> beeindruckend. Mit einem THC-Gehalt von <strong>15% bis 20%<\/strong> bietet dieser Strain einen sehr psychoaktiven und zerebralen Start, der dich alles vergessen l\u00e4sst. Ideal f\u00fcr Momente, in denen du einen kreativen Schub brauchst oder einfach nur eine ansteckende Lache genie\u00dfen m\u00f6chtest. Darauf folgt ein langsames Abklingen mit einem entspannenden Ende, dank der genetischen Einfl\u00fcsse von <strong>Northern Light #5<\/strong>. Ihr niedriger CBD-Gehalt von <strong>unter 1%<\/strong> garantiert ein intensives und langanhaltendes Erlebnis.<\/p>\n\n\n\n<h3 class=\"wp-block-heading\">Terpene der Amnesia Fast Version<\/h3>\n\n\n\n<p>Die Terpene der <strong>Amnesia Fast Version<\/strong> sind verantwortlich f\u00fcr ihr aromatisches Profil und ihre einzigartigen Effekte. Zu den bemerkenswertesten geh\u00f6ren:<\/p>\n\n\n\n<ul class=\"wp-block-list\">\n<li><strong>Limonen<\/strong>: Verleiht eine erfrischende Zitrusnote und ist bekannt f\u00fcr seine stimmungshebenden und stressabbauenden Eigenschaften.<\/li>\n\n\n\n<li><strong>Myrcen<\/strong>: Mit seinem erdigen Aroma hat es entspannende und entz\u00fcndungshemmende Eigenschaften, die helfen, Schmerzen und Spannungen zu lindern.<\/li>\n\n\n\n<li><strong>Beta-Caryophyllen<\/strong>: Bietet ein w\u00fcrziges, pfeffriges Aroma und wirkt als starkes entz\u00fcndungshemmendes und verdauungssch\u00fctzendes Mittel.<\/li>\n\n\n\n<li><strong>Alpha-Pinen<\/strong> und <strong>Beta-Pinen<\/strong>: Verleihen frische Kiefernoten und haben Atem- sowie geistige Wachsamkeitsvorteile.<\/li>\n\n\n\n<li><strong>Humulen<\/strong> und <strong>Eukalyptol<\/strong>: Erg\u00e4nzen das Profil und bieten beruhigende und erfrischende Effekte.<\/li>\n<\/ul>\n\n\n\n<p>Diese Terpene tragen nicht nur zum au\u00dfergew\u00f6hnlichen Aroma und Geschmack der <strong>Amnesia Fast Version<\/strong> bei, sondern verst\u00e4rken auch ihre Wirkung, was diesen Strain zu einem umfassenden und vielseitigen Erlebnis f\u00fcr den Freizeit- sowie therapeutischen Gebrauch macht.<\/p>\n\n\n\n<h2 class=\"wp-block-heading\">Ertrag und Bl\u00fctezeit<\/h2>\n\n\n\n<p>Die <strong>Amnesia Fast Version<\/strong> ist eine Pflanze, die ihre Grower sowohl indoor als auch outdoor mit reichlichen Ernten belohnt. Unter optimalen Indoor-Bedingungen kann dieser Strain zwischen <strong>450 und 550 Gramm pro Quadratmeter<\/strong> produzieren. Dank ihrer schnellen Bl\u00fctezeit, die zwischen <strong>55 und 60 Tagen<\/strong> variiert, kannst du dich auf eine relativ schnelle Ernte f\u00fcr eine sativadominante Sorte freuen.<\/p>\n\n\n\n<p>Outdoor zeigt die <strong>Amnesia Fast Version<\/strong> ihr volles Potenzial und erreicht beeindruckende Ertr\u00e4ge von <strong>700 bis 900 Gramm pro Pflanze<\/strong>. Diese Sorte ist ideal f\u00fcr Regionen mit kurzen Sommern, da sie zwischen <strong>Ende September und Anfang Oktober<\/strong> geerntet wird, etwa 7-10 Tage fr\u00fcher als das Original-Amnesia. Wenn du sie Anfang des Fr\u00fchlings keimen l\u00e4sst, wird es nicht schwer sein, Pflanzen zu erhalten, die weit \u00fcber zwei Meter hoch werden.<\/p>\n\n\n\n<p>Ihre schnelle Bl\u00fctezeit und ihre Anpassungsf\u00e4higkeit an verschiedene Klimazonen machen die <strong>Amnesia Fast Version<\/strong> zu einer ausgezeichneten Wahl f\u00fcr Grower aller Erfahrungsstufen und gew\u00e4hrleisten eine erfolgreiche und qualitativ hochwertige Ernte in kurzer Zeit.<\/p>\n\n\n\n<h2 class=\"wp-block-heading\">Wie man Amnesia Fast Version anbaut<\/h2>\n\n\n\n<p>Die <strong>Amnesia Fast Version<\/strong> ist ein leicht anzubauender Strain, ideal sowohl f\u00fcr Anf\u00e4nger als auch f\u00fcr erfahrene Grower. Ihr Schwierigkeitsgrad ist moderat, was sie f\u00fcr alle zug\u00e4nglich macht, die bereit sind, den Anbauprozess zu lernen und zu genie\u00dfen. Sie gedeiht am besten in warmen und sonnigen Klimazonen, \u00e4hnlich dem Mittelmeerklima, passt sich aber auch gut an kontrollierte Innenumgebungen an.<\/p>\n\n\n\n<p>F\u00fcr die besten Ergebnisse empfehlen wir, die Tagestemperaturen zwischen 20\u00b0C und 27\u00b0C zu halten, mit leicht niedrigeren Nachttemperaturen. Die <strong>Amnesia Fast Version<\/strong> bevorzugt relative Luftfeuchtigkeitswerte von 55% &#8211; 60% w\u00e4hrend der vegetativen Phase, die w\u00e4hrend der Bl\u00fctephase auf etwa 40% reduziert werden sollten. Es ist wichtig, eine saubere und aufmerksame Umgebung zu erhalten, um Sch\u00e4dlinge und Krankheiten zu vermeiden, obwohl diese Sorte f\u00fcr ihre nat\u00fcrliche Resistenz bekannt ist.<\/p>\n\n\n\n<p>Die <strong>Amnesia Fast Version<\/strong> ist widerstandsf\u00e4hig gegen g\u00e4ngige Sch\u00e4dlinge und Krankheiten wie Schimmel und Pilze, was die Handhabung erleichtert und eine gesunde Ernte sichert. Trotzdem ist es immer ratsam, aufmerksam zu sein und vorbeugende Ma\u00dfnahmen zu ergreifen, wie die Verwendung von hochwertigen Substraten und regelm\u00e4\u00dfigen, organischen Pr\u00e4ventionsbehandlungen.<\/p>\n\n\n\n<div style=\"height:50px\" aria-hidden=\"true\" class=\"wp-block-spacer uag-hide-mob\"><\/div>\n\n\n\n<div class=\"wp-block-columns is-layout-flex wp-container-core-columns-is-layout-28f84493 wp-block-columns-is-layout-flex\">\n<div class=\"wp-block-column is-layout-flow wp-block-column-is-layout-flow\">\n<p class=\"has-text-align-center has-medium-font-size\"><strong>Was wir am meisten m\u00f6gen<\/strong><\/p>\n\n\n\n<ul class=\"wp-block-list\">\n<li>Sehr schnelle Bl\u00fctezeit.<\/li>\n\n\n\n<li>Leicht zu kultivieren.<\/li>\n\n\n\n<li>Hoher Ertrag.<\/li>\n\n\n\n<li>K\u00f6stlicher Geschmack.<\/li>\n\n\n\n<li>Hohe Potenz.<\/li>\n\n\n\n<li>Resistenz gegen Sch\u00e4dlinge und Krankheiten.<\/li>\n<\/ul>\n<\/div>\n\n\n\n<div class=\"wp-block-column is-layout-flow wp-block-column-is-layout-flow\">\n<p class=\"has-text-align-center has-medium-font-size\"><strong>Was wir am wenigsten m\u00f6gen<\/strong><\/p>\n\n\n\n<ul class=\"wp-block-list\">\n<li>Starker Wuchs indoor, erfordert Beschneidung.<\/li>\n\n\n\n<li>Sehr geruchsintensiv w\u00e4hrend der Bl\u00fcte, was die Diskretion beeintr\u00e4chtigen kann.<\/li>\n<\/ul>\n<\/div>\n<\/div>\n\n\n\n<div style=\"height:50px\" aria-hidden=\"true\" class=\"wp-block-spacer uag-hide-mob\"><\/div>\n\n\n\n<h2 class=\"wp-block-heading\">H\u00e4ufig gestellte Fragen<\/h2>\n\n\n\n<p>Nachfolgend beantworten wir einige der h\u00e4ufigsten Fragen, die sich Grower zu diesem Strain stellen.<\/p>\n\n\n<div id=\"rank-math-faq\" class=\"rank-math-block\">\n<div class=\"rank-math-list \">\n<div id=\"faq-question-1663029074962\" class=\"rank-math-list-item\">\n<h3 class=\"rank-math-question \">Wann beginnt die Amnesia Fast Version im Freien zu bl\u00fchen?<\/h3>\n<div class=\"rank-math-answer \">\n\n<p>Generell beginnt die Bl\u00fcte der <strong>Amnesia Fast Version<\/strong> im Freien zwischen dem 15. Juli und dem 1. August, je nach Anbaugebiet. Dies erm\u00f6glicht eine fr\u00fchere Ernte, ideal f\u00fcr Klimazonen mit kurzen Sommern.<\/p>\n\n<\/div>\n<\/div>\n<div id=\"faq-question-1663029159933\" class=\"rank-math-list-item\">\n<h3 class=\"rank-math-question \">Wann sollte man eine Amnesia Fast Version im Freien ernten?<\/h3>\n<div class=\"rank-math-answer \">\n\n<p>Der Erntetermin f\u00fcr die <strong>Amnesia Fast Version<\/strong> im Freien liegt zwischen Ende September und Anfang Oktober, etwa 7-10 Tage fr\u00fcher als die urspr\u00fcngliche Amnesia-Sorte. Dies stellt sicher, dass die Pflanze vor den Herbstregen reift.<\/p>\n\n<\/div>\n<\/div>\n<div id=\"faq-question-1663029165861\" class=\"rank-math-list-item\">\n<h3 class=\"rank-math-question \">Wie baut man eine feminisierte Amnesia Fast Version an?<\/h3>\n<div class=\"rank-math-answer \">\n\n<p>Unsere feminisierten Samen der <strong>Amnesia Fast Version<\/strong> sind sehr leicht anzubauen. Diese widerstandsf\u00e4hige und kr\u00e4ftig wachsende Sorte bevorzugt mediterrane Klimazonen, gedeiht aber auch hervorragend an anderen Orten. Sie ist ideal f\u00fcr Grower aller Erfahrungsstufen, von Anf\u00e4ngern bis zu Experten.<\/p>\n\n<\/div>\n<\/div>\n<div id=\"faq-question-1666780029954\" class=\"rank-math-list-item\">\n<h3 class=\"rank-math-question \">Welche Eigenschaften hat die Amnesia Fast Version in gro\u00dfen Mengen?<\/h3>\n<div class=\"rank-math-answer \">\n\n<p>Diese Sorte ist ideal f\u00fcr Grower, die aufgrund ihres Klimas keine Sativa mit mittlerer\/langer Bl\u00fctezeit anbauen k\u00f6nnen. Diese Pflanze ist sehr vielseitig, mit hohem Ertrag, hervorragendem Geschmack und gro\u00dfer Potenz \u2013 zweifellos eine sichere Wahl.<\/p>\n\n<\/div>\n<\/div>\n<div id=\"faq-question-1720013785808\" class=\"rank-math-list-item\">\n<h3 class=\"rank-math-question \">Ist die Amnesia Fast Version Sativa oder Indica?<\/h3>\n<div class=\"rank-math-answer \">\n\n<p>Die <strong>Amnesia Fast Version<\/strong> ist \u00fcberwiegend Sativa. Sativa-Pflanzen wie diese sind bekannt f\u00fcr ihr hohes, schlankes Wachstum, d\u00fcnnere Bl\u00e4tter und eine stimulierende, zerebrale Wirkung. Im Gegensatz dazu neigen Indica-Pflanzen dazu, kompakter und dichter zu sein, mit breiteren Bl\u00e4ttern und entspannenderen, k\u00f6rperlichen Effekten. Die Amnesia Fast Version kombiniert das Beste aus beiden Welten und bietet ein kr\u00e4ftiges Wachstum und starke, energetisierende Effekte bei schneller und gut handhabbarer Bl\u00fcte.<\/p>\n\n<\/div>\n<\/div>\n<\/div>\n<\/div>","protected":false},"excerpt":{"rendered":"<p>Entdecke die <b>Amnesia Fast Version<\/b>, die schnell bl\u00fchende Sativa, die <strong>Potenz, einfache Anbauweise und unwiderstehliche Zitrusaromen<\/strong> kombiniert. Perfekt f\u00fcr Grower aller Erfahrungsstufen, bietet sie reichliche Ernten und eine <strong>psychoaktive Wirkung, die dich hebt<\/strong>. Ideal f\u00fcr Klimazonen mit kurzen Sommern.<\/p>\n","protected":false},"featured_media":9003,"comment_status":"open","ping_status":"closed","template":"","meta":{"_acf_changed":false,"inline_featured_image":false,"_uag_custom_page_level_css":""},"product_brand":[],"product_cat":[3569],"product_tag":[],"class_list":{"0":"post-9651","1":"product","2":"type-product","3":"status-publish","4":"has-post-thumbnail","6":"product_cat-fast-version-seeds","8":"first","9":"instock","10":"taxable","11":"shipping-taxable","12":"purchasable","13":"product-type-simple"},"acf":[],"uagb_featured_image_src":{"full":["https:\/\/bulkgenetics.com\/wp-content\/uploads\/2022\/09\/Amnesia-Fast.jpg",1600,1600,false],"thumbnail":["https:\/\/bulkgenetics.com\/wp-content\/uploads\/2022\/09\/Amnesia-Fast-150x150.jpg",150,150,true],"medium":["https:\/\/bulkgenetics.com\/wp-content\/uploads\/2022\/09\/Amnesia-Fast-300x300.jpg",300,300,true],"medium_large":["https:\/\/bulkgenetics.com\/wp-content\/uploads\/2022\/09\/Amnesia-Fast-768x768.jpg",768,768,true],"large":["https:\/\/bulkgenetics.com\/wp-content\/uploads\/2022\/09\/Amnesia-Fast-1024x1024.jpg",1024,1024,true],"1536x1536":["https:\/\/bulkgenetics.com\/wp-content\/uploads\/2022\/09\/Amnesia-Fast-1536x1536.jpg",1536,1536,true],"2048x2048":["https:\/\/bulkgenetics.com\/wp-content\/uploads\/2022\/09\/Amnesia-Fast.jpg",1600,1600,false],"commercegurus-pdp-large":["https:\/\/bulkgenetics.com\/wp-content\/uploads\/2022\/09\/Amnesia-Fast-990x990.jpg",990,990,true],"commercegurus-plp-mobile":["https:\/\/bulkgenetics.com\/wp-content\/uploads\/2022\/09\/Amnesia-Fast-441x441.jpg",441,441,true],"cgkit_image_swatch":["https:\/\/bulkgenetics.com\/wp-content\/uploads\/2022\/09\/Amnesia-Fast-100x100.jpg",100,100,true],"woocommerce_thumbnail":["https:\/\/bulkgenetics.com\/wp-content\/uploads\/2022\/09\/Amnesia-Fast-300x300.jpg",300,300,true],"woocommerce_single":["https:\/\/bulkgenetics.com\/wp-content\/uploads\/2022\/09\/Amnesia-Fast-800x800.jpg",800,800,true],"woocommerce_gallery_thumbnail":["https:\/\/bulkgenetics.com\/wp-content\/uploads\/2022\/09\/Amnesia-Fast-150x150.jpg",150,150,true],"dgwt-wcas-product-suggestion":["https:\/\/bulkgenetics.com\/wp-content\/uploads\/2022\/09\/Amnesia-Fast-64x64.jpg",64,64,true]},"uagb_author_info":{"display_name":"Bruno Crespo","author_link":"https:\/\/bulkgenetics.com\/de\/author\/"},"uagb_comment_info":0,"uagb_excerpt":"Entdecke die Amnesia Fast Version, die schnell bl\u00fchende Sativa, die Potenz, einfache Anbauweise und unwiderstehliche Zitrusaromen kombiniert. Perfekt f\u00fcr Grower aller Erfahrungsstufen, bietet sie reichliche Ernten und eine psychoaktive Wirkung, die dich hebt. Ideal f\u00fcr Klimazonen mit kurzen Sommern.","_links":{"self":[{"href":"https:\/\/bulkgenetics.com\/de\/wp-json\/wp\/v2\/product\/9651","targetHints":{"allow":["GET"]}}],"collection":[{"href":"https:\/\/bulkgenetics.com\/de\/wp-json\/wp\/v2\/product"}],"about":[{"href":"https:\/\/bulkgenetics.com\/de\/wp-json\/wp\/v2\/types\/product"}],"replies":[{"embeddable":true,"href":"https:\/\/bulkgenetics.com\/de\/wp-json\/wp\/v2\/comments?post=9651"}],"wp:featuredmedia":[{"embeddable":true,"href":"https:\/\/bulkgenetics.com\/de\/wp-json\/wp\/v2\/media\/9003"}],"wp:attachment":[{"href":"https:\/\/bulkgenetics.com\/de\/wp-json\/wp\/v2\/media?parent=9651"}],"wp:term":[{"taxonomy":"product_brand","embeddable":true,"href":"https:\/\/bulkgenetics.com\/de\/wp-json\/wp\/v2\/product_brand?post=9651"},{"taxonomy":"product_cat","embeddable":true,"href":"https:\/\/bulkgenetics.com\/de\/wp-json\/wp\/v2\/product_cat?post=9651"},{"taxonomy":"product_tag","embeddable":true,"href":"https:\/\/bulkgenetics.com\/de\/wp-json\/wp\/v2\/product_tag?post=9651"}],"curies":[{"name":"wp","href":"https:\/\/api.w.org\/{rel}","templated":true}]}}