{"id":9704,"date":"2022-09-13T13:49:34","date_gmt":"2022-09-13T11:49:34","guid":{"rendered":"https:\/\/www.bulkgenetics.com\/ak-47-schnelle-version\/"},"modified":"2024-10-08T01:19:02","modified_gmt":"2024-10-07T23:19:02","slug":"ak-47-fast-version","status":"publish","type":"product","link":"https:\/\/bulkgenetics.com\/de\/ak-47-fast-version\/","title":{"rendered":"AK 47 Fast Version"},"content":{"rendered":"\n<p><strong>AK 47 Fast Version<\/strong> ist ein Strain, der von der legend\u00e4ren <strong><a href=\"https:\/\/bulkgenetics.com\/de\/ak-47\/\">AK 47<\/a><\/strong> abstammt und sich einen Platz im Cannabis-Olymp verdient hat. Dieser Strain, eine sativa-dominierte Perle (65% Sativa und 35% Indica), ist das Ergebnis einer explosiven genetischen Mischung aus kolumbianischen, mexikanischen, thail\u00e4ndischen und afghanischen Sorten.<\/p>\n\n\n\n<p>Ihr Name mag einsch\u00fcchternd wirken, aber ihre Effekte und Qualit\u00e4t sind eine wahre Freude f\u00fcr Z\u00fcchter und Konsumenten. Die <strong>AK 47 Fast Version<\/strong> \u00fcberzeugt nicht nur durch ihre schnelle Bl\u00fctezeit, sondern auch durch ihre kompakte Struktur und ihren gro\u00dfz\u00fcgigen Ertrag.<\/p>\n\n\n\n<p>Ihre Buds sind ein wahres Spektakel: leuchtend mintgr\u00fcn, geschm\u00fcckt mit orangefarbenen Stempeln und bedeckt mit bernsteinfarbenen Trichomen, die ihr ein fast frostiges Aussehen verleihen. Diese dichten und harzigen Buds sind ein klares Indiz f\u00fcr ihren hohen Cannabinoidgehalt, der eine potente und befriedigende Erfahrung garantiert. Dar\u00fcber hinaus macht ihre robuste Struktur und Anpassungsf\u00e4higkeit sie ideal f\u00fcr den Anbau sowohl im Innen- als auch im Au\u00dfenbereich.<\/p>\n\n\n\n<h2 class=\"wp-block-heading\">Geschmack und Effekte<\/h2>\n\n\n\n<p>Das Aroma der <strong>AK 47 Fast Version<\/strong> ist eine Symphonie, die die Sinne weckt. Wenn man sich ihren Buds n\u00e4hert, bemerkt man eine Mischung aus erdigen, blumigen und holzigen Noten mit einem scharfen Touch, der nicht unbemerkt bleibt. Beim Probieren entfaltet sich ihr Geschmack in Schichten: ein erdiger und holziger Anfang, der in blumige und s\u00fc\u00dfe Nuancen \u00fcbergeht und in einem leicht w\u00fcrzigen Nachgeschmack gipfelt, der auf dem Gaumen verweilt.<\/p>\n\n\n\n<p>Die Effekte der <strong>AK 47 Fast Version<\/strong> sind kraftvoll, aber ausgewogen. Von Anfang an wirst du eine Welle der Euphorie erleben, die die Stimmung hebt und den Geist f\u00fcr Kreativit\u00e4t und Gespr\u00e4che \u00f6ffnet. Dieses Gl\u00fccksgef\u00fchl wird durch eine sanfte k\u00f6rperliche Entspannung erg\u00e4nzt, die Stress abbaut, ohne Schwere zu induzieren. Mit einem THC-Gehalt von 19% bis 22% und CBD-Werten um die 2% ist dieser Strain ideal zur Bek\u00e4mpfung von Angstzust\u00e4nden, Stress, Depressionen und chronischen Schmerzen. Zu den therapeutischen Effekten geh\u00f6ren auch die Linderung von Schlaflosigkeit und die Anregung des Appetits.<\/p>\n\n\n\n<h3 class=\"wp-block-heading\">Terpene der AK 47 Fast Version<\/h3>\n\n\n\n<p>Die <strong>AK 47 Fast Version<\/strong> besitzt eine reiche Mischung an Terpenen, die sowohl zu ihrem unverwechselbaren Aroma als auch zu ihren therapeutischen Effekten beitragen. Das <strong>Beta-Caryophyllen<\/strong> verleiht ihr eine w\u00fcrzige Note und hat entz\u00fcndungshemmende und schmerzlindernde Eigenschaften. Das <strong>Delta-3-Caren<\/strong> f\u00fcgt ein erdiges Aroma hinzu und wirkt ebenfalls entz\u00fcndungshemmend.<\/p>\n\n\n\n<p>Das <strong>Myrzen<\/strong>, das in diesem Strain reichlich vorhanden ist, bringt ein krautiges und erdiges Aroma und ist f\u00fcr seine beruhigenden und entspannenden Effekte bekannt. Zus\u00e4tzlich sorgt die Pr\u00e4senz von <strong>Limonen<\/strong> und <strong>Ocimen<\/strong> f\u00fcr zitrusartige und blumige Noten, die zur Stimmungsaufhellung und Stressreduzierung beitragen.<\/p>\n\n\n\n<p>Diese Terpene bereichern nicht nur die sensorische Erfahrung der <strong>AK 47 Fast Version<\/strong>, sondern verst\u00e4rken auch ihre therapeutischen Vorteile und bieten eine nat\u00fcrliche und ausgewogene L\u00f6sung f\u00fcr diejenigen, die nach Linderung und Wohlbefinden suchen.<\/p>\n\n\n\n<h2 class=\"wp-block-heading\">Ertrag und Bl\u00fctezeit<\/h2>\n\n\n\n<p>Die <strong>AK 47 Fast Version<\/strong> belohnt Z\u00fcchter mit einem gro\u00dfz\u00fcgigen und hochwertigen Ertrag, sowohl im Innen- als auch im Au\u00dfenbereich. In Innenr\u00e4umen kann dieser Strain zwischen 400 und 500 Gramm pro Quadratmeter liefern. Ihre kompakte und dichte Struktur macht sie ideal f\u00fcr begrenzte R\u00e4ume und erm\u00f6glicht eine effiziente Kultivierungsverwaltung.<\/p>\n\n\n\n<p>Beim Anbau im Freien bleibt die <strong>AK 47 Fast Version<\/strong> nicht zur\u00fcck. Unter optimalen Bedingungen kann jede Pflanze bis zu 600-800 Gramm dicke und harzige Buds produzieren. Diese Produktion ist dank ihrer starken Genetik und ihrer Anpassungsf\u00e4higkeit an verschiedene Klimazonen m\u00f6glich.<\/p>\n\n\n\n<p>In Bezug auf die Bl\u00fctezeit ist die <strong>AK 47 Fast Version<\/strong> relativ schnell. In Innenr\u00e4umen dauert die Bl\u00fctezeit zwischen 7 und 8 Wochen, was es den Z\u00fcchtern erm\u00f6glicht, mehrere Ernten pro Jahr einzufahren und den Ertrag ihrer Anbaufl\u00e4chen zu maximieren.<\/p>\n\n\n\n<p>F\u00fcr Z\u00fcchter im Freien liegt die Erntezeit der <strong>AK 47 Fast Version<\/strong> normalerweise Mitte bis Ende September, abh\u00e4ngig von Standort und klimatischen Bedingungen. Dieser Strain ist f\u00fcr seine Widerstandsf\u00e4higkeit bekannt, aber wie alle Cannabispflanzen gedeiht sie am besten unter optimalen Pflegebedingungen, einschlie\u00dflich guter Luftzirkulation und Schutz vor \u00fcberm\u00e4\u00dfiger Feuchtigkeit, um Schimmelprobleme zu vermeiden.<\/p>\n\n\n\n<h2 class=\"wp-block-heading\">Wie Man AK 47 Fast Version Anbaut<\/h2>\n\n\n\n<p>Die <strong>AK 47 Fast Version<\/strong> ist ein Strain, der gro\u00dfe Belohnungen bieten kann, aber Aufmerksamkeit und Pflege erfordert, um ihr volles Potenzial zu erreichen. Wir betrachten das Anbaulevel als mittel. Obwohl sie nicht die einfachste f\u00fcr Anf\u00e4nger ist, werden diejenigen mit etwas Erfahrung feststellen, dass sich ihr Aufwand mit reichlichen und hochwertigen Ernten auszahlt.<\/p>\n\n\n\n<p>Um die besten Ergebnisse zu erzielen, ben\u00f6tigt die <strong>AK 47 Fast Version<\/strong> ein gem\u00e4\u00dfigtes bis warmes Klima, mit idealen Temperaturen zwischen 21 und 24 Grad Celsius. Dieser Strain gedeiht sowohl drinnen als auch drau\u00dfen, aber es ist entscheidend, eine gute Luftzirkulation zu gew\u00e4hrleisten, um Feuchtigkeits- und Schimmelprobleme zu vermeiden. Die relative Luftfeuchtigkeit sollte w\u00e4hrend der vegetativen Phase im Bereich von 65-70% gehalten werden und w\u00e4hrend der Bl\u00fctephase auf 30-40% reduziert werden.<\/p>\n\n\n\n<p>In Bezug auf Sch\u00e4dlings- und Krankheitsresistenz ist die <strong>AK 47 Fast Version<\/strong> ziemlich robust, obwohl es immer empfehlenswert ist, wachsam zu sein und vorbeugende Ma\u00dfnahmen zu ergreifen. Der Einsatz von Luftfiltern und eine gute Bel\u00fcftung k\u00f6nnen helfen, h\u00e4ufige Probleme wie Milben und Schimmel in Schach zu halten.<\/p>\n\n\n\n<div style=\"height:50px\" aria-hidden=\"true\" class=\"wp-block-spacer uag-hide-mob\"><\/div>\n\n\n\n<div class=\"wp-block-columns is-layout-flex wp-container-core-columns-is-layout-28f84493 wp-block-columns-is-layout-flex\">\n<div class=\"wp-block-column is-layout-flow wp-block-column-is-layout-flow\">\n<p class=\"has-text-align-center has-medium-font-size\"><strong>Was uns am besten gef\u00e4llt<\/strong><\/p>\n\n\n\n<ul class=\"wp-block-list\">\n<li>Gro\u00dfz\u00fcgige Produktion sowohl drinnen als auch drau\u00dfen.<\/li>\n\n\n\n<li>Reiches und komplexes Terpenprofil, das ein au\u00dfergew\u00f6hnliches Aroma und Geschmack bietet.<\/li>\n\n\n\n<li>Ausgewogene Effekte, die Euphorie und Entspannung kombinieren.<\/li>\n\n\n\n<li>Ideal zur Linderung von Stress, Angst und chronischen Schmerzen.<\/li>\n<\/ul>\n<\/div>\n\n\n\n<div class=\"wp-block-column is-layout-flow wp-block-column-is-layout-flow\">\n<p class=\"has-text-align-center has-medium-font-size\"><strong>Was uns weniger gef\u00e4llt<\/strong><\/p>\n\n\n\n<ul class=\"wp-block-list\">\n<li>Ben\u00f6tigt sorgf\u00e4ltige Aufmerksamkeit, um Schimmelprobleme zu vermeiden.<\/li>\n\n\n\n<li>Kein einfacher Strain f\u00fcr Anf\u00e4nger.<\/li>\n<\/ul>\n<\/div>\n<\/div>\n\n\n\n<div style=\"height:50px\" aria-hidden=\"true\" class=\"wp-block-spacer uag-hide-mob\"><\/div>\n\n\n\n<h2 class=\"wp-block-heading\">H\u00e4ufig gestellte Fragen<\/h2>\n\n\n\n<p>Z\u00fcchter, die sich entscheiden, AK 47 Fast Version Samen zu kaufen, stellen oft einige Fragen zum Anbau. Im Folgenden beantworten wir die h\u00e4ufigsten:<\/p>\n\n\n<div id=\"rank-math-faq\" class=\"rank-math-block\">\n<div class=\"rank-math-list \">\n<div id=\"faq-question-1663029074962\" class=\"rank-math-list-item\">\n<h3 class=\"rank-math-question \">Wann beginnt AK 47 Fast Version im Freien zu bl\u00fchen?<\/h3>\n<div class=\"rank-math-answer \">\n\n<p>Im Freien und in Spanien beginnt die Bl\u00fctezeit zwischen Mitte Juli und Anfang August.<\/p>\n\n<\/div>\n<\/div>\n<div id=\"faq-question-1663029159933\" class=\"rank-math-list-item\">\n<h3 class=\"rank-math-question \">Wann schneidet man eine AK 47 Fast Version im Freien und in Innenr\u00e4umen?<\/h3>\n<div class=\"rank-math-answer \">\n\n<p>Die <strong>AK 47 Fast Version<\/strong> hat eine relativ kurze Bl\u00fctezeit. In Innenr\u00e4umen dauert die Bl\u00fctezeit zwischen 7 und 8 Wochen. F\u00fcr Outdoor-Z\u00fcchter liegt die Erntezeit normalerweise Mitte bis Ende September, abh\u00e4ngig von Standort und klimatischen Bedingungen.<\/p>\n\n<\/div>\n<\/div>\n<div id=\"faq-question-1663029165861\" class=\"rank-math-list-item\">\n<h3 class=\"rank-math-question \">Wie baut man eine feminisierte AK 47 Fast Version in gro\u00dfen Mengen an?<\/h3>\n<div class=\"rank-math-answer \">\n\n<p>Der Anbau stellt keine besondere Herausforderung dar, selbst wenn es sich um Innenr\u00e4ume handelt. Es ist eine einfach zu kultivierende Pflanze, die zudem sehr resistent gegen Sch\u00e4dlinge und Pilze ist.<\/p>\n\n<\/div>\n<\/div>\n<div id=\"faq-question-1663069898416\" class=\"rank-math-list-item\">\n<h3 class=\"rank-math-question \"><strong>Was sind die Eigenschaften der AK 47 Fast Version in gro\u00dfen Mengen?&lt;\/stronge<\/h3>\n<div class=\"rank-math-answer \">\n\n<p>Unsere Samen in gro\u00dfen Mengen werden dich \u00fcberraschen, und das nicht nur wegen ihres Preises. Diese schnell bl\u00fchende AK47 wird jeden Liebhaber von hochwertigem Gras begeistern.<\/p>\n\n<\/div>\n<\/div>\n<div id=\"faq-question-1719831072014\" class=\"rank-math-list-item\">\n<h3 class=\"rank-math-question \">Ist AK 47 Fast Version Sativa oder Indica?<\/h3>\n<div class=\"rank-math-answer \">\n\n<p>Die <strong>AK 47 Fast Version<\/strong> ist ein sativa-dominanter Strain, mit 65% Sativa und 35% Indica. Sativa-Strains liefern normalerweise einen energetischen und geistigen Effekt, ideal f\u00fcr den t\u00e4glichen Gebrauch, w\u00e4hrend Indica-Strains eine tiefere k\u00f6rperliche Entspannung bieten, perfekt f\u00fcr den n\u00e4chtlichen Gebrauch und zur Linderung von Stress und Schmerzen. Die <strong>AK 47 Fast Version<\/strong> kombiniert das Beste aus beiden Welten und bietet eine mentale Euphorie begleitet von einer sanften k\u00f6rperlichen Entspannung.<\/p>\n\n<\/div>\n<\/div>\n<\/div>\n<\/div>","protected":false},"excerpt":{"rendered":"<p><strong>AK 47 Fast Version<\/strong> bietet eine explosive Kombination aus<strong> Euphorie und Entspannung<\/strong> mit einer schnellen Bl\u00fctezeit. Mit einem hohen <strong>THC-Gehalt (19-22%)<\/strong> und einem gro\u00dfz\u00fcgigen Ertrag ist dieser sativa-dominante Strain ideal f\u00fcr Z\u00fcchter, die<strong> Qualit\u00e4t und Quantit\u00e4t<\/strong> suchen. Ver\u00e4ndere dein Anbauerlebnis mit AK 47 Fast Version!<\/p>\n","protected":false},"featured_media":8993,"comment_status":"open","ping_status":"closed","template":"","meta":{"_acf_changed":false,"inline_featured_image":false,"_uag_custom_page_level_css":""},"product_brand":[],"product_cat":[3569],"product_tag":[],"class_list":{"0":"post-9704","1":"product","2":"type-product","3":"status-publish","4":"has-post-thumbnail","6":"product_cat-fast-version-seeds","8":"first","9":"instock","10":"taxable","11":"shipping-taxable","12":"purchasable","13":"product-type-simple"},"acf":[],"uagb_featured_image_src":{"full":["https:\/\/bulkgenetics.com\/wp-content\/uploads\/2022\/09\/ak-47-fast-version.jpg",1600,1600,false],"thumbnail":["https:\/\/bulkgenetics.com\/wp-content\/uploads\/2022\/09\/ak-47-fast-version-150x150.jpg",150,150,true],"medium":["https:\/\/bulkgenetics.com\/wp-content\/uploads\/2022\/09\/ak-47-fast-version-300x300.jpg",300,300,true],"medium_large":["https:\/\/bulkgenetics.com\/wp-content\/uploads\/2022\/09\/ak-47-fast-version-768x768.jpg",768,768,true],"large":["https:\/\/bulkgenetics.com\/wp-content\/uploads\/2022\/09\/ak-47-fast-version-1024x1024.jpg",1024,1024,true],"1536x1536":["https:\/\/bulkgenetics.com\/wp-content\/uploads\/2022\/09\/ak-47-fast-version-1536x1536.jpg",1536,1536,true],"2048x2048":["https:\/\/bulkgenetics.com\/wp-content\/uploads\/2022\/09\/ak-47-fast-version.jpg",1600,1600,false],"commercegurus-pdp-large":["https:\/\/bulkgenetics.com\/wp-content\/uploads\/2022\/09\/ak-47-fast-version-990x990.jpg",990,990,true],"commercegurus-plp-mobile":["https:\/\/bulkgenetics.com\/wp-content\/uploads\/2022\/09\/ak-47-fast-version-441x441.jpg",441,441,true],"cgkit_image_swatch":["https:\/\/bulkgenetics.com\/wp-content\/uploads\/2022\/09\/ak-47-fast-version-100x100.jpg",100,100,true],"woocommerce_thumbnail":["https:\/\/bulkgenetics.com\/wp-content\/uploads\/2022\/09\/ak-47-fast-version-300x300.jpg",300,300,true],"woocommerce_single":["https:\/\/bulkgenetics.com\/wp-content\/uploads\/2022\/09\/ak-47-fast-version-800x800.jpg",800,800,true],"woocommerce_gallery_thumbnail":["https:\/\/bulkgenetics.com\/wp-content\/uploads\/2022\/09\/ak-47-fast-version-150x150.jpg",150,150,true],"dgwt-wcas-product-suggestion":["https:\/\/bulkgenetics.com\/wp-content\/uploads\/2022\/09\/ak-47-fast-version-64x64.jpg",64,64,true]},"uagb_author_info":{"display_name":"Bruno Crespo","author_link":"https:\/\/bulkgenetics.com\/de\/author\/"},"uagb_comment_info":0,"uagb_excerpt":"AK 47 Fast Version bietet eine explosive Kombination aus Euphorie und Entspannung mit einer schnellen Bl\u00fctezeit. Mit einem hohen THC-Gehalt (19-22%) und einem gro\u00dfz\u00fcgigen Ertrag ist dieser sativa-dominante Strain ideal f\u00fcr Z\u00fcchter, die Qualit\u00e4t und Quantit\u00e4t suchen. Ver\u00e4ndere dein Anbauerlebnis mit AK 47 Fast Version!","_links":{"self":[{"href":"https:\/\/bulkgenetics.com\/de\/wp-json\/wp\/v2\/product\/9704","targetHints":{"allow":["GET"]}}],"collection":[{"href":"https:\/\/bulkgenetics.com\/de\/wp-json\/wp\/v2\/product"}],"about":[{"href":"https:\/\/bulkgenetics.com\/de\/wp-json\/wp\/v2\/types\/product"}],"replies":[{"embeddable":true,"href":"https:\/\/bulkgenetics.com\/de\/wp-json\/wp\/v2\/comments?post=9704"}],"wp:featuredmedia":[{"embeddable":true,"href":"https:\/\/bulkgenetics.com\/de\/wp-json\/wp\/v2\/media\/8993"}],"wp:attachment":[{"href":"https:\/\/bulkgenetics.com\/de\/wp-json\/wp\/v2\/media?parent=9704"}],"wp:term":[{"taxonomy":"product_brand","embeddable":true,"href":"https:\/\/bulkgenetics.com\/de\/wp-json\/wp\/v2\/product_brand?post=9704"},{"taxonomy":"product_cat","embeddable":true,"href":"https:\/\/bulkgenetics.com\/de\/wp-json\/wp\/v2\/product_cat?post=9704"},{"taxonomy":"product_tag","embeddable":true,"href":"https:\/\/bulkgenetics.com\/de\/wp-json\/wp\/v2\/product_tag?post=9704"}],"curies":[{"name":"wp","href":"https:\/\/api.w.org\/{rel}","templated":true}]}}