{"id":9721,"date":"2022-09-14T17:01:28","date_gmt":"2022-09-14T15:01:28","guid":{"rendered":"https:\/\/www.bulkgenetics.com\/kaese\/"},"modified":"2026-03-31T12:55:29","modified_gmt":"2026-03-31T10:55:29","slug":"cheese","status":"publish","type":"product","link":"https:\/\/bulkgenetics.com\/de\/cheese\/","title":{"rendered":"Cheese"},"content":{"rendered":"\n<p>Die <strong>Cheese<\/strong> ist eine legend\u00e4re Cannabis-Strain, die weithin bekannt ist f\u00fcr ihr starkes K\u00e4searoma und ihren kr\u00e4ftigen Geschmack. Ihre Geschichte f\u00fchrt ins Vereinigte K\u00f6nigreich zur\u00fcck, wo sie vom <strong>Exodus<\/strong>-Kollektiv aus einer Auswahl von <strong><a href=\"https:\/\/bulkgenetics.com\/de\/skunk-1\/\">Skunk #1<\/a><\/strong> von Sensi Seeds entdeckt wurde. Dieser Hybrid, mit einer leichten Indica-Dominanz, wurde in den 70er Jahren entwickelt und verwendet Genetiken aus <strong>Afghanistan, Mexiko und Kolumbien.<\/strong><\/p>\n\n\n\n<p>Die <strong>Cheese<\/strong> ist eine robuste und leicht anzubauende Pflanze, ideal f\u00fcr sowohl Anf\u00e4nger als auch erfahrene Grower. Ihre feminisierten Samen garantieren Pflanzen mit homogenen Eigenschaften und stets gleichbleibender Qualit\u00e4t. Diese Strain ist widerstandsf\u00e4hig und verzeiht Fehler, was sie perfekt f\u00fcr diejenigen macht, die neu in der Cannabiszucht sind.<\/p>\n\n\n\n<p>Im Freien kann sie beeindruckende H\u00f6hen von 2 bis 2,5 Metern erreichen, mit einer typischen Indica-Pyramidenstruktur, kurzen Internodien und dunkelgr\u00fcnen Bl\u00e4ttern. Die Buds der <strong>Cheese<\/strong> sind gro\u00df, hart und sehr klebrig, mit etwas dunkleren T\u00f6nen als andere Skunks. Bei genauer Betrachtung kann man ihre lebhaften, orange-braunen Bl\u00fctenstempel erkennen, die von einer Schicht Trichome bedeckt sind, die ihnen ein fast glitzerndes Aussehen verleihen, als w\u00e4ren sie mit Zucker best\u00e4ubt.<\/p>\n\n\n\n<h2 class=\"wp-block-heading\">Geschmack und Wirkung<\/h2>\n\n\n\n<p>Beim Anz\u00fcnden eines Buds der <strong>Cheese<\/strong> entfaltet sich eine Geschmacksexplosion in deinem Mund. Ihr Geschmack nach gereiftem K\u00e4se, fast wie Cheetos, ist unverwechselbar und einpr\u00e4gsam. Au\u00dferdem lassen sich w\u00fcrzige, zitronige und holzige Noten erkennen, die das Erlebnis bereichern. Das Aroma ist ebenso stark und markant, erf\u00fcllt den Raum mit einem durchdringenden, erdigen Duft, der an gereiften Blauschimmelk\u00e4se erinnert.<\/p>\n\n\n\n<p>Die Effekte der <strong>Cheese<\/strong> sind genauso ausgewogen wie angenehm. Mit einem THC-Gehalt zwischen <strong>17% und 20%<\/strong> und einem niedrigen CBD-Gehalt von etwa <strong>2%<\/strong> bietet diese Strain einen High, der das Beste aus beiden Welten vereint: die Euphorie und geistige Klarheit einer Sativa mit der tiefen Entspannung einer Indica. Beim Konsum wirst du eine Welle des Gl\u00fccks sp\u00fcren, die deinen Geist von Ablenkungen befreit und dich optimistisch und motiviert hinterl\u00e4sst. Mit fortschreitender Wirkung wandelt sie sich in eine totale Entspannung, die dich je nach Dosis an das Sofa fesseln kann.<\/p>\n\n\n\n<h3 class=\"wp-block-heading\">Terpene der Cheese<\/h3>\n\n\n\n<p>Die Terpene in der <strong>Cheese<\/strong> definieren nicht nur ihr Aromaprofil und ihren Geschmack, sondern spielen auch eine entscheidende Rolle bei ihren Effekten und therapeutischen Vorteilen.<\/p>\n\n\n\n<p><strong>Myrcene<\/strong>: Dieses Terpen, mit seinem erdigen und nelkenartigen Aroma, ist bekannt f\u00fcr seine beruhigenden und entspannenden Effekte, die helfen, Stress und Angst zu reduzieren.<\/p>\n\n\n\n<p><strong>Beta-Caryophyllene<\/strong>: Verleiht dem Profil der <strong>Cheese<\/strong> eine w\u00fcrzige und erdige Note. Dieses Terpen hat starke entz\u00fcndungshemmende und schmerzstillende Eigenschaften, ideal zur Linderung chronischer Schmerzen.<\/p>\n\n\n\n<p><strong>Alpha-Pinene<\/strong>: Mit seinem frischen Pinienaroma ist dieses Terpen bekannt f\u00fcr seine bronchienerweiternden Effekte und seine F\u00e4higkeit, das Ged\u00e4chtnis und die Konzentration zu verbessern.<\/p>\n\n\n\n<p><strong>Limonene<\/strong>: Mit einem erfrischenden Zitrusaroma hebt Limonene die Stimmung und reduziert Stress, was ein allgemeines Wohlgef\u00fchl vermittelt.<\/p>\n\n\n\n<p><strong>Linalool<\/strong>: Dieses Terpen, mit seinem Lavendelduft, ist ber\u00fchmt f\u00fcr seine beruhigenden und sedativen Eigenschaften, die helfen, Angst zu reduzieren und einen erholsamen Schlaf zu f\u00f6rdern.<\/p>\n\n\n\n<p>Die einzigartige Kombination dieser Terpene in der <strong>Cheese<\/strong> definiert nicht nur ihren unverwechselbaren Geschmack und ihr Aroma, sondern verst\u00e4rkt auch ihre therapeutischen Effekte, und bietet ein umfassendes Erlebnis, das \u00fcber den einfachen Konsum von Cannabis hinausgeht.<\/p>\n\n\n\n<h2 class=\"wp-block-heading\">Ertrag und Bl\u00fctezeit<\/h2>\n\n\n\n<p>Die <strong>Cheese<\/strong> ist eine Strain, die sowohl im Innen- als auch im Au\u00dfenanbau durch ihren gro\u00dfz\u00fcgigen Ertrag und ihre schnelle Bl\u00fctezeit besticht.<\/p>\n\n\n\n<p>Im <strong>Innenbereich<\/strong> passt sich diese Strain an jede Anbaumethode an. Wenn du dich f\u00fcr die SOG-Methode (Sea of Green) entscheidest, produziert sie aus Stecklingen dicke und leicht zu trimmende Buds. Beim SCROG (Screen of Green) deckt sie gro\u00dfe Anbaufl\u00e4chen in wenigen Wochen ab. Wenn die Pflanzen bei einer H\u00f6he von etwa 30-40 cm in die Bl\u00fctephase versetzt werden, enden sie bei etwa 70-80 cm. Ab der Umstellung der Photoperiode auf die Bl\u00fcte dauert es etwa <strong>50-60 Tage<\/strong> bis zur Ernte. Mit einer empfohlenen Beleuchtung von 300-350W LED kannst du Ertr\u00e4ge von <strong>500-550 Gramm pro m\u00b2<\/strong> erwarten.<\/p>\n\n\n\n<p>Im <strong>Au\u00dfenbereich<\/strong> k\u00f6nnen die gr\u00f6\u00dferen Pflanzen, die Anfang des Fr\u00fchjahrs gekeimt wurden und unter g\u00fcnstigen klimatischen Bedingungen wachsen, eine H\u00f6he von <strong>2-2,5 Metern<\/strong> erreichen. Die Bl\u00fctezeit beginnt normalerweise zwischen Ende Juli und Anfang August, und die Ernte erfolgt in der ersten Oktoberh\u00e4lfte. Im Freien kannst du Ertr\u00e4ge von bis zu <strong>einem Kilo pro Pflanze<\/strong> erwarten.<\/p>\n\n\n\n<p>Die <strong>Cheese<\/strong> ist nicht nur f\u00fcr ihr schnelles Wachstum bekannt, sondern auch f\u00fcr die Qualit\u00e4t ihrer Buds. Sie sind hart, gro\u00df und sehr klebrig, Eigenschaften, die eine reiche und hochwertige Ernte garantieren, sowohl f\u00fcr Anf\u00e4nger als auch f\u00fcr erfahrene Grower. Ob in einem sorgf\u00e4ltig kontrollierten Innenanbau oder in einem gut gepflegten Au\u00dfenbereich, die <strong>Cheese<\/strong> verspricht den Growern reiche und zufriedenstellende Ernten.<\/p>\n\n\n\n<h2 class=\"wp-block-heading\">Wie Man Cheese Anbaut<\/h2>\n\n\n\n<p>Die <strong>Cheese<\/strong> ist eine Strain, die wir sowohl Anf\u00e4ngern als auch Experten empfehlen, dank ihrer einfachen Anbaueigenschaften und ihrer Anpassungsf\u00e4higkeit.<\/p>\n\n\n\n<p><strong>Anbauschwierigkeit:<\/strong> Das Anbauen der <strong>Cheese<\/strong> ist relativ einfach. Diese Pflanze ist nachsichtig und verzeiht kleinere Fehler, was sie perfekt f\u00fcr diejenigen macht, die neu in der Cannabiszucht sind. Ihre robuste Genetik garantiert, dass sie auch bei grundlegender Pflege gut gedeiht.<\/p>\n\n\n\n<p><strong>Klima und geeignete Anbaubedingungen:<\/strong> <strong>Cheese<\/strong> gedeiht in gem\u00e4\u00dfigten und sonnigen Klimazonen. Sie bevorzugt Temperaturen zwischen 21 und 26 Grad Celsius. In Innenr\u00e4umen ist es wichtig, eine gute Bel\u00fcftung und eine konstante Kontrolle der Luftfeuchtigkeit zu gew\u00e4hrleisten, um Probleme mit Schimmel und Pilzen zu vermeiden. Diese Strain passt sich perfekt an Anbautechniken wie SOG (Sea of Green) oder SCROG (Screen of Green) an, wodurch ihr Ertrag maximiert wird.<\/p>\n\n\n\n<p><strong>Resistenz gegen Sch\u00e4dlinge und Krankheiten:<\/strong> Einer der gro\u00dfen Vorteile der <strong>Cheese<\/strong> ist ihre bemerkenswerte Resistenz gegen Sch\u00e4dlinge und Krankheiten. Ihre starken \u00c4ste und Bl\u00e4tter sch\u00fctzen sie vor vielen der \u00fcblichen Probleme, mit denen andere Strains konfrontiert sind. Dennoch empfehlen wir immer, auf das Auftreten von Milben und Blattl\u00e4usen zu achten, regelm\u00e4\u00dfige Inspektionen durchzuf\u00fchren und bei Bedarf pr\u00e4ventive Behandlungen anzuwenden.<\/p>\n\n\n\n<div style=\"height:50px\" aria-hidden=\"true\" class=\"wp-block-spacer uag-hide-mob\"><\/div>\n\n\n\n<div class=\"wp-block-columns is-layout-flex wp-container-core-columns-is-layout-28f84493 wp-block-columns-is-layout-flex\">\n<div class=\"wp-block-column is-layout-flow wp-block-column-is-layout-flow\">\n<p class=\"has-text-align-center has-medium-font-size\"><strong>Was wir am meisten m\u00f6gen<\/strong><\/p>\n\n\n\n<ul class=\"wp-block-list\">\n<li>Einfach anzubauen, ideal f\u00fcr Anf\u00e4nger.<\/li>\n\n\n\n<li>Hohe Resistenz gegen Sch\u00e4dlinge und Krankheiten.<\/li>\n\n\n\n<li>Reiche Ernten sowohl im Innen- als auch im Au\u00dfenbereich.<\/li>\n\n\n\n<li>Einzigartiges und unverwechselbares Aroma und Geschmack.<\/li>\n\n\n\n<li>Ausgewogene und lang anhaltende Effekte.<\/li>\n<\/ul>\n<\/div>\n\n\n\n<div class=\"wp-block-column is-layout-flow wp-block-column-is-layout-flow\">\n<p class=\"has-text-align-center has-medium-font-size\"><strong>Was wir am wenigsten m\u00f6gen<\/strong><\/p>\n\n\n\n<ul class=\"wp-block-list\">\n<li>Der starke Geruch kann f\u00fcr diejenigen, die Diskretion suchen, eine Herausforderung sein.<\/li>\n\n\n\n<li>Erfordert eine gute Bel\u00fcftungssteuerung im Innenanbau.<\/li>\n<\/ul>\n<\/div>\n<\/div>\n\n\n\n<div style=\"height:50px\" aria-hidden=\"true\" class=\"wp-block-spacer uag-hide-mob\"><\/div>\n\n\n\n<h2 class=\"wp-block-heading\">H\u00e4ufig Gestellte Fragen<\/h2>\n\n\n\n<p>Nachfolgend beantworten wir einige der h\u00e4ufigsten Fragen, die Grower zu dieser Strain haben.<\/p>\n\n\n<div id=\"rank-math-faq\" class=\"rank-math-block\">\n<div class=\"rank-math-list \">\n<div id=\"faq-question-1663029074962\" class=\"rank-math-list-item\">\n<h3 class=\"rank-math-question \">Wann beginnt die Cheese im Freien zu bl\u00fchen?<\/h3>\n<div class=\"rank-math-answer \">\n\n<p>Die Bl\u00fcte der <strong>Cheese<\/strong>-Samen im Freien beginnt in der Regel zwischen Ende Juli und Anfang August, abh\u00e4ngig von der geografischen Breite und den klimatischen Bedingungen.<\/p>\n\n<\/div>\n<\/div>\n<div id=\"faq-question-1663029159933\" class=\"rank-math-list-item\">\n<h3 class=\"rank-math-question \">Wann sollte man eine Cheese im Freien ernten?<\/h3>\n<div class=\"rank-math-answer \">\n\n<p>Die <strong>Cheese<\/strong> ist eine Strain mit einer relativ kurzen Bl\u00fctezeit, die in den ersten zwei Oktoberwochen geerntet wird. Dies garantiert eine gute Produktion, bevor die k\u00e4lteren Temperaturen eintreffen.<\/p>\n\n<\/div>\n<\/div>\n<div id=\"faq-question-1663029165861\" class=\"rank-math-list-item\">\n<h3 class=\"rank-math-question \">Wie baut man eine feminisierte Cheese an?<\/h3>\n<div class=\"rank-math-answer \">\n\n<p>Sie ist eine der einfachsten und widerstandsf\u00e4higsten Strains zum Anbauen. Gib ihr ein gutes Substrat, Sonne, Wasser und hochwertige D\u00fcngemittel, um erstklassige Ernten zu erzielen.<\/p>\n\n<\/div>\n<\/div>\n<div id=\"faq-question-1663227754932\" class=\"rank-math-list-item\">\n<h3 class=\"rank-math-question \">Welche Effekte hat die Cheese in gro\u00dfen Mengen?<\/h3>\n<div class=\"rank-math-answer \">\n\n<p>Die <strong>Cheese<\/strong>-Cannabissamen haben sehr ausgewogene Effekte. Sie bieten eine perfekte Mischung aus psychoaktiven und entspannenden Wirkungen und sorgen f\u00fcr ein angenehmes Erlebnis sowohl k\u00f6rperlich als auch geistig.<\/p>\n\n<\/div>\n<\/div>\n<div id=\"faq-question-1719910081017\" class=\"rank-math-list-item\">\n<h3 class=\"rank-math-question \">Ist die Cheese eine Sativa oder Indica?<\/h3>\n<div class=\"rank-math-answer \">\n\n<p>Die <strong>Cheese<\/strong> ist eine hybride Strain mit einer leichten Indica-Dominanz. Das bedeutet, dass sie das Beste aus beiden Welten kombiniert: die tiefe Entspannung und den k\u00f6rperlichen Effekt einer Indica mit der Euphorie und geistigen Klarheit einer Sativa. Sativa-Strains bieten meist ein energetischeres und zerebrales High, ideal f\u00fcr den Tag und kreative Aktivit\u00e4ten. Im Gegensatz dazu sorgen Indica-Strains f\u00fcr ein Gef\u00fchl der Entspannung und Sedierung, das besser f\u00fcr die Nacht oder zur Linderung von Stress und Schmerzen geeignet ist.<\/p>\n\n<\/div>\n<\/div>\n<\/div>\n<\/div>\n","protected":false},"excerpt":{"rendered":"<p><b>Cheese<\/b>: die legend\u00e4re Cannabissorte mit einem unverwechselbaren Geschmack nach gereiftem K\u00e4se. <strong>Einfach zu z\u00fcchten, widerstandsf\u00e4hig und mit hohen Ertr\u00e4gen<\/strong>. Genie\u00dfe ausgewogene Effekte zwischen <strong>Euphorie und Entspannung<\/strong>. Besorge dir noch heute deine Samen und erlebe die Magie der Cheese!<\/p>\n","protected":false},"featured_media":35022,"comment_status":"open","ping_status":"closed","template":"","meta":{"_acf_changed":false,"inline_featured_image":false,"_uag_custom_page_level_css":""},"product_brand":[],"product_cat":[1097,4113],"product_tag":[],"class_list":{"0":"post-9721","1":"product","2":"type-product","3":"status-publish","4":"has-post-thumbnail","6":"product_cat-feminisierte-cannabis-samen","7":"product_cat-cannabis-samen-unter-1-euro","9":"first","10":"instock","11":"sale","12":"taxable","13":"shipping-taxable","14":"purchasable","15":"product-type-simple"},"acf":[],"uagb_featured_image_src":{"full":["https:\/\/bulkgenetics.com\/wp-content\/uploads\/2022\/09\/cheese-seeds-feminized-cannabis-bulk-genetics.jpg",1600,1600,false],"thumbnail":["https:\/\/bulkgenetics.com\/wp-content\/uploads\/2022\/09\/cheese-seeds-feminized-cannabis-bulk-genetics-150x150.jpg",150,150,true],"medium":["https:\/\/bulkgenetics.com\/wp-content\/uploads\/2022\/09\/cheese-seeds-feminized-cannabis-bulk-genetics-300x300.jpg",300,300,true],"medium_large":["https:\/\/bulkgenetics.com\/wp-content\/uploads\/2022\/09\/cheese-seeds-feminized-cannabis-bulk-genetics-768x768.jpg",768,768,true],"large":["https:\/\/bulkgenetics.com\/wp-content\/uploads\/2022\/09\/cheese-seeds-feminized-cannabis-bulk-genetics-1024x1024.jpg",1024,1024,true],"1536x1536":["https:\/\/bulkgenetics.com\/wp-content\/uploads\/2022\/09\/cheese-seeds-feminized-cannabis-bulk-genetics-1536x1536.jpg",1536,1536,true],"2048x2048":["https:\/\/bulkgenetics.com\/wp-content\/uploads\/2022\/09\/cheese-seeds-feminized-cannabis-bulk-genetics.jpg",1600,1600,false],"commercegurus-pdp-large":["https:\/\/bulkgenetics.com\/wp-content\/uploads\/2022\/09\/cheese-seeds-feminized-cannabis-bulk-genetics-990x990.jpg",990,990,true],"commercegurus-plp-mobile":["https:\/\/bulkgenetics.com\/wp-content\/uploads\/2022\/09\/cheese-seeds-feminized-cannabis-bulk-genetics-441x441.jpg",441,441,true],"cgkit_image_swatch":["https:\/\/bulkgenetics.com\/wp-content\/uploads\/2022\/09\/cheese-seeds-feminized-cannabis-bulk-genetics-100x100.jpg",100,100,true],"woocommerce_thumbnail":["https:\/\/bulkgenetics.com\/wp-content\/uploads\/2022\/09\/cheese-seeds-feminized-cannabis-bulk-genetics-300x300.jpg",300,300,true],"woocommerce_single":["https:\/\/bulkgenetics.com\/wp-content\/uploads\/2022\/09\/cheese-seeds-feminized-cannabis-bulk-genetics-800x800.jpg",800,800,true],"woocommerce_gallery_thumbnail":["https:\/\/bulkgenetics.com\/wp-content\/uploads\/2022\/09\/cheese-seeds-feminized-cannabis-bulk-genetics-150x150.jpg",150,150,true],"dgwt-wcas-product-suggestion":["https:\/\/bulkgenetics.com\/wp-content\/uploads\/2022\/09\/cheese-seeds-feminized-cannabis-bulk-genetics-64x64.jpg",64,64,true]},"uagb_author_info":{"display_name":"\u00c1ngel Flores","author_link":"https:\/\/bulkgenetics.com\/de\/author\/"},"uagb_comment_info":0,"uagb_excerpt":"Cheese: die legend\u00e4re Cannabissorte mit einem unverwechselbaren Geschmack nach gereiftem K\u00e4se. Einfach zu z\u00fcchten, widerstandsf\u00e4hig und mit hohen Ertr\u00e4gen. Genie\u00dfe ausgewogene Effekte zwischen Euphorie und Entspannung. Besorge dir noch heute deine Samen und erlebe die Magie der Cheese!","_links":{"self":[{"href":"https:\/\/bulkgenetics.com\/de\/wp-json\/wp\/v2\/product\/9721","targetHints":{"allow":["GET"]}}],"collection":[{"href":"https:\/\/bulkgenetics.com\/de\/wp-json\/wp\/v2\/product"}],"about":[{"href":"https:\/\/bulkgenetics.com\/de\/wp-json\/wp\/v2\/types\/product"}],"replies":[{"embeddable":true,"href":"https:\/\/bulkgenetics.com\/de\/wp-json\/wp\/v2\/comments?post=9721"}],"wp:featuredmedia":[{"embeddable":true,"href":"https:\/\/bulkgenetics.com\/de\/wp-json\/wp\/v2\/media\/35022"}],"wp:attachment":[{"href":"https:\/\/bulkgenetics.com\/de\/wp-json\/wp\/v2\/media?parent=9721"}],"wp:term":[{"taxonomy":"product_brand","embeddable":true,"href":"https:\/\/bulkgenetics.com\/de\/wp-json\/wp\/v2\/product_brand?post=9721"},{"taxonomy":"product_cat","embeddable":true,"href":"https:\/\/bulkgenetics.com\/de\/wp-json\/wp\/v2\/product_cat?post=9721"},{"taxonomy":"product_tag","embeddable":true,"href":"https:\/\/bulkgenetics.com\/de\/wp-json\/wp\/v2\/product_tag?post=9721"}],"curies":[{"name":"wp","href":"https:\/\/api.w.org\/{rel}","templated":true}]}}