{"id":9728,"date":"2022-09-15T12:27:36","date_gmt":"2022-09-15T10:27:36","guid":{"rendered":"https:\/\/www.bulkgenetics.com\/chemdog\/"},"modified":"2024-10-08T01:19:01","modified_gmt":"2024-10-07T23:19:01","slug":"chemdog","status":"publish","type":"product","link":"https:\/\/bulkgenetics.com\/de\/chemdog\/","title":{"rendered":"Chemdog"},"content":{"rendered":"\n<p>Die <strong>Chemdog<\/strong> ist ein legend\u00e4rer Strain mit einem genetischen Ursprung, der von Geheimnissen umwoben ist. Entstanden in den 90er Jahren, hat sich dieser Strain in der Cannabiswelt dank seiner Potenz und ausgewogenen Effekte einen Namen gemacht. Man sagt, dass die Chemdog oder Chemdawg aus einem Samen stammt, der auf einem Grateful Dead-Konzert gefunden wurde, und seitdem von verschiedenen Z\u00fcchtern kultiviert und verbessert wurde. Dieses Indica-dominante Hybrid (55% Indica \/ 45% Sativa) ist bekannt f\u00fcr sein markantes Aroma und seine intensiven Effekte.<\/p>\n\n\n\n<p>Die Buds der <strong>Chemdog<\/strong> sind mittelgro\u00df und haben eine l\u00e4ngliche, konische Form. Ihre Bl\u00e4tter sind fr\u00fchlingsgr\u00fcn und mit klebrigen, wei\u00dfen Trichomen bedeckt, was ihnen ein silbriges und gl\u00e4nzendes Aussehen verleiht. Die leuchtend orangefarbenen Stigmen kontrastieren mit dem gr\u00fcnen Hintergrund und machen jeden Bud zu einem wahren Kunstwerk. Dar\u00fcber hinaus macht ihr dichter und klebriger Harz es schwierig, die Buds von Hand zu brechen, daher wird die Verwendung eines Grinders empfohlen. Es ist kein Wunder, dass Chemdog verwendet wurde, um andere ber\u00fchmte Strains wie <strong>Sour Diesel<\/strong> und <strong><a href=\"https:\/\/bulkgenetics.com\/de\/og-kush\/\">OG Kush<\/a><\/strong> zu erschaffen.<\/p>\n\n\n\n<h2 class=\"wp-block-heading\">Geschmack und Effekte<\/h2>\n\n\n\n<p>Die <strong>Chemdog<\/strong> besticht durch ihr starkes und durchdringendes Aroma, das Noten von Diesel, Kiefer und einem erdigen Hauch kombiniert. Dieses Parfum durchdringt den Raum und bleibt in der Luft h\u00e4ngen, was von Anfang an ein einzigartiges sensorisches Erlebnis bietet. Beim Konsum ist der Geschmack der <strong>Chemdog<\/strong> ebenso markant: eine Mischung aus Diesel und einem ammoniakartigen Nachgeschmack, der einen langanhaltenden Eindruck im Gaumen hinterl\u00e4sst.<\/p>\n\n\n\n<p>Die Effekte der <strong>Chemdog<\/strong> sind ebenso kraftvoll wie ihr Aroma. Mit einem THC-Gehalt, der zwischen 15% und 20% liegt, und einem niedrigen CBD-Gehalt (&lt;1%), bietet dieser Strain einen sofortigen zerebralen Rausch, der die Kreativit\u00e4t weckt und die Sinne sch\u00e4rft. Dieser anf\u00e4ngliche Effekt wird durch eine tiefe k\u00f6rperliche Entspannung erg\u00e4nzt, die Stress und Schmerzen bek\u00e4mpft, ohne einen totalen Couch-Lock zu verursachen. Perfekt f\u00fcr Momente, in denen du einen Energieschub und Kreativit\u00e4t ben\u00f6tigst, aber auch entspannen und abschalten m\u00f6chtest.<\/p>\n\n\n\n<h3 class=\"wp-block-heading\">Terpene der Chemdog<\/h3>\n\n\n\n<p>Die <strong>Chemdog<\/strong> ist reich an Terpenen, die nicht nur ihr Aroma und ihren Geschmack definieren, sondern auch ihre Effekte verst\u00e4rken. Das dominante Terpen in diesem Strain ist <strong>Caryophyllen<\/strong>, bekannt f\u00fcr sein w\u00fcrziges Aroma und m\u00f6gliche entz\u00fcndungshemmende Vorteile. Dieses Terpen kann auch zur tiefen Entspannung beitragen, die viele Nutzer berichten.<\/p>\n\n\n\n<p>Ein weiteres wichtiges Terpen ist <strong>Myrcen<\/strong>, das dem Profil der Chemdog krautige und erdige Noten verleiht und f\u00fcr seine sedativen und entspannenden Effekte bekannt ist. Schlie\u00dflich bringt <strong>Limonen<\/strong> eine zitrusartige Frische ein, zus\u00e4tzlich zu seinen stimmungsaufhellenden und mentalen Wohlf\u00fchleigenschaften.<\/p>\n\n\n\n<p>Die Kombination dieser Terpene schafft nicht nur ein komplexes und angenehmes Geschmacks- und Aromaprofil, sondern verst\u00e4rkt auch die therapeutischen Effekte der <strong>Chemdog<\/strong>, was diesen Strain zu einer idealen Wahl f\u00fcr diejenigen macht, die Linderung von Schmerzen, Stress und Angst suchen und gleichzeitig ein umfassendes sensorisches Erlebnis genie\u00dfen m\u00f6chten.<\/p>\n\n\n\n<h2 class=\"wp-block-heading\">Ertrag und Bl\u00fctezeit<\/h2>\n\n\n\n<p>Die <strong>Chemdog<\/strong> ist ein Strain, der seine Z\u00fcchter mit gro\u00dfz\u00fcgigen Ernten belohnt. Im Indoor-Anbau kannst du eine Produktion von 500 bis 600 Gramm pro Quadratmeter erwarten, vorausgesetzt, du bietest den Pflanzen optimale Anbaubedingungen. Die Pflanze ben\u00f6tigt etwa 55 bis 60 Tage Bl\u00fctezeit, um ihr volles Potenzial zu erreichen.<\/p>\n\n\n\n<p>Im Freien wird die <strong>Chemdog<\/strong> zu einem echten Riesen und erreicht H\u00f6hen von 2,5 bis 3 Metern. Unter diesen Bedingungen kann jede Pflanze zwischen 1300 und 1500 Gramm produzieren, was sie zu einer unglaublich ertragreichen Option macht. Die Ernte ist normalerweise in der zweiten Septemberh\u00e4lfte bereit, sodass du ihre Fr\u00fcchte genie\u00dfen kannst, bevor sich die Wetterbedingungen verschlechtern.<\/p>\n\n\n\n<p>Es ist wichtig zu beachten, dass aufgrund ihrer Struktur und des Gewichts der Buds die Zweige der <strong>Chemdog<\/strong> w\u00e4hrend der Bl\u00fctephase Unterst\u00fctzung ben\u00f6tigen k\u00f6nnen, um ein Abbrechen zu verhindern. Mit der richtigen Pflege wird dieser Strain dich mit einer reichhaltigen Produktion von harzigen und aromatischen Buds belohnen.<\/p>\n\n\n\n<h2 class=\"wp-block-heading\">Wie Man Chemdog Anbaut<\/h2>\n\n\n\n<p>Sorgen, dass du nicht wei\u00dft, wie man anbaut? Kein Problem, auch wenn die <strong>Chemdog<\/strong> eine anspruchsvolle Pflanze sein kann, sind die Ergebnisse jeden Aufwand wert. Ideal f\u00fcr Z\u00fcchter mit etwas Erfahrung, erfordert diese Pflanze st\u00e4ndige \u00dcberwachung, um Schimmel und Mehltau zu vermeiden, besonders im Innenbereich, wo sie betr\u00e4chtliche H\u00f6hen erreichen kann. Wenn du auf Diskretion Wert legst, bedenke, dass ihr starkes Aroma dich verraten kann, daher wird die Verwendung von Kohlefiltern und geeigneten Bel\u00fcftungssystemen empfohlen.<\/p>\n\n\n\n<p>Damit die <strong>Chemdog<\/strong> ihr volles Potenzial entfaltet, ist ein warmes und trockenes Klima ideal. Die Temperaturen sollten tags\u00fcber zwischen 20 und 26 Grad Celsius liegen und nachts nicht unter 18 Grad Celsius fallen. Die Luftfeuchtigkeit sollte kontrolliert werden, besonders in der Bl\u00fctephase, um Schimmelbildung zu verhindern.<\/p>\n\n\n\n<p>Was ihre Resistenz gegen Sch\u00e4dlinge und Krankheiten betrifft, kann die <strong>Chemdog<\/strong> anf\u00e4llig sein, wenn nicht die richtigen Vorsichtsma\u00dfnahmen getroffen werden. Es ist wichtig, die Pflanzen regelm\u00e4\u00dfig zu \u00fcberpr\u00fcfen und pr\u00e4ventive Behandlungen gegen h\u00e4ufige Sch\u00e4dlinge wie Milben und Blattl\u00e4use anzuwenden. Eine gute Bel\u00fcftung und eine saubere Umgebung helfen, diese Probleme in Schach zu halten.<\/p>\n\n\n\n<div style=\"height:50px\" aria-hidden=\"true\" class=\"wp-block-spacer uag-hide-mob\"><\/div>\n\n\n\n<div class=\"wp-block-columns is-layout-flex wp-container-core-columns-is-layout-28f84493 wp-block-columns-is-layout-flex\">\n<div class=\"wp-block-column is-layout-flow wp-block-column-is-layout-flow\">\n<p class=\"has-text-align-center has-medium-font-size\"><strong>Was uns am besten gef\u00e4llt<\/strong><\/p>\n\n\n\n<ul class=\"wp-block-list\">\n<li>Ihr starkes Aroma von Diesel und Kiefer.<\/li>\n\n\n\n<li>Die ausgewogenen Effekte, die Entspannung und Kreativit\u00e4t kombinieren.<\/li>\n\n\n\n<li>Der hohe Ertrag sowohl im Innen- als auch im Au\u00dfenbereich.<\/li>\n\n\n\n<li>Die Qualit\u00e4t und Dichte der Buds.<\/li>\n<\/ul>\n<\/div>\n\n\n\n<div class=\"wp-block-column is-layout-flow wp-block-column-is-layout-flow\">\n<p class=\"has-text-align-center has-medium-font-size\"><strong>Was uns weniger gef\u00e4llt<\/strong><\/p>\n\n\n\n<ul class=\"wp-block-list\">\n<li>Erfordert Erfahrung im Anbau und st\u00e4ndige Pflege.<\/li>\n\n\n\n<li>Ihr starkes Aroma kann die Diskretion beeintr\u00e4chtigen.<\/li>\n\n\n\n<li>Anf\u00e4lligkeit f\u00fcr Schimmel und Mehltau, wenn die Umgebung nicht gut kontrolliert wird.<\/li>\n<\/ul>\n<\/div>\n<\/div>\n\n\n\n<div style=\"height:50px\" aria-hidden=\"true\" class=\"wp-block-spacer uag-hide-mob\"><\/div>\n\n\n\n<h2 class=\"wp-block-heading\">H\u00e4ufig gestellte Fragen<\/h2>\n\n\n\n<p>Hier sind einige der h\u00e4ufigsten Fragen zu diesem harzigen Strain:<\/p>\n\n\n<div id=\"rank-math-faq\" class=\"rank-math-block\">\n<div class=\"rank-math-list \">\n<div id=\"faq-question-1663029074962\" class=\"rank-math-list-item\">\n<h3 class=\"rank-math-question \">Wann sollte man eine Chemdog im Innen- und Au\u00dfenbereich ernten?<\/h3>\n<div class=\"rank-math-answer \">\n\n<p>Die <strong>Chemdog<\/strong> hat eine Bl\u00fctezeit von 55 bis 60 Tagen im Innenbereich. Im Au\u00dfenbereich ist die Ernte normalerweise in der zweiten Septemberh\u00e4lfte bereit. Diese relativ kurze Bl\u00fctezeit ist einer der Gr\u00fcnde, warum dieser Strain bei erfahrenen Growern so beliebt ist.<\/p>\n\n<\/div>\n<\/div>\n<div id=\"faq-question-1663029159933\" class=\"rank-math-list-item\">\n<h3 class=\"rank-math-question \">Wann beginnt die Chemdog im Au\u00dfenbereich zu bl\u00fchen?<\/h3>\n<div class=\"rank-math-answer \">\n\n<p>Die Bl\u00fctezeit beginnt normalerweise zwischen Ende Juli und Anfang August.<\/p>\n\n<\/div>\n<\/div>\n<div id=\"faq-question-1663029165861\" class=\"rank-math-list-item\">\n<h3 class=\"rank-math-question \">Wie baut man eine feminisierte Chemdog an?<\/h3>\n<div class=\"rank-math-answer \">\n\n<p>Dieser Strain passt sich an jede Anbaumethode an. Au\u00dferdem ist er sehr widerstandsf\u00e4hig, was ihn ideal f\u00fcr Anf\u00e4nger macht, die einen unkomplizierten Anbau suchen.<\/p>\n\n<\/div>\n<\/div>\n<div id=\"faq-question-1663237845202\" class=\"rank-math-list-item\">\n<h3 class=\"rank-math-question \">Welche Effekte hat Chemdog in gro\u00dfen Mengen?<\/h3>\n<div class=\"rank-math-answer \">\n\n<p>Die Effekte sind sehr kraftvoll. Sie erzeugt ein Gef\u00fchl von Wohlbefinden und Ruhe, das dich stundenlang v\u00f6llig entspannt h\u00e4lt.<\/p>\n\n<\/div>\n<\/div>\n<div id=\"faq-question-1719928613131\" class=\"rank-math-list-item\">\n<h3 class=\"rank-math-question \">Ist Chemdog sativa oder indica?<\/h3>\n<div class=\"rank-math-answer \">\n\n<p>Die <strong>Chemdog<\/strong> ist ein Hybrid mit einer leichten Indica-Dominanz (55% Indica \/ 45% Sativa). Das bedeutet, dass sie das Beste aus beiden Welten kombiniert: den zerebralen und stimulierenden Rausch der Sativas mit der tiefen k\u00f6rperlichen Entspannung der Indicas. Sativa-Strains sind bekannt f\u00fcr ihre energetisierenden und zerebralen Effekte, ideal f\u00fcr tagaktive und kreative Aktivit\u00e4ten. Andererseits bieten Indica-Strains eine tiefere Entspannung und sind perfekt f\u00fcr die n\u00e4chtliche Nutzung oder zur Linderung von Schmerzen und Stress.<\/p>\n\n<\/div>\n<\/div>\n<\/div>\n<\/div>","protected":false},"excerpt":{"rendered":"<p><b>Chemdog<\/b> ist ein legend\u00e4rer Strain, der eine <strong>starke k\u00f6rperliche Entspannung<\/strong> mit einer <strong>intensiven zerebralen Euphorie<\/strong> kombiniert. Mit einem unverwechselbaren Aroma von <strong>Diesel und Kiefer<\/strong> und einem gro\u00dfz\u00fcgigen Ertrag sowohl im Innen- als auch im Au\u00dfenbereich ist Chemdog perfekt f\u00fcr anspruchsvolle Grower. F\u00fcge sie deinem Warenkorb hinzu und genie\u00dfe dieses Cannabis-Juwel!<\/p>\n","protected":false},"featured_media":8838,"comment_status":"open","ping_status":"closed","template":"","meta":{"_acf_changed":false,"inline_featured_image":false,"_uag_custom_page_level_css":""},"product_brand":[],"product_cat":[1097,4113],"product_tag":[],"class_list":{"0":"post-9728","1":"product","2":"type-product","3":"status-publish","4":"has-post-thumbnail","6":"product_cat-feminisierte-cannabis-samen","7":"product_cat-cannabis-samen-unter-1-euro","9":"first","10":"instock","11":"sale","12":"taxable","13":"shipping-taxable","14":"purchasable","15":"product-type-simple"},"acf":[],"uagb_featured_image_src":{"full":["https:\/\/bulkgenetics.com\/wp-content\/uploads\/2022\/09\/chemdawg.jpg",568,568,false],"thumbnail":["https:\/\/bulkgenetics.com\/wp-content\/uploads\/2022\/09\/chemdawg-150x150.jpg",150,150,true],"medium":["https:\/\/bulkgenetics.com\/wp-content\/uploads\/2022\/09\/chemdawg-300x300.jpg",300,300,true],"medium_large":["https:\/\/bulkgenetics.com\/wp-content\/uploads\/2022\/09\/chemdawg.jpg",568,568,false],"large":["https:\/\/bulkgenetics.com\/wp-content\/uploads\/2022\/09\/chemdawg.jpg",568,568,false],"1536x1536":["https:\/\/bulkgenetics.com\/wp-content\/uploads\/2022\/09\/chemdawg.jpg",568,568,false],"2048x2048":["https:\/\/bulkgenetics.com\/wp-content\/uploads\/2022\/09\/chemdawg.jpg",568,568,false],"commercegurus-pdp-large":["https:\/\/bulkgenetics.com\/wp-content\/uploads\/2022\/09\/chemdawg.jpg",568,568,false],"commercegurus-plp-mobile":["https:\/\/bulkgenetics.com\/wp-content\/uploads\/2022\/09\/chemdawg-441x441.jpg",441,441,true],"cgkit_image_swatch":["https:\/\/bulkgenetics.com\/wp-content\/uploads\/2022\/09\/chemdawg-100x100.jpg",100,100,true],"woocommerce_thumbnail":["https:\/\/bulkgenetics.com\/wp-content\/uploads\/2022\/09\/chemdawg-300x300.jpg",300,300,true],"woocommerce_single":["https:\/\/bulkgenetics.com\/wp-content\/uploads\/2022\/09\/chemdawg.jpg",568,568,false],"woocommerce_gallery_thumbnail":["https:\/\/bulkgenetics.com\/wp-content\/uploads\/2022\/09\/chemdawg-150x150.jpg",150,150,true],"dgwt-wcas-product-suggestion":["https:\/\/bulkgenetics.com\/wp-content\/uploads\/2022\/09\/chemdawg-64x64.jpg",64,64,true]},"uagb_author_info":{"display_name":"Bruno Crespo","author_link":"https:\/\/bulkgenetics.com\/de\/author\/"},"uagb_comment_info":0,"uagb_excerpt":"Chemdog ist ein legend\u00e4rer Strain, der eine starke k\u00f6rperliche Entspannung mit einer intensiven zerebralen Euphorie kombiniert. Mit einem unverwechselbaren Aroma von Diesel und Kiefer und einem gro\u00dfz\u00fcgigen Ertrag sowohl im Innen- als auch im Au\u00dfenbereich ist Chemdog perfekt f\u00fcr anspruchsvolle Grower. F\u00fcge sie deinem Warenkorb hinzu und genie\u00dfe dieses Cannabis-Juwel!","_links":{"self":[{"href":"https:\/\/bulkgenetics.com\/de\/wp-json\/wp\/v2\/product\/9728","targetHints":{"allow":["GET"]}}],"collection":[{"href":"https:\/\/bulkgenetics.com\/de\/wp-json\/wp\/v2\/product"}],"about":[{"href":"https:\/\/bulkgenetics.com\/de\/wp-json\/wp\/v2\/types\/product"}],"replies":[{"embeddable":true,"href":"https:\/\/bulkgenetics.com\/de\/wp-json\/wp\/v2\/comments?post=9728"}],"wp:featuredmedia":[{"embeddable":true,"href":"https:\/\/bulkgenetics.com\/de\/wp-json\/wp\/v2\/media\/8838"}],"wp:attachment":[{"href":"https:\/\/bulkgenetics.com\/de\/wp-json\/wp\/v2\/media?parent=9728"}],"wp:term":[{"taxonomy":"product_brand","embeddable":true,"href":"https:\/\/bulkgenetics.com\/de\/wp-json\/wp\/v2\/product_brand?post=9728"},{"taxonomy":"product_cat","embeddable":true,"href":"https:\/\/bulkgenetics.com\/de\/wp-json\/wp\/v2\/product_cat?post=9728"},{"taxonomy":"product_tag","embeddable":true,"href":"https:\/\/bulkgenetics.com\/de\/wp-json\/wp\/v2\/product_tag?post=9728"}],"curies":[{"name":"wp","href":"https:\/\/api.w.org\/{rel}","templated":true}]}}