{"id":9770,"date":"2022-09-28T16:37:01","date_gmt":"2022-09-28T14:37:01","guid":{"rendered":"https:\/\/www.bulkgenetics.com\/kritische-masse\/"},"modified":"2024-10-08T01:18:57","modified_gmt":"2024-10-07T23:18:57","slug":"critical-mass","status":"publish","type":"product","link":"https:\/\/bulkgenetics.com\/de\/critical-mass\/","title":{"rendered":"Critical Mass"},"content":{"rendered":"\n<p>Critical Mass ist ein Strain, der Z\u00fcchter auf der ganzen Welt begeistert hat, und das aus gutem Grund. Dieser Strain entstand aus der Kreuzung der legend\u00e4ren <strong>Afghani<\/strong> mit der kraftvollen <strong><a href=\"https:\/\/bulkgenetics.com\/de\/skunk-1\/\">Skunk #1<\/a><\/strong>, eine explosive Kombination, die das Beste aus beiden Welten garantiert. Entwickelt vom ber\u00fchmten Samenbank Mr. Nice, wurde dieser Strain von den Meisterz\u00fcchtern Shantibaba und Nevil Schoenmakers perfektioniert, die es schafften, eine robuste und ertragreiche Pflanze zu kreieren.<\/p>\n\n\n\n<p>Critical Mass besticht durch ihre enormen und dichten Buds, die so schwer sind, dass sie oft zus\u00e4tzliche Unterst\u00fctzung ben\u00f6tigen, um ein Abbrechen der \u00c4ste zu verhindern. Die lebendigen Farben ihrer Bl\u00fcten reichen von dunklem Gr\u00fcn bis hin zu violetten T\u00f6nen, mit orangefarbenen Bl\u00fctenstempeln, die ihr ein spektakul\u00e4res Aussehen verleihen. Diese Buds sind von einer dicken Schicht Trichome bedeckt, die sie aussehen lassen, als k\u00e4men sie aus einer anderen Welt \u2013 ein wahres visuelles Spektakel.<\/p>\n\n\n\n<h2 class=\"wp-block-heading\">Geschmack und Wirkung<\/h2>\n\n\n\n<p>Der Geschmack von Critical Mass ist eine k\u00f6stliche Mischung aus Zitrusfr\u00fcchten, Beeren und Kr\u00e4utern, mit sehr deutlichen Noten von Zitrone und Limette und einem fruchtigen Unterton, der deine Geschmacksknospen bei jedem Zug aktiviert. Das Aroma ist ebenso intensiv und durchdringend und erf\u00fcllt die Luft mit einem s\u00fc\u00dfen, fruchtigen Duft, der nicht unbemerkt bleibt.<\/p>\n\n\n\n<p>Die Wirkungen von Critical Mass sind stark und ausgewogen. Mit einem THC-Gehalt, der zwischen 15% und 20% liegt, bietet dieser Strain einen anf\u00e4nglich sehr psychoaktiven Rausch, gefolgt von einem entspannenden und beruhigenden Abstieg. Ideal f\u00fcr diejenigen, die sich nach einem langen Tag entspannen m\u00f6chten, ohne das Gef\u00fchl von Euphorie und Freude zu verlieren. Dar\u00fcber hinaus enth\u00e4lt sie einen CBD-Gehalt von etwa 1%, was bedeutende therapeutische Vorteile bietet und hilft, Stress, Angst und chronische Schmerzen zu lindern.<\/p>\n\n\n\n<h3 class=\"wp-block-heading\">Terpene von Critical Mass<\/h3>\n\n\n\n<p>Critical Mass besticht nicht nur durch ihr Cannabinoidprofil, sondern auch durch ihre reiche Terpenzusammensetzung. Zu den prominentesten geh\u00f6ren <strong>Myrcene<\/strong>, <strong>Caryophyllene<\/strong> und <strong>Limonene<\/strong>.<\/p>\n\n\n\n<p>Das <strong>Myrcene<\/strong> verleiht dem Strain krautige und erdige Noten und hat beruhigende und entspannende Eigenschaften, perfekt zur Bek\u00e4mpfung von Schlaflosigkeit und Angstzust\u00e4nden. Das <strong>Caryophyllene<\/strong>, mit seinem w\u00fcrzigen und pfeffrigen Touch, ist bekannt f\u00fcr seine entz\u00fcndungshemmenden und antidepressiven Wirkungen. Schlie\u00dflich f\u00fcgt das <strong>Limonene<\/strong> ein erfrischendes Zitrusaroma hinzu und wirkt als nat\u00fcrlicher Energiespender, der die Stimmung verbessert und Stress reduziert.<\/p>\n\n\n\n<p>Diese Terpene bereichern nicht nur das Aroma und den Geschmack von Critical Mass, sondern verst\u00e4rken auch ihre therapeutischen Wirkungen, wodurch eine vollst\u00e4ndige und befriedigende Erfahrung f\u00fcr jeden Konsumenten geboten wird.<\/p>\n\n\n\n<h2 class=\"wp-block-heading\">Ertrag und Bl\u00fctezeit<\/h2>\n\n\n\n<p>Critical Mass ist bekannt f\u00fcr ihren <strong>beeindruckenden Ertrag<\/strong> sowohl im Innen- als auch im Au\u00dfenanbau. Beim Indoor-Anbau kannst du Ertr\u00e4ge von bis zu 750 Gramm pro Quadratmeter erwarten, besonders wenn du Techniken wie SCROG (Screen of Green) anwendest, um den Ertrag zu maximieren. Die Pflanze erfordert keine fortgeschrittenen Kenntnisse, sodass sogar Anf\u00e4nger leicht 600 Gramm pro Quadratmeter mit einem guten LED-Panel erreichen k\u00f6nnen.<\/p>\n\n\n\n<p>Im Freien kann Critical Mass zu einem echten Giganten heranwachsen und H\u00f6hen von bis zu 2,5 Metern erreichen. Mit ausreichend Platz und unter optimalen Bedingungen kann der Ertrag \u00fcber 1000 Gramm pro Pflanze betragen. Dieser Strain ist perfekt f\u00fcr diejenigen, die reichliche und qualitativ hochwertige Ernten ohne Komplikationen suchen.<\/p>\n\n\n\n<p>Die <strong>Bl\u00fctezeit<\/strong> von Critical Mass ist relativ kurz, was einen ihrer gro\u00dfen Vorteile darstellt. Beim Indoor-Anbau sind die Pflanzen 45 bis 55 Tage nach der Umstellung des Lichtzyklus auf 12\/12 erntereif. Im Freien beginnt die Bl\u00fcte Ende Juli oder Anfang August, und du kannst in der zweiten Septemberh\u00e4lfte ernten. Diese schnelle Bl\u00fctezeit macht Critical Mass ideal f\u00fcr Z\u00fcchter, die schnelle und effiziente Ergebnisse w\u00fcnschen.<\/p>\n\n\n\n<h2 class=\"wp-block-heading\">Wie man Critical Mass anbaut<\/h2>\n\n\n\n<p>Der Anbau von Critical Mass ist eine lohnende und einfache Erfahrung. Dieser Strain ist perfekt f\u00fcr Anf\u00e4nger und erfahrene Grower gleicherma\u00dfen. Seine <strong>Anbauschwierigkeit<\/strong> ist gering, was ihn zur idealen Wahl f\u00fcr diejenigen macht, die neu in der Welt des Cannabisanbaus sind. Critical Mass ben\u00f6tigt keine \u00fcberm\u00e4\u00dfige Pflege und kann gewisse Nachl\u00e4ssigkeiten verkraften, ohne die Qualit\u00e4t der Ernte zu beeintr\u00e4chtigen.<\/p>\n\n\n\n<p>Um die besten Ergebnisse zu erzielen, ist es wichtig, Critical Mass ein <strong>angemessenes Klima<\/strong> zu bieten. Sie bevorzugt Tagestemperaturen zwischen 20\u00b0C und 27\u00b0C und Nachttemperaturen von 15\u00b0C bis 21\u00b0C. Dieser Strain gedeiht in Umgebungen mit geringer Luftfeuchtigkeit, insbesondere w\u00e4hrend der Bl\u00fctephase, um Probleme mit Schimmel aufgrund der Dichte der Buds zu vermeiden. In feuchten Klimazonen wird empfohlen, Schnittma\u00dfnahmen durchzuf\u00fchren, um die Bel\u00fcftung zu erh\u00f6hen und das Krankheitsrisiko zu reduzieren.<\/p>\n\n\n\n<p>Critical Mass ist <strong>resistent gegen g\u00e4ngige Sch\u00e4dlinge<\/strong>, was ihren Anbau sowohl drinnen als auch drau\u00dfen erleichtert. Es ist jedoch immer ratsam, wachsam zu bleiben, um Anzeichen einer Sch\u00e4dlingsbefall zu erkennen und bei Bedarf schnell zu handeln. Ihre robuste und kompakte Struktur hilft, das Gewicht der Buds zu tragen, aber es wird empfohlen, gegen Ende der Bl\u00fctezeit zus\u00e4tzliche Unterst\u00fctzung bereitzustellen.<\/p>\n\n\n\n<div style=\"height:50px\" aria-hidden=\"true\" class=\"wp-block-spacer uag-hide-mob\"><\/div>\n\n\n\n<div class=\"wp-block-columns is-layout-flex wp-container-core-columns-is-layout-28f84493 wp-block-columns-is-layout-flex\">\n<div class=\"wp-block-column is-layout-flow wp-block-column-is-layout-flow\">\n<p class=\"has-text-align-center has-medium-font-size\"><strong>Was uns am besten gef\u00e4llt<\/strong><\/p>\n\n\n\n<ul class=\"wp-block-list\">\n<li>Sehr einfach zu kultivieren und widerstandsf\u00e4hig.<\/li>\n\n\n\n<li>Sehr hoher Ertrag.<\/li>\n\n\n\n<li>Intensiver Geschmack und starke Wirkung.<\/li>\n<\/ul>\n<\/div>\n\n\n\n<div class=\"wp-block-column is-layout-flow wp-block-column-is-layout-flow\">\n<p class=\"has-text-align-center has-medium-font-size\"><strong>Was uns weniger gef\u00e4llt<\/strong><\/p>\n\n\n\n<ul class=\"wp-block-list\">\n<li>Intensiver Geruch w\u00e4hrend der Bl\u00fcte.<\/li>\n\n\n\n<li>Anf\u00e4llig f\u00fcr Schimmel in feuchten Klimazonen.<\/li>\n<\/ul>\n<\/div>\n<\/div>\n\n\n\n<div style=\"height:50px\" aria-hidden=\"true\" class=\"wp-block-spacer uag-hide-mob\"><\/div>\n\n\n\n<h2 class=\"wp-block-heading\">H\u00e4ufig gestellte Fragen<\/h2>\n\n\n\n<p>Im Folgenden werden die h\u00e4ufigsten Fragen vorgestellt, die Grower zu diesem Strain haben:<\/p>\n\n\n<div id=\"rank-math-faq\" class=\"rank-math-block\">\n<div class=\"rank-math-list \">\n<div id=\"faq-question-1663029074962\" class=\"rank-math-list-item\">\n<h3 class=\"rank-math-question \">Wann beginnt Critical Mass im Freien zu bl\u00fchen?<\/h3>\n<div class=\"rank-math-answer \">\n\n<p>Die Bl\u00fctezeit von Critical Mass im Freien beginnt zwischen Ende Juli und Anfang August. Diese Sorte ist bekannt f\u00fcr ihre schnelle Bl\u00fcte, was sie f\u00fcr verschiedene Klimazonen geeignet macht und eine fr\u00fche Ernte erm\u00f6glicht.<\/p>\n\n<\/div>\n<\/div>\n<div id=\"faq-question-1663029159933\" class=\"rank-math-list-item\">\n<h3 class=\"rank-math-question \">Wann sollte man Critical Mass im Freien ernten?<\/h3>\n<div class=\"rank-math-answer \">\n\n<p>Critical Mass ist ein Strain mit schneller Bl\u00fcte und wird in der Regel Ende September geerntet. Diese fr\u00fche Erntezeit hilft, Herbstregen zu vermeiden und das Risiko von Schimmel an den dichten Buds zu minimieren.<\/p>\n\n<\/div>\n<\/div>\n<div id=\"faq-question-1663029165861\" class=\"rank-math-list-item\">\n<h3 class=\"rank-math-question \">Wie baut man eine feminisierte Critical Mass an?<\/h3>\n<div class=\"rank-math-answer \">\n\n<p>Critical Mass ist eine der einfachsten Pflanzen sowohl im Innen- als auch im Au\u00dfenanbau. Mit einem guten Substrat, ausreichend Sonne und hochwertigem D\u00fcnger kannst du eine reichliche Ernte erwarten, ohne aufwendige Pflege. Ihre Widerstandsf\u00e4higkeit und einfache Kultivierung machen sie ideal f\u00fcr Anf\u00e4nger.<\/p>\n\n<\/div>\n<\/div>\n<div id=\"faq-question-1664375901259\" class=\"rank-math-list-item\">\n<h3 class=\"rank-math-question \">Was sind die Wirkungen von Critical Mass?<\/h3>\n<div class=\"rank-math-answer \">\n\n<p>Critical Mass bietet starke Effekte, die mit einem psychoaktiven High beginnen, gefolgt von tiefer und beruhigender Entspannung. Ideal zur Linderung von Stress, Angst und chronischen Schmerzen, bietet sie eine ausgewogene Erfahrung, die Euphorie und Entspannung kombiniert.<\/p>\n\n<\/div>\n<\/div>\n<div id=\"faq-question-1720087635248\" class=\"rank-math-list-item\">\n<h3 class=\"rank-math-question \">Ist Critical Mass Sativa oder Indica?<\/h3>\n<div class=\"rank-math-answer \">\n\n<p>Critical Mass ist eine <strong>\u00fcberwiegend Indica<\/strong>-Sorte. Das bedeutet, dass ihre Effekte eher entspannend und sedierend sind, im Vergleich zu Sativa-Sorten, die meist energiegeladener und stimulierender wirken. Indica-Pflanzen haben generell breitere Bl\u00e4tter und eine kompaktere Struktur, was sie ideal f\u00fcr den Innenanbau macht. Critical Mass mit ihrer Indica-Dominanz bietet eine starke k\u00f6rperliche Wirkung und ist hervorragend zur Stresslinderung und F\u00f6rderung des Schlafes geeignet.<\/p>\n\n<\/div>\n<\/div>\n<\/div>\n<\/div>","protected":false},"excerpt":{"rendered":"<p><strong>Critical Mass<\/strong> ist deine ideale Wahl f\u00fcr eine <strong>reichliche und qualitativ hochwertige Ernte<\/strong> ohne Komplikationen. Genie\u00dfe dichte und harzige Buds mit einem <strong>intensiven Geschmack und entspannender Wirkung<\/strong>. Perfekt f\u00fcr Anf\u00e4nger und erfahrene Grower garantiert dieser Strain ein zufriedenstellendes Erlebnis vom Anbau bis zum Konsum.<\/p>\n","protected":false},"featured_media":11041,"comment_status":"open","ping_status":"closed","template":"","meta":{"_acf_changed":false,"inline_featured_image":false,"_uag_custom_page_level_css":""},"product_brand":[],"product_cat":[1097,4113],"product_tag":[],"class_list":{"0":"post-9770","1":"product","2":"type-product","3":"status-publish","4":"has-post-thumbnail","6":"product_cat-feminisierte-cannabis-samen","7":"product_cat-cannabis-samen-unter-1-euro","9":"first","10":"instock","11":"sale","12":"taxable","13":"shipping-taxable","14":"purchasable","15":"product-type-simple"},"acf":[],"uagb_featured_image_src":{"full":["https:\/\/bulkgenetics.com\/wp-content\/uploads\/2022\/09\/critical-mass.jpg",1600,1600,false],"thumbnail":["https:\/\/bulkgenetics.com\/wp-content\/uploads\/2022\/09\/critical-mass-150x150.jpg",150,150,true],"medium":["https:\/\/bulkgenetics.com\/wp-content\/uploads\/2022\/09\/critical-mass-300x300.jpg",300,300,true],"medium_large":["https:\/\/bulkgenetics.com\/wp-content\/uploads\/2022\/09\/critical-mass-768x768.jpg",768,768,true],"large":["https:\/\/bulkgenetics.com\/wp-content\/uploads\/2022\/09\/critical-mass-1024x1024.jpg",1024,1024,true],"1536x1536":["https:\/\/bulkgenetics.com\/wp-content\/uploads\/2022\/09\/critical-mass-1536x1536.jpg",1536,1536,true],"2048x2048":["https:\/\/bulkgenetics.com\/wp-content\/uploads\/2022\/09\/critical-mass.jpg",1600,1600,false],"commercegurus-pdp-large":["https:\/\/bulkgenetics.com\/wp-content\/uploads\/2022\/09\/critical-mass-990x990.jpg",990,990,true],"commercegurus-plp-mobile":["https:\/\/bulkgenetics.com\/wp-content\/uploads\/2022\/09\/critical-mass-441x441.jpg",441,441,true],"cgkit_image_swatch":["https:\/\/bulkgenetics.com\/wp-content\/uploads\/2022\/09\/critical-mass-100x100.jpg",100,100,true],"woocommerce_thumbnail":["https:\/\/bulkgenetics.com\/wp-content\/uploads\/2022\/09\/critical-mass-300x300.jpg",300,300,true],"woocommerce_single":["https:\/\/bulkgenetics.com\/wp-content\/uploads\/2022\/09\/critical-mass-800x800.jpg",800,800,true],"woocommerce_gallery_thumbnail":["https:\/\/bulkgenetics.com\/wp-content\/uploads\/2022\/09\/critical-mass-150x150.jpg",150,150,true],"dgwt-wcas-product-suggestion":["https:\/\/bulkgenetics.com\/wp-content\/uploads\/2022\/09\/critical-mass-64x64.jpg",64,64,true]},"uagb_author_info":{"display_name":"Bruno Crespo","author_link":"https:\/\/bulkgenetics.com\/de\/author\/"},"uagb_comment_info":0,"uagb_excerpt":"Critical Mass ist deine ideale Wahl f\u00fcr eine reichliche und qualitativ hochwertige Ernte ohne Komplikationen. Genie\u00dfe dichte und harzige Buds mit einem intensiven Geschmack und entspannender Wirkung. Perfekt f\u00fcr Anf\u00e4nger und erfahrene Grower garantiert dieser Strain ein zufriedenstellendes Erlebnis vom Anbau bis zum Konsum.","_links":{"self":[{"href":"https:\/\/bulkgenetics.com\/de\/wp-json\/wp\/v2\/product\/9770","targetHints":{"allow":["GET"]}}],"collection":[{"href":"https:\/\/bulkgenetics.com\/de\/wp-json\/wp\/v2\/product"}],"about":[{"href":"https:\/\/bulkgenetics.com\/de\/wp-json\/wp\/v2\/types\/product"}],"replies":[{"embeddable":true,"href":"https:\/\/bulkgenetics.com\/de\/wp-json\/wp\/v2\/comments?post=9770"}],"wp:featuredmedia":[{"embeddable":true,"href":"https:\/\/bulkgenetics.com\/de\/wp-json\/wp\/v2\/media\/11041"}],"wp:attachment":[{"href":"https:\/\/bulkgenetics.com\/de\/wp-json\/wp\/v2\/media?parent=9770"}],"wp:term":[{"taxonomy":"product_brand","embeddable":true,"href":"https:\/\/bulkgenetics.com\/de\/wp-json\/wp\/v2\/product_brand?post=9770"},{"taxonomy":"product_cat","embeddable":true,"href":"https:\/\/bulkgenetics.com\/de\/wp-json\/wp\/v2\/product_cat?post=9770"},{"taxonomy":"product_tag","embeddable":true,"href":"https:\/\/bulkgenetics.com\/de\/wp-json\/wp\/v2\/product_tag?post=9770"}],"curies":[{"name":"wp","href":"https:\/\/api.w.org\/{rel}","templated":true}]}}