{"id":9792,"date":"2022-09-30T16:21:02","date_gmt":"2022-09-30T14:21:02","guid":{"rendered":"https:\/\/www.bulkgenetics.com\/kali-nebel\/"},"modified":"2025-11-25T21:51:52","modified_gmt":"2025-11-25T20:51:52","slug":"kali-mist","status":"publish","type":"product","link":"https:\/\/bulkgenetics.com\/de\/kali-mist\/","title":{"rendered":"Kali Mist"},"content":{"rendered":"\n<p>Die <strong>Kali Mist<\/strong> ist eine wahre niederl\u00e4ndische Legende und wird von der Cannabis-Community als einer der spektakul\u00e4rsten <a href=\"https:\/\/bulkgenetics.com\/de\/die-verschiedenen-arten-von-cannabis\/\">Sativa-Hybriden<\/a> angesehen, die je erschaffen wurden. Dieser Schatz hat zahlreiche Preise gewonnen, darunter zwei erste Pl\u00e4tze beim High Times Cannabis Cup in 1996 und 2000. Obwohl ihr genauer Ursprung ein Mysterium bleibt, wird angenommen, dass ihre Vorfahren aus S\u00fcdostasien stammen, speziell aus Kambodscha.<\/p>\n\n\n\n<p>Die <strong>Kali Mist<\/strong> ist eine majest\u00e4tische Pflanze, die im Freien bis zu 3 Meter hoch werden kann. Mit einer typischen Struktur einer reinen Sativa sind ihre Internodien weit auseinander und sie hat sehr wenige Bl\u00e4tter, was es dem Licht erm\u00f6glicht, alle ihre Buds problemlos zu erreichen. Diese Eigenschaft erleichtert nicht nur den Anbau, sondern tr\u00e4gt auch zu einer \u00fcppigen und gro\u00dfz\u00fcgigen Bl\u00fcte bei.<\/p>\n\n\n\n<p>Die Buds der <strong>Kali Mist<\/strong> sind l\u00e4nglich, mittelgro\u00df und extrem harzig, ideal f\u00fcr alle Arten von Extraktionen dank ihrer hohen Ausbeute. Sie haben eine leuchtend gr\u00fcne Farbe und sind mit einer dichten Schicht Trichome bedeckt, die ihnen ein frostiges Aussehen verleihen, fast so, als w\u00fcrden sie in tausend St\u00fccke zerbrechen, wenn man sie fest anst\u00f6\u00dft. Au\u00dferdem verstr\u00f6men sie ein sehr charakteristisches Aroma, das s\u00fc\u00dfe Noten mit Zedernholz- und Sandelholzn\u00fcancen kombiniert.<\/p>\n\n\n\n<h2 class=\"wp-block-heading\">Geschmack und Wirkung<\/h2>\n\n\n\n<p>Der Geschmack der <strong>Kali Mist<\/strong> ist einfach exquisit. Beim Rauchen kann man sehr s\u00fc\u00dfe Noten wahrnehmen, die sich mit beeindruckenden Zedernholz- und Sandelholznoten vermischen. Dieses einzigartige Geschmacksprofil macht sie nicht nur angenehm f\u00fcr den Gaumen, sondern hinterl\u00e4sst auch einen bleibenden Eindruck, der Lust auf mehr macht.<\/p>\n\n\n\n<p>Die Wirkung der <strong>Kali Mist<\/strong> ist intensiv psychedelisch und voller Euphorie. Dieser Rausch f\u00fcllt dich mit Energie und Kreativit\u00e4t, h\u00e4lt dich stundenlang in guter Stimmung. Mit einem <strong>THC<\/strong>-Gehalt, der zwischen 15% und 20% liegt, und einem niedrigen <strong>CBD<\/strong>-Gehalt von weniger als 1%, ist dieser Strain ideal f\u00fcr diejenigen, die ein stimulierendes und zerebrales Erlebnis suchen. Perfekt f\u00fcr kreative T\u00e4tigkeiten oder einfach f\u00fcr ein gutes Gespr\u00e4ch.<\/p>\n\n\n\n<h3 class=\"wp-block-heading\">Terpene der Kali Mist<\/h3>\n\n\n\n<p>Die <strong>Kali Mist<\/strong> enth\u00e4lt eine reiche Mischung an Terpenen, die zu ihrem einzigartigen Aroma und ihren Effekten beitragen. Zu den Hauptterpenen geh\u00f6ren:<\/p>\n\n\n\n<ul class=\"wp-block-list\">\n<li><strong>Myrcen<\/strong>: Mit seinem erdigen und krautigen Aroma ist dieses Terpen f\u00fcr seine entspannenden und entz\u00fcndungshemmenden Wirkungen bekannt.<\/li>\n\n\n\n<li><strong>Caryophyllen<\/strong>: Mit w\u00fcrzigen und pfeffrigen Noten hat dieses Terpen schmerzlindernde und angstl\u00f6sende Eigenschaften.<\/li>\n\n\n\n<li><strong>Pinene<\/strong>: Es bringt ein frisches Kiefernaroma und ist bekannt f\u00fcr seine entz\u00fcndungshemmenden Wirkungen und seine Ged\u00e4chtnis verbessernden Eigenschaften.<\/li>\n<\/ul>\n\n\n\n<p>Diese Kombination von Terpenen bereichert nicht nur das Geschmacks- und Aromaprofil der <strong>Kali Mist<\/strong>, sondern verst\u00e4rkt auch ihre therapeutischen Wirkungen, was sie zu einer idealen Wahl f\u00fcr diejenigen macht, die nach Stress-, Angst- und Depressionslinderung suchen.<\/p>\n\n\n\n<h2 class=\"wp-block-heading\">Produktion und Bl\u00fctezeit<\/h2>\n\n\n\n<p>Die <strong>Kali Mist<\/strong> ist bekannt f\u00fcr ihre hohe Produktion sowohl im Innen- als auch im Au\u00dfenbereich. In Innenr\u00e4umen, unter optimalen Bedingungen, kannst du mit einer Produktion von <strong>400 bis 500 Gramm pro Quadratmeter<\/strong> rechnen. Im Freien, unter sonnigem Klima und mit gen\u00fcgend Platz zum Wachsen, kann dieser Strain bis zu <strong>900 Gramm pro Pflanze<\/strong> erreichen.<\/p>\n\n\n\n<p>Die Bl\u00fctezeit der <strong>Kali Mist<\/strong> in Innenr\u00e4umen betr\u00e4gt etwa <strong>70 bis 84 Tage<\/strong> (10-12 Wochen) ab der Umstellung auf die Bl\u00fctephase. Obwohl die Wartezeit lang erscheinen mag, sind die Ergebnisse jeden Tag der Geduld wert. Im Freien beginnt die Bl\u00fctezeit in der ersten Augusth\u00e4lfte und die Ernte erfolgt <strong>Mitte November<\/strong>, was diesen Strain zu einer perfekten Wahl f\u00fcr lange Sommer und trockene Herbste macht.<\/p>\n\n\n\n<h2 class=\"wp-block-heading\">Wie man Kali Mist anbaut<\/h2>\n\n\n\n<p>Die <strong>Kali Mist<\/strong> ist ein Strain, den wir besonders f\u00fcr Z\u00fcchter mit etwas Erfahrung empfehlen, da sie bestimmte spezielle Pflege ben\u00f6tigt. Dennoch ist ihr Anbau nicht extrem kompliziert und die Ergebnisse sind beeindruckend, selbst f\u00fcr geduldige Anf\u00e4nger.<\/p>\n\n\n\n<p>Um die besten Ergebnisse zu erzielen, ist es wichtig, der <strong>Kali Mist<\/strong> ein warmes und sonniges Klima zu bieten. Diese Pflanze gedeiht hervorragend im Freien bei langen Sommern und trockenen Herbsten. In Innenr\u00e4umen ist es wichtig, viel vertikalen Raum zur Verf\u00fcgung zu haben, da sie dazu neigt, in die H\u00f6he zu wachsen. Das Beschneiden der Spitzen oder die Anwendung von Techniken wie SCROG (Screen of Green) k\u00f6nnen sehr n\u00fctzlich sein, um ihr Wachstum zu kontrollieren.<\/p>\n\n\n\n<p>Die <strong>Kali Mist<\/strong> ist bekannt f\u00fcr ihre Resistenz gegen Sch\u00e4dlinge und Krankheiten, was sie zu einer sicheren Wahl f\u00fcr diejenigen macht, die sich um die Gesundheit ihrer Pflanzen sorgen. Dennoch ist es, wie bei jedem Anbau, essenziell, gute Hygienema\u00dfnahmen und Wachsamkeit zu bewahren, um Probleme zu vermeiden.<\/p>\n\n\n\n<div style=\"height:50px\" aria-hidden=\"true\" class=\"wp-block-spacer uag-hide-mob\"><\/div>\n\n\n\n<div class=\"wp-block-columns is-layout-flex wp-container-core-columns-is-layout-28f84493 wp-block-columns-is-layout-flex\">\n<div class=\"wp-block-column is-layout-flow wp-block-column-is-layout-flow\">\n<p class=\"has-text-align-center has-medium-font-size\"><strong>Was wir am meisten m\u00f6gen<\/strong><\/p>\n\n\n\n<ul class=\"wp-block-list\">\n<li>Sehr einfach im Freien zu kultivieren.<\/li>\n\n\n\n<li>Hohe Produktion.<\/li>\n\n\n\n<li>Intensiver und einzigartiger Geschmack.<\/li>\n\n\n\n<li>Sehr psychedelische und euphorische Effekte.<\/li>\n\n\n\n<li>Gute Resistenz gegen Sch\u00e4dlinge und Krankheiten.<\/li>\n<\/ul>\n<\/div>\n\n\n\n<div class=\"wp-block-column is-layout-flow wp-block-column-is-layout-flow\">\n<p class=\"has-text-align-center has-medium-font-size\"><strong>Was wir weniger m\u00f6gen<\/strong><\/p>\n\n\n\n<ul class=\"wp-block-list\">\n<li>Nicht die beste Wahl f\u00fcr Innenr\u00e4ume ohne ausreichenden Platz.<\/li>\n\n\n\n<li>Nicht geeignet zum Rauchen vor dem Schlafengehen.<\/li>\n\n\n\n<li>Die Bl\u00fctezeit kann f\u00fcr einige Z\u00fcchter lang erscheinen.<\/li>\n<\/ul>\n<\/div>\n<\/div>\n\n\n\n<div style=\"height:50px\" aria-hidden=\"true\" class=\"wp-block-spacer uag-hide-mob\"><\/div>\n\n\n\n<h2 class=\"wp-block-heading\">H\u00e4ufig gestellte Fragen<\/h2>\n\n\n\n<p>Im Folgenden findest du Antworten auf die h\u00e4ufigsten Fragen, die Z\u00fcchter zu diesem Strain haben:<\/p>\n\n\n<div id=\"rank-math-faq\" class=\"rank-math-block\">\n<div class=\"rank-math-list \">\n<div id=\"faq-question-1663029074962\" class=\"rank-math-list-item\">\n<h3 class=\"rank-math-question \">Wann beginnt Kali Mist im Freien zu bl\u00fchen?<\/h3>\n<div class=\"rank-math-answer \">\n\n<p>Die Bl\u00fctezeit der <strong>Kali Mist<\/strong> im Freien beginnt in der ersten Augusth\u00e4lfte, abh\u00e4ngig von der Anbaulage.<\/p>\n\n<\/div>\n<\/div>\n<div id=\"faq-question-1663029159933\" class=\"rank-math-list-item\">\n<h3 class=\"rank-math-question \">Wann sollte man eine Kali Mist im Freien ernten?<\/h3>\n<div class=\"rank-math-answer \">\n\n<p>Kali Mist ist ein Strain mit einer etwas l\u00e4ngeren Bl\u00fctezeit, der Mitte November geerntet wird. Es ist wichtig, dies zu ber\u00fccksichtigen, um den Anbau und die Ernte entsprechend zu planen.<\/p>\n\n<\/div>\n<\/div>\n<div id=\"faq-question-1663029165861\" class=\"rank-math-list-item\">\n<h3 class=\"rank-math-question \">Wie baut man eine feminisierte Kali Mist an?<\/h3>\n<div class=\"rank-math-answer \">\n\n<p>Um eine <strong>Kali Mist<\/strong> feminisiert anzubauen, ist es vorzuziehen, dies an sonnigen Standorten im Freien mit einem trockenen Herbstanfang zu tun. Im Innenbereich ist es notwendig, etwas zu beschneiden oder die Zweige zu f\u00fchren, um ihre H\u00f6he zu kontrollieren und ein optimales Wachstum zu f\u00f6rdern.<\/p>\n\n<\/div>\n<\/div>\n<div id=\"faq-question-1666780029954\" class=\"rank-math-list-item\">\n<h3 class=\"rank-math-question \">Welche Effekte hat Kali Mist in gro\u00dfen Mengen?<\/h3>\n<div class=\"rank-math-answer \">\n\n<p>Die Effekte der <strong>Kali Mist<\/strong> sind sehr potent und psychedelisch. Sie f\u00fcllt dich stundenlang mit Energie und guter Laune, was diesen Strain zu einer hervorragenden Wahl f\u00fcr kreative und soziale Aktivit\u00e4ten macht.<\/p>\n\n<\/div>\n<\/div>\n<div id=\"faq-question-1720427892664\" class=\"rank-math-list-item\">\n<h3 class=\"rank-math-question \">Ist Kali Mist Sativa oder Indica?<\/h3>\n<div class=\"rank-math-answer \">\n\n<p>Die <strong>Kali Mist<\/strong> ist ein \u00fcberwiegend <strong>Sativa<\/strong> Strain, mit 90% Sativa- und 10% Indica-Genetik. Sativa-Pflanzen, wie die Kali Mist, sind in der Regel hoch und schlank, mit schmaleren und l\u00e4ngeren Bl\u00e4ttern. Sie erzeugen eher belebende und zerebrale Effekte, ideal f\u00fcr den Tag und kreative Aktivit\u00e4ten. Indicas hingegen sind tendenziell k\u00fcrzer und robuster, mit breiteren Bl\u00e4ttern und mehr entspannenden, k\u00f6rperlichen Effekten, die perfekt f\u00fcr die Nacht sind.<\/p>\n\n<\/div>\n<\/div>\n<\/div>\n<\/div>","protected":false},"excerpt":{"rendered":"<p>Entdecke die grenzenlose Euphorie und Kreativit\u00e4t mit <b>Kali Mist<\/b>. Diese legend\u00e4re Sativa bietet eine <strong>intensive und langanhaltende psychedelische Erfahrung<\/strong>, ideal f\u00fcr kreative Aktivit\u00e4ten. Einfach im Freien anzubauen und mit hoher Resistenz gegen Sch\u00e4dlinge, ist sie perfekt f\u00fcr Z\u00fcchter, die <strong>au\u00dfergew\u00f6hnliche Qualit\u00e4t und Leistung<\/strong> suchen.<\/p>\n","protected":false},"featured_media":18724,"comment_status":"open","ping_status":"closed","template":"","meta":{"_acf_changed":false,"inline_featured_image":false,"_uag_custom_page_level_css":""},"product_brand":[],"product_cat":[1097],"product_tag":[],"class_list":{"0":"post-9792","1":"product","2":"type-product","3":"status-publish","4":"has-post-thumbnail","6":"product_cat-feminisierte-cannabis-samen","8":"first","9":"outofstock","10":"taxable","11":"shipping-taxable","12":"purchasable","13":"product-type-simple"},"acf":[],"uagb_featured_image_src":{"full":["https:\/\/bulkgenetics.com\/wp-content\/uploads\/2022\/09\/Kali-Mist-2.jpg",1600,1600,false],"thumbnail":["https:\/\/bulkgenetics.com\/wp-content\/uploads\/2022\/09\/Kali-Mist-2-150x150.jpg",150,150,true],"medium":["https:\/\/bulkgenetics.com\/wp-content\/uploads\/2022\/09\/Kali-Mist-2-300x300.jpg",300,300,true],"medium_large":["https:\/\/bulkgenetics.com\/wp-content\/uploads\/2022\/09\/Kali-Mist-2-768x768.jpg",768,768,true],"large":["https:\/\/bulkgenetics.com\/wp-content\/uploads\/2022\/09\/Kali-Mist-2-1024x1024.jpg",1024,1024,true],"1536x1536":["https:\/\/bulkgenetics.com\/wp-content\/uploads\/2022\/09\/Kali-Mist-2-1536x1536.jpg",1536,1536,true],"2048x2048":["https:\/\/bulkgenetics.com\/wp-content\/uploads\/2022\/09\/Kali-Mist-2.jpg",1600,1600,false],"commercegurus-pdp-large":["https:\/\/bulkgenetics.com\/wp-content\/uploads\/2022\/09\/Kali-Mist-2-990x990.jpg",990,990,true],"commercegurus-plp-mobile":["https:\/\/bulkgenetics.com\/wp-content\/uploads\/2022\/09\/Kali-Mist-2-441x441.jpg",441,441,true],"cgkit_image_swatch":["https:\/\/bulkgenetics.com\/wp-content\/uploads\/2022\/09\/Kali-Mist-2-100x100.jpg",100,100,true],"woocommerce_thumbnail":["https:\/\/bulkgenetics.com\/wp-content\/uploads\/2022\/09\/Kali-Mist-2-300x300.jpg",300,300,true],"woocommerce_single":["https:\/\/bulkgenetics.com\/wp-content\/uploads\/2022\/09\/Kali-Mist-2-800x800.jpg",800,800,true],"woocommerce_gallery_thumbnail":["https:\/\/bulkgenetics.com\/wp-content\/uploads\/2022\/09\/Kali-Mist-2-150x150.jpg",150,150,true],"dgwt-wcas-product-suggestion":["https:\/\/bulkgenetics.com\/wp-content\/uploads\/2022\/09\/Kali-Mist-2-64x64.jpg",64,64,true]},"uagb_author_info":{"display_name":"Bruno Crespo","author_link":"https:\/\/bulkgenetics.com\/de\/author\/"},"uagb_comment_info":2,"uagb_excerpt":"Entdecke die grenzenlose Euphorie und Kreativit\u00e4t mit Kali Mist. Diese legend\u00e4re Sativa bietet eine intensive und langanhaltende psychedelische Erfahrung, ideal f\u00fcr kreative Aktivit\u00e4ten. Einfach im Freien anzubauen und mit hoher Resistenz gegen Sch\u00e4dlinge, ist sie perfekt f\u00fcr Z\u00fcchter, die au\u00dfergew\u00f6hnliche Qualit\u00e4t und Leistung suchen.","_links":{"self":[{"href":"https:\/\/bulkgenetics.com\/de\/wp-json\/wp\/v2\/product\/9792","targetHints":{"allow":["GET"]}}],"collection":[{"href":"https:\/\/bulkgenetics.com\/de\/wp-json\/wp\/v2\/product"}],"about":[{"href":"https:\/\/bulkgenetics.com\/de\/wp-json\/wp\/v2\/types\/product"}],"replies":[{"embeddable":true,"href":"https:\/\/bulkgenetics.com\/de\/wp-json\/wp\/v2\/comments?post=9792"}],"wp:featuredmedia":[{"embeddable":true,"href":"https:\/\/bulkgenetics.com\/de\/wp-json\/wp\/v2\/media\/18724"}],"wp:attachment":[{"href":"https:\/\/bulkgenetics.com\/de\/wp-json\/wp\/v2\/media?parent=9792"}],"wp:term":[{"taxonomy":"product_brand","embeddable":true,"href":"https:\/\/bulkgenetics.com\/de\/wp-json\/wp\/v2\/product_brand?post=9792"},{"taxonomy":"product_cat","embeddable":true,"href":"https:\/\/bulkgenetics.com\/de\/wp-json\/wp\/v2\/product_cat?post=9792"},{"taxonomy":"product_tag","embeddable":true,"href":"https:\/\/bulkgenetics.com\/de\/wp-json\/wp\/v2\/product_tag?post=9792"}],"curies":[{"name":"wp","href":"https:\/\/api.w.org\/{rel}","templated":true}]}}