{"id":9829,"date":"2022-09-30T16:32:04","date_gmt":"2022-09-30T14:32:04","guid":{"rendered":"https:\/\/www.bulkgenetics.com\/mendocino-purple-kush\/"},"modified":"2024-10-08T01:18:52","modified_gmt":"2024-10-07T23:18:52","slug":"mendocino-purple-kush","status":"publish","type":"product","link":"https:\/\/bulkgenetics.com\/de\/mendocino-purple-kush\/","title":{"rendered":"Mendocino Purple Kush"},"content":{"rendered":"\n<p><strong>Mendocino Purple Kush<\/strong> ist eine Cannabissorte, die deinen Garten in ein Spektakel aus Farben und Aromen verwandeln wird. Diese Strain wurde durch die Kreuzung zweier renommierter amerikanischer Genetiken entwickelt: der ber\u00fchmten <strong>Mendocino Purple<\/strong> oder einfach Purps, die aus dem Humboldt County in Kalifornien stammt, und der unglaublich harzigen <strong><a href=\"https:\/\/bulkgenetics.com\/de\/purple-kush\/\">Purple Kush<\/a><\/strong>. Diese kraftvolle Mischung hat eine Pflanze hervorgebracht, die nicht nur beeindruckend anzusehen ist, sondern auch ein lohnendes Anbauerlebnis f\u00fcr Z\u00fcchter aller Erfahrungsstufen bietet.<\/p>\n\n\n\n<p>Die <strong>Mendocino Purple Kush<\/strong> zeichnet sich durch ihre robuste und gestreckte Morphologie aus, die es ihr erm\u00f6glicht, im Freien beeindruckende H\u00f6hen von bis zu 3 Metern zu erreichen. Ihre Bl\u00e4tter sind riesig und ihre Bl\u00fcten, gro\u00df, hart und extrem harzig, variieren in der Farbe von einem lebhaften Gr\u00fcn bis zu einem intensiven Lila \u2013 ein wahrer Genuss f\u00fcr die Sinne. Die gr\u00fcnen Ph\u00e4notypen neigen dazu, die schnellsten und produktivsten zu sein, w\u00e4hrend die lila Ph\u00e4notypen ein visuelles Spektakel bieten, das schwer zu \u00fcbertreffen ist.<\/p>\n\n\n\n<h2 class=\"wp-block-heading\">Geschmack und Wirkung<\/h2>\n\n\n\n<p>Das Aroma und der Geschmack der <strong>Mendocino Purple Kush<\/strong> sind wirklich besonders. Diese Strain kombiniert erdige Noten mit s\u00fc\u00dfen Akzenten, die an Beeren und frische Trauben erinnern. Die gr\u00fcnen Ph\u00e4notypen haben tendenziell einen erdigeren Geschmack, w\u00e4hrend die lila Ph\u00e4notypen einen s\u00fc\u00dferen und fruchtigeren Geschmack aufweisen. Diese Geschmacksmischung macht jeden Zug zu einem einzigartigen sensorischen Erlebnis.<\/p>\n\n\n\n<p>Was die Wirkung angeht, entt\u00e4uscht die <strong>Mendocino Purple Kush<\/strong> nicht. Mit einem THC-Gehalt von 15% bis 20% und einem sehr niedrigen CBD-Gehalt bietet diese Strain eine kraftvolle Kombination von Effekten. Beim Konsum wirst du zuerst eine Welle von Energie, Kreativit\u00e4t und Gl\u00fcck sp\u00fcren, die dich stark trifft. Dann folgt eine zweite, viel entspannendere Welle, die dir ein tiefes Gef\u00fchl der Entspannung und des Wohlbefindens vermittelt. Sie ist ideal f\u00fcr diejenigen, die sowohl einen Energieschub als auch ein entspannendes Ende suchen.<\/p>\n\n\n\n<h3 class=\"wp-block-heading\">Terpene der Mendocino Purple Kush<\/h3>\n\n\n\n<p>Die in der <strong>Mendocino Purple Kush<\/strong> enthaltenen Terpene sind verantwortlich f\u00fcr ihr unverwechselbares Aroma und ihren Geschmack sowie f\u00fcr einige ihrer therapeutischen Wirkungen. Zu den herausragendsten Terpenen geh\u00f6ren <strong>Myrcen<\/strong>, das ein erdiges und nelkenartiges Aroma verleiht und f\u00fcr seine entspannenden Eigenschaften bekannt ist; <strong>Humulen<\/strong>, das holzige und w\u00fcrzige Noten hinzuf\u00fcgt und f\u00fcr seine entz\u00fcndungshemmenden Wirkungen bekannt ist; und <strong>Beta-Caryophyllen<\/strong>, das ein scharfes und pfeffriges Aroma bietet und schmerzlindernde und angstl\u00f6sende Eigenschaften hat.<\/p>\n\n\n\n<p>Diese Terpene bereichern nicht nur das Konsumerlebnis mit ihren k\u00f6stlichen Aromen und Geschmacksrichtungen, sondern tragen auch zu den therapeutischen Wirkungen der <strong>Mendocino Purple Kush<\/strong> bei und bieten Vorteile wie Stressabbau, Schmerzlinderung und ein allgemeines Gef\u00fchl des Wohlbefindens.<\/p>\n\n\n\n<h2 class=\"wp-block-heading\">Ertrag und Bl\u00fctezeit<\/h2>\n\n\n\n<p>Die <strong>Mendocino Purple Kush<\/strong> ist eine Strain, die sowohl drinnen als auch drau\u00dfen gro\u00dfz\u00fcgige Ertr\u00e4ge bietet. In Innenr\u00e4umen, mit einer LED-Beleuchtung von 300-350 W, k\u00f6nnen Ertr\u00e4ge von bis zu 550 Gramm pro Quadratmeter erzielt werden. Diese Strain ist perfekt f\u00fcr diejenigen, die ihre Produktion in kontrollierten R\u00e4umen maximieren m\u00f6chten.<\/p>\n\n\n\n<p>Im Freien kann die <strong>Mendocino Purple Kush<\/strong> bis zu 800 Gramm pro Pflanze produzieren, besonders wenn sie ihr maximales Wachstum erreicht. Diese robuste Pflanze kann H\u00f6hen von 2,5 bis 3 Metern erreichen, was sie zu einer idealen Wahl f\u00fcr diejenigen macht, die ausreichend Platz haben und eine reichliche Ernte anstreben.<\/p>\n\n\n\n<p>Die Bl\u00fctezeit der <strong>Mendocino Purple Kush<\/strong> ist relativ kurz. In Innenr\u00e4umen dauert die Bl\u00fctezeit zwischen 8 und 9 Wochen, was bedeutet, dass du deine Bl\u00fcten in kurzer Zeit ernten kannst. Im Freien erfolgt die Ernte Anfang Oktober, wobei einige Ph\u00e4notypen sogar ein paar Tage fr\u00fcher fertig sein k\u00f6nnen. Diese schnelle Bl\u00fctezeit macht die <strong>Mendocino Purple Kush<\/strong> zu einer attraktiven Option f\u00fcr Z\u00fcchter, die eine effiziente und produktive Sorte suchen.<\/p>\n\n\n\n<h2 class=\"wp-block-heading\">Wie man Mendocino Purple Kush anbaut<\/h2>\n\n\n\n<p>Die <strong>Mendocino Purple Kush<\/strong> ist eine relativ einfach anzubauende Pflanze, die sowohl f\u00fcr Anf\u00e4nger als auch f\u00fcr erfahrene Z\u00fcchter geeignet ist. Obwohl sie robust ist, vertr\u00e4gt sie keine hohen D\u00fcngerdosen gut, daher empfehlen wir die Verwendung einer Linie fester organischer D\u00fcngemittel, die mit dem Substrat gemischt werden.<\/p>\n\n\n\n<p>Was das Klima betrifft, gedeiht diese Sorte am besten in warmen und sonnigen Klimazonen. Wenn wir im Freien anbauen, ist es ideal, den Anbau Anfang des Fr\u00fchlings zu beginnen, damit die Pflanze gen\u00fcgend Zeit zum Wachsen und Entwickeln hat, bevor die Bl\u00fcte einsetzt. In Innenr\u00e4umen sollten Temperatur und Luftfeuchtigkeit auf optimalen Niveaus gehalten werden, um Probleme mit Schimmel und Sch\u00e4dlingen zu vermeiden.<\/p>\n\n\n\n<p>Was Sch\u00e4dlinge und Krankheiten betrifft, ist die <strong>Mendocino Purple Kush<\/strong> ziemlich resistent, aber wie jede Pflanze kann sie anf\u00e4llig f\u00fcr Angriffe von Insekten wie Milben und Blattl\u00e4usen sowie f\u00fcr Pilzkrankheiten sein. Die Aufrechterhaltung einer sauberen und kontrollierten Umgebung und regelm\u00e4\u00dfige Inspektionen k\u00f6nnen helfen, diese Probleme zu verhindern.<\/p>\n\n\n\n<div style=\"height:50px\" aria-hidden=\"true\" class=\"wp-block-spacer uag-hide-mob\"><\/div>\n\n\n\n<div class=\"wp-block-columns is-layout-flex wp-container-core-columns-is-layout-28f84493 wp-block-columns-is-layout-flex\">\n<div class=\"wp-block-column is-layout-flow wp-block-column-is-layout-flow\">\n<p class=\"has-text-align-center has-medium-font-size\"><strong>Was uns am besten gef\u00e4llt<\/strong><\/p>\n\n\n\n<ul class=\"wp-block-list\">\n<li>Reichliche Ertr\u00e4ge sowohl drinnen als auch drau\u00dfen.<\/li>\n\n\n\n<li>Ausgezeichnetes Aroma und Geschmack mit Noten von Beeren und Trauben.<\/li>\n\n\n\n<li>Beeindruckendes Aussehen der Bl\u00fcten mit lebhaften Farben.<\/li>\n\n\n\n<li>Kraftvolle Effekte, die Energie und Entspannung kombinieren.<\/li>\n<\/ul>\n<\/div>\n\n\n\n<div class=\"wp-block-column is-layout-flow wp-block-column-is-layout-flow\">\n<p class=\"has-text-align-center has-medium-font-size\"><strong>Was uns weniger gef\u00e4llt<\/strong><\/p>\n\n\n\n<ul class=\"wp-block-list\">\n<li>Vertr\u00e4gt keine hohen D\u00fcngerdosen gut.<\/li>\n\n\n\n<li>Kann anf\u00e4llig f\u00fcr Sch\u00e4dlinge sein, wenn sie nicht richtig gepflegt wird.<\/li>\n<\/ul>\n<\/div>\n<\/div>\n\n\n\n<div style=\"height:50px\" aria-hidden=\"true\" class=\"wp-block-spacer uag-hide-mob\"><\/div>\n\n\n\n<h2 class=\"wp-block-heading\">H\u00e4ufig gestellte Fragen<\/h2>\n\n\n\n<p>Im Folgenden findest du die Antworten auf die h\u00e4ufigsten Fragen, die Z\u00fcchter zu dieser Strain haben:<\/p>\n\n\n<div id=\"rank-math-faq\" class=\"rank-math-block\">\n<div class=\"rank-math-list \">\n<div id=\"faq-question-1663029074962\" class=\"rank-math-list-item\">\n<h3 class=\"rank-math-question \">Wann beginnt Mendocino Purple Kush im Freien zu bl\u00fchen?<\/h3>\n<div class=\"rank-math-answer \">\n\n<p>Je nach Breitengrad und klimatischen Bedingungen beginnt die Bl\u00fcte der <strong>Mendocino Purple Kush<\/strong> im Freien in der ersten Augusth\u00e4lfte.<\/p>\n\n<\/div>\n<\/div>\n<div id=\"faq-question-1663029159933\" class=\"rank-math-list-item\">\n<h3 class=\"rank-math-question \">Wann sollte man Mendocino Purple Kush im Freien ernten?<\/h3>\n<div class=\"rank-math-answer \">\n\n<p>Die <strong>Mendocino Purple Kush<\/strong> ist eine schnell bl\u00fchende Sorte, die Anfang Oktober erntebereit ist. Einige Ph\u00e4notypen k\u00f6nnen ein paar Tage fr\u00fcher fertig sein.<\/p>\n\n<\/div>\n<\/div>\n<div id=\"faq-question-1663029165861\" class=\"rank-math-list-item\">\n<h3 class=\"rank-math-question \">Wie baut man eine feminisierte Mendocino Purple Kush an?<\/h3>\n<div class=\"rank-math-answer \">\n\n<p>Sie ist eine einfach zu kultivierende Pflanze, vertr\u00e4gt jedoch keine hohen D\u00fcngergaben. Sie w\u00e4chst enorm und kann im Freien eine H\u00f6he von bis zu 3 Metern erreichen.<\/p>\n\n<\/div>\n<\/div>\n<div id=\"faq-question-1666780029954\" class=\"rank-math-list-item\">\n<h3 class=\"rank-math-question \">Welche Effekte hat Mendocino Purple Kush in gro\u00dfen Mengen?<\/h3>\n<div class=\"rank-math-answer \">\n\n<p>Die Effekte der <strong>Mendocino Purple Kush<\/strong> sind stark und ausgewogen. Zuerst sp\u00fcrst du eine Welle von Energie, Kreativit\u00e4t und Gl\u00fcck, gefolgt von einer zweiten Welle tiefer Entspannung. Perfekt f\u00fcr diejenigen, die ein Gleichgewicht zwischen Aktivit\u00e4t und Ruhe suchen.<\/p>\n\n<\/div>\n<\/div>\n<div id=\"faq-question-1720596293061\" class=\"rank-math-list-item\">\n<h3 class=\"rank-math-question \">Ist Mendocino Purple Kush sativa oder indica?<\/h3>\n<div class=\"rank-math-answer \">\n\n<p>Die <strong>Mendocino Purple Kush<\/strong> ist eine \u00fcberwiegend indica-dominierte Sorte. Indica-Pflanzen sind in der Regel kompakter und robuster, mit breiten Bl\u00e4ttern und schnellerem Wachstum als Sativas. Indicas sind bekannt f\u00fcr ihre entspannenden und beruhigenden Effekte, ideal f\u00fcr den n\u00e4chtlichen Gebrauch. Sativas sind dagegen gr\u00f6\u00dfer und schlanker, mit schmaleren Bl\u00e4ttern und energetisierenden, zerebralen Effekten. Die <strong>Mendocino Purple Kush<\/strong> kombiniert das Beste aus beiden Welten, ihre Indica-Dominanz macht sie jedoch perfekt f\u00fcr diejenigen, die Entspannung und Stressabbau suchen.<\/p>\n\n<\/div>\n<\/div>\n<\/div>\n<\/div>","protected":false},"excerpt":{"rendered":"<p><b>Mendocino Purple Kush<\/b> bietet dir ein einzigartiges Erlebnis mit beeindruckender Produktion von harzigen Bl\u00fcten, <strong>starken und entspannenden Effekten<\/strong> und einem k\u00f6stlichen <strong>Geschmack nach Beeren und Trauben<\/strong>. Ideal f\u00fcr Z\u00fcchter, die einfache Handhabung und hohe Ertr\u00e4ge suchen, und f\u00fcr Konsumenten, die eine <strong>perfekte Mischung aus Energie und Entspannung<\/strong> w\u00fcnschen.<\/p>\n","protected":false},"featured_media":11856,"comment_status":"open","ping_status":"closed","template":"","meta":{"_acf_changed":false,"inline_featured_image":false,"_uag_custom_page_level_css":""},"product_brand":[],"product_cat":[1097],"product_tag":[],"class_list":{"0":"post-9829","1":"product","2":"type-product","3":"status-publish","4":"has-post-thumbnail","6":"product_cat-feminisierte-cannabis-samen","8":"first","9":"outofstock","10":"taxable","11":"shipping-taxable","12":"purchasable","13":"product-type-simple"},"acf":[],"uagb_featured_image_src":{"full":["https:\/\/bulkgenetics.com\/wp-content\/uploads\/2022\/09\/Mendocino-purple-kush.jpg",1600,1600,false],"thumbnail":["https:\/\/bulkgenetics.com\/wp-content\/uploads\/2022\/09\/Mendocino-purple-kush-150x150.jpg",150,150,true],"medium":["https:\/\/bulkgenetics.com\/wp-content\/uploads\/2022\/09\/Mendocino-purple-kush-300x300.jpg",300,300,true],"medium_large":["https:\/\/bulkgenetics.com\/wp-content\/uploads\/2022\/09\/Mendocino-purple-kush-768x768.jpg",768,768,true],"large":["https:\/\/bulkgenetics.com\/wp-content\/uploads\/2022\/09\/Mendocino-purple-kush-1024x1024.jpg",1024,1024,true],"1536x1536":["https:\/\/bulkgenetics.com\/wp-content\/uploads\/2022\/09\/Mendocino-purple-kush-1536x1536.jpg",1536,1536,true],"2048x2048":["https:\/\/bulkgenetics.com\/wp-content\/uploads\/2022\/09\/Mendocino-purple-kush.jpg",1600,1600,false],"commercegurus-pdp-large":["https:\/\/bulkgenetics.com\/wp-content\/uploads\/2022\/09\/Mendocino-purple-kush-990x990.jpg",990,990,true],"commercegurus-plp-mobile":["https:\/\/bulkgenetics.com\/wp-content\/uploads\/2022\/09\/Mendocino-purple-kush-441x441.jpg",441,441,true],"cgkit_image_swatch":["https:\/\/bulkgenetics.com\/wp-content\/uploads\/2022\/09\/Mendocino-purple-kush-100x100.jpg",100,100,true],"woocommerce_thumbnail":["https:\/\/bulkgenetics.com\/wp-content\/uploads\/2022\/09\/Mendocino-purple-kush-300x300.jpg",300,300,true],"woocommerce_single":["https:\/\/bulkgenetics.com\/wp-content\/uploads\/2022\/09\/Mendocino-purple-kush-800x800.jpg",800,800,true],"woocommerce_gallery_thumbnail":["https:\/\/bulkgenetics.com\/wp-content\/uploads\/2022\/09\/Mendocino-purple-kush-150x150.jpg",150,150,true],"dgwt-wcas-product-suggestion":["https:\/\/bulkgenetics.com\/wp-content\/uploads\/2022\/09\/Mendocino-purple-kush-64x64.jpg",64,64,true]},"uagb_author_info":{"display_name":"Bruno Crespo","author_link":"https:\/\/bulkgenetics.com\/de\/author\/"},"uagb_comment_info":1,"uagb_excerpt":"Mendocino Purple Kush bietet dir ein einzigartiges Erlebnis mit beeindruckender Produktion von harzigen Bl\u00fcten, starken und entspannenden Effekten und einem k\u00f6stlichen Geschmack nach Beeren und Trauben. Ideal f\u00fcr Z\u00fcchter, die einfache Handhabung und hohe Ertr\u00e4ge suchen, und f\u00fcr Konsumenten, die eine perfekte Mischung aus Energie und Entspannung w\u00fcnschen.","_links":{"self":[{"href":"https:\/\/bulkgenetics.com\/de\/wp-json\/wp\/v2\/product\/9829","targetHints":{"allow":["GET"]}}],"collection":[{"href":"https:\/\/bulkgenetics.com\/de\/wp-json\/wp\/v2\/product"}],"about":[{"href":"https:\/\/bulkgenetics.com\/de\/wp-json\/wp\/v2\/types\/product"}],"replies":[{"embeddable":true,"href":"https:\/\/bulkgenetics.com\/de\/wp-json\/wp\/v2\/comments?post=9829"}],"wp:featuredmedia":[{"embeddable":true,"href":"https:\/\/bulkgenetics.com\/de\/wp-json\/wp\/v2\/media\/11856"}],"wp:attachment":[{"href":"https:\/\/bulkgenetics.com\/de\/wp-json\/wp\/v2\/media?parent=9829"}],"wp:term":[{"taxonomy":"product_brand","embeddable":true,"href":"https:\/\/bulkgenetics.com\/de\/wp-json\/wp\/v2\/product_brand?post=9829"},{"taxonomy":"product_cat","embeddable":true,"href":"https:\/\/bulkgenetics.com\/de\/wp-json\/wp\/v2\/product_cat?post=9829"},{"taxonomy":"product_tag","embeddable":true,"href":"https:\/\/bulkgenetics.com\/de\/wp-json\/wp\/v2\/product_tag?post=9829"}],"curies":[{"name":"wp","href":"https:\/\/api.w.org\/{rel}","templated":true}]}}