{"id":9832,"date":"2022-09-30T16:32:37","date_gmt":"2022-09-30T14:32:37","guid":{"rendered":"https:\/\/www.bulkgenetics.com\/new-york-diesel\/"},"modified":"2024-10-08T01:18:52","modified_gmt":"2024-10-07T23:18:52","slug":"new-york-diesel","status":"publish","type":"product","link":"https:\/\/bulkgenetics.com\/de\/new-york-diesel\/","title":{"rendered":"New York Diesel"},"content":{"rendered":"\n<p><strong>New York Diesel<\/strong> hat seine Wurzeln in der pulsierenden Stadt New York, einer Metropole, die f\u00fcr ihre Energie und Vielfalt bekannt ist. Dieser Cannabis-Strain entsteht aus einer Kreuzung zwischen kolumbianischen Sativa-Landrassen und afghanischen Indicas. Seine einzigartige Genetik hat <strong>New York Diesel<\/strong> zu \u00fcber 10 wichtigen Auszeichnungen verholfen, darunter zwei erste Pl\u00e4tze bei der IC 420 Growers Cup in der Kategorie Beste Sativa.<\/p>\n\n\n\n<p>Visuell ist <strong>New York Diesel<\/strong> ein echter Hingucker. Die Pflanzen k\u00f6nnen im Freien eine durchschnittliche H\u00f6he von 8 Fu\u00df erreichen, mit starken und widerstandsf\u00e4higen Zweigen. Die Buds sind dick, sehr kompakt und dicht mit Kristallen bedeckt, die wie in Diamanten getaucht gl\u00e4nzen. Am Ende des Anbaus, wenn die Temperaturen mild sind, nehmen diese Buds sehr auff\u00e4llige dunkle T\u00f6ne an und machen jede Pflanze zu einem nat\u00fcrlichen Kunstwerk, das einen einfach umhaut.<\/p>\n\n\n\n<h2 class=\"wp-block-heading\">Geschmack und Wirkung<\/h2>\n\n\n\n<p>Das Aroma und der Geschmack von <strong>New York Diesel<\/strong> sind eine sensorische Explosion. Beim \u00d6ffnen eines Glases dieser Buds wirst du von intensiven Noten von Grapefruit und Mandarine begr\u00fc\u00dft, gemischt mit einem markanten Diesel-Touch, der den Raum erf\u00fcllt. Dieses Geschmacksprofil wird oft als Mischung aus reifen Zitrusfr\u00fcchten mit einer s\u00fc\u00dfen Note beschrieben, was ein exotisches und unvergessliches Geschmackserlebnis schafft.<\/p>\n\n\n\n<p>Beim Konsum von <strong>New York Diesel<\/strong> kannst du dich auf eine Reise ausgewogener Empfindungen vorbereiten. Mit einem THC-Gehalt, der zwischen 15% und 20% schwankt, und einem niedrigen CBD-Anteil (&lt;1%) bietet dieser Strain eine starke und lang anhaltende Wirkung. Du wirst sp\u00fcren, wie eine Energiewelle durch deinen K\u00f6rper flie\u00dft und dich zu jeder Tageszeit aufl\u00e4dt. Seine Effekte sind sehr stark und ideal, um soziale und romantische Beziehungen zu verbessern, da sie dir eine energetisierende und stimulierende zerebrale Euphorie verleihen.<\/p>\n\n\n\n<h3 class=\"wp-block-heading\">Terpene von New York Diesel<\/h3>\n\n\n\n<p><strong>New York Diesel<\/strong> zeichnet sich durch sein komplexes Terpenprofil aus, das sowohl sein Aroma als auch seine Wirkung bereichert. Das dominante Terpen ist <strong>Myrcen<\/strong>, das h\u00e4ufig in Strains wie <strong><a href=\"https:\/\/bulkgenetics.com\/de\/og-kush\/\">OG Kush<\/a><\/strong> oder <strong><a href=\"https:\/\/bulkgenetics.com\/de\/chemdog\/\">Chemdog<\/a><\/strong> vorkommt und f\u00fcr seine entspannenden Eigenschaften und seinen krautigen Duft bekannt ist, der die beruhigenden und entz\u00fcndungshemmenden Effekte des Strains verst\u00e4rkt.<\/p>\n\n\n\n<p>Ein weiteres prominentes Terpen in <strong>New York Diesel<\/strong> ist <strong>Caryophyllen<\/strong>, das dem Geschmacksprofil eine w\u00fcrzige und erdige Note verleiht. Dieser Stoff f\u00fcgt dem Geschmack nicht nur Tiefe hinzu, sondern bietet auch entz\u00fcndungshemmende und schmerzlindernde Vorteile.<\/p>\n\n\n\n<p>Schlie\u00dflich ist <strong>Pinene<\/strong> in diesem Strain vorhanden, was ein frisches Kiefern-Aroma verleiht, das nicht nur die sensorische Erfahrung bereichert, sondern auch die Konzentration und das Ged\u00e4chtnis verbessern kann. Zusammen tragen diese Terpene nicht nur zur aromatischen und geschmacklichen Komplexit\u00e4t von <strong>New York Diesel<\/strong> bei, sondern verst\u00e4rken auch seine therapeutischen Effekte und bieten ein vollst\u00e4ndiges und bereicherndes Erlebnis f\u00fcr jeden Cannabis-Enthusiasten.<\/p>\n\n\n\n<h2 class=\"wp-block-heading\">Ertrag und Bl\u00fctezeit<\/h2>\n\n\n\n<p><strong>New York Diesel<\/strong> ist bekannt f\u00fcr seinen hohen Ertrag, sowohl im Innen- als auch im Au\u00dfenanbau. Im Freien kann diese Pflanze unter g\u00fcnstigen Bedingungen eine durchschnittliche H\u00f6he von 8 Fu\u00df erreichen und beeindruckende Ertr\u00e4ge von bis zu 32 Unzen pro Pflanze liefern. Sie bevorzugt ein Klima mit trockenem oder sehr wenig regnerischem Fr\u00fchherbst und wird Mitte Oktober geerntet.<\/p>\n\n\n\n<p>In Innenr\u00e4umen erweist sich <strong>New York Diesel<\/strong> ebenfalls als \u00e4u\u00dferst produktiv. Mit einer 300-350W LED-Lampe kann die Produktion \u00fcber 18 Unzen pro Quadratmeter hinausgehen. Vom Wechsel der Photoperiode zur Bl\u00fcte dauert es 10 bis 12 Wochen bis zur Ernte. W\u00e4hrend dieser Phase werden die Ger\u00fcche sehr intensiv, daher wird empfohlen, einen Kohlefilter zu verwenden, um m\u00f6gliche Probleme zu vermeiden.<\/p>\n\n\n\n<p>Die Bl\u00fctezeit von <strong>New York Diesel<\/strong> ist mittel, was es den Z\u00fcchtern erm\u00f6glicht, mehrere Ernten pro Jahr in Innenr\u00e4umen zu genie\u00dfen. Diese Vielseitigkeit und Anpassungsf\u00e4higkeit an verschiedene Anbauumgebungen machen <strong>New York Diesel<\/strong> zu einer ausgezeichneten Wahl sowohl f\u00fcr Hobbyg\u00e4rtner als auch f\u00fcr professionelle Z\u00fcchter. Mit guter Wasserverwaltung, ausgewogenen N\u00e4hrstoffen und einer angemessenen Bl\u00fctezeit kann dieser Strain reiche und zufriedenstellende Ernten liefern.<\/p>\n\n\n\n<h2 class=\"wp-block-heading\">Wie man New York Diesel anbaut<\/h2>\n\n\n\n<p>Beim Anbau von <strong>New York Diesel<\/strong> stellen wir fest, dass dieser Strain sowohl f\u00fcr Anf\u00e4nger als auch f\u00fcr erfahrene Z\u00fcchter eine lohnende Erfahrung bietet. Der Schwierigkeitsgrad ist moderat, was bedeutet, dass mit ein wenig Sorgfalt und Aufmerksamkeit hervorragende Ergebnisse erzielt werden k\u00f6nnen.<\/p>\n\n\n\n<p><strong>Klima und ideale Anbaubedingungen:<\/strong> <strong>New York Diesel<\/strong> gedeiht in warmen und sonnigen Klimazonen, \u00e4hnlich denen in mediterranen Regionen. Es kann sich jedoch auch gut an gem\u00e4\u00dfigtere Klimazonen anpassen, wenn es in Innenr\u00e4umen unter kontrollierter Beleuchtung angebaut wird. Eine konstante Temperatur von etwa 70-80\u00b0F (21-27\u00b0C) w\u00e4hrend des Tages und etwas k\u00fchler in der Nacht hilft, das Wachstum und die Harzproduktion zu maximieren.<\/p>\n\n\n\n<p><strong>Resistenz gegen Sch\u00e4dlinge und Krankheiten:<\/strong> Einer der gro\u00dfen Vorteile von <strong>New York Diesel<\/strong> ist seine Robustheit und nat\u00fcrliche Resistenz gegen viele h\u00e4ufige Sch\u00e4dlinge und Krankheiten. Das bedeutet nicht, dass es unverwundbar ist, aber mit guten Anbaupraktiken und regelm\u00e4\u00dfiger \u00dcberwachung k\u00f6nnen die Pflanzen gesund gehalten werden, ohne allzu viele Probleme.<\/p>\n\n\n\n<div style=\"height:50px\" aria-hidden=\"true\" class=\"wp-block-spacer uag-hide-mob\"><\/div>\n\n\n\n<div class=\"wp-block-columns is-layout-flex wp-container-core-columns-is-layout-28f84493 wp-block-columns-is-layout-flex\">\n<div class=\"wp-block-column is-layout-flow wp-block-column-is-layout-flow\">\n<p class=\"has-text-align-center has-medium-font-size\"><strong>Was wir am meisten m\u00f6gen<\/strong><\/p>\n\n\n\n<ul class=\"wp-block-list\">\n<li>Sehr einfach zu z\u00fcchten.<\/li>\n\n\n\n<li>Hohe Produktion.<\/li>\n\n\n\n<li>Geschmack von Grapefruit und Diesel.<\/li>\n\n\n\n<li>Stimulierende und energetisierende Effekte.<\/li>\n<\/ul>\n<\/div>\n\n\n\n<div class=\"wp-block-column is-layout-flow wp-block-column-is-layout-flow\">\n<p class=\"has-text-align-center has-medium-font-size\"><strong>Was wir am wenigsten m\u00f6gen<\/strong><\/p>\n\n\n\n<ul class=\"wp-block-list\">\n<li>Riecht ziemlich stark w\u00e4hrend der Bl\u00fcte.<\/li>\n\n\n\n<li>Ben\u00f6tigt spezifisches Klima, um sein volles Potenzial auszusch\u00f6pfen.<\/li>\n<\/ul>\n<\/div>\n<\/div>\n\n\n\n<div style=\"height:50px\" aria-hidden=\"true\" class=\"wp-block-spacer uag-hide-mob\"><\/div>\n\n\n\n<h2 class=\"wp-block-heading\">H\u00e4ufig gestellte Fragen<\/h2>\n\n\n\n<p>Nachfolgend findest du die h\u00e4ufigsten Fragen, die uns von Z\u00fcchtern gestellt werden, die sich f\u00fcr diese g\u00fcnstigen Samen in gro\u00dfen Mengen interessieren:<\/p>\n\n\n<div id=\"rank-math-faq\" class=\"rank-math-block\">\n<div class=\"rank-math-list \">\n<div id=\"faq-question-1663029074962\" class=\"rank-math-list-item\">\n<h3 class=\"rank-math-question \">Wann beginnt die Bl\u00fctezeit von New York Diesel im Freien?<\/h3>\n<div class=\"rank-math-answer \">\n\n<p>Abh\u00e4ngig von der Anbaubreite beginnt die Bl\u00fctezeit von <strong>New York Diesel<\/strong> in den ersten f\u00fcnfzehn Tagen im August. Es ist entscheidend, w\u00e4hrend dieser Phase ein warmes und trockenes Klima aufrechtzuerhalten, um die besten Ergebnisse zu erzielen.<\/p>\n\n<\/div>\n<\/div>\n<div id=\"faq-question-1663029159933\" class=\"rank-math-list-item\">\n<h3 class=\"rank-math-question \">Wann sollte man eine New York Diesel im Freien ernten?<\/h3>\n<div class=\"rank-math-answer \">\n\n<p><strong>New York Diesel<\/strong> ist ein Strain mit mittlerer Bl\u00fctezeit, der Mitte Oktober geerntet wird. Dies stellt sicher, dass die Buds ihr maximales Potenzial in Bezug auf Geschmack und Potenz erreichen.<\/p>\n\n<\/div>\n<\/div>\n<div id=\"faq-question-1663029165861\" class=\"rank-math-list-item\">\n<h3 class=\"rank-math-question \">Wie baut man eine feminisierte New York Diesel an?<\/h3>\n<div class=\"rank-math-answer \">\n\n<p>Es ist eine ziemlich einfach zu z\u00fcchtende Pflanze. Sie bevorzugt sehr sonnige Klimazonen mit trockenem Fr\u00fchherbst. Sie reagiert gut auf Beschneidung und Training, was es den Z\u00fcchtern erm\u00f6glicht, ihr Wachstum zu steuern und die Produktion zu maximieren.<\/p>\n\n<\/div>\n<\/div>\n<div id=\"faq-question-1666780029954\" class=\"rank-math-list-item\">\n<h3 class=\"rank-math-question \">Welche Effekte hat New York Diesel in gro\u00dfen Mengen?<\/h3>\n<div class=\"rank-math-answer \">\n\n<p>Die Effekte von <strong>New York Diesel<\/strong> sind energetisch, gesellig und stimulierend. Dieser Strain wird deine romantischen Beziehungen verbessern und dir einen Energieschub geben, der durch deinen ganzen K\u00f6rper flie\u00dft, was ihn ideal f\u00fcr jede soziale Aktivit\u00e4t macht.<\/p>\n\n<\/div>\n<\/div>\n<div id=\"faq-question-1720604631965\" class=\"rank-math-list-item\">\n<h3 class=\"rank-math-question \">Welchen Geschmack und Aroma hat New York Diesel?<\/h3>\n<div class=\"rank-math-answer \">\n\n<p><strong>New York Diesel<\/strong> hat einen zitrusartigen Geschmack von Grapefruit und Mandarine mit einem markanten Diesel-Hintergrund. Dieses exotische und unvergessliche Geschmacksprofil macht ihn sehr beliebt bei Cannabis-Enthusiasten.<\/p>\n\n<\/div>\n<\/div>\n<div id=\"faq-question-1720604651157\" class=\"rank-math-list-item\">\n<h3 class=\"rank-math-question \">Ist New York Diesel Sativa oder Indica?<\/h3>\n<div class=\"rank-math-answer \">\n\n<p><strong>New York Diesel<\/strong> ist \u00fcberwiegend Sativa, mit 60% Sativa-Genetik und 40% Indica. Sativa-Strains wie <strong>New York Diesel<\/strong> sind bekannt f\u00fcr ihre energetisierenden und stimulierenden Effekte, ideal f\u00fcr den Tagesgebrauch. Andererseits neigen Indica-Strains dazu, tiefe Entspannung zu bieten, was sie besser f\u00fcr den Nachtgebrauch geeignet macht. Diese Mischung erm\u00f6glicht es <strong>New York Diesel<\/strong>, das Beste aus beiden Welten zu bieten: eine kraftvolle zerebrale Euphorie begleitet von einer sanften k\u00f6rperlichen Entspannung.<\/p>\n\n<\/div>\n<\/div>\n<\/div>\n<\/div>","protected":false},"excerpt":{"rendered":"<p><b>New York Diesel<\/b> bietet dir ein einzigartiges Erlebnis mit seiner <strong>kraftvollen zerebralen Euphorie und sanften k\u00f6rperlichen Entspannung<\/strong>. Mit einem exotischen Geschmack von <strong>Grapefruit und Diesel<\/strong> und einer hohen Produktion ist dieser Strain ideal, um deine sozialen Interaktionen zu verbessern und dich den ganzen Tag <strong>energetisiert<\/strong> zu halten. Entdecke die Energie des Big Apple!<\/p>\n","protected":false},"featured_media":11926,"comment_status":"open","ping_status":"closed","template":"","meta":{"_acf_changed":false,"inline_featured_image":false,"_uag_custom_page_level_css":""},"product_brand":[],"product_cat":[1097,4113],"product_tag":[],"class_list":{"0":"post-9832","1":"product","2":"type-product","3":"status-publish","4":"has-post-thumbnail","6":"product_cat-feminisierte-cannabis-samen","7":"product_cat-cannabis-samen-unter-1-euro","9":"first","10":"instock","11":"sale","12":"taxable","13":"shipping-taxable","14":"purchasable","15":"product-type-simple"},"acf":[],"uagb_featured_image_src":{"full":["https:\/\/bulkgenetics.com\/wp-content\/uploads\/2022\/09\/New-York-Diesel.jpg",1600,1600,false],"thumbnail":["https:\/\/bulkgenetics.com\/wp-content\/uploads\/2022\/09\/New-York-Diesel-150x150.jpg",150,150,true],"medium":["https:\/\/bulkgenetics.com\/wp-content\/uploads\/2022\/09\/New-York-Diesel-300x300.jpg",300,300,true],"medium_large":["https:\/\/bulkgenetics.com\/wp-content\/uploads\/2022\/09\/New-York-Diesel-768x768.jpg",768,768,true],"large":["https:\/\/bulkgenetics.com\/wp-content\/uploads\/2022\/09\/New-York-Diesel-1024x1024.jpg",1024,1024,true],"1536x1536":["https:\/\/bulkgenetics.com\/wp-content\/uploads\/2022\/09\/New-York-Diesel-1536x1536.jpg",1536,1536,true],"2048x2048":["https:\/\/bulkgenetics.com\/wp-content\/uploads\/2022\/09\/New-York-Diesel.jpg",1600,1600,false],"commercegurus-pdp-large":["https:\/\/bulkgenetics.com\/wp-content\/uploads\/2022\/09\/New-York-Diesel-990x990.jpg",990,990,true],"commercegurus-plp-mobile":["https:\/\/bulkgenetics.com\/wp-content\/uploads\/2022\/09\/New-York-Diesel-441x441.jpg",441,441,true],"cgkit_image_swatch":["https:\/\/bulkgenetics.com\/wp-content\/uploads\/2022\/09\/New-York-Diesel-100x100.jpg",100,100,true],"woocommerce_thumbnail":["https:\/\/bulkgenetics.com\/wp-content\/uploads\/2022\/09\/New-York-Diesel-300x300.jpg",300,300,true],"woocommerce_single":["https:\/\/bulkgenetics.com\/wp-content\/uploads\/2022\/09\/New-York-Diesel-800x800.jpg",800,800,true],"woocommerce_gallery_thumbnail":["https:\/\/bulkgenetics.com\/wp-content\/uploads\/2022\/09\/New-York-Diesel-150x150.jpg",150,150,true],"dgwt-wcas-product-suggestion":["https:\/\/bulkgenetics.com\/wp-content\/uploads\/2022\/09\/New-York-Diesel-64x64.jpg",64,64,true]},"uagb_author_info":{"display_name":"Bruno Crespo","author_link":"https:\/\/bulkgenetics.com\/de\/author\/"},"uagb_comment_info":0,"uagb_excerpt":"New York Diesel bietet dir ein einzigartiges Erlebnis mit seiner kraftvollen zerebralen Euphorie und sanften k\u00f6rperlichen Entspannung. Mit einem exotischen Geschmack von Grapefruit und Diesel und einer hohen Produktion ist dieser Strain ideal, um deine sozialen Interaktionen zu verbessern und dich den ganzen Tag energetisiert zu halten. Entdecke die Energie des Big Apple!","_links":{"self":[{"href":"https:\/\/bulkgenetics.com\/de\/wp-json\/wp\/v2\/product\/9832","targetHints":{"allow":["GET"]}}],"collection":[{"href":"https:\/\/bulkgenetics.com\/de\/wp-json\/wp\/v2\/product"}],"about":[{"href":"https:\/\/bulkgenetics.com\/de\/wp-json\/wp\/v2\/types\/product"}],"replies":[{"embeddable":true,"href":"https:\/\/bulkgenetics.com\/de\/wp-json\/wp\/v2\/comments?post=9832"}],"wp:featuredmedia":[{"embeddable":true,"href":"https:\/\/bulkgenetics.com\/de\/wp-json\/wp\/v2\/media\/11926"}],"wp:attachment":[{"href":"https:\/\/bulkgenetics.com\/de\/wp-json\/wp\/v2\/media?parent=9832"}],"wp:term":[{"taxonomy":"product_brand","embeddable":true,"href":"https:\/\/bulkgenetics.com\/de\/wp-json\/wp\/v2\/product_brand?post=9832"},{"taxonomy":"product_cat","embeddable":true,"href":"https:\/\/bulkgenetics.com\/de\/wp-json\/wp\/v2\/product_cat?post=9832"},{"taxonomy":"product_tag","embeddable":true,"href":"https:\/\/bulkgenetics.com\/de\/wp-json\/wp\/v2\/product_tag?post=9832"}],"curies":[{"name":"wp","href":"https:\/\/api.w.org\/{rel}","templated":true}]}}