{"id":9849,"date":"2022-09-30T16:34:10","date_gmt":"2022-09-30T14:34:10","guid":{"rendered":"https:\/\/www.bulkgenetics.com\/nordlichter\/"},"modified":"2024-10-08T01:18:51","modified_gmt":"2024-10-07T23:18:51","slug":"northern-lights","status":"publish","type":"product","link":"https:\/\/bulkgenetics.com\/de\/northern-lights\/","title":{"rendered":"Northern Lights"},"content":{"rendered":"\n<p><strong>Northern Lights<\/strong> ist eine der ikonischsten und beliebtesten Cannabis-Strains weltweit. Diese legend\u00e4re Strain hat ihre Wurzeln in den alten afghanischen und thail\u00e4ndischen Landrassen und kombiniert das Beste aus beiden Welten in einer \u00fcberwiegend indica-dominanten Genetik.<\/p>\n\n\n\n<p>Sie wurde in den 80er Jahren in den Niederlanden von Neville Schoenmakers perfektioniert und hat seitdem unz\u00e4hlige Preise gewonnen. Sie ist ein Grundpfeiler bei der Schaffung anderer ber\u00fchmter Hybriden geworden. Dar\u00fcber hinaus war sie ein entscheidendes Element bei der Entwicklung legend\u00e4rer Strains wie <strong><a href=\"https:\/\/bulkgenetics.com\/de\/jack-herer\/\">Jack Herer<\/a><\/strong>, <strong><a href=\"https:\/\/bulkgenetics.com\/de\/super-silver-haze\/\">Super Silver Haze<\/a><\/strong>, <strong>NL5 x Haze<\/strong> oder der <strong>Diesel-Familie<\/strong> und vielen anderen.<\/p>\n\n\n\n<p>Diese Strain ist bekannt f\u00fcr ihre einfache Kultivierung und die Produktion robuster und kompakter Pflanzen. Sie w\u00e4chst schnell und liefert immer erstklassige Bl\u00fcten. Im Freien bleibt die <strong>Northern Lights<\/strong> unter 2 Metern, was sie sehr diskret und einfach zu handhaben macht. Ihre Struktur erinnert an einen Weihnachtsbaum, mit kurzen Internodien, dicken \u00c4sten und gro\u00dfen gr\u00fcnen Bl\u00e4ttern.<\/p>\n\n\n\n<p>Die Buds der <strong>Northern Lights<\/strong> sind dicht und kompakt, oft mit violetten T\u00f6nen, wenn sie unter optimalen Bedingungen angebaut werden. Sie sind mit einer dicken Schicht klebriger Harz \u00fcberzogen, die ihnen ein fast kristallines Aussehen verleiht. Dieses Harz produziert einen typischen afghanischen Haschisch, der f\u00fcr Liebhaber hochwertiger Extraktionen ein Genuss ist.<\/p>\n\n\n\n<h2 class=\"wp-block-heading\">Geschmack und Effekte<\/h2>\n\n\n\n<p>Das Aroma der <strong>Northern Lights<\/strong> ist eine k\u00f6stliche Mischung aus frischer Kiefer, Erde und S\u00fc\u00dfe, die ein einzigartiges olfaktorisches Erlebnis schafft. Beim Konsum entfaltet sich der s\u00fc\u00dfe und erdige Geschmack mit w\u00fcrzigen Nuancen am Gaumen und hinterl\u00e4sst einen bleibenden Eindruck. Ein weicher Rauch hinterl\u00e4sst sehr s\u00fc\u00dfe Noten wie Honig im Mund, mit kr\u00e4uterigen und erdigen T\u00f6nen und einem Hauch von Sch\u00e4rfe.<\/p>\n\n\n\n<p>Mit einem THC-Gehalt von <strong>15% bis 20%<\/strong> und einem niedrigen CBD-Gehalt von weniger als <strong>1%<\/strong> bietet die <strong>Northern Lights<\/strong> eine leichte anf\u00e4ngliche Euphorie, aber ihre Effekte sind so entspannend, dass ein paar Z\u00fcge ausreichen, um dich stundenlang auf dem Sofa festzukleben. Sie ist perfekt als Nacht-Cannabis, ideal, um einen tiefen und erholsamen Schlaf zu genie\u00dfen.<\/p>\n\n\n\n<p>Benutzer beschreiben die Effekte oft als eine Mischung aus Euphorie und erh\u00f6hter Gl\u00fcckseligkeit, gefolgt von tiefer Entspannung und Stressabbau. Diese Strain ist ideal zur Bek\u00e4mpfung von Angstzust\u00e4nden, Depressionen und Kopfschmerzen. Dar\u00fcber hinaus macht ihre F\u00e4higkeit, Schlaf zu induzieren, sie zu einer bevorzugten Option f\u00fcr diejenigen, die Schlaflosigkeit bek\u00e4mpfen m\u00f6chten.<\/p>\n\n\n\n<h3 class=\"wp-block-heading\">Terpene der Northern Lights<\/h3>\n\n\n\n<p>Die Terpene der <strong>Northern Lights<\/strong> sind ein echtes Geschenk der Natur. Vorherrschend ist das <strong>Myrcen<\/strong>, mit seinem erdigen Aroma und entspannenden Effekt; das <strong>Caryophyllen<\/strong>, das w\u00fcrzige Noten und entz\u00fcndungshemmende Eigenschaften mit sich bringt; und das <strong>Limonen<\/strong>, das eine zitrische Note und stimmungsaufhellende Effekte hinzuf\u00fcgt. Weitere Terpene sind <strong>Alpha-Pinen<\/strong> und <strong>Beta-Pinen<\/strong>, die eine frische Kiefernote bieten und zur mentalen Klarheit und Konzentration beitragen.<\/p>\n\n\n\n<p>Diese Terpene verbessern nicht nur den Geschmack und das Aroma der Buds, sondern verst\u00e4rken auch die therapeutischen Effekte der <strong>Northern Lights<\/strong>. Caryophyllen ist beispielsweise f\u00fcr seine Eigenschaften zur Linderung von Angstzust\u00e4nden und Depressionen bekannt, w\u00e4hrend Limonen die Stimmung verbessern und Stress bek\u00e4mpfen kann. Diese Sinfonie von Terpenen macht die <strong>Northern Lights<\/strong> zu einer vielseitigen und kraftvollen Option f\u00fcr professionelle und Hobby-Z\u00fcchter.<\/p>\n\n\n\n<h2 class=\"wp-block-heading\">Ertrag und Bl\u00fctezeit<\/h2>\n\n\n\n<p>Die <strong>Northern Lights<\/strong> zeichnet sich sowohl in Innen- als auch in Au\u00dfenkulturen aus und bietet einen gro\u00dfz\u00fcgigen und konsistenten Ertrag. In Innenr\u00e4umen kann diese Pflanze zwischen <strong>16 und 19 Unzen pro Quadratmeter<\/strong> produzieren und nutzt den Raum dank ihrer kompakten Struktur effizient. Mit einer LED-Beleuchtung von 300-350 W kann jeder eine reiche Ernte ohne gro\u00dfe Komplikationen erzielen.<\/p>\n\n\n\n<p>Im Freien zeigt <strong>Northern Lights<\/strong> ihr volles Potenzial und erreicht Ertr\u00e4ge von <strong>600 bis 800 Gramm pro Pflanze<\/strong>. Diese Strain gedeiht am besten in sonnigen und warmen Klimazonen, und ihre diskrete H\u00f6he, die selten \u00fcber 2 Meter hinausgeht, macht sie ideal f\u00fcr Z\u00fcchter, die Diskretion suchen.<\/p>\n\n\n\n<p>Die Bl\u00fctezeit der <strong>Northern Lights<\/strong> ist bemerkenswert kurz. In Innenr\u00e4umen wird sie in einer Rekordzeit von nur <strong>45 bis 50 Tagen<\/strong> nach dem Wechsel des Lichtzyklus von Wachstum auf Bl\u00fcte geerntet. Dies erm\u00f6glicht es den engagiertesten Z\u00fcchtern, bis zu <strong>8 Ernten pro Jahr<\/strong> mit einem Schrank zu erzielen, der ausschlie\u00dflich der kontinuierlichen Bl\u00fcte von Stecklingen gewidmet ist.<\/p>\n\n\n\n<p>Im Freien ist die <strong>Northern Lights<\/strong> ebenfalls eine Schnellstarterin. Je nach Anbauort beginnt die Bl\u00fctezeit zwischen Ende Juli und Anfang August, und die Ernte erfolgt Mitte September. Diese schnelle Bl\u00fctezeit und fr\u00fche Ernte machen sie zu einer idealen Option f\u00fcr Z\u00fcchter, die ihren Ertrag maximieren m\u00f6chten, bevor das Herbstwetter einsetzt.<\/p>\n\n\n\n<h2 class=\"wp-block-heading\">Wie man Northern Lights anbaut<\/h2>\n\n\n\n<p><strong>Northern Lights<\/strong> ist eine der am einfachsten zu kultivierenden Strains, ideal f\u00fcr Anf\u00e4nger und erfahrene Z\u00fcchter gleicherma\u00dfen. Ihre Robustheit und Anpassungsf\u00e4higkeit machen sie zu einer zug\u00e4nglichen Wahl f\u00fcr jeden, der eine qualitativ hochwertige Ernte ohne Komplikationen erzielen m\u00f6chte.<\/p>\n\n\n\n<p>Diese Pflanze gedeiht in sonnigen und warmen Klimazonen, mit Tagestemperaturen zwischen 68\u00b0F und 80\u00b0F und leicht k\u00fchleren Nachttemperaturen zwischen 59\u00b0F und 72\u00b0F. Es ist wichtig, die relative Luftfeuchtigkeit w\u00e4hrend der vegetativen Phase bei etwa 55%-60% zu halten, sie w\u00e4hrend der Bl\u00fcte auf etwa 40% zu reduzieren und bis zur Ernte auf 30% zu senken.<\/p>\n\n\n\n<p><strong>Northern Lights<\/strong> zeigt eine ausgezeichnete Resistenz gegen Sch\u00e4dlinge und Krankheiten, was die Notwendigkeit st\u00e4ndiger Eingriffe reduziert und eine entspanntere Anbauerfahrung erm\u00f6glicht. Diese nat\u00fcrliche Robustheit ist besonders n\u00fctzlich f\u00fcr Z\u00fcchter, die eine unkomplizierte Kultivierungserfahrung suchen.<\/p>\n\n\n\n<div style=\"height:50px\" aria-hidden=\"true\" class=\"wp-block-spacer uag-hide-mob\"><\/div>\n\n\n\n<div class=\"wp-block-columns is-layout-flex wp-container-core-columns-is-layout-28f84493 wp-block-columns-is-layout-flex\">\n<div class=\"wp-block-column is-layout-flow wp-block-column-is-layout-flow\">\n<p class=\"has-text-align-center has-medium-font-size\"><strong>Was wir am meisten m\u00f6gen<\/strong><\/p>\n\n\n\n<ul class=\"wp-block-list\">\n<li>Hoher Ertrag sowohl drinnen als auch drau\u00dfen<\/li>\n\n\n\n<li>Einfacher Anbau und Anpassungsf\u00e4higkeit<\/li>\n\n\n\n<li>Au\u00dfergew\u00f6hnliches Aroma und Geschmack<\/li>\n\n\n\n<li>Starke entspannende und euphorische Effekte<\/li>\n\n\n\n<li>Schnelle und diskrete Bl\u00fcte<\/li>\n<\/ul>\n<\/div>\n\n\n\n<div class=\"wp-block-column is-layout-flow wp-block-column-is-layout-flow\">\n<p class=\"has-text-align-center has-medium-font-size\"><strong>Was wir weniger m\u00f6gen<\/strong><\/p>\n\n\n\n<ul class=\"wp-block-list\">\n<li>Erfordert sorgf\u00e4ltige Kontrolle der Luftfeuchtigkeit<\/li>\n\n\n\n<li>Kann f\u00fcr unerfahrene Benutzer zu stark sein<\/li>\n<\/ul>\n<\/div>\n<\/div>\n\n\n\n<div style=\"height:50px\" aria-hidden=\"true\" class=\"wp-block-spacer uag-hide-mob\"><\/div>\n\n\n\n<h2 class=\"wp-block-heading\">H\u00e4ufig gestellte Fragen<\/h2>\n\n\n\n<p>Nachfolgend findest du die Antworten auf die h\u00e4ufigsten Fragen, die uns Z\u00fcchter zu diesen Bulk-Samen stellen:<\/p>\n\n\n<div id=\"rank-math-faq\" class=\"rank-math-block\">\n<div class=\"rank-math-list \">\n<div id=\"faq-question-1663029074962\" class=\"rank-math-list-item\">\n<h3 class=\"rank-math-question \">Wann beginnt die Bl\u00fcte der Northern Lights im Freien?<\/h3>\n<div class=\"rank-math-answer \">\n\n<p>Je nach Breitengrad des Anbaus beginnt die Bl\u00fcte der <strong>Northern Lights<\/strong> zwischen Ende Juli und Anfang August. Es ist eine schnell bl\u00fchende Strain, die eine Ernte Mitte September erm\u00f6glicht.<\/p>\n\n<\/div>\n<\/div>\n<div id=\"faq-question-1663029159933\" class=\"rank-math-list-item\">\n<h3 class=\"rank-math-question \">Wann sollte man Northern Lights im Freien ernten?<\/h3>\n<div class=\"rank-math-answer \">\n\n<p>Es ist eine superschnell bl\u00fchende Cannabis-Strain, die Mitte September geerntet wird.<\/p>\n\n<\/div>\n<\/div>\n<div id=\"faq-question-1663029165861\" class=\"rank-math-list-item\">\n<h3 class=\"rank-math-question \">Wie baut man eine feminisierte Northern Lights an?<\/h3>\n<div class=\"rank-math-answer \">\n\n<p>Es ist eine sehr einfache, diskrete und produktive Pflanze. Wir empfehlen die Verwendung einer Linie von organischen D\u00fcngemitteln, um den besten Geschmack und die beste Potenz zu erzielen. Halte die Luftfeuchtigkeit unter Kontrolle und sorge f\u00fcr ein warmes, sonniges Klima, um die Ertr\u00e4ge zu maximieren.<\/p>\n\n<\/div>\n<\/div>\n<div id=\"faq-question-1666780029954\" class=\"rank-math-list-item\">\n<h3 class=\"rank-math-question \">Welche Wirkungen hat Northern Lights in gro\u00dfen Mengen?<\/h3>\n<div class=\"rank-math-answer \">\n\n<p>Die Wirkungen der <strong>Northern Lights<\/strong> sind sehr entspannend und induzieren einen Zustand der Ruhe und des tiefen Schlafs. Sie ist auch bekannt f\u00fcr ihre F\u00e4higkeit, Stress, Angst und Schmerz zu lindern, und bietet mit nur wenigen Z\u00fcgen eine euphorische und gl\u00fcckliche Wirkung.<\/p>\n\n<\/div>\n<\/div>\n<div id=\"faq-question-1720608668981\" class=\"rank-math-list-item\">\n<h3 class=\"rank-math-question \">Ist Northern Lights sativa oder indica?<\/h3>\n<div class=\"rank-math-answer \">\n\n<p>Die <strong>Northern Lights<\/strong> ist \u00fcberwiegend indica. Indica-Strains wie diese sind bekannt f\u00fcr ihre entspannenden und sedierenden Wirkungen, ideal f\u00fcr Ruhe und Muskelentspannung. Andererseits neigen Sativa-Strains dazu, eine stimulierendere und cerebrale Wirkung zu bieten, die f\u00fcr den t\u00e4glichen Gebrauch und die Kreativit\u00e4t geeignet ist. Die <strong>Northern Lights<\/strong> bietet eine tief entspannende Erfahrung, perfekt f\u00fcr das Ende des Tages.<\/p>\n\n<\/div>\n<\/div>\n<div id=\"faq-question-1720608716602\" class=\"rank-math-list-item\">\n<h3 class=\"rank-math-question \">Welches Aroma und welchen Geschmack hat Northern Lights?<\/h3>\n<div class=\"rank-math-answer \">\n\n<p>Die <strong>Northern Lights<\/strong> hat ein s\u00fc\u00dfes und erdiges Aroma mit w\u00fcrzigen Untert\u00f6nen. Beim Rauchen kann man s\u00fc\u00dfe Noten wie Honig, kr\u00e4uterige und erdige T\u00f6ne sowie eine scharfe Note wahrnehmen, was ein einzigartiges sensorisches Erlebnis schafft.<\/p>\n\n<\/div>\n<\/div>\n<\/div>\n<\/div>\n","protected":false},"excerpt":{"rendered":"<p><strong>Northern Lights<\/strong> bietet dir eine unkomplizierte Anbauerfahrung und reiche Ernten, mit einer <strong>entspannenden Wirkung<\/strong>, die perfekt f\u00fcr das Ende des Tages ist. Genie\u00dfe <strong>dichte und harzige Buds<\/strong> mit einem <strong>s\u00fc\u00dfen und erdigen Geschmack<\/strong>, der dich in einen Zustand absoluter Euphorie und Ruhe versetzt.<\/p>\n","protected":false},"featured_media":31074,"comment_status":"open","ping_status":"closed","template":"","meta":{"_acf_changed":false,"inline_featured_image":false,"_uag_custom_page_level_css":""},"product_brand":[],"product_cat":[1097,4113],"product_tag":[],"class_list":{"0":"post-9849","1":"product","2":"type-product","3":"status-publish","4":"has-post-thumbnail","6":"product_cat-feminisierte-cannabis-samen","7":"product_cat-cannabis-samen-unter-1-euro","9":"first","10":"instock","11":"sale","12":"taxable","13":"shipping-taxable","14":"purchasable","15":"product-type-simple"},"acf":[],"uagb_featured_image_src":{"full":["https:\/\/bulkgenetics.com\/wp-content\/uploads\/2022\/09\/northern-lights-strain-feminized-cannabis-seeds.jpg",1600,1600,false],"thumbnail":["https:\/\/bulkgenetics.com\/wp-content\/uploads\/2022\/09\/northern-lights-strain-feminized-cannabis-seeds-150x150.jpg",150,150,true],"medium":["https:\/\/bulkgenetics.com\/wp-content\/uploads\/2022\/09\/northern-lights-strain-feminized-cannabis-seeds-300x300.jpg",300,300,true],"medium_large":["https:\/\/bulkgenetics.com\/wp-content\/uploads\/2022\/09\/northern-lights-strain-feminized-cannabis-seeds-768x768.jpg",768,768,true],"large":["https:\/\/bulkgenetics.com\/wp-content\/uploads\/2022\/09\/northern-lights-strain-feminized-cannabis-seeds-1024x1024.jpg",1024,1024,true],"1536x1536":["https:\/\/bulkgenetics.com\/wp-content\/uploads\/2022\/09\/northern-lights-strain-feminized-cannabis-seeds-1536x1536.jpg",1536,1536,true],"2048x2048":["https:\/\/bulkgenetics.com\/wp-content\/uploads\/2022\/09\/northern-lights-strain-feminized-cannabis-seeds.jpg",1600,1600,false],"commercegurus-pdp-large":["https:\/\/bulkgenetics.com\/wp-content\/uploads\/2022\/09\/northern-lights-strain-feminized-cannabis-seeds-990x990.jpg",990,990,true],"commercegurus-plp-mobile":["https:\/\/bulkgenetics.com\/wp-content\/uploads\/2022\/09\/northern-lights-strain-feminized-cannabis-seeds-441x441.jpg",441,441,true],"cgkit_image_swatch":["https:\/\/bulkgenetics.com\/wp-content\/uploads\/2022\/09\/northern-lights-strain-feminized-cannabis-seeds-100x100.jpg",100,100,true],"woocommerce_thumbnail":["https:\/\/bulkgenetics.com\/wp-content\/uploads\/2022\/09\/northern-lights-strain-feminized-cannabis-seeds-300x300.jpg",300,300,true],"woocommerce_single":["https:\/\/bulkgenetics.com\/wp-content\/uploads\/2022\/09\/northern-lights-strain-feminized-cannabis-seeds-800x800.jpg",800,800,true],"woocommerce_gallery_thumbnail":["https:\/\/bulkgenetics.com\/wp-content\/uploads\/2022\/09\/northern-lights-strain-feminized-cannabis-seeds-150x150.jpg",150,150,true],"dgwt-wcas-product-suggestion":["https:\/\/bulkgenetics.com\/wp-content\/uploads\/2022\/09\/northern-lights-strain-feminized-cannabis-seeds-64x64.jpg",64,64,true]},"uagb_author_info":{"display_name":"Bruno Crespo","author_link":"https:\/\/bulkgenetics.com\/de\/author\/"},"uagb_comment_info":0,"uagb_excerpt":"Northern Lights bietet dir eine unkomplizierte Anbauerfahrung und reiche Ernten, mit einer entspannenden Wirkung, die perfekt f\u00fcr das Ende des Tages ist. Genie\u00dfe dichte und harzige Buds mit einem s\u00fc\u00dfen und erdigen Geschmack, der dich in einen Zustand absoluter Euphorie und Ruhe versetzt.","_links":{"self":[{"href":"https:\/\/bulkgenetics.com\/de\/wp-json\/wp\/v2\/product\/9849","targetHints":{"allow":["GET"]}}],"collection":[{"href":"https:\/\/bulkgenetics.com\/de\/wp-json\/wp\/v2\/product"}],"about":[{"href":"https:\/\/bulkgenetics.com\/de\/wp-json\/wp\/v2\/types\/product"}],"replies":[{"embeddable":true,"href":"https:\/\/bulkgenetics.com\/de\/wp-json\/wp\/v2\/comments?post=9849"}],"wp:featuredmedia":[{"embeddable":true,"href":"https:\/\/bulkgenetics.com\/de\/wp-json\/wp\/v2\/media\/31074"}],"wp:attachment":[{"href":"https:\/\/bulkgenetics.com\/de\/wp-json\/wp\/v2\/media?parent=9849"}],"wp:term":[{"taxonomy":"product_brand","embeddable":true,"href":"https:\/\/bulkgenetics.com\/de\/wp-json\/wp\/v2\/product_brand?post=9849"},{"taxonomy":"product_cat","embeddable":true,"href":"https:\/\/bulkgenetics.com\/de\/wp-json\/wp\/v2\/product_cat?post=9849"},{"taxonomy":"product_tag","embeddable":true,"href":"https:\/\/bulkgenetics.com\/de\/wp-json\/wp\/v2\/product_tag?post=9849"}],"curies":[{"name":"wp","href":"https:\/\/api.w.org\/{rel}","templated":true}]}}