{"id":9851,"date":"2022-09-30T16:46:38","date_gmt":"2022-09-30T14:46:38","guid":{"rendered":"https:\/\/www.bulkgenetics.com\/ananasstueckchen\/"},"modified":"2024-10-08T01:18:50","modified_gmt":"2024-10-07T23:18:50","slug":"pineapple-chunk","status":"publish","type":"product","link":"https:\/\/bulkgenetics.com\/de\/pineapple-chunk\/","title":{"rendered":"Pineapple Chunk"},"content":{"rendered":"\n<p>Der <strong>Pineapple Chunk<\/strong> Strain ist eine exotische Cannabis-Sorte, die f\u00fcr ihr einzigartiges Aroma und ihren unwiderstehlichen Geschmack bekannt ist. Entwickelt von Barney\u2019s Farm, ist dieser Strain das Ergebnis einer Kreuzung zwischen einem <strong><a href=\"https:\/\/bulkgenetics.com\/de\/skunk-1\/\">Skunk<\/a><\/strong>\/<a href=\"https:\/\/bulkgenetics.com\/de\/cheese\/\"><strong>Cheese<\/strong><\/a> Hybrid und einer genetisch unbekannten <strong>Pineapple<\/strong>, die ein intensives Ananas-Aroma besitzt. Diese einzigartige Mischung hat einen Strain hervorgebracht, der nicht nur durch seinen Geschmack, sondern auch durch seine einfache Anbauweise und Widerstandsf\u00e4higkeit \u00fcberzeugt.<\/p>\n\n\n\n<p>Der <strong>Pineapple Chunk<\/strong> Strain weist eine starke Indica-Dominanz auf und ist ideal f\u00fcr Grower aller Erfahrungsstufen, von Anf\u00e4ngern bis hin zu Profis. Sie produziert enorme, lange, fette, harte und extrem harzige Buds, die nicht nur durch ihre Gr\u00f6\u00dfe, sondern auch durch ihre Dichte und die Menge an Harz, die sie bedeckt, auffallen. Diese Eigenschaft macht sie besonders beliebt bei Liebhabern von Extraktionen, die die exquisitesten Extrakte genie\u00dfen k\u00f6nnen. Die Farben der Buds variieren von Gr\u00fcnt\u00f6nen und k\u00f6nnen violette Akzente aufweisen, was einen beeindruckenden visuellen Effekt bietet.<\/p>\n\n\n\n<h2 class=\"wp-block-heading\">Geschmack und Wirkung<\/h2>\n\n\n\n<p>Der <strong>Geschmack<\/strong> von <strong>Pineapple Chunk<\/strong> ist eine k\u00f6stliche Kombination ihrer Vorfahren. Vom ersten Moment an sind klassische, moschusartige und scharfe Skunk-Noten zu erkennen, begleitet von Cheetos-Noten der Cheese und einem kr\u00e4ftigen Ananas-Geschmack der Pineapple. Diese Mischung schafft ein Geschmackserlebnis, das schwer zu vergessen ist und einen bleibenden Eindruck auf dem Gaumen hinterl\u00e4sst.<\/p>\n\n\n\n<p>Das <strong>Aroma<\/strong> ist ebenso faszinierend. Die Skunk-Erbschaft der Pineapple Chunk sorgt f\u00fcr einen sehr intensiven Geruch, der diesen Strain in jeder Sammlung hervorhebt. Dieses durchdringende Aroma kann den Einsatz eines guten Kohlefilters erforderlich machen, insbesondere w\u00e4hrend der Bl\u00fctezeit, um die Diskretion zu wahren.<\/p>\n\n\n\n<p>Was die <strong>Wirkung<\/strong> betrifft, bietet <strong>Pineapple Chunk<\/strong> ein Erlebnis, das sowohl kraftvoll als auch ausgewogen ist. Obwohl sie eine starke Indica-Dominanz hat, sind die Effekte nicht \u00fcberm\u00e4\u00dfig beruhigend. Im Gegenteil, sie sind sehr fr\u00f6hlich und heiter, was sie ideal f\u00fcr gute Zeiten zu jeder Tageszeit macht. Dieser Strain ist perfekt f\u00fcr diejenigen, die Stress abbauen und ein Gef\u00fchl von Gl\u00fcck und Wohlbefinden genie\u00dfen m\u00f6chten.<\/p>\n\n\n\n<p>Die <strong>THC<\/strong>-Werte bei <strong>Pineapple Chunk<\/strong> variieren zwischen 15% und 20%, was eine starke und zufriedenstellende Erfahrung f\u00fcr die meisten Konsumenten garantiert. Der <strong>CBD<\/strong>-Gehalt ist niedrig, normalerweise unter 1%, was ihre psychoaktiven Effekte betont und weniger ihre therapeutischen Eigenschaften.<\/p>\n\n\n\n<h3 class=\"wp-block-heading\">Terpene von Pineapple Chunk<\/h3>\n\n\n\n<p>Der <strong>Pineapple Chunk<\/strong> Strain zeichnet sich durch sein Terpenprofil aus, das nicht nur zu seinem unverwechselbaren Aroma und Geschmack beitr\u00e4gt, sondern auch eine Reihe therapeutischer Vorteile bietet. Die Hauptterpene in diesem Strain sind <strong>Limonen<\/strong>, <strong>Myrcen<\/strong>, <strong>Valencen<\/strong>, <strong>Humulen<\/strong>, <strong>Caryophyllen<\/strong>, <strong>Terpinolen<\/strong> und <strong>Phellandren<\/strong>.<\/p>\n\n\n\n<p>Das <strong>Limonen<\/strong> verleiht ein zitroniges und frisches Aroma und ist bekannt f\u00fcr seine angstl\u00f6senden und antidepressiven Wirkungen. Das <strong>Myrcen<\/strong> mit seinem erdigen und moosigen Aroma ist f\u00fcr seine sedierenden und entspannenden Eigenschaften bekannt, was es ideal zur Bek\u00e4mpfung von Schlaflosigkeit und Stress macht. <strong>Valencen<\/strong> f\u00fcgt eine s\u00fc\u00dfe und zitronige Note hinzu und ist f\u00fcr seine entz\u00fcndungshemmenden Eigenschaften bekannt.<\/p>\n\n\n\n<p>Das <strong>Humulen<\/strong> hat ein erdiges und holziges Aroma und wird wegen seiner entz\u00fcndungshemmenden und appetitz\u00fcgelnden Eigenschaften gesch\u00e4tzt. <strong>Caryophyllen<\/strong> bringt eine w\u00fcrzige und holzige Note und ist unter den Terpenen einzigartig, da es mit den Cannabinoid-Rezeptoren des K\u00f6rpers interagieren kann und schmerzstillende und entz\u00fcndungshemmende Wirkungen bietet.<\/p>\n\n\n\n<p>Das <strong>Terpinolen<\/strong> ist ein weiteres bemerkenswertes Terpen mit einem blumigen und krautigen Aroma, das f\u00fcr seine antioxidativen und beruhigenden Wirkungen bekannt ist. Schlie\u00dflich tr\u00e4gt <strong>Phellandren<\/strong> mit einem zitronigen und kieferartigen Aroma bei und ist f\u00fcr seine belebenden und stimmungsaufhellenden Eigenschaften bekannt.<\/p>\n\n\n\n<h2 class=\"wp-block-heading\">Ertrag und Bl\u00fctezeit<\/h2>\n\n\n\n<p>Der <strong>Pineapple Chunk<\/strong> Strain sticht durch seine hohe Produktion sowohl im Innen- als auch im Au\u00dfenanbau hervor. Diese Eigenschaft macht ihn zu einer hervorragenden Wahl f\u00fcr diejenigen, die ihre Ernten maximieren m\u00f6chten, mit einer Pflanze, die einfach zu kultivieren und zu handhaben ist.<\/p>\n\n\n\n<p>Beim <strong>Indoor-Anbau<\/strong> hat der <strong>Pineapple Chunk<\/strong> Strain eine ziemlich schnelle Bl\u00fctezeit von etwa 55 bis 60 Tagen. W\u00e4hrend dieser Zeit ist er in der Lage, zwischen <strong>500 und 600 Gramm pro Quadratmeter<\/strong> zu produzieren, vorausgesetzt, dass die Bedingungen optimal sind. Dank seiner F\u00e4higkeit, die Produktion auf dicke Hauptbl\u00fcten zu konzentrieren, ist er besonders geeignet f\u00fcr den SOG-Anbau (Sea of Green), was produktivere und qualitativ hochwertige Ernten erm\u00f6glicht.<\/p>\n\n\n\n<p>Beim <strong>Outdoor-Anbau<\/strong> zeigt dieser Strain ebenfalls beeindruckende Ertr\u00e4ge. Die Pflanzen k\u00f6nnen eine H\u00f6he von bis zu 2,5 Metern erreichen, wenn sie Anfang des Fr\u00fchlings gekeimt werden, und jede Pflanze kann zwischen <strong>700 und 900 Gramm<\/strong> produzieren. Die Ernte erfolgt normalerweise zwischen Mitte und Ende September, was sie perfekt f\u00fcr Gebiete mit k\u00fcrzeren Sommern macht. Ein Tipp zur Verbesserung des Ertrags im Freien ist das fr\u00fche Kappen der Pflanze, was hilft, breitere Pflanzen mit mehr Buds zu erhalten.<\/p>\n\n\n\n<p>Die schnelle Bl\u00fctezeit des <strong>Pineapple Chunk<\/strong> ist ein weiterer gro\u00dfer Vorteil. Indoor wird ab der Umstellung des Lichtzyklus von Wachstum auf Bl\u00fcte in nur <strong>55-60 Tagen<\/strong> geerntet. Outdoor beginnt die Bl\u00fcte in den ersten beiden Augustwochen, abh\u00e4ngig von der Anbaulage, und die Ernte kann zwischen <strong>Mitte und Ende September<\/strong> erfolgen.<\/p>\n\n\n\n<h2 class=\"wp-block-heading\">Wie man Pineapple Chunk anbaut<\/h2>\n\n\n\n<p>Um <strong>Pineapple Chunk<\/strong> anzubauen, muss man kein Experte sein. Diese Sorte ist bekannt f\u00fcr ihre <strong>einfache Anbauweise<\/strong>, was sie zu einer idealen Wahl sowohl f\u00fcr Anf\u00e4nger als auch f\u00fcr erfahrene Grower macht. Pineapple Chunk ist sehr widerstandsf\u00e4hig und passt sich gut an verschiedene Anbaumethoden an, wodurch sie immer hochwertige Ernten liefert.<\/p>\n\n\n\n<p>Was das <strong>Klima und die geeigneten Anbaubedingungen<\/strong> angeht, gedeiht diese Pflanze am besten in gem\u00e4\u00dfigten und warmen Klimazonen. Obwohl sie robust und widerstandsf\u00e4hig ist, bevorzugt sie eine gut kontrollierte Umgebung. Indoor ist es wichtig, eine konstante Temperatur zu halten und die Luftfeuchtigkeit zu kontrollieren, um Probleme zu vermeiden. Outdoor bevorzugt sie einen Standort mit guter Sonneneinstrahlung und gut durchl\u00e4ssigem Boden. Pineapple Chunk ist perfekt f\u00fcr Grower, die eine Pflanze suchen, die verschiedene Umweltbedingungen toleriert und nicht viel Pflege ben\u00f6tigt.<\/p>\n\n\n\n<p>Ein gro\u00dfer Vorteil der Pineapple Chunk ist ihre <strong>Widerstandsf\u00e4higkeit gegen Sch\u00e4dlinge und Krankheiten<\/strong>. Diese Sorte ist sehr resistent gegen Schimmel und Sch\u00e4dlinge, was das Risiko von Problemen w\u00e4hrend des Anbaus erheblich reduziert. Dennoch empfehlen wir immer, ein hohes Ma\u00df an Hygiene im Anbaubereich zu halten und auf Anzeichen von Sch\u00e4dlingen zu achten, um pr\u00e4ventiv zu handeln.<\/p>\n\n\n\n<div style=\"height:50px\" aria-hidden=\"true\" class=\"wp-block-spacer uag-hide-mob\"><\/div>\n\n\n\n<div class=\"wp-block-columns is-layout-flex wp-container-core-columns-is-layout-28f84493 wp-block-columns-is-layout-flex\">\n<div class=\"wp-block-column is-layout-flow wp-block-column-is-layout-flow\">\n<p class=\"has-text-align-center has-medium-font-size\"><strong>Was uns am besten gef\u00e4llt<\/strong><\/p>\n\n\n\n<ul class=\"wp-block-list\">\n<li>Sehr einfach zu z\u00fcchten.<\/li>\n\n\n\n<li>Hohe Widerstandsf\u00e4higkeit gegen Sch\u00e4dlinge und Krankheiten.<\/li>\n\n\n\n<li>Sehr hoher Ertrag.<\/li>\n\n\n\n<li>K\u00f6stlicher Ananas- und Skunky-Geschmack.<\/li>\n\n\n\n<li>Fr\u00f6hliche und gl\u00fcckliche Effekte.<\/li>\n<\/ul>\n<\/div>\n\n\n\n<div class=\"wp-block-column is-layout-flow wp-block-column-is-layout-flow\">\n<p class=\"has-text-align-center has-medium-font-size\"><strong>Was uns weniger gef\u00e4llt<\/strong><\/p>\n\n\n\n<ul class=\"wp-block-list\">\n<li>Der Geruch w\u00e4hrend der Bl\u00fcte ist sehr intensiv.<\/li>\n\n\n\n<li>Erfordert einen guten Kohlefilter, um die Diskretion zu wahren.<\/li>\n<\/ul>\n<\/div>\n<\/div>\n\n\n\n<div style=\"height:50px\" aria-hidden=\"true\" class=\"wp-block-spacer uag-hide-mob\"><\/div>\n\n\n\n<h2 class=\"wp-block-heading\">H\u00e4ufig gestellte Fragen<\/h2>\n\n\n\n<p>Nachfolgend findest du die h\u00e4ufigsten Fragen, die uns Grower zu unseren Pineapple Chunk Bulk Seeds stellen:<\/p>\n\n\n<div id=\"rank-math-faq\" class=\"rank-math-block\">\n<div class=\"rank-math-list \">\n<div id=\"faq-question-1663029074962\" class=\"rank-math-list-item\">\n<h3 class=\"rank-math-question \">Wann beginnt Pineapple Chunk im Freien zu bl\u00fchen?<\/h3>\n<div class=\"rank-math-answer \">\n\n<p>Abh\u00e4ngig von der Anbaulage beginnt die <strong>Bl\u00fcte<\/strong> der Pineapple Chunk in den ersten beiden Augustwochen. Es handelt sich um eine Sorte, die sich gut an verschiedene Klimazonen anpasst, aber f\u00fcr ein besseres Ergebnis bevorzugt sie gem\u00e4\u00dfigte und warme Bedingungen.<\/p>\n\n<\/div>\n<\/div>\n<div id=\"faq-question-1663029159933\" class=\"rank-math-list-item\">\n<h3 class=\"rank-math-question \">Wann erntet man Pineapple Chunk im Freien?<\/h3>\n<div class=\"rank-math-answer \">\n\n<p>Der <strong>Pineapple Chunk<\/strong> Strain ist eine sehr schnell bl\u00fchende Sorte, die zwischen Mitte und Ende September geerntet wird. Diese schnelle Bl\u00fcte macht sie perfekt f\u00fcr Gebiete mit k\u00fcrzeren Sommern, da sie eine erfolgreiche Ernte vor den niedrigen Temperaturen gew\u00e4hrleistet.<\/p>\n\n<\/div>\n<\/div>\n<div id=\"faq-question-1663029165861\" class=\"rank-math-list-item\">\n<h3 class=\"rank-math-question \">Wie baut man eine feminisierte Pineapple Chunk an?<\/h3>\n<div class=\"rank-math-answer \">\n\n<p>Der <strong>Pineapple Chunk<\/strong> Strain ist sehr einfach anzubauen, w\u00e4chst schnell und ist sehr widerstandsf\u00e4hig. Sie vertr\u00e4gt Beschneidungen und das Biegen von \u00c4sten gut, was es erm\u00f6glicht, die Produktion zu maximieren. Im Innenbereich wird empfohlen, Techniken wie SOG (Sea of Green) zu verwenden, um die Produktion auf dicke Hauptbl\u00fcten zu konzentrieren und produktivere Ernten zu erzielen.<\/p>\n\n<\/div>\n<\/div>\n<div id=\"faq-question-1666780029954\" class=\"rank-math-list-item\">\n<h3 class=\"rank-math-question \">Welche Wirkungen hat Pineapple Chunk in Bulk?<\/h3>\n<div class=\"rank-math-answer \">\n\n<p>Die Wirkungen des <strong>Pineapple Chunk<\/strong> Strains sind fr\u00f6hlich und gl\u00fccklich und machen jeden Moment zu einem angenehmen Erlebnis. Trotz ihrer Indica-Dominanz sind die Effekte nicht \u00fcberm\u00e4\u00dfig entspannend, sodass sie zu jeder Tageszeit konsumiert werden kann. Konsumenten heben auch ihre F\u00e4higkeit hervor, den Appetit zu steigern und die Stimmung zu verbessern.<\/p>\n\n<\/div>\n<\/div>\n<div id=\"faq-question-1720687575070\" class=\"rank-math-list-item\">\n<h3 class=\"rank-math-question \">Wie schmeckt Pineapple Chunk?<\/h3>\n<div class=\"rank-math-answer \">\n\n<p>Der <strong>Pineapple Chunk<\/strong> Strain bietet dank seiner Vorfahren eine k\u00f6stliche Kombination von Geschmacksrichtungen. Du kannst moschusartige und scharfe Noten der Skunk, Cheetos-Noten der Cheese und einen kr\u00e4ftigen Ananas-Geschmack der Pineapple genie\u00dfen. Diese Mischung schafft ein einzigartiges sensorisches Erlebnis, das jeden Cannabis-Kenner begeistert.<\/p>\n\n<\/div>\n<\/div>\n<div id=\"faq-question-1720687624767\" class=\"rank-math-list-item\">\n<h3 class=\"rank-math-question \">Ist Pineapple Chunk Sativa oder Indica?<\/h3>\n<div class=\"rank-math-answer \">\n\n<p>Der <strong>Pineapple Chunk<\/strong> Strain hat eine starke <strong>Indica<\/strong>-Dominanz. Das bedeutet, dass ihre Effekte eher entspannend und beruhigend sind, ideal f\u00fcr Momente der Ruhe und des Wohlbefindens. Indica-Sorten sind bekannt f\u00fcr ihre starken k\u00f6rperlichen Effekte, die helfen k\u00f6nnen, Stress, Schmerzen und Schlaflosigkeit zu lindern. Im Vergleich dazu bieten Sativa-Sorten eher ein Gef\u00fchl von Energie und Euphorie und eignen sich besser f\u00fcr den Tageskonsum und kreative oder soziale Aktivit\u00e4ten. Der Pineapple Chunk Strain bietet mit seiner Indica-Dominanz ein ausgewogenes Erlebnis mit fr\u00f6hlichen und heiteren Effekten, perfekt zum Entspannen, ohne v\u00f6llig sediert zu sein.<\/p>\n\n<\/div>\n<\/div>\n<\/div>\n<\/div>\n","protected":false},"excerpt":{"rendered":"<p><b>Pineapple Chunk<\/b> bietet ein einfaches und unkompliziertes Anbauerlebnis mit <strong>hohen Ertr\u00e4gen und einer schnellen Bl\u00fctezeit<\/strong>. Genie\u00dfe harzige Buds mit einem <strong>unvergleichlichen Ananasgeschmack<\/strong> und<strong> fr\u00f6hlichen und entspannenden Effekten<\/strong>. Perfekt f\u00fcr Grower aller Erfahrungsstufen, die Qualit\u00e4t und Quantit\u00e4t in jeder Ernte suchen.<\/p>\n","protected":false},"featured_media":11168,"comment_status":"open","ping_status":"closed","template":"","meta":{"_acf_changed":false,"inline_featured_image":false,"_uag_custom_page_level_css":""},"product_brand":[],"product_cat":[1097],"product_tag":[],"class_list":{"0":"post-9851","1":"product","2":"type-product","3":"status-publish","4":"has-post-thumbnail","6":"product_cat-feminisierte-cannabis-samen","8":"first","9":"outofstock","10":"taxable","11":"shipping-taxable","12":"purchasable","13":"product-type-simple"},"acf":[],"uagb_featured_image_src":{"full":["https:\/\/bulkgenetics.com\/wp-content\/uploads\/2022\/09\/pineapple-chunk-feminizada-granel.jpg",1600,1600,false],"thumbnail":["https:\/\/bulkgenetics.com\/wp-content\/uploads\/2022\/09\/pineapple-chunk-feminizada-granel-150x150.jpg",150,150,true],"medium":["https:\/\/bulkgenetics.com\/wp-content\/uploads\/2022\/09\/pineapple-chunk-feminizada-granel-300x300.jpg",300,300,true],"medium_large":["https:\/\/bulkgenetics.com\/wp-content\/uploads\/2022\/09\/pineapple-chunk-feminizada-granel-768x768.jpg",768,768,true],"large":["https:\/\/bulkgenetics.com\/wp-content\/uploads\/2022\/09\/pineapple-chunk-feminizada-granel-1024x1024.jpg",1024,1024,true],"1536x1536":["https:\/\/bulkgenetics.com\/wp-content\/uploads\/2022\/09\/pineapple-chunk-feminizada-granel-1536x1536.jpg",1536,1536,true],"2048x2048":["https:\/\/bulkgenetics.com\/wp-content\/uploads\/2022\/09\/pineapple-chunk-feminizada-granel.jpg",1600,1600,false],"commercegurus-pdp-large":["https:\/\/bulkgenetics.com\/wp-content\/uploads\/2022\/09\/pineapple-chunk-feminizada-granel-990x990.jpg",990,990,true],"commercegurus-plp-mobile":["https:\/\/bulkgenetics.com\/wp-content\/uploads\/2022\/09\/pineapple-chunk-feminizada-granel-441x441.jpg",441,441,true],"cgkit_image_swatch":["https:\/\/bulkgenetics.com\/wp-content\/uploads\/2022\/09\/pineapple-chunk-feminizada-granel-100x100.jpg",100,100,true],"woocommerce_thumbnail":["https:\/\/bulkgenetics.com\/wp-content\/uploads\/2022\/09\/pineapple-chunk-feminizada-granel-300x300.jpg",300,300,true],"woocommerce_single":["https:\/\/bulkgenetics.com\/wp-content\/uploads\/2022\/09\/pineapple-chunk-feminizada-granel-800x800.jpg",800,800,true],"woocommerce_gallery_thumbnail":["https:\/\/bulkgenetics.com\/wp-content\/uploads\/2022\/09\/pineapple-chunk-feminizada-granel-150x150.jpg",150,150,true],"dgwt-wcas-product-suggestion":["https:\/\/bulkgenetics.com\/wp-content\/uploads\/2022\/09\/pineapple-chunk-feminizada-granel-64x64.jpg",64,64,true]},"uagb_author_info":{"display_name":"Bruno Crespo","author_link":"https:\/\/bulkgenetics.com\/de\/author\/"},"uagb_comment_info":0,"uagb_excerpt":"Pineapple Chunk bietet ein einfaches und unkompliziertes Anbauerlebnis mit hohen Ertr\u00e4gen und einer schnellen Bl\u00fctezeit. Genie\u00dfe harzige Buds mit einem unvergleichlichen Ananasgeschmack und fr\u00f6hlichen und entspannenden Effekten. Perfekt f\u00fcr Grower aller Erfahrungsstufen, die Qualit\u00e4t und Quantit\u00e4t in jeder Ernte suchen.","_links":{"self":[{"href":"https:\/\/bulkgenetics.com\/de\/wp-json\/wp\/v2\/product\/9851","targetHints":{"allow":["GET"]}}],"collection":[{"href":"https:\/\/bulkgenetics.com\/de\/wp-json\/wp\/v2\/product"}],"about":[{"href":"https:\/\/bulkgenetics.com\/de\/wp-json\/wp\/v2\/types\/product"}],"replies":[{"embeddable":true,"href":"https:\/\/bulkgenetics.com\/de\/wp-json\/wp\/v2\/comments?post=9851"}],"wp:featuredmedia":[{"embeddable":true,"href":"https:\/\/bulkgenetics.com\/de\/wp-json\/wp\/v2\/media\/11168"}],"wp:attachment":[{"href":"https:\/\/bulkgenetics.com\/de\/wp-json\/wp\/v2\/media?parent=9851"}],"wp:term":[{"taxonomy":"product_brand","embeddable":true,"href":"https:\/\/bulkgenetics.com\/de\/wp-json\/wp\/v2\/product_brand?post=9851"},{"taxonomy":"product_cat","embeddable":true,"href":"https:\/\/bulkgenetics.com\/de\/wp-json\/wp\/v2\/product_cat?post=9851"},{"taxonomy":"product_tag","embeddable":true,"href":"https:\/\/bulkgenetics.com\/de\/wp-json\/wp\/v2\/product_tag?post=9851"}],"curies":[{"name":"wp","href":"https:\/\/api.w.org\/{rel}","templated":true}]}}