{"id":9896,"date":"2022-09-30T17:10:06","date_gmt":"2022-09-30T15:10:06","guid":{"rendered":"https:\/\/www.bulkgenetics.com\/super-zitrone-haze\/"},"modified":"2024-10-08T01:14:06","modified_gmt":"2024-10-07T23:14:06","slug":"super-lemon-haze","status":"publish","type":"product","link":"https:\/\/bulkgenetics.com\/de\/super-lemon-haze\/","title":{"rendered":"Super Lemon Haze"},"content":{"rendered":"","protected":false},"excerpt":{"rendered":"<p>Super Lemon Haze kombiniert den mehrfachen Champion Super Silver Haze mit Lemon Skunk. Das Ergebnis ist eine perfekte Sativa-dominante Sorte. Sie eignet sich f\u00fcr den Innenbereich, aber vor allem f\u00fcr den Au\u00dfenbereich, wo sie eine H\u00f6he von 2,5-3 Metern erreichen kann. Ihre Struktur ist die einer Sativa, mit beabstandeten Internodien und stilettoartigen Bl\u00e4ttern mit spitzen Blattstielen. Ihre Knospen sind extrem harzig und verstr\u00f6men ein intensives Limetten-\/Zitronenbonbon-Aroma. Ein Tsunami an positiver Energie wird durch deinen K\u00f6rper und deinen Geist fegen und dich stundenlang high halten.<\/p>\n","protected":false},"featured_media":11047,"comment_status":"open","ping_status":"closed","template":"","meta":{"_acf_changed":false,"inline_featured_image":false,"_uag_custom_page_level_css":""},"product_brand":[],"product_cat":[1097],"product_tag":[],"class_list":{"0":"post-9896","1":"product","2":"type-product","3":"status-publish","4":"has-post-thumbnail","6":"product_cat-feminisierte-cannabis-samen","8":"first","9":"instock","10":"taxable","11":"shipping-taxable","12":"purchasable","13":"product-type-simple"},"acf":[],"uagb_featured_image_src":{"full":["https:\/\/bulkgenetics.com\/wp-content\/uploads\/2022\/09\/super-lemon-haze-feminizada-granel.jpg",1600,1600,false],"thumbnail":["https:\/\/bulkgenetics.com\/wp-content\/uploads\/2022\/09\/super-lemon-haze-feminizada-granel-150x150.jpg",150,150,true],"medium":["https:\/\/bulkgenetics.com\/wp-content\/uploads\/2022\/09\/super-lemon-haze-feminizada-granel-300x300.jpg",300,300,true],"medium_large":["https:\/\/bulkgenetics.com\/wp-content\/uploads\/2022\/09\/super-lemon-haze-feminizada-granel-768x768.jpg",768,768,true],"large":["https:\/\/bulkgenetics.com\/wp-content\/uploads\/2022\/09\/super-lemon-haze-feminizada-granel-1024x1024.jpg",1024,1024,true],"1536x1536":["https:\/\/bulkgenetics.com\/wp-content\/uploads\/2022\/09\/super-lemon-haze-feminizada-granel-1536x1536.jpg",1536,1536,true],"2048x2048":["https:\/\/bulkgenetics.com\/wp-content\/uploads\/2022\/09\/super-lemon-haze-feminizada-granel.jpg",1600,1600,false],"commercegurus-pdp-large":["https:\/\/bulkgenetics.com\/wp-content\/uploads\/2022\/09\/super-lemon-haze-feminizada-granel-990x990.jpg",990,990,true],"commercegurus-plp-mobile":["https:\/\/bulkgenetics.com\/wp-content\/uploads\/2022\/09\/super-lemon-haze-feminizada-granel-441x441.jpg",441,441,true],"cgkit_image_swatch":["https:\/\/bulkgenetics.com\/wp-content\/uploads\/2022\/09\/super-lemon-haze-feminizada-granel-100x100.jpg",100,100,true],"woocommerce_thumbnail":["https:\/\/bulkgenetics.com\/wp-content\/uploads\/2022\/09\/super-lemon-haze-feminizada-granel-300x300.jpg",300,300,true],"woocommerce_single":["https:\/\/bulkgenetics.com\/wp-content\/uploads\/2022\/09\/super-lemon-haze-feminizada-granel-800x800.jpg",800,800,true],"woocommerce_gallery_thumbnail":["https:\/\/bulkgenetics.com\/wp-content\/uploads\/2022\/09\/super-lemon-haze-feminizada-granel-150x150.jpg",150,150,true],"dgwt-wcas-product-suggestion":["https:\/\/bulkgenetics.com\/wp-content\/uploads\/2022\/09\/super-lemon-haze-feminizada-granel-64x64.jpg",64,64,true]},"uagb_author_info":{"display_name":"\u00c1ngel Flores","author_link":"https:\/\/bulkgenetics.com\/de\/author\/"},"uagb_comment_info":0,"uagb_excerpt":"Super Lemon Haze kombiniert den mehrfachen Champion Super Silver Haze mit Lemon Skunk. Das Ergebnis ist eine perfekte Sativa-dominante Sorte. Sie eignet sich f\u00fcr den Innenbereich, aber vor allem f\u00fcr den Au\u00dfenbereich, wo sie eine H\u00f6he von 2,5-3 Metern erreichen kann. Ihre Struktur ist die einer Sativa, mit beabstandeten Internodien und stilettoartigen Bl\u00e4ttern mit spitzen&hellip;","_links":{"self":[{"href":"https:\/\/bulkgenetics.com\/de\/wp-json\/wp\/v2\/product\/9896","targetHints":{"allow":["GET"]}}],"collection":[{"href":"https:\/\/bulkgenetics.com\/de\/wp-json\/wp\/v2\/product"}],"about":[{"href":"https:\/\/bulkgenetics.com\/de\/wp-json\/wp\/v2\/types\/product"}],"replies":[{"embeddable":true,"href":"https:\/\/bulkgenetics.com\/de\/wp-json\/wp\/v2\/comments?post=9896"}],"wp:featuredmedia":[{"embeddable":true,"href":"https:\/\/bulkgenetics.com\/de\/wp-json\/wp\/v2\/media\/11047"}],"wp:attachment":[{"href":"https:\/\/bulkgenetics.com\/de\/wp-json\/wp\/v2\/media?parent=9896"}],"wp:term":[{"taxonomy":"product_brand","embeddable":true,"href":"https:\/\/bulkgenetics.com\/de\/wp-json\/wp\/v2\/product_brand?post=9896"},{"taxonomy":"product_cat","embeddable":true,"href":"https:\/\/bulkgenetics.com\/de\/wp-json\/wp\/v2\/product_cat?post=9896"},{"taxonomy":"product_tag","embeddable":true,"href":"https:\/\/bulkgenetics.com\/de\/wp-json\/wp\/v2\/product_tag?post=9896"}],"curies":[{"name":"wp","href":"https:\/\/api.w.org\/{rel}","templated":true}]}}