{"id":9903,"date":"2022-09-30T17:12:10","date_gmt":"2022-09-30T15:12:10","guid":{"rendered":"https:\/\/www.bulkgenetics.com\/tahoe-og\/"},"modified":"2024-10-08T01:14:05","modified_gmt":"2024-10-07T23:14:05","slug":"tahoe-og","status":"publish","type":"product","link":"https:\/\/bulkgenetics.com\/de\/tahoe-og\/","title":{"rendered":"Tahoe OG"},"content":{"rendered":"\n<p>Tahoe OG ist ein wahres Juwel in der Welt des Cannabis, geboren im sonnigen Kalifornien. Dieser Indica-dominante Hybrid ist das Ergebnis einer Kreuzung zwischen <a href=\"https:\/\/bulkgenetics.com\/de\/og-kush\/\"><strong>OG Kush<\/strong><\/a> und <strong><a href=\"https:\/\/bulkgenetics.com\/de\/san-fernando-valley-og\/\">SFV OG<\/a><\/strong> und bietet das Beste aus beiden Welten. Entwickelt von The Cali Connection hat diese Strain mehrere Auszeichnungen gewonnen, darunter den ersten Platz bei den High Times Amsterdam Awards 2011.<\/p>\n\n\n\n<p>Die Tahoe OG Pflanze ist ein echter Hingucker. Sie hat eine typische Weihnachtsbaumstruktur, mit dicken \u00c4sten, die sich verk\u00fcrzen und in einem gro\u00dfen Haupttrieb enden. Die Bl\u00fcten sind gro\u00df, sehr kompakt und dicht mit harzigen Trichomen bedeckt, als w\u00e4ren sie mit Zucker best\u00e4ubt. Diese Bl\u00fcten sind nicht nur ein visuelles Vergn\u00fcgen, sondern versprechen auch ein erstklassiges Erlebnis.<\/p>\n\n\n\n<h2 class=\"wp-block-heading\">Geschmack und Wirkung<\/h2>\n\n\n\n<p>Vom ersten Moment an, in dem Tahoe OG zu bl\u00fchen beginnt, verstr\u00f6mt sie ein erdiges und zitrusartiges Aroma mit einem s\u00fc\u00dfen Waldkiefernduft. Beim Konsum bietet sie eine Explosion gut definierter Aromen: Die S\u00fc\u00dfe umh\u00fcllt deinen Mund mit erdigen Noten und einer frischen Kiefernnote, w\u00e4hrend zitrusartige Ausbr\u00fcche deinen Gaumen stimulieren und ein unvergleichliches sensorisches Erlebnis schaffen.<\/p>\n\n\n\n<p>Die Wirkung ist aufgrund ihres hohen <strong>THC<\/strong>-Gehalts, der bei einigen Exemplaren <strong>bis zu 25%<\/strong> erreichen kann, wirklich stark. Diese Strain bietet eine intensive Entspannung, die dich vollst\u00e4ndig abschaltet \u2013 ideal f\u00fcr die Momente, in denen du komplett abschalten musst. Au\u00dferdem ist sie perfekt f\u00fcr die Nacht, da sie ein Gef\u00fchl von Schl\u00e4frigkeit und tiefer Entspannung hervorruft. Obwohl ihr <strong>CBD<\/strong>-Gehalt niedrig ist, <strong>unter 1%<\/strong>, sind die therapeutischen Vorteile dieser Strain unbestreitbar und besonders n\u00fctzlich zur Behandlung von Schlaflosigkeit und chronischen Schmerzen.<\/p>\n\n\n\n<h3 class=\"wp-block-heading\">Terpene von Tahoe OG<\/h3>\n\n\n\n<p>Die Terpene spielen eine entscheidende Rolle bei dem Erlebnis, das Tahoe OG bietet. Zu den herausragendsten geh\u00f6ren <strong>Myrcen<\/strong>, <strong>Limonen<\/strong> und <strong>Caryophyllen<\/strong>. Diese Terpene tragen nicht nur zu ihrem einzigartigen Aroma und Geschmack bei, sondern verst\u00e4rken auch ihre therapeutischen Wirkungen.<\/p>\n\n\n\n<p><strong>Myrcen<\/strong> bringt ein krautiges Aroma und ist bekannt f\u00fcr seine beruhigenden und entspannenden Wirkungen, was es perfekt f\u00fcr diejenigen macht, die eine tiefe und erholsame Ruhe suchen. <strong>Limonen<\/strong> mit seinem frischen Zitrusaroma verbessert die Stimmung und lindert Stress, was der Erfahrung einen belebenden Touch verleiht. Schlie\u00dflich verleiht <strong>Caryophyllen<\/strong> eine w\u00fcrzige Note und ist bekannt f\u00fcr seine entz\u00fcndungshemmenden Eigenschaften, ideal zur Schmerzlinderung.<\/p>\n\n\n\n<h2 class=\"wp-block-heading\">Ertrag und Bl\u00fctezeit<\/h2>\n\n\n\n<p>Die Tahoe OG ist eine Strain, die sich durch ihren hohen Ertrag und ihre schnelle Bl\u00fctezeit auszeichnet, was sie sowohl f\u00fcr Anf\u00e4nger als auch f\u00fcr erfahrene Z\u00fcchter zu einer sehr attraktiven Option macht.<\/p>\n\n\n\n<p>In Innenr\u00e4umen kann Tahoe OG bis zu <strong>550 Gramm pro Quadratmeter<\/strong> erbringen, vorausgesetzt, es werden 300-350 W LED-Lampen verwendet. Ihre Bl\u00fctezeit ist relativ kurz und liegt zwischen <strong>60 und 65 Tagen<\/strong> nach der Umstellung des Photoperiods. W\u00e4hrend dieser Phase ist es wichtig, einen guten Kohlefilter zu verwenden, um die intensiven Ger\u00fcche zu bew\u00e4ltigen, die sie verstr\u00f6mt.<\/p>\n\n\n\n<p>Im Freien liefert diese Strain ebenfalls beeindruckende Ergebnisse und kann bis zu <strong>900 Gramm pro Pflanze<\/strong> produzieren. Die Struktur der Pflanze im Freien ist robust, mit dicken \u00c4sten, die sich zum Gipfel hin verk\u00fcrzen und eine gro\u00dfe Hauptbl\u00fcte bilden. Die Erntezeit im Freien liegt zwischen der ersten und der <strong>zweiten Oktoberwoche<\/strong>, was eine schnelle Amortisation gew\u00e4hrleistet. Es ist m\u00f6glich, dass die \u00c4ste in den letzten Wochen der Bl\u00fctezeit Unterst\u00fctzung ben\u00f6tigen, um das Gewicht der Bl\u00fcten zu tragen.<\/p>\n\n\n\n<p>Unabh\u00e4ngig vom Anbauumfeld verspricht Tahoe OG reichliche Ernten von gro\u00dfen, dichten Buds, die mit einer dicken Schicht Harz \u00fcberzogen sind, und sorgt so f\u00fcr eine lohnende und produktive Anbauerfahrung.<\/p>\n\n\n\n<h2 class=\"wp-block-heading\">Wie Man Tahoe OG Anbaut<\/h2>\n\n\n\n<p>Tahoe OG ist eine Strain, die, obwohl sie leicht anzubauen ist, m\u00f6glicherweise ein wenig Aufmerksamkeit erfordert, um die besten Ergebnisse zu erzielen. Wir betrachten sie als mittelschwer in der Anbau-Schwierigkeit, was bedeutet, dass sie nicht die einfachste ist, aber mit der richtigen Pflege k\u00f6nnen die Ergebnisse spektakul\u00e4r sein.<\/p>\n\n\n\n<p>Um das Beste aus Tahoe OG herauszuholen, empfehlen wir, sie in einem warmen und sonnigen Klima zu kultivieren. Diese Pflanze gedeiht sowohl drinnen als auch drau\u00dfen gut, solange ihr eine kontrollierte Umgebung geboten wird. In Innenr\u00e4umen ist es entscheidend, f\u00fcr eine gute Bel\u00fcftung zu sorgen und die Luftfeuchtigkeit zu regulieren, um Schimmelprobleme zu vermeiden. Im Freien gedeiht sie in Klimazonen, die ihrer kalifornischen Heimat \u00e4hneln.<\/p>\n\n\n\n<p>Obwohl Tahoe OG eine moderate Resistenz gegen Sch\u00e4dlinge und Krankheiten zeigt, ist regelm\u00e4\u00dfige \u00dcberwachung sehr wichtig. Die fragilen \u00c4ste der Pflanze ben\u00f6tigen Unterst\u00fctzung, und es sollte regelm\u00e4\u00dfig eine Beschneidung des unteren Bl\u00e4tterdachs erfolgen, um die Luftzirkulation zu verbessern und Schimmelbildung zu verhindern. Wir empfehlen auch eine gro\u00dfz\u00fcgige N\u00e4hrstoffzufuhr, da diese Strain einen hohen N\u00e4hrstoffbedarf hat, um ihre dichten und harzigen Buds zu entwickeln.<\/p>\n\n\n\n<div style=\"height:50px\" aria-hidden=\"true\" class=\"wp-block-spacer uag-hide-mob\"><\/div>\n\n\n\n<div class=\"wp-block-columns is-layout-flex wp-container-core-columns-is-layout-28f84493 wp-block-columns-is-layout-flex\">\n<div class=\"wp-block-column is-layout-flow wp-block-column-is-layout-flow\">\n<p class=\"has-text-align-center has-medium-font-size\"><strong>Was wir am meisten lieben<\/strong><\/p>\n\n\n\n<ul class=\"wp-block-list\">\n<li>Intensiver und einzigartiger Geschmack und Aroma.<\/li>\n\n\n\n<li>Tiefe Entspannung und Stressabbau.<\/li>\n\n\n\n<li>Moderate Resistenz gegen Schimmel und Krankheiten.<\/li>\n\n\n\n<li>Hohe Harzproduktion, ideal f\u00fcr Extrakte.<\/li>\n<\/ul>\n<\/div>\n\n\n\n<div class=\"wp-block-column is-layout-flow wp-block-column-is-layout-flow\">\n<p class=\"has-text-align-center has-medium-font-size\"><strong>Was wir weniger lieben<\/strong><\/p>\n\n\n\n<ul class=\"wp-block-list\">\n<li>Ben\u00f6tigt zus\u00e4tzliche Unterst\u00fctzung f\u00fcr fragile \u00c4ste.<\/li>\n\n\n\n<li>Erfordert einige Anbauerfahrung.<\/li>\n<\/ul>\n<\/div>\n<\/div>\n\n\n\n<div style=\"height:50px\" aria-hidden=\"true\" class=\"wp-block-spacer uag-hide-mob\"><\/div>\n\n\n\n<h2 class=\"wp-block-heading\">H\u00e4ufig Gestellte Fragen<\/h2>\n\n\n\n<p>Im Folgenden finden Sie die Antworten auf die h\u00e4ufigsten Fragen, die uns von Z\u00fcchtern gestellt werden, die an diesen g\u00fcnstigen Samen in gro\u00dfen Mengen interessiert sind:<\/p>\n\n\n<div id=\"rank-math-faq\" class=\"rank-math-block\">\n<div class=\"rank-math-list \">\n<div id=\"faq-question-1663029074962\" class=\"rank-math-list-item\">\n<h3 class=\"rank-math-question \">Wann beginnt Tahoe OG im Freien zu bl\u00fchen?<\/h3>\n<div class=\"rank-math-answer \">\n\n<p>Je nach Anbaubreite beginnt die Bl\u00fcte von Tahoe OG zwischen Ende Juli und Mitte August. Es ist eine schnell bl\u00fchende Strain, die in der ersten Oktoberh\u00e4lfte geerntet wird.<\/p>\n\n<\/div>\n<\/div>\n<div id=\"faq-question-1663029159933\" class=\"rank-math-list-item\">\n<h3 class=\"rank-math-question \">Wann sollte man eine Tahoe OG im Freien schneiden?<\/h3>\n<div class=\"rank-math-answer \">\n\n<p>Im Innenbereich hat Tahoe OG eine Bl\u00fctezeit von etwa 60-65 Tagen nach der Umstellung des Photoperiods. Es ist eine ausgezeichnete Wahl f\u00fcr diejenigen, die schnelle und effiziente Ernten suchen.<\/p>\n\n<\/div>\n<\/div>\n<div id=\"faq-question-1663029165861\" class=\"rank-math-list-item\">\n<h3 class=\"rank-math-question \">Wie baut man eine feminisierte Tahoe OG an?<\/h3>\n<div class=\"rank-math-answer \">\n\n<p>Beim Anbau von Tahoe OG ist es wichtig, zus\u00e4tzliche Unterst\u00fctzung f\u00fcr die fragilen \u00c4ste bereitzustellen und regelm\u00e4\u00dfig den unteren Bl\u00e4tterdach zu beschneiden, um die Luftzirkulation zu verbessern. Au\u00dferdem hat diese Strain einen hohen N\u00e4hrstoffbedarf, daher ist eine gro\u00dfz\u00fcgige N\u00e4hrstoffzufuhr entscheidend, um dichte und harzige Buds zu entwickeln.<\/p>\n\n<\/div>\n<\/div>\n<div id=\"faq-question-1666780029954\" class=\"rank-math-list-item\">\n<h3 class=\"rank-math-question \">Welche Wirkungen hat Tahoe OG in gro\u00dfen Mengen?<\/h3>\n<div class=\"rank-math-answer \">\n\n<p>Tahoe OG erzeugt eine intensive Entspannung und ein Gef\u00fchl der Schl\u00e4frigkeit, perfekt f\u00fcr die Nacht. Ihre Wirkungen umfassen eine tiefe k\u00f6rperliche Ruhe und Schmerzlinderung, dank ihres hohen THC-Gehalts, der bis zu 25% erreichen kann. Sie ist auch bekannt f\u00fcr ihre F\u00e4higkeit, Schlaflosigkeit und Stress zu bek\u00e4mpfen.<\/p>\n\n<\/div>\n<\/div>\n<div id=\"faq-question-1721205592833\" class=\"rank-math-list-item\">\n<h3 class=\"rank-math-question \">Ist Tahoe OG eine Sativa oder Indica?<\/h3>\n<div class=\"rank-math-answer \">\n\n<p>Tahoe OG ist eine Indica-dominante Strain, die haupts\u00e4chlich aus 90% Indica-Genetik und 10% Sativa besteht. Indica- und Sativa-Strains unterscheiden sich haupts\u00e4chlich in ihrer Morphologie und ihren Wirkungen. Indicas, wie Tahoe OG, neigen dazu, eine entspannendere und beruhigendere Wirkung zu haben, ideal f\u00fcr die n\u00e4chtliche Nutzung und zur Stress- und Schmerzlinderung. Sativas hingegen bieten normalerweise eine energetisierende und stimulierende Wirkung, die sich f\u00fcr den t\u00e4glichen Gebrauch eignet und Kreativit\u00e4t und Konzentration steigert.<\/p>\n\n<\/div>\n<\/div>\n<\/div>\n<\/div>","protected":false},"excerpt":{"rendered":"<p><b>Tahoe OG<\/b> bietet dir eine intensive Entspannung und Schmerzlinderung dank ihres <strong>hohen THC-Gehalts<\/strong>. Perfekt, um Schlaflosigkeit und Stress zu bek\u00e4mpfen, garantieren ihre <strong>dichten und harzigen Buds<\/strong> ein einzigartiges Erlebnis. Baue dir eine tiefe und angenehme Ruhe mit dieser preisgekr\u00f6nten Cannabissorte an.<\/p>\n","protected":false},"featured_media":31557,"comment_status":"open","ping_status":"closed","template":"","meta":{"_acf_changed":false,"inline_featured_image":false,"_uag_custom_page_level_css":""},"product_brand":[],"product_cat":[1097],"product_tag":[],"class_list":{"0":"post-9903","1":"product","2":"type-product","3":"status-publish","4":"has-post-thumbnail","6":"product_cat-feminisierte-cannabis-samen","8":"first","9":"instock","10":"taxable","11":"shipping-taxable","12":"purchasable","13":"product-type-simple"},"acf":[],"uagb_featured_image_src":{"full":["https:\/\/bulkgenetics.com\/wp-content\/uploads\/2022\/09\/tahoe-og-strain-bulk-genetics-seeds.jpg",1600,1600,false],"thumbnail":["https:\/\/bulkgenetics.com\/wp-content\/uploads\/2022\/09\/tahoe-og-strain-bulk-genetics-seeds-150x150.jpg",150,150,true],"medium":["https:\/\/bulkgenetics.com\/wp-content\/uploads\/2022\/09\/tahoe-og-strain-bulk-genetics-seeds-300x300.jpg",300,300,true],"medium_large":["https:\/\/bulkgenetics.com\/wp-content\/uploads\/2022\/09\/tahoe-og-strain-bulk-genetics-seeds-768x768.jpg",768,768,true],"large":["https:\/\/bulkgenetics.com\/wp-content\/uploads\/2022\/09\/tahoe-og-strain-bulk-genetics-seeds-1024x1024.jpg",1024,1024,true],"1536x1536":["https:\/\/bulkgenetics.com\/wp-content\/uploads\/2022\/09\/tahoe-og-strain-bulk-genetics-seeds-1536x1536.jpg",1536,1536,true],"2048x2048":["https:\/\/bulkgenetics.com\/wp-content\/uploads\/2022\/09\/tahoe-og-strain-bulk-genetics-seeds.jpg",1600,1600,false],"commercegurus-pdp-large":["https:\/\/bulkgenetics.com\/wp-content\/uploads\/2022\/09\/tahoe-og-strain-bulk-genetics-seeds-990x990.jpg",990,990,true],"commercegurus-plp-mobile":["https:\/\/bulkgenetics.com\/wp-content\/uploads\/2022\/09\/tahoe-og-strain-bulk-genetics-seeds-441x441.jpg",441,441,true],"cgkit_image_swatch":["https:\/\/bulkgenetics.com\/wp-content\/uploads\/2022\/09\/tahoe-og-strain-bulk-genetics-seeds-100x100.jpg",100,100,true],"woocommerce_thumbnail":["https:\/\/bulkgenetics.com\/wp-content\/uploads\/2022\/09\/tahoe-og-strain-bulk-genetics-seeds-300x300.jpg",300,300,true],"woocommerce_single":["https:\/\/bulkgenetics.com\/wp-content\/uploads\/2022\/09\/tahoe-og-strain-bulk-genetics-seeds-800x800.jpg",800,800,true],"woocommerce_gallery_thumbnail":["https:\/\/bulkgenetics.com\/wp-content\/uploads\/2022\/09\/tahoe-og-strain-bulk-genetics-seeds-150x150.jpg",150,150,true],"dgwt-wcas-product-suggestion":["https:\/\/bulkgenetics.com\/wp-content\/uploads\/2022\/09\/tahoe-og-strain-bulk-genetics-seeds-64x64.jpg",64,64,true]},"uagb_author_info":{"display_name":"Bruno Crespo","author_link":"https:\/\/bulkgenetics.com\/de\/author\/"},"uagb_comment_info":0,"uagb_excerpt":"Tahoe OG bietet dir eine intensive Entspannung und Schmerzlinderung dank ihres hohen THC-Gehalts. Perfekt, um Schlaflosigkeit und Stress zu bek\u00e4mpfen, garantieren ihre dichten und harzigen Buds ein einzigartiges Erlebnis. Baue dir eine tiefe und angenehme Ruhe mit dieser preisgekr\u00f6nten Cannabissorte an.","_links":{"self":[{"href":"https:\/\/bulkgenetics.com\/de\/wp-json\/wp\/v2\/product\/9903","targetHints":{"allow":["GET"]}}],"collection":[{"href":"https:\/\/bulkgenetics.com\/de\/wp-json\/wp\/v2\/product"}],"about":[{"href":"https:\/\/bulkgenetics.com\/de\/wp-json\/wp\/v2\/types\/product"}],"replies":[{"embeddable":true,"href":"https:\/\/bulkgenetics.com\/de\/wp-json\/wp\/v2\/comments?post=9903"}],"wp:featuredmedia":[{"embeddable":true,"href":"https:\/\/bulkgenetics.com\/de\/wp-json\/wp\/v2\/media\/31557"}],"wp:attachment":[{"href":"https:\/\/bulkgenetics.com\/de\/wp-json\/wp\/v2\/media?parent=9903"}],"wp:term":[{"taxonomy":"product_brand","embeddable":true,"href":"https:\/\/bulkgenetics.com\/de\/wp-json\/wp\/v2\/product_brand?post=9903"},{"taxonomy":"product_cat","embeddable":true,"href":"https:\/\/bulkgenetics.com\/de\/wp-json\/wp\/v2\/product_cat?post=9903"},{"taxonomy":"product_tag","embeddable":true,"href":"https:\/\/bulkgenetics.com\/de\/wp-json\/wp\/v2\/product_tag?post=9903"}],"curies":[{"name":"wp","href":"https:\/\/api.w.org\/{rel}","templated":true}]}}