{"id":9924,"date":"2022-09-30T17:25:03","date_gmt":"2022-09-30T15:25:03","guid":{"rendered":"https:\/\/www.bulkgenetics.com\/wassermelone-x-zkittlez\/"},"modified":"2024-10-08T01:14:04","modified_gmt":"2024-10-07T23:14:04","slug":"watermelon-x-zkittlez","status":"publish","type":"product","link":"https:\/\/bulkgenetics.com\/de\/watermelon-x-zkittlez\/","title":{"rendered":"Watermelon x Zkittlez"},"content":{"rendered":"\n<p><strong>Watermelon x Zkittlez<\/strong> ist eine Sorte, die das Beste aus zwei Welten vereint, indem sie die k\u00f6stliche <strong>Watermelon<\/strong> mit der beliebten <a href=\"https:\/\/bulkgenetics.com\/de\/zkittlez\/\"><strong>Zkittlez<\/strong><\/a> kombiniert. Dieser Indica\/Sativa-Hybrid zeichnet sich durch seine beeindruckende Abstammung und seine einzigartigen Eigenschaften aus, die ihn zu einem Favoriten unter den Growern gemacht haben. Die Genetik dieser Strain hat auf Plattformen wie Growdiaries, Seedfinder und Leafly Aufmerksamkeit erregt und sie in eine Liga mit anderen legend\u00e4ren Sorten wie Gelato, Cookies Z3 und Forbidden Fruit gestellt.<\/p>\n\n\n\n<p>Die <strong>Watermelon x Zkittlez<\/strong> Pflanze hat eine kompakte und robuste Morphologie, perfekt sowohl f\u00fcr den Innen- als auch f\u00fcr den Au\u00dfenanbau. Im Freien kann diese Pflanze unter g\u00fcnstigen Bedingungen eine durchschnittliche H\u00f6he von 2,5 Metern erreichen und zeichnet sich durch kurze Internodien, gro\u00dfe, blassgr\u00fcne Bl\u00e4tter und starke \u00c4ste aus. Im Innenbereich ist ihr Streckverhalten mittel, was sie ideal f\u00fcr Anbautechniken wie SOG und SCROG macht.<\/p>\n\n\n\n<p>Die Buds von <strong>Watermelon x Zkittlez<\/strong> sind eine wahre visuelle und sensorische Delikatesse. Sie sind dick, l\u00e4nglich und hart und neigen dazu, wundersch\u00f6ne r\u00f6tliche Farbt\u00f6ne anzunehmen. Dar\u00fcber hinaus sind sie mit einer dichten Schicht aus Harz bedeckt, die sie wie mit Kristallen bedeckt gl\u00e4nzen l\u00e4sst. Diese Eigenschaft verleiht ihnen nicht nur ein attraktives Aussehen, sondern macht sie auch ideal f\u00fcr die Produktion von Extrakten und hochwertigen Konzentraten.<\/p>\n\n\n\n<p>Mit einer Farbpalette, die von dunklem Olivgr\u00fcn bis zu Purpurt\u00f6nen reicht und durch feine orangefarbene Haare akzentuiert wird, sind die Buds von <strong>Watermelon x Zkittlez<\/strong> ein echter Hingucker. Diese Farbkombination und ihre Dichte machen die Pflanze sowohl f\u00fcr Anf\u00e4nger als auch f\u00fcr erfahrene Grower attraktiv.<\/p>\n\n\n\n<h2 class=\"wp-block-heading\">Geschmack und Wirkung<\/h2>\n\n\n\n<p><strong>Watermelon x Zkittlez<\/strong> nimmt dich von der ersten Sekunde an mit auf eine sensorische Reise. Ihr Aroma ist eine Explosion von S\u00fc\u00dfe und tropischen Fr\u00fcchten, die Erinnerungen an Wassermelonen und frische Trauben weckt. Beim Rauchen entfaltet sich ihr unglaublich leckerer Geschmack am Gaumen mit s\u00fc\u00dfen und fruchtigen Noten, die deine Geschmacksknospen wie nie zuvor erfreuen werden.<\/p>\n\n\n\n<p>Die Wirkungen von <strong>Watermelon x Zkittlez<\/strong> sind ebenso beeindruckend wie ihr Geschmack. Mit einem THC-Gehalt von bis zu 25% bietet diese Sorte ein sehr starkes Erlebnis. Ab dem ersten Zug sp\u00fcrst du eine fr\u00f6hliche und euphorische Welle durch deinen K\u00f6rper str\u00f6men, gefolgt von extrem entspannenden Empfindungen. Diese Kombination von Effekten macht sie perfekt f\u00fcr kreative Tage ebenso wie f\u00fcr entspannende N\u00e4chte. Au\u00dferdem ist ihr CBD-Gehalt niedrig, unter 1%, was die psychoaktiven Effekte des THC noch weiter verst\u00e4rkt.<\/p>\n\n\n\n<h3 class=\"wp-block-heading\">Terpene der Watermelon x Zkittlez<\/h3>\n\n\n\n<p><strong>Watermelon x Zkittlez<\/strong> besticht durch ihr komplexes Terpenprofil, das nicht nur zu ihrem Geschmack und Aroma beitr\u00e4gt, sondern auch mehrere therapeutische Vorteile bietet. Zu den Hauptterpenen geh\u00f6ren:<\/p>\n\n\n\n<ul class=\"wp-block-list\">\n<li><strong>Alpha-Humulen:<\/strong> Bekannt f\u00fcr seine entz\u00fcndungshemmenden und appetithemmenden Eigenschaften, verleiht dieses Terpen erdige und w\u00fcrzige Aromen.<\/li>\n\n\n\n<li><strong>Beta-Caryophyllen:<\/strong> Dieses Terpen, das im Aroma von Gew\u00fcrzen und Pfeffer vorkommt, ist bekannt f\u00fcr seine angstl\u00f6senden und antidepressiven Wirkungen und sorgt f\u00fcr Entspannung und Stressabbau.<\/li>\n\n\n\n<li><strong>Linalool:<\/strong> Mit einem blumigen Lavendelduft ist dieses Terpen ber\u00fchmt f\u00fcr seine beruhigenden und sedativen Eigenschaften, die helfen, Angstzust\u00e4nde zu reduzieren und den Schlaf zu verbessern.<\/li>\n\n\n\n<li><strong>Delta-Limonen:<\/strong> Verleiht ein frisches Zitrusaroma und ist bekannt f\u00fcr seine belebenden und stimmungsaufhellenden Effekte, ideal zur Bek\u00e4mpfung von Depressionen.<\/li>\n\n\n\n<li><strong>Myrcen:<\/strong> H\u00e4ufig in Indica-Sorten zu finden, hat dieses Terpen ein erdiges und moosiges Aroma und ist ber\u00fchmt f\u00fcr seine sedierenden und entspannenden Eigenschaften, perfekt zur Schmerzlinderung und Muskelentspannung.<\/li>\n<\/ul>\n\n\n\n<p>Diese Terpene wirken zusammen, um ein einzigartiges Erlebnis zu bieten, das euphorische und entspannende Effekte kombiniert und <strong>Watermelon x Zkittlez<\/strong> zu einer hervorragenden Wahl sowohl f\u00fcr den Freizeit- als auch f\u00fcr den medizinischen Gebrauch macht.<\/p>\n\n\n\n<h2 class=\"wp-block-heading\">Ertrag und Bl\u00fctezeit<\/h2>\n\n\n\n<p><strong>Watermelon x Zkittlez<\/strong> besticht nicht nur durch ihren Geschmack und ihre Wirkung, sondern auch durch ihren gro\u00dfz\u00fcgigen Ertrag. Im Innenanbau kann diese Sorte zwischen 500 und 600 Gramm pro Quadratmeter produzieren, besonders wenn eine 300-350 W LED verwendet wird. Die Pflanze eignet sich gut f\u00fcr Anbautechniken wie SOG und SCROG, wodurch gro\u00dfe Anbaufl\u00e4chen in wenigen Wochen abgedeckt werden k\u00f6nnen.<\/p>\n\n\n\n<p>Im Freien zeigt <strong>Watermelon x Zkittlez<\/strong> ihr volles Potenzial. Unter g\u00fcnstigen Bedingungen k\u00f6nnen die Pflanzen eine H\u00f6he von 2 bis 2,5 Metern erreichen und zwischen 900 und 1000 Gramm pro Pflanze produzieren. Ihre Robustheit und Widerstandsf\u00e4higkeit machen sie perfekt f\u00fcr verschiedene Klimazonen, und ihre kurze Bl\u00fctezeit erm\u00f6glicht fr\u00fche Ernten.<\/p>\n\n\n\n<p>Die Bl\u00fctezeit von <strong>Watermelon x Zkittlez<\/strong> ist relativ kurz. Im Innenbereich dauert es ab dem Wechsel des Lichtzyklus von Wachstum auf Bl\u00fcte etwa 60-65 Tage, bis du die aromatischsten und klebrigsten Buds ernten kannst, die du dir vorstellen kannst. Im Freien beginnt die Bl\u00fcte in der ersten Augusth\u00e4lfte, und die Ernte erfolgt zwischen Ende September und Anfang Oktober, was sie ideal f\u00fcr Grower macht, die schnelle und effektive Ergebnisse suchen.<\/p>\n\n\n\n<h2 class=\"wp-block-heading\">Wie man Watermelon x Zkittlez anbaut<\/h2>\n\n\n\n<p>Bei Bulk Genetics sind wir der Meinung, dass <strong>Watermelon x Zkittlez<\/strong> eine Strain ist, die sowohl Anf\u00e4ngern als auch erfahrenen Growern perfekt passt. Ihr Anbau ist relativ einfach aufgrund ihrer Widerstandsf\u00e4higkeit und Robustheit, was sie ideal f\u00fcr jede Art von Anbauumgebung macht, sei es drinnen oder drau\u00dfen.<\/p>\n\n\n\n<p>F\u00fcr die besten Ergebnisse empfehlen wir, sie in einem gem\u00e4\u00dfigten bis warmen Klima anzubauen. Die Pflanze passt sich dank ihrer schnellen Bl\u00fctezeit gut an verschiedene klimatische Bedingungen an, sodass sie im Freien den harten Herbstbedingungen entgehen kann. Im Innenbereich ist es wichtig, eine konstante Temperatur zwischen 20-25\u00b0C und eine angemessene relative Luftfeuchtigkeit zu halten, um die Produktion und Qualit\u00e4t der Buds zu maximieren.<\/p>\n\n\n\n<p>Eines der herausragendsten Merkmale von <strong>Watermelon x Zkittlez<\/strong> ist ihre Widerstandsf\u00e4higkeit gegen Sch\u00e4dlinge und Krankheiten. Diese Sorte zeigt eine bemerkenswerte Toleranz gegen\u00fcber Insektenbefall und h\u00e4ufigen Schimmelproblemen, was den Bedarf an chemischen Behandlungen erheblich reduziert und den Anbau einfacher zu handhaben macht.<\/p>\n\n\n\n<div style=\"height:50px\" aria-hidden=\"true\" class=\"wp-block-spacer uag-hide-mob\"><\/div>\n\n\n\n<div class=\"wp-block-columns is-layout-flex wp-container-core-columns-is-layout-28f84493 wp-block-columns-is-layout-flex\">\n<div class=\"wp-block-column is-layout-flow wp-block-column-is-layout-flow\">\n<p class=\"has-text-align-center has-medium-font-size\"><strong>Was wir lieben<\/strong><\/p>\n\n\n\n<ul class=\"wp-block-list\">\n<li>Sehr einfach anzubauen.<\/li>\n\n\n\n<li>Hohe Ertr\u00e4ge sowohl drinnen als auch drau\u00dfen.<\/li>\n\n\n\n<li>Unwiderstehlicher tropischer Fruchtgeschmack.<\/li>\n\n\n\n<li>Sehr starke und ausgewogene Effekte.<\/li>\n\n\n\n<li>Ausgezeichnete Widerstandsf\u00e4higkeit gegen Sch\u00e4dlinge und Krankheiten.<\/li>\n<\/ul>\n<\/div>\n\n\n\n<div class=\"wp-block-column is-layout-flow wp-block-column-is-layout-flow\">\n<p class=\"has-text-align-center has-medium-font-size\"><strong>Was wir nicht m\u00f6gen<\/strong><\/p>\n\n\n\n<ul class=\"wp-block-list\">\n<li>Sehr geruchsintensiv w\u00e4hrend der Bl\u00fcte.<\/li>\n\n\n\n<li>F\u00fcr viele Konsumenten zu stark.<\/li>\n<\/ul>\n<\/div>\n<\/div>\n\n\n\n<div style=\"height:50px\" aria-hidden=\"true\" class=\"wp-block-spacer uag-hide-mob\"><\/div>\n\n\n\n<h2 class=\"wp-block-heading\">H\u00e4ufig gestellte Fragen<\/h2>\n\n\n\n<p>Im Folgenden beantworten wir die h\u00e4ufigsten Fragen von Growern, die an diesen g\u00fcnstigen Bulk-Samen interessiert sind:<\/p>\n\n\n<div id=\"rank-math-faq\" class=\"rank-math-block\">\n<div class=\"rank-math-list \">\n<div id=\"faq-question-1663029074962\" class=\"rank-math-list-item\">\n<h3 class=\"rank-math-question \">Wann beginnt Watermelon x Zkittlez im Freien zu bl\u00fchen?<\/h3>\n<div class=\"rank-math-answer \">\n\n<p>Im Freien beginnt die Bl\u00fcte von <strong>Watermelon x Zkittlez<\/strong> in der ersten Augusth\u00e4lfte, abh\u00e4ngig von der geografischen Lage und den spezifischen Anbaubedingungen.<\/p>\n\n<\/div>\n<\/div>\n<div id=\"faq-question-1663029159933\" class=\"rank-math-list-item\">\n<h3 class=\"rank-math-question \">Wann sollte man Watermelon x Zkittlez im Freien ernten?<\/h3>\n<div class=\"rank-math-answer \">\n\n<p><strong>Watermelon x Zkittlez<\/strong> hat eine schnelle Bl\u00fctezeit, sodass die Ernte zwischen Ende September und Anfang Oktober im Freien erfolgen kann. In Innenr\u00e4umen betr\u00e4gt die Bl\u00fctezeit etwa 60-65 Tage nach dem Wechsel des Lichtzyklus.<\/p>\n\n<\/div>\n<\/div>\n<div id=\"faq-question-1663029165861\" class=\"rank-math-list-item\">\n<h3 class=\"rank-math-question \">Wie baut man eine feminisierte Watermelon x Zkittlez an?<\/h3>\n<div class=\"rank-math-answer \">\n\n<p><strong>Watermelon x Zkittlez<\/strong> ist sehr einfach anzubauen und eignet sich sowohl f\u00fcr Innen- als auch Au\u00dfenanbau. Im Innenbereich ist sie ideal f\u00fcr Techniken wie SOG und SCROG. Im Freien gedeiht sie am besten in gem\u00e4\u00dfigten bis warmen Klimazonen und zeigt eine hohe Resistenz gegen Sch\u00e4dlinge und Krankheiten. Ihre schnelle Bl\u00fctezeit macht sie perfekt, um Herbstprobleme zu vermeiden.<\/p>\n\n<\/div>\n<\/div>\n<div id=\"faq-question-1666780029954\" class=\"rank-math-list-item\">\n<h3 class=\"rank-math-question \">Welche Wirkungen hat Watermelon x Zkittlez in gro\u00dfen Mengen?<\/h3>\n<div class=\"rank-math-answer \">\n\n<p>Die Wirkungen von <strong>Watermelon x Zkittlez<\/strong> beginnen mit einer fr\u00f6hlichen und energetischen Euphorie, die sich sp\u00e4ter in eine tiefe Entspannung verwandelt. Diese Sorte ist ideal f\u00fcr kreative Aktivit\u00e4ten und zur Entspannung am Ende des Tages, und bietet eine umfassende und vielseitige Erfahrung.<\/p>\n\n<\/div>\n<\/div>\n<div id=\"faq-question-1721218688489\" class=\"rank-math-list-item\">\n<h3 class=\"rank-math-question \">Ist Watermelon x Zkittlez sativa oder indica?<\/h3>\n<div class=\"rank-math-answer \">\n\n<p><strong>Watermelon x Zkittlez<\/strong> ist ein Hybrid, der das Beste aus beiden Genetiken kombiniert, mit einer leichten Indica-Dominanz. Mit einem Verh\u00e4ltnis von 55% Indica und 45% Sativa bietet diese Sorte das Beste aus beiden Welten. Indica-Sorten sind bekannt f\u00fcr ihre entspannenden und sedierenden Wirkungen, ideal f\u00fcr den Abend. Sativas hingegen sorgen f\u00fcr einen geistigen und energetischen Schub, perfekt f\u00fcr Kreativit\u00e4t und Tagesaktivit\u00e4ten. <strong>Watermelon x Zkittlez<\/strong> kombiniert diese Wirkungen auf ausgewogene Weise und bietet eine umfassende und vielseitige Erfahrung.<\/p>\n\n<\/div>\n<\/div>\n<div id=\"faq-question-1721218732336\" class=\"rank-math-list-item\">\n<h3 class=\"rank-math-question \">Wie schmeckt Watermelon x Zkittlez?<\/h3>\n<div class=\"rank-math-answer \">\n\n<p>Der Geschmack von <strong>Watermelon x Zkittlez<\/strong> ist eine Explosion von S\u00fc\u00dfe und tropischen Fr\u00fcchten, mit deutlichen Noten von Wassermelone und frischen Trauben. Diese k\u00f6stliche Kombination wird deine Geschmacksknospen wie nie zuvor verw\u00f6hnen.<\/p>\n\n<\/div>\n<\/div>\n<div id=\"faq-question-1721218752349\" class=\"rank-math-list-item\">\n<h3 class=\"rank-math-question \">Wie hoch ist der Cannabinoidgehalt von Watermelon x Zkittlez?<\/h3>\n<div class=\"rank-math-answer \">\n\n<p><strong>Watermelon x Zkittlez<\/strong> hat einen THC-Gehalt von bis zu 25%, was sie sehr potent macht. Ihr CBD-Gehalt ist niedrig, normalerweise unter 1%, was die psychoaktiven Wirkungen von THC verst\u00e4rkt.<\/p>\n\n<\/div>\n<\/div>\n<div id=\"faq-question-1721218787371\" class=\"rank-math-list-item\">\n<h3 class=\"rank-math-question \">Ist Watermelon x Zkittlez f\u00fcr Extraktionen geeignet?<\/h3>\n<div class=\"rank-math-answer \">\n\n<p>Ja, die Buds von <strong>Watermelon x Zkittlez<\/strong> sind gro\u00df, lang und sehr harzig, was sie ideal f\u00fcr die Produktion von Extrakten und Konzentraten in hoher Qualit\u00e4t macht. Jeder Extraktionsliebhaber wird begeistert sein.<\/p>\n\n<\/div>\n<\/div>\n<\/div>\n<\/div>","protected":false},"excerpt":{"rendered":"<p><b>Watermelon x Zkittlez<\/b> bietet eine unvergleichliche Kombination aus <strong>tropischen Aromen und starken Effekten<\/strong> mit einem THC-Gehalt von bis zu 25%. Genie\u00dfe eine leicht anzubauende Pflanze mit <strong>hohem Ertrag und Sch\u00e4dlingsresistenz<\/strong>. Ideal f\u00fcr alle, die ein umfassendes sensorisches Erlebnis und reiche Ernten suchen.<\/p>\n","protected":false},"featured_media":28850,"comment_status":"open","ping_status":"closed","template":"","meta":{"_acf_changed":false,"inline_featured_image":false,"_uag_custom_page_level_css":""},"product_brand":[],"product_cat":[1097],"product_tag":[],"class_list":{"0":"post-9924","1":"product","2":"type-product","3":"status-publish","4":"has-post-thumbnail","6":"product_cat-feminisierte-cannabis-samen","8":"first","9":"instock","10":"taxable","11":"shipping-taxable","12":"purchasable","13":"product-type-simple"},"acf":[],"uagb_featured_image_src":{"full":["https:\/\/bulkgenetics.com\/wp-content\/uploads\/2022\/09\/watermelon-zkittlez-strain-feminized-cannabis-seeds.jpg",1600,1600,false],"thumbnail":["https:\/\/bulkgenetics.com\/wp-content\/uploads\/2022\/09\/watermelon-zkittlez-strain-feminized-cannabis-seeds-150x150.jpg",150,150,true],"medium":["https:\/\/bulkgenetics.com\/wp-content\/uploads\/2022\/09\/watermelon-zkittlez-strain-feminized-cannabis-seeds-300x300.jpg",300,300,true],"medium_large":["https:\/\/bulkgenetics.com\/wp-content\/uploads\/2022\/09\/watermelon-zkittlez-strain-feminized-cannabis-seeds-768x768.jpg",768,768,true],"large":["https:\/\/bulkgenetics.com\/wp-content\/uploads\/2022\/09\/watermelon-zkittlez-strain-feminized-cannabis-seeds-1024x1024.jpg",1024,1024,true],"1536x1536":["https:\/\/bulkgenetics.com\/wp-content\/uploads\/2022\/09\/watermelon-zkittlez-strain-feminized-cannabis-seeds-1536x1536.jpg",1536,1536,true],"2048x2048":["https:\/\/bulkgenetics.com\/wp-content\/uploads\/2022\/09\/watermelon-zkittlez-strain-feminized-cannabis-seeds.jpg",1600,1600,false],"commercegurus-pdp-large":["https:\/\/bulkgenetics.com\/wp-content\/uploads\/2022\/09\/watermelon-zkittlez-strain-feminized-cannabis-seeds-990x990.jpg",990,990,true],"commercegurus-plp-mobile":["https:\/\/bulkgenetics.com\/wp-content\/uploads\/2022\/09\/watermelon-zkittlez-strain-feminized-cannabis-seeds-441x441.jpg",441,441,true],"cgkit_image_swatch":["https:\/\/bulkgenetics.com\/wp-content\/uploads\/2022\/09\/watermelon-zkittlez-strain-feminized-cannabis-seeds-100x100.jpg",100,100,true],"woocommerce_thumbnail":["https:\/\/bulkgenetics.com\/wp-content\/uploads\/2022\/09\/watermelon-zkittlez-strain-feminized-cannabis-seeds-300x300.jpg",300,300,true],"woocommerce_single":["https:\/\/bulkgenetics.com\/wp-content\/uploads\/2022\/09\/watermelon-zkittlez-strain-feminized-cannabis-seeds-800x800.jpg",800,800,true],"woocommerce_gallery_thumbnail":["https:\/\/bulkgenetics.com\/wp-content\/uploads\/2022\/09\/watermelon-zkittlez-strain-feminized-cannabis-seeds-150x150.jpg",150,150,true],"dgwt-wcas-product-suggestion":["https:\/\/bulkgenetics.com\/wp-content\/uploads\/2022\/09\/watermelon-zkittlez-strain-feminized-cannabis-seeds-64x64.jpg",64,64,true]},"uagb_author_info":{"display_name":"Bruno Crespo","author_link":"https:\/\/bulkgenetics.com\/de\/author\/"},"uagb_comment_info":0,"uagb_excerpt":"Watermelon x Zkittlez bietet eine unvergleichliche Kombination aus tropischen Aromen und starken Effekten mit einem THC-Gehalt von bis zu 25%. Genie\u00dfe eine leicht anzubauende Pflanze mit hohem Ertrag und Sch\u00e4dlingsresistenz. Ideal f\u00fcr alle, die ein umfassendes sensorisches Erlebnis und reiche Ernten suchen.","_links":{"self":[{"href":"https:\/\/bulkgenetics.com\/de\/wp-json\/wp\/v2\/product\/9924","targetHints":{"allow":["GET"]}}],"collection":[{"href":"https:\/\/bulkgenetics.com\/de\/wp-json\/wp\/v2\/product"}],"about":[{"href":"https:\/\/bulkgenetics.com\/de\/wp-json\/wp\/v2\/types\/product"}],"replies":[{"embeddable":true,"href":"https:\/\/bulkgenetics.com\/de\/wp-json\/wp\/v2\/comments?post=9924"}],"wp:featuredmedia":[{"embeddable":true,"href":"https:\/\/bulkgenetics.com\/de\/wp-json\/wp\/v2\/media\/28850"}],"wp:attachment":[{"href":"https:\/\/bulkgenetics.com\/de\/wp-json\/wp\/v2\/media?parent=9924"}],"wp:term":[{"taxonomy":"product_brand","embeddable":true,"href":"https:\/\/bulkgenetics.com\/de\/wp-json\/wp\/v2\/product_brand?post=9924"},{"taxonomy":"product_cat","embeddable":true,"href":"https:\/\/bulkgenetics.com\/de\/wp-json\/wp\/v2\/product_cat?post=9924"},{"taxonomy":"product_tag","embeddable":true,"href":"https:\/\/bulkgenetics.com\/de\/wp-json\/wp\/v2\/product_tag?post=9924"}],"curies":[{"name":"wp","href":"https:\/\/api.w.org\/{rel}","templated":true}]}}