{"id":9926,"date":"2022-09-30T17:25:57","date_gmt":"2022-09-30T15:25:57","guid":{"rendered":"https:\/\/www.bulkgenetics.com\/weisse-witwe\/"},"modified":"2024-10-08T01:14:03","modified_gmt":"2024-10-07T23:14:03","slug":"white-widow","status":"publish","type":"product","link":"https:\/\/bulkgenetics.com\/de\/white-widow\/","title":{"rendered":"White Widow"},"content":{"rendered":"\n<p>Die <strong>White Widow<\/strong> ist eine lebende Legende in der Welt des Cannabis. Sie entstand in den 90er Jahren in Amsterdam durch eine Kreuzung einer brasilianischen Sativa-Landrasse mit einer Indica aus S\u00fcdindien. Diese ikonische Strain erlangte schnell Popularit\u00e4t dank ihrer starken Wirkung und ihrem einzigartigen genetischen Profil. Mit einem perfekten Gleichgewicht von 60% Sativa und 40% Indica ist die White Widow ein Grundpfeiler in der Cannabis-Community, der sowohl Hobbyz\u00fcchter als auch Experten stets mit hochwertigen Ergebnissen \u00fcberzeugt.<\/p>\n\n\n\n<p>White Widow ist eine robuste und kompakte Pflanze, die im Freien eine durchschnittliche H\u00f6he von bis zu 2,5 Metern erreicht. Sie hat eine elegante Struktur, \u00e4hnlich einer Tanne, die es ihr erm\u00f6glicht, das Gewicht ihrer zahlreichen Buds gut zu tragen. Die Buds sind wirklich spektakul\u00e4r, gro\u00df und hart wie Steine, bedeckt mit einer dichten Schicht wei\u00dfer Trichome, die ihnen ein schneebedecktes Aussehen verleihen. Diese gl\u00e4nzende Harzschicht l\u00e4sst die Buds wie von einem anderen Planeten erscheinen, ein visueller Genuss, der niemanden unbeeindruckt l\u00e4sst. Jedes Mal, wenn du ein Glas White Widow \u00f6ffnest, wirst du von der Qualit\u00e4t und dem makellosen Aussehen ihrer Bl\u00fcten \u00fcberrascht sein.<\/p>\n\n\n\n<p>White Widow ist eine Strain, die von Saatgutbanken wie Dutch Passion, Pyramid und Dinafem oft variiert und f\u00fcr die Entwicklung vieler neuer Hybriden verwendet wurde. Sie begeistert sowohl Anf\u00e4nger durch ihre Einfachheit als auch erfahrene Z\u00fcchter durch ihre erstklassige Ernte. Wie andere gro\u00dfe Klassiker wie <strong><a href=\"https:\/\/bulkgenetics.com\/de\/skunk-1\/\">Skunk<\/a><\/strong> oder <strong><a href=\"https:\/\/bulkgenetics.com\/de\/ak-47\/\">AK47<\/a><\/strong>, erf\u00fcllt sie sowohl im Innen- als auch im Au\u00dfenbereich immer die Erwartungen.<\/p>\n\n\n\n<h2 class=\"wp-block-heading\">Geschmack und Wirkung<\/h2>\n\n\n\n<p>Der Geschmack der <strong>White Widow<\/strong> ist eine Symphonie erdiger T\u00f6ne, mit Noten von Kiefer und einem Hauch von W\u00fcrze, die sich perfekt miteinander verbinden. Beim \u00d6ffnen eines Glases White Widow wirst du von Aromen empfangen, die an einen Spaziergang durch einen Kiefernwald nach einem leichten Regen erinnern, gemischt mit einem subtilen Hauch von Gew\u00fcrzen. Dieses Geschmacksprofil ist unverwechselbar und einmal probiert, ist es unm\u00f6glich, es zu vergessen.<\/p>\n\n\n\n<p>Was ihre Wirkung betrifft, so ist White Widow bekannt daf\u00fcr, ein perfektes Gleichgewicht zwischen zerebraler Euphorie und k\u00f6rperlicher Entspannung zu bieten. Mit einem THC-Gehalt, der zwischen 15% und 20% liegt, und einem niedrigen CBD-Gehalt, der in der Regel unter 1% liegt, bietet diese Strain eine gemischte Erfahrung, die sowohl belebend als auch entspannend ist. Die Wirkung beginnt mit einem euphorischen High, das die Konversation und Kreativit\u00e4t anregt, gefolgt von einer sanften Entspannung, die dich nicht an die Couch fesselt.<\/p>\n\n\n\n<h3 class=\"wp-block-heading\">Terpene der White Widow<\/h3>\n\n\n\n<p>Die Terpene der <strong>White Widow<\/strong> sind verantwortlich f\u00fcr ihre charakteristischen Aromen und viele ihrer therapeutischen Vorteile. Zu den Hauptterpenen geh\u00f6ren:<\/p>\n\n\n\n<ul class=\"wp-block-list\">\n<li><strong>Alpha-Pinen:<\/strong> Mit einem frischen und kiefernhaltigen Aroma ist dieses Terpen f\u00fcr seine entz\u00fcndungshemmenden Eigenschaften und seine F\u00e4higkeit zur Verbesserung von Ged\u00e4chtnis und Aufmerksamkeit bekannt.<\/li>\n\n\n\n<li><strong>Beta-Caryophyllen:<\/strong> Dieses w\u00fcrzige und holzige Terpen f\u00fcgt dem Geschmacksprofil nicht nur Tiefe hinzu, sondern hat auch entz\u00fcndungshemmende und schmerzlindernde Eigenschaften, die bei der Schmerzlinderung von Vorteil sind.<\/li>\n\n\n\n<li><strong>Guaiol:<\/strong> Mit Noten von Kiefer und Rose tr\u00e4gt dieses Terpen zur Entspannung bei und hat antioxidative Eigenschaften.<\/li>\n\n\n\n<li><strong>Humulen:<\/strong> Es bietet ein erdiges und holziges Aroma und ist bekannt f\u00fcr seine appetitz\u00fcgelnden und entz\u00fcndungshemmenden Eigenschaften.<\/li>\n\n\n\n<li><strong>Isopulegol:<\/strong> Mit einem frischen, mentholartigen Aroma ist dieses Terpen f\u00fcr seine beruhigenden Wirkungen und seine F\u00e4higkeit zur Reduzierung von Angstzust\u00e4nden bekannt.<\/li>\n\n\n\n<li><strong>Neryl-Acetat:<\/strong> Es f\u00fcgt eine blumige und fruchtige Note hinzu und wird in der Aromatherapie wegen seiner beruhigenden und entspannenden Wirkungen verwendet.<\/li>\n<\/ul>\n\n\n\n<p>Diese Terpene bereichern nicht nur das aromatische und geschmackliche Profil der White Widow, sondern verst\u00e4rken auch ihre therapeutischen Wirkungen, was sie zu einer ausgezeichneten Wahl f\u00fcr diejenigen macht, die ein umfassendes und vorteilhaftes Erlebnis suchen.<\/p>\n\n\n\n<h2 class=\"wp-block-heading\">Ertrag und Bl\u00fctezeit<\/h2>\n\n\n\n<p>Die <strong>White Widow<\/strong> ist eine Strain, die f\u00fcr ihren gro\u00dfz\u00fcgigen Ertrag und ihre relativ kurze Bl\u00fctezeit bekannt ist. Sowohl Anf\u00e4nger als auch erfahrene Z\u00fcchter sch\u00e4tzen diese Sorte f\u00fcr ihre einfache Kultivierung und ihre F\u00e4higkeit, reichliche Ernten von hoher Qualit\u00e4t zu produzieren.<\/p>\n\n\n\n<p>In <strong>Innenr\u00e4umen<\/strong> hat sie eine Bl\u00fctezeit von etwa <strong>55 bis 60 Tagen<\/strong>. Unter optimalen Bedingungen k\u00f6nnen die Z\u00fcchter Ertr\u00e4ge von bis zu <strong>550 Gramm pro Quadratmeter<\/strong> erwarten, wenn sie LED-Beleuchtungssysteme mit 300-350W verwenden. Es wird empfohlen, Methoden wie SOG (Sea of Green) zu verwenden, um die Produktion zu maximieren und eine gleichm\u00e4\u00dfige Lichtverteilung sicherzustellen, wodurch das Wachstum gr\u00f6\u00dferer und dichterer Buds gef\u00f6rdert wird.<\/p>\n\n\n\n<p>F\u00fcr den <strong>Au\u00dfenanbau<\/strong> ist sie zwischen <strong>Ende September und Anfang Oktober<\/strong> erntereif. In einer geeigneten Au\u00dfenumgebung, in der die Pflanzen die maximale Menge an Sonnenlicht erhalten k\u00f6nnen, kann jede Pflanze bis zu 1000 Gramm produzieren. Die Pflanzen k\u00f6nnen eine beeindruckende H\u00f6he von bis zu 2,5 Metern erreichen und eine betr\u00e4chtliche Menge an harzigen Buds liefern.<\/p>\n\n\n\n<p>Dank ihrer robusten Genetik ist die White Widow resistent gegen Sch\u00e4dlinge und Krankheiten, was sie zu einer zuverl\u00e4ssigen Option f\u00fcr Z\u00fcchter macht, die nach einer ertragreichen und pflegeleichten Strain suchen. Mit der richtigen Pflege und den optimalen Bedingungen belohnt diese Sorte mit einer ertragreichen Ernte voller Trichome und Terpene und bietet ein au\u00dfergew\u00f6hnliches Cannabis-Erlebnis.<\/p>\n\n\n\n<h2 class=\"wp-block-heading\">Wie man White Widow anbaut<\/h2>\n\n\n\n<p>Die <strong>White Widow<\/strong> ist eine Strain, die wir sowohl Anf\u00e4ngern als auch erfahrenen Z\u00fcchtern empfehlen, dank ihrer einfachen Kultivierung. Diese Sorte ist moderat einfach zu kultivieren, solange einige grundlegende Tipps befolgt werden, um ihr Potenzial zu maximieren.<\/p>\n\n\n\n<p>Um die besten Ergebnisse zu erzielen, ist es entscheidend, die White Widow in einem warmen und sonnigen Klima mit Tagestemperaturen zwischen 20\u00b0C und 27\u00b0C zu kultivieren. Diese Pflanze passt sich auch gut an mediterrane Klimazonen an, in denen die N\u00e4chte etwas k\u00fchler sind und zwischen 15\u00b0C und 21\u00b0C liegen. Beim Anbau in Innenr\u00e4umen ist es wichtig, die Temperatur und Luftfeuchtigkeit gut zu kontrollieren und f\u00fcr eine angemessene Bel\u00fcftung zu sorgen, um Schimmelprobleme zu vermeiden.<\/p>\n\n\n\n<p>Einer der herausragendsten Aspekte der White Widow ist ihre Resistenz gegen Sch\u00e4dlinge und Krankheiten. Dank ihrer robusten Genetik ist diese Sorte weniger anf\u00e4llig f\u00fcr h\u00e4ufige Infestationen oder Krankheiten, was sie zu einer zuverl\u00e4ssigen Wahl f\u00fcr Z\u00fcchter macht, die nach einer widerstandsf\u00e4higen und ertragreichen Pflanze suchen.<\/p>\n\n\n\n<div style=\"height:50px\" aria-hidden=\"true\" class=\"wp-block-spacer uag-hide-mob\"><\/div>\n\n\n\n<div class=\"wp-block-columns is-layout-flex wp-container-core-columns-is-layout-28f84493 wp-block-columns-is-layout-flex\">\n<div class=\"wp-block-column is-layout-flow wp-block-column-is-layout-flow\">\n<p class=\"has-text-align-center has-medium-font-size\"><strong>Was uns am meisten gef\u00e4llt<\/strong><\/p>\n\n\n\n<ul class=\"wp-block-list\">\n<li>Gro\u00dfe und hochwertige Ertr\u00e4ge<\/li>\n\n\n\n<li>Einfacher Anbau, ideal f\u00fcr Anf\u00e4nger<\/li>\n\n\n\n<li>Resistenz gegen Sch\u00e4dlinge und Krankheiten<\/li>\n\n\n\n<li>Relativ kurze Bl\u00fctezeit<\/li>\n\n\n\n<li>Unverwechselbares Geschmacks- und Aromaprofil mit erdigen und kieferartigen Noten<\/li>\n<\/ul>\n<\/div>\n\n\n\n<div class=\"wp-block-column is-layout-flow wp-block-column-is-layout-flow\">\n<p class=\"has-text-align-center has-medium-font-size\"><strong>Was uns weniger gef\u00e4llt<\/strong><\/p>\n\n\n\n<ul class=\"wp-block-list\">\n<li>Erfordert strenge Feuchtigkeitskontrolle w\u00e4hrend der Bl\u00fctezeit<\/li>\n\n\n\n<li>Kann im Freien erhebliche H\u00f6hen erreichen, was ausreichend Platz erfordert<\/li>\n<\/ul>\n<\/div>\n<\/div>\n\n\n\n<div style=\"height:50px\" aria-hidden=\"true\" class=\"wp-block-spacer uag-hide-mob\"><\/div>\n\n\n\n<h2 class=\"wp-block-heading\">H\u00e4ufig gestellte Fragen<\/h2>\n\n\n\n<p>Nachfolgend findest du die h\u00e4ufigsten Fragen, die uns von Z\u00fcchtern gestellt werden, die an diesen g\u00fcnstigen Samen in gro\u00dfen Mengen interessiert sind:<\/p>\n\n\n<div id=\"rank-math-faq\" class=\"rank-math-block\">\n<div class=\"rank-math-list \">\n<div id=\"faq-question-1663029074962\" class=\"rank-math-list-item\">\n<h3 class=\"rank-math-question \">Wann beginnt die White Widow zu bl\u00fchen?<\/h3>\n<div class=\"rank-math-answer \">\n\n<p>Die Bl\u00fctezeit der White Widow im Freien beginnt in der ersten Augusth\u00e4lfte, abh\u00e4ngig von der Anbauregion. Im Innenbereich beginnt die Bl\u00fctezeit nach der Umstellung des Lichtzyklus auf 12 Stunden Licht und 12 Stunden Dunkelheit.<\/p>\n\n<\/div>\n<\/div>\n<div id=\"faq-question-1663029159933\" class=\"rank-math-list-item\">\n<h3 class=\"rank-math-question \">Wann sollte man eine White Widow im Freien ernten?<\/h3>\n<div class=\"rank-math-answer \">\n\n<p>White Widow ist eine schnell bl\u00fchende Sorte, die im Freien zwischen Ende September und Anfang Oktober geerntet wird. Im Innenbereich ist sie etwa 55-60 Tage nach Beginn der Bl\u00fctezeit erntereif.<\/p>\n\n<\/div>\n<\/div>\n<div id=\"faq-question-1663029165861\" class=\"rank-math-list-item\">\n<h3 class=\"rank-math-question \">Wie baut man eine feminisierte White Widow an?<\/h3>\n<div class=\"rank-math-answer \">\n\n<p>White Widow ist eine der am einfachsten zu kultivierenden Pflanzen. Im Freien kann sie eine H\u00f6he von bis zu 2,5 Metern erreichen und im Innenbereich ist sie ideal f\u00fcr Techniken wie SOG (Sea of Green). Sie vertr\u00e4gt gut das Beschneiden und ist resistent gegen Sch\u00e4dlinge und Krankheiten, was sie sowohl f\u00fcr Anf\u00e4nger als auch f\u00fcr erfahrene Z\u00fcchter geeignet macht.<\/p>\n\n<\/div>\n<\/div>\n<div id=\"faq-question-1666780029954\" class=\"rank-math-list-item\">\n<h3 class=\"rank-math-question \">Welche Wirkungen hat die White Widow in gro\u00dfen Mengen?<\/h3>\n<div class=\"rank-math-answer \">\n\n<p>White Widow bietet eine Balance aus zerebraler Euphorie und k\u00f6rperlicher Entspannung. Ihre Wirkungen umfassen ein Gef\u00fchl von Gl\u00fcck und Energie, ideal zum sozialen Austausch und zur Verbesserung der Stimmung, gefolgt von einer sanften Entspannung, die dich nicht an die Couch fesselt.<\/p>\n\n<\/div>\n<\/div>\n<div id=\"faq-question-1721286132036\" class=\"rank-math-list-item\">\n<h3 class=\"rank-math-question \">Ist die White Widow sativa oder indica?<\/h3>\n<div class=\"rank-math-answer \">\n\n<p>White Widow ist ein Hybrid mit einem perfekten Gleichgewicht von 60% Sativa und 40% Indica. Sativa-Sorten liefern in der Regel energiegeladene und euphorische Effekte, ideal f\u00fcr Tagesaktivit\u00e4ten und kreative Arbeiten. Indica-Sorten hingegen sind f\u00fcr ihre entspannenden und sedierenden Wirkungen bekannt, perfekt f\u00fcr den Abend und zur Schmerzlinderung. White Widow kombiniert das Beste aus beiden Welten und bietet ein ausgewogenes Erlebnis, das zu jeder Tageszeit genossen werden kann.<\/p>\n\n<\/div>\n<\/div>\n<div id=\"faq-question-1721286177978\" class=\"rank-math-list-item\">\n<h3 class=\"rank-math-question \">Welche Kreuzung ist die White Widow?<\/h3>\n<div class=\"rank-math-answer \">\n\n<p>White Widow ist das Ergebnis der Kreuzung einer brasilianischen Sativa-Landrasse mit einer Indica aus S\u00fcdindien. Diese Kombination verleiht ihr das charakteristische Gleichgewicht der Wirkungen und ihre robuste Genetik.<\/p>\n\n<\/div>\n<\/div>\n<div id=\"faq-question-1721286412410\" class=\"rank-math-list-item\">\n<h3 class=\"rank-math-question \">Wie schmeckt die White Widow?<\/h3>\n<div class=\"rank-math-answer \">\n\n<p>White Widow hat einen erdigen Geschmack mit Noten von Kiefer und einem Hauch von W\u00fcrze. Ihr Aroma ist ebenso unverwechselbar und erinnert an einen Spaziergang durch einen Kiefernwald nach leichtem Regen. Dieses Geschmacksprofil ist unverwechselbar und bei Cannabis-Kennern sehr gesch\u00e4tzt.<\/p>\n\n<\/div>\n<\/div>\n<div id=\"faq-question-1721286434715\" class=\"rank-math-list-item\">\n<h3 class=\"rank-math-question \">Wie hoch ist der Cannabinoidgehalt der White Widow?<\/h3>\n<div class=\"rank-math-answer \">\n\n<p>Der THC-Gehalt der White Widow liegt zwischen 15% und 20%, w\u00e4hrend ihr CBD-Gehalt niedrig ist, in der Regel unter 1%. Diese Kombination sorgt f\u00fcr eine starke psychoaktive Wirkung sowie leichte therapeutische Eigenschaften.<\/p>\n\n<\/div>\n<\/div>\n<\/div>\n<\/div>","protected":false},"excerpt":{"rendered":"<p><b>White Widow:<\/b> Entdecke die legend\u00e4re Strain, die <strong>Euphorie und Entspannung<\/strong> in perfektem Gleichgewicht kombiniert. Leicht anzubauen und hoch widerstandsf\u00e4hig, bietet sie <strong>reiche Ernten<\/strong> von harzigen und potenten Buds. Ideal f\u00fcr alle, die Energie, gute Laune und therapeutische Linderung suchen.<\/p>\n","protected":false},"featured_media":26528,"comment_status":"open","ping_status":"closed","template":"","meta":{"_acf_changed":false,"inline_featured_image":false,"_uag_custom_page_level_css":""},"product_brand":[],"product_cat":[4113,1097],"product_tag":[],"class_list":{"0":"post-9926","1":"product","2":"type-product","3":"status-publish","4":"has-post-thumbnail","6":"product_cat-cannabis-samen-unter-1-euro","7":"product_cat-feminisierte-cannabis-samen","9":"first","10":"instock","11":"sale","12":"taxable","13":"shipping-taxable","14":"purchasable","15":"product-type-simple"},"acf":[],"uagb_featured_image_src":{"full":["https:\/\/bulkgenetics.com\/wp-content\/uploads\/2022\/09\/white-widow-strain-feminized-cannabis-seeds.jpg",1600,1600,false],"thumbnail":["https:\/\/bulkgenetics.com\/wp-content\/uploads\/2022\/09\/white-widow-strain-feminized-cannabis-seeds-150x150.jpg",150,150,true],"medium":["https:\/\/bulkgenetics.com\/wp-content\/uploads\/2022\/09\/white-widow-strain-feminized-cannabis-seeds-300x300.jpg",300,300,true],"medium_large":["https:\/\/bulkgenetics.com\/wp-content\/uploads\/2022\/09\/white-widow-strain-feminized-cannabis-seeds-768x768.jpg",768,768,true],"large":["https:\/\/bulkgenetics.com\/wp-content\/uploads\/2022\/09\/white-widow-strain-feminized-cannabis-seeds-1024x1024.jpg",1024,1024,true],"1536x1536":["https:\/\/bulkgenetics.com\/wp-content\/uploads\/2022\/09\/white-widow-strain-feminized-cannabis-seeds-1536x1536.jpg",1536,1536,true],"2048x2048":["https:\/\/bulkgenetics.com\/wp-content\/uploads\/2022\/09\/white-widow-strain-feminized-cannabis-seeds.jpg",1600,1600,false],"commercegurus-pdp-large":["https:\/\/bulkgenetics.com\/wp-content\/uploads\/2022\/09\/white-widow-strain-feminized-cannabis-seeds-990x990.jpg",990,990,true],"commercegurus-plp-mobile":["https:\/\/bulkgenetics.com\/wp-content\/uploads\/2022\/09\/white-widow-strain-feminized-cannabis-seeds-441x441.jpg",441,441,true],"cgkit_image_swatch":["https:\/\/bulkgenetics.com\/wp-content\/uploads\/2022\/09\/white-widow-strain-feminized-cannabis-seeds-100x100.jpg",100,100,true],"woocommerce_thumbnail":["https:\/\/bulkgenetics.com\/wp-content\/uploads\/2022\/09\/white-widow-strain-feminized-cannabis-seeds-300x300.jpg",300,300,true],"woocommerce_single":["https:\/\/bulkgenetics.com\/wp-content\/uploads\/2022\/09\/white-widow-strain-feminized-cannabis-seeds-800x800.jpg",800,800,true],"woocommerce_gallery_thumbnail":["https:\/\/bulkgenetics.com\/wp-content\/uploads\/2022\/09\/white-widow-strain-feminized-cannabis-seeds-150x150.jpg",150,150,true],"dgwt-wcas-product-suggestion":["https:\/\/bulkgenetics.com\/wp-content\/uploads\/2022\/09\/white-widow-strain-feminized-cannabis-seeds-64x64.jpg",64,64,true]},"uagb_author_info":{"display_name":"Bruno Crespo","author_link":"https:\/\/bulkgenetics.com\/de\/author\/"},"uagb_comment_info":0,"uagb_excerpt":"White Widow: Entdecke die legend\u00e4re Strain, die Euphorie und Entspannung in perfektem Gleichgewicht kombiniert. Leicht anzubauen und hoch widerstandsf\u00e4hig, bietet sie reiche Ernten von harzigen und potenten Buds. Ideal f\u00fcr alle, die Energie, gute Laune und therapeutische Linderung suchen.","_links":{"self":[{"href":"https:\/\/bulkgenetics.com\/de\/wp-json\/wp\/v2\/product\/9926","targetHints":{"allow":["GET"]}}],"collection":[{"href":"https:\/\/bulkgenetics.com\/de\/wp-json\/wp\/v2\/product"}],"about":[{"href":"https:\/\/bulkgenetics.com\/de\/wp-json\/wp\/v2\/types\/product"}],"replies":[{"embeddable":true,"href":"https:\/\/bulkgenetics.com\/de\/wp-json\/wp\/v2\/comments?post=9926"}],"wp:featuredmedia":[{"embeddable":true,"href":"https:\/\/bulkgenetics.com\/de\/wp-json\/wp\/v2\/media\/26528"}],"wp:attachment":[{"href":"https:\/\/bulkgenetics.com\/de\/wp-json\/wp\/v2\/media?parent=9926"}],"wp:term":[{"taxonomy":"product_brand","embeddable":true,"href":"https:\/\/bulkgenetics.com\/de\/wp-json\/wp\/v2\/product_brand?post=9926"},{"taxonomy":"product_cat","embeddable":true,"href":"https:\/\/bulkgenetics.com\/de\/wp-json\/wp\/v2\/product_cat?post=9926"},{"taxonomy":"product_tag","embeddable":true,"href":"https:\/\/bulkgenetics.com\/de\/wp-json\/wp\/v2\/product_tag?post=9926"}],"curies":[{"name":"wp","href":"https:\/\/api.w.org\/{rel}","templated":true}]}}