{"id":9928,"date":"2022-09-30T17:37:57","date_gmt":"2022-09-30T15:37:57","guid":{"rendered":"https:\/\/www.bulkgenetics.com\/euphorie-2\/"},"modified":"2024-10-08T01:14:02","modified_gmt":"2024-10-07T23:14:02","slug":"euforia","status":"publish","type":"product","link":"https:\/\/bulkgenetics.com\/de\/euforia\/","title":{"rendered":"Euforia"},"content":{"rendered":"\n<p><strong>Euforia <\/strong>ist ein wahrer holl\u00e4ndischer Klassiker, der seine Spuren in der Geschichte des Cannabis hinterlassen hat. Diese Sorte stammt aus der sorgf\u00e4ltigen Auswahl der sativalastigsten Ph\u00e4notypen von <a href=\"https:\/\/bulkgenetics.com\/de\/skunk-1\/\"><strong>Skunk #1<\/strong><\/a> und ist ein Juwel der alten Schule, das seit seiner Entstehung die Herzen vieler Z\u00fcchter und Konsumenten erobert hat. Euforia, auch bekannt als Euforia, ist ein Meisterwerk der renommierten Samenbank <strong>Dutch Passion<\/strong>. Seit ihrem Deb\u00fct im Jahr 1996 hat sie zahlreiche Preise gewonnen, darunter den ersten Platz bei der <strong>Highlife Cup<\/strong> im Jahr 2002 und den zweiten Platz bei der <strong>High Times Cannabis Cup<\/strong> im Jahr 2000.<\/p>\n\n\n\n<p>Mit einem Genotyp, der zu 100 % aus Skunk besteht, repr\u00e4sentiert Euphoria die Essenz der Sativa-Genetik. Diese Strain steht f\u00fcr einen energetischen und euphorischen High, der dich stundenlang aktiv und gl\u00fccklich h\u00e4lt. Ideal f\u00fcr diejenigen, die ein intensives und stimulierendes zerebrales Erlebnis suchen.<\/p>\n\n\n\n<p>Was die Morphologie betrifft, so zeichnet sich Euphoria durch ihr schnelles und kr\u00e4ftiges Wachstum aus. Sie entwickelt eine klassische pyramidenf\u00f6rmige Struktur, typisch f\u00fcr Sativas, mit einer gro\u00dfen zentralen Cola und langen, robusten Seitenzweigen. Die kurzen Internodien erm\u00f6glichen es den Bl\u00fcten, sich zu gruppieren und beeindruckende, lange und schwere Colas zu bilden, die mit gl\u00e4nzendem Harz \u00fcberzogen sind.<\/p>\n\n\n\n<p>Die Bl\u00fcten von Euphoria sind ein wahres visuelles Wunder. Mit einer lebhaften gr\u00fcnen Farbe und orangefarbenen Stempeln, die zwischen den dichten Bl\u00fcten hervorstechen, sind diese Buds ein echter Augenschmaus. Die reichliche Produktion von Trichomen verleiht ihnen ein frostiges, fast silbernes Aussehen, was auf ihren hohen THC-Gehalt hinweist.<\/p>\n\n\n\n<h2 class=\"wp-block-heading\">Geschmack und Effekte<\/h2>\n\n\n\n<p>Euforia beeindruckt nicht nur durch ihr Aussehen, sondern auch durch ihr einzigartiges Aroma und ihren Geschmack. Beim \u00d6ffnen eines Glases dieser Buds wirst du von einem klassischen <strong>skunky<\/strong> Geruch begr\u00fc\u00dft, der mit Noten von <strong>Kiefer<\/strong> und einem <strong>w\u00fcrzigen<\/strong> Hintergrund kombiniert ist, der die Sinne anregt. Dieses Aromaprofil versetzt dich in frische, feuchte W\u00e4lder und vermittelt ein Gef\u00fchl von Nat\u00fcrlichkeit und Reinheit.<\/p>\n\n\n\n<p>Der Geschmack von Euphoria ist ebenso faszinierend. Beim Inhalieren bemerkst du einen markanten skunky Geschmack, der durch Holznoten von Kiefer und eine w\u00fcrzige Note erg\u00e4nzt wird, die auf dem Gaumen verweilt. Diese Geschmackskombination ist ideal f\u00fcr Kenner, die die Strains der alten Schule zu sch\u00e4tzen wissen.<\/p>\n\n\n\n<p>Was die Effekte angeht, so macht Euphoria ihrem Namen alle Ehre. Mit einem THC-Gehalt von <strong>15 % bis 20 %<\/strong> bietet diese Strain einen energetischen und euphorischen High, der dich stundenlang energiegeladen und aktiv h\u00e4lt. Sie ist perfekt, um den Tag richtig zu beginnen oder f\u00fcr Momente, in denen du einen Schub an Kreativit\u00e4t und guter Laune ben\u00f6tigst. Zudem hat sie einen <strong>niedrigen CBD-Gehalt von unter 1 %<\/strong>, was ihr psychoaktives Profil verst\u00e4rkt, ohne die geistige Klarheit zu beeintr\u00e4chtigen.<\/p>\n\n\n\n<h3 class=\"wp-block-heading\">Terpene von Euforia<\/h3>\n\n\n\n<p>Das Terpenprofil von Euphoria ist das, was ihr Aroma und ihre Effekte wirklich definiert. Das dominante Terpen ist <strong>Myrcen<\/strong>, das ein krautiges und erdiges Aroma verleiht, das an die Natur erinnert. Dieses Terpen ist bekannt f\u00fcr seine entspannenden und sedierenden Eigenschaften, die dazu beitragen, die stimulierenden Effekte des THC auszugleichen.<\/p>\n\n\n\n<p>Ein weiteres wichtiges Terpen in Euphoria ist <strong>Caryophyllen<\/strong>, das eine w\u00fcrzige Note hinzuf\u00fcgt und entz\u00fcndungshemmende und schmerzlindernde Vorteile bietet. Dieses Terpen interagiert mit dem Endocannabinoid-System und sorgt f\u00fcr eine effektive Schmerzlinderung.<\/p>\n\n\n\n<p>Das <strong>Pinene<\/strong>, wie der Name schon sagt, verleiht das charakteristische frische Kiefernaroma. Neben seinem angenehmen Aroma ist Pinene bekannt f\u00fcr seine bronchienerweiternden Eigenschaften und seine F\u00e4higkeit, das Ged\u00e4chtnis und die Konzentration zu verbessern.<\/p>\n\n\n\n<p>Die Kombination dieser Terpene definiert nicht nur das sensorische Profil von Euphoria, sondern verst\u00e4rkt auch ihre therapeutischen Effekte. Zusammen schaffen sie ein einzigartiges Erlebnis, das sowohl stimulierend als auch entspannend ist, ideal zur Linderung von Stress, Angst und Depressionen.<\/p>\n\n\n\n<h2 class=\"wp-block-heading\">Produktion und Bl\u00fctezeit<\/h2>\n\n\n\n<p>Die Produktion von Euphoria ist einer ihrer starken Punkte und macht ihrem Namen alle Ehre, indem sie sowohl drinnen als auch drau\u00dfen reichliche Ernten liefert. Wenn du dich entscheidest, diese Wunder in Innenr\u00e4umen anzubauen, kannst du Ertr\u00e4ge von <strong>500 bis 600 Gramm pro Quadratmeter<\/strong> erwarten. Au\u00dferdem ist ihre Bl\u00fctezeit f\u00fcr eine Sativa relativ kurz und liegt zwischen <strong>54 und 63 Tagen<\/strong>. Dies erm\u00f6glicht es, in einem angemessenen Zeitraum gro\u00dfz\u00fcgige Ernten zu erzielen.<\/p>\n\n\n\n<p>Im Freien zeigt Euphoria ihr volles Potenzial. Die Pflanzen k\u00f6nnen beeindruckende H\u00f6hen von <strong>2,5 bis 3 Metern<\/strong> erreichen und entwickeln eine robuste, verzweigte Struktur, die die Produktion der Buds maximiert. Die Ernte im Freien erfolgt Mitte Oktober, abh\u00e4ngig von der geografischen Breite und den klimatischen Bedingungen. Unter optimalen Bedingungen kannst du Ertr\u00e4ge von leicht \u00fcber <strong>900 Gramm bis 1 Kilo pro Pflanze<\/strong> erwarten. Das macht Euphoria zur idealen Wahl f\u00fcr Z\u00fcchter, die ihre Produktion maximieren wollen, ohne Kompromisse bei der Qualit\u00e4t einzugehen.<\/p>\n\n\n\n<p>Die Kraft und Widerstandsf\u00e4higkeit von Euphoria, zusammen mit ihrem hohen Ertrag, machen sie zu einer hervorragenden Wahl sowohl f\u00fcr Anf\u00e4nger als auch f\u00fcr erfahrene Z\u00fcchter. Ihre einfache Kultivierung und ihre beeindruckende Produktion machen diese Strain zu einer sicheren Wahl f\u00fcr jedes Cannabis-Anbauprojekt.<\/p>\n\n\n\n<h2 class=\"wp-block-heading\">Wie man Euphoria anbaut<\/h2>\n\n\n\n<p>Der Anbau von Euphoria ist eine bereichernde Erfahrung f\u00fcr Z\u00fcchter aller Niveaus. Diese Sorte ist bekannt f\u00fcr ihre <strong>einfache Kultivierung<\/strong>, was sie sowohl f\u00fcr Anf\u00e4nger als auch f\u00fcr Experten zu einer ausgezeichneten Wahl macht. Ihr kr\u00e4ftiges Wachstum und ihre Widerstandsf\u00e4higkeit gegen\u00fcber Krankheiten und Sch\u00e4dlingen machen sie zu einer sehr handhabbaren Pflanze.<\/p>\n\n\n\n<p>Was die <strong>Anbaubedingungen<\/strong> betrifft, bevorzugt Euphoria warme und trockene Klimata, besonders in den ersten Wochen des Herbstes. Im Innenbereich reagiert sie sehr gut auf verschiedene Anbautechniken wie SOG, SCROG, FIM und Super Cropping. Es wird empfohlen, ein fr\u00fches Topping durchzuf\u00fchren, um die Produktion zu maximieren und ihre H\u00f6he besser zu kontrollieren.<\/p>\n\n\n\n<p>Im Freien kann diese Pflanze H\u00f6hen von \u00fcber 3 Metern erreichen, daher ben\u00f6tigt sie ausreichend Platz, um sich vollst\u00e4ndig zu entfalten. Sie bevorzugt warme Klimata und ein trockenes Sp\u00e4therbstwetter, um die besten Ergebnisse zu erzielen. Ihre Widerstandsf\u00e4higkeit gegen\u00fcber den g\u00e4ngigen Cannabis-Sch\u00e4dlingen und -Krankheiten macht sie zu einer sicheren und zuverl\u00e4ssigen Wahl f\u00fcr jeden Z\u00fcchter.<\/p>\n\n\n\n<p>Die <strong>Resistenz gegen Sch\u00e4dlinge und Krankheiten<\/strong> ist ein weiterer gro\u00dfer Vorteil von Euforia. Diese Strain ist robust und kann widrige Bedingungen aushalten, ohne ihre Gesundheit oder ihren Ertrag zu beeintr\u00e4chtigen. Ihre starke Struktur und dicken Bl\u00e4tter sch\u00fctzen sie vor vielen der \u00fcblichen Probleme, die andere Sorten betreffen k\u00f6nnen.<\/p>\n\n\n\n<div style=\"height:50px\" aria-hidden=\"true\" class=\"wp-block-spacer uag-hide-mob\"><\/div>\n\n\n\n<div class=\"wp-block-columns is-layout-flex wp-container-core-columns-is-layout-28f84493 wp-block-columns-is-layout-flex\" id=\"loquemas\">\n<div class=\"wp-block-column is-layout-flow wp-block-column-is-layout-flow\" id=\"loquemasnosgusta\">\n<p class=\"has-text-align-center has-medium-font-size\"><strong>Was uns am meisten gef\u00e4llt<\/strong><\/p>\n\n\n\n<ul class=\"wp-block-list\">\n<li>Einfach zu kultivieren und sehr widerstandsf\u00e4hig.<\/li>\n\n\n\n<li>Sehr hohe Produktion sowohl im Innen- als auch im Au\u00dfenbereich.<\/li>\n\n\n\n<li>K\u00f6stlicher skunky Geschmack mit Noten von Kiefer und W\u00fcrze.<\/li>\n\n\n\n<li>Euphorische und energetische Effekte, ideal f\u00fcr jede Tageszeit.<\/li>\n\n\n\n<li>Sehr g\u00fcnstige Samen, zug\u00e4nglich f\u00fcr alle Z\u00fcchter.<\/li>\n<\/ul>\n<\/div>\n\n\n\n<div class=\"wp-block-column is-layout-flow wp-block-column-is-layout-flow\" id=\"loquemenosnosgusta\">\n<p class=\"has-text-align-center has-medium-font-size\"><strong>Was uns weniger gef\u00e4llt<\/strong><\/p>\n\n\n\n<ul class=\"wp-block-list\">\n<li>Kann w\u00e4hrend der Bl\u00fctezeit sehr geruchsintensiv sein, was eine gute Geruchskontrolle erfordert.<\/li>\n\n\n\n<li>Ihre H\u00f6he im Freien kann eine Herausforderung sein, wenn nicht gen\u00fcgend Platz vorhanden ist.<\/li>\n<\/ul>\n<\/div>\n<\/div>\n\n\n\n<div style=\"height:50px\" aria-hidden=\"true\" class=\"wp-block-spacer uag-hide-mob\"><\/div>\n\n\n\n<h2 class=\"wp-block-heading\">H\u00e4ufig gestellte Fragen<\/h2>\n\n\n\n<p>Wenn du unsere Bulk-Samen Euphoria anbauen m\u00f6chtest, interessiert dich vielleicht auch die Lekt\u00fcre der h\u00e4ufigsten Fragen und Antworten zu dieser Strain.<\/p>\n\n\n<div id=\"rank-math-faq\" class=\"rank-math-block\">\n<div class=\"rank-math-list \">\n<div id=\"faq-question-1663029074962\" class=\"rank-math-list-item\">\n<h3 class=\"rank-math-question \">Wann beginnt Euphoria im Freien zu bl\u00fchen?<\/h3>\n<div class=\"rank-math-answer \">\n\n<p>Im Freien beginnt Euphoria zwischen Ende Juli und Mitte August zu bl\u00fchen. Diese Zeit ist entscheidend f\u00fcr die Entwicklung der Buds und erfordert optimale Licht- und N\u00e4hrstoffbedingungen.<\/p>\n\n<\/div>\n<\/div>\n<div id=\"faq-question-1663029159933\" class=\"rank-math-list-item\">\n<h3 class=\"rank-math-question \">Wann sollte man Euforia im Freien ernten?<\/h3>\n<div class=\"rank-math-answer \">\n\n<p>Die Ernte von Euphoria im Freien erfolgt Mitte Oktober, abh\u00e4ngig von der geografischen Breite und den klimatischen Bedingungen des Anbaus. Im Innenbereich betr\u00e4gt die Bl\u00fctezeit 54 bis 63 Tage nach der Umstellung auf den Bl\u00fctezyklus.<\/p>\n\n<\/div>\n<\/div>\n<div id=\"faq-question-1663029165861\" class=\"rank-math-list-item\">\n<h3 class=\"rank-math-question \">Wie baut man eine feminisierte Euforia an?<\/h3>\n<div class=\"rank-math-answer \">\n\n<p>Euforia kann sowohl drinnen als auch drau\u00dfen angebaut werden. Sie bevorzugt warme und trockene Klimata und reagiert sehr gut auf Anbautechniken wie SOG, SCROG, FIM und Super Cropping. Im Innenbereich wird ein fr\u00fchzeitiges Topping empfohlen, um die Produktion zu maximieren und die H\u00f6he zu kontrollieren.<\/p>\n\n<\/div>\n<\/div>\n<div id=\"faq-question-1664785445732\" class=\"rank-math-list-item\">\n<h3 class=\"rank-math-question \">Welche Effekte hat Euforia in gro\u00dfen Mengen?<\/h3>\n<div class=\"rank-math-answer \">\n\n<p>Die Effekte von Euforia sind haupts\u00e4chlich <strong>euphorisch<\/strong> und <strong>energetisch<\/strong>. Diese Sorte ist perfekt, um die Kreativit\u00e4t zu steigern, die Stimmung zu verbessern und ein allgemeines Wohlgef\u00fchl zu vermitteln. Sie ist ideal zur Behandlung von Stress, Depressionen und Angstzust\u00e4nden dank ihrer stimulierenden und erhebenden Effekte.<\/p>\n\n<\/div>\n<\/div>\n<div id=\"faq-question-1721295947823\" class=\"rank-math-list-item\">\n<h3 class=\"rank-math-question \">Ist Euphoria Sativa oder Indica?<\/h3>\n<div class=\"rank-math-answer \">\n\n<p>Euphoria ist eine \u00fcberwiegend <strong>Sativa<\/strong> Sorte. Sativa-Pflanzen sind in der Regel h\u00f6her und schlanker als Indicas, mit schmaleren und l\u00e4ngeren Bl\u00e4ttern. Sativas bieten eher zerebrale und energetische Effekte, ideal f\u00fcr Aktivit\u00e4ten tags\u00fcber und kreative T\u00e4tigkeiten. Im Gegensatz dazu sind Indicas k\u00fcrzer und kr\u00e4ftiger, mit breiteren Bl\u00e4ttern und eher entspannenden, k\u00f6rperlichen Effekten, die sich perfekt f\u00fcr die Nacht eignen.<\/p>\n\n<\/div>\n<\/div>\n<div id=\"faq-question-1721296017166\" class=\"rank-math-list-item\">\n<h3 class=\"rank-math-question \">Welche Kreuzung ist Euphoria?<\/h3>\n<div class=\"rank-math-answer \">\n\n<p>Euphoria ist eine Sorte, die aus der Auswahl der sativalastigsten Ph\u00e4notypen von <strong>Skunk #1<\/strong> hervorgegangen ist. Diese klassische Kreuzung hat zu einer kr\u00e4ftigen und produktiven Pflanze gef\u00fchrt, die ein sehr unverwechselbares Geschmacks- und Wirkungsprofil aufweist.<\/p>\n\n<\/div>\n<\/div>\n<div id=\"faq-question-1721296039662\" class=\"rank-math-list-item\">\n<h3 class=\"rank-math-question \">Wie schmeckt Euphoria?<\/h3>\n<div class=\"rank-math-answer \">\n\n<p>Der Geschmack von Euphoria ist eine klassische Mischung aus <strong>skunky<\/strong> Noten, gepaart mit <strong>Kiefer<\/strong> und einem <strong>w\u00fcrzigen<\/strong> Touch. Dieses Geschmacksprofil wird von Cannabis-Kennern wegen seiner Komplexit\u00e4t und anhaltenden Pr\u00e4senz am Gaumen sehr gesch\u00e4tzt.<\/p>\n\n<\/div>\n<\/div>\n<div id=\"faq-question-1721296077554\" class=\"rank-math-list-item\">\n<h3 class=\"rank-math-question \">Wie hoch ist der Cannabinoidgehalt von Euphoria?<\/h3>\n<div class=\"rank-math-answer \">\n\n<p>Euphoria hat einen <strong>THC<\/strong>-Gehalt, der zwischen 15 % und 20 % liegt, und einen niedrigen <strong>CBD<\/strong>-Gehalt von weniger als 1 %. Diese Kombination sorgt f\u00fcr eine starke und psychoaktive Wirkung, ideal f\u00fcr diejenigen, die ein intensives zerebrales Erlebnis suchen.<\/p>\n\n<\/div>\n<\/div>\n<\/div>\n<\/div>","protected":false},"excerpt":{"rendered":"<p><b>Euphoria<\/b> ist die perfekte Wahl f\u00fcr Z\u00fcchter und Konsumenten, die eine einfache Anbauerfahrung und reiche Ernten suchen. Genie\u00dfe <strong>euphorische und energetische Effekte<\/strong>, ideal zur Bek\u00e4mpfung von Stress und Depressionen, w\u00e4hrend du dich an ihrem k\u00f6stlichen <strong>skunky Geschmack<\/strong> mit Noten von Kiefer und W\u00fcrze erfreust.<\/p>\n","protected":false},"featured_media":11227,"comment_status":"open","ping_status":"closed","template":"","meta":{"_acf_changed":false,"inline_featured_image":false,"_uag_custom_page_level_css":""},"product_brand":[],"product_cat":[1097],"product_tag":[],"class_list":{"0":"post-9928","1":"product","2":"type-product","3":"status-publish","4":"has-post-thumbnail","6":"product_cat-feminisierte-cannabis-samen","8":"first","9":"outofstock","10":"taxable","11":"shipping-taxable","12":"purchasable","13":"product-type-simple"},"acf":[],"uagb_featured_image_src":{"full":["https:\/\/bulkgenetics.com\/wp-content\/uploads\/2022\/09\/euforia.jpg",1600,1600,false],"thumbnail":["https:\/\/bulkgenetics.com\/wp-content\/uploads\/2022\/09\/euforia-150x150.jpg",150,150,true],"medium":["https:\/\/bulkgenetics.com\/wp-content\/uploads\/2022\/09\/euforia-300x300.jpg",300,300,true],"medium_large":["https:\/\/bulkgenetics.com\/wp-content\/uploads\/2022\/09\/euforia-768x768.jpg",768,768,true],"large":["https:\/\/bulkgenetics.com\/wp-content\/uploads\/2022\/09\/euforia-1024x1024.jpg",1024,1024,true],"1536x1536":["https:\/\/bulkgenetics.com\/wp-content\/uploads\/2022\/09\/euforia-1536x1536.jpg",1536,1536,true],"2048x2048":["https:\/\/bulkgenetics.com\/wp-content\/uploads\/2022\/09\/euforia.jpg",1600,1600,false],"commercegurus-pdp-large":["https:\/\/bulkgenetics.com\/wp-content\/uploads\/2022\/09\/euforia-990x990.jpg",990,990,true],"commercegurus-plp-mobile":["https:\/\/bulkgenetics.com\/wp-content\/uploads\/2022\/09\/euforia-441x441.jpg",441,441,true],"cgkit_image_swatch":["https:\/\/bulkgenetics.com\/wp-content\/uploads\/2022\/09\/euforia-100x100.jpg",100,100,true],"woocommerce_thumbnail":["https:\/\/bulkgenetics.com\/wp-content\/uploads\/2022\/09\/euforia-300x300.jpg",300,300,true],"woocommerce_single":["https:\/\/bulkgenetics.com\/wp-content\/uploads\/2022\/09\/euforia-800x800.jpg",800,800,true],"woocommerce_gallery_thumbnail":["https:\/\/bulkgenetics.com\/wp-content\/uploads\/2022\/09\/euforia-150x150.jpg",150,150,true],"dgwt-wcas-product-suggestion":["https:\/\/bulkgenetics.com\/wp-content\/uploads\/2022\/09\/euforia-64x64.jpg",64,64,true]},"uagb_author_info":{"display_name":"Bruno Crespo","author_link":"https:\/\/bulkgenetics.com\/de\/author\/"},"uagb_comment_info":0,"uagb_excerpt":"Euphoria ist die perfekte Wahl f\u00fcr Z\u00fcchter und Konsumenten, die eine einfache Anbauerfahrung und reiche Ernten suchen. Genie\u00dfe euphorische und energetische Effekte, ideal zur Bek\u00e4mpfung von Stress und Depressionen, w\u00e4hrend du dich an ihrem k\u00f6stlichen skunky Geschmack mit Noten von Kiefer und W\u00fcrze erfreust.","_links":{"self":[{"href":"https:\/\/bulkgenetics.com\/de\/wp-json\/wp\/v2\/product\/9928","targetHints":{"allow":["GET"]}}],"collection":[{"href":"https:\/\/bulkgenetics.com\/de\/wp-json\/wp\/v2\/product"}],"about":[{"href":"https:\/\/bulkgenetics.com\/de\/wp-json\/wp\/v2\/types\/product"}],"replies":[{"embeddable":true,"href":"https:\/\/bulkgenetics.com\/de\/wp-json\/wp\/v2\/comments?post=9928"}],"wp:featuredmedia":[{"embeddable":true,"href":"https:\/\/bulkgenetics.com\/de\/wp-json\/wp\/v2\/media\/11227"}],"wp:attachment":[{"href":"https:\/\/bulkgenetics.com\/de\/wp-json\/wp\/v2\/media?parent=9928"}],"wp:term":[{"taxonomy":"product_brand","embeddable":true,"href":"https:\/\/bulkgenetics.com\/de\/wp-json\/wp\/v2\/product_brand?post=9928"},{"taxonomy":"product_cat","embeddable":true,"href":"https:\/\/bulkgenetics.com\/de\/wp-json\/wp\/v2\/product_cat?post=9928"},{"taxonomy":"product_tag","embeddable":true,"href":"https:\/\/bulkgenetics.com\/de\/wp-json\/wp\/v2\/product_tag?post=9928"}],"curies":[{"name":"wp","href":"https:\/\/api.w.org\/{rel}","templated":true}]}}