{"id":9933,"date":"2022-09-30T16:56:52","date_gmt":"2022-09-30T14:56:52","guid":{"rendered":"https:\/\/www.bulkgenetics.com\/sorbet\/"},"modified":"2024-10-08T01:18:48","modified_gmt":"2024-10-07T23:18:48","slug":"sherbet","status":"publish","type":"product","link":"https:\/\/bulkgenetics.com\/de\/sherbet\/","title":{"rendered":"Sunset Sherbet"},"content":{"rendered":"\n<p><strong>Sunset Sherbet<\/strong> ist ein Strain, der durch seinen au\u00dfergew\u00f6hnlichen Geschmack und seine Effekte die Herzen erobert hat. Dieses vorwiegend Indica-Hybrid stammt aus der meisterhaften Kreuzung zwischen der k\u00f6stlichen <strong><a href=\"https:\/\/bulkgenetics.com\/de\/girl-scout-cookies\/\">Girl Scout Cookies<\/a><\/strong> und der faszinierenden <strong>Pink Panties<\/strong>. Die Genetik von Sunset Sherbet vereint das Beste aus beiden Welten und bietet eine einzigartige Mischung aus tiefer k\u00f6rperlicher Entspannung und euphorischer geistiger Anhebung.<\/p>\n\n\n\n<p>Der <strong>Sunset Sherbet<\/strong> zeichnet sich durch seine Widerstandsf\u00e4higkeit und einfache Anbauweise aus, was ihn sowohl f\u00fcr Anf\u00e4nger als auch f\u00fcr erfahrene Grower ideal macht. Diese mittelgro\u00dfe Pflanze w\u00e4chst mit einer robusten und attraktiven Struktur, mit dicken und langen Zweigen, die das Gewicht ihrer beeindruckenden Bl\u00fcten tragen k\u00f6nnen.<\/p>\n\n\n\n<p>Die Buds des <strong>Sunset Sherbet<\/strong> sind wahre Naturjuwelen. Gro\u00df, dicht und kompakt, \u00e4hneln sie in ihrer l\u00e4nglichen Form Baseballschl\u00e4gern. Au\u00dferdem sind sie mit einer dicken Schicht wei\u00dfer Trichome bedeckt, die ihnen ein fast gefrorenes und strahlendes Aussehen verleihen. Gegen Ende der Bl\u00fctephase nehmen die Buds bei milden Temperaturen rosafarbene T\u00f6ne an, was sie optisch noch ansprechender macht.<\/p>\n\n\n\n<h2 class=\"wp-block-heading\">Geschmack und Effekte<\/h2>\n\n\n\n<p>Das Aroma des <strong>Sunset Sherbet<\/strong> ist eine wahre Explosion aus s\u00fc\u00dfen Fr\u00fcchten und Zitrusfr\u00fcchten, mit einem Hauch von frischer Minze, der ihn unverkennbar macht. Beim Zerkleinern der Buds werden Skunk-Noten und ein subtiler erdiger Hintergrund freigesetzt, die sein aromatisches Profil weiter bereichern. Jeder Zug ist ein Genuss f\u00fcr die Sinne, mit einem Geschmack, der an tropische Fruchtgummis, Zitrusfr\u00fcchte und Beeren erinnert. Es ist zweifellos eine Erfahrung, die jeden Moment genie\u00dfbar macht.<\/p>\n\n\n\n<p>Was die Effekte betrifft, ist der <strong>Sunset Sherbet<\/strong> f\u00fcr seine Potenz bekannt. Mit einem THC-Gehalt von bis zu 25% sorgt dieser Strain f\u00fcr ein High voller Gl\u00fcck und Freude, das den K\u00f6rper vollst\u00e4ndig entspannt. Er ist ideal, um von allen Problemen abzuschalten und in einen Zustand der Ruhe und des Wohlbefindens einzutauchen. Zudem ist sein CBD-Gehalt niedrig, meist unter 1%, was bedeutet, dass die psychoaktiven Effekte des THC vorherrschen.<\/p>\n\n\n\n<h3 class=\"wp-block-heading\">Terpene von Sunset Sherbet<\/h3>\n\n\n\n<p>Der <strong>Sunset Sherbet<\/strong> ist voller Terpene, die nicht nur sein aromatisches Profil bereichern, sondern auch vielf\u00e4ltige Vorteile bieten. Zu den hervorstechendsten Terpenen geh\u00f6ren:<\/p>\n\n\n\n<ul class=\"wp-block-list\">\n<li><strong>Myrcene:<\/strong> Mit seinem erdigen und moschusartigen Aroma ist dieses Terpen f\u00fcr seine entspannenden und sedativen Eigenschaften bekannt und hilft, Stress und Schlaflosigkeit zu lindern.<\/li>\n\n\n\n<li><strong>Limonene:<\/strong> Verleiht ein erfrischendes Zitrusaroma und ist f\u00fcr seine stimmungshebenden und angstl\u00f6senden Eigenschaften bekannt.<\/li>\n\n\n\n<li><strong>Caryophyllene:<\/strong> Mit seinem unverwechselbaren Pfefferaroma hat dieses Terpen entz\u00fcndungshemmende und schmerzlindernde Eigenschaften und ist n\u00fctzlich bei chronischen Schmerzen.<\/li>\n\n\n\n<li><strong>Linalool:<\/strong> Mit einem blumigen Aroma ist es f\u00fcr seine beruhigenden Effekte bekannt und hilft bei der Behandlung von Angst und Depressionen.<\/li>\n\n\n\n<li><strong>Pinene:<\/strong> Verleiht ein frisches Kiefernaroma und ist f\u00fcr seine entz\u00fcndungshemmenden Effekte und die Verbesserung von Konzentration und Ged\u00e4chtnis bekannt.<\/li>\n<\/ul>\n\n\n\n<p>Insgesamt machen diese Terpene den <strong>Sunset Sherbet<\/strong> nicht nur zu einem Genuss f\u00fcr die Sinne, sondern bieten auch eine breite Palette therapeutischer Vorteile. Ob zur Stresslinderung, zur Stimmungsaufhellung oder einfach zum Genie\u00dfen eines entspannten Moments, dieser Strain hat f\u00fcr jeden etwas zu bieten.<\/p>\n\n\n\n<h2 class=\"wp-block-heading\">Ertrag und Bl\u00fctezeit<\/h2>\n\n\n\n<p>Der <strong>Sunset Sherbet<\/strong> ist ein vielseitiger Strain, der sowohl drinnen als auch drau\u00dfen gro\u00dfz\u00fcgige Ertr\u00e4ge liefert. Wenn du darauf aus bist, deine Ernte zu maximieren, wird dich dieser Strain nicht entt\u00e4uschen.<\/p>\n\n\n\n<p>In Innenr\u00e4umen ist die <strong>Sunset Sherbet<\/strong> perfekt f\u00fcr SOG (Sea of Green)-Anbau geeignet, dank ihrer s\u00e4ulenartigen Struktur und ihrer F\u00e4higkeit, eine gro\u00dfe Menge an Stecklingen zu produzieren. Ab dem Wechsel des Photoperiodenzyklus zur Bl\u00fcte sind die Pflanzen in nur 8-9 Wochen erntereif. In den letzten Bl\u00fctewochen sind die Ger\u00fcche sehr intensiv, daher wird die Verwendung von Aktivkohlefiltern empfohlen, um Probleme mit den Nachbarn zu vermeiden. Die Produktion im Innenbereich ist beeindruckend und erreicht bis zu 600 Gramm pro Quadratmeter, insbesondere unter LED-Lampen mit 300-350 W.<\/p>\n\n\n\n<p>Im Au\u00dfenbereich entwickelt sich die <strong>Sunset Sherbet<\/strong> kompakt und erreicht eine mittlere H\u00f6he von 2-2,5 Metern. Ihre Zweige sind dick und lang und k\u00f6nnen das Gewicht ihrer enormen Bl\u00fcten tragen. Die Bl\u00fctephase ist schnell, und die Pflanzen k\u00f6nnen zwischen Ende September und Anfang Oktober geerntet werden. Unter optimalen Bedingungen kann jede Pflanze bis zu 800 Gramm produzieren, insbesondere bei gr\u00f6\u00dferen Exemplaren.<\/p>\n\n\n\n<p>Die <strong>Sunset Sherbet<\/strong> besticht nicht nur durch ihren hohen Ertrag, sondern auch durch die Qualit\u00e4t ihrer Buds, die gro\u00df, dicht und extrem klebrig sind. Bei milden Temperaturen gegen Ende der Bl\u00fctephase nehmen die Buds sehr attraktive rosafarbene T\u00f6ne an und machen jede Ernte zu einem wahren Kunstwerk.<\/p>\n\n\n\n<p>Wenn du nach einem Strain suchst, der eine reiche und qualitativ hochwertige Ernte in relativ kurzer Zeit bietet, sind die <strong>Sunset Sherbet Samen<\/strong> eine perfekte Wahl f\u00fcr jeden Grower, ob Anf\u00e4nger oder erfahren.<\/p>\n\n\n\n<h2 class=\"wp-block-heading\">Wie man Sunset Sherbet anbaut<\/h2>\n\n\n\n<p>Die <strong>Sunset Sherbet<\/strong> ist ein Strain, der ein lohnendes und relativ einfaches Anbauerlebnis bietet. Sie ist ideal sowohl f\u00fcr Anf\u00e4nger als auch f\u00fcr erfahrene Grower, dank ihrer Widerstandsf\u00e4higkeit und einfachen Handhabung.<\/p>\n\n\n\n<p>F\u00fcr beste Ergebnisse empfehlen wir, die <strong>Sunset Sherbet<\/strong> in einem gem\u00e4\u00dfigten und halbfeuchten Klima mit Tagestemperaturen zwischen 21 und 29 \u00b0C anzubauen. Diese Pflanze bevorzugt eine stabile Umgebung ohne drastische Temperaturschwankungen, was ein gleichm\u00e4\u00dfiges und gesundes Wachstum gew\u00e4hrleistet.<\/p>\n\n\n\n<p>Die <strong>Sunset Sherbet<\/strong> ist gut gegen g\u00e4ngige Sch\u00e4dlinge und Krankheiten gewappnet, obwohl es wichtig ist, auf das Vorhandensein von Milben und Pilzen zu achten. Eine gute Luftzirkulation und kontrollierte Feuchtigkeit helfen, diese Probleme zu verhindern. Dieser Strain toleriert auch gut das Beschneiden und das Leiten der Zweige, was den Growern erm\u00f6glicht, die Ertr\u00e4ge weiter zu steigern.<\/p>\n\n\n\n<p>Mit diesen Tipps und \u00dcberlegungen kann der Anbau von <strong>Sunset Sherbet<\/strong> eine \u00e4u\u00dferst lohnende Erfahrung sein, die eine reichliche Ernte von hochwertigen Buds liefert, die sowohl Grower als auch Konsumenten begeistern werden.<\/p>\n\n\n\n<div style=\"height:50px\" aria-hidden=\"true\" class=\"wp-block-spacer uag-hide-mob\"><\/div>\n\n\n\n<div class=\"wp-block-columns is-layout-flex wp-container-core-columns-is-layout-28f84493 wp-block-columns-is-layout-flex\">\n<div class=\"wp-block-column is-layout-flow wp-block-column-is-layout-flow\">\n<p class=\"has-text-align-center has-medium-font-size\"><strong>Was wir am meisten m\u00f6gen<\/strong><\/p>\n\n\n\n<ul class=\"wp-block-list\">\n<li>Ihre einfache Anbauweise und Widerstandsf\u00e4higkeit, ideal f\u00fcr alle Erfahrungsstufen.<\/li>\n\n\n\n<li>Sehr hohe Produktion sowohl im Innen- als auch im Au\u00dfenbereich.<\/li>\n\n\n\n<li>Au\u00dfergew\u00f6hnlicher Geschmack nach tropischen Fruchtgummis und Zitrusfr\u00fcchten.<\/li>\n\n\n\n<li>Starke und ausgewogene Effekte, die Gl\u00fcck und Entspannung kombinieren.<\/li>\n\n\n\n<li>Rosafarbene T\u00f6ne in den Buds, die sie optisch ansprechend machen.<\/li>\n<\/ul>\n<\/div>\n\n\n\n<div class=\"wp-block-column is-layout-flow wp-block-column-is-layout-flow\">\n<p class=\"has-text-align-center has-medium-font-size\"><strong>Was wir am wenigsten m\u00f6gen<\/strong><\/p>\n\n\n\n<ul class=\"wp-block-list\">\n<li>Der intensive Geruch w\u00e4hrend der Bl\u00fctezeit kann zus\u00e4tzliche Ma\u00dfnahmen zur Geruchskontrolle erfordern.<\/li>\n\n\n\n<li>Erfordert \u00dcberwachung, um Probleme mit Milben und Pilzen zu verhindern.<\/li>\n<\/ul>\n<\/div>\n<\/div>\n\n\n\n<div style=\"height:50px\" aria-hidden=\"true\" class=\"wp-block-spacer uag-hide-mob\"><\/div>\n\n\n\n<h2 class=\"wp-block-heading\">H\u00e4ufig gestellte Fragen<\/h2>\n\n\n\n<p>Im Folgenden findest du die h\u00e4ufigsten Fragen, die uns Grower zu diesen Bulk-Samen stellen:<\/p>\n\n\n<div id=\"rank-math-faq\" class=\"rank-math-block\">\n<div class=\"rank-math-list \">\n<div id=\"faq-question-1663029074962\" class=\"rank-math-list-item\">\n<h3 class=\"rank-math-question \">Wann beginnt Sherbet im Freien zu bl\u00fchen?<\/h3>\n<div class=\"rank-math-answer \">\n\n<p>Die <strong>Sunset Sherbet<\/strong> beginnt ihre Bl\u00fctephase normalerweise in den ersten beiden Augustwochen. Es ist ein schnell bl\u00fchender Strain, was bedeutet, dass du ihn je nach Klima und Anbaubedingungen zwischen Ende September und Anfang Oktober ernten kannst.<\/p>\n\n<\/div>\n<\/div>\n<div id=\"faq-question-1663029159933\" class=\"rank-math-list-item\">\n<h3 class=\"rank-math-question \">Wann sollte man eine Sherbet im Freien ernten?<\/h3>\n<div class=\"rank-math-answer \">\n\n<p>In Innenr\u00e4umen hat die <strong>Sunset Sherbet<\/strong> eine relativ kurze Bl\u00fctezeit von etwa 8-9 Wochen ab dem Wechsel der Photoperiode zur Bl\u00fcte. Diese Schnelligkeit im Bl\u00fctezyklus macht sie ideal f\u00fcr Grower, die h\u00e4ufige und hochwertige Ernten suchen.<\/p>\n\n<\/div>\n<\/div>\n<div id=\"faq-question-1663029165861\" class=\"rank-math-list-item\">\n<h3 class=\"rank-math-question \">Wie baut man eine feminisierte Sherbet an?<\/h3>\n<div class=\"rank-math-answer \">\n\n<p>Es ist eine robuste und pflegeleichte Pflanze. Fr\u00fches Beschneiden kann dazu beitragen, die Ertr\u00e4ge zu steigern.<\/p>\n\n<\/div>\n<\/div>\n<div id=\"faq-question-1666780029954\" class=\"rank-math-list-item\">\n<h3 class=\"rank-math-question \">Welche Effekte hat Sherbet in gro\u00dfen Mengen?<\/h3>\n<div class=\"rank-math-answer \">\n\n<p>Die <strong>Sunset Sherbet<\/strong> ist f\u00fcr ihre sehr starken Effekte bekannt, dank ihres hohen THC-Gehalts, der bis zu 25% erreichen kann. Sie vermittelt ein Gef\u00fchl von Gl\u00fcck und Freude, das den K\u00f6rper vollst\u00e4ndig entspannt, ideal zum Abschalten von allt\u00e4glichen Problemen. Ihr niedriger CBD-Gehalt stellt sicher, dass die psychoaktiven Effekte des THC vorherrschen.<\/p>\n\n<\/div>\n<\/div>\n<div id=\"faq-question-1721121455702\" class=\"rank-math-list-item\">\n<h3 class=\"rank-math-question \">Ist Sunset Sherbet sativa oder indica?<\/h3>\n<div class=\"rank-math-answer \">\n\n<p>Die <strong>Sunset Sherbet<\/strong> ist ein vorwiegend Indica-Strain, mit einem ungef\u00e4hren Verh\u00e4ltnis von 85% Indica und 15% Sativa. Indica-Strains bieten in der Regel eine entspannendere, k\u00f6rperliche Wirkung, ideal zum Abschalten und Stressabbau. Sativas hingegen neigen dazu, eine anregendere, geistige Wirkung zu bieten, perfekt f\u00fcr kreative und soziale Aktivit\u00e4ten. Im Fall der <strong>Sunset Sherbet<\/strong> genie\u00dft du eine Kombination aus beidem, mit einer st\u00e4rkeren Tendenz zur k\u00f6rperlichen Entspannung und Gl\u00fcckseligkeit.<\/p>\n\n<\/div>\n<\/div>\n<\/div>\n<\/div>\n","protected":false},"excerpt":{"rendered":"<p><b>Sunset Sherbet<\/b> bietet ein unvergleichliches Erlebnis mit ihrer einzigartigen Kombination aus <strong>Entspannung und Gl\u00fcck<\/strong>. Ideal zum Abschalten und Genie\u00dfen von Momenten der Ruhe, ist dieser Strain von <strong>hoher Produktion und au\u00dfergew\u00f6hnlichem Geschmack nach tropischen Fr\u00fcchten<\/strong> perfekt sowohl f\u00fcr Anf\u00e4nger als auch f\u00fcr erfahrene Grower. Entdecke das Vergn\u00fcgen, Sunset Sherbet anzubauen!<\/p>\n","protected":false},"featured_media":25293,"comment_status":"open","ping_status":"closed","template":"","meta":{"_acf_changed":false,"inline_featured_image":false,"_uag_custom_page_level_css":""},"product_brand":[],"product_cat":[1097],"product_tag":[],"class_list":{"0":"post-9933","1":"product","2":"type-product","3":"status-publish","4":"has-post-thumbnail","6":"product_cat-feminisierte-cannabis-samen","8":"first","9":"instock","10":"taxable","11":"shipping-taxable","12":"purchasable","13":"product-type-simple"},"acf":[],"uagb_featured_image_src":{"full":["https:\/\/bulkgenetics.com\/wp-content\/uploads\/2022\/09\/sherbet-weed-strain-feminized-seeds.jpg",1600,1600,false],"thumbnail":["https:\/\/bulkgenetics.com\/wp-content\/uploads\/2022\/09\/sherbet-weed-strain-feminized-seeds-150x150.jpg",150,150,true],"medium":["https:\/\/bulkgenetics.com\/wp-content\/uploads\/2022\/09\/sherbet-weed-strain-feminized-seeds-300x300.jpg",300,300,true],"medium_large":["https:\/\/bulkgenetics.com\/wp-content\/uploads\/2022\/09\/sherbet-weed-strain-feminized-seeds-768x768.jpg",768,768,true],"large":["https:\/\/bulkgenetics.com\/wp-content\/uploads\/2022\/09\/sherbet-weed-strain-feminized-seeds-1024x1024.jpg",1024,1024,true],"1536x1536":["https:\/\/bulkgenetics.com\/wp-content\/uploads\/2022\/09\/sherbet-weed-strain-feminized-seeds-1536x1536.jpg",1536,1536,true],"2048x2048":["https:\/\/bulkgenetics.com\/wp-content\/uploads\/2022\/09\/sherbet-weed-strain-feminized-seeds.jpg",1600,1600,false],"commercegurus-pdp-large":["https:\/\/bulkgenetics.com\/wp-content\/uploads\/2022\/09\/sherbet-weed-strain-feminized-seeds-990x990.jpg",990,990,true],"commercegurus-plp-mobile":["https:\/\/bulkgenetics.com\/wp-content\/uploads\/2022\/09\/sherbet-weed-strain-feminized-seeds-441x441.jpg",441,441,true],"cgkit_image_swatch":["https:\/\/bulkgenetics.com\/wp-content\/uploads\/2022\/09\/sherbet-weed-strain-feminized-seeds-100x100.jpg",100,100,true],"woocommerce_thumbnail":["https:\/\/bulkgenetics.com\/wp-content\/uploads\/2022\/09\/sherbet-weed-strain-feminized-seeds-300x300.jpg",300,300,true],"woocommerce_single":["https:\/\/bulkgenetics.com\/wp-content\/uploads\/2022\/09\/sherbet-weed-strain-feminized-seeds-800x800.jpg",800,800,true],"woocommerce_gallery_thumbnail":["https:\/\/bulkgenetics.com\/wp-content\/uploads\/2022\/09\/sherbet-weed-strain-feminized-seeds-150x150.jpg",150,150,true],"dgwt-wcas-product-suggestion":["https:\/\/bulkgenetics.com\/wp-content\/uploads\/2022\/09\/sherbet-weed-strain-feminized-seeds-64x64.jpg",64,64,true]},"uagb_author_info":{"display_name":"Bruno Crespo","author_link":"https:\/\/bulkgenetics.com\/de\/author\/"},"uagb_comment_info":0,"uagb_excerpt":"Sunset Sherbet bietet ein unvergleichliches Erlebnis mit ihrer einzigartigen Kombination aus Entspannung und Gl\u00fcck. Ideal zum Abschalten und Genie\u00dfen von Momenten der Ruhe, ist dieser Strain von hoher Produktion und au\u00dfergew\u00f6hnlichem Geschmack nach tropischen Fr\u00fcchten perfekt sowohl f\u00fcr Anf\u00e4nger als auch f\u00fcr erfahrene Grower. Entdecke das Vergn\u00fcgen, Sunset Sherbet anzubauen!","_links":{"self":[{"href":"https:\/\/bulkgenetics.com\/de\/wp-json\/wp\/v2\/product\/9933","targetHints":{"allow":["GET"]}}],"collection":[{"href":"https:\/\/bulkgenetics.com\/de\/wp-json\/wp\/v2\/product"}],"about":[{"href":"https:\/\/bulkgenetics.com\/de\/wp-json\/wp\/v2\/types\/product"}],"replies":[{"embeddable":true,"href":"https:\/\/bulkgenetics.com\/de\/wp-json\/wp\/v2\/comments?post=9933"}],"wp:featuredmedia":[{"embeddable":true,"href":"https:\/\/bulkgenetics.com\/de\/wp-json\/wp\/v2\/media\/25293"}],"wp:attachment":[{"href":"https:\/\/bulkgenetics.com\/de\/wp-json\/wp\/v2\/media?parent=9933"}],"wp:term":[{"taxonomy":"product_brand","embeddable":true,"href":"https:\/\/bulkgenetics.com\/de\/wp-json\/wp\/v2\/product_brand?post=9933"},{"taxonomy":"product_cat","embeddable":true,"href":"https:\/\/bulkgenetics.com\/de\/wp-json\/wp\/v2\/product_cat?post=9933"},{"taxonomy":"product_tag","embeddable":true,"href":"https:\/\/bulkgenetics.com\/de\/wp-json\/wp\/v2\/product_tag?post=9933"}],"curies":[{"name":"wp","href":"https:\/\/api.w.org\/{rel}","templated":true}]}}