{"id":9936,"date":"2022-09-30T16:55:21","date_gmt":"2022-09-30T14:55:21","guid":{"rendered":"https:\/\/www.bulkgenetics.com\/sensi-star\/"},"modified":"2024-10-08T01:18:48","modified_gmt":"2024-10-07T23:18:48","slug":"sensi-star","status":"publish","type":"product","link":"https:\/\/bulkgenetics.com\/de\/sensi-star\/","title":{"rendered":"Sensi Star"},"content":{"rendered":"\n<p><strong>Sensi Star<\/strong> ist einer der legend\u00e4rsten und st\u00e4rksten Indica-Cannabis-Strains, die es gibt. Seit ihrer Entstehung im Jahr 1995 durch Paradise Seeds hat sie zahlreiche Preise gewonnen, darunter mehrere erste Pl\u00e4tze bei der Highlife Cup und High Times Cannabis Cup. Ihre genaue Abstammung bleibt ein Geheimnis, aber es ist bekannt, dass sie eine starke afghanische Genetik enth\u00e4lt, kombiniert mit einem Hauch von Sativa, was sie etwas gestreckter macht als andere reine Indicas wie <strong><a href=\"https:\/\/bulkgenetics.com\/de\/hindu-kush\/\">Hindu Kush<\/a><\/strong> oder <strong><a href=\"https:\/\/bulkgenetics.com\/de\/northern-lights\/\">Northern Lights<\/a><\/strong>.<\/p>\n\n\n\n<p>Dieser Strain hat sich sowohl bei Z\u00fcchtern als auch bei Konsumenten einen Namen gemacht. Beschrieben als eine <em>one-hit quitter<\/em>, ist Sensi Star ber\u00fchmt f\u00fcr ihre sofortigen und langanhaltenden Wirkungen. Ihr Ruf hat sich im Laufe der Zeit gefestigt, da sie f\u00fcr ihre F\u00e4higkeit gelobt wird, Angstzust\u00e4nde, Stress und chronische Schmerzen zu lindern, und somit bei medizinischen Anwendern sehr beliebt ist.<\/p>\n\n\n\n<p>Sensi Star ist eine robuste und kompakte Pflanze, die dichte und harzige Buds entwickelt, die gro\u00df wie F\u00e4uste und hart wie Steine sind. Sie haben eine attraktive dunkelgr\u00fcne Farbe mit orangefarbenen Stempeln, was ihnen ein sehr auff\u00e4lliges Aussehen verleiht. Die Harzproduktion ist beeindruckend, was diesen Strain zu einer ausgezeichneten Wahl f\u00fcr die Herstellung von Haschisch, Rosin oder BHO macht.<\/p>\n\n\n\n<h2 class=\"wp-block-heading\">Geschmack und Wirkung<\/h2>\n\n\n\n<p>Der <strong>Geschmack<\/strong> von Sensi Star ist einer ihrer st\u00e4rksten und bemerkenswertesten Punkte. Stell dir eine Explosion tropischer Fr\u00fcchte, Tee und Birne mit einem erdigen und fruchtigen Touch vor, die deinen Mund bei jedem Zug f\u00fcllt. Es ist ein Geschmack, der die Geschmacksknospen erfreut und einen s\u00fc\u00dfen und zufriedenstellenden Nachgeschmack hinterl\u00e4sst. Das <strong>Aroma<\/strong> ist ebenso beeindruckend, mit Noten von frischen Fr\u00fcchten und einem erdigen Hintergrund, der sie unverkennbar macht. W\u00e4hrend der Bl\u00fctezeit kann der Geruch sehr intensiv werden, daher wird die Verwendung von Aktivkohlefiltern empfohlen, wenn sie im Innenbereich angebaut wird.<\/p>\n\n\n\n<p>Die <strong>Wirkungen<\/strong> von Sensi Star sind ebenso bemerkenswert. Schon bei den ersten Z\u00fcgen durchl\u00e4uft ein starkes Kribbeln deinen K\u00f6rper, beseitigt negative Schwingungen und f\u00fcllt dich mit einem intensiven Gef\u00fchl von Frieden und Entspannung. Diese Wirkung ist ideal, um abends zu rauchen, da sie K\u00f6rper und Geist auf eine tiefe und erholsame Ruhe vorbereitet. Mit einem <strong>THC-Gehalt, der zwischen 15% und 20%<\/strong> variiert, garantiert Sensi Star eine ausreichende Potenz, um sowohl Freizeit- als auch medizinische Nutzer zufrieden zu stellen. Andererseits ist ihr <strong>CBD-Gehalt niedrig, in der Regel unter 1%<\/strong>, was sie weniger geeignet macht f\u00fcr diejenigen, die die Vorteile von CBD suchen.<\/p>\n\n\n\n<h3 class=\"wp-block-heading\">Terpene von Sensi Star<\/h3>\n\n\n\n<p>Die Komplexit\u00e4t des Geschmacks und Aromas von Sensi Star ist gr\u00f6\u00dftenteils auf ihr Profil der <strong>Terpene<\/strong> zur\u00fcckzuf\u00fchren. Terpene sind aromatische Verbindungen, die nicht nur den Geruch und Geschmack der Pflanze bestimmen, sondern auch ihre Wirkungen beeinflussen.<\/p>\n\n\n\n<p>Das <strong>Myrcen<\/strong> ist das dominante Terpen in Sensi Star. Mit seinem erdigen und fruchtigen Aroma ist Myrcen f\u00fcr seine beruhigenden und sedierenden Wirkungen bekannt, was zu dem starken Gef\u00fchl von Ruhe und Gelassenheit beitr\u00e4gt, das dieser Strain bietet. Ein weiteres Terpen, das in Sensi Star vorhanden ist, ist das <strong>Caryophyllen<\/strong>, das w\u00fcrzige und erdige Noten hinzuf\u00fcgt und entz\u00fcndungshemmende und schmerzlindernde Eigenschaften hat, was es ideal zur Linderung von Schmerzen und Stress macht. Schlie\u00dflich f\u00fcgt das <strong>Limonen<\/strong> dem Geschmacksprofil eine zitrische Note hinzu und ist f\u00fcr seine stimmungsaufhellenden und angstl\u00f6senden Eigenschaften bekannt.<\/p>\n\n\n\n<p>Diese Terpene bereichern nicht nur das sensorische Erlebnis, sondern verst\u00e4rken auch die therapeutischen Wirkungen von Sensi Star und machen diesen Strain zu einer perfekten Wahl f\u00fcr diejenigen, die eine umfassende Linderung und ein unvergleichliches Konsumerlebnis suchen.<\/p>\n\n\n\n<h2 class=\"wp-block-heading\">Ertrag und Bl\u00fctezeit<\/h2>\n\n\n\n<p><strong>Sensi Star<\/strong> zeichnet sich nicht nur durch ihren Geschmack und ihre Wirkungen aus, sondern auch durch ihren beeindruckenden Ertrag. Dieser Strain ist bekannt daf\u00fcr, sowohl im Innen- als auch im Au\u00dfenbereich extrem gro\u00dfz\u00fcgig zu sein.<\/p>\n\n\n\n<p>In der <strong>Innenraumanbau<\/strong> kann Sensi Star Ertr\u00e4ge von bis zu <strong>550 Gramm pro Quadratmeter<\/strong> erreichen, wenn sie unter 300-350W LED-Beleuchtung angebaut wird. Sie ist eine perfekte Pflanze f\u00fcr die SOG-Methode (Sea of Green), wobei eine Mindestdichte von 25 Stecklingen pro Quadratmeter in 3-Liter-T\u00f6pfen empfohlen wird. Vom Wechsel des Lichtzyklus von Wachstum zu Bl\u00fcte ben\u00f6tigt Sensi Star nur <strong>8-9 Wochen<\/strong> bis zur Ernte. In den letzten Wochen der Bl\u00fctezeit wird der Geruch sehr intensiv, daher wird die Verwendung von Aktivkohlefiltern empfohlen, um das Aroma zu kontrollieren.<\/p>\n\n\n\n<p>Im <strong>Au\u00dfenanbau<\/strong> zeigt Sensi Star ebenfalls ihre St\u00e4rke. Wenn sie ab dem fr\u00fchen Fr\u00fchjahr angebaut wird, kann die Pflanze eine durchschnittliche H\u00f6he von 2 bis 2,5 Metern erreichen. Ihre pyramidenf\u00f6rmige Struktur und Verzweigung machen sie sehr produktiv, mit einer Ernte von bis zu <strong>900 Gramm pro Pflanze<\/strong> unter optimalen Bedingungen. Die Bl\u00fctezeit ist ebenfalls schnell, mit einer Ernte zwischen <strong>Ende September und Anfang Oktober<\/strong>, was sie f\u00fcr nahezu jedes Klima geeignet macht.<\/p>\n\n\n\n<p>Dank ihrer <strong>kurzen Bl\u00fctezeit<\/strong> und ihrer hohen Widerstandsf\u00e4higkeit ist Sensi Star eine ideale Wahl f\u00fcr Z\u00fcchter aller Erfahrungsstufen, die immer eine reichhaltige und hochwertige Ernte mit minimalem Aufwand w\u00fcnschen.<\/p>\n\n\n\n<h2 class=\"wp-block-heading\">Wie man Sensi Star anbaut<\/h2>\n\n\n\n<p>Wenn es darum geht, <strong>Sensi Star<\/strong> anzubauen, kann man sagen, dass sie einer der dankbarsten und einfachsten Strains ist, mit denen man arbeiten kann. Ideal sowohl f\u00fcr Anf\u00e4nger als auch f\u00fcr erfahrene Z\u00fcchter, bietet diese Pflanze hervorragende Ergebnisse mit minimalem Aufwand.<\/p>\n\n\n\n<p>Was die <strong>Anbauschwierigkeit<\/strong> betrifft, ist Sensi Star f\u00fcr ihre Robustheit und Widerstandsf\u00e4higkeit bekannt. Ihr kr\u00e4ftiges und schnelles Wachstum macht sie perfekt f\u00fcr diejenigen, die eine zuverl\u00e4ssige und ertragreiche Pflanze ohne Komplikationen suchen.<\/p>\n\n\n\n<p>Um die besten Ergebnisse zu erzielen, empfehlen wir, Sensi Star in einem <strong>gem\u00e4\u00dfigten Klima<\/strong> mit moderaten Temperaturen anzubauen. Dieser Strain passt sich gut an verschiedene klimatische Bedingungen an, gedeiht aber besonders gut in Umgebungen mit guter Sonneneinstrahlung und kontrollierter Luftfeuchtigkeit.<\/p>\n\n\n\n<p>Sensi Star zeigt eine bemerkenswerte <strong>Widerstandsf\u00e4higkeit gegen Sch\u00e4dlinge und Krankheiten<\/strong>, was sie zu einer sicheren Option f\u00fcr Z\u00fcchter macht, die das Risiko von Problemen w\u00e4hrend des Anbauzyklus minimieren m\u00f6chten. Ihre nat\u00fcrliche Robustheit macht sie weniger anf\u00e4llig f\u00fcr Insektenbefall und h\u00e4ufige Krankheiten und bietet ein entspanntes Anbauerlebnis.<\/p>\n\n\n\n<div style=\"height:50px\" aria-hidden=\"true\" class=\"wp-block-spacer uag-hide-mob\"><\/div>\n\n\n\n<div class=\"wp-block-columns is-layout-flex wp-container-core-columns-is-layout-28f84493 wp-block-columns-is-layout-flex\">\n<div class=\"wp-block-column is-layout-flow wp-block-column-is-layout-flow\">\n<p class=\"has-text-align-center has-medium-font-size\"><strong>Was wir am meisten m\u00f6gen<\/strong><\/p>\n\n\n\n<ul class=\"wp-block-list\">\n<li>Sehr einfach anzubauen.<\/li>\n\n\n\n<li>Sehr hohe Produktion.<\/li>\n\n\n\n<li>Tropischer Geschmack.<\/li>\n\n\n\n<li>Sehr entspannende und beruhigende Effekte.<\/li>\n\n\n\n<li>Ausgezeichnete Widerstandsf\u00e4higkeit gegen Sch\u00e4dlinge und Krankheiten.<\/li>\n<\/ul>\n<\/div>\n\n\n\n<div class=\"wp-block-column is-layout-flow wp-block-column-is-layout-flow\">\n<p class=\"has-text-align-center has-medium-font-size\"><strong>Was uns weniger gef\u00e4llt<\/strong><\/p>\n\n\n\n<ul class=\"wp-block-list\">\n<li>Sie ist w\u00e4hrend der Bl\u00fctezeit ziemlich geruchsintensiv.<\/li>\n<\/ul>\n<\/div>\n<\/div>\n\n\n\n<div style=\"height:50px\" aria-hidden=\"true\" class=\"wp-block-spacer uag-hide-mob\"><\/div>\n\n\n\n<h2 class=\"wp-block-heading\">H\u00e4ufig gestellte Fragen<\/h2>\n\n\n\n<p>Nachfolgend findest du die h\u00e4ufigsten Fragen, die von Z\u00fcchtern gestellt werden, die an diesen g\u00fcnstigen Gro\u00dfhandels-Samen interessiert sind:<\/p>\n\n\n<div id=\"rank-math-faq\" class=\"rank-math-block\">\n<div class=\"rank-math-list \">\n<div id=\"faq-question-1663029074962\" class=\"rank-math-list-item\">\n<h3 class=\"rank-math-question \">Wann beginnt die Bl\u00fcte von Sensi Star im Freien?<\/h3>\n<div class=\"rank-math-answer \">\n\n<p>Die Bl\u00fcte von Sensi Star im Freien beginnt in der ersten Augusth\u00e4lfte. Diese Phase ist entscheidend f\u00fcr die Entwicklung der Buds, die am Ende der Bl\u00fctezeit ihr volles Potenzial erreichen.<\/p>\n\n<\/div>\n<\/div>\n<div id=\"faq-question-1663029159933\" class=\"rank-math-list-item\">\n<h3 class=\"rank-math-question \">Wann sollte man eine Sensi Star im Freien ernten?<\/h3>\n<div class=\"rank-math-answer \">\n\n<p>Sensi Star ist ein schnell bl\u00fchender Strain, der zwischen Ende September und Anfang Oktober geerntet wird. Diese kurze Bl\u00fctezeit macht sie ideal f\u00fcr Klimazonen mit fr\u00fchen Wintern.<\/p>\n\n<\/div>\n<\/div>\n<div id=\"faq-question-1663029165861\" class=\"rank-math-list-item\">\n<h3 class=\"rank-math-question \">Wie baut man eine feminisierte Sensi Star an?<\/h3>\n<div class=\"rank-math-answer \">\n\n<p>Sensi Star ist sehr einfach anzubauen, was sie zu einer idealen Wahl f\u00fcr Anf\u00e4nger macht. Sie ist eine widerstandsf\u00e4hige Pflanze, die schnell w\u00e4chst und gut auf Beschneidungen und Lenkungen der \u00c4ste reagiert, was es erm\u00f6glicht, ihre Struktur f\u00fcr eine h\u00f6here Produktion zu optimieren.<\/p>\n\n<\/div>\n<\/div>\n<div id=\"faq-question-1666780029954\" class=\"rank-math-list-item\">\n<h3 class=\"rank-math-question \">Welche Wirkungen hat Sensi Star in gro\u00dfen Mengen?<\/h3>\n<div class=\"rank-math-answer \">\n\n<p>Die Wirkungen von Sensi Star sind tief entspannend und beruhigend. Nach ein paar Z\u00fcgen sp\u00fcrt man ein starkes Kribbeln, das den K\u00f6rper durchl\u00e4uft, den Stress abbaut und ein intensives Gef\u00fchl des Friedens vermittelt. Es ist eine ideale Marihuana, um sie am Ende des Tages zu konsumieren und Schlaflosigkeit zu bek\u00e4mpfen.<\/p>\n\n<\/div>\n<\/div>\n<div id=\"faq-question-1720783412262\" class=\"rank-math-list-item\">\n<h3 class=\"rank-math-question \">Wie hoch ist der THC- und CBD-Gehalt von Sensi Star?<\/h3>\n<div class=\"rank-math-answer \">\n\n<p>Der THC-Gehalt von Sensi Star liegt zwischen 15% und 20%, was eine betr\u00e4chtliche St\u00e4rke bietet, die sowohl Freizeit- als auch medizinische Nutzer zufriedenstellt. Der CBD-Gehalt ist niedrig, in der Regel unter 1%, was sie weniger geeignet f\u00fcr diejenigen macht, die nach den therapeutischen Vorteilen von CBD suchen.<\/p>\n\n<\/div>\n<\/div>\n<div id=\"faq-question-1720783450703\" class=\"rank-math-list-item\">\n<h3 class=\"rank-math-question \">Ist Sensi Star Sativa oder Indica?<\/h3>\n<div class=\"rank-math-answer \">\n\n<p><strong>Sensi Star<\/strong> ist ein \u00fcberwiegend <strong>Indica<\/strong> Strain. Obwohl sie eine leichte Sativa-Einfluss hat, die ihr eine etwas gestrecktere Struktur verleiht, sind ihre Wirkungen und Merkmale typisch f\u00fcr Indicas. Indica-Strains sind in der Regel kompakter und robuster, mit breiten Bl\u00e4ttern und einer schnelleren Bl\u00fctezeit, und sind bekannt f\u00fcr ihre entspannenden und sedierenden Wirkungen. Im Gegensatz dazu neigen Sativas dazu, gr\u00f6\u00dfer und schlanker zu sein, mit schmaleren Bl\u00e4ttern und einer l\u00e4ngeren Bl\u00fctezeit, und sind f\u00fcr ihre energiespendenden und stimulierenden Wirkungen gesch\u00e4tzt.<\/p>\n\n<\/div>\n<\/div>\n<\/div>\n<\/div>\n","protected":false},"excerpt":{"rendered":"<p><b>Sensi Star<\/b>, der perfekte Strain, um sich zu entspannen und eine <strong>intensive Ruhe<\/strong> zu genie\u00dfen. Mit einem einfachen Anbau und hoher Produktion garantieren ihre dichten und harzigen Buds ein <strong>unvergleichliches sensorisches Erlebnis<\/strong>. Ideal zur Linderung von <strong>Stress und Schlaflosigkeit<\/strong>, ist sie die bevorzugte Wahl von Z\u00fcchtern und Konsumenten.<\/p>\n","protected":false},"featured_media":11059,"comment_status":"open","ping_status":"closed","template":"","meta":{"_acf_changed":false,"inline_featured_image":false,"_uag_custom_page_level_css":""},"product_brand":[],"product_cat":[1097],"product_tag":[],"class_list":{"0":"post-9936","1":"product","2":"type-product","3":"status-publish","4":"has-post-thumbnail","6":"product_cat-feminisierte-cannabis-samen","8":"first","9":"outofstock","10":"taxable","11":"shipping-taxable","12":"purchasable","13":"product-type-simple"},"acf":[],"uagb_featured_image_src":{"full":["https:\/\/bulkgenetics.com\/wp-content\/uploads\/2022\/09\/sensi-star-feminizada-granel.jpg",1600,1600,false],"thumbnail":["https:\/\/bulkgenetics.com\/wp-content\/uploads\/2022\/09\/sensi-star-feminizada-granel-150x150.jpg",150,150,true],"medium":["https:\/\/bulkgenetics.com\/wp-content\/uploads\/2022\/09\/sensi-star-feminizada-granel-300x300.jpg",300,300,true],"medium_large":["https:\/\/bulkgenetics.com\/wp-content\/uploads\/2022\/09\/sensi-star-feminizada-granel-768x768.jpg",768,768,true],"large":["https:\/\/bulkgenetics.com\/wp-content\/uploads\/2022\/09\/sensi-star-feminizada-granel-1024x1024.jpg",1024,1024,true],"1536x1536":["https:\/\/bulkgenetics.com\/wp-content\/uploads\/2022\/09\/sensi-star-feminizada-granel-1536x1536.jpg",1536,1536,true],"2048x2048":["https:\/\/bulkgenetics.com\/wp-content\/uploads\/2022\/09\/sensi-star-feminizada-granel.jpg",1600,1600,false],"commercegurus-pdp-large":["https:\/\/bulkgenetics.com\/wp-content\/uploads\/2022\/09\/sensi-star-feminizada-granel-990x990.jpg",990,990,true],"commercegurus-plp-mobile":["https:\/\/bulkgenetics.com\/wp-content\/uploads\/2022\/09\/sensi-star-feminizada-granel-441x441.jpg",441,441,true],"cgkit_image_swatch":["https:\/\/bulkgenetics.com\/wp-content\/uploads\/2022\/09\/sensi-star-feminizada-granel-100x100.jpg",100,100,true],"woocommerce_thumbnail":["https:\/\/bulkgenetics.com\/wp-content\/uploads\/2022\/09\/sensi-star-feminizada-granel-300x300.jpg",300,300,true],"woocommerce_single":["https:\/\/bulkgenetics.com\/wp-content\/uploads\/2022\/09\/sensi-star-feminizada-granel-800x800.jpg",800,800,true],"woocommerce_gallery_thumbnail":["https:\/\/bulkgenetics.com\/wp-content\/uploads\/2022\/09\/sensi-star-feminizada-granel-150x150.jpg",150,150,true],"dgwt-wcas-product-suggestion":["https:\/\/bulkgenetics.com\/wp-content\/uploads\/2022\/09\/sensi-star-feminizada-granel-64x64.jpg",64,64,true]},"uagb_author_info":{"display_name":"Bruno Crespo","author_link":"https:\/\/bulkgenetics.com\/de\/author\/"},"uagb_comment_info":0,"uagb_excerpt":"Sensi Star, der perfekte Strain, um sich zu entspannen und eine intensive Ruhe zu genie\u00dfen. Mit einem einfachen Anbau und hoher Produktion garantieren ihre dichten und harzigen Buds ein unvergleichliches sensorisches Erlebnis. Ideal zur Linderung von Stress und Schlaflosigkeit, ist sie die bevorzugte Wahl von Z\u00fcchtern und Konsumenten.","_links":{"self":[{"href":"https:\/\/bulkgenetics.com\/de\/wp-json\/wp\/v2\/product\/9936","targetHints":{"allow":["GET"]}}],"collection":[{"href":"https:\/\/bulkgenetics.com\/de\/wp-json\/wp\/v2\/product"}],"about":[{"href":"https:\/\/bulkgenetics.com\/de\/wp-json\/wp\/v2\/types\/product"}],"replies":[{"embeddable":true,"href":"https:\/\/bulkgenetics.com\/de\/wp-json\/wp\/v2\/comments?post=9936"}],"wp:featuredmedia":[{"embeddable":true,"href":"https:\/\/bulkgenetics.com\/de\/wp-json\/wp\/v2\/media\/11059"}],"wp:attachment":[{"href":"https:\/\/bulkgenetics.com\/de\/wp-json\/wp\/v2\/media?parent=9936"}],"wp:term":[{"taxonomy":"product_brand","embeddable":true,"href":"https:\/\/bulkgenetics.com\/de\/wp-json\/wp\/v2\/product_brand?post=9936"},{"taxonomy":"product_cat","embeddable":true,"href":"https:\/\/bulkgenetics.com\/de\/wp-json\/wp\/v2\/product_cat?post=9936"},{"taxonomy":"product_tag","embeddable":true,"href":"https:\/\/bulkgenetics.com\/de\/wp-json\/wp\/v2\/product_tag?post=9936"}],"curies":[{"name":"wp","href":"https:\/\/api.w.org\/{rel}","templated":true}]}}