{"id":9953,"date":"2022-09-30T17:09:57","date_gmt":"2022-09-30T15:09:57","guid":{"rendered":"https:\/\/www.bulkgenetics.com\/zuckerbonbon\/"},"modified":"2024-10-08T01:14:06","modified_gmt":"2024-10-07T23:14:06","slug":"sugar-candy","status":"publish","type":"product","link":"https:\/\/bulkgenetics.com\/de\/sugar-candy\/","title":{"rendered":"Sugar Candy"},"content":{"rendered":"\n<p>Entdecke die k\u00f6stliche <strong>Strain Sugar Candy<\/strong>, ein echtes genetisches Juwel, das von der Samenbank Delicious Seeds kreiert wurde. Dieser Sativa-dominante Hybrid ist das Ergebnis der Kreuzung von zwei au\u00dfergew\u00f6hnlichen Selektionen: <strong>Sugar Black Rose<\/strong> (eine Kombination aus <strong><a href=\"https:\/\/bulkgenetics.com\/de\/critical-bilbo\/\">Critical Bilbo<\/a><\/strong> x <a href=\"https:\/\/bulkgenetics.com\/de\/black-domina\/\"><strong>Black Domina<\/strong><\/a>) und <strong>Caramelo<\/strong> (eine Selektion aus <strong>Lavender<\/strong>). Das Ergebnis ist eine Pflanze, die in jeder Hinsicht beeindruckt und sowohl f\u00fcr Anf\u00e4nger als auch f\u00fcr erfahrene Z\u00fcchter eine einzigartige Erfahrung bietet.<\/p>\n\n\n\n<p>Optisch ist die <strong>Sugar Candy<\/strong> Pflanze ein Spektakel. Ihre Buds sind dicht und schwer, bedeckt mit einer beeindruckenden Menge an Harz, die es manchmal schwer macht, die echte Farbe der Buds zu erkennen. Dieses visuelle Spektakel wird von einem unvergleichlichen Aroma begleitet.<\/p>\n\n\n\n<h2 class=\"wp-block-heading\">Geschmack und Wirkung<\/h2>\n\n\n\n<p>Das <strong>Aroma und der Geschmack von Sugar Candy<\/strong> sind zweifellos ihre St\u00e4rken. Diese Strain bietet eine unwiderstehliche Mischung aus <strong>Mango<\/strong>, <strong>Honigkaramell<\/strong> und <strong>Lakritz<\/strong>, mit subtilen Noten von Butterkeksen und Lavendel. Beim Inhalieren umh\u00fcllt dich ein k\u00f6stlicher Hauch von tropischen Fr\u00fcchten und S\u00fc\u00dfigkeiten, w\u00e4hrend du beim Ausatmen einen anhaltenden und sanften Nachgeschmack genie\u00dft, der das Gef\u00fchl vermittelt, eine exquisite Delikatesse probiert zu haben.<\/p>\n\n\n\n<p>Die Wirkung von <strong>Sugar Candy<\/strong> ist ebenso beeindruckend. Mit einem <strong>THC<\/strong>-Gehalt von bis zu 25% liefert diese Strain eine kraftvolle Welle der Euphorie, die deinen K\u00f6rper mit Gl\u00fcck erf\u00fcllt. Ihre Wirkungen sind \u00fcberwiegend zerebral und machen dich kichernd und gespr\u00e4chig \u2013 perfekt, um zu sozialisieren und gute Zeiten mit Freunden zu genie\u00dfen. Zudem sorgt ihr niedriger <strong>CBD<\/strong>-Gehalt (unter 1%) daf\u00fcr, dass die psychoaktiven Effekte im Vordergrund stehen und eine intensive und angenehme Erfahrung bieten.<\/p>\n\n\n\n<h3 class=\"wp-block-heading\">Terpene von Sugar Candy<\/h3>\n\n\n\n<p>Die <strong>Sugar Candy<\/strong> besticht nicht nur durch ihre Potenz und ihren Geschmack, sondern auch durch ihr einzigartiges Terpenprofil. Das dominante Terpen ist <strong>Caryophyllen<\/strong>, das ein w\u00fcrziges und pfeffriges Aroma verleiht, das perfekt mit den s\u00fc\u00dfen und fruchtigen Noten der Pflanze harmoniert. Dieses Terpen ist auch bekannt f\u00fcr seine entz\u00fcndungshemmenden und schmerzlindernden Eigenschaften, die helfen k\u00f6nnen, Schmerzen und Entz\u00fcndungen zu lindern.<\/p>\n\n\n\n<p>Zus\u00e4tzlich sind <strong>Limonen<\/strong> und <strong>Linalool<\/strong> in geringeren Mengen vorhanden, spielen aber eine entscheidende Rolle im Aroma und den Effekten von <strong>Sugar Candy<\/strong>. Limonen verleiht frische Zitrusnoten, hebt die Stimmung und reduziert Stress, w\u00e4hrend Linalool einen floralen und lavendelartigen Touch bietet, der f\u00fcr seine entspannenden und angstl\u00f6senden Eigenschaften bekannt ist.<\/p>\n\n\n\n<p>Dank dieses komplexen Terpenprofils ist der Konsum von <strong>Sugar Candy<\/strong> nicht nur ein sinnliches Vergn\u00fcgen, sondern auch vorteilhaft f\u00fcr dein Wohlbefinden, da er dir hilft, zu entspannen und den Moment mit einem L\u00e4cheln im Gesicht zu genie\u00dfen.<\/p>\n\n\n\n<h2 class=\"wp-block-heading\">Ertrag und Bl\u00fctezeit<\/h2>\n\n\n\n<p>Der <strong>Ertrag von Sugar Candy<\/strong> ist beeindruckend, sowohl in Innen- als auch in Au\u00dfenzucht. In Innenr\u00e4umen kann mit einem guten 300-350W LED-Panel eine Ernte von bis zu 600 Gramm pro Quadratmeter erzielt werden. Dies macht sie zu einer ausgezeichneten Wahl f\u00fcr diejenigen, die ihren Ertrag in kontrollierten R\u00e4umen maximieren m\u00f6chten. Im Freien zeigt diese Strain ihr volles Potenzial und erreicht Ernten von bis zu 1500 Gramm pro Pflanze unter optimalen Bedingungen.<\/p>\n\n\n\n<p>Die <strong>Bl\u00fctezeit von Sugar Candy<\/strong> ist ebenfalls bemerkenswert schnell. In Innenr\u00e4umen, von der Umstellung des Photoperioden auf Bl\u00fcte, ist die Ernte in nur 50-55 Tagen bereit. Dies erm\u00f6glicht den Z\u00fcchtern, schnelle Ergebnisse zu erzielen, ohne die Qualit\u00e4t oder Menge der Ernte zu opfern. Im Freien beginnt die Bl\u00fcte Anfang August und die Ernte ist Ende September bereit, was sie ideal f\u00fcr Gebiete mit kurzen Sommern macht.<\/p>\n\n\n\n<p>Zusammenfassend l\u00e4sst sich sagen, dass <strong>Sugar Candy<\/strong> eine Strain ist, die nicht nur au\u00dfergew\u00f6hnlichen Geschmack und Wirkung bietet, sondern auch eine reichliche und schnelle Produktion gew\u00e4hrleistet, egal ob du dich f\u00fcr den Innen- oder Au\u00dfenanbau entscheidest. Mit ihren dichten und harzigen Buds und einer kurzen Bl\u00fctezeit ist diese Strain perfekt f\u00fcr diejenigen, die schnelle und qualitativ hochwertige Ergebnisse suchen.<\/p>\n\n\n\n<h2 class=\"wp-block-heading\">Wie man Sugar Candy anbaut<\/h2>\n\n\n\n<p>Der Anbau von <strong>Sugar Candy<\/strong> wird sowohl f\u00fcr Anf\u00e4nger als auch f\u00fcr erfahrene Z\u00fcchter eine lohnende Erfahrung sein. Diese Strain ist sehr einfach zu handhaben, was sie zu einer idealen Wahl f\u00fcr diejenigen macht, die sich Sorgen machen, nicht genug Anbauerfahrung zu haben. Dank ihrer Sativa-Dominanz w\u00e4chst sie kr\u00e4ftig und breit, aber ohne Komplikationen.<\/p>\n\n\n\n<p><strong>Klima und Anbaubedingungen<\/strong>: Sugar Candy passt sich perfekt an verschiedene Klimazonen an, einschlie\u00dflich solcher mit kurzen Sommern. Im Freien empfehlen wir, den Anbau Anfang des Sommers zu starten, um ihr Wachstumspotenzial voll auszusch\u00f6pfen. Diese Pflanze kann bis zu 3 Meter hoch werden und entwickelt lange Zweige, die enorme Buds tragen. In Innenr\u00e4umen ist es ratsam, Techniken wie das Topping oder den SCROG-Anbau zu verwenden, um ihr Wachstum zu kontrollieren und die Produktion zu maximieren.<\/p>\n\n\n\n<p><strong>Resistenz gegen Sch\u00e4dlinge und Krankheiten<\/strong>: Sugar Candy ist eine robuste und widerstandsf\u00e4hige Strain. Sie hat eine gute Resistenz gegen Schimmel und Sch\u00e4dlinge, was den Anbau unter verschiedenen Bedingungen erleichtert, ohne dass \u00fcberm\u00e4\u00dfige Pflege erforderlich ist. Es wird jedoch immer empfohlen, eine saubere und kontrollierte Anbauumgebung zu erhalten, um Probleme zu vermeiden.<\/p>\n\n\n\n<div style=\"height:50px\" aria-hidden=\"true\" class=\"wp-block-spacer uag-hide-mob\"><\/div>\n\n\n\n<div class=\"wp-block-columns is-layout-flex wp-container-core-columns-is-layout-28f84493 wp-block-columns-is-layout-flex\">\n<div class=\"wp-block-column is-layout-flow wp-block-column-is-layout-flow\">\n<p class=\"has-text-align-center has-medium-font-size\"><strong>Was wir am meisten m\u00f6gen<\/strong><\/p>\n\n\n\n<ul class=\"wp-block-list\">\n<li>Sehr einfach zu z\u00fcchten, ideal f\u00fcr Anf\u00e4nger.<\/li>\n\n\n\n<li>XXL-Ertr\u00e4ge drinnen und drau\u00dfen.<\/li>\n\n\n\n<li>Sehr schnelle Bl\u00fctezeit.<\/li>\n\n\n\n<li>Extra s\u00fc\u00dfer und k\u00f6stlicher Geschmack.<\/li>\n\n\n\n<li>Sehr gl\u00fcckliche und kichernde Effekte.<\/li>\n<\/ul>\n<\/div>\n\n\n\n<div class=\"wp-block-column is-layout-flow wp-block-column-is-layout-flow\">\n<p class=\"has-text-align-center has-medium-font-size\"><strong>Was wir am wenigsten m\u00f6gen<\/strong><\/p>\n\n\n\n<ul class=\"wp-block-list\">\n<li>W\u00e4hrend der Bl\u00fctezeit ist sie ziemlich geruchsintensiv, was m\u00f6glicherweise Filtersysteme erfordert.<\/li>\n<\/ul>\n<\/div>\n<\/div>\n\n\n\n<div style=\"height:50px\" aria-hidden=\"true\" class=\"wp-block-spacer uag-hide-mob\"><\/div>\n\n\n\n<h2 class=\"wp-block-heading\">H\u00e4ufig gestellte Fragen<\/h2>\n\n\n\n<p>Im Folgenden findest du die Antworten auf die h\u00e4ufigsten Fragen, die uns von Z\u00fcchtern zu diesen g\u00fcnstigen Samen gestellt werden:<\/p>\n\n\n<div id=\"rank-math-faq\" class=\"rank-math-block\">\n<div class=\"rank-math-list \">\n<div id=\"faq-question-1663029074962\" class=\"rank-math-list-item\">\n<h3 class=\"rank-math-question \">Wann beginnt die Sugar Candy im Freien zu bl\u00fchen?<\/h3>\n<div class=\"rank-math-answer \">\n\n<p>Im Freien beginnt die Sugar Candy ihre Bl\u00fctephase in den ersten beiden Augustwochen. Diese Strain ist f\u00fcr ihre schnelle Bl\u00fcte bekannt und daher ideal f\u00fcr Gebiete mit kurzen Sommern.<\/p>\n\n<\/div>\n<\/div>\n<div id=\"faq-question-1663029159933\" class=\"rank-math-list-item\">\n<h3 class=\"rank-math-question \">Wann sollte man eine Sugar Candy im Freien ernten?<\/h3>\n<div class=\"rank-math-answer \">\n\n<p>Die Sugar Candy hat eine sehr kurze Bl\u00fctezeit und wird Ende September geerntet. Dies erm\u00f6glicht reichliche Ernten, bevor die ersten Fr\u00f6ste eintreten, und garantiert die h\u00f6chste Qualit\u00e4t der Buds.<\/p>\n\n<\/div>\n<\/div>\n<div id=\"faq-question-1663029165861\" class=\"rank-math-list-item\">\n<h3 class=\"rank-math-question \">Wie baut man eine feminisierte Sugar Candy an?<\/h3>\n<div class=\"rank-math-answer \">\n\n<p>F\u00fcr den Anbau von Sugar Candy im Innenbereich empfehlen wir Techniken wie das Topping oder den SCROG-Anbau, um ihr Wachstum zu kontrollieren. Von der Umstellung des Photoperioden auf Bl\u00fcte ist sie in nur 50-55 Tagen erntereif. Achte darauf, eine saubere und gut bel\u00fcftete Anbauumgebung zu erhalten, um die besten Ergebnisse zu erzielen.<\/p>\n\n<\/div>\n<\/div>\n<div id=\"faq-question-1666780029954\" class=\"rank-math-list-item\">\n<h3 class=\"rank-math-question \">Welche Effekte hat die Sugar Candy in gro\u00dfen Mengen?<\/h3>\n<div class=\"rank-math-answer \">\n\n<p>Die Effekte der Sugar Candy sind sehr stark und gl\u00fccklich. Mit einem THC-Gehalt von bis zu 25% liefert diese Strain eine Welle der Euphorie und des Gl\u00fccks, die dich kichernd und gespr\u00e4chig macht. Sie ist perfekt, um zu sozialisieren und gute Zeiten mit Freunden zu genie\u00dfen.<\/p>\n\n<\/div>\n<\/div>\n<div id=\"faq-question-1721139774539\" class=\"rank-math-list-item\">\n<h3 class=\"rank-math-question \">Wie schmeckt die Sugar Candy?<\/h3>\n<div class=\"rank-math-answer \">\n\n<p>Der Geschmack der Sugar Candy ist eine k\u00f6stliche Kombination aus Mango, Honigkaramell und Lakritz, mit subtilen Noten von Butterkeksen und Lavendel. Dieses s\u00fc\u00dfe und fruchtige Geschmacksprofil macht sie zu einer der leckersten Strains auf dem Markt.<\/p>\n\n<\/div>\n<\/div>\n<div id=\"faq-question-1721139829128\" class=\"rank-math-list-item\">\n<h3 class=\"rank-math-question \">Ist Sugar Candy sativa oder indica?<\/h3>\n<div class=\"rank-math-answer \">\n\n<p>Sugar Candy ist eine \u00fcberwiegend <strong>sativa<\/strong> Strain mit einem Verh\u00e4ltnis von 60% Sativa und 40% Indica. Sativa-Strains zeichnen sich typischerweise durch ihr hohes und schlankes Wachstum mit schmalen und langen Bl\u00e4ttern aus. Sie liefern einen zerebralen und energetisierenden Effekt, perfekt f\u00fcr Aktivit\u00e4ten am Tag. Im Gegensatz dazu sind Indica-Strains kompakter und robuster mit breiten Bl\u00e4ttern und bieten eine entspannende K\u00f6rperwirkung, ideal f\u00fcr die Nacht. Sugar Candy kombiniert das Beste aus beiden Welten und bietet eine ausgewogene und vielseitige Erfahrung.<\/p>\n\n<\/div>\n<\/div>\n<\/div>\n<\/div>","protected":false},"excerpt":{"rendered":"<p><b>Sugar Candy<\/b> ist die perfekte Wahl f\u00fcr diejenigen, die ein s\u00fc\u00dfes und kr\u00e4ftiges Erlebnis suchen. Mit einer <strong>schnellen Bl\u00fctezeit<\/strong> und einer <strong>XXL-Ernte<\/strong> bietet diese Strain <strong>euphorische und kichernde Effekte<\/strong>, ideal f\u00fcr jeden Moment. Entdecke den unvergleichlichen Geschmack von Mango und Karamell mit beeindruckenden Ergebnissen in jedem Anbau!<\/p>\n","protected":false},"featured_media":10795,"comment_status":"open","ping_status":"closed","template":"","meta":{"_acf_changed":false,"inline_featured_image":false,"_uag_custom_page_level_css":""},"product_brand":[],"product_cat":[1097],"product_tag":[],"class_list":{"0":"post-9953","1":"product","2":"type-product","3":"status-publish","4":"has-post-thumbnail","6":"product_cat-feminisierte-cannabis-samen","8":"first","9":"outofstock","10":"taxable","11":"shipping-taxable","12":"purchasable","13":"product-type-simple"},"acf":[],"uagb_featured_image_src":{"full":["https:\/\/bulkgenetics.com\/wp-content\/uploads\/2022\/09\/sugar-candy-feminizada-granel.jpg",1600,1600,false],"thumbnail":["https:\/\/bulkgenetics.com\/wp-content\/uploads\/2022\/09\/sugar-candy-feminizada-granel-150x150.jpg",150,150,true],"medium":["https:\/\/bulkgenetics.com\/wp-content\/uploads\/2022\/09\/sugar-candy-feminizada-granel-300x300.jpg",300,300,true],"medium_large":["https:\/\/bulkgenetics.com\/wp-content\/uploads\/2022\/09\/sugar-candy-feminizada-granel-768x768.jpg",768,768,true],"large":["https:\/\/bulkgenetics.com\/wp-content\/uploads\/2022\/09\/sugar-candy-feminizada-granel-1024x1024.jpg",1024,1024,true],"1536x1536":["https:\/\/bulkgenetics.com\/wp-content\/uploads\/2022\/09\/sugar-candy-feminizada-granel-1536x1536.jpg",1536,1536,true],"2048x2048":["https:\/\/bulkgenetics.com\/wp-content\/uploads\/2022\/09\/sugar-candy-feminizada-granel.jpg",1600,1600,false],"commercegurus-pdp-large":["https:\/\/bulkgenetics.com\/wp-content\/uploads\/2022\/09\/sugar-candy-feminizada-granel-990x990.jpg",990,990,true],"commercegurus-plp-mobile":["https:\/\/bulkgenetics.com\/wp-content\/uploads\/2022\/09\/sugar-candy-feminizada-granel-441x441.jpg",441,441,true],"cgkit_image_swatch":["https:\/\/bulkgenetics.com\/wp-content\/uploads\/2022\/09\/sugar-candy-feminizada-granel-100x100.jpg",100,100,true],"woocommerce_thumbnail":["https:\/\/bulkgenetics.com\/wp-content\/uploads\/2022\/09\/sugar-candy-feminizada-granel-300x300.jpg",300,300,true],"woocommerce_single":["https:\/\/bulkgenetics.com\/wp-content\/uploads\/2022\/09\/sugar-candy-feminizada-granel-800x800.jpg",800,800,true],"woocommerce_gallery_thumbnail":["https:\/\/bulkgenetics.com\/wp-content\/uploads\/2022\/09\/sugar-candy-feminizada-granel-150x150.jpg",150,150,true],"dgwt-wcas-product-suggestion":["https:\/\/bulkgenetics.com\/wp-content\/uploads\/2022\/09\/sugar-candy-feminizada-granel-64x64.jpg",64,64,true]},"uagb_author_info":{"display_name":"Bruno Crespo","author_link":"https:\/\/bulkgenetics.com\/de\/author\/"},"uagb_comment_info":0,"uagb_excerpt":"Sugar Candy ist die perfekte Wahl f\u00fcr diejenigen, die ein s\u00fc\u00dfes und kr\u00e4ftiges Erlebnis suchen. Mit einer schnellen Bl\u00fctezeit und einer XXL-Ernte bietet diese Strain euphorische und kichernde Effekte, ideal f\u00fcr jeden Moment. Entdecke den unvergleichlichen Geschmack von Mango und Karamell mit beeindruckenden Ergebnissen in jedem Anbau!","_links":{"self":[{"href":"https:\/\/bulkgenetics.com\/de\/wp-json\/wp\/v2\/product\/9953","targetHints":{"allow":["GET"]}}],"collection":[{"href":"https:\/\/bulkgenetics.com\/de\/wp-json\/wp\/v2\/product"}],"about":[{"href":"https:\/\/bulkgenetics.com\/de\/wp-json\/wp\/v2\/types\/product"}],"replies":[{"embeddable":true,"href":"https:\/\/bulkgenetics.com\/de\/wp-json\/wp\/v2\/comments?post=9953"}],"wp:featuredmedia":[{"embeddable":true,"href":"https:\/\/bulkgenetics.com\/de\/wp-json\/wp\/v2\/media\/10795"}],"wp:attachment":[{"href":"https:\/\/bulkgenetics.com\/de\/wp-json\/wp\/v2\/media?parent=9953"}],"wp:term":[{"taxonomy":"product_brand","embeddable":true,"href":"https:\/\/bulkgenetics.com\/de\/wp-json\/wp\/v2\/product_brand?post=9953"},{"taxonomy":"product_cat","embeddable":true,"href":"https:\/\/bulkgenetics.com\/de\/wp-json\/wp\/v2\/product_cat?post=9953"},{"taxonomy":"product_tag","embeddable":true,"href":"https:\/\/bulkgenetics.com\/de\/wp-json\/wp\/v2\/product_tag?post=9953"}],"curies":[{"name":"wp","href":"https:\/\/api.w.org\/{rel}","templated":true}]}}