{"id":9956,"date":"2022-09-30T17:38:19","date_gmt":"2022-09-30T15:38:19","guid":{"rendered":"https:\/\/www.bulkgenetics.com\/blaues-gelato-41\/"},"modified":"2024-10-08T01:14:02","modified_gmt":"2024-10-07T23:14:02","slug":"blue-gelato-41","status":"publish","type":"product","link":"https:\/\/bulkgenetics.com\/de\/blue-gelato-41\/","title":{"rendered":"Blue Gelato 41"},"content":{"rendered":"\n<p>Blue Gelato 41 ist eine Sorte mit einer beeindruckenden Geschichte und genetischem Ursprung, die dich sprachlos machen wird. Entwickelt von der renommierten niederl\u00e4ndischen Samenbank Barney\u2019s Farm, ist diese Strain das Ergebnis einer meisterhaften Kreuzung zwischen zwei Legenden der Cannabiswelt: <a href=\"https:\/\/bulkgenetics.com\/de\/blueberry\/\"><strong>Blueberry<\/strong><\/a> und <strong>Gelato 41<\/strong>. Obwohl urspr\u00fcnglich in den USA entwickelt, erreichte Blueberry ihren mythischen Status in den Niederlanden und bringt immer diesen k\u00f6stlichen Beerengeschmack, den wir alle lieben. Gelato 41 kombiniert hingegen die fruchtige S\u00fc\u00dfe von <a href=\"https:\/\/bulkgenetics.com\/de\/sherbet\/\"><strong>Sunset Sherbert<\/strong><\/a> und <a href=\"https:\/\/bulkgenetics.com\/de\/girl-scout-cookies\/\"><strong>Girl Scout Cookies<\/strong><\/a>, wodurch eine Fusion von Aromen und Effekten entsteht, die einfach unwiderstehlich ist.<\/p>\n\n\n\n<p>Diese indica-dominante Pflanze hat eine robuste und kompakte Struktur, ideal f\u00fcr den Innen- und Au\u00dfenanbau. Ihre Buds sind gro\u00df, dicht und superkompakt, \u00fcberzogen mit einer dicken Harzschicht, die praktisch tropft. Es ist nicht ungew\u00f6hnlich, dass viele Ph\u00e4notypen blaue und violette Bl\u00fcten zeigen, was jedem Grow ein spektakul\u00e4res visuelles Highlight verleiht.<\/p>\n\n\n\n<h2 class=\"wp-block-heading\">Geschmack und Effekte<\/h2>\n\n\n\n<p>Blue Gelato 41 hat ein unvergleichliches Aroma und einen Geschmack. Diese Strain kombiniert die deutlichen Blaubeernoten der Blueberry mit den zitrusartigen, s\u00fc\u00dfen und kr\u00e4uterigen Noten von Gelato. Stell dir ein Geschmacksprofil vor, das eine tropische Fruchtexplosion heraufbeschw\u00f6rt, mit einem s\u00fc\u00dfen und kr\u00e4uterigen Nachklang, der auf dem Gaumen verweilt. Vom ersten Moment an genie\u00dft du ein sensorisches Erlebnis, das dich immer wieder zur\u00fcckkommen l\u00e4sst.<\/p>\n\n\n\n<p>Was die Effekte betrifft, ist Blue Gelato 41 bekannt daf\u00fcr, eine kraftvolle Kombination aus Energie und Entspannung zu bieten. Mit einem THC-Gehalt zwischen 15% und 20% liefert diese Sorte einen anf\u00e4nglichen Schub von Euphorie und geistiger Klarheit, perfekt f\u00fcr jede Tageszeit. Mit fortschreitenden Effekten wirst du eine tiefe und beruhigende Entspannung im ganzen K\u00f6rper sp\u00fcren, ideal zum Abbau von Stress und angesammelten Spannungen. Der CBD-Gehalt ist niedrig, unter 1%, was die psychoaktiven Effekte des THC st\u00e4rker zur Geltung bringt.<\/p>\n\n\n\n<h3 class=\"wp-block-heading\">Terpene von Blue Gelato 41<\/h3>\n\n\n\n<p>Die Terpene von Blue Gelato 41 sind verantwortlich f\u00fcr ihre einzigartigen Aromen und Effekte. Das dominierende Terpen ist <strong>Pinene<\/strong>, das ein erfrischendes Kiefernaroma beisteuert und f\u00fcr seine entz\u00fcndungshemmenden Eigenschaften sowie seine F\u00e4higkeit, das Ged\u00e4chtnis und die Wachsamkeit zu verbessern, bekannt ist. Ein weiteres herausragendes Terpen ist <strong>Caryophyllene<\/strong> mit seinem charakteristischen Pfefferaroma, das ebenfalls als starkes entz\u00fcndungshemmendes und schmerzlinderndes Mittel wirkt.<\/p>\n\n\n\n<p>Schlie\u00dflich bringt <strong>Limonene<\/strong> die zitrusartigen Noten, die Blue Gelato 41 auszeichnen. Dieses Terpen bietet nicht nur ein erfrischendes Aroma, sondern ist auch f\u00fcr seine stimmungsaufhellenden Effekte und seine F\u00e4higkeit, Angst und Stress zu bek\u00e4mpfen, bekannt.<\/p>\n\n\n\n<p>Insgesamt verbessern diese Terpene nicht nur das Geschmacks- und Aromaprofil von Blue Gelato 41, sondern tragen auch zu den therapeutischen und Freizeiteffekten dieser unglaublichen Sorte bei. Genie\u00dfe ein vollst\u00e4ndiges Erlebnis mit jedem Zug, von den Aromen bis zu den entspannenden und belebenden Effekten.<\/p>\n\n\n\n<h2 class=\"wp-block-heading\">Ertrag und Bl\u00fctezeit<\/h2>\n\n\n\n<p>Blue Gelato 41 ist nicht nur f\u00fcr ihren Geschmack und ihre Effekte bekannt, sondern auch f\u00fcr ihren gro\u00dfz\u00fcgigen Ertrag. Im Innenanbau kann diese Sorte zwischen <strong>450 und 550 Gramm pro Quadratmeter<\/strong> liefern, was eine reichliche Ernte verspricht, die jeden Grow lohnenswert macht. Die Bl\u00fctezeit im Innenbereich ist relativ kurz, etwa <strong>63 bis 70 Tage<\/strong>, sodass die Grower ihre Ertr\u00e4ge ohne lange Wartezeiten genie\u00dfen k\u00f6nnen.<\/p>\n\n\n\n<p>F\u00fcr diejenigen, die den Anbau im Freien bevorzugen, ist Blue Gelato 41 ebenfalls eine ausgezeichnete Wahl. Unter optimalen Bedingungen kann diese Pflanze zwischen <strong>700 und 900 Gramm pro Pflanze<\/strong> produzieren und erreicht ihren Produktionsh\u00f6hepunkt Anfang bis Mitte Oktober. Die H\u00f6he der Pflanze im Freien kann zwischen <strong>2 und 2,5 Metern<\/strong> variieren, was eine diskrete, aber reichliche Ernte erm\u00f6glicht.<\/p>\n\n\n\n<p>Zusammenfassend l\u00e4sst sich sagen, dass Blue Gelato 41 sowohl im Innen- als auch im Au\u00dfenbereich eine gro\u00dfz\u00fcgige Produktion bietet, mit einer relativ kurzen Bl\u00fctezeit, die den Growern eine schnelle und reichhaltige Ernte erm\u00f6glicht. Ob du nun in einem begrenzten Raum oder im Freien anbaust, Blue Gelato 41 passt sich perfekt an und garantiert eine lohnende und produktive Anbauerfahrung.<\/p>\n\n\n\n<h2 class=\"wp-block-heading\">Wie Man Blue Gelato 41 Anbaut<\/h2>\n\n\n\n<p>Blue Gelato 41 ist eine dieser Sorten, die den Anbau zu einer lohnenden Erfahrung f\u00fcr alle macht. Die <strong>Anbauschwierigkeit<\/strong> ist relativ gering, was sie sowohl f\u00fcr Anf\u00e4nger als auch f\u00fcr erfahrene Grower zu einer idealen Wahl macht. Sie ist keine anspruchsvolle Pflanze und passt sich gut an verschiedene Anbaumethoden an, was es einfach macht, au\u00dfergew\u00f6hnliche Ergebnisse zu erzielen.<\/p>\n\n\n\n<p>Bez\u00fcglich des <strong>geeigneten Klimas und der Anbaubedingungen<\/strong> bevorzugt Blue Gelato 41 trockene und sonnige Klimazonen, \u00e4hnlich dem Mittelmeerklima. Sie zeigt jedoch auch eine bemerkenswerte Widerstandsf\u00e4higkeit in gem\u00e4\u00dfigten und sogar k\u00fchleren Klimazonen, was sie sehr vielseitig macht. Es ist wichtig, f\u00fcr eine gute Luftzirkulation zu sorgen und w\u00e4hrend der Bl\u00fctephase eine trockene Umgebung zu erhalten, um Schimmelprobleme zu vermeiden.<\/p>\n\n\n\n<p>Ein weiterer herausragender Vorteil von Blue Gelato 41 ist ihre <strong>Widerstandsf\u00e4higkeit gegen Sch\u00e4dlinge und Krankheiten<\/strong>. Diese Sorte ist robust und kann Umwelteinfl\u00fcsse gut verkraften, was den Bedarf an st\u00e4ndigen Eingriffen reduziert. Dennoch ist es immer ratsam, auf m\u00f6gliche Probleme zu achten und pr\u00e4ventive Ma\u00dfnahmen zu ergreifen, wenn n\u00f6tig.<\/p>\n\n\n\n<div style=\"height:50px\" aria-hidden=\"true\" class=\"wp-block-spacer uag-hide-mob\"><\/div>\n\n\n\n<div class=\"wp-block-columns is-layout-flex wp-container-core-columns-is-layout-28f84493 wp-block-columns-is-layout-flex\">\n<div class=\"wp-block-column is-layout-flow wp-block-column-is-layout-flow\">\n<p class=\"has-text-align-center has-medium-font-size\"><strong>Was wir am meisten m\u00f6gen<\/strong><\/p>\n\n\n\n<ul class=\"wp-block-list\">\n<li>Einfach zu z\u00fcchten und widerstandsf\u00e4hig.<\/li>\n\n\n\n<li>K\u00f6stlicher s\u00fc\u00dfer und fruchtiger Geschmack.<\/li>\n\n\n\n<li>Intensive und langanhaltende Effekte.<\/li>\n\n\n\n<li>Hohe Produktion sowohl im Innen- als auch im Au\u00dfenbereich.<\/li>\n<\/ul>\n<\/div>\n\n\n\n<div class=\"wp-block-column is-layout-flow wp-block-column-is-layout-flow\">\n<p class=\"has-text-align-center has-medium-font-size\"><strong>Was uns weniger gef\u00e4llt<\/strong><\/p>\n\n\n\n<ul class=\"wp-block-list\">\n<li>W\u00e4hrend der Bl\u00fctezeit kann sie sehr geruchsintensiv sein.<\/li>\n\n\n\n<li>Aufgrund des Gewichts der Buds kann Unterst\u00fctzung f\u00fcr die Zweige erforderlich sein.<\/li>\n<\/ul>\n<\/div>\n<\/div>\n\n\n\n<div style=\"height:50px\" aria-hidden=\"true\" class=\"wp-block-spacer uag-hide-mob\"><\/div>\n\n\n\n<h2 class=\"wp-block-heading\">H\u00e4ufig gestellte Fragen zu Blue Gelato 41<\/h2>\n\n\n\n<p>Wenn du an dieser Sorte interessiert bist, m\u00f6chtest du vielleicht die Antworten auf einige der h\u00e4ufigsten Fragen dazu kennen.<\/p>\n\n\n<div id=\"rank-math-faq\" class=\"rank-math-block\">\n<div class=\"rank-math-list \">\n<div id=\"faq-question-1663029074962\" class=\"rank-math-list-item\">\n<h3 class=\"rank-math-question \">Wann beginnt Blue Gelato 41 im Freien zu bl\u00fchen?<\/h3>\n<div class=\"rank-math-answer \">\n\n<p>Blue Gelato 41 beginnt ihre Bl\u00fcte im Freien zwischen Ende Juli und Anfang August. Diese Zeit ist entscheidend, um eine optimale und reichliche Ernte sicherzustellen.<\/p>\n\n<\/div>\n<\/div>\n<div id=\"faq-question-1663029159933\" class=\"rank-math-list-item\">\n<h3 class=\"rank-math-question \">Wann sollte man eine Blue Gelato 41 im Freien ernten?<\/h3>\n<div class=\"rank-math-answer \">\n\n<p>Die Ernte von Blue Gelato 41 im Freien erfolgt zwischen Anfang und Mitte Oktober. Ihre relativ kurze Bl\u00fctezeit erm\u00f6glicht es den Growern, ihre Buds in relativ kurzer Zeit zu genie\u00dfen.<\/p>\n\n<\/div>\n<\/div>\n<div id=\"faq-question-1663029165861\" class=\"rank-math-list-item\">\n<h3 class=\"rank-math-question \">Wie baut man eine feminisierte Blue Gelato 41 an?<\/h3>\n<div class=\"rank-math-answer \">\n\n<p>Blue Gelato 41 ist eine einfach zu z\u00fcchtende und sehr widerstandsf\u00e4hige Sorte, sowohl im Innen- als auch im Au\u00dfenbereich. Sie bevorzugt sonnige und trockene Klimazonen mit einem trockenen Herbstbeginn, um Schimmelprobleme zu vermeiden. Im Innenbereich passt sie sich gut an verschiedene Anbautechniken wie SOG und SCROG an.<\/p>\n\n<\/div>\n<\/div>\n<div id=\"faq-question-1666706877721\" class=\"rank-math-list-item\">\n<h3 class=\"rank-math-question \">Welche Effekte hat Blue Gelato 41 in gro\u00dfen Mengen?<\/h3>\n<div class=\"rank-math-answer \">\n\n<p>Die Effekte von Blue Gelato 41 sind eine Mischung aus anf\u00e4nglicher Energie und tiefer Entspannung. Sie liefert eine klare und mentale Euphorie, gefolgt von einer intensiven k\u00f6rperlichen Entspannung, ideal zur Stress- und Spannungsabbau.<\/p>\n\n<\/div>\n<\/div>\n<div id=\"faq-question-1721314296390\" class=\"rank-math-list-item\">\n<h3 class=\"rank-math-question \">Ist Blue Gelato 41 eine Sativa oder Indica?<\/h3>\n<div class=\"rank-math-answer \">\n\n<p>Blue Gelato 41 ist eine indica-dominante Sorte, bestehend aus etwa 60% Indica und 40% Sativa. Indica-Sorten neigen dazu, eine entspannendere und beruhigendere Wirkung zu haben, ideal f\u00fcr den n\u00e4chtlichen Gebrauch oder zur Linderung von Stress und Schmerzen. Sativa-Sorten hingegen bieten in der Regel einen energetischeren und geistig anregenderen Rausch, geeignet f\u00fcr den t\u00e4glichen Gebrauch. Blue Gelato 41 vereint das Beste aus beiden Welten und bietet eine tiefe Entspannung mit einem Hauch von Euphorie und geistiger Klarheit.<\/p>\n\n<\/div>\n<\/div>\n<div id=\"faq-question-1721314300413\" class=\"rank-math-list-item\">\n<h3 class=\"rank-math-question \">Wie schmeckt Blue Gelato 41?<\/h3>\n<div class=\"rank-math-answer \">\n\n<p>Blue Gelato 41 kombiniert die Blaubeeraromen von Blueberry mit den zitrusartigen, s\u00fc\u00dfen und kr\u00e4uterigen Noten von Gelato. Das Ergebnis ist ein tropisches, s\u00fc\u00dfes und erfrischendes Geschmacksprofil, das auf dem Gaumen verweilt.<\/p>\n\n<\/div>\n<\/div>\n<div id=\"faq-question-1721314301506\" class=\"rank-math-list-item\">\n<h3 class=\"rank-math-question \">Wie hoch ist der Cannabinoidgehalt von Blue Gelato 41?<\/h3>\n<div class=\"rank-math-answer \">\n\n<p>Blue Gelato 41 hat einen THC-Gehalt, der zwischen 15% und 20% liegt, und bietet starke und langanhaltende Effekte. Der CBD-Gehalt ist niedrig, unter 1%, was die psychoaktiven Effekte des THC verst\u00e4rkt.<\/p>\n\n<\/div>\n<\/div>\n<div id=\"faq-question-1721314302887\" class=\"rank-math-list-item\">\n<h3 class=\"rank-math-question \">Welche Kreuzung ist Blue Gelato 41?<\/h3>\n<div class=\"rank-math-answer \">\n\n<p>Blue Gelato 41 ist eine Kreuzung zwischen Blueberry und Gelato 41, die wiederum Sunset Sherbert und Girl Scout Cookies kombiniert. Diese genetische Kombination verleiht ihr ihr einzigartiges Geschmacksprofil und ihre ausgewogenen Effekte.<\/p>\n\n<\/div>\n<\/div>\n<\/div>\n<\/div>","protected":false},"excerpt":{"rendered":"<p><b>Blue Gelato 41<\/b> bietet eine perfekte Kombination aus <strong>s\u00fc\u00dfem, fruchtigem Geschmack und intensiven, entspannenden Effekten<\/strong>. Ideal f\u00fcr Grower aller Erfahrungsstufen, garantiert diese widerstandsf\u00e4hige Sorte <strong>reiche Ernten<\/strong> und eine lohnende Anbauerfahrung. Genie\u00dfe einen anf\u00e4nglichen Euphorie-High, gefolgt von tiefer, beruhigender Entspannung.<\/p>\n","protected":false},"featured_media":9088,"comment_status":"open","ping_status":"closed","template":"","meta":{"_acf_changed":false,"inline_featured_image":false,"_uag_custom_page_level_css":""},"product_brand":[],"product_cat":[1097],"product_tag":[],"class_list":{"0":"post-9956","1":"product","2":"type-product","3":"status-publish","4":"has-post-thumbnail","6":"product_cat-feminisierte-cannabis-samen","8":"first","9":"outofstock","10":"taxable","11":"shipping-taxable","12":"purchasable","13":"product-type-simple"},"acf":[],"uagb_featured_image_src":{"full":["https:\/\/bulkgenetics.com\/wp-content\/uploads\/2022\/09\/Blue-Gelato-41.jpg",1600,1600,false],"thumbnail":["https:\/\/bulkgenetics.com\/wp-content\/uploads\/2022\/09\/Blue-Gelato-41-150x150.jpg",150,150,true],"medium":["https:\/\/bulkgenetics.com\/wp-content\/uploads\/2022\/09\/Blue-Gelato-41-300x300.jpg",300,300,true],"medium_large":["https:\/\/bulkgenetics.com\/wp-content\/uploads\/2022\/09\/Blue-Gelato-41-768x768.jpg",768,768,true],"large":["https:\/\/bulkgenetics.com\/wp-content\/uploads\/2022\/09\/Blue-Gelato-41-1024x1024.jpg",1024,1024,true],"1536x1536":["https:\/\/bulkgenetics.com\/wp-content\/uploads\/2022\/09\/Blue-Gelato-41-1536x1536.jpg",1536,1536,true],"2048x2048":["https:\/\/bulkgenetics.com\/wp-content\/uploads\/2022\/09\/Blue-Gelato-41.jpg",1600,1600,false],"commercegurus-pdp-large":["https:\/\/bulkgenetics.com\/wp-content\/uploads\/2022\/09\/Blue-Gelato-41-990x990.jpg",990,990,true],"commercegurus-plp-mobile":["https:\/\/bulkgenetics.com\/wp-content\/uploads\/2022\/09\/Blue-Gelato-41-441x441.jpg",441,441,true],"cgkit_image_swatch":["https:\/\/bulkgenetics.com\/wp-content\/uploads\/2022\/09\/Blue-Gelato-41-100x100.jpg",100,100,true],"woocommerce_thumbnail":["https:\/\/bulkgenetics.com\/wp-content\/uploads\/2022\/09\/Blue-Gelato-41-300x300.jpg",300,300,true],"woocommerce_single":["https:\/\/bulkgenetics.com\/wp-content\/uploads\/2022\/09\/Blue-Gelato-41-800x800.jpg",800,800,true],"woocommerce_gallery_thumbnail":["https:\/\/bulkgenetics.com\/wp-content\/uploads\/2022\/09\/Blue-Gelato-41-150x150.jpg",150,150,true],"dgwt-wcas-product-suggestion":["https:\/\/bulkgenetics.com\/wp-content\/uploads\/2022\/09\/Blue-Gelato-41-64x64.jpg",64,64,true]},"uagb_author_info":{"display_name":"Bruno Crespo","author_link":"https:\/\/bulkgenetics.com\/de\/author\/"},"uagb_comment_info":0,"uagb_excerpt":"Blue Gelato 41 bietet eine perfekte Kombination aus s\u00fc\u00dfem, fruchtigem Geschmack und intensiven, entspannenden Effekten. Ideal f\u00fcr Grower aller Erfahrungsstufen, garantiert diese widerstandsf\u00e4hige Sorte reiche Ernten und eine lohnende Anbauerfahrung. Genie\u00dfe einen anf\u00e4nglichen Euphorie-High, gefolgt von tiefer, beruhigender Entspannung.","_links":{"self":[{"href":"https:\/\/bulkgenetics.com\/de\/wp-json\/wp\/v2\/product\/9956","targetHints":{"allow":["GET"]}}],"collection":[{"href":"https:\/\/bulkgenetics.com\/de\/wp-json\/wp\/v2\/product"}],"about":[{"href":"https:\/\/bulkgenetics.com\/de\/wp-json\/wp\/v2\/types\/product"}],"replies":[{"embeddable":true,"href":"https:\/\/bulkgenetics.com\/de\/wp-json\/wp\/v2\/comments?post=9956"}],"wp:featuredmedia":[{"embeddable":true,"href":"https:\/\/bulkgenetics.com\/de\/wp-json\/wp\/v2\/media\/9088"}],"wp:attachment":[{"href":"https:\/\/bulkgenetics.com\/de\/wp-json\/wp\/v2\/media?parent=9956"}],"wp:term":[{"taxonomy":"product_brand","embeddable":true,"href":"https:\/\/bulkgenetics.com\/de\/wp-json\/wp\/v2\/product_brand?post=9956"},{"taxonomy":"product_cat","embeddable":true,"href":"https:\/\/bulkgenetics.com\/de\/wp-json\/wp\/v2\/product_cat?post=9956"},{"taxonomy":"product_tag","embeddable":true,"href":"https:\/\/bulkgenetics.com\/de\/wp-json\/wp\/v2\/product_tag?post=9956"}],"curies":[{"name":"wp","href":"https:\/\/api.w.org\/{rel}","templated":true}]}}