{"id":9974,"date":"2022-09-30T17:39:05","date_gmt":"2022-09-30T15:39:05","guid":{"rendered":"https:\/\/www.bulkgenetics.com\/pfadfinderinnen-kekse\/"},"modified":"2026-01-03T03:54:11","modified_gmt":"2026-01-03T02:54:11","slug":"girl-scout-cookies","status":"publish","type":"product","link":"https:\/\/bulkgenetics.com\/de\/girl-scout-cookies\/","title":{"rendered":"Girl Scout Cookies"},"content":{"rendered":"\n<p><strong>Girl Scout Cookies<\/strong> ist eine der ikonischsten Strains, die aus Kalifornien kommen. Diese Cannabis-Legende entstand durch die Kombination von <a href=\"https:\/\/bulkgenetics.com\/de\/?attachment_id=11202\"><strong>Durban Poison<\/strong><\/a> und <a href=\"https:\/\/bulkgenetics.com\/de\/starksten-cannabis\/og-kush-4\/\"><strong>OG Kush<\/strong><\/a>, und hat die Herzen vieler erobert und weltweit zahlreiche Preise gewonnen.<\/p>\n\n\n\n<p>Die Gene von Girl Scout Cookies haben eine ganze Familie von Hybriden hervorgebracht, die als die <em>Cookies-Familie<\/em> bekannt ist. Der Name leitet sich von ihrem k\u00f6stlichen Geschmack ab, der an die ber\u00fchmten Kekse der amerikanischen Girl Scouts erinnert. Diese Strain wurde von vielen Samenbanken perfektioniert und angeboten, aber unsere Version zeichnet sich durch ihren erschwinglichen Preis und ihre \u00fcberragende Qualit\u00e4t aus.<\/p>\n\n\n\n<p>Diese indica-dominierte Pflanze zeichnet sich durch ihre robuste und kompakte Struktur aus, mit mittleren Internodien und intensiv gr\u00fcnen Bl\u00e4ttern. Im Freien \u00fcberschreitet sie selten zwei Meter H\u00f6he, was sie ideal f\u00fcr diejenigen macht, die Diskretion beim Anbau suchen.<\/p>\n\n\n\n<p>Die <strong>Bl\u00fcten<\/strong> von Girl Scout Cookies sind ein wahres Spektakel. Sie sind mittelgro\u00df, \u00fcberraschen durch ihre extreme H\u00e4rte und die F\u00fclle an Trichomen, die sie bedecken und ihnen das Aussehen verleihen, als w\u00e4ren sie mit Diamantenstaub bestreut. Au\u00dferdem neigen die Bl\u00fcten bei milden Temperaturen dazu, wundersch\u00f6ne violette Farbt\u00f6ne anzunehmen, was sie noch auff\u00e4lliger macht.<\/p>\n\n\n\n<h2 class=\"wp-block-heading\">Geschmack und Wirkung<\/h2>\n\n\n\n<p>Das <strong>Aroma<\/strong> von Girl Scout Cookies ist eine echte Freude f\u00fcr die Sinne. Beim \u00d6ffnen eines Glases begr\u00fc\u00dfen dich s\u00fc\u00dfe und erdige Noten, mit einem Hauch von Vanille, Minze und Kirsche. Dieses so markante Aromaprofil ist einer der Gr\u00fcnde, warum dieser Strain bei Cannabis-Kennern so beliebt ist.<\/p>\n\n\n\n<p>Was den <strong>Geschmack<\/strong> angeht, entt\u00e4uscht Girl Scout Cookies nicht. Jeder Zug entf\u00fchrt dich in eine Welt von frisch gebackenen Keksen, gemischt mit einem sanften Hauch von Vanille und Minze. Es ist, als w\u00fcrde man ein Gourmet-Dessert genie\u00dfen, mit einem Geschmack, der auf der Zunge verweilt und Lust auf mehr macht.<\/p>\n\n\n\n<p>Die <strong>Wirkung<\/strong> von Girl Scout Cookies ist ebenso beeindruckend. Mit einem THC-Gehalt zwischen 20% und 25% sorgt dieser Strain f\u00fcr ein starkes Gef\u00fchl von Gl\u00fcck und Entspannung. Mach dich bereit, eine Welle der Euphorie zu erleben, gefolgt von einer tiefen k\u00f6rperlichen Entspannung, die dich v\u00f6llig zufrieden macht. Die niedrigen CBD-Werte, etwa 0,2%, erg\u00e4nzen diese Effekte, ohne \u00fcberw\u00e4ltigend zu sein.<\/p>\n\n\n\n<h3 class=\"wp-block-heading\">Terpene von Girl Scout Cookies<\/h3>\n\n\n\n<p>Der Reichtum an <strong>Terpenen<\/strong> in Girl Scout Cookies ist einer der Schl\u00fcssel zu ihrem Erfolg. Zu den hervorstechenden geh\u00f6ren:<\/p>\n\n\n\n<ul class=\"wp-block-list\">\n<li><strong>Alpha-Pinen<\/strong>: Verleiht ein frisches Kiefernaroma und verbessert das Ged\u00e4chtnis und die geistige Wachheit.<\/li>\n\n\n\n<li><strong>Myrcen<\/strong>: Mit seinem erdigen Duft bietet es eine beruhigende Wirkung und ist bekannt f\u00fcr seine sedierenden Eigenschaften.<\/li>\n\n\n\n<li><strong>Limonen<\/strong>: Verantwortlich f\u00fcr die zitrusartigen Noten, die die Stimmung heben und Stress bek\u00e4mpfen.<\/li>\n\n\n\n<li><strong>Beta-Caryophyllen<\/strong>: Mit seinem w\u00fcrzigen Aroma hat es entz\u00fcndungshemmende Eigenschaften und tr\u00e4gt zur Entspannung bei.<\/li>\n<\/ul>\n\n\n\n<p>Diese Terpene tragen nicht nur zum Aromaprofil und Geschmack von Girl Scout Cookies bei, sondern verst\u00e4rken auch ihre therapeutischen Wirkungen. Daher ist dieser Strain eine beliebte Wahl f\u00fcr diejenigen, die nach Linderung von Stress, M\u00fcdigkeit und Muskelkr\u00e4mpfen suchen.<\/p>\n\n\n\n<h2 class=\"wp-block-heading\">Ertrag und Bl\u00fctezeit<\/h2>\n\n\n\n<p>Die <strong>Produktion<\/strong> von Girl Scout Cookies ist einer ihrer gro\u00dfen Vorteile, sowohl f\u00fcr Anf\u00e4nger als auch f\u00fcr erfahrene Grower. Indoor ist diese Sorte perfekt f\u00fcr SOG (Sea of Green) Anbaumethoden aus Klonen geeignet, akzeptiert aber auch andere Anbaumethoden. Mit 300-350W LED-Lichtern pro Quadratmeter Anbaufl\u00e4che kann man Ertr\u00e4ge zwischen 450 und 500 Gramm pro Quadratmeter erwarten. In optimierten Anbauumgebungen ist es nicht schwer, bis zu 550 Gramm pro Quadratmeter zu erreichen.<\/p>\n\n\n\n<p>Outdoor zeigt Girl Scout Cookies ihr volles Potenzial. Unter Sonnenlicht und mit der richtigen Pflege kann sie Ertr\u00e4ge von bis zu 800 Gramm pro Pflanze erzielen. Ihre robuste Struktur und ihre diskrete H\u00f6he, die selten \u00fcber zwei Meter hinausgeht, machen sie ideal f\u00fcr diejenigen, die einen eher unauff\u00e4lligen Anbau suchen.<\/p>\n\n\n\n<p>Die <strong>Bl\u00fctezeit<\/strong> von Girl Scout Cookies variiert je nach Anbaubedingungen. Indoor dauert es ab der Reduktion der Lichtstunden von Wachstum auf Bl\u00fcte etwa 9 Wochen bis zur Ernte. Es ist wichtig zu beachten, dass w\u00e4hrend dieser Phase die Ger\u00fcche intensiv sind, sodass ein gutes Geruchsfiltersystem erforderlich sein kann.<\/p>\n\n\n\n<p>Outdoor beginnt die Bl\u00fctezeit je nach Breitengrad zwischen Ende Juli und Anfang August. Die Ernte erfolgt in der Regel Anfang Oktober, wobei einige Ph\u00e4notypen etwas sp\u00e4ter, in der zweiten Oktoberwoche, bereit sind. Diese Sorte bevorzugt Klimazonen mit einem trockenen und sonnigen Fr\u00fchherbst, um ihren Ertrag und ihre Qualit\u00e4t zu maximieren.<\/p>\n\n\n\n<h2 class=\"wp-block-heading\">Wie man Girl Scout Cookies anbaut<\/h2>\n\n\n\n<p>Was die <strong>Anbauschwierigkeit<\/strong> betrifft, ist Girl Scout Cookies eine moderat einfach zu kultivierende Sorte. Ihre widerstandsf\u00e4hige Natur macht sie f\u00fcr Anf\u00e4nger geeignet, w\u00e4hrend erfahrene Grower fortschrittliche Techniken nutzen k\u00f6nnen, um ihren Ertrag und ihre Qualit\u00e4t zu maximieren. Sie ist eine vielseitige Pflanze, die sich gut an verschiedene Anbaumethoden anpasst, einschlie\u00dflich SOG und ScrOG.<\/p>\n\n\n\n<p>Um die besten Ergebnisse zu erzielen, ist es wichtig, Girl Scout Cookies das <strong>richtige Klima und die richtigen Anbaubedingungen<\/strong> zu bieten. Diese Sorte bevorzugt ein warmes und trockenes Klima. Indoor sollten die Tagestemperaturen zwischen 20\u00b0C und 26\u00b0C gehalten werden, wobei die Nachttemperaturen um 7\u00b0C bis 9\u00b0C gesenkt werden. Die relative Luftfeuchtigkeit sollte w\u00e4hrend der vegetativen Phase bei 55%-60% liegen und in der Bl\u00fctephase auf etwa 40% reduziert werden, schlie\u00dflich auf 30% w\u00e4hrend der Ernte. Im Freien gedeiht Girl Scout Cookies am besten, wenn sie im April gepflanzt und Anfang Oktober geerntet wird, sodass die Pflanzen so viel Sonnenlicht wie m\u00f6glich erhalten.<\/p>\n\n\n\n<p>Girl Scout Cookies ist bemerkenswert <strong>resistent gegen Sch\u00e4dlinge und Krankheiten<\/strong>, was sie zu einer zuverl\u00e4ssigen Wahl f\u00fcr Grower aller Erfahrungsstufen macht. Es ist jedoch immer ratsam, aufmerksam zu bleiben und vorbeugende Ma\u00dfnahmen zu ergreifen, wie die Verwendung von organischen Pestiziden und regelm\u00e4\u00dfige \u00dcberpr\u00fcfung der Pflanzen auf Anzeichen von Problemen.<\/p>\n\n\n\n<div style=\"height:50px\" aria-hidden=\"true\" class=\"wp-block-spacer uag-hide-mob\"><\/div>\n\n\n\n<div class=\"wp-block-columns is-layout-flex wp-container-core-columns-is-layout-28f84493 wp-block-columns-is-layout-flex\">\n<div class=\"wp-block-column is-layout-flow wp-block-column-is-layout-flow\">\n<p class=\"has-text-align-center has-medium-font-size\"><strong>Was wir am meisten m\u00f6gen<\/strong><\/p>\n\n\n\n<ul class=\"wp-block-list\">\n<li>Ihre dichten und harzigen Bl\u00fcten, perfekt f\u00fcr Extraktionen.<\/li>\n\n\n\n<li>Das vielf\u00e4ltige und aromatische Terpenprofil.<\/li>\n\n\n\n<li>Die einfache Kultivierung sowohl drinnen als auch drau\u00dfen.<\/li>\n\n\n\n<li>Ihre starken Effekte, die Gl\u00fcck und Entspannung ausbalancieren.<\/li>\n<\/ul>\n<\/div>\n\n\n\n<div class=\"wp-block-column is-layout-flow wp-block-column-is-layout-flow\">\n<p class=\"has-text-align-center has-medium-font-size\"><strong>Was wir weniger m\u00f6gen<\/strong><\/p>\n\n\n\n<ul class=\"wp-block-list\">\n<li>Ben\u00f6tigt eine pr\u00e4zise Feuchtigkeitskontrolle, besonders in der Bl\u00fctephase.<\/li>\n\n\n\n<li>Kann zus\u00e4tzlichen Halt ben\u00f6tigen wegen des Gewichts der Bl\u00fcten.<\/li>\n<\/ul>\n<\/div>\n<\/div>\n\n\n\n<div style=\"height:50px\" aria-hidden=\"true\" class=\"wp-block-spacer uag-hide-mob\"><\/div>\n\n\n\n<h2 class=\"wp-block-heading\">H\u00e4ufig gestellte Fragen zu Girl Scout Cookies<\/h2>\n\n\n\n<p>Einige der h\u00e4ufigsten Fragen, die von Growern zu dieser Sorte gestellt werden, sind folgende:<\/p>\n\n\n<div id=\"rank-math-faq\" class=\"rank-math-block\">\n<div class=\"rank-math-list \">\n<div id=\"faq-question-1663029074962\" class=\"rank-math-list-item\">\n<h3 class=\"rank-math-question \">Wann beginnt Girl Scout Cookies im Freien zu bl\u00fchen?<\/h3>\n<div class=\"rank-math-answer \">\n\n<p>Die Bl\u00fctezeit von Girl Scout Cookies im Freien beginnt zwischen Ende Juli und Anfang August, abh\u00e4ngig von der geografischen Lage und den spezifischen klimatischen Bedingungen des Anbaugebiets.<\/p>\n\n<\/div>\n<\/div>\n<div id=\"faq-question-1663029159933\" class=\"rank-math-list-item\">\n<h3 class=\"rank-math-question \">Wann sollte man eine Girl Scout Cookies im Freien ernten?<\/h3>\n<div class=\"rank-math-answer \">\n\n<p>Girl Scout Cookies hat eine relativ kurze Bl\u00fctezeit. Im Freien wird sie normalerweise Anfang Oktober geerntet, wobei einige Ph\u00e4notypen bis zur zweiten Oktoberwoche bereit sein k\u00f6nnen.<\/p>\n\n<\/div>\n<\/div>\n<div id=\"faq-question-1663029165861\" class=\"rank-math-list-item\">\n<h3 class=\"rank-math-question \">Wie baut man eine feminisierte Girl Scout Cookies an?<\/h3>\n<div class=\"rank-math-answer \">\n\n<p>Girl Scout Cookies ist eine einfach zu kultivierende Pflanze, die sowohl f\u00fcr Anf\u00e4nger als auch f\u00fcr Experten geeignet ist. Sie bevorzugt warme und trockene Klimazonen und kann sowohl drinnen als auch drau\u00dfen angebaut werden. Indoor ist sie ideal f\u00fcr Techniken wie SOG und ScrOG und erfordert eine pr\u00e4zise Feuchtigkeitskontrolle. Im Freien gedeiht sie am besten, wenn sie im April gepflanzt und im Oktober geerntet wird.<\/p>\n\n<\/div>\n<\/div>\n<div id=\"faq-question-1666773419447\" class=\"rank-math-list-item\">\n<h3 class=\"rank-math-question \">Welche Effekte hat Girl Scout Cookies in gro\u00dfen Mengen?<\/h3>\n<div class=\"rank-math-answer \">\n\n<p>Die Effekte von Girl Scout Cookies sind sehr potent. Sie sorgt f\u00fcr ein Gef\u00fchl von <strong>Gl\u00fcck<\/strong> und tiefer <strong>Entspannung<\/strong>, begleitet von einer Euphorie, die den ganzen K\u00f6rper umh\u00fcllt. Sie ist ideal, um sich nach einem langen Tag zu entspannen, Stress und Schmerzen zu lindern und ein allgemeines Wohlbefinden zu genie\u00dfen.<\/p>\n\n<\/div>\n<\/div>\n<div id=\"faq-question-1721400686910\" class=\"rank-math-list-item\">\n<h3 class=\"rank-math-question \">Ist Girl Scout Cookies eine Sativa oder Indica?<\/h3>\n<div class=\"rank-math-answer \">\n\n<p>Girl Scout Cookies ist eine hybride Sorte mit einer <strong>Indica-Dominanz<\/strong>. Sie hat ungef\u00e4hr 60% Indica- und 40% Sativa-Genetik. Indica-Sorten sind bekannt f\u00fcr ihre entspannenden und sedierenden Effekte, ideal zur Schmerzlinderung und zur Verringerung von Angstzust\u00e4nden, w\u00e4hrend Sativas tendenziell energiegeladene und stimulierende Effekte bieten, die sich perfekt f\u00fcr Kreativit\u00e4t und Tagesaktivit\u00e4ten eignen. Girl Scout Cookies kombiniert das Beste aus beiden Welten und bietet eine tiefe Entspannung sowie eine fr\u00f6hliche Euphorie.<\/p>\n\n<\/div>\n<\/div>\n<div id=\"faq-question-1721400691716\" class=\"rank-math-list-item\">\n<h3 class=\"rank-math-question \">Wie schmeckt Girl Scout Cookies?<\/h3>\n<div class=\"rank-math-answer \">\n\n<p>Der Geschmack von Girl Scout Cookies ist eine k\u00f6stliche Mischung, die an <strong>frisch gebackene Kekse<\/strong> mit Noten von Vanille, Minze und Kirsche erinnert. Diese Kombination aus s\u00fc\u00dfen und erdigen Aromen macht sie zu einer der beliebtesten Sorten unter Kennern.<\/p>\n\n<\/div>\n<\/div>\n<div id=\"faq-question-1721400692797\" class=\"rank-math-list-item\">\n<h3 class=\"rank-math-question \">Wie hoch ist der Cannabinoidgehalt von Girl Scout Cookies?<\/h3>\n<div class=\"rank-math-answer \">\n\n<p>Girl Scout Cookies hat einen hohen <strong>THC<\/strong>-Gehalt, der zwischen 20% und 25% liegt, und einen niedrigen <strong>CBD<\/strong>-Gehalt, etwa 0,2%. Diese Cannabinoidwerte tragen zu ihren starken psychoaktiven und therapeutischen Effekten bei.<\/p>\n\n<\/div>\n<\/div>\n<div id=\"faq-question-1721400693934\" class=\"rank-math-list-item\">\n<h3 class=\"rank-math-question \">Welches Kreuzung ist Girl Scout Cookies?<\/h3>\n<div class=\"rank-math-answer \">\n\n<p>Girl Scout Cookies ist das Ergebnis einer Kreuzung zwischen <strong>Durban Poison<\/strong> und <strong>OG Kush<\/strong>. Diese genetische Kombination hat zu einer Sorte mit einer starken Indica-Dominanz und einem vielf\u00e4ltigen und aromatischen Terpenprofil gef\u00fchrt.<\/p>\n\n<\/div>\n<\/div>\n<\/div>\n<\/div>","protected":false},"excerpt":{"rendered":"<p><b>Girl Scout Cookies<\/b> bietet ein einzigartiges Erlebnis mit ihren starken <strong>Effekten von Gl\u00fcck und tiefer Entspannung<\/strong>. Perfekt f\u00fcr Grower aller Erfahrungsstufen, garantiert diese Sorte <strong>dichte und harzige Bl\u00fcten<\/strong> mit einem k\u00f6stlichen <strong>Geschmack nach frisch gebackenen Keksen<\/strong>. Entdecke, warum sie eine Legende in der Welt des Cannabis ist!<\/p>\n","protected":false},"featured_media":21801,"comment_status":"open","ping_status":"closed","template":"","meta":{"_acf_changed":false,"inline_featured_image":false,"_uag_custom_page_level_css":""},"product_brand":[],"product_cat":[1097,4113],"product_tag":[],"class_list":{"0":"post-9974","1":"product","2":"type-product","3":"status-publish","4":"has-post-thumbnail","6":"product_cat-feminisierte-cannabis-samen","7":"product_cat-cannabis-samen-unter-1-euro","9":"first","10":"instock","11":"sale","12":"taxable","13":"shipping-taxable","14":"purchasable","15":"product-type-simple"},"acf":[],"uagb_featured_image_src":{"full":["https:\/\/bulkgenetics.com\/wp-content\/uploads\/2022\/09\/girl-scout-cookies-weed-strain.jpg",1600,1600,false],"thumbnail":["https:\/\/bulkgenetics.com\/wp-content\/uploads\/2022\/09\/girl-scout-cookies-weed-strain-150x150.jpg",150,150,true],"medium":["https:\/\/bulkgenetics.com\/wp-content\/uploads\/2022\/09\/girl-scout-cookies-weed-strain-300x300.jpg",300,300,true],"medium_large":["https:\/\/bulkgenetics.com\/wp-content\/uploads\/2022\/09\/girl-scout-cookies-weed-strain-768x768.jpg",768,768,true],"large":["https:\/\/bulkgenetics.com\/wp-content\/uploads\/2022\/09\/girl-scout-cookies-weed-strain-1024x1024.jpg",1024,1024,true],"1536x1536":["https:\/\/bulkgenetics.com\/wp-content\/uploads\/2022\/09\/girl-scout-cookies-weed-strain-1536x1536.jpg",1536,1536,true],"2048x2048":["https:\/\/bulkgenetics.com\/wp-content\/uploads\/2022\/09\/girl-scout-cookies-weed-strain.jpg",1600,1600,false],"commercegurus-pdp-large":["https:\/\/bulkgenetics.com\/wp-content\/uploads\/2022\/09\/girl-scout-cookies-weed-strain-990x990.jpg",990,990,true],"commercegurus-plp-mobile":["https:\/\/bulkgenetics.com\/wp-content\/uploads\/2022\/09\/girl-scout-cookies-weed-strain-441x441.jpg",441,441,true],"cgkit_image_swatch":["https:\/\/bulkgenetics.com\/wp-content\/uploads\/2022\/09\/girl-scout-cookies-weed-strain-100x100.jpg",100,100,true],"woocommerce_thumbnail":["https:\/\/bulkgenetics.com\/wp-content\/uploads\/2022\/09\/girl-scout-cookies-weed-strain-300x300.jpg",300,300,true],"woocommerce_single":["https:\/\/bulkgenetics.com\/wp-content\/uploads\/2022\/09\/girl-scout-cookies-weed-strain-800x800.jpg",800,800,true],"woocommerce_gallery_thumbnail":["https:\/\/bulkgenetics.com\/wp-content\/uploads\/2022\/09\/girl-scout-cookies-weed-strain-150x150.jpg",150,150,true],"dgwt-wcas-product-suggestion":["https:\/\/bulkgenetics.com\/wp-content\/uploads\/2022\/09\/girl-scout-cookies-weed-strain-64x64.jpg",64,64,true]},"uagb_author_info":{"display_name":"Chris","author_link":"https:\/\/bulkgenetics.com\/de\/author\/"},"uagb_comment_info":0,"uagb_excerpt":"Girl Scout Cookies bietet ein einzigartiges Erlebnis mit ihren starken Effekten von Gl\u00fcck und tiefer Entspannung. Perfekt f\u00fcr Grower aller Erfahrungsstufen, garantiert diese Sorte dichte und harzige Bl\u00fcten mit einem k\u00f6stlichen Geschmack nach frisch gebackenen Keksen. Entdecke, warum sie eine Legende in der Welt des Cannabis ist!","_links":{"self":[{"href":"https:\/\/bulkgenetics.com\/de\/wp-json\/wp\/v2\/product\/9974","targetHints":{"allow":["GET"]}}],"collection":[{"href":"https:\/\/bulkgenetics.com\/de\/wp-json\/wp\/v2\/product"}],"about":[{"href":"https:\/\/bulkgenetics.com\/de\/wp-json\/wp\/v2\/types\/product"}],"replies":[{"embeddable":true,"href":"https:\/\/bulkgenetics.com\/de\/wp-json\/wp\/v2\/comments?post=9974"}],"wp:featuredmedia":[{"embeddable":true,"href":"https:\/\/bulkgenetics.com\/de\/wp-json\/wp\/v2\/media\/21801"}],"wp:attachment":[{"href":"https:\/\/bulkgenetics.com\/de\/wp-json\/wp\/v2\/media?parent=9974"}],"wp:term":[{"taxonomy":"product_brand","embeddable":true,"href":"https:\/\/bulkgenetics.com\/de\/wp-json\/wp\/v2\/product_brand?post=9974"},{"taxonomy":"product_cat","embeddable":true,"href":"https:\/\/bulkgenetics.com\/de\/wp-json\/wp\/v2\/product_cat?post=9974"},{"taxonomy":"product_tag","embeddable":true,"href":"https:\/\/bulkgenetics.com\/de\/wp-json\/wp\/v2\/product_tag?post=9974"}],"curies":[{"name":"wp","href":"https:\/\/api.w.org\/{rel}","templated":true}]}}