{"id":9992,"date":"2022-09-30T17:41:08","date_gmt":"2022-09-30T15:41:08","guid":{"rendered":"https:\/\/www.bulkgenetics.com\/kalifornische-haschischpflanze\/"},"modified":"2024-10-08T01:13:59","modified_gmt":"2024-10-07T23:13:59","slug":"california-hash-plant","status":"publish","type":"product","link":"https:\/\/bulkgenetics.com\/de\/california-hash-plant\/","title":{"rendered":"California Hash Plant"},"content":{"rendered":"\n<p>Die <strong>California Hash Plant<\/strong> ist eine feminisierte Strain, die aus der Kombination von zwei legend\u00e4ren Genetiken hervorgeht: der ber\u00fchmten <strong>California Hashplant<\/strong>, die urspr\u00fcnglich aus Afghanistan stammt und in Kalifornien angebaut wird, und der kraftvollen <strong><a href=\"https:\/\/bulkgenetics.com\/de\/northern-lights\/\">Northern Lights<\/a><\/strong>, einer weiteren Indica mit starkem afghanischen Erbe. Diese Sorte hat weltweit Anerkennung gefunden, besonders dank Dinafem und anderen Samenbanken. Was unsere <strong>California Hash Plant Seeds<\/strong> jedoch besonders auszeichnet, ist ihr viel g\u00fcnstigerer Preis.<\/p>\n\n\n\n<p>Diese Pflanze w\u00e4chst mit der typischen Struktur einer afghanischen Indica, in Form eines kleinen Weihnachtsbaums, mit kurzen Internodien, reichlich Verzweigung und dunkelgr\u00fcnen Bl\u00e4ttern. Die Buds sind dicht und kompakt, von dunkelgr\u00fcner Farbe und bedeckt mit einer gl\u00e4nzenden Harzschicht. Dieses Harz macht sie zu einer perfekten Strain f\u00fcr die Produktion hochwertiger Extraktionen.<\/p>\n\n\n\n<h2 class=\"wp-block-heading\">Geschmack und Wirkung<\/h2>\n\n\n\n<p>Der Geschmack der <strong>California Hash Plant<\/strong> ist ein wahrer Genuss f\u00fcr die Sinne. Ihr intensives Aroma erf\u00fcllt den Raum mit einer Mischung aus erdigen und zitrusartigen Noten, die an den besten afghanischen Haschisch erinnern. Beim Rauchen ist der Rauch dicht und hinterl\u00e4sst einen Nachgeschmack von Zitrone und Erde im Mund, was jeden Zug zu einem angenehmen Erlebnis macht.<\/p>\n\n\n\n<p>Die Wirkung dieser Strain ist haupts\u00e4chlich entspannend und sedierend. Mit einem <strong>THC-Gehalt zwischen 15% und 20%<\/strong> sorgt die <strong>California Hash Plant<\/strong> f\u00fcr ein tiefes Gef\u00fchl der Ruhe, ohne \u00fcberw\u00e4ltigend zu sein. Sie ist perfekt, um den Tag ausklingen zu lassen, Stress abzubauen und den Schlaf zu f\u00f6rdern. Obwohl ihre Effekte nicht \u00fcberm\u00e4\u00dfig stark sind, sind sie stark genug, um ein angenehmes Gef\u00fchl der Schl\u00e4frigkeit und Entspannung zu induzieren, ideal, um den Tag ohne Sorgen zu beenden. Der <strong>CBD-Gehalt<\/strong> dieser Strain ist niedrig, in der Regel unter 1%, was ihre entspannende Wirkung verst\u00e4rkt, ohne die geistige Klarheit zu beeintr\u00e4chtigen.<\/p>\n\n\n\n<h3 class=\"wp-block-heading\">Terpene der California Hash Plant<\/h3>\n\n\n\n<p>Die <strong>California Hash Plant<\/strong> ist reich an Terpenen, die nicht nur zu ihrem einzigartigen Aroma und Geschmack beitragen, sondern auch verschiedene therapeutische Vorteile bieten. Die herausragendsten Terpene dieser Strain sind:<\/p>\n\n\n\n<ul class=\"wp-block-list\">\n<li><strong>Myrcen:<\/strong> Mit seinem erdigen und moschusartigen Aroma ist Myrcen bekannt f\u00fcr seine sedierenden und entspannenden Wirkungen, die bei Schlaflosigkeit und Schmerzen helfen.<\/li>\n\n\n\n<li><strong>Limonen:<\/strong> Verleiht die frischen, zitrusartigen Noten von Zitrone. Dieses Terpen ist bekannt f\u00fcr seine antidepressiven und anxiolytischen Eigenschaften und sorgt f\u00fcr eine stimmungsaufhellende Wirkung.<\/li>\n\n\n\n<li><strong>Caryophyllen:<\/strong> Mit einem w\u00fcrzigen und pfeffrigen Aroma hat dieses Terpen entz\u00fcndungshemmende und schmerzstillende Eigenschaften, was es ideal f\u00fcr die Schmerzlinderung macht.<\/li>\n\n\n\n<li><strong>Pinen:<\/strong> Dieses Terpen, das nach frischem Kiefernduft riecht, hat entz\u00fcndungshemmende Wirkungen und kann das Ged\u00e4chtnis und die Konzentration verbessern.<\/li>\n<\/ul>\n\n\n\n<p>Die Kombination dieser Terpene bereichert nicht nur das sensorische Erlebnis beim Konsum der <strong>California Hash Plant<\/strong>, sondern verst\u00e4rkt auch ihre entspannenden und therapeutischen Wirkungen, was diese Strain zu einer ausgezeichneten Wahl sowohl f\u00fcr den Freizeit- als auch f\u00fcr den medizinischen Gebrauch macht.<\/p>\n\n\n\n<h2 class=\"wp-block-heading\">Ertrag und Bl\u00fctezeit<\/h2>\n\n\n\n<p>Die <strong>California Hash Plant<\/strong> ist eine Spitzenreiterin in Sachen Ertrag. Indoor kann diese Strain beeindruckende Ertr\u00e4ge liefern, mit einer Produktion zwischen 450 und 550 Gramm pro Quadratmeter. Das macht sie zu einer idealen Wahl f\u00fcr Grower, die ihre Ernte maximieren m\u00f6chten, ohne auf Qualit\u00e4t zu verzichten.<\/p>\n\n\n\n<p>Auch outdoor kann die <strong>California Hash Plant<\/strong> \u00fcberzeugen. Unter optimalen Bedingungen kann jede Pflanze zwischen 600 und 800 Gramm harzige und dichte Buds produzieren. Diese Zahlen zeigen ihre F\u00e4higkeit, gro\u00dfz\u00fcgige Ernten zu liefern, was jeden Anbauaufwand lohnenswert macht.<\/p>\n\n\n\n<p>Die Bl\u00fctezeit dieser Strain ist ebenfalls bemerkenswert kurz. Indoor betr\u00e4gt die Bl\u00fctezeit zwischen 45 und 50 Tagen ab dem Wechsel des Photoperiods. Diese kurze Zeit erm\u00f6glicht es den Growern, schnelle und effiziente Ergebnisse zu erzielen, was besonders wertvoll f\u00fcr diejenigen ist, die h\u00e4ufige Anbauzyklen anstreben.<\/p>\n\n\n\n<p>Outdoor ist die <strong>California Hash Plant<\/strong> zwischen Mitte und Ende September erntereif. Diese kurze Bl\u00fctezeit ist perfekt f\u00fcr Regionen mit k\u00fcrzeren Sommern, da sie sicherstellt, dass die Pflanzen vollst\u00e4ndig ausreifen, bevor das k\u00fchlere Wetter einsetzt. Zudem macht ihre Widerstandsf\u00e4higkeit gegen kalte und feuchte Klimazonen sie zu einer zuverl\u00e4ssigen Wahl f\u00fcr eine Vielzahl von Anbauumgebungen.<\/p>\n\n\n\n<h2 class=\"wp-block-heading\">Anbau der California Hash Plant<\/h2>\n\n\n\n<p>Die <strong>California Hash Plant<\/strong> ist eine sehr einfach zu kultivierende Strain, selbst f\u00fcr Anf\u00e4nger. Ihre <strong>Anbau-Schwierigkeit<\/strong> ist gering, da sie eine robuste und widerstandsf\u00e4hige Pflanze ist, die keine \u00fcberm\u00e4\u00dfige Pflege erfordert. Ihre anpassungsf\u00e4hige Natur macht sie zu einer ausgezeichneten Wahl f\u00fcr diejenigen, die neu im Cannabisanbau sind.<\/p>\n\n\n\n<p>Was das <strong>Klima und die Anbaubedingungen<\/strong> betrifft, so passt sich die California Hash Plant gut an eine Vielzahl von Umgebungen an. Sie bevorzugt gem\u00e4\u00dfigte und warme Klimazonen, kann aber dank ihres afghanischen Erbes auch in k\u00fchleren und feuchteren Bedingungen gedeihen. Es ist wichtig, die Luftfeuchtigkeit gut zu kontrollieren, besonders w\u00e4hrend der Bl\u00fctephase, um Probleme mit Schimmel und Pilzen zu vermeiden.<\/p>\n\n\n\n<p>Ein gro\u00dfer Vorteil dieser Strain ist ihre <strong>Resistenz gegen Sch\u00e4dlinge und Krankheiten<\/strong>. Die California Hash Plant wurde speziell daf\u00fcr gez\u00fcchtet, widrigen Bedingungen standzuhalten, einschlie\u00dflich einer hohen Resistenz gegen g\u00e4ngige Sch\u00e4dlinge und Krankheiten im Cannabisanbau. Das macht sie ideal f\u00fcr Grower, die eine zuverl\u00e4ssige und pflegeleichte Pflanze suchen.<\/p>\n\n\n\n<div style=\"height:50px\" aria-hidden=\"true\" class=\"wp-block-spacer uag-hide-mob\"><\/div>\n\n\n\n<div class=\"wp-block-columns is-layout-flex wp-container-core-columns-is-layout-28f84493 wp-block-columns-is-layout-flex\">\n<div class=\"wp-block-column is-layout-flow wp-block-column-is-layout-flow\">\n<p class=\"has-text-align-center has-medium-font-size\"><strong>Was wir am meisten m\u00f6gen<\/strong><\/p>\n\n\n\n<ul class=\"wp-block-list\">\n<li>Sehr einfach zu kultivieren und widerstandsf\u00e4hig.<\/li>\n\n\n\n<li>Hoher Ertrag sowohl indoor als auch outdoor.<\/li>\n\n\n\n<li>Geschmack von echtem afghanischen Haschisch.<\/li>\n\n\n\n<li>Sedierende Wirkung.<\/li>\n<\/ul>\n<\/div>\n\n\n\n<div class=\"wp-block-column is-layout-flow wp-block-column-is-layout-flow\">\n<p class=\"has-text-align-center has-medium-font-size\"><strong>Was wir weniger m\u00f6gen<\/strong><\/p>\n\n\n\n<ul class=\"wp-block-list\">\n<li>W\u00e4hrend der Bl\u00fcte sehr geruchsintensiv, was den Einsatz von Kohlefiltern erfordern kann.<\/li>\n<\/ul>\n<\/div>\n<\/div>\n\n\n\n<div style=\"height:50px\" aria-hidden=\"true\" class=\"wp-block-spacer uag-hide-mob\"><\/div>\n\n\n\n<h2 class=\"wp-block-heading\">H\u00e4ufig gestellte Fragen<\/h2>\n\n\n\n<p>Nachfolgend beantworten wir einige der h\u00e4ufigsten Fragen, die Grower zu dieser Strain haben:<\/p>\n\n\n<div id=\"rank-math-faq\" class=\"rank-math-block\">\n<div class=\"rank-math-list \">\n<div id=\"faq-question-1663029074962\" class=\"rank-math-list-item\">\n<h3 class=\"rank-math-question \">Ist die California Hash Plant sativa oder indica?<\/h3>\n<div class=\"rank-math-answer \">\n\n<p>Die <strong>California Hash Plant<\/strong> ist \u00fcberwiegend eine Indica. Indica-Pflanzen zeichnen sich durch ihre kompakte und dichte Struktur aus, mit breiten Bl\u00e4ttern und einem niedrigeren Wachstum im Vergleich zu Sativas. Indicas haben meist entspannende und sedierende Wirkungen, ideal zur Stress- und Schlaflosigkeitsbek\u00e4mpfung. Sativas hingegen sind in der Regel gr\u00f6\u00dfer und d\u00fcnner, mit stimulierenden und energetisierenden Effekten.<\/p>\n\n<\/div>\n<\/div>\n<div id=\"faq-question-1663029159933\" class=\"rank-math-list-item\">\n<h3 class=\"rank-math-question \">Welcher Kreuzung entstammt die California Hash Plant?<\/h3>\n<div class=\"rank-math-answer \">\n\n<p>Die <strong>California Hash Plant<\/strong> ist das Ergebnis einer Kreuzung zwischen der <strong>California Hashplant<\/strong> und der <strong>Northern Lights<\/strong>. Beide sind Strains mit starkem afghanischem Erbe, was dieser Sorte ihre entspannenden Eigenschaften und Robustheit verleiht.<\/p>\n\n<\/div>\n<\/div>\n<div id=\"faq-question-1663029165861\" class=\"rank-math-list-item\">\n<h3 class=\"rank-math-question \">Wann beginnt die Bl\u00fctezeit der California Hash Plant?<\/h3>\n<div class=\"rank-math-answer \">\n\n<p>Outdoor beginnt die Bl\u00fctezeit der <strong>California Hash Plant<\/strong> zwischen Ende Juli und der ersten Augusth\u00e4lfte, abh\u00e4ngig von der Anbau-Latitude.<\/p>\n\n<\/div>\n<\/div>\n<div id=\"faq-question-1666780029954\" class=\"rank-math-list-item\">\n<h3 class=\"rank-math-question \">Wann wird die California Hash Plant geerntet?<\/h3>\n<div class=\"rank-math-answer \">\n\n<p>Die <strong>California Hash Plant<\/strong> wird in der zweiten Septemberh\u00e4lfte geerntet. Ihre schnelle Bl\u00fctezeit macht sie ideal f\u00fcr Gebiete mit k\u00fcrzeren Sommern.<\/p>\n\n<\/div>\n<\/div>\n<div id=\"faq-question-1721718293049\" class=\"rank-math-list-item\">\n<h3 class=\"rank-math-question \">Wie baut man die California Hash Plant an?<\/h3>\n<div class=\"rank-math-answer \">\n\n<p>Die <strong>California Hash Plant<\/strong> ist sehr einfach zu kultivieren. Sie eignet sich f\u00fcr Anf\u00e4nger und erfahrene Grower aufgrund ihrer Widerstandsf\u00e4higkeit und Anpassungsf\u00e4higkeit. Sie bevorzugt gem\u00e4\u00dfigte und warme Klimazonen und ist resistent gegen g\u00e4ngige Sch\u00e4dlinge und Krankheiten des Cannabis.<\/p>\n\n<\/div>\n<\/div>\n<div id=\"faq-question-1721718294147\" class=\"rank-math-list-item\">\n<h3 class=\"rank-math-question \">Wie schmeckt die California Hash Plant?<\/h3>\n<div class=\"rank-math-answer \">\n\n<p>Der Geschmack der <strong>California Hash Plant<\/strong> ist erdig und zitrusartig, mit Zitronennoten. Ihr Aroma erinnert an klassischen afghanischen Haschisch, was jeden Zug zu einem angenehmen Erlebnis macht.<\/p>\n\n<\/div>\n<\/div>\n<div id=\"faq-question-1721718296172\" class=\"rank-math-list-item\">\n<h3 class=\"rank-math-question \">Welchen Cannabinoidgehalt hat die California Hash Plant?<\/h3>\n<div class=\"rank-math-answer \">\n\n<p>Die <strong>California Hash Plant<\/strong> hat einen <strong>THC-Gehalt<\/strong> zwischen 15% und 20% und einen niedrigen <strong>CBD-Gehalt<\/strong>, der in der Regel unter 1% liegt.<\/p>\n\n<\/div>\n<\/div>\n<div id=\"faq-question-1721718296958\" class=\"rank-math-list-item\">\n<h3 class=\"rank-math-question \">Welche Wirkung hat die California Hash Plant?<\/h3>\n<div class=\"rank-math-answer \">\n\n<p>Die Wirkung der <strong>California Hash Plant<\/strong> ist entspannend und sedierend. Sie sorgt f\u00fcr ein tiefes Gef\u00fchl der Ruhe, ohne \u00fcberw\u00e4ltigend zu sein, perfekt f\u00fcr den Genuss am Ende des Tages und zur F\u00f6rderung des Schlafs.<\/p>\n\n<\/div>\n<\/div>\n<\/div>\n<\/div>","protected":false},"excerpt":{"rendered":"<p><b>California Hash Plant<\/b> bietet dir ein unkompliziertes Anbauerlebnis und gro\u00dfz\u00fcgige Ernten, mit <strong>entspannenden Effekten<\/strong>, die perfekt sind, um den Tag ausklingen zu lassen. Genie\u00dfe ihren k\u00f6stlichen <strong>Geschmack von afghanischem Haschisch<\/strong> und profitiere von ihrer Widerstandsf\u00e4higkeit gegen Sch\u00e4dlinge. Ideal f\u00fcr alle, die <strong>Qualit\u00e4t und Einfachheit<\/strong> bei jedem Anbau suchen.<\/p>\n","protected":false},"featured_media":9123,"comment_status":"open","ping_status":"closed","template":"","meta":{"_acf_changed":false,"inline_featured_image":false,"_uag_custom_page_level_css":""},"product_brand":[],"product_cat":[1097],"product_tag":[],"class_list":{"0":"post-9992","1":"product","2":"type-product","3":"status-publish","4":"has-post-thumbnail","6":"product_cat-feminisierte-cannabis-samen","8":"first","9":"outofstock","10":"taxable","11":"shipping-taxable","12":"purchasable","13":"product-type-simple"},"acf":[],"uagb_featured_image_src":{"full":["https:\/\/bulkgenetics.com\/wp-content\/uploads\/2022\/09\/California-Hash-Plant.jpg",1600,1600,false],"thumbnail":["https:\/\/bulkgenetics.com\/wp-content\/uploads\/2022\/09\/California-Hash-Plant-150x150.jpg",150,150,true],"medium":["https:\/\/bulkgenetics.com\/wp-content\/uploads\/2022\/09\/California-Hash-Plant-300x300.jpg",300,300,true],"medium_large":["https:\/\/bulkgenetics.com\/wp-content\/uploads\/2022\/09\/California-Hash-Plant-768x768.jpg",768,768,true],"large":["https:\/\/bulkgenetics.com\/wp-content\/uploads\/2022\/09\/California-Hash-Plant-1024x1024.jpg",1024,1024,true],"1536x1536":["https:\/\/bulkgenetics.com\/wp-content\/uploads\/2022\/09\/California-Hash-Plant-1536x1536.jpg",1536,1536,true],"2048x2048":["https:\/\/bulkgenetics.com\/wp-content\/uploads\/2022\/09\/California-Hash-Plant.jpg",1600,1600,false],"commercegurus-pdp-large":["https:\/\/bulkgenetics.com\/wp-content\/uploads\/2022\/09\/California-Hash-Plant-990x990.jpg",990,990,true],"commercegurus-plp-mobile":["https:\/\/bulkgenetics.com\/wp-content\/uploads\/2022\/09\/California-Hash-Plant-441x441.jpg",441,441,true],"cgkit_image_swatch":["https:\/\/bulkgenetics.com\/wp-content\/uploads\/2022\/09\/California-Hash-Plant-100x100.jpg",100,100,true],"woocommerce_thumbnail":["https:\/\/bulkgenetics.com\/wp-content\/uploads\/2022\/09\/California-Hash-Plant-300x300.jpg",300,300,true],"woocommerce_single":["https:\/\/bulkgenetics.com\/wp-content\/uploads\/2022\/09\/California-Hash-Plant-800x800.jpg",800,800,true],"woocommerce_gallery_thumbnail":["https:\/\/bulkgenetics.com\/wp-content\/uploads\/2022\/09\/California-Hash-Plant-150x150.jpg",150,150,true],"dgwt-wcas-product-suggestion":["https:\/\/bulkgenetics.com\/wp-content\/uploads\/2022\/09\/California-Hash-Plant-64x64.jpg",64,64,true]},"uagb_author_info":{"display_name":"Bruno Crespo","author_link":"https:\/\/bulkgenetics.com\/de\/author\/"},"uagb_comment_info":0,"uagb_excerpt":"California Hash Plant bietet dir ein unkompliziertes Anbauerlebnis und gro\u00dfz\u00fcgige Ernten, mit entspannenden Effekten, die perfekt sind, um den Tag ausklingen zu lassen. Genie\u00dfe ihren k\u00f6stlichen Geschmack von afghanischem Haschisch und profitiere von ihrer Widerstandsf\u00e4higkeit gegen Sch\u00e4dlinge. Ideal f\u00fcr alle, die Qualit\u00e4t und Einfachheit bei jedem Anbau suchen.","_links":{"self":[{"href":"https:\/\/bulkgenetics.com\/de\/wp-json\/wp\/v2\/product\/9992","targetHints":{"allow":["GET"]}}],"collection":[{"href":"https:\/\/bulkgenetics.com\/de\/wp-json\/wp\/v2\/product"}],"about":[{"href":"https:\/\/bulkgenetics.com\/de\/wp-json\/wp\/v2\/types\/product"}],"replies":[{"embeddable":true,"href":"https:\/\/bulkgenetics.com\/de\/wp-json\/wp\/v2\/comments?post=9992"}],"wp:featuredmedia":[{"embeddable":true,"href":"https:\/\/bulkgenetics.com\/de\/wp-json\/wp\/v2\/media\/9123"}],"wp:attachment":[{"href":"https:\/\/bulkgenetics.com\/de\/wp-json\/wp\/v2\/media?parent=9992"}],"wp:term":[{"taxonomy":"product_brand","embeddable":true,"href":"https:\/\/bulkgenetics.com\/de\/wp-json\/wp\/v2\/product_brand?post=9992"},{"taxonomy":"product_cat","embeddable":true,"href":"https:\/\/bulkgenetics.com\/de\/wp-json\/wp\/v2\/product_cat?post=9992"},{"taxonomy":"product_tag","embeddable":true,"href":"https:\/\/bulkgenetics.com\/de\/wp-json\/wp\/v2\/product_tag?post=9992"}],"curies":[{"name":"wp","href":"https:\/\/api.w.org\/{rel}","templated":true}]}}