{"id":9993,"date":"2022-09-30T17:41:20","date_gmt":"2022-09-30T15:41:20","guid":{"rendered":"https:\/\/www.bulkgenetics.com\/himalaya-gold-2\/"},"modified":"2024-10-08T01:13:58","modified_gmt":"2024-10-07T23:13:58","slug":"himalaya-gold","status":"publish","type":"product","link":"https:\/\/bulkgenetics.com\/de\/himalaya-gold\/","title":{"rendered":"Himalaya Gold"},"content":{"rendered":"\n<p>Die <strong>Himalaya Gold<\/strong> ist ein legend\u00e4rer Strain mit einem ebenso exotischen Ursprung wie ihr Name. Diese feminisierte Cannabis-Sorte, die aus der perfekten Verschmelzung der Genetiken von <strong>Nepal<\/strong> und dem <strong>Norden Indiens<\/strong> entstanden ist, tr\u00e4gt die Essenz des Himalaya-Gebirges in sich. Dieser Indica\/Sativa-Hybrid wurde von Greenhouse Seeds entwickelt, die es geschafft haben, eine Pflanze mit gro\u00dfem Wuchs und Stabilit\u00e4t zu schaffen. Es k\u00f6nnte sein, dass sie einige Gene mit der <a href=\"https:\/\/bulkgenetics.com\/de\/white-widow\/\"><strong>White Widow<\/strong><\/a> teilt.<\/p>\n\n\n\n<p>Ihre nepalesische Sativa-Genetik verleiht ihr ein explosives Wachstum und ein stimulierendes High, das f\u00fcr diese Strains typisch ist, w\u00e4hrend ihr indisches Indica-Erbe die Bl\u00fctezeit verk\u00fcrzt, die Bl\u00fcten verdichtet und ein sehr charakteristisches aromatisches Bouquet hinzuf\u00fcgt. Cannabis-Liebhaber kennen sie auch unter dem Namen <strong>Golden Himalayan<\/strong>, gesch\u00e4tzt f\u00fcr ihren gleichm\u00e4\u00dfigen Ertrag und ihre unvergesslichen Effekte. Sie hat hervorragende Bewertungen und positive Rezensionen auf Websites wie Leafly oder Seedfinder. Sie ist zweifellos eine immer sehr gute Wahl und entt\u00e4uscht den Grower nie.<\/p>\n\n\n\n<p>Die Buds der <strong>Himalaya Gold<\/strong> sind ein wahrer Augenschmaus. Gro\u00df, fett und mit klebrigem Harz bedeckt, sind ihre Bl\u00fcten ein wahr gewordener Traum f\u00fcr Extraktionsliebhaber, besonders f\u00fcr Haschisch, aufgrund des fantastischen Ertrags, den sie bieten. Die lebendigen Gr\u00fcnt\u00f6ne und goldenen Nuancen erinnern an den Reichtum und die Sch\u00f6nheit ihrer Herkunftsregionen.<\/p>\n\n\n\n<h2 class=\"wp-block-heading\">Geschmack und Effekte<\/h2>\n\n\n\n<p><strong>Himalaya Gold<\/strong> ist ein umfassendes sensorisches Erlebnis vom ersten Moment an. Ihr Aroma ist eine exotische und umh\u00fcllende Mischung aus frischen, mentholartigen und fruchtigen Noten, die perfekt mit w\u00fcrzigen Akzenten und einem Hauch von Sch\u00e4rfe harmonieren. Dieses charakteristische Aromaprofil ist nur der Anfang dessen, was dieser Strain zu bieten hat.<\/p>\n\n\n\n<p>Der Geschmack steht dem in nichts nach. Jeder Zug ist voller Nuancen, die an Gew\u00fcrze, frische Fr\u00fcchte und Minze erinnern und ein einzigartiges und sehr angenehmes Geschmackserlebnis schaffen. Dieser besondere Geschmack macht sie zu einem Favoriten unter Growern und Nutzern, die etwas anderes und unvergessliches suchen.<\/p>\n\n\n\n<p>Was ihre Effekte angeht, ist <strong>Himalaya Gold<\/strong> bekannt f\u00fcr ihr kraftvolles Energie- und Kreativit\u00e4tshigh, das den ganzen K\u00f6rper durchstr\u00f6mt und den Geist mit neuen Ideen und stimulierenden Empfindungen f\u00fcllt. Mit der Zeit verwandeln sich diese belebenden Effekte in eine tiefe und entspannende Ruhe, ideal zum Ausklang des Tages. Die THC-Werte dieses Strains variieren zwischen 15% und 20%, was ein perfektes Gleichgewicht zwischen Potenz und Handhabbarkeit bietet. Der CBD-Gehalt ist niedrig, in der Regel unter 1%, was bedeutet, dass ihre Effekte \u00fcberwiegend psychoaktiv sind und von denen sehr gesch\u00e4tzt werden, die ein umfassendes und vielschichtiges Erlebnis suchen.<\/p>\n\n\n\n<h3 class=\"wp-block-heading\">Terpene der Himalaya Gold<\/h3>\n\n\n\n<p>Die Terpene der <strong>Himalaya Gold<\/strong> spielen eine entscheidende Rolle in ihrem Aromaprofil und ihren Effekten. Das dominante Terpen ist <strong>Pinen<\/strong>, bekannt f\u00fcr seinen frischen Kiefernduft und seine entz\u00fcndungshemmenden und bronchodilatatorischen Effekte, was f\u00fcr Nutzer mit Atemproblemen von Vorteil sein kann. Dieses Terpen tr\u00e4gt auch zur Verbesserung des Ged\u00e4chtnisses und der Konzentration bei.<\/p>\n\n\n\n<p>Ein weiteres Terpen, das in der <strong>Himalaya Gold<\/strong> vorkommt, ist <strong>Terpinolen<\/strong>, das fruchtige Aromen und antioxidative Effekte beisteuert. <strong>Myrcen<\/strong> mit seinem krautigen Duft und seinen beruhigenden Effekten vervollst\u00e4ndigt das terpenische Profil dieses Strains. Diese Terpene bereichern nicht nur die olfaktorische und geschmackliche Erfahrung, sondern verst\u00e4rken auch die therapeutischen Effekte der Pflanze und bieten ein ganzheitliches und zufriedenstellendes Erlebnis.<\/p>\n\n\n\n<h2 class=\"wp-block-heading\">Produktion und Bl\u00fctezeit<\/h2>\n\n\n\n<p>Die <strong>Himalaya Gold<\/strong> ist eine wahre Meisterin, wenn es um Produktion geht. In Au\u00dfenanbau kann diese Sorte eine imposante H\u00f6he von bis zu 3 Metern erreichen und einen au\u00dfergew\u00f6hnlichen Ertrag liefern. Die gr\u00f6\u00dften Pflanzen k\u00f6nnen zwischen <strong>1300 und 1500 Gramm<\/strong> trockene Bl\u00fcten produzieren, was sie zu einer idealen Wahl f\u00fcr diejenigen macht, die ihre Ernte maximieren m\u00f6chten.<\/p>\n\n\n\n<p>Auch im Innenbereich erweist sich die <strong>Himalaya Gold<\/strong> als \u00e4u\u00dferst produktiv. Mit einem guten LED-Beleuchtungssystem von 300 bis 350W pro Quadratmeter k\u00f6nnen die Ertr\u00e4ge zwischen <strong>500 und 600 Gramm pro Quadratmeter<\/strong> liegen. Ihre kr\u00e4ftige Struktur und die Vielzahl an Seitentrieben machen es empfehlenswert, Anbautechniken wie Topping oder SCROG anzuwenden, um ihre H\u00f6he zu kontrollieren und die Produktion zu optimieren.<\/p>\n\n\n\n<p>Die <strong>Bl\u00fctezeit<\/strong> der <strong>Himalaya Gold<\/strong> ist bemerkenswert kurz, was sie f\u00fcr Grower, die schnelle Ergebnisse suchen, sehr attraktiv macht. Im Innenbereich dauert die Bl\u00fctephase von der Umstellung auf den Bl\u00fctezyklus bis zur Ernte <strong>8 bis 9 Wochen<\/strong>. Diese kurze Bl\u00fctezeit erm\u00f6glicht schnelle und effiziente Ernten.<\/p>\n\n\n\n<p>Im Freien ist die <strong>Himalaya Gold<\/strong> Ende September erntereif, was sie perfekt f\u00fcr Regionen macht, in denen die ersten Herbstregen im Oktober beginnen. Ihre schnelle Bl\u00fctezeit stellt sicher, dass die Pflanzen geerntet werden k\u00f6nnen, bevor ung\u00fcnstige Wetterbedingungen die Qualit\u00e4t der Ernte beeintr\u00e4chtigen.<\/p>\n\n\n\n<h2 class=\"wp-block-heading\">Anbau von Himalaya Gold<\/h2>\n\n\n\n<p>Die <strong>Himalaya Gold<\/strong> zeichnet sich durch ihre Anbauleichtigkeit aus, was sie sowohl f\u00fcr Anf\u00e4nger als auch f\u00fcr erfahrene Grower zu einer idealen Wahl macht. Dank ihrer robusten Genetik ist diese Pflanze sehr widerstandsf\u00e4hig und kann sich an verschiedene Anbaubedingungen ohne gr\u00f6\u00dfere Probleme anpassen.<\/p>\n\n\n\n<p>Bez\u00fcglich der <strong>klimatischen Bedingungen<\/strong> gedeiht sie am besten in gem\u00e4\u00dfigten und warmen Klimazonen. Ihre Widerstandsf\u00e4higkeit erm\u00f6glicht jedoch auch ein gutes Wachstum in k\u00e4lteren Klimazonen, sofern die notwendigen Vorsichtsma\u00dfnahmen getroffen werden, um sie vor Frost und \u00fcberm\u00e4\u00dfigen Regenf\u00e4llen zu sch\u00fctzen. Im Freien empfehlen wir, sie an einem Ort zu pflanzen, der viel Sonnenlicht erh\u00e4lt und vor starken Winden gesch\u00fctzt ist.<\/p>\n\n\n\n<p>Diese Sorte ist bemerkenswert <strong>widerstandsf\u00e4hig gegen Sch\u00e4dlinge und Krankheiten<\/strong>. Dank ihrer Hybridvitalit\u00e4t kann sie Angriffe von Insekten und Pilzen besser abwehren als viele andere Sorten. Trotzdem ist es immer ratsam, regelm\u00e4\u00dfige Kontrollen durchzuf\u00fchren und bei Bedarf vorbeugende Ma\u00dfnahmen zu ergreifen.<\/p>\n\n\n\n<div style=\"height:50px\" aria-hidden=\"true\" class=\"wp-block-spacer uag-hide-mob\"><\/div>\n\n\n\n<div class=\"wp-block-columns is-layout-flex wp-container-core-columns-is-layout-28f84493 wp-block-columns-is-layout-flex\">\n<div class=\"wp-block-column is-layout-flow wp-block-column-is-layout-flow\">\n<p class=\"has-text-align-center has-medium-font-size\"><strong>Was wir am meisten m\u00f6gen<\/strong><\/p>\n\n\n\n<ul class=\"wp-block-list\">\n<li>Sehr einfach zu kultivieren.<\/li>\n\n\n\n<li>Schnelle Bl\u00fctezeit.<\/li>\n\n\n\n<li>XXL-Ertrag.<\/li>\n\n\n\n<li>Sehr intensive Effekte mit einem ruhigen Ende.<\/li>\n<\/ul>\n<\/div>\n\n\n\n<div class=\"wp-block-column is-layout-flow wp-block-column-is-layout-flow\">\n<p class=\"has-text-align-center has-medium-font-size\"><strong>Was wir weniger m\u00f6gen<\/strong><\/p>\n\n\n\n<ul class=\"wp-block-list\">\n<li>W\u00e4hrend der Bl\u00fctezeit sehr geruchsintensiv.<\/li>\n<\/ul>\n<\/div>\n<\/div>\n\n\n\n<div style=\"height:50px\" aria-hidden=\"true\" class=\"wp-block-spacer uag-hide-mob\"><\/div>\n\n\n\n<h2 class=\"wp-block-heading\">H\u00e4ufig gestellte Fragen<\/h2>\n\n\n\n<p>Im Folgenden findest du die Antworten auf die h\u00e4ufigsten Fragen, die Grower zu diesem Strain haben:<\/p>\n\n\n<div id=\"rank-math-faq\" class=\"rank-math-block\">\n<div class=\"rank-math-list \">\n<div id=\"faq-question-1663029074962\" class=\"rank-math-list-item\">\n<h3 class=\"rank-math-question \">Ist Himalaya Gold Sativa oder Indica?<\/h3>\n<div class=\"rank-math-answer \">\n\n<p>Die <strong>Himalaya Gold<\/strong> ist ein Hybrid mit einer ausgewogenen genetischen Zusammensetzung, die sowohl Sativa- als auch Indica-Merkmale kombiniert. Sie besteht zu etwa 60% aus Indica und zu 40% aus Sativa. Sativa-Sorten sind bekannt f\u00fcr ihr hohes, schlankes Wachstum und ihre energetisierenden, zerebralen Effekte. Indicas hingegen sind in der Regel kompakter und robuster, mit entspannenden, k\u00f6rperlichen Effekten. Die <strong>Himalaya Gold<\/strong> vereint das Beste aus beiden Welten und bietet sowohl ein kr\u00e4ftiges Wachstum als auch stimulierende und entspannende Effekte.<\/p>\n\n<\/div>\n<\/div>\n<div id=\"faq-question-1663029159933\" class=\"rank-math-list-item\">\n<h3 class=\"rank-math-question \">Welche Kreuzung ist Himalaya Gold?<\/h3>\n<div class=\"rank-math-answer \">\n\n<p>Die <strong>Himalaya Gold<\/strong> ist eine originelle Kreuzung aus Genetiken aus Nepal und Nordindien. Diese Kombination verleiht ihr ihre einzigartigen Eigenschaften, einschlie\u00dflich ihres kr\u00e4ftigen Wachstums, ihrer Widerstandsf\u00e4higkeit und ihres charakteristischen Geschmacksprofils.<\/p>\n\n<\/div>\n<\/div>\n<div id=\"faq-question-1663029165861\" class=\"rank-math-list-item\">\n<h3 class=\"rank-math-question \">Wann beginnt die Bl\u00fctezeit von Himalaya Gold?<\/h3>\n<div class=\"rank-math-answer \">\n\n<p>Im Freien beginnt die Bl\u00fctezeit der <strong>Himalaya Gold<\/strong> zwischen Ende Juli und Mitte August, abh\u00e4ngig von der Anbauregion.<\/p>\n\n<\/div>\n<\/div>\n<div id=\"faq-question-1666780029954\" class=\"rank-math-list-item\">\n<h3 class=\"rank-math-question \">Wann wird Himalaya Gold geerntet?<\/h3>\n<div class=\"rank-math-answer \">\n\n<p>Die <strong>Himalaya Gold<\/strong> ist eine schnell bl\u00fchende Sorte, die Ende September geerntet wird. Dies macht sie ideal f\u00fcr Regionen, in denen die ersten Herbstregen im Oktober einsetzen.<\/p>\n\n<\/div>\n<\/div>\n<div id=\"faq-question-1721721218053\" class=\"rank-math-list-item\">\n<h3 class=\"rank-math-question \">Wie wird Himalaya Gold angebaut?<\/h3>\n<div class=\"rank-math-answer \">\n\n<p>Die <strong>Himalaya Gold<\/strong> ist leicht anzubauen und sehr widerstandsf\u00e4hig. Sie eignet sich gut f\u00fcr den Innen- und Au\u00dfenanbau. Im Innenbereich empfehlen wir Techniken wie das Topping oder SCROG, um ihre H\u00f6he zu kontrollieren und die Produktion zu maximieren. Im Freien w\u00e4chst sie am besten in gem\u00e4\u00dfigten und warmen Klimazonen, kann aber auch k\u00e4ltere Klimazonen tolerieren, wenn die notwendigen Vorkehrungen getroffen werden.<\/p>\n\n<\/div>\n<\/div>\n<div id=\"faq-question-1721721219983\" class=\"rank-math-list-item\">\n<h3 class=\"rank-math-question \">Wie schmeckt Himalaya Gold?<\/h3>\n<div class=\"rank-math-answer \">\n\n<p>Der Geschmack der <strong>Himalaya Gold<\/strong> ist eine k\u00f6stliche Mischung aus frischen, mentholartigen und fruchtigen Noten, mit w\u00fcrzigen Akzenten und einer leichten Sch\u00e4rfe. Jeder Zug bietet ein reichhaltiges und komplexes Geschmackserlebnis, das jeden Cannabis-Liebhaber begeistern wird.<\/p>\n\n<\/div>\n<\/div>\n<div id=\"faq-question-1721721220972\" class=\"rank-math-list-item\">\n<h3 class=\"rank-math-question \">Wie hoch ist der Cannabinoidgehalt von Himalaya Gold?<\/h3>\n<div class=\"rank-math-answer \">\n\n<p>Die Buds der <strong>Himalaya Gold<\/strong> haben einen THC-Gehalt, der zwischen 15% und 20% variiert und ein perfektes Gleichgewicht zwischen Potenz und Handhabbarkeit bietet. Der CBD-Gehalt ist niedrig, in der Regel unter 1%.<\/p>\n\n<\/div>\n<\/div>\n<div id=\"faq-question-1721721222543\" class=\"rank-math-list-item\">\n<h3 class=\"rank-math-question \">Welche Effekte hat Himalaya Gold?<\/h3>\n<div class=\"rank-math-answer \">\n\n<p>Die <strong>Himalaya Gold<\/strong> bietet ein energetisierendes und kreatives High, das den ganzen K\u00f6rper durchstr\u00f6mt, gefolgt von einer tiefen und entspannenden Ruhe. Diese Effekte machen sie ideal sowohl f\u00fcr den Tag als auch f\u00fcr die Nacht und bieten ein ausgewogenes und vielschichtiges Erlebnis.<\/p>\n\n<\/div>\n<\/div>\n<\/div>\n<\/div>","protected":false},"excerpt":{"rendered":"<p>Entdecke die <b>Himalaya Gold<\/b>, einen einfach zu kultivierenden und hochproduktiven Strain. Genie\u00dfe ein <strong>energetisches und kreatives High<\/strong>, gefolgt von einer <strong>tiefen Entspannung<\/strong>. Perfekt f\u00fcr jeden Grower bietet diese widerstandsf\u00e4hige Pflanze <strong>XXL-Ernten<\/strong> und ein exotisches Geschmacksprofil, das jeden Cannabis-Enthusiasten begeistern wird.<\/p>\n","protected":false},"featured_media":11617,"comment_status":"open","ping_status":"closed","template":"","meta":{"_acf_changed":false,"inline_featured_image":false,"_uag_custom_page_level_css":""},"product_brand":[],"product_cat":[1097],"product_tag":[],"class_list":{"0":"post-9993","1":"product","2":"type-product","3":"status-publish","4":"has-post-thumbnail","6":"product_cat-feminisierte-cannabis-samen","8":"first","9":"outofstock","10":"taxable","11":"shipping-taxable","12":"purchasable","13":"product-type-simple"},"acf":[],"uagb_featured_image_src":{"full":["https:\/\/bulkgenetics.com\/wp-content\/uploads\/2022\/09\/Himalaya-gold.jpg",1600,1600,false],"thumbnail":["https:\/\/bulkgenetics.com\/wp-content\/uploads\/2022\/09\/Himalaya-gold-150x150.jpg",150,150,true],"medium":["https:\/\/bulkgenetics.com\/wp-content\/uploads\/2022\/09\/Himalaya-gold-300x300.jpg",300,300,true],"medium_large":["https:\/\/bulkgenetics.com\/wp-content\/uploads\/2022\/09\/Himalaya-gold-768x768.jpg",768,768,true],"large":["https:\/\/bulkgenetics.com\/wp-content\/uploads\/2022\/09\/Himalaya-gold-1024x1024.jpg",1024,1024,true],"1536x1536":["https:\/\/bulkgenetics.com\/wp-content\/uploads\/2022\/09\/Himalaya-gold-1536x1536.jpg",1536,1536,true],"2048x2048":["https:\/\/bulkgenetics.com\/wp-content\/uploads\/2022\/09\/Himalaya-gold.jpg",1600,1600,false],"commercegurus-pdp-large":["https:\/\/bulkgenetics.com\/wp-content\/uploads\/2022\/09\/Himalaya-gold-990x990.jpg",990,990,true],"commercegurus-plp-mobile":["https:\/\/bulkgenetics.com\/wp-content\/uploads\/2022\/09\/Himalaya-gold-441x441.jpg",441,441,true],"cgkit_image_swatch":["https:\/\/bulkgenetics.com\/wp-content\/uploads\/2022\/09\/Himalaya-gold-100x100.jpg",100,100,true],"woocommerce_thumbnail":["https:\/\/bulkgenetics.com\/wp-content\/uploads\/2022\/09\/Himalaya-gold-300x300.jpg",300,300,true],"woocommerce_single":["https:\/\/bulkgenetics.com\/wp-content\/uploads\/2022\/09\/Himalaya-gold-800x800.jpg",800,800,true],"woocommerce_gallery_thumbnail":["https:\/\/bulkgenetics.com\/wp-content\/uploads\/2022\/09\/Himalaya-gold-150x150.jpg",150,150,true],"dgwt-wcas-product-suggestion":["https:\/\/bulkgenetics.com\/wp-content\/uploads\/2022\/09\/Himalaya-gold-64x64.jpg",64,64,true]},"uagb_author_info":{"display_name":"Bruno Crespo","author_link":"https:\/\/bulkgenetics.com\/de\/author\/"},"uagb_comment_info":0,"uagb_excerpt":"Entdecke die Himalaya Gold, einen einfach zu kultivierenden und hochproduktiven Strain. Genie\u00dfe ein energetisches und kreatives High, gefolgt von einer tiefen Entspannung. Perfekt f\u00fcr jeden Grower bietet diese widerstandsf\u00e4hige Pflanze XXL-Ernten und ein exotisches Geschmacksprofil, das jeden Cannabis-Enthusiasten begeistern wird.","_links":{"self":[{"href":"https:\/\/bulkgenetics.com\/de\/wp-json\/wp\/v2\/product\/9993","targetHints":{"allow":["GET"]}}],"collection":[{"href":"https:\/\/bulkgenetics.com\/de\/wp-json\/wp\/v2\/product"}],"about":[{"href":"https:\/\/bulkgenetics.com\/de\/wp-json\/wp\/v2\/types\/product"}],"replies":[{"embeddable":true,"href":"https:\/\/bulkgenetics.com\/de\/wp-json\/wp\/v2\/comments?post=9993"}],"wp:featuredmedia":[{"embeddable":true,"href":"https:\/\/bulkgenetics.com\/de\/wp-json\/wp\/v2\/media\/11617"}],"wp:attachment":[{"href":"https:\/\/bulkgenetics.com\/de\/wp-json\/wp\/v2\/media?parent=9993"}],"wp:term":[{"taxonomy":"product_brand","embeddable":true,"href":"https:\/\/bulkgenetics.com\/de\/wp-json\/wp\/v2\/product_brand?post=9993"},{"taxonomy":"product_cat","embeddable":true,"href":"https:\/\/bulkgenetics.com\/de\/wp-json\/wp\/v2\/product_cat?post=9993"},{"taxonomy":"product_tag","embeddable":true,"href":"https:\/\/bulkgenetics.com\/de\/wp-json\/wp\/v2\/product_tag?post=9993"}],"curies":[{"name":"wp","href":"https:\/\/api.w.org\/{rel}","templated":true}]}}