{"id":1004,"date":"2020-10-09T13:39:05","date_gmt":"2020-10-09T11:39:05","guid":{"rendered":"http:\/\/shoptimizer.local\/?page_id=848"},"modified":"2023-02-07T15:21:29","modified_gmt":"2023-02-07T14:21:29","slug":"sobre-nosotros","status":"publish","type":"page","link":"https:\/\/bulkgenetics.com\/es\/sobre-nosotros\/","title":{"rendered":"Sobre nosotros"},"content":{"rendered":"\n<div class=\"wp-block-stackable-spacer stk-block-spacer stk--no-padding stk-block stk-ca99e2c\" data-block-id=\"ca99e2c\"><\/div>\n\n\n\n<h2 class=\"has-text-align-center wp-block-heading\">\u00bfQui\u00e9nes Somos?<\/h2>\n\n\n\n<div class=\"wp-block-stackable-spacer stk-block-spacer stk--no-padding stk-block stk-4172734\" data-block-id=\"4172734\"><\/div>\n\n\n\n<p>Bulk Genetics es un grupo de cultivadores y personas <strong>apasionadas por el cannabis, la gen\u00e9tica y el cultivo de la planta<\/strong>. Tras a\u00f1os de experiencia, intercambios, cultivo y pasi\u00f3n, decidieron ofrecer un cat\u00e1logo de semillas de marihuana a granel <strong>para que todos los cultivadores puedan acceder a las mejores gen\u00e9ticas<\/strong>. Bulk Genetics trabaja en colaboraci\u00f3n con los <strong><em>breeders<\/em> m\u00e1s importantes de Espa\u00f1a y Europa<\/strong> para producir gen\u00e9ticas estables, testadas y aprobadas tras numerosas pruebas de calidad.<\/p>\n\n\n\n<p>Los <em>breeders<\/em> que trabajan en la creaci\u00f3n de las gen\u00e9ticas de nuestro cat\u00e1logo colaboran con los mayores bancos de semillas. Esto nos permite <strong>ofrecer gen\u00e9ticas con unos niveles de calidad dignos de los m\u00e1s altos est\u00e1ndares<\/strong>. El trabajo realizado es laborioso y las selecciones se hacen tomando como criterios principales, la producci\u00f3n de terpenos y cannabinoides, pero tambi\u00e9n el vigor durante el cultivo y por supuesto los valores de la variedad cultivada. Gracias al trabajo de <em>breeders<\/em> con talento, <strong>podemos ofrecerte lo mejor que las semillas de marihuana a granel pueden ofrecer<\/strong>.<\/p>\n\n\n\n<p>Para asegurarnos de que solo ofrecemos la mejor calidad, la cosecha y selecci\u00f3n de las semillas de marihuana se realiza manualmente. As\u00ed que cuando compras semillas de marihuana a granel de Bulk Genetics, puedes estar <strong>seguro de una germinaci\u00f3n \u00f3ptima y un crecimiento sano de las plantas<\/strong>. Podr\u00e1s disfrutar de la marihuana, de la mejor manera posible, desde la compra de la semilla hasta la cosecha.<\/p>\n\n\n\n<div class=\"wp-block-stackable-spacer stk-block-spacer stk--no-padding stk-block stk-07cb008\" data-block-id=\"07cb008\"><\/div>\n\n\n\n<div class=\"wp-block-stackable-image stk-block-image stk-block stk-53b8182\" data-block-id=\"53b8182\"><style>.stk-53b8182 .stk-img-wrapper{width:600px !important}<\/style><figure class=\"stk-img-wrapper stk-image--shape-stretch\"><img loading=\"lazy\" decoding=\"async\" class=\"stk-img wp-image-14557\" src=\"https:\/\/bulkgenetics.com\/wp-content\/uploads\/2023\/02\/bulk-genetics-seeds-1024x644-1.jpg\" width=\"1024\" height=\"644\" alt=\"Bulk Genetics\" srcset=\"https:\/\/bulkgenetics.com\/wp-content\/uploads\/2023\/02\/bulk-genetics-seeds-1024x644-1.jpg 1024w, https:\/\/bulkgenetics.com\/wp-content\/uploads\/2023\/02\/bulk-genetics-seeds-1024x644-1-300x189.jpg 300w, https:\/\/bulkgenetics.com\/wp-content\/uploads\/2023\/02\/bulk-genetics-seeds-1024x644-1-768x483.jpg 768w, https:\/\/bulkgenetics.com\/wp-content\/uploads\/2023\/02\/bulk-genetics-seeds-1024x644-1-990x623.jpg 990w, https:\/\/bulkgenetics.com\/wp-content\/uploads\/2023\/02\/bulk-genetics-seeds-1024x644-1-441x277.jpg 441w, https:\/\/bulkgenetics.com\/wp-content\/uploads\/2023\/02\/bulk-genetics-seeds-1024x644-1-800x503.jpg 800w, https:\/\/bulkgenetics.com\/wp-content\/uploads\/2023\/02\/bulk-genetics-seeds-1024x644-1-150x94.jpg 150w, https:\/\/bulkgenetics.com\/wp-content\/uploads\/2023\/02\/bulk-genetics-seeds-1024x644-1-64x40.jpg 64w\" sizes=\"auto, (max-width: 1024px) 100vw, 1024px\" \/><\/figure><\/div>\n\n\n\n<div class=\"wp-block-stackable-spacer stk-block-spacer stk--no-padding stk-block stk-542710a\" data-block-id=\"542710a\"><\/div>\n\n\n\n<h2 class=\"has-text-align-center wp-block-heading\">Nuestra misi\u00f3n<\/h2>\n\n\n\n<div class=\"wp-block-stackable-spacer stk-block-spacer stk--no-padding stk-block stk-744bd79\" data-block-id=\"744bd79\"><\/div>\n\n\n\n<p>Con el equipe de Bulk Genetics queremos proponerte <strong>el cat\u00e1logo m\u00e1s amplio posible al mejor precio del mercado<\/strong>, para compartir nuestro amor por la planta de marihuana y la gen\u00e9tica. Encontrar\u00e1s en nuestro cat\u00e1logo <strong>los grandes cl\u00e1sicos<\/strong>, que sean Indica como Sativa, pero tambi\u00e9n algunas de <strong>las \u00faltimas gen\u00e9ticas m\u00e1s populares<\/strong>. Podr\u00e1s repasar tus cl\u00e1sicos y experimentar las \u00faltimas sensaciones cannabicas. Para garantizar que haya algo para todos, el cat\u00e1logo de Bulk Genetics incluye semillas de cannabis a granel feminizadas y regulares, as\u00ed como semillas autoflorecientes.<\/p>\n\n\n\n<p>Ofrecemos <strong>las mejores semillas de marihuana al mejor precio<\/strong>, para que todos los cultivadores que decidan cultivar Bulk Genetics puedan disfrutar de cosechas tan sabrosas como ricas en cannabinoides. <strong>La satisfacci\u00f3n del cliente es nuestro principal objetivo<\/strong>, descubre en el cat\u00e1logo de semillas de marihuana de Bulk Genetics, la pr\u00f3xima variedad para cultivar en tu jard\u00edn exterior o interior.<\/p>\n\n\n\n<p>Uno de nuestros objetivos es cuidar la planta de cannabis, ofreciendo un cat\u00e1logo con una multitud de variedades diversas, con la idea de ayudar a <strong>preservar la gen\u00e9tica de marihuana<\/strong>. Debido a la prohibici\u00f3n, algunos de los grandes cl\u00e1sicos est\u00e1n en peligro, cuantas m\u00e1s semillas distribuyamos, m\u00e1s podremos garantizar que la gen\u00e9tica se conserve y <strong>que la marihuana siga creciendo y desarroll\u00e1ndose<\/strong>.<\/p>\n\n\n\n<p>La informaci\u00f3n que damos sobre las semillas de marihuana en nuestro cat\u00e1logo es \u00fatil para las personas que quieren conocer las caracter\u00edsticas de<strong> las semillas que guardan para coleccionar<\/strong>. Por supuesto, tambi\u00e9n es <strong>muy \u00fatil para los cultivadores<\/strong> que viven en pa\u00edses donde el cultivo de cannabis es legal.<\/p>\n","protected":false},"excerpt":{"rendered":"<p>\u00bfQui\u00e9nes Somos? Bulk Genetics es un grupo de cultivadores y personas apasionadas por el cannabis, la gen\u00e9tica y el cultivo de la planta. Tras a\u00f1os de experiencia, intercambios, cultivo y pasi\u00f3n, decidieron ofrecer un cat\u00e1logo de semillas de marihuana a granel para que todos los cultivadores puedan acceder a las mejores gen\u00e9ticas. Bulk Genetics trabaja [&hellip;]<\/p>\n","protected":false},"author":1,"featured_media":0,"parent":0,"menu_order":0,"comment_status":"closed","ping_status":"closed","template":"template-fullwidth-contained.php","meta":{"_acf_changed":false,"inline_featured_image":false,"_uag_custom_page_level_css":"","footnotes":""},"class_list":["post-1004","page","type-page","status-publish","hentry"],"acf":[],"uagb_featured_image_src":{"full":false,"thumbnail":false,"medium":false,"medium_large":false,"large":false,"1536x1536":false,"2048x2048":false,"commercegurus-pdp-large":false,"commercegurus-plp-mobile":false,"cgkit_image_swatch":false,"woocommerce_thumbnail":false,"woocommerce_single":false,"woocommerce_gallery_thumbnail":false,"dgwt-wcas-product-suggestion":false},"uagb_author_info":{"display_name":"Chris","author_link":"https:\/\/bulkgenetics.com\/es\/author\/chriscarter\/"},"uagb_comment_info":0,"uagb_excerpt":"\u00bfQui\u00e9nes Somos? Bulk Genetics es un grupo de cultivadores y personas apasionadas por el cannabis, la gen\u00e9tica y el cultivo de la planta. Tras a\u00f1os de experiencia, intercambios, cultivo y pasi\u00f3n, decidieron ofrecer un cat\u00e1logo de semillas de marihuana a granel para que todos los cultivadores puedan acceder a las mejores gen\u00e9ticas. Bulk Genetics trabaja&hellip;","_links":{"self":[{"href":"https:\/\/bulkgenetics.com\/es\/wp-json\/wp\/v2\/pages\/1004","targetHints":{"allow":["GET"]}}],"collection":[{"href":"https:\/\/bulkgenetics.com\/es\/wp-json\/wp\/v2\/pages"}],"about":[{"href":"https:\/\/bulkgenetics.com\/es\/wp-json\/wp\/v2\/types\/page"}],"author":[{"embeddable":true,"href":"https:\/\/bulkgenetics.com\/es\/wp-json\/wp\/v2\/users\/1"}],"replies":[{"embeddable":true,"href":"https:\/\/bulkgenetics.com\/es\/wp-json\/wp\/v2\/comments?post=1004"}],"version-history":[{"count":0,"href":"https:\/\/bulkgenetics.com\/es\/wp-json\/wp\/v2\/pages\/1004\/revisions"}],"wp:attachment":[{"href":"https:\/\/bulkgenetics.com\/es\/wp-json\/wp\/v2\/media?parent=1004"}],"curies":[{"name":"wp","href":"https:\/\/api.w.org\/{rel}","templated":true}]}}