{"id":12076,"date":"2022-11-17T07:10:53","date_gmt":"2022-11-17T06:10:53","guid":{"rendered":"https:\/\/www.bulkgenetics.com\/?page_id=12076"},"modified":"2026-02-06T03:03:43","modified_gmt":"2026-02-06T02:03:43","slug":"premium-bulk-cannabis-seeds","status":"publish","type":"page","link":"https:\/\/bulkgenetics.com\/","title":{"rendered":"Premium Bulk Cannabis Seeds"},"content":{"rendered":"\n<link href=\"\/static\/bootstrap\/css\/bootstrap.min.css\" rel=\"stylesheet\" crossorigin=\"anonymous\">\n    <style>\n        body, a, a:hover, a:link, a:visited, a:active {\n            color: #030305;\n        }\n\n        a {\n            text-decoration: none;\n        }\n        \n        a:hover {\n            border-bottom: 1px solid;\n        }\n        \n        .languages-top__title {\n            display: inline-block;\n            vertical-align: middle;\n            vertical-align: middle;\n            margin-bottom: 30px;\n        }\n\n        .languages-top h1 {\n            padding: 0 20px;\n            margin: 0;\n        }\n\n        h1 {\n            font-size: 48px;\n        }\n\n        .sep_horizontal {\n            width: 50%;\n            height: 1px;\n            grid-column: 1\/ -1;\n            margin: 0 auto ;\n            background: #260f99;\n        }\n\n        .languages-top__title .sep {\n            background: #979797;\n            margin: 0;\n        }\n\n        .languages__item {\n            -ms-grid-column: span 1;\n            grid-column: span 1;\n            margin: 0 20px 60px;\n        }\n        \n        .languages__image {\n            display: block;\n            margin-bottom: 33px;\n            border: 0 !important;\n        }\n        \n        @media (max-width: 640px) {\n            .languages__image {\n                display: none;\n            }\n        }\n        \n        .languages__image img {\n            display: block;\n            max-width: 128px;\n            width: 100%;\n        }\n        \n        .languages__title {\n            font-size: 24px;\n            font-weight: bold;\n            margin-bottom: 24px;\n        }\n        \n        .languages__list {\n            list-style-type: none;\n            font-weight: bold;\n            margin: 0;\n           padding: 0;\n        }\n        \n        .languages__list li {\n            display: block;\n            margin: 0 0 20px;\n        }\n\n    <\/style>\n    <div class=\"px-4 py-5 my-5 text-center\">\n        <img loading=\"lazy\" decoding=\"async\" class=\"d-block mx-auto mb-4\" src=\"https:\/\/bulkgenetics.com\/wp-content\/uploads\/2022\/12\/logo-bulk-genetics-portada-1.png\" alt=\"\" width=\"256\" height=\"209\">\n\n        <h1 class=\"display-5 fw-bold languages-top__title\">Premium Bulk Cannabis Seeds<\/h1>\n        <div class=\"sep sep_horizontal\"><\/div>\n  <\/div>\n    \n    <div id=\"main\" class=\"container\">\n        <div class=\"grid\">\n            \n            <div class=\"g-col-6 g-col-xxl-3 g-col-xl-4 g-col-lg-4 languages__item\">\n                <a class=\"languages__image\" href=\"\/en\/\"><img decoding=\"async\" src=\"\/static\/images\/en.svg\" alt=\"English\"><\/a>\n                <div class=\"languages__title\"><a href=\"\/en\/\">English<\/a><\/div>\n                <ul class=\"languages__list\">\n                    <li><a href=\"\/en\/bulk-feminized-seeds\/\">Feminized seeds<\/a><\/li>\n                    <li><a href=\"\/en\/bulk-autoflowering-seeds\/\">Automatic seeds<\/a><\/li>\n                    <li><a href=\"\/en\/bulk-regular-seeds\/\">Regular seeds<\/a><\/li>\n                    <li><a href=\"\/en\/bulk-cbd-seeds\/\">CBD seeds<\/a><\/li>\n                    <li><a href=\"\/en\/blog\/\">Blog<\/a><\/li>\n                <\/ul>\n            <\/div>\n            \n            <div class=\"g-col-6 g-col-xxl-3 g-col-xl-4 g-col-lg-4 languages__item\">\n                <a class=\"languages__image\" href=\"https:\/\/bulkgenetics.es\/\" target=\"_blank\" rel=\"noopener\"><img decoding=\"async\" src=\"\/static\/images\/es.svg\" alt=\"Espa\u00f1ol\"><\/a>\n                <div class=\"languages__title\"><a href=\"https:\/\/bulkgenetics.es\/\" target=\"_blank\" rel=\"noopener\">Espa\u00f1ol<\/a><\/div>\n                <ul class=\"languages__list\">\n                    <li><a href=\"https:\/\/bulkgenetics.es\/c\/semillas-feminizadas\/\" target=\"_blank\" rel=\"noopener\">Semillas feminizadas<\/a><\/li>\n                    <li><a href=\"https:\/\/bulkgenetics.es\/c\/semillas-autoflorecientes\/\" target=\"_blank\" rel=\"noopener\">Semillas autoflorecientes<\/a><\/li>\n                    <li><a href=\"https:\/\/bulkgenetics.es\/c\/semillas-regulares\/\" target=\"_blank\" rel=\"noopener\">Semillas regulares<\/a><\/li>\n                    <li><a href=\"https:\/\/bulkgenetics.es\/c\/semillas-cbd\/\" target=\"_blank\" rel=\"noopener\">Semillas CBD<\/a><\/li>\n                    <li><a href=\"https:\/\/bulkgenetics.es\/blog\/\" target=\"_blank\" rel=\"noopener\">Blog<\/a><\/li>\n                <\/ul>\n            <\/div>\n            \n            <div class=\"g-col-6 g-col-xxl-3 g-col-xl-4 g-col-lg-4 languages__item\">\n                <a class=\"languages__image\" href=\"\/fr\/\"><img decoding=\"async\" src=\"\/static\/images\/fr.svg\" alt=\"Fran\u00e7ais\"><\/a>\n                <div class=\"languages__title\"><a href=\"\/fr\/\">Fran\u00e7ais<\/a><\/div>\n                <ul class=\"languages__list\">\n                    <li><a href=\"\/fr\/graines-feminisees-en-gros\/\">Graines f\u00e9minis\u00e9es<\/a><\/li>\n                    <li><a href=\"\/fr\/graines-autofloraison-en-gros\/\">Graines autofloraison<\/a><\/li>\n                    <li><a href=\"\/fr\/graines-regulieres-en-gros\/\">Graines r\u00e9guli\u00e8res<\/a><\/li>\n                    <li><a href=\"\/fr\/graines-cbd-en-gros\/\">Graines CBD<\/a><\/li>\n                    <li><a href=\"\/fr\/blog\/\">Blog<\/a><\/li>\n                <\/ul>\n            <\/div>\n            \n            <div class=\"g-col-6 g-col-xxl-3 g-col-xl-4 g-col-lg-4 languages__item\">\n                <a class=\"languages__image\" href=\"\/de\/\"><img decoding=\"async\" src=\"\/static\/images\/de.svg\" alt=\"Deutsch\"><\/a>\n                <div class=\"languages__title\"><a href=\"\/de\/\">Deutsch<\/a><\/div>\n                <ul class=\"languages__list\">\n                    <li><a href=\"\/de\/feminisierte-hanfsamen\/\">Feminisierte hanfsamen<\/a><\/li>\n                    <li><a href=\"\/de\/autoflowering-cannabis-samen\/\">Autoflowering samen<\/a><\/li>\n                    <li><a href=\"\/de\/regulare-samen\/\">Regul\u00e4re samen<\/a><\/li>\n                    <li><a href=\"\/de\/cbd-bulk-samen\/\">CBD samen<\/a><\/li>\n                    <li><a href=\"\/de\/blog\/\">Blog<\/a><\/li>\n                <\/ul>\n            <\/div>\n<!--            \n            <div class=\"g-col-6 g-col-xxl-3 g-col-xl-4 g-col-lg-4 languages__item\">\n                <a class=\"languages__image\" href=\"\/it\/\"><img decoding=\"async\" src=\"\/static\/images\/it.svg\" alt=\"Italiano\"><\/a>\n                <div class=\"languages__title\"><a href=\"\/it\/\">Italiano<\/a><\/div>\n                <ul class=\"languages__list\">\n                    <li><a href=\"\/it\/feminized-seeds\">Semi femminizzati<\/a><\/li>\n                    <li><a href=\"\/it\/autoflowering\">Semi autofiorenti<\/a><\/li>\n                    <li><a href=\"\/it\/cannabis-seeds\">Semi regolari<\/a><\/li>\n                    <li><a href=\"\/it\/cbd-products\">Semi CBD<\/a><\/li>\n                    <li><a href=\"\/it\/blog\/\">Blog<\/a><\/li>\n                <\/ul>\n            <\/div>\n            \n            <div class=\"g-col-6 g-col-xxl-3 g-col-xl-4 g-col-lg-4 languages__item\">\n                <a class=\"languages__image\" href=\"\/pt\/\"><img decoding=\"async\" src=\"\/static\/images\/pt.svg\" alt=\"Portugu\u00eas\"><\/a>\n                <div class=\"languages__title\"><a href=\"\/pt\/\">Portugu\u00eas<\/a><\/div>\n                <ul class=\"languages__list\">\n                    <li><a href=\"\/pt\/feminized-seeds\">Sementes feminizadas<\/a><\/li>\n                    <li><a href=\"\/pt\/autoflowering\">Sementes autoflorescentes<\/a><\/li>\n                    <li><a href=\"\/pt\/cannabis-seeds\">Sementes regulares<\/a><\/li>\n                    <li><a href=\"\/pt\/cbd-products\">Sementes CBD<\/a><\/li>\n                    <li><a href=\"\/pt\/blog\/\">Blog<\/a><\/li>\n                <\/ul>\n            <\/div>\n-->            \n        <\/div>\n    <\/div>\n","protected":false},"excerpt":{"rendered":"<p>Premium Bulk Cannabis Seeds English Feminized seeds Automatic seeds Regular seeds CBD seeds Blog Espa\u00f1ol Semillas feminizadas Semillas autoflorecientes Semillas regulares Semillas CBD Blog Fran\u00e7ais Graines f\u00e9minis\u00e9es Graines autofloraison Graines r\u00e9guli\u00e8res Graines CBD Blog Deutsch Feminisierte hanfsamen Autoflowering samen Regul\u00e4re samen CBD samen Blog<\/p>\n","protected":false},"author":1,"featured_media":0,"parent":0,"menu_order":0,"comment_status":"closed","ping_status":"closed","template":"template-blank-canvas.php","meta":{"_acf_changed":false,"inline_featured_image":false,"_uag_custom_page_level_css":"","footnotes":""},"class_list":["post-12076","page","type-page","status-publish","hentry"],"acf":[],"uagb_featured_image_src":{"full":false,"thumbnail":false,"medium":false,"medium_large":false,"large":false,"1536x1536":false,"2048x2048":false,"commercegurus-pdp-large":false,"commercegurus-plp-mobile":false,"cgkit_image_swatch":false,"woocommerce_thumbnail":false,"woocommerce_single":false,"woocommerce_gallery_thumbnail":false,"dgwt-wcas-product-suggestion":false},"uagb_author_info":{"display_name":"Chris","author_link":"https:\/\/bulkgenetics.com\/es\/author\/chriscarter\/"},"uagb_comment_info":0,"uagb_excerpt":"Premium Bulk Cannabis Seeds English Feminized seeds Automatic seeds Regular seeds CBD seeds Blog Espa\u00f1ol Semillas feminizadas Semillas autoflorecientes Semillas regulares Semillas CBD Blog Fran\u00e7ais Graines f\u00e9minis\u00e9es Graines autofloraison Graines r\u00e9guli\u00e8res Graines CBD Blog Deutsch Feminisierte hanfsamen Autoflowering samen Regul\u00e4re samen CBD samen Blog","_links":{"self":[{"href":"https:\/\/bulkgenetics.com\/es\/wp-json\/wp\/v2\/pages\/12076","targetHints":{"allow":["GET"]}}],"collection":[{"href":"https:\/\/bulkgenetics.com\/es\/wp-json\/wp\/v2\/pages"}],"about":[{"href":"https:\/\/bulkgenetics.com\/es\/wp-json\/wp\/v2\/types\/page"}],"author":[{"embeddable":true,"href":"https:\/\/bulkgenetics.com\/es\/wp-json\/wp\/v2\/users\/1"}],"replies":[{"embeddable":true,"href":"https:\/\/bulkgenetics.com\/es\/wp-json\/wp\/v2\/comments?post=12076"}],"version-history":[{"count":1,"href":"https:\/\/bulkgenetics.com\/es\/wp-json\/wp\/v2\/pages\/12076\/revisions"}],"predecessor-version":[{"id":34293,"href":"https:\/\/bulkgenetics.com\/es\/wp-json\/wp\/v2\/pages\/12076\/revisions\/34293"}],"wp:attachment":[{"href":"https:\/\/bulkgenetics.com\/es\/wp-json\/wp\/v2\/media?parent=12076"}],"curies":[{"name":"wp","href":"https:\/\/api.w.org\/{rel}","templated":true}]}}