{"id":12719,"date":"2022-12-03T00:54:24","date_gmt":"2022-12-02T23:54:24","guid":{"rendered":"https:\/\/bulkgenetics.com\/?page_id=12719"},"modified":"2022-12-03T01:10:30","modified_gmt":"2022-12-03T00:10:30","slug":"tus-datos-personales","status":"publish","type":"page","link":"https:\/\/bulkgenetics.com\/es\/tus-datos-personales\/","title":{"rendered":"Tus datos personales"},"content":{"rendered":"\n<h2 class=\"wp-block-heading\">\u00bfQu\u00e9 empresa trata tus datos?<\/h2>\n\n\n\n<p>GLOBAL WEB MARKET, S.L.<\/p>\n\n\n\n<h2 class=\"wp-block-heading\">\u00bfPor qu\u00e9 tratamos los datos que te pedimos?<\/h2>\n\n\n\n<p>Tratamos tus datos para poder prestarte los servicios de GLOBAL WEB MARKET, S.L. y enviarte informaci\u00f3n sobre nuestros servicios.<\/p>\n\n\n\n<h2 class=\"wp-block-heading\">\u00bfCu\u00e1l es la legitimaci\u00f3n para este tratamiento de datos?<\/h2>\n\n\n\n<p>Estos datos son necesarios para llevar a cabo la prestaci\u00f3n de los servicios que se hayan solicitado a trav\u00e9s del Sitio Web.<\/p>\n\n\n\n<h2 class=\"wp-block-heading\">\u00bfSe van a hacer cesiones o transferencias con tus datos?<\/h2>\n\n\n\n<p>No, sus datos solo ser\u00e1n tratados por GLOBAL WEB MARKET, S.L.<\/p>\n\n\n\n<h2 class=\"wp-block-heading\">\u00bfCu\u00e1les son mis derechos?<\/h2>\n\n\n\n<p>Puedes ejercitar tus derechos de acceso, rectificaci\u00f3n, supresi\u00f3n, portabilidad, oposici\u00f3n, limitaci\u00f3n u olvido.<\/p>\n\n\n\n<h2 class=\"wp-block-heading\">\u00bfTienes dudas?<\/h2>\n\n\n\n<p>Tanto si tienes alguna o sugerencia como si quieres darte de baja ponte en contacto con nosotros enviando un email a la siguiente direcci\u00f3n: <a href=\"mailto:gdpr@bulkgenetics.com\">gdpr@bulkgenetics.com<\/a>.<\/p>\n","protected":false},"excerpt":{"rendered":"<p>\u00bfQu\u00e9 empresa trata tus datos? GLOBAL WEB MARKET, S.L. \u00bfPor qu\u00e9 tratamos los datos que te pedimos? Tratamos tus datos para poder prestarte los servicios de GLOBAL WEB MARKET, S.L. y enviarte informaci\u00f3n sobre nuestros servicios. \u00bfCu\u00e1l es la legitimaci\u00f3n para este tratamiento de datos? Estos datos son necesarios para llevar a cabo la prestaci\u00f3n [&hellip;]<\/p>\n","protected":false},"author":1,"featured_media":0,"parent":0,"menu_order":0,"comment_status":"closed","ping_status":"closed","template":"template-fullwidth-contained.php","meta":{"_acf_changed":false,"inline_featured_image":false,"_uag_custom_page_level_css":"","footnotes":""},"class_list":["post-12719","page","type-page","status-publish","hentry"],"acf":[],"uagb_featured_image_src":{"full":false,"thumbnail":false,"medium":false,"medium_large":false,"large":false,"1536x1536":false,"2048x2048":false,"commercegurus-pdp-large":false,"commercegurus-plp-mobile":false,"cgkit_image_swatch":false,"woocommerce_thumbnail":false,"woocommerce_single":false,"woocommerce_gallery_thumbnail":false,"dgwt-wcas-product-suggestion":false},"uagb_author_info":{"display_name":"Chris","author_link":"https:\/\/bulkgenetics.com\/es\/author\/chriscarter\/"},"uagb_comment_info":0,"uagb_excerpt":"\u00bfQu\u00e9 empresa trata tus datos? GLOBAL WEB MARKET, S.L. \u00bfPor qu\u00e9 tratamos los datos que te pedimos? Tratamos tus datos para poder prestarte los servicios de GLOBAL WEB MARKET, S.L. y enviarte informaci\u00f3n sobre nuestros servicios. \u00bfCu\u00e1l es la legitimaci\u00f3n para este tratamiento de datos? Estos datos son necesarios para llevar a cabo la prestaci\u00f3n&hellip;","_links":{"self":[{"href":"https:\/\/bulkgenetics.com\/es\/wp-json\/wp\/v2\/pages\/12719","targetHints":{"allow":["GET"]}}],"collection":[{"href":"https:\/\/bulkgenetics.com\/es\/wp-json\/wp\/v2\/pages"}],"about":[{"href":"https:\/\/bulkgenetics.com\/es\/wp-json\/wp\/v2\/types\/page"}],"author":[{"embeddable":true,"href":"https:\/\/bulkgenetics.com\/es\/wp-json\/wp\/v2\/users\/1"}],"replies":[{"embeddable":true,"href":"https:\/\/bulkgenetics.com\/es\/wp-json\/wp\/v2\/comments?post=12719"}],"version-history":[{"count":0,"href":"https:\/\/bulkgenetics.com\/es\/wp-json\/wp\/v2\/pages\/12719\/revisions"}],"wp:attachment":[{"href":"https:\/\/bulkgenetics.com\/es\/wp-json\/wp\/v2\/media?parent=12719"}],"curies":[{"name":"wp","href":"https:\/\/api.w.org\/{rel}","templated":true}]}}