{"id":12917,"date":"2022-12-15T16:53:20","date_gmt":"2022-12-15T15:53:20","guid":{"rendered":"https:\/\/bulkgenetics.com\/?page_id=12917"},"modified":"2024-08-07T12:20:16","modified_gmt":"2024-08-07T10:20:16","slug":"promociones","status":"publish","type":"page","link":"https:\/\/bulkgenetics.com\/es\/promociones\/","title":{"rendered":"\u2b50 Promociones"},"content":{"rendered":"\n<p><\/p>\n\n\n\n<figure class=\"wp-block-image aligncenter size-full\"><img loading=\"lazy\" decoding=\"async\" width=\"825\" height=\"275\" src=\"https:\/\/bulkgenetics.com\/wp-content\/uploads\/2022\/12\/free-seeds-bulk.jpg\" alt=\"free-seeds-bulk-genetics\" class=\"wp-image-12921\" srcset=\"https:\/\/bulkgenetics.com\/wp-content\/uploads\/2022\/12\/free-seeds-bulk.jpg 825w, https:\/\/bulkgenetics.com\/wp-content\/uploads\/2022\/12\/free-seeds-bulk-300x100.jpg 300w, https:\/\/bulkgenetics.com\/wp-content\/uploads\/2022\/12\/free-seeds-bulk-768x256.jpg 768w, https:\/\/bulkgenetics.com\/wp-content\/uploads\/2022\/12\/free-seeds-bulk-441x147.jpg 441w, https:\/\/bulkgenetics.com\/wp-content\/uploads\/2022\/12\/free-seeds-bulk-800x267.jpg 800w, https:\/\/bulkgenetics.com\/wp-content\/uploads\/2022\/12\/free-seeds-bulk-150x50.jpg 150w, https:\/\/bulkgenetics.com\/wp-content\/uploads\/2022\/12\/free-seeds-bulk-64x21.jpg 64w\" sizes=\"auto, (max-width: 825px) 100vw, 825px\" \/><figcaption class=\"wp-element-caption\"> <\/figcaption><\/figure>\n\n\n\n<p>En Bulk Genetics queremos ofrecerte <strong>semillas de marihuana gratis en todos tus pedidos<\/strong>. \u00a1As\u00ed es, no importa cu\u00e1nto compres, siempre obtendr\u00e1s semillas de regalo! \u00a1As\u00ed podr\u00e1s cultivar variedades exclusivas y disfrutar de cosechas \u00fanicas!<\/p>\n\n\n\n<p>Adem\u00e1s, si realizas un pedido de 100 euros o m\u00e1s, te regalamos <strong>10 semillas<\/strong> de <a href=\"https:\/\/bulkgenetics.com\/es\/northern-lights\/\">Northern Lights<\/a>. \u00a1Un regalo que te permitir\u00e1 experimentar con nuevas variedades y disfrutar de sus sabores y efectos!<\/p>\n\n\n\n<p>Pero eso no es todo: si realizas un pedido de 200 euros o m\u00e1s, te regalamos <strong>30 semillas<\/strong>:<\/p>\n\n\n\n<ul class=\"wp-block-list\">\n<li>10 x <a href=\"https:\/\/bulkgenetics.com\/es\/northern-lights\/\">Northern Lights<\/a><\/li>\n\n\n\n<li>10 x <a href=\"https:\/\/bulkgenetics.com\/es\/forbidden-fruit\/\">Forbidden Fruit<\/a><\/li>\n\n\n\n<li>10 x <a href=\"https:\/\/bulkgenetics.com\/es\/lemon-sherbet\/\">Lemon Sherbet<\/a><\/li>\n<\/ul>\n\n\n\n<p> \u00a1Un verdadero tesoro para los amantes de la marihuana!<\/p>\n\n\n\n<p>No esperes m\u00e1s y aprovecha esta promoci\u00f3n mientras dure. <strong>\u00a1Haz tu pedido ahora y disfruta de tus semillas gratis!<\/strong><\/p>\n","protected":false},"excerpt":{"rendered":"<p>En Bulk Genetics queremos ofrecerte semillas de marihuana gratis en todos tus pedidos. \u00a1As\u00ed es, no importa cu\u00e1nto compres, siempre obtendr\u00e1s semillas de regalo! \u00a1As\u00ed podr\u00e1s cultivar variedades exclusivas y disfrutar de cosechas \u00fanicas! Adem\u00e1s, si realizas un pedido de 100 euros o m\u00e1s, te regalamos 10 semillas de Northern Lights. \u00a1Un regalo que te [&hellip;]<\/p>\n","protected":false},"author":2,"featured_media":0,"parent":0,"menu_order":0,"comment_status":"closed","ping_status":"closed","template":"template-fullwidth.php","meta":{"_acf_changed":false,"inline_featured_image":false,"_uag_custom_page_level_css":"","footnotes":""},"class_list":["post-12917","page","type-page","status-publish","hentry"],"acf":[],"uagb_featured_image_src":{"full":false,"thumbnail":false,"medium":false,"medium_large":false,"large":false,"1536x1536":false,"2048x2048":false,"commercegurus-pdp-large":false,"commercegurus-plp-mobile":false,"cgkit_image_swatch":false,"woocommerce_thumbnail":false,"woocommerce_single":false,"woocommerce_gallery_thumbnail":false,"dgwt-wcas-product-suggestion":false},"uagb_author_info":{"display_name":"\u00c1ngel Flores","author_link":"https:\/\/bulkgenetics.com\/es\/author\/angel\/"},"uagb_comment_info":0,"uagb_excerpt":"En Bulk Genetics queremos ofrecerte semillas de marihuana gratis en todos tus pedidos. \u00a1As\u00ed es, no importa cu\u00e1nto compres, siempre obtendr\u00e1s semillas de regalo! \u00a1As\u00ed podr\u00e1s cultivar variedades exclusivas y disfrutar de cosechas \u00fanicas! Adem\u00e1s, si realizas un pedido de 100 euros o m\u00e1s, te regalamos 10 semillas de Northern Lights. \u00a1Un regalo que te&hellip;","_links":{"self":[{"href":"https:\/\/bulkgenetics.com\/es\/wp-json\/wp\/v2\/pages\/12917","targetHints":{"allow":["GET"]}}],"collection":[{"href":"https:\/\/bulkgenetics.com\/es\/wp-json\/wp\/v2\/pages"}],"about":[{"href":"https:\/\/bulkgenetics.com\/es\/wp-json\/wp\/v2\/types\/page"}],"author":[{"embeddable":true,"href":"https:\/\/bulkgenetics.com\/es\/wp-json\/wp\/v2\/users\/2"}],"replies":[{"embeddable":true,"href":"https:\/\/bulkgenetics.com\/es\/wp-json\/wp\/v2\/comments?post=12917"}],"version-history":[{"count":0,"href":"https:\/\/bulkgenetics.com\/es\/wp-json\/wp\/v2\/pages\/12917\/revisions"}],"wp:attachment":[{"href":"https:\/\/bulkgenetics.com\/es\/wp-json\/wp\/v2\/media?parent=12917"}],"curies":[{"name":"wp","href":"https:\/\/api.w.org\/{rel}","templated":true}]}}