{"id":13832,"date":"2023-01-25T19:17:13","date_gmt":"2023-01-25T18:17:13","guid":{"rendered":"https:\/\/bulkgenetics.com\/?page_id=13832"},"modified":"2023-01-25T21:19:28","modified_gmt":"2023-01-25T20:19:28","slug":"trabaja-con-nosotros","status":"publish","type":"page","link":"https:\/\/bulkgenetics.com\/es\/trabaja-con-nosotros\/","title":{"rendered":"Trabaja con nosotros"},"content":{"rendered":"\n<p>\u00bfTe gustar\u00eda unirte al equipo y trabajar en Bulk Genetics? Como empresa din\u00e1mica y en crecimiento, siempre estamos buscando nuevos talentos que nos ayuden a prestar el mejor servicio posible a nuestros clientes. Buscamos personas brillantes, apasionadas, din\u00e1micas y trabajadoras.<\/p>\n\n\n\n<p>Si est\u00e1s interesado en formar parte del equipo, rellena el siguiente formulario. Puedes adjuntar tu CV e indicarnos tu LinkedIn (si lo tienes). Tambi\u00e9n te sugerimos que adjuntes una carta de presentaci\u00f3n indicando qu\u00e9 puedes aportar a Bulk Genetics, por qu\u00e9 deber\u00edamos tenerte en cuenta y cualquier otro detalle importante que debamos considerar que no est\u00e9 en tu CV.<\/p>\n\n\n<div class='fluentform ff-default fluentform_wrapper_4  ff_guten_block ff_guten_block-4 ffs_default_wrap'><form data-form_id=\"4\" id=\"fluentform_4\" class=\"frm-fluent-form fluent_form_4 ff-el-form-top ff_form_instance_4_1 ff-form-loading ffs_default\" data-form_instance=\"ff_form_instance_4_1\" method=\"POST\" ><fieldset  style=\"border: none!important;margin: 0!important;padding: 0!important;background-color: transparent!important;box-shadow: none!important;outline: none!important; min-inline-size: 100%;\">\n                    <legend class=\"ff_screen_reader_title\" style=\"display: block; margin: 0!important;padding: 0!important;height: 0!important;text-indent: -999999px;width: 0!important;overflow:hidden;\">Trabaja con nosotros<\/legend><input type='hidden' name='__fluent_form_embded_post_id' value='13832' \/><input type=\"hidden\" id=\"_fluentform_4_fluentformnonce\" name=\"_fluentform_4_fluentformnonce\" value=\"0ce89fe95c\" \/><input type=\"hidden\" name=\"_wp_http_referer\" value=\"\/es\/wp-json\/wp\/v2\/pages\/13832\" \/><div data-type=\"name-element\" data-name=\"names\" class=\" ff-field_container ff-name-field-wrapper\" ><div class='ff-t-container'><div class='ff-t-cell '><div class='ff-el-group'><div class=\"ff-el-input--label ff-el-is-required asterisk-right\"><label for='ff_4_names_first_name_' id='label_ff_4_names_first_name_' >Nombre<\/label><\/div><div class='ff-el-input--content'><input type=\"text\" name=\"names[first_name]\" id=\"ff_4_names_first_name_\" class=\"ff-el-form-control\" placeholder=\"Nombre\" aria-invalid=\"false\" aria-required=true><\/div><\/div><\/div><div class='ff-t-cell '><div class='ff-el-group'><div class=\"ff-el-input--label ff-el-is-required asterisk-right\"><label for='ff_4_names_last_name_' id='label_ff_4_names_last_name_' >Apellidos<\/label><\/div><div class='ff-el-input--content'><input type=\"text\" name=\"names[last_name]\" id=\"ff_4_names_last_name_\" class=\"ff-el-form-control\" placeholder=\"Apellidos\" aria-invalid=\"false\" aria-required=true><\/div><\/div><\/div><\/div><\/div><div class='ff-el-group'><div class=\"ff-el-input--label ff-el-is-required asterisk-right\"><label for='ff_4_email' id='label_ff_4_email' aria-label=\"Email\">Email<\/label><\/div><div class='ff-el-input--content'><input type=\"email\" name=\"email\" id=\"ff_4_email\" class=\"ff-el-form-control\" placeholder=\"Direcci\u00f3n de correo electr\u00f3nico\" data-name=\"email\"  aria-invalid=\"false\" aria-required=true><\/div><\/div><div class='ff-el-group'><div class=\"ff-el-input--label asterisk-right\"><label for='ff_4_file-upload_1' id='label_ff_4_file-upload_1' aria-label=\"Curriculum Vitae\">Curriculum Vitae<\/label><\/div><div class='ff-el-input--content'><label for='ff_4_file-upload_1' class='ff_file_upload_holder'><span class='ff_upload_btn ff-btn' tabindex='0'>Adjuntar<\/span> <input type=\"file\" name=\"file-upload\" id=\"ff_4_file-upload_1\" class=\"ff-el-form-control  ff-screen-reader-element\" data-name=\"file-upload\" multiple=\"1\"  aria-invalid='false' aria-required=false><\/label><\/div><\/div><div class='ff-el-group'><div class=\"ff-el-input--label asterisk-right\"><label for='ff_4_file-upload_1_1' id='label_ff_4_file-upload_1_1' aria-label=\"Carta de Presentaci\u00f3n\">Carta de Presentaci\u00f3n<\/label><\/div><div class='ff-el-input--content'><label for='ff_4_file-upload_1_1' class='ff_file_upload_holder'><span class='ff_upload_btn ff-btn' tabindex='0'>Adjuntar<\/span> <input type=\"file\" name=\"file-upload_1\" id=\"ff_4_file-upload_1_1\" class=\"ff-el-form-control  ff-screen-reader-element\" data-name=\"file-upload_1\" multiple=\"1\"  aria-invalid='false' aria-required=false><\/label><\/div><\/div><div class='ff-el-group'><div class=\"ff-el-input--label asterisk-right\"><label for='ff_4_url' id='label_ff_4_url' aria-label=\"LinkedIn\">LinkedIn<\/label><\/div><div class='ff-el-input--content'><input type=\"url\" name=\"url\" class=\"ff-el-form-control\" placeholder=\"https:\/\/linkedin.com\/in\/nombre-apellidos\" data-name=\"url\" id=\"ff_4_url\"  aria-invalid=\"false\" aria-required=false><\/div><\/div><div class='ff-el-group'><div class=\"ff-el-input--label ff-el-is-required asterisk-right\"><label for='ff_4_message' id='label_ff_4_message' aria-label=\"Comentarios\">Comentarios<\/label><\/div><div class='ff-el-input--content'><textarea aria-required=\"true\" aria-labelledby=\"label_ff_4_message\" name=\"message\" id=\"ff_4_message\" class=\"ff-el-form-control\" placeholder=\"Tu Mensaje\" rows=\"4\" cols=\"2\" data-name=\"message\" ><\/textarea><\/div><\/div><div class='ff-el-group    ff-el-input--content'><div class='ff-el-form-check ff-el-tc'><label aria-label='T\u00e9rminos y condiciones: He le\u00eddo y acepto el Aviso Legal y la Pol\u00edtica de Privacidad Contiene 2 enlaces. Usa la navegaci\u00f3n por pesta\u00f1as para rese\u00f1ar.' class='ff-el-form-check-label ff_tc_label' for=terms-n-condition_c3d3e3997f28281c3487b9b43ea41a36><span class='ff_tc_checkbox'><input type=\"checkbox\" name=\"terms-n-condition\" class=\"ff-el-form-check-input\" data-name=\"terms-n-condition\" id=\"terms-n-condition_c3d3e3997f28281c3487b9b43ea41a36\"  value='on' aria-invalid='false' aria-required=false><\/span> <div class='ff_t_c'><p>He le\u00eddo y acepto el <a href=\"https:\/\/bulkgenetics.com\/es\/aviso-legal\/\">Aviso Legal<\/a> y la <a href=\"https:\/\/bulkgenetics.com\/es\/politica-de-privacidad\/\">Pol\u00edtica de Privacidad<\/a><\/p><\/div><\/label><\/div><\/div><div class='ff-el-group ff-text-left ff_submit_btn_wrapper'><button type=\"submit\" class=\"ff-btn ff-btn-submit ff-btn-md ff_btn_style\"  aria-label=\"Enviar Formulario\">Enviar Formulario<\/button><\/div><\/fieldset><\/form><div id='fluentform_4_errors' class='ff-errors-in-stack ff_form_instance_4_1 ff-form-loading_errors ff_form_instance_4_1_errors'><\/div><\/div>            <script type=\"text\/javascript\">\n                window.fluent_form_ff_form_instance_4_1 = {\"id\":\"4\",\"settings\":{\"layout\":{\"labelPlacement\":\"top\",\"helpMessagePlacement\":\"with_label\",\"errorMessagePlacement\":\"inline\",\"cssClassName\":\"\",\"asteriskPlacement\":\"asterisk-right\"},\"restrictions\":{\"denyEmptySubmission\":{\"enabled\":false}}},\"form_instance\":\"ff_form_instance_4_1\",\"form_id_selector\":\"fluentform_4\",\"rules\":{\"names[first_name]\":{\"required\":{\"value\":true,\"message\":\"Este campo es obligatorio\"}},\"names[middle_name]\":{\"required\":{\"value\":false,\"message\":\"This field is required\"}},\"names[last_name]\":{\"required\":{\"value\":true,\"message\":\"Este campo es obligatorio\"}},\"email\":{\"required\":{\"value\":true,\"message\":\"Este campo es obligatorio\"},\"email\":{\"value\":true,\"message\":\"Este campo debe contener un correo electr\\u00f3nico v\\u00e1lido\"}},\"file-upload\":{\"required\":{\"value\":false,\"message\":\"This field is required\"},\"max_file_size\":{\"value\":2097152,\"_valueFrom\":\"MB\",\"message\":\"El tama\\u00f1o m\\u00e1ximo de archivo es de 2 MB\"},\"max_file_count\":{\"value\":1,\"message\":\"Puedes cargar un m\\u00e1ximo de 1 archivo\"},\"allowed_file_types\":{\"value\":[\"pdf\",\"doc|ppt|pps|xls|mdb|docx|xlsx|pptx|odt|odp|ods|odg|odc|odb|odf|rtf|txt\"],\"message\":\"Tipo de archivo no v\\u00e1lido. Solo documentos.\"}},\"file-upload_1\":{\"required\":{\"value\":false,\"message\":\"This field is required\"},\"max_file_size\":{\"value\":2097152,\"_valueFrom\":\"MB\",\"message\":\"El tama\\u00f1o m\\u00e1ximo de archivo es de 2 MB\"},\"max_file_count\":{\"value\":1,\"message\":\"Puedes subir un m\\u00e1ximo de 1 archivo\"},\"allowed_file_types\":{\"value\":[\"doc|ppt|pps|xls|mdb|docx|xlsx|pptx|odt|odp|ods|odg|odc|odb|odf|rtf|txt\",\"pdf\"],\"message\":\"Tipo de archivo no v\\u00e1lido. Solo documentos.\"}},\"url\":{\"required\":{\"value\":false,\"message\":\"This field is required\"},\"url\":{\"value\":true,\"message\":\"Este campo debe contener una URL v\\u00e1lida\"}},\"message\":{\"required\":{\"value\":true,\"message\":\"Este campo es obligatorio\"}},\"terms-n-condition\":{\"required\":{\"value\":false,\"message\":\"This field is required\"}}},\"debounce_time\":300};\n                            <\/script>\n            ","protected":false},"excerpt":{"rendered":"<p>\u00bfTe gustar\u00eda unirte al equipo y trabajar en Bulk Genetics? Como empresa din\u00e1mica y en crecimiento, siempre estamos buscando nuevos talentos que nos ayuden a prestar el mejor servicio posible a nuestros clientes. Buscamos personas brillantes, apasionadas, din\u00e1micas y trabajadoras. Si est\u00e1s interesado en formar parte del equipo, rellena el siguiente formulario. Puedes adjuntar tu [&hellip;]<\/p>\n","protected":false},"author":1,"featured_media":0,"parent":0,"menu_order":0,"comment_status":"closed","ping_status":"closed","template":"","meta":{"_acf_changed":false,"inline_featured_image":false,"_uag_custom_page_level_css":"","footnotes":""},"class_list":["post-13832","page","type-page","status-publish","hentry"],"acf":[],"uagb_featured_image_src":{"full":false,"thumbnail":false,"medium":false,"medium_large":false,"large":false,"1536x1536":false,"2048x2048":false,"commercegurus-pdp-large":false,"commercegurus-plp-mobile":false,"cgkit_image_swatch":false,"woocommerce_thumbnail":false,"woocommerce_single":false,"woocommerce_gallery_thumbnail":false,"dgwt-wcas-product-suggestion":false},"uagb_author_info":{"display_name":"Chris","author_link":"https:\/\/bulkgenetics.com\/es\/author\/chriscarter\/"},"uagb_comment_info":0,"uagb_excerpt":"\u00bfTe gustar\u00eda unirte al equipo y trabajar en Bulk Genetics? Como empresa din\u00e1mica y en crecimiento, siempre estamos buscando nuevos talentos que nos ayuden a prestar el mejor servicio posible a nuestros clientes. Buscamos personas brillantes, apasionadas, din\u00e1micas y trabajadoras. Si est\u00e1s interesado en formar parte del equipo, rellena el siguiente formulario. Puedes adjuntar tu&hellip;","_links":{"self":[{"href":"https:\/\/bulkgenetics.com\/es\/wp-json\/wp\/v2\/pages\/13832","targetHints":{"allow":["GET"]}}],"collection":[{"href":"https:\/\/bulkgenetics.com\/es\/wp-json\/wp\/v2\/pages"}],"about":[{"href":"https:\/\/bulkgenetics.com\/es\/wp-json\/wp\/v2\/types\/page"}],"author":[{"embeddable":true,"href":"https:\/\/bulkgenetics.com\/es\/wp-json\/wp\/v2\/users\/1"}],"replies":[{"embeddable":true,"href":"https:\/\/bulkgenetics.com\/es\/wp-json\/wp\/v2\/comments?post=13832"}],"version-history":[{"count":0,"href":"https:\/\/bulkgenetics.com\/es\/wp-json\/wp\/v2\/pages\/13832\/revisions"}],"wp:attachment":[{"href":"https:\/\/bulkgenetics.com\/es\/wp-json\/wp\/v2\/media?parent=13832"}],"curies":[{"name":"wp","href":"https:\/\/api.w.org\/{rel}","templated":true}]}}