{"id":16028,"date":"2023-03-28T01:52:51","date_gmt":"2023-03-27T23:52:51","guid":{"rendered":"https:\/\/bulkgenetics.com\/?page_id=16028"},"modified":"2023-03-29T15:29:52","modified_gmt":"2023-03-29T13:29:52","slug":"formas-de-pago","status":"publish","type":"page","link":"https:\/\/bulkgenetics.com\/es\/formas-de-pago\/","title":{"rendered":"Formas de pago"},"content":{"rendered":"\n<p>Bulk Genetics acepta estas formas de pago:<\/p>\n\n\n\n<h2 class=\"wp-block-heading\">Por tarjeta de cr\u00e9dito o d\u00e9bito<\/h2>\n\n\n\n<p>Aceptamos tarjetas Visa y Mastercard.<\/p>\n\n\n\n<div class=\"wp-block-stackable-divider stk-block-divider stk-block stk-afda217\" data-block-id=\"afda217\"><hr class=\"stk-block-divider__hr\"\/><\/div>\n\n\n\n<h2 class=\"wp-block-heading\">Por transferencia bancaria<\/h2>\n\n\n\n<p>Si prefieres pagar mediante transferencia bancaria o ingreso directo a nuestra cuenta bancaria, tambi\u00e9n lo puedes hacer.<\/p>\n\n\n\n<p>Una vez finalizado tu pedido ver\u00e1s una pantalla de confirmaci\u00f3n de pedido con nuestros datos bancarios. Tambi\u00e9n te mandaremos una confirmaci\u00f3n del pedido con todos los datos por correo electr\u00f3nico.<\/p>\n\n\n\n<p>Verificamos la cuenta bancaria todos los d\u00edas antes de preparar los env\u00edos y te informaremos con un email cuando recibamos tu pago.<\/p>\n\n\n\n<div class=\"wp-block-stackable-divider stk-block-divider stk-block stk-bba93b1\" data-block-id=\"bba93b1\"><hr class=\"stk-block-divider__hr\"\/><\/div>\n\n\n\n<h2 class=\"wp-block-heading\">Por pago contra reembolso<\/h2>\n\n\n\n<p>Solo para Espa\u00f1a. Es posible realizar el pago de un pedido contra reembolso. La comisi\u00f3n para este tipo de pagos es de un 3\u202f%, y siempre se cobra un m\u00ednimo de 3\u202f\u20ac. A la comisi\u00f3n hay que a\u00f1adirle el 21\u202f% de IVA. Por tanto, para pedidos inferiores a 100\u202f\u20ac, la comisi\u00f3n por contra reembolso ser\u00e1 de 3\u202f\u20ac. Y, para aquellos que superen los 100\u202f\u20ac, se aplicar\u00e1 un 3\u202f%.<\/p>\n\n\n\n<p>El valor de la compra se abonar\u00e1 al transportista, siempre la cantidad exacta para agilizar el proceso. La direcci\u00f3n para cada pedido se debe poner correctamente, y nuestro departamento de Atenci\u00f3n al Cliente llamar\u00e1 para confirmar el env\u00edo. En caso de error, el pedido se cancelar\u00e1. <\/p>\n\n\n\n<p>No enviamos pedidos contra reembolso cuyo total supere los 900\u202f\u20ac. Tampoco enviamos contra reembolso a Portugal, ni a Baleares, Canarias, Ceuta y Melilla.<\/p>\n\n\n\n<div class=\"wp-block-stackable-divider stk-block-divider stk-block stk-69d0658\" data-block-id=\"69d0658\"><hr class=\"stk-block-divider__hr\"\/><\/div>\n\n\n\n<h2 class=\"wp-block-heading\">Por criptomonedas<\/h2>\n\n\n\n<p>Pagar con criptomonedas es una manera f\u00e1cil, segura y privada de enviarnos un pago, sin ninguna persona ni banco intermediario. Bitcoin es una moneda digital que utiliza l\u00edneas de c\u00f3digo seguras para garantizar que no se pueda manipular de la forma en la que los bancos manipulan divisas. Esto ha llevado a la existencia de una moneda libre y descentralizada disponible para cualquier persona con acceso a internet, en todo el mundo.<\/p>\n\n\n\n<p>Aceptamos las siguientes criptodivisas:<\/p>\n\n\n\n<ul class=\"wp-block-list\">\n<li>Bitcoin<\/li>\n\n\n\n<li>Litecoin<\/li>\n\n\n\n<li>Ether<\/li>\n\n\n\n<li>Startcoin<\/li>\n\n\n\n<li>TetherUSD<\/li>\n\n\n\n<li>Dogecoin<\/li>\n\n\n\n<li>Reddcoin<\/li>\n\n\n\n<li>Peercoin<\/li>\n\n\n\n<li>StorjX<\/li>\n\n\n\n<li>Nubits<\/li>\n\n\n\n<li>Novacoin<\/li>\n\n\n\n<li>Digibyte<\/li>\n\n\n\n<li>Mastercoin<\/li>\n\n\n\n<li>Counterparty<\/li>\n<\/ul>\n\n\n\n<p><\/p>\n\n\n\n<div class=\"wp-block-stackable-divider stk-block-divider stk-block stk-268711e\" data-block-id=\"268711e\"><hr class=\"stk-block-divider__hr\"\/><\/div>\n\n\n\n<h2 class=\"wp-block-heading\">Otras formas de pago<\/h2>\n\n\n\n<p>Buscando siempre la comodidad para nuestros clientes, podemos aceptar otras formas de pago de uso menos frecuentes, como pueden ser:<\/p>\n\n\n\n<ul class=\"wp-block-list\">\n<li>Skrill<\/li>\n\n\n\n<li>Western Union<\/li>\n\n\n\n<li>Moneygram<\/li>\n\n\n\n<li>RIA<\/li>\n\n\n\n<li>Correogiros<\/li>\n\n\n\n<li>Giro postal<\/li>\n\n\n\n<li>Efectivo en sobre<\/li>\n\n\n\n<li>WebMoney<\/li>\n<\/ul>\n\n\n\n<p>Si deseas pagar tu pedido con alguno de los anteriores m\u00e9todos, simplemente&nbsp;<a href=\"https:\/\/bulkgenetics.com\/es\/contacto\/\">contacta con nosotros<\/a>&nbsp;y te daremos m\u00e1s detalles.<\/p>\n\n\n\n<h2 class=\"wp-block-heading\">Informaci\u00f3n adicional<\/h2>\n\n\n\n<p>Los clientes son responsable de los costes\/tasas de Importaci\u00f3n en sus respectivos pa\u00edses en el caso de que apliquen. Para m\u00e1s informaci\u00f3n sobre esto, debes consultas con las autoridades aduaneras de tu pa\u00eds.<\/p>\n\n\n\n<p>Los pedidos deben ser pagados al completo antes de que los productos sean enviados (excepto contra reembolso). Todos los productos est\u00e1n sujetos a disponibilidad y son propiedad de BULK GENETICS hasta que sean pagados por completo.<\/p>\n\n\n\n<p>BULK GENETICS puede requerir, en algunas ocasiones, una comprobaci\u00f3n bancaria, especialmente en pedidos de elevado importe o cuando los datos de contacto suministrados sean insuficientes. Esto puede ocasionar un peque\u00f1o retraso hasta que las verificaciones sean completadas. Alternativamente, podemos solicitar una forma de pago diferente al contra reembolso o tarjeta, como transferencia bancaria o criptomonedas.<\/p>\n","protected":false},"excerpt":{"rendered":"<p>Bulk Genetics acepta estas formas de pago: Por tarjeta de cr\u00e9dito o d\u00e9bito Aceptamos tarjetas Visa y Mastercard. Por transferencia bancaria Si prefieres pagar mediante transferencia bancaria o ingreso directo a nuestra cuenta bancaria, tambi\u00e9n lo puedes hacer. Una vez finalizado tu pedido ver\u00e1s una pantalla de confirmaci\u00f3n de pedido con nuestros datos bancarios. Tambi\u00e9n [&hellip;]<\/p>\n","protected":false},"author":1,"featured_media":0,"parent":0,"menu_order":0,"comment_status":"closed","ping_status":"closed","template":"template-fullwidth-contained.php","meta":{"_acf_changed":false,"inline_featured_image":false,"_uag_custom_page_level_css":"","footnotes":""},"class_list":["post-16028","page","type-page","status-publish","hentry"],"acf":[],"uagb_featured_image_src":{"full":false,"thumbnail":false,"medium":false,"medium_large":false,"large":false,"1536x1536":false,"2048x2048":false,"commercegurus-pdp-large":false,"commercegurus-plp-mobile":false,"cgkit_image_swatch":false,"woocommerce_thumbnail":false,"woocommerce_single":false,"woocommerce_gallery_thumbnail":false,"dgwt-wcas-product-suggestion":false},"uagb_author_info":{"display_name":"Chris","author_link":"https:\/\/bulkgenetics.com\/es\/author\/chriscarter\/"},"uagb_comment_info":0,"uagb_excerpt":"Bulk Genetics acepta estas formas de pago: Por tarjeta de cr\u00e9dito o d\u00e9bito Aceptamos tarjetas Visa y Mastercard. Por transferencia bancaria Si prefieres pagar mediante transferencia bancaria o ingreso directo a nuestra cuenta bancaria, tambi\u00e9n lo puedes hacer. Una vez finalizado tu pedido ver\u00e1s una pantalla de confirmaci\u00f3n de pedido con nuestros datos bancarios. Tambi\u00e9n&hellip;","_links":{"self":[{"href":"https:\/\/bulkgenetics.com\/es\/wp-json\/wp\/v2\/pages\/16028","targetHints":{"allow":["GET"]}}],"collection":[{"href":"https:\/\/bulkgenetics.com\/es\/wp-json\/wp\/v2\/pages"}],"about":[{"href":"https:\/\/bulkgenetics.com\/es\/wp-json\/wp\/v2\/types\/page"}],"author":[{"embeddable":true,"href":"https:\/\/bulkgenetics.com\/es\/wp-json\/wp\/v2\/users\/1"}],"replies":[{"embeddable":true,"href":"https:\/\/bulkgenetics.com\/es\/wp-json\/wp\/v2\/comments?post=16028"}],"version-history":[{"count":0,"href":"https:\/\/bulkgenetics.com\/es\/wp-json\/wp\/v2\/pages\/16028\/revisions"}],"wp:attachment":[{"href":"https:\/\/bulkgenetics.com\/es\/wp-json\/wp\/v2\/media?parent=16028"}],"curies":[{"name":"wp","href":"https:\/\/api.w.org\/{rel}","templated":true}]}}