{"id":16063,"date":"2023-03-28T12:32:40","date_gmt":"2023-03-28T10:32:40","guid":{"rendered":"https:\/\/bulkgenetics.com\/?page_id=16063"},"modified":"2023-03-28T12:53:48","modified_gmt":"2023-03-28T10:53:48","slug":"envios","status":"publish","type":"page","link":"https:\/\/bulkgenetics.com\/es\/envios\/","title":{"rendered":"Env\u00edos"},"content":{"rendered":"\n<p>En <strong>Bulk Genetics<\/strong> hacemos nuestro mejor esfuerzo para asegurar que tus pedidos lleguen r\u00e1pido y de forma segura. Todos nuestros empaques son totalmente discretos, y tomamos todas las medidas necesarias para que el embalaje de tus productos minimice cualquier tipo de riesgo. Todas las semillas se env\u00edan desde nuestros almacenes en Espa\u00f1a. Es muy importante que nos proporciones un nombre y una direcci\u00f3n de entrega v\u00e1lida (y real), o de lo contrario no podremos garantizar que el env\u00edo se entregue correctamente.<\/p>\n\n\n\n<p>Bulk Genetics env\u00eda a los siguientes pa\u00edses:<\/p>\n\n\n\n<p>Alemania, <s>Argentina<\/s>, <s>Australia<\/s>, Austria, B\u00e9lgica, Bulgaria, <s>Canad\u00e1<\/s>, Rep\u00fablica Checa, Chipre, <s>Colombia<\/s>, Croacia, Dinamarca, Eslovaquia, Eslovenia, Espa\u00f1a (Pen\u00ednsula y Baleares), <s>Estados Unidos<\/s>, Estonia, Finlandia, Francia (tambi\u00e9n a Guadalupe, Guayana, Martinica, Polinesia Francesa, C\u00f3rcega, Reuni\u00f3n, Nueva Caledonia y Mayotte), Grecia, Hungr\u00eda, Irlanda, <s>Israel<\/s>, Italia, <s>Jap\u00f3n<\/s>, Letonia, Lituania, Luxemburgo, Malta, <s>Marruecos<\/s>, <s>M\u00e9xico<\/s>, Noruega, Nueva Zelanda, Pa\u00edses Bajos, <s>Paraguay<\/s>, <s>Per\u00fa<\/s>, Polonia, Portugal, Reino Unido, Ruman\u00eda, <s>Sud\u00e1frica<\/s>, Suecia, Suiza, <s>Tailandia<\/s> y <s>Uruguay<\/s>.<\/p>\n\n\n\n<p>Si tienes cualquier duda, por favor <a href=\"https:\/\/bulkgenetics.com\/es\/contacto\/\" data-type=\"page\" data-id=\"1132\">contacta<\/a> con nosotros v\u00eda email o telef\u00f3nica para poder determinar si es posible hacer env\u00edos a tu pa\u00eds.<\/p>\n\n\n\n<div class=\"wp-block-stackable-divider stk-block-divider stk-block stk-fa658d1\" data-block-id=\"fa658d1\"><style>.stk-fa658d1{margin-bottom:29px !important}<\/style><hr class=\"stk-block-divider__hr\"\/><\/div>\n\n\n\n<h2 class=\"wp-block-heading\">Env\u00edo normal<\/h2>\n\n\n\n<h3 class=\"wp-block-heading\">Europa<\/h3>\n\n\n\n<ul class=\"wp-block-list\">\n<li>Tiempo de entrega: de 3 a 14 d\u00edas<\/li>\n\n\n\n<li>Coste: 9 \u20ac<\/li>\n\n\n\n<li>Env\u00edo gratis en pedidos superiores a 159 \u20ac<\/li>\n<\/ul>\n\n\n\n<h3 class=\"wp-block-heading\">Resto del mundo<\/h3>\n\n\n\n<ul class=\"wp-block-list\">\n<li>Tiempo de entrega: de 14 a 40 d\u00edas<\/li>\n\n\n\n<li>Coste: 10 \u20ac<\/li>\n\n\n\n<li>Env\u00edo gratis en pedidos superiores a 179 \u20ac<\/li>\n<\/ul>\n\n\n\n<div class=\"wp-block-stackable-divider stk-block-divider stk-block stk-4892c27\" data-block-id=\"4892c27\"><style>.stk-4892c27{margin-bottom:29px !important}<\/style><hr class=\"stk-block-divider__hr\"\/><\/div>\n\n\n\n<h2 class=\"wp-block-heading\">Env\u00edo urgente<\/h2>\n\n\n\n<h3 class=\"wp-block-heading\">Espa\u00f1a (Pen\u00ednsula)<\/h3>\n\n\n\n<ul class=\"wp-block-list\">\n<li>Tiempo de entrega: de 1 a 2 d\u00edas<\/li>\n\n\n\n<li>Coste: 9 \u20ac<\/li>\n\n\n\n<li>Env\u00edo gratis en pedidos superiores a 49 \u20ac<\/li>\n\n\n\n<li>Env\u00edo por NACEX o Correos Express<\/li>\n<\/ul>\n\n\n\n<h3 class=\"wp-block-heading\">Espa\u00f1a (Baleares)<\/h3>\n\n\n\n<ul class=\"wp-block-list\">\n<li>Tiempo de entrega: de 1 a 3 d\u00edas<\/li>\n\n\n\n<li>Coste: 12 \u20ac<\/li>\n\n\n\n<li>Env\u00edo gratis en pedidos superiores a 59 \u20ac<\/li>\n\n\n\n<li>Env\u00edo por NACEX o Correos Express<\/li>\n<\/ul>\n\n\n\n<h3 class=\"wp-block-heading\">Europa<\/h3>\n\n\n\n<ul class=\"wp-block-list\">\n<li>Tiempo de entrega: de 2 a 7 d\u00edas<\/li>\n\n\n\n<li>Coste: 24 \u20ac<\/li>\n\n\n\n<li>Env\u00edo gratis en pedidos superiores a 249 \u20ac<\/li>\n\n\n\n<li>Env\u00edo por UPS o FedEx<\/li>\n\n\n\n<li>Esta opci\u00f3n solo est\u00e1 disponible para algunos pa\u00edses. En el momento de finalizar el pedido, se te ofrecer\u00e1 esta opci\u00f3n, si est\u00e1 disponible.<\/li>\n<\/ul>\n\n\n\n<h3 class=\"wp-block-heading\">Resto del mundo<\/h3>\n\n\n\n<ul class=\"wp-block-list\">\n<li>Tiempo de entrega: de 2 a 10 d\u00edas<\/li>\n\n\n\n<li>Coste: 49 \u20ac<\/li>\n\n\n\n<li>Env\u00edo gratis en pedidos superiores a 399 \u20ac<\/li>\n\n\n\n<li>Env\u00edo por UPS o FedEx<\/li>\n\n\n\n<li>Esta opci\u00f3n solo est\u00e1 disponible para algunos pa\u00edses. En el momento de finalizar el pedido, se te ofrecer\u00e1 esta opci\u00f3n, si est\u00e1 disponible.<\/li>\n<\/ul>\n\n\n\n<div class=\"wp-block-stackable-divider stk-block-divider stk-block stk-8a96e84\" data-block-id=\"8a96e84\"><style>.stk-8a96e84{margin-bottom:29px !important}<\/style><hr class=\"stk-block-divider__hr\"\/><\/div>\n\n\n\n<p>Los precios son orientativos. En tu carrito de compra te indicaremos los precios definitivos en funci\u00f3n del tipo de env\u00edo y lugar de destino.<\/p>\n\n\n\n<p>Nuestros env\u00edos son discretos. No aparece el nombre de nuestra empresa. El paquete ser\u00e1 un sobre acolchado.<\/p>\n\n\n\n<p>Solo enviamos a direcciones privadas. No asumiremos ninguna responsabilidad si utilizas como direcci\u00f3n de entrega: apartados de correos, puntos de recogida, Relay Points, empresas de reenv\u00edo o sitios p\u00fablicos en general.<\/p>\n\n\n\n<p>La informaci\u00f3n de seguimiento de tu pedido se enviar\u00e1 a la direcci\u00f3n de correo electr\u00f3nico con la que te hayas registrado, una vez se haya enviado el paquete. Si no lo encuentras, comprueba tu carpeta de correo no deseado.<\/p>\n\n\n\n<p>Las actualizaciones de seguimiento no estar\u00e1n disponibles hasta que el paquete haya llegado al pa\u00eds de destino, en ocasiones este proceso puede tardar hasta 10 d\u00edas laborables.<\/p>\n\n\n\n<p>Es posible que haya que firmar las entregas. El mensajero entregar\u00e1 el paquete en tu direcci\u00f3n de entrega y te dejar\u00e1 una nota en caso de que est\u00e9s ausente. Ten en cuenta que, en determinados casos, el mensajero podr\u00eda entregar el pedido en tu buz\u00f3n para acelerar el proceso de entrega.<\/p>\n\n\n\n<p>No es posible fijar una fecha u hora determinada para el primer intento de entrega. El mensajero no te llamar\u00e1 a tu n\u00famero de tel\u00e9fono para saber si te encuentras en casa.<\/p>\n\n\n\n<p>Nuestro socio de mensajer\u00eda en Espa\u00f1a enviar\u00e1 el pedido a tu pa\u00eds, y la entrega final estar\u00e1 gestionada por la empresa de mensajer\u00eda local espec\u00edfica de tu pa\u00eds.<\/p>\n\n\n\n<p>No hacemos env\u00edos a las islas Canarias.<\/p>\n\n\n\n<div class=\"wp-block-stackable-divider stk-block-divider stk-block stk-3b0443f\" data-block-id=\"3b0443f\"><hr class=\"stk-block-divider__hr\"\/><\/div>\n\n\n\n<div class=\"wp-block-stackable-notification stk-block-notification stk--is-warning stk-block stk-dde33c6 is-style-default\" data-block-id=\"dde33c6\"><div class=\"stk-block-notification__content stk-content-align stk-dde33c6-column stk-container stk-dde33c6-container stk-hover-parent\"><div class=\"stk-block-content stk-inner-blocks\">\n<div class=\"wp-block-stackable-icon stk-block-icon stk-block stk-ba5fb9d\" data-block-id=\"ba5fb9d\"><style>.stk-ba5fb9d .stk--svg-wrapper .stk--inner-svg svg:last-child,.stk-ba5fb9d .stk--svg-wrapper .stk--inner-svg svg:last-child :is(g,path,rect,polygon,ellipse){fill:#000000 !important}<\/style><span class=\"stk--svg-wrapper\"><div class=\"stk--inner-svg\"><svg style=\"height:0;width:0\"><defs><linearGradient id=\"linear-gradient-ba5fb9d\" x1=\"0\" x2=\"100%\" y1=\"0\" y2=\"0\"><stop offset=\"0%\" style=\"stop-opacity:1;stop-color:var(--linear-gradient-ba-5-fb-9-d-color-1)\"><\/stop><stop offset=\"100%\" style=\"stop-opacity:1;stop-color:var(--linear-gradient-ba-5-fb-9-d-color-2)\"><\/stop><\/linearGradient><\/defs><\/svg><svg data-prefix=\"fas\" data-icon=\"exclamation-triangle\" class=\"svg-inline--fa fa-exclamation-triangle fa-w-18\" xmlns=\"http:\/\/www.w3.org\/2000\/svg\" viewBox=\"0 0 576 512\" aria-hidden=\"true\" width=\"32\" height=\"32\"><path fill=\"currentColor\" d=\"M569.517 440.013C587.975 472.007 564.806 512 527.94 512H48.054c-36.937 0-59.999-40.055-41.577-71.987L246.423 23.985c18.467-32.009 64.72-31.951 83.154 0l239.94 416.028zM288 354c-25.405 0-46 20.595-46 46s20.595 46 46 46 46-20.595 46-46-20.595-46-46-46zm-43.673-165.346l7.418 136c.347 6.364 5.609 11.346 11.982 11.346h48.546c6.373 0 11.635-4.982 11.982-11.346l7.418-136c.375-6.874-5.098-12.654-11.982-12.654h-63.383c-6.884 0-12.356 5.78-11.981 12.654z\"><\/path><\/svg><\/div><\/span><\/div>\n\n\n\n<div class=\"wp-block-stackable-heading stk-block-heading stk-block-heading--v2 stk-block stk-22b785b\" id=\"responsabilidad\" data-block-id=\"22b785b\"><style>.stk-22b785b .stk-block-heading__text{color:#000000 !important}<\/style><h2 class=\"stk-block-heading__text has-text-color has-black-color\">Responsabilidad<\/h2><\/div>\n\n\n\n<div class=\"wp-block-stackable-text stk-block-text stk-block stk-d13702e\" data-block-id=\"d13702e\"><style>.stk-d13702e .stk-block-text__text{color:#000000 !important}<\/style><p class=\"stk-block-text__text has-text-color has-black-color\">Por favor, ten en cuenta que Bulk Genetics no se hace responsable de cualquier informaci\u00f3n incorrecta proporcionada por el cliente. Si una informaci\u00f3n correcta proporcionada por el cliente provoca una entrega incorrecta, que no se pueda realizar la entrega, una detenci\u00f3n o alg\u00fan tipo de acusaci\u00f3n, el cliente se har\u00e1 responsable.<\/p><\/div>\n\n\n\n<div class=\"wp-block-stackable-text stk-block-text stk-block stk-1c0797b\" data-block-id=\"1c0797b\"><style>.stk-1c0797b .stk-block-text__text{color:#000000 !important}<\/style><p class=\"stk-block-text__text has-text-color has-black-color\">El cliente es totalmente responsable del env\u00edo de un pedido una vez haya salido de nuestro almac\u00e9n. Bulk Genetics no se hace responsable del contenido de ning\u00fan producto o de ninguna acusaci\u00f3n en el caso de que tu paquete sea retenido por un servicio internacional de aduanas.<\/p><\/div>\n\n\n\n<div class=\"wp-block-stackable-button-group stk-block-button-group stk-block stk-0e5aaa0\" data-block-id=\"0e5aaa0\"><div class=\"stk-row stk-inner-blocks stk-block-content stk-button-group\">\n<div class=\"wp-block-stackable-button stk-block-button stk-block stk-95daaba\" data-block-id=\"95daaba\"><style>.stk-95daaba .stk-button{background:transparent !important}.stk-95daaba .stk-button:before{border-style:solid !important;border-color:#000000 !important;border-top-width:1px !important;border-right-width:1px !important;border-bottom-width:1px !important;border-left-width:1px !important}.stk-95daaba .stk-button__inner-text{color:#000000 !important}<\/style><a class=\"stk-link stk-button stk--hover-effect-darken\" href=\"https:\/\/bulkgenetics.com\/es\/terminos-y-condiciones\/#aviso-legal\"><span class=\"has-text-color stk-button__inner-text\">Aviso Legal<\/span><\/a><\/div>\n<\/div><\/div>\n<\/div><\/div><\/div>\n","protected":false},"excerpt":{"rendered":"<p>En Bulk Genetics hacemos nuestro mejor esfuerzo para asegurar que tus pedidos lleguen r\u00e1pido y de forma segura. Todos nuestros empaques son totalmente discretos, y tomamos todas las medidas necesarias para que el embalaje de tus productos minimice cualquier tipo de riesgo. Todas las semillas se env\u00edan desde nuestros almacenes en Espa\u00f1a. Es muy importante [&hellip;]<\/p>\n","protected":false},"author":1,"featured_media":0,"parent":0,"menu_order":0,"comment_status":"closed","ping_status":"closed","template":"template-fullwidth-contained.php","meta":{"_acf_changed":false,"inline_featured_image":false,"_uag_custom_page_level_css":"","footnotes":""},"class_list":["post-16063","page","type-page","status-publish","hentry"],"acf":[],"uagb_featured_image_src":{"full":false,"thumbnail":false,"medium":false,"medium_large":false,"large":false,"1536x1536":false,"2048x2048":false,"commercegurus-pdp-large":false,"commercegurus-plp-mobile":false,"cgkit_image_swatch":false,"woocommerce_thumbnail":false,"woocommerce_single":false,"woocommerce_gallery_thumbnail":false,"dgwt-wcas-product-suggestion":false},"uagb_author_info":{"display_name":"Chris","author_link":"https:\/\/bulkgenetics.com\/es\/author\/chriscarter\/"},"uagb_comment_info":0,"uagb_excerpt":"En Bulk Genetics hacemos nuestro mejor esfuerzo para asegurar que tus pedidos lleguen r\u00e1pido y de forma segura. Todos nuestros empaques son totalmente discretos, y tomamos todas las medidas necesarias para que el embalaje de tus productos minimice cualquier tipo de riesgo. Todas las semillas se env\u00edan desde nuestros almacenes en Espa\u00f1a. Es muy importante&hellip;","_links":{"self":[{"href":"https:\/\/bulkgenetics.com\/es\/wp-json\/wp\/v2\/pages\/16063","targetHints":{"allow":["GET"]}}],"collection":[{"href":"https:\/\/bulkgenetics.com\/es\/wp-json\/wp\/v2\/pages"}],"about":[{"href":"https:\/\/bulkgenetics.com\/es\/wp-json\/wp\/v2\/types\/page"}],"author":[{"embeddable":true,"href":"https:\/\/bulkgenetics.com\/es\/wp-json\/wp\/v2\/users\/1"}],"replies":[{"embeddable":true,"href":"https:\/\/bulkgenetics.com\/es\/wp-json\/wp\/v2\/comments?post=16063"}],"version-history":[{"count":0,"href":"https:\/\/bulkgenetics.com\/es\/wp-json\/wp\/v2\/pages\/16063\/revisions"}],"wp:attachment":[{"href":"https:\/\/bulkgenetics.com\/es\/wp-json\/wp\/v2\/media?parent=16063"}],"curies":[{"name":"wp","href":"https:\/\/api.w.org\/{rel}","templated":true}]}}