{"id":16108,"date":"2023-03-28T13:01:06","date_gmt":"2023-03-28T11:01:06","guid":{"rendered":"https:\/\/bulkgenetics.com\/?page_id=16108"},"modified":"2023-03-28T14:04:12","modified_gmt":"2023-03-28T12:04:12","slug":"politica-de-devoluciones","status":"publish","type":"page","link":"https:\/\/bulkgenetics.com\/es\/politica-de-devoluciones\/","title":{"rendered":"Pol\u00edtica de devoluciones"},"content":{"rendered":"\n<p>Tienes derecho a devolver tu pedido (o partes del mismo) dentro de los 14 d\u00edas siguientes a su recepci\u00f3n sin dar ninguna raz\u00f3n, siempre que todav\u00eda conserve el sello de f\u00e1brica (se aplican otras exclusiones).<\/p>\n\n\n\n<p>El plazo de devoluci\u00f3n vencer\u00e1 14 d\u00edas despu\u00e9s del d\u00eda en que t\u00fa (o un tercero designado que no sea el transportista) hayas recibido el producto. Si has pedido varios productos con diferentes plazos de entrega en un mismo pedido, el plazo de devoluci\u00f3n finalizar\u00e1 14 d\u00edas despu\u00e9s de que se haya recibido el producto final del pedido.<\/p>\n\n\n\n<p>Ser\u00e1s el \u00fanico responsable de cualquier reducci\u00f3n del valor del producto basada en la manipulaci\u00f3n o el uso m\u00e1s all\u00e1 de lo necesario para valorar su funcionalidad o estado. Tambi\u00e9n ten en cuenta que los regalos incluidos en el pedido deber\u00e1n ser devueltos de igualmente, en caso contrario en importe ser\u00e1 deducido del reembolso (de acuerdo a sus precios de venta).<\/p>\n\n\n\n<h2 class=\"wp-block-heading\">Proceso de devoluci\u00f3n<\/h2>\n\n\n\n<p>Para devolver un art\u00edculo o art\u00edculos, debes informar a nuestro equipo de atenci\u00f3n al cliente a trav\u00e9s del formulario de contacto, o enviando un correo electr\u00f3nico a la direcci\u00f3n que aparece a continuaci\u00f3n:<\/p>\n\n\n\n<div class=\"wp-block-stackable-columns stk-block-columns stk-block stk-e443cfd\" data-block-id=\"e443cfd\"><div class=\"stk-row stk-inner-blocks stk-block-content stk-content-align stk-e443cfd-column\">\n<div class=\"wp-block-stackable-column stk-block-column stk-block-column--v3 stk-column stk-block-column--v2 stk-block stk-b7e8971\" data-block-id=\"b7e8971\"><div class=\"stk-column-wrapper stk-block-column__content stk-container stk-b7e8971-container stk--no-background stk--no-padding\"><div class=\"stk-block-content stk-inner-blocks stk-b7e8971-inner-blocks\">\n<p><strong>GLOBAL WEB MARKET, S.L.<br><\/strong>Calle Gandia, 2 local 12<br>03509 Finestrat (Alicante)<br>Espa\u00f1a<\/p>\n<\/div><\/div><\/div>\n\n\n\n<div class=\"wp-block-stackable-column stk-block-column stk-block-column--v3 stk-column stk-block-column--v2 stk-block stk-e88f152\" data-block-id=\"e88f152\"><div class=\"stk-column-wrapper stk-block-column__content stk-container stk-e88f152-container stk--no-background stk--no-padding\"><div class=\"stk-block-content stk-inner-blocks stk-e88f152-inner-blocks\">\n<p>Email: <a href=\"mailto:info@bulkgenetics.com\">info@bulkgenetics.com<\/a><br>Tel\u00e9fono: <a href=\"tel:+34613065383\">+34 613 065 383<\/a><br>VAT-ID: ESB54742531<br>NIF: B54742531<\/p>\n<\/div><\/div><\/div>\n<\/div><\/div>\n\n\n\n<p>Ten en cuenta que los costes de devoluci\u00f3n <strong>no<\/strong> se reembolsar\u00e1n si el producto se devuelve sin previo aviso.<\/p>\n\n\n\n<h2 class=\"wp-block-heading\">Exclusiones<\/h2>\n\n\n\n<p>Los siguientes productos no est\u00e1n cubiertos por el derecho de devoluci\u00f3n:<\/p>\n\n\n\n<ul class=\"wp-block-list\">\n<li>Productos a los que se les ha abierto su sello original.<\/li>\n\n\n\n<li>Productos devueltos fuera del per\u00edodo de devoluci\u00f3n.<\/li>\n\n\n\n<li>Productos perecederos.<\/li>\n<\/ul>\n\n\n\n<h2 class=\"wp-block-heading\">Proceso de reembolso<\/h2>\n\n\n\n<p>Una vez que hayas ejercido tu derecho a la devoluci\u00f3n, todos los pagos (incluidos los gastos de env\u00edo) ser\u00e1n reembolsados en un plazo de 14 d\u00edas. Si has devuelto el producto sin previa notificaci\u00f3n, no podemos reembolsar los gastos de env\u00edo generados. Tambi\u00e9n podemos solicitar un c\u00f3digo de seguimiento como prueba de la devoluci\u00f3n antes de que se reembolse el pago.<\/p>\n\n\n\n<p>Dependiendo de tu m\u00e9todo de pago original, el reembolso se realizar\u00e1 de la siguiente manera:<\/p>\n\n\n\n<ul class=\"wp-block-list\">\n<li>Transferencia bancaria: transferencia bancaria.<\/li>\n\n\n\n<li>Tarjeta de cr\u00e9dito: tarjeta de cr\u00e9dito (o transferencia bancaria si han pasado m\u00e1s de 30 d\u00edas desde el pago inicial).<\/li>\n\n\n\n<li>Criptomonedas: transferencia bancaria.<\/li>\n<\/ul>\n","protected":false},"excerpt":{"rendered":"<p>Tienes derecho a devolver tu pedido (o partes del mismo) dentro de los 14 d\u00edas siguientes a su recepci\u00f3n sin dar ninguna raz\u00f3n, siempre que todav\u00eda conserve el sello de f\u00e1brica (se aplican otras exclusiones). El plazo de devoluci\u00f3n vencer\u00e1 14 d\u00edas despu\u00e9s del d\u00eda en que t\u00fa (o un tercero designado que no sea [&hellip;]<\/p>\n","protected":false},"author":1,"featured_media":0,"parent":0,"menu_order":0,"comment_status":"closed","ping_status":"closed","template":"template-fullwidth-contained.php","meta":{"_acf_changed":false,"inline_featured_image":false,"_uag_custom_page_level_css":"","footnotes":""},"class_list":["post-16108","page","type-page","status-publish","hentry"],"acf":[],"uagb_featured_image_src":{"full":false,"thumbnail":false,"medium":false,"medium_large":false,"large":false,"1536x1536":false,"2048x2048":false,"commercegurus-pdp-large":false,"commercegurus-plp-mobile":false,"cgkit_image_swatch":false,"woocommerce_thumbnail":false,"woocommerce_single":false,"woocommerce_gallery_thumbnail":false,"dgwt-wcas-product-suggestion":false},"uagb_author_info":{"display_name":"Chris","author_link":"https:\/\/bulkgenetics.com\/es\/author\/chriscarter\/"},"uagb_comment_info":0,"uagb_excerpt":"Tienes derecho a devolver tu pedido (o partes del mismo) dentro de los 14 d\u00edas siguientes a su recepci\u00f3n sin dar ninguna raz\u00f3n, siempre que todav\u00eda conserve el sello de f\u00e1brica (se aplican otras exclusiones). El plazo de devoluci\u00f3n vencer\u00e1 14 d\u00edas despu\u00e9s del d\u00eda en que t\u00fa (o un tercero designado que no sea&hellip;","_links":{"self":[{"href":"https:\/\/bulkgenetics.com\/es\/wp-json\/wp\/v2\/pages\/16108","targetHints":{"allow":["GET"]}}],"collection":[{"href":"https:\/\/bulkgenetics.com\/es\/wp-json\/wp\/v2\/pages"}],"about":[{"href":"https:\/\/bulkgenetics.com\/es\/wp-json\/wp\/v2\/types\/page"}],"author":[{"embeddable":true,"href":"https:\/\/bulkgenetics.com\/es\/wp-json\/wp\/v2\/users\/1"}],"replies":[{"embeddable":true,"href":"https:\/\/bulkgenetics.com\/es\/wp-json\/wp\/v2\/comments?post=16108"}],"version-history":[{"count":0,"href":"https:\/\/bulkgenetics.com\/es\/wp-json\/wp\/v2\/pages\/16108\/revisions"}],"wp:attachment":[{"href":"https:\/\/bulkgenetics.com\/es\/wp-json\/wp\/v2\/media?parent=16108"}],"curies":[{"name":"wp","href":"https:\/\/api.w.org\/{rel}","templated":true}]}}