{"id":162,"date":"2022-09-08T23:13:44","date_gmt":"2022-09-08T21:13:44","guid":{"rendered":"https:\/\/bulkgenetics.xyz\/?page_id=162"},"modified":"2022-10-28T11:07:47","modified_gmt":"2022-10-28T09:07:47","slug":"aviso-legal","status":"publish","type":"page","link":"https:\/\/bulkgenetics.com\/es\/aviso-legal\/","title":{"rendered":"Aviso legal"},"content":{"rendered":"\n<p>Las semillas de cannabis no est\u00e1n fiscalizadas por la Convenci\u00f3n \u00danica de 1961 sobre Estupefacientes, firmada en Nueva York el 30 de marzo de 1961, modificada por el Protocolo de Ginebra del 25 de marzo de 1972 y ratificada por el Estado espa\u00f1ol.<\/p>\n\n\n\n<p>La Convenci\u00f3n \u00danica establece qu\u00e9 parte o partes de la planta de Cannabis Sativa L. est\u00e1n fiscalizadas; las sumidades, floridas o con fruto, de la planta de cannabis, as\u00ed como la resina obtenida de la planta de cannabis, pero excluye expresamente las semillas. Las semillas quedan excluidas del concepto legal de cannabis y no se incluyen en sus Listas Anexas.<\/p>\n\n\n\n<p>Las semillas de la planta de Cannabis Sativa L. carecen del principio activo Delta-9 tetrahidrocannabinol (THC).<\/p>\n\n\n\n<p>Por lo tanto, de acuerdo con la Convenci\u00f3n \u00danica, las semillas de la planta de cannabis no est\u00e1n fiscalizadas ni pueden calificarse como estupefacientes.<\/p>\n\n\n\n<p>En Espa\u00f1a, la venta, posesi\u00f3n y cultivo para uso personal de semillas de cannabis no constituye delito. El C\u00f3digo Penal espa\u00f1ol tipifica como delito el cultivo de cannabis con el fin de promover, favorecer o facilitar su consumo por terceros.<\/p>\n\n\n\n<p>Seg\u00fan dictamin\u00f3 el Fiscal del Tribunal Supremo, D. Fernando SEQUEROS SAZATORNIL, la venta de semillas de cannabis en cantidades para su cultivo dom\u00e9stico para su consumo y autoabastecimiento con el mismo fin (incluidas las semillas reproducidas a partir de aquellas) no podr\u00e1 considerarse, en modo alguno, constitutiva de delito.<\/p>\n\n\n\n<p>El cultivo de cannabis para uso personal puede constituir infracci\u00f3n administrativa de conformidad con el art\u00edculo 36.18 de la Ley Org\u00e1nica 4\/2015, de 30 de marzo, de protecci\u00f3n de la seguridad ciudadana, si se realiza en lugares visibles al p\u00fablico.<\/p>\n\n\n\n<p>Las semillas de Global Web Market, S.L. no son variedades comerciales y no est\u00e1n destinadas a cultivos agr\u00edcolas. Se trata de variedades de aficionado, seg\u00fan la Ley 30\/2006, de 26 de julio, de semillas y plantas de vivero y de recursos fitogen\u00e9ticos. Las semillas se venden para uso personal de mayores de 18 a\u00f1os exclusivamente. Global Web Market, S.L. comercializa las semillas de cannabis, como art\u00edculos destinados al coleccionismo o la preservaci\u00f3n gen\u00e9tica, con la restricci\u00f3n espec\u00edfica de que no sean utilizados para fines que contravengan la normativa vigente.<\/p>\n\n\n\n<p>De acuerdo con el principio de reconocimiento mutuo, los Estados miembros de la Uni\u00f3n Europea no pueden prohibir la venta en su territorio de bienes que se comercialicen legalmente en otro Estado miembro, incluso cuando esos bienes hayan sido producidos de acuerdo con normas t\u00e9cnicas diferentes (Reglamento (UE) 2019\/515, de 19 de marzo de 2019, relativo al reconocimiento mutuo de mercanc\u00edas comercializadas legalmente en otro Estado miembro).<\/p>\n\n\n\n<p>Las legislaciones nacionales de aplicaci\u00f3n a las semillas de cannabis difieren mucho entre diferentes pa\u00edses. En algunos, la germinaci\u00f3n y cultivo de cannabis para uso personal, e incluso la mera posesi\u00f3n de las semillas, puede ser constitutivo de infracci\u00f3n penal. Global Web Market, S.L. no quiere inducir a nadie para que infrinja la ley vigente en cualquier pa\u00eds.<\/p>\n\n\n\n<p>Por esta raz\u00f3n, rogamos a los compradores no residentes en Espa\u00f1a que se informen acerca de la legislaci\u00f3n local aplicable. Global Web Market, S.L. anima a sus clientes a actuar con responsabilidad.<\/p>\n\n\n\n<p>Global Web Market, S.L. declina cualquier responsabilidad por los posibles problemas legales que puedan derivarse para los compradores, y no realizar\u00e1 reembolsos por semillas incautadas o rechazadas por los transportistas o las aduanas en el cumplimiento de su deber.<\/p>\n\n\n\n<p>El hecho de que algunas descripciones hagan alusi\u00f3n a los efectos de consumo, en ning\u00fan caso significa que se deban consumir, dado que son simplemente descripciones informativas. Global Web Market, S.L. declina toda responsabilidad por las decisiones que el comprador pueda tomar basado en esta informaci\u00f3n, por los posibles errores tipogr\u00e1ficos que puedan contener los documentos y gr\u00e1ficos de la p\u00e1gina o derivada del mal uso de las semillas. La informaci\u00f3n est\u00e1 sometida a posibles cambios peri\u00f3dicos sin previo aviso de su contenido por ampliaci\u00f3n, mejora, correcci\u00f3n o actualizaci\u00f3n de los contenidos.<\/p>\n","protected":false},"excerpt":{"rendered":"<p>Las semillas de cannabis no est\u00e1n fiscalizadas por la Convenci\u00f3n \u00danica de 1961 sobre Estupefacientes, firmada en Nueva York el 30 de marzo de 1961, modificada por el Protocolo de Ginebra del 25 de marzo de 1972 y ratificada por el Estado espa\u00f1ol. La Convenci\u00f3n \u00danica establece qu\u00e9 parte o partes de la planta de [&hellip;]<\/p>\n","protected":false},"author":1,"featured_media":0,"parent":0,"menu_order":0,"comment_status":"closed","ping_status":"closed","template":"template-fullwidth-contained.php","meta":{"_acf_changed":false,"inline_featured_image":false,"_uag_custom_page_level_css":"","footnotes":""},"class_list":["post-162","page","type-page","status-publish","hentry"],"acf":[],"uagb_featured_image_src":{"full":false,"thumbnail":false,"medium":false,"medium_large":false,"large":false,"1536x1536":false,"2048x2048":false,"commercegurus-pdp-large":false,"commercegurus-plp-mobile":false,"cgkit_image_swatch":false,"woocommerce_thumbnail":false,"woocommerce_single":false,"woocommerce_gallery_thumbnail":false,"dgwt-wcas-product-suggestion":false},"uagb_author_info":{"display_name":"Chris","author_link":"https:\/\/bulkgenetics.com\/es\/author\/chriscarter\/"},"uagb_comment_info":0,"uagb_excerpt":"Las semillas de cannabis no est\u00e1n fiscalizadas por la Convenci\u00f3n \u00danica de 1961 sobre Estupefacientes, firmada en Nueva York el 30 de marzo de 1961, modificada por el Protocolo de Ginebra del 25 de marzo de 1972 y ratificada por el Estado espa\u00f1ol. La Convenci\u00f3n \u00danica establece qu\u00e9 parte o partes de la planta de&hellip;","_links":{"self":[{"href":"https:\/\/bulkgenetics.com\/es\/wp-json\/wp\/v2\/pages\/162","targetHints":{"allow":["GET"]}}],"collection":[{"href":"https:\/\/bulkgenetics.com\/es\/wp-json\/wp\/v2\/pages"}],"about":[{"href":"https:\/\/bulkgenetics.com\/es\/wp-json\/wp\/v2\/types\/page"}],"author":[{"embeddable":true,"href":"https:\/\/bulkgenetics.com\/es\/wp-json\/wp\/v2\/users\/1"}],"replies":[{"embeddable":true,"href":"https:\/\/bulkgenetics.com\/es\/wp-json\/wp\/v2\/comments?post=162"}],"version-history":[{"count":0,"href":"https:\/\/bulkgenetics.com\/es\/wp-json\/wp\/v2\/pages\/162\/revisions"}],"wp:attachment":[{"href":"https:\/\/bulkgenetics.com\/es\/wp-json\/wp\/v2\/media?parent=162"}],"curies":[{"name":"wp","href":"https:\/\/api.w.org\/{rel}","templated":true}]}}