{"id":28514,"date":"2024-09-23T20:00:47","date_gmt":"2024-09-23T18:00:47","guid":{"rendered":"https:\/\/bulkgenetics.com\/?page_id=28514"},"modified":"2024-09-23T21:48:41","modified_gmt":"2024-09-23T19:48:41","slug":"pago-por-transferencia-bancaria","status":"publish","type":"page","link":"https:\/\/bulkgenetics.com\/es\/pago-por-transferencia-bancaria\/","title":{"rendered":"Pago por Transferencia Bancaria"},"content":{"rendered":"\n<p>En Bulk Genetics, ofrecemos la opci\u00f3n de pago por transferencia bancaria para tu comodidad. A continuaci\u00f3n, encontrar\u00e1s nuestras cuentas bancarias seg\u00fan la moneda de tu preferencia. Por favor, aseg\u00farate de utilizar la cuenta correspondiente al tipo de moneda con el que deseas pagar.<\/p>\n\n\n\n<div style=\"height:48px\" aria-hidden=\"true\" class=\"wp-block-spacer\"><\/div>\n\n\n\n<hr class=\"wp-block-separator has-alpha-channel-opacity\"\/>\n\n\n\n<div style=\"height:48px\" aria-hidden=\"true\" class=\"wp-block-spacer\"><\/div>\n\n\n\n<h2 class=\"wp-block-heading\"><strong>Cuentas para Pagos en Euros (\u20ac)<\/strong> dentro de la Uni\u00f3n Europea y pa\u00edses SEPA<\/h2>\n\n\n\n<h3 class=\"wp-block-heading\"><strong>Cuenta 1:<\/strong><\/h3>\n\n\n\n<ul class=\"wp-block-list\">\n<li><strong>Banco:<\/strong> BBVA<\/li>\n\n\n\n<li><strong>Titular:<\/strong> GLOBAL WEB MARKT S.L.<\/li>\n\n\n\n<li><strong>N\u00famero de Cuenta IBAN:<\/strong> ES5801821140320201662159<\/li>\n\n\n\n<li><strong>BIC\/SWIFT:<\/strong> BBVAESMMXXX<\/li>\n\n\n\n<li><strong>Direcci\u00f3n del Banco:<\/strong><br>Plaza de San Nicolas, 4<br>48005 Bilbao<br>Espa\u00f1a<\/li>\n<\/ul>\n\n\n\n<div style=\"height:48px\" aria-hidden=\"true\" class=\"wp-block-spacer\"><\/div>\n\n\n\n<h3 class=\"wp-block-heading\"><strong>Cuenta 2:<\/strong><\/h3>\n\n\n\n<ul class=\"wp-block-list\">\n<li><strong>Banco:<\/strong> BANKING CIRCLE S.A. &#8211; GERMAN BRANCH<\/li>\n\n\n\n<li><strong>Titular:<\/strong> GLOBAL WEB MARKT SL<\/li>\n\n\n\n<li><strong>N\u00famero de Cuenta IBAN:<\/strong> DE53202208000027722786<\/li>\n\n\n\n<li><strong>BIC\/SWIFT:<\/strong> SXPYDEHHXXX<\/li>\n\n\n\n<li><strong>Direcci\u00f3n del Banco:<\/strong><br>Maximilianstra\u00dfe 54<br>80538 M\u00fcnchen<br>Alemania<\/li>\n<\/ul>\n\n\n\n<div style=\"height:48px\" aria-hidden=\"true\" class=\"wp-block-spacer\"><\/div>\n\n\n\n<h2 class=\"wp-block-heading\"><strong>Cuentas para Pagos en Euros (\u20ac)<\/strong> desde fuera de la Uni\u00f3n Europea<\/h2>\n\n\n\n<h3 class=\"wp-block-heading\">Cuenta 3:<\/h3>\n\n\n\n<ul class=\"wp-block-list\">\n<li><strong>Banco:<\/strong> BANKING CIRCLE S.A.<\/li>\n\n\n\n<li><strong>Titular:<\/strong> GLOBAL WEB MARKT SL<\/li>\n\n\n\n<li><strong>N\u00famero de Cuenta IBAN:<\/strong> LU834080000027722786<\/li>\n\n\n\n<li><strong>Banco:<\/strong> BCIRLULLXXX<\/li>\n\n\n\n<li><strong>Direcci\u00f3n del Banco:<\/strong><br>2 Bd de la Foire<br>1528 Ville-Haute Luxembourg<br>Luxemburgo<\/li>\n<\/ul>\n\n\n\n<div style=\"height:48px\" aria-hidden=\"true\" class=\"wp-block-spacer\"><\/div>\n\n\n\n<hr class=\"wp-block-separator has-alpha-channel-opacity\"\/>\n\n\n\n<div style=\"height:48px\" aria-hidden=\"true\" class=\"wp-block-spacer\"><\/div>\n\n\n\n<h2 class=\"wp-block-heading\">Cuenta para Pagos en D\u00f3lares Americanos (USD)<\/h2>\n\n\n\n<h3 class=\"wp-block-heading\"><strong>Cuenta 4:<\/strong><\/h3>\n\n\n\n<ul class=\"wp-block-list\">\n<li><strong>Banco:<\/strong> BANKING CIRCLE S.A.<\/li>\n\n\n\n<li><strong>Titular:<\/strong> GLOBAL WEB MARKT SL<\/li>\n\n\n\n<li><strong>N\u00famero de Cuenta IBAN:<\/strong> LU834080000050979312<\/li>\n\n\n\n<li><strong>Banco:<\/strong> BCIRLULLXXX<\/li>\n\n\n\n<li><strong>Direcci\u00f3n del Banco:<\/strong><br>2 Bd de la Foire<br>1528 Ville-Haute Luxembourg<br>Luxemburgo<\/li>\n<\/ul>\n\n\n\n<div style=\"height:48px\" aria-hidden=\"true\" class=\"wp-block-spacer\"><\/div>\n\n\n\n<hr class=\"wp-block-separator has-alpha-channel-opacity\"\/>\n\n\n\n<div style=\"height:48px\" aria-hidden=\"true\" class=\"wp-block-spacer\"><\/div>\n\n\n\n<h2 class=\"wp-block-heading\">Cuenta para Pagos en Libras Esterlinas (GBP)<\/h2>\n\n\n\n<h3 class=\"wp-block-heading\">Cuenta 5:<\/h3>\n\n\n\n<ul class=\"wp-block-list\">\n<li><strong>Banco:<\/strong> BANKING CIRCLE S.A.<\/li>\n\n\n\n<li><strong>Titular:<\/strong> GLOBAL WEB MARKT SL<\/li>\n\n\n\n<li><strong>N\u00famero de Cuenta IBAN:<\/strong> LU744080000050896636<\/li>\n\n\n\n<li><strong>Banco:<\/strong> BCIRLULLXXX<\/li>\n\n\n\n<li><strong>Direcci\u00f3n del Banco:<\/strong><br>2 Bd de la Foire<br>1528 Ville-Haute Luxembourg<br>Luxemburgo<\/li>\n<\/ul>\n\n\n\n<div style=\"height:48px\" aria-hidden=\"true\" class=\"wp-block-spacer\"><\/div>\n\n\n\n<hr class=\"wp-block-separator has-alpha-channel-opacity\"\/>\n\n\n\n<div style=\"height:48px\" aria-hidden=\"true\" class=\"wp-block-spacer\"><\/div>\n\n\n\n<h2 class=\"wp-block-heading\">Importante<\/h2>\n\n\n\n<p><strong>Referencia de Pedido: <\/strong>Es imprescindible que indiques <strong>\u00fanicamente<\/strong> la referencia de tu pedido en el concepto o referencia de la transferencia. Esto nos ayuda a identificar tu pago r\u00e1pidamente y procesar tu pedido sin demoras.<\/p>\n\n\n\n<p><strong>Comprobante de Pago:<\/strong> Si deseas acelerar el procesamiento de tu pedido, puedes enviar el comprobante de la transferencia a payments@globalwebmarkt.com.<\/p>\n\n\n\n<div style=\"height:48px\" aria-hidden=\"true\" class=\"wp-block-spacer\"><\/div>\n\n\n\n<h2 class=\"wp-block-heading\">Preguntas Frecuentes<\/h2>\n\n\n<div class=\"wp-block-uagb-faq uagb-faq__outer-wrap uagb-block-983e4e4b uagb-faq-icon-row uagb-faq-layout-accordion uagb-faq-expand-first-true uagb-faq-inactive-other-true uagb-faq__wrap uagb-buttons-layout-wrap uagb-faq-equal-height     \" data-faqtoggle=\"true\" role=\"tablist\"><div class=\"wp-block-uagb-faq-child uagb-faq-child__outer-wrap uagb-faq-item uagb-block-99739612 \" role=\"tab\" tabindex=\"0\"><div class=\"uagb-faq-questions-button uagb-faq-questions\">\t\t\t<span class=\"uagb-icon uagb-faq-icon-wrap\">\n\t\t\t\t\t\t\t\t<svg xmlns=\"https:\/\/www.w3.org\/2000\/svg\" viewBox= \"0 0 448 512\"><path d=\"M432 256c0 17.69-14.33 32.01-32 32.01H256v144c0 17.69-14.33 31.99-32 31.99s-32-14.3-32-31.99v-144H48c-17.67 0-32-14.32-32-32.01s14.33-31.99 32-31.99H192v-144c0-17.69 14.33-32.01 32-32.01s32 14.32 32 32.01v144h144C417.7 224 432 238.3 432 256z\"><\/path><\/svg>\n\t\t\t\t\t\t\t<\/span>\n\t\t\t\t\t\t<span class=\"uagb-icon-active uagb-faq-icon-wrap\">\n\t\t\t\t\t\t\t\t<svg xmlns=\"https:\/\/www.w3.org\/2000\/svg\" viewBox= \"0 0 448 512\"><path d=\"M400 288h-352c-17.69 0-32-14.32-32-32.01s14.31-31.99 32-31.99h352c17.69 0 32 14.3 32 31.99S417.7 288 400 288z\"><\/path><\/svg>\n\t\t\t\t\t\t\t<\/span>\n\t\t\t<span class=\"uagb-question\"><strong>\u00bfCu\u00e1nto tardan en llegar las transferencias internacionales?<\/strong><\/span><\/div><div class=\"uagb-faq-content\"><p>Las transferencias internacionales desde fuera de la Uni\u00f3n Europea pueden tardar hasta <strong>5 d\u00edas h\u00e1biles<\/strong> en llegar a nuestra cuenta bancaria. Ten en cuenta este tiempo adicional al realizar tu pago para evitar retrasos en el procesamiento de tu pedido.<\/p><\/div><\/div><div class=\"wp-block-uagb-faq-child uagb-faq-child__outer-wrap uagb-faq-item uagb-block-b186b743 \" role=\"tab\" tabindex=\"0\"><div class=\"uagb-faq-questions-button uagb-faq-questions\">\t\t\t<span class=\"uagb-icon uagb-faq-icon-wrap\">\n\t\t\t\t\t\t\t\t<svg xmlns=\"https:\/\/www.w3.org\/2000\/svg\" viewBox= \"0 0 448 512\"><path d=\"M432 256c0 17.69-14.33 32.01-32 32.01H256v144c0 17.69-14.33 31.99-32 31.99s-32-14.3-32-31.99v-144H48c-17.67 0-32-14.32-32-32.01s14.33-31.99 32-31.99H192v-144c0-17.69 14.33-32.01 32-32.01s32 14.32 32 32.01v144h144C417.7 224 432 238.3 432 256z\"><\/path><\/svg>\n\t\t\t\t\t\t\t<\/span>\n\t\t\t\t\t\t<span class=\"uagb-icon-active uagb-faq-icon-wrap\">\n\t\t\t\t\t\t\t\t<svg xmlns=\"https:\/\/www.w3.org\/2000\/svg\" viewBox= \"0 0 448 512\"><path d=\"M400 288h-352c-17.69 0-32-14.32-32-32.01s14.31-31.99 32-31.99h352c17.69 0 32 14.3 32 31.99S417.7 288 400 288z\"><\/path><\/svg>\n\t\t\t\t\t\t\t<\/span>\n\t\t\t<span class=\"uagb-question\"><strong>\u00bfHay comisiones adicionales por realizar una transferencia internacional?<\/strong><\/span><\/div><div class=\"uagb-faq-content\"><p>Dependiendo de tu banco y del pa\u00eds desde el que realices la transferencia, pueden aplicarse comisiones adicionales. Aseg\u00farate de cubrir cualquier comisi\u00f3n que tu banco pueda aplicar para que recibamos el monto exacto de tu pedido.<\/p><\/div><\/div><div class=\"wp-block-uagb-faq-child uagb-faq-child__outer-wrap uagb-faq-item uagb-block-9277976c \" role=\"tab\" tabindex=\"0\"><div class=\"uagb-faq-questions-button uagb-faq-questions\">\t\t\t<span class=\"uagb-icon uagb-faq-icon-wrap\">\n\t\t\t\t\t\t\t\t<svg xmlns=\"https:\/\/www.w3.org\/2000\/svg\" viewBox= \"0 0 448 512\"><path d=\"M432 256c0 17.69-14.33 32.01-32 32.01H256v144c0 17.69-14.33 31.99-32 31.99s-32-14.3-32-31.99v-144H48c-17.67 0-32-14.32-32-32.01s14.33-31.99 32-31.99H192v-144c0-17.69 14.33-32.01 32-32.01s32 14.32 32 32.01v144h144C417.7 224 432 238.3 432 256z\"><\/path><\/svg>\n\t\t\t\t\t\t\t<\/span>\n\t\t\t\t\t\t<span class=\"uagb-icon-active uagb-faq-icon-wrap\">\n\t\t\t\t\t\t\t\t<svg xmlns=\"https:\/\/www.w3.org\/2000\/svg\" viewBox= \"0 0 448 512\"><path d=\"M400 288h-352c-17.69 0-32-14.32-32-32.01s14.31-31.99 32-31.99h352c17.69 0 32 14.3 32 31.99S417.7 288 400 288z\"><\/path><\/svg>\n\t\t\t\t\t\t\t<\/span>\n\t\t\t<span class=\"uagb-question\"><strong>\u00bfQu\u00e9 sucede si no indico la referencia de pedido en el concepto de la transferencia?<\/strong><\/span><\/div><div class=\"uagb-faq-content\"><p>Si no indicas la referencia de tu pedido en el concepto de la transferencia, puede haber retrasos en la identificaci\u00f3n de tu pago y, por lo tanto, en el procesamiento de tu pedido. Por eso es esencial que incluyas <strong>\u00fanicamente<\/strong> la referencia de tu pedido.<\/p><\/div><\/div><div class=\"wp-block-uagb-faq-child uagb-faq-child__outer-wrap uagb-faq-item uagb-block-e24dd79b \" role=\"tab\" tabindex=\"0\"><div class=\"uagb-faq-questions-button uagb-faq-questions\">\t\t\t<span class=\"uagb-icon uagb-faq-icon-wrap\">\n\t\t\t\t\t\t\t\t<svg xmlns=\"https:\/\/www.w3.org\/2000\/svg\" viewBox= \"0 0 448 512\"><path d=\"M432 256c0 17.69-14.33 32.01-32 32.01H256v144c0 17.69-14.33 31.99-32 31.99s-32-14.3-32-31.99v-144H48c-17.67 0-32-14.32-32-32.01s14.33-31.99 32-31.99H192v-144c0-17.69 14.33-32.01 32-32.01s32 14.32 32 32.01v144h144C417.7 224 432 238.3 432 256z\"><\/path><\/svg>\n\t\t\t\t\t\t\t<\/span>\n\t\t\t\t\t\t<span class=\"uagb-icon-active uagb-faq-icon-wrap\">\n\t\t\t\t\t\t\t\t<svg xmlns=\"https:\/\/www.w3.org\/2000\/svg\" viewBox= \"0 0 448 512\"><path d=\"M400 288h-352c-17.69 0-32-14.32-32-32.01s14.31-31.99 32-31.99h352c17.69 0 32 14.3 32 31.99S417.7 288 400 288z\"><\/path><\/svg>\n\t\t\t\t\t\t\t<\/span>\n\t\t\t<span class=\"uagb-question\"><strong>\u00bfPuedo enviar el comprobante de pago para acelerar el proceso?<\/strong><\/span><\/div><div class=\"uagb-faq-content\"><p>S\u00ed, puedes enviar el comprobante de tu transferencia a <strong><a href=\"mailto:pagos@globalwebmarkt.com\">pagos@globalwebmarkt.com<\/a><\/strong>. Esto nos ayudar\u00e1 a verificar tu pago m\u00e1s r\u00e1pidamente y procesar tu pedido sin demoras.<\/p><\/div><\/div><div class=\"wp-block-uagb-faq-child uagb-faq-child__outer-wrap uagb-faq-item uagb-block-a288350f \" role=\"tab\" tabindex=\"0\"><div class=\"uagb-faq-questions-button uagb-faq-questions\">\t\t\t<span class=\"uagb-icon uagb-faq-icon-wrap\">\n\t\t\t\t\t\t\t\t<svg xmlns=\"https:\/\/www.w3.org\/2000\/svg\" viewBox= \"0 0 448 512\"><path d=\"M432 256c0 17.69-14.33 32.01-32 32.01H256v144c0 17.69-14.33 31.99-32 31.99s-32-14.3-32-31.99v-144H48c-17.67 0-32-14.32-32-32.01s14.33-31.99 32-31.99H192v-144c0-17.69 14.33-32.01 32-32.01s32 14.32 32 32.01v144h144C417.7 224 432 238.3 432 256z\"><\/path><\/svg>\n\t\t\t\t\t\t\t<\/span>\n\t\t\t\t\t\t<span class=\"uagb-icon-active uagb-faq-icon-wrap\">\n\t\t\t\t\t\t\t\t<svg xmlns=\"https:\/\/www.w3.org\/2000\/svg\" viewBox= \"0 0 448 512\"><path d=\"M400 288h-352c-17.69 0-32-14.32-32-32.01s14.31-31.99 32-31.99h352c17.69 0 32 14.3 32 31.99S417.7 288 400 288z\"><\/path><\/svg>\n\t\t\t\t\t\t\t<\/span>\n\t\t\t<span class=\"uagb-question\"><strong>\u00bfCu\u00e1les son los pa\u00edses de la Uni\u00f3n Europea (UE) y la zona SEPA?<\/strong><\/span><\/div><div class=\"uagb-faq-content\"><p>La Uni\u00f3n Europea est\u00e1 compuesta por los siguientes pa\u00edses: Alemania, Austria, B\u00e9lgica, Bulgaria, Croacia, Chipre, Dinamarca, Eslovaquia, Eslovenia, Espa\u00f1a, Estonia, Finlandia, Francia, Grecia, Hungr\u00eda, Irlanda, Italia, Letonia, Lituania, Luxemburgo, Malta, Pa\u00edses Bajos, Polonia, Portugal, Rep\u00fablica Checa, Ruman\u00eda y Suecia. Todos estos pa\u00edses forman parte de la zona <strong>SEPA<\/strong> (\u00c1rea \u00danica de Pagos en Euros), que permite transferencias en euros de forma r\u00e1pida y eficiente. Adem\u00e1s de los pa\u00edses de la UE, la zona SEPA incluye los siguientes pa\u00edses: Andorra, Ciudad del Vaticano, Islandia, Liechtenstein, M\u00f3naco, Noruega, Reino Unido, San Marino y Suiza.<br><br>Las transferencias desde estos pa\u00edses pueden ser inmediatas o tardar como mucho <strong>1 o 2 d\u00edas h\u00e1biles<\/strong>. Las comisiones suelen ser muy bajas o incluso, en algunos casos, gratuitas, dependiendo de las condiciones de cada banco.<\/p><\/div><\/div><\/div>\n\n\n<div style=\"height:48px\" aria-hidden=\"true\" class=\"wp-block-spacer\"><\/div>\n\n\n\n<h2 class=\"wp-block-heading\">Nota<\/h2>\n\n\n\n<p><strong>Tiempo de Procesamiento:<\/strong> Las transferencias dentro de la Uni\u00f3n Europea y la zona SEPA suelen reflejarse en nuestra cuenta en <strong>1 a 2 d\u00edas h\u00e1biles<\/strong>. Las transferencias internacionales pueden tardar hasta <strong>5 d\u00edas h\u00e1biles<\/strong>.<\/p>\n\n\n\n<p><strong>Comisiones Bancarias:<\/strong> Aseg\u00farate de cubrir cualquier comisi\u00f3n que tu banco pueda aplicar para que recibamos el monto exacto de tu pedido.<\/p>\n\n\n\n<div style=\"height:48px\" aria-hidden=\"true\" class=\"wp-block-spacer\"><\/div>\n","protected":false},"excerpt":{"rendered":"<p>En Bulk Genetics, ofrecemos la opci\u00f3n de pago por transferencia bancaria para tu comodidad. A continuaci\u00f3n, encontrar\u00e1s nuestras cuentas bancarias seg\u00fan la moneda de tu preferencia. Por favor, aseg\u00farate de utilizar la cuenta correspondiente al tipo de moneda con el que deseas pagar. Cuentas para Pagos en Euros (\u20ac) dentro de la Uni\u00f3n Europea y [&hellip;]<\/p>\n","protected":false},"author":1,"featured_media":0,"parent":0,"menu_order":0,"comment_status":"closed","ping_status":"closed","template":"template-fullwidth.php","meta":{"_acf_changed":false,"inline_featured_image":false,"_uag_custom_page_level_css":"","footnotes":""},"class_list":["post-28514","page","type-page","status-publish","hentry"],"acf":[],"uagb_featured_image_src":{"full":false,"thumbnail":false,"medium":false,"medium_large":false,"large":false,"1536x1536":false,"2048x2048":false,"commercegurus-pdp-large":false,"commercegurus-plp-mobile":false,"cgkit_image_swatch":false,"woocommerce_thumbnail":false,"woocommerce_single":false,"woocommerce_gallery_thumbnail":false,"dgwt-wcas-product-suggestion":false},"uagb_author_info":{"display_name":"Chris","author_link":"https:\/\/bulkgenetics.com\/es\/author\/chriscarter\/"},"uagb_comment_info":0,"uagb_excerpt":"En Bulk Genetics, ofrecemos la opci\u00f3n de pago por transferencia bancaria para tu comodidad. A continuaci\u00f3n, encontrar\u00e1s nuestras cuentas bancarias seg\u00fan la moneda de tu preferencia. Por favor, aseg\u00farate de utilizar la cuenta correspondiente al tipo de moneda con el que deseas pagar. Cuentas para Pagos en Euros (\u20ac) dentro de la Uni\u00f3n Europea y&hellip;","_links":{"self":[{"href":"https:\/\/bulkgenetics.com\/es\/wp-json\/wp\/v2\/pages\/28514","targetHints":{"allow":["GET"]}}],"collection":[{"href":"https:\/\/bulkgenetics.com\/es\/wp-json\/wp\/v2\/pages"}],"about":[{"href":"https:\/\/bulkgenetics.com\/es\/wp-json\/wp\/v2\/types\/page"}],"author":[{"embeddable":true,"href":"https:\/\/bulkgenetics.com\/es\/wp-json\/wp\/v2\/users\/1"}],"replies":[{"embeddable":true,"href":"https:\/\/bulkgenetics.com\/es\/wp-json\/wp\/v2\/comments?post=28514"}],"version-history":[{"count":0,"href":"https:\/\/bulkgenetics.com\/es\/wp-json\/wp\/v2\/pages\/28514\/revisions"}],"wp:attachment":[{"href":"https:\/\/bulkgenetics.com\/es\/wp-json\/wp\/v2\/media?parent=28514"}],"curies":[{"name":"wp","href":"https:\/\/api.w.org\/{rel}","templated":true}]}}