{"id":3,"date":"2022-09-05T19:34:09","date_gmt":"2022-09-05T19:34:09","guid":{"rendered":"http:\/\/bulkgenetics.xyz\/?page_id=3"},"modified":"2023-03-28T01:34:12","modified_gmt":"2023-03-27T23:34:12","slug":"politica-de-privacidad","status":"publish","type":"page","link":"https:\/\/bulkgenetics.com\/es\/politica-de-privacidad\/","title":{"rendered":"Pol\u00edtica de privacidad"},"content":{"rendered":"\n<p>Lo que se hace y no se hace con tus datos personales en esta web lo encontrar\u00e1s aqu\u00ed.<\/p>\n\n\n\n<p>Esta pol\u00edtica expresa c\u00f3mo se tratar\u00e1 y proteger\u00e1 la informaci\u00f3n personal de todas las personas que se relacionan con BULK GENETICS a trav\u00e9s de este sitio web. Por favor, debes leer todos los apartados del Aviso Legal, de la pol\u00edtica de cookies y de la presente pol\u00edtica de privacidad antes de utilizar esta web.<\/p>\n\n\n\n<h2 class=\"wp-block-heading\">I. POL\u00cdTICA DE PRIVACIDAD Y PROTECCI\u00d3N DE DATOS<\/h2>\n\n\n\n<h3 class=\"wp-block-heading\"><a href=\"https:\/\/github.com\/carter420\/legalinformation\/blob\/main\/politica-de-privacidad\/es.md#identidad-del-responsable-del-tratamiento-de-los-datos-personales\" target=\"_blank\" rel=\"noopener\"><\/a>Identidad del responsable del tratamiento de los datos personales<\/h3>\n\n\n\n<ul class=\"wp-block-list\">\n<li><strong>Identidad del Responsable:<\/strong> GLOBAL WEB MARKET, S.L.<\/li>\n\n\n\n<li><strong>Nombre comercial:<\/strong> BULK GENETICS<\/li>\n\n\n\n<li><strong>NIF\/CIF:<\/strong> B54742531<\/li>\n\n\n\n<li><strong>Direcci\u00f3n:<\/strong> Calle Gandia, 2 local 12 &#8211; 03509 Finestrat (Alicante) Espa\u00f1a<\/li>\n\n\n\n<li><strong>Correo electr\u00f3nico:<\/strong> info@bulkgenetics.com<\/li>\n\n\n\n<li><strong>Tel\u00e9fono de contacto:<\/strong> +34 613 065 383<\/li>\n\n\n\n<li><strong>Actividad:<\/strong> Venta de semillas<\/li>\n\n\n\n<li><strong>Datos de contacto del responsable o representante, y del delegado de protecci\u00f3n de datos<\/strong> en su caso: direcci\u00f3n postal, direcci\u00f3n de correo electr\u00f3nico o URL que redirija a un formulario electr\u00f3nico de contacto, tel\u00e9fono.<\/li>\n\n\n\n<li><strong>Inscrita en el Registro Mercantil<\/strong> de Alicante, en el tomo 3733, libro 0, folio 96, secci\u00f3n 8 y hoja A137515, el 02\/12\/2013.<\/li>\n<\/ul>\n\n\n\n<p>En adelante, Responsable del tratamiento.<\/p>\n\n\n\n<h3 class=\"wp-block-heading\"><a href=\"https:\/\/github.com\/carter420\/legalinformation\/blob\/main\/politica-de-privacidad\/es.md#delegado-de-protecci%C3%B3n-de-datos-dpd\" target=\"_blank\" rel=\"noopener\"><\/a>Delegado de Protecci\u00f3n de Datos (DPD)<\/h3>\n\n\n\n<p>Delegado de Protecci\u00f3n de Datos (DPD, o DPO por sus siglas en ingl\u00e9s) es el encargado de velar por el cumplimiento de la normativa de protecci\u00f3n de datos a la cual se encuentra sujeta. El usuario puede contactar con el DPD designado por el responsable del tratamiento utilizando los siguientes datos de contacto: <a href=\"mailto:info@bulkgenetics.com\">info@bulkgenetics.com<\/a><\/p>\n\n\n\n<h3 class=\"wp-block-heading\"><a href=\"https:\/\/github.com\/carter420\/legalinformation\/blob\/main\/politica-de-privacidad\/es.md#registro-de-datos-de-car%C3%A1cter-personal\" target=\"_blank\" rel=\"noopener\"><\/a>Registro de Datos de Car\u00e1cter Personal<\/h3>\n\n\n\n<p>Los datos personales recabados por GLOBAL WEB MARKET, S.L., mediante los formularios extendidos en sus p\u00e1ginas, ser\u00e1n introducidos en un fichero automatizado bajo la responsabilidad del responsable del tratamiento, y debidamente declarado e inscrito en el Registro General de la Agencia de Protecci\u00f3n de Datos que se puede consultar en el sitio web de la Agencia Espa\u00f1ola de Protecci\u00f3n de Datos (<a href=\"https:\/\/www.aepd.es\/\" target=\"_blank\" rel=\"noopener\">https:\/\/www.aepd.es\/<\/a>) con la finalidad de poder facilitar, agilizar y cumplir los compromisos establecidos entre GLOBAL WEB MARKET, S.L. y el usuario, o el mantenimiento de la relaci\u00f3n que se establezca en los formularios que este rellene, o para atender una solicitud o consulta del mismo.<\/p>\n\n\n\n<h2 class=\"wp-block-heading\"><a href=\"https:\/\/github.com\/carter420\/legalinformation\/blob\/main\/politica-de-privacidad\/es.md#ii-categorias-de-datos-personales\" target=\"_blank\" rel=\"noopener\"><\/a>II. CATEGOR\u00cdAS DE DATOS PERSONALES<\/h2>\n\n\n\n<p>Las categor\u00edas de los datos que se tratan en GLOBAL WEB MARKET, S.L., son \u00fanicamente datos identificativos. No trata categor\u00edas especiales de datos personales en el sentido del art\u00edculo 9 del RGPD.<\/p>\n\n\n\n<h3 class=\"wp-block-heading\"><a href=\"https:\/\/github.com\/carter420\/legalinformation\/blob\/main\/politica-de-privacidad\/es.md#21-principios-aplicables-al-tratamiento-de-los-datos-personales\" target=\"_blank\" rel=\"noopener\"><\/a>2.1 Principios aplicables al tratamiento de los datos personales<\/h3>\n\n\n\n<p>El tratamiento de los datos personales del usuario se someter\u00e1 a los siguientes principios recogidos en el art\u00edculo 5 del RGPD:<\/p>\n\n\n\n<ul class=\"wp-block-list\">\n<li>Principio de licitud, lealtad y transparencia: se requerir\u00e1 en todo momento el consentimiento del Usuario, informando previamente de los fines para los cuales se recogen los datos personales.<\/li>\n\n\n\n<li>Principio de limitaci\u00f3n de la finalidad: los datos personales ser\u00e1n recogidos con fines determinados, expl\u00edcitos y leg\u00edtimos.<\/li>\n\n\n\n<li>Principio de minimizaci\u00f3n de datos: los datos personales recogidos ser\u00e1n \u00fanicamente los estrictamente necesarios en relaci\u00f3n con los fines para los que son tratados.<\/li>\n\n\n\n<li>Principio de exactitud: los datos personales deben ser exactos y estar siempre actualizados.<\/li>\n\n\n\n<li>Principio de limitaci\u00f3n del plazo de la conservaci\u00f3n: los datos personales solo ser\u00e1n mantenidos de forma que se permitan la identificaci\u00f3n del Usuario durante el tiempo necesario para los fines de su tratamiento.<\/li>\n\n\n\n<li>Principio de integraci\u00f3n y confidencialidad: los datos personales ser\u00e1n tratados de manera que se garantice su seguridad y confidencialidad.<\/li>\n\n\n\n<li>Principio de la responsabilidad proactiva: El responsable del tratamiento ser\u00e1 responsable de asegurar que los principios anteriores se cumplen.<\/li>\n<\/ul>\n\n\n\n<h3 class=\"wp-block-heading\"><a href=\"https:\/\/github.com\/carter420\/legalinformation\/blob\/main\/politica-de-privacidad\/es.md#22---base-legal-para-el-tratamiento-de-los-datos-personales\" target=\"_blank\" rel=\"noopener\"><\/a>2.2 Base legal para el tratamiento de los datos personales<\/h3>\n\n\n\n<p>La base legal para el tratamiento de los datos personales es el consentimiento inequ\u00edvoco y expreso, y se compromete a recabar dicho consentimiento verificando al usuario para el tratamiento de sus datos personales para uno o varios fines espec\u00edficos.<\/p>\n\n\n\n<p>El usuario tendr\u00e1 derecho a retirar su consentimiento en cualquier momento. Ser\u00e1 tan f\u00e1cil retirar el consentimiento como darlo. Como regla general, la retirada del consentimiento no condicionar\u00e1 el uso del sitio Web.<\/p>\n\n\n\n<p>En las ocasiones en las que el usuario deba o pueda facilitar sus datos a trav\u00e9s de formularios para realizar consultas, solicitar informaci\u00f3n o por motivos relacionados con el contenido del sitio Web, se le informar\u00e1 en caso de que la cumplimentaci\u00f3n de alguno de ellos sea obligatoria debido a que los mismos sean imprescindibles para el correcto desarrollo de la operaci\u00f3n realizada.<\/p>\n\n\n\n<h3 class=\"wp-block-heading\"><a href=\"https:\/\/github.com\/carter420\/legalinformation\/blob\/main\/politica-de-privacidad\/es.md#23-periodos-de-retenci%C3%B3n-de-los-datos-personales\" target=\"_blank\" rel=\"noopener\"><\/a>2.3 Periodos de retenci\u00f3n de los datos personales<\/h3>\n\n\n\n<p>Los datos personales solo ser\u00e1n retenidos durante el tiempo m\u00ednimo necesario para los fines de su tratamiento, o hasta que el Usuario solicite su supresi\u00f3n.<\/p>\n\n\n\n<p>En el momento en que se obtengan los datos personales, se informar\u00e1 al Usuario acerca del plazo durante el cual se conservar\u00e1n los datos personales, o cuando eso no sea posible, los criterios utilizados para determinar este plazo.<\/p>\n\n\n\n<h3 class=\"wp-block-heading\"><a href=\"https:\/\/github.com\/carter420\/legalinformation\/blob\/main\/politica-de-privacidad\/es.md#24-destinatarios-de-los-datos-personales\" target=\"_blank\" rel=\"noopener\"><\/a>2.4 Destinatarios de los datos personales<\/h3>\n\n\n\n<p>Para poder gestionar debidamente el servicio prestado y los datos personales de sus usuarios, GLOBAL WEB MARKET, S.L. contar\u00e1 con la colaboraci\u00f3n de terceros proveedores de servicios que pueden tener acceso a sus datos personales por cuenta de GLOBAL WEB MARKET, S.L. como consecuencia de su prestaci\u00f3n de servicios. GLOBAL WEB MARKET, S.L. se compromete a suscribir con ellos el correspondiente contrato de tratamiento de datos, mediante el cual les impondr\u00e1, entre otras, las siguientes obligaciones: aplicar medidas t\u00e9cnicas y organizativas apropiadas; tratar los datos personales para las finalidades pactadas y atendiendo \u00fanicamente a las instrucciones documentadas de GLOBAL WEB MARKET, S.L.; y suprimir o devolver los datos a GLOBAL WEB MARKET, S.L. una vez finalice la prestaci\u00f3n de los servicios.<\/p>\n\n\n\n<p>En caso de que el Responsable del tratamiento tenga la intenci\u00f3n de transferir datos personales a un tercer pa\u00eds u organizaci\u00f3n internacional, en el momento en que se obtengan los datos personales, se informar\u00e1 al usuario acerca del tercer pa\u00eds u organizaci\u00f3n internacional al cual se tiene la intenci\u00f3n de transferir los datos, as\u00ed como de la existencia o ausencia de una decisi\u00f3n de adecuaci\u00f3n de la Comisi\u00f3n.<\/p>\n\n\n\n<h3 class=\"wp-block-heading\"><a href=\"https:\/\/github.com\/carter420\/legalinformation\/blob\/main\/politica-de-privacidad\/es.md#25-datos-personales-de-menores-de-edad\" target=\"_blank\" rel=\"noopener\"><\/a>2.5 Datos personales de menores de edad<\/h3>\n\n\n\n<p>Respetando lo establecido en los art\u00edculos 8 del RGPD Y 13 DEL RDLOPD, solo los mayores de 14 a\u00f1os podr\u00e1n otorgar su consentimiento para el tratamiento de sus datos personales de forma l\u00edcita. Si se trata de un menor de 14 a\u00f1os, ser\u00e1 necesario el consentimiento de los padres o tutores para el tratamiento, y este solo se considera licito en la medida en la que los mismos lo hayan autorizado.<\/p>\n\n\n\n<h3 class=\"wp-block-heading\"><a href=\"https:\/\/github.com\/carter420\/legalinformation\/blob\/main\/politica-de-privacidad\/es.md#26-secreto-y-seguridad-de-los-datos-personales\" target=\"_blank\" rel=\"noopener\"><\/a>2.6 Secreto y seguridad de los datos personales<\/h3>\n\n\n\n<p>GLOBAL WEB MARKET, S.L. se compromete a adoptar las medidas t\u00e9cnicas y organizativas necesarias, seg\u00fan el nivel de seguridad adecuado al riesgo de los datos recogidos, de forma que se garantice la seguridad de los datos de car\u00e1cter personal y se evite la destrucci\u00f3n, p\u00e9rdida o alteraci\u00f3n accidental o il\u00edcita de todos los datos personales transmitidos, conservados o tratados de otra forma, o la comunicaci\u00f3n o acceso no autorizados a dichos datos.<\/p>\n\n\n\n<p>Sin embargo, debido a que GLOBAL WEB MARKET, S.L. no puede garantizar la seguridad de Internet ni la ausencia total de hackers u otros que accedan de modo fraudulento a los datos personales, el responsable del tratamiento se compromete a comunicar al Usuario sin dilaci\u00f3n indebida cuando ocurra una violaci\u00f3n de la seguridad de los datos personales que sea probable que entra\u00f1e un alto riesgo para los derechos y libertades de las personas f\u00edsicas. Siguiendo lo establecido en el art\u00edculo 4 del RGPD, se entiende por violaci\u00f3n de la seguridad de los datos personales toda violaci\u00f3n de la seguridad que ocasione la destrucci\u00f3n, p\u00e9rdida o alteraci\u00f3n accidental o il\u00edcita de los datos personales transmitidos, conservados o tratados de otra forma, o la comunicaci\u00f3n o acceso no autorizados a dichos datos.<\/p>\n\n\n\n<p>Los datos personales ser\u00e1n tratados como confidenciales por el Responsable del tratamiento, quien se compromete a informar y a garantizar por medio de una obligaci\u00f3n legal o contractual que dicha confidencialidad sea respetada por sus empleados, asociados, y toda persona a la cual le haga accesible la informaci\u00f3n.<\/p>\n\n\n\n<h2 class=\"wp-block-heading\"><a href=\"https:\/\/github.com\/carter420\/legalinformation\/blob\/main\/politica-de-privacidad\/es.md#iii-derechos-derivados-del-tratamiento-de-los-datos-personales\" target=\"_blank\" rel=\"noopener\"><\/a>III. DERECHOS DERIVADOS DEL TRATAMIENTO DE LOS DATOS PERSONALES<\/h2>\n\n\n\n<p>El Usuario podr\u00e1 ejercer en todo momento frente al Responsable del tratamiento los siguientes derechos reconocidos en el RGPD:<\/p>\n\n\n\n<ul class=\"wp-block-list\">\n<li><strong>Derecho de acceso<\/strong>: Es el derecho del Usuario a obtener confirmaci\u00f3n de si GLOBAL WEB MARKET, S.L. est\u00e1 tratando o no sus datos personales y, en caso afirmativo, obtener informaci\u00f3n sobre sus datos concretos de car\u00e1cter personal y del tratamiento que GLOBAL WEB MARKET, S.L. haya realizado o realice, as\u00ed como, entre otra, de la informaci\u00f3n disponible sobre el origen de dichos datos y los destinatarios de las comunicaciones realizadas o previstas de los mismos.<\/li>\n\n\n\n<li><strong>Derechos de rectificaci\u00f3n<\/strong>: Es el derecho de Usuario a que se modifiquen sus datos personales que resulten ser inexactos o incompletos, teniendo en cuenta los fines del tratamiento.<\/li>\n\n\n\n<li><strong>Derechos de supresi\u00f3n<\/strong>\u00a0(\u201cel derecho al olvido\u201c): Es el derecho del Usuario, siempre que la legislaci\u00f3n vigente no establezca lo contrario, a obtener la supresi\u00f3n de sus datos personales cuando estos ya no sean necesarios para los fines para los cuales fueron recogidos o tratados; el Usuario haya retirado su consentimiento al tratamiento y este no cuente con otra base legal; el Usuario se oponga al tratamiento y no exista otro motivo leg\u00edtimo para continuar con el mismo; los datos personales hayan sido tratados il\u00edcitamente; los datos personales deban suprimirse en cumplimiento de una obligaci\u00f3n legal; o los datos personales hayan sido obtenidos productos de una oferta directa de servicios de la sociedad de la informaci\u00f3n a un menor de 14 a\u00f1os. Adem\u00e1s de suprimir los datos, el Responsable del tratamiento, teniendo en cuenta la tecnolog\u00eda disponible y el coste de su aplicaci\u00f3n, deber\u00e1 adoptar medidas razonables para informar a los responsables que est\u00e9n tratando los datos personales de la solicitud del interesado de supresi\u00f3n de cualquier enlace a esos datos personales.<\/li>\n\n\n\n<li><strong>Derechos a la limitaci\u00f3n del tratamiento<\/strong>: Es el derecho del Usuario a limitar el tratamiento de sus datos personales. El Usuario tiene derecho a obtener la limitaci\u00f3n del tratamiento cuando impugne la exactitud de sus datos personales; el tratamiento sea il\u00edcito; el Responsable del tratamiento ya no necesite los datos personales, pero el Usuario lo necesite para hacer reclamaciones; y cuando el Usuario se haya opuesto al tratamiento.<\/li>\n\n\n\n<li><strong>Derecho a la portabilidad de los datos<\/strong>: En caso de que el tratamiento se efect\u00fae por medios automatizados, el Usuario tendr\u00e1 derecho a recibir del Responsable del tratamiento sus datos personales en un formato estructurado, de uso com\u00fan y lectura mec\u00e1nica, y a transmitirlos a otro responsable del tratamiento. Siempre que sea t\u00e9cnicamente posible, el Responsable del tratamiento transmitir\u00e1 directamente los datos a ese otro responsable.<\/li>\n\n\n\n<li><strong>Derecho de oposici\u00f3n<\/strong>: Es el derecho del usuario a que no se lleve a cabo el tratamiento de sus datos car\u00e1cter personal o se cese el tratamiento de los mismos por parte de GLOBAL WEB MARKET, S.L.<\/li>\n\n\n\n<li><strong>Derecho a no ser objeto de una decisi\u00f3n basada \u00fanicamente en el tratamiento automatizado, incluida la elaboraci\u00f3n de perfiles<\/strong>: Es el derecho del Usuario a no ser objeto de una decisi\u00f3n individualizada basada \u00fanicamente en el tratamiento automatizado de sus datos personales, incluida la elaboraci\u00f3n de perfiles, existente, salvo que la legislaci\u00f3n vigente establezca lo contrario.<\/li>\n<\/ul>\n\n\n\n<p>As\u00ed pues, el usuario podr\u00e1 ejercitar sus derechos mediante comunicaci\u00f3n escrita dirigida al responsable del tratamiento, GLOBAL WEB MARKET, S.L., especificando:<\/p>\n\n\n\n<ul class=\"wp-block-list\">\n<li>Nombre, apellidos del usuario y copia del DNI. En los casos en que se admita la representaci\u00f3n, ser\u00e1 tambi\u00e9n necesario la identificaci\u00f3n por el mismo medio de la persona que representa al Usuario, as\u00ed como el documento acreditativo de la representaci\u00f3n. La fotocopia del DNI podr\u00e1 ser sustituida, por cualquier otro medio v\u00e1lido en derecho que acredite la identidad.<\/li>\n\n\n\n<li>Petici\u00f3n con los motivos espec\u00edficos de la solicitud o informaci\u00f3n a la que se quiere acceder.<\/li>\n\n\n\n<li>Domicilio a efecto de notificaciones.<\/li>\n\n\n\n<li>Fecha y firma del solicitante.<\/li>\n\n\n\n<li>Todo documento que acredite la petici\u00f3n que formula.<\/li>\n<\/ul>\n\n\n\n<p>Esta solicitud y todo otro documento adjunto, podr\u00e1 enviarse a la siguiente direcci\u00f3n y\/o correo electr\u00f3nico:<\/p>\n\n\n\n<p>Direcci\u00f3n postal: C\/ GAND\u00cdA, 2 LOCAL 12, 03509 FINESTRAT (ALICANTE) ESPA\u00d1A<\/p>\n\n\n\n<p>Correo electr\u00f3nico: <a href=\"mailto:info@bulkgenetics.com\">info@bulkgenetics.com<\/a><\/p>\n\n\n\n<h3 class=\"wp-block-heading\"><a href=\"https:\/\/github.com\/carter420\/legalinformation\/blob\/main\/politica-de-privacidad\/es.md#31-enlaces-a-sitios-web-de-terceros\" target=\"_blank\" rel=\"noopener\"><\/a>3.1 Enlaces a sitios web de terceros.<\/h3>\n\n\n\n<p>El sitio Web puede incluir hiperv\u00ednculos o enlaces que permiten acceder a p\u00e1ginas web de terceros distintos de GLOBAL WEB MARKET, S.L., y, por tanto, no son operados por GLOBAL WEB MARKET, S.L. Los titulares de dichos sitios Web dispondr\u00e1n de sus propias pol\u00edticas de protecci\u00f3n de datos, siendo ellos mismos, en cada caso, responsables de sus propios ficheros y de sus propias pr\u00e1cticas de privacidad.<\/p>\n\n\n\n<h3 class=\"wp-block-heading\"><a href=\"https:\/\/github.com\/carter420\/legalinformation\/blob\/main\/politica-de-privacidad\/es.md#32-reclamaciones-ante-la-autoridad-de-control\" target=\"_blank\" rel=\"noopener\"><\/a>3.2 Reclamaciones ante la autoridad de control.<\/h3>\n\n\n\n<p>En caso de que el Usuario considere que existe un problema o infracci\u00f3n de la normativa vigente en la forma en la que se est\u00e1n tratando sus datos personales, tendr\u00e1 derecho a la tutela judicial efectiva y a presentar una reclamaci\u00f3n ante una autoridad de control, en particular, en el Estado en el que tenga su residencia habitual, lugar de trabajo o lugar de la supuesta infracci\u00f3n. En el caso de Espa\u00f1a, la autoridad de control es la Agencia Espa\u00f1ola de Protecci\u00f3n de Datos (<a href=\"http:\/\/www.agpd.es\/\" target=\"_blank\" rel=\"noopener\">http:\/\/www.agpd.es<\/a>).<\/p>\n\n\n\n<h2 class=\"wp-block-heading\"><a href=\"https:\/\/github.com\/carter420\/legalinformation\/blob\/main\/politica-de-privacidad\/es.md#iv-aceptaci%C3%B3n-y-cambio-en-esta-pol%C3%ADtica-de-privacidad\" target=\"_blank\" rel=\"noopener\"><\/a>IV. ACEPTACI\u00d3N Y CAMBIO EN ESTA POL\u00cdTICA DE PRIVACIDAD<\/h2>\n\n\n\n<p>Es necesario que el usuario haya le\u00eddo y est\u00e9 conforme con las condiciones sobre la protecci\u00f3n de datos de car\u00e1cter personal contenidas en esta Pol\u00edtica de Privacidad y de Cookies, as\u00ed como que acepte el tratamiento de sus datos personales para que el responsable del tratamiento puede proceder al mismo en la forma, durante los plazos y para finalidades indicadas. El uso de sitio Web implicar\u00e1 la aceptaci\u00f3n de la Pol\u00edtica de Privacidad y de Cookies del mismo.<\/p>\n\n\n\n<p>GLOBAL WEB MARKET, S.L. se reserva el derecho a modificar su Pol\u00edtica de Privacidad y de Cookies, de acuerdo a su propio criterio o motivado por un cambio legislativo, jurisprudencial o doctrinal de la agencia Espa\u00f1ola de Protecci\u00f3n de Datos. Los cambios o actualizaci\u00f3n de esta Pol\u00edtica de Privacidad y de Cookies ser\u00e1n notificados de forma expl\u00edcita al usuario.<\/p>\n\n\n\n<p>Esta Pol\u00edtica de Privacidad y de Cookies fue actualizada el d\u00eda 25 de mayo de 2018. Para adaptarse al Reglamento (EU) 2016\/679 del Parlamento Europeo y del Consejo, de 24 de abril de 2016, relativo a la protecci\u00f3n de las personas f\u00edsicas en lo que respecta al tratamiento de datos personales y a la libre circulaci\u00f3n de estos datos (RGPD).<\/p>\n\n\n\n<p>\u00daltima actualizaci\u00f3n: 27 de marzo de 2023<\/p>\n","protected":false},"excerpt":{"rendered":"<p>Lo que se hace y no se hace con tus datos personales en esta web lo encontrar\u00e1s aqu\u00ed. Esta pol\u00edtica expresa c\u00f3mo se tratar\u00e1 y proteger\u00e1 la informaci\u00f3n personal de todas las personas que se relacionan con BULK GENETICS a trav\u00e9s de este sitio web. Por favor, debes leer todos los apartados del Aviso Legal, [&hellip;]<\/p>\n","protected":false},"author":1,"featured_media":0,"parent":0,"menu_order":0,"comment_status":"closed","ping_status":"open","template":"template-fullwidth-contained.php","meta":{"_acf_changed":false,"inline_featured_image":false,"_uag_custom_page_level_css":"","footnotes":""},"class_list":["post-3","page","type-page","status-publish","hentry"],"acf":[],"uagb_featured_image_src":{"full":false,"thumbnail":false,"medium":false,"medium_large":false,"large":false,"1536x1536":false,"2048x2048":false,"commercegurus-pdp-large":false,"commercegurus-plp-mobile":false,"cgkit_image_swatch":false,"woocommerce_thumbnail":false,"woocommerce_single":false,"woocommerce_gallery_thumbnail":false,"dgwt-wcas-product-suggestion":false},"uagb_author_info":{"display_name":"Chris","author_link":"https:\/\/bulkgenetics.com\/es\/author\/chriscarter\/"},"uagb_comment_info":0,"uagb_excerpt":"Lo que se hace y no se hace con tus datos personales en esta web lo encontrar\u00e1s aqu\u00ed. Esta pol\u00edtica expresa c\u00f3mo se tratar\u00e1 y proteger\u00e1 la informaci\u00f3n personal de todas las personas que se relacionan con BULK GENETICS a trav\u00e9s de este sitio web. Por favor, debes leer todos los apartados del Aviso Legal,&hellip;","_links":{"self":[{"href":"https:\/\/bulkgenetics.com\/es\/wp-json\/wp\/v2\/pages\/3","targetHints":{"allow":["GET"]}}],"collection":[{"href":"https:\/\/bulkgenetics.com\/es\/wp-json\/wp\/v2\/pages"}],"about":[{"href":"https:\/\/bulkgenetics.com\/es\/wp-json\/wp\/v2\/types\/page"}],"author":[{"embeddable":true,"href":"https:\/\/bulkgenetics.com\/es\/wp-json\/wp\/v2\/users\/1"}],"replies":[{"embeddable":true,"href":"https:\/\/bulkgenetics.com\/es\/wp-json\/wp\/v2\/comments?post=3"}],"version-history":[{"count":0,"href":"https:\/\/bulkgenetics.com\/es\/wp-json\/wp\/v2\/pages\/3\/revisions"}],"wp:attachment":[{"href":"https:\/\/bulkgenetics.com\/es\/wp-json\/wp\/v2\/media?parent=3"}],"curies":[{"name":"wp","href":"https:\/\/api.w.org\/{rel}","templated":true}]}}