{"id":7620,"date":"2022-10-04T18:13:04","date_gmt":"2022-10-04T16:13:04","guid":{"rendered":"https:\/\/bulkgenetics.xyz\/?post_type=product&#038;p=7620"},"modified":"2026-01-03T02:00:15","modified_gmt":"2026-01-03T01:00:15","slug":"mandarin-fast-version","status":"publish","type":"product","link":"https:\/\/bulkgenetics.com\/es\/mandarin-fast-version\/","title":{"rendered":"Mandarin Fast Version"},"content":{"rendered":"\n<p><strong>Mandarin Fast Version<\/strong> es una variedad de cannabis que te sorprender\u00e1 por su genial sabor. Pero tampoco dejar\u00e1 de hacerlo durante todo el cultivo porque ser\u00e1 una de las reinas de cualquier jard\u00edn o cultivo interior.<\/p>\n\n\n\n<p>Se trata de una cepa con dominancia \u00cdndica desarrollada a partir de una selecci\u00f3n de <strong>Cream Mandarine F1<\/strong> de Sweet Seeds buscando los fenotipos m\u00e1s r\u00e1pidos, resistentes, productivos y de aroma m\u00e1s intenso.<\/p>\n\n\n\n<h2 class=\"wp-block-heading\">C\u00f3mo cultivar Mandarin Fast Version<\/h2>\n\n\n\n<p>Es una variedad de marihuana muy sencilla que no requiere una gran atenci\u00f3n. Por su rapidez de floraci\u00f3n, es perfecta para las zonas de veranos m\u00e1s cortos.<\/p>\n\n\n\n<p><strong>En exterior<\/strong> se mantiene en un tama\u00f1o bastante discreto de <strong>2-2,5 metros<\/strong>. Su estructura es la t\u00edpica de un abeto, con una gran cabeza y numerosas ramas sat\u00e9lite muy productivas.<\/p>\n\n\n\n<p>Se cosecha muy temprano, <strong>a principios de septiembre ya la estar\u00e1s cortando<\/strong>. Es una de las cepas m\u00e1s r\u00e1pidas que existen sin ser autofloreciente.<\/p>\n\n\n\n<p><strong>En interior<\/strong> se adapta a cualquier t\u00e9cnica de cultivo, especialmente en SOG partiendo de esquejes cuando se cuenta con una buena madre.<\/p>\n\n\n\n<p>Desde que se rebaja el fotoper\u00edodo de crecimiento a floraci\u00f3n <strong>se cosecha en tan solo 45-50 d\u00edas<\/strong>. En esta fase los olores, aunque deliciosos, son muy muy intensos.<\/p>\n\n\n\n<h2 class=\"wp-block-heading\">Caracter\u00edsticas de Mandarin Fast Version<\/h2>\n\n\n\n<p>Los cogollos son grandes, supercompactos y muuuy pegajosos, cualquier amante de las extracciones disfrutar\u00e1 con ellos haciendo el hash o BHO m\u00e1s delicioso.<\/p>\n\n\n\n<p>Especialmente en las \u00faltimas semanas de floraci\u00f3n, un <strong>intenso aroma dulce a mandarinas<\/strong> inundar\u00e1 las cercan\u00edas al cultivo. Y su <strong>sabor<\/strong> tampoco defrauda, <strong>muy intenso a mandarina<\/strong> que hereda de sus genes <strong><a href=\"https:\/\/bulkgenetics.com\/es\/new-york-diesel\/\">NYC Diesel<\/a><\/strong>. Tambi\u00e9n tiene sutiles toques a madera y especias muy agradables.<\/p>\n\n\n\n<p><strong>Los efectos son contundentes<\/strong>, inicialmente notar\u00e1s como una descarga de felicidad y energ\u00eda para lentamente entrar en un estado de relajaci\u00f3n f\u00edsica, pero manteniendo la claridad mental.<\/p>\n\n\n\n<p>Los rendimientos son altos. En interior y con una iluminaci\u00f3n de 300-350 W por m\u00b2 se llegar\u00e1 hasta los <strong>600 gramos<\/strong>. En exterior, las plantas de mayor tama\u00f1o alcanzar\u00e1n una producci\u00f3n de hasta <strong>900 gramos<\/strong>.<\/p>\n\n\n\n<div style=\"height:50px\" aria-hidden=\"true\" class=\"wp-block-spacer uag-hide-mob\"><\/div>\n\n\n\n<div class=\"wp-block-columns is-layout-flex wp-container-core-columns-is-layout-28f84493 wp-block-columns-is-layout-flex\">\n<div class=\"wp-block-column is-layout-flow wp-block-column-is-layout-flow\">\n<p class=\"has-text-align-center has-medium-font-size\"><strong>Lo que m\u00e1s nos gusta<\/strong><\/p>\n\n\n\n<ul class=\"wp-block-list\">\n<li>Muy sencilla de cultivar.<\/li>\n\n\n\n<li>Producci\u00f3n XXL.<\/li>\n\n\n\n<li>Floraci\u00f3n muy muy r\u00e1pida.<\/li>\n\n\n\n<li>Delicioso sabor a mandarina dulce.<\/li>\n\n\n\n<li>Efectos muy potentes y agradables.<\/li>\n\n\n\n<li>Su precio.<\/li>\n<\/ul>\n<\/div>\n\n\n\n<div class=\"wp-block-column is-layout-flow wp-block-column-is-layout-flow\">\n<p class=\"has-text-align-center has-medium-font-size\"><strong>Lo que menos nos gusta<\/strong><\/p>\n\n\n\n<ul class=\"wp-block-list\">\n<li>En floraci\u00f3n es bastante olorosa.<\/li>\n<\/ul>\n<\/div>\n<\/div>\n\n\n\n<div style=\"height:50px\" aria-hidden=\"true\" class=\"wp-block-spacer uag-hide-mob\"><\/div>\n\n\n\n<h2 class=\"wp-block-heading\">Preguntas Frecuentes<\/h2>\n\n\n\n<p>A continuaci\u00f3n encontrar\u00e1s la respuesta a las preguntas m\u00e1s frecuentes que se hacen los cultivadores interesados en esta cepa:<\/p>\n\n\n<div id=\"rank-math-faq\" class=\"rank-math-block\">\n<div class=\"rank-math-list \">\n<div id=\"faq-question-1663029074962\" class=\"rank-math-list-item\">\n<h3 class=\"rank-math-question \">\u00bfCu\u00e1ndo empieza a florecer <strong>Mandarin Fast Version<\/strong> de exterior?<\/h3>\n<div class=\"rank-math-answer \">\n\n<p>La floraci\u00f3n empieza generalmente a lo largo de la primera quincena del mes de agosto.<\/p>\n\n<\/div>\n<\/div>\n<div id=\"faq-question-1663029159933\" class=\"rank-math-list-item\">\n<h3 class=\"rank-math-question \">\u00bfCu\u00e1ndo cortar una <strong>Mandarin Fast Version<\/strong> de exterior?<\/h3>\n<div class=\"rank-math-answer \">\n\n<p>Es una variedad de floraci\u00f3n muy r\u00e1pida que se cosecha a principios del mes de septiembre.<\/p>\n\n<\/div>\n<\/div>\n<div id=\"faq-question-1663029165861\" class=\"rank-math-list-item\">\n<h3 class=\"rank-math-question \">\u00bfC\u00f3mo cultivar una <strong>Mandarin Fast Version<\/strong> feminizada?<\/h3>\n<div class=\"rank-math-answer \">\n\n<p>Es una planta sencilla y muy reciente. Acepta podas y guiados de ramas tanto en interior como en exterior.<\/p>\n\n<\/div>\n<\/div>\n<div id=\"faq-question-1666780029954\" class=\"rank-math-list-item\">\n<h3 class=\"rank-math-question \">\u00bfCu\u00e1les son los efectos de <strong>Mandarin Fast Version<\/strong> a granel?<\/h3>\n<div class=\"rank-math-answer \">\n\n<p>Los efectos son felices y energ\u00e9ticos, con un final lento y relajante pero sin bloqueos.<\/p>\n\n<\/div>\n<\/div>\n<\/div>\n<\/div>","protected":false},"excerpt":{"rendered":"<p>Mandarin Fast Version es una gen\u00e9tica f\u00e1cil de cultivar y resistente. Cuenta con un periodo de floraci\u00f3n superr\u00e1pido y se cosecha a principios de septiembre, lo que la hace perfecta para zonas de veranos cortos. Produce una larga y densa apical con cogollos tambi\u00e9n enormes en las ramas inferiores, muy resinosos y con un delicioso aroma a mandarina dulce, herencia de sus ancestros Diesel. Los efectos son muy equilibrados entre lo f\u00edsico y lo mental. Tras un inicio lleno de energ\u00eda, le sigue una relajaci\u00f3n muy placentera y muy risue\u00f1a.<\/p>\n","protected":false},"featured_media":11800,"comment_status":"open","ping_status":"closed","template":"","meta":{"_acf_changed":false,"inline_featured_image":false,"_uag_custom_page_level_css":""},"product_brand":[],"product_cat":[3565],"product_tag":[],"class_list":{"0":"post-7620","1":"product","2":"type-product","3":"status-publish","4":"has-post-thumbnail","6":"product_cat-semillas-fast-version","8":"first","9":"instock","10":"taxable","11":"shipping-taxable","12":"purchasable","13":"product-type-simple"},"acf":[],"uagb_featured_image_src":{"full":["https:\/\/bulkgenetics.com\/wp-content\/uploads\/2022\/10\/Mandarine-caramel-fast-version.jpg",1600,1600,false],"thumbnail":["https:\/\/bulkgenetics.com\/wp-content\/uploads\/2022\/10\/Mandarine-caramel-fast-version-150x150.jpg",150,150,true],"medium":["https:\/\/bulkgenetics.com\/wp-content\/uploads\/2022\/10\/Mandarine-caramel-fast-version-300x300.jpg",300,300,true],"medium_large":["https:\/\/bulkgenetics.com\/wp-content\/uploads\/2022\/10\/Mandarine-caramel-fast-version-768x768.jpg",768,768,true],"large":["https:\/\/bulkgenetics.com\/wp-content\/uploads\/2022\/10\/Mandarine-caramel-fast-version-1024x1024.jpg",1024,1024,true],"1536x1536":["https:\/\/bulkgenetics.com\/wp-content\/uploads\/2022\/10\/Mandarine-caramel-fast-version-1536x1536.jpg",1536,1536,true],"2048x2048":["https:\/\/bulkgenetics.com\/wp-content\/uploads\/2022\/10\/Mandarine-caramel-fast-version.jpg",1600,1600,false],"commercegurus-pdp-large":["https:\/\/bulkgenetics.com\/wp-content\/uploads\/2022\/10\/Mandarine-caramel-fast-version-990x990.jpg",990,990,true],"commercegurus-plp-mobile":["https:\/\/bulkgenetics.com\/wp-content\/uploads\/2022\/10\/Mandarine-caramel-fast-version-441x441.jpg",441,441,true],"cgkit_image_swatch":["https:\/\/bulkgenetics.com\/wp-content\/uploads\/2022\/10\/Mandarine-caramel-fast-version-100x100.jpg",100,100,true],"woocommerce_thumbnail":["https:\/\/bulkgenetics.com\/wp-content\/uploads\/2022\/10\/Mandarine-caramel-fast-version-300x300.jpg",300,300,true],"woocommerce_single":["https:\/\/bulkgenetics.com\/wp-content\/uploads\/2022\/10\/Mandarine-caramel-fast-version-800x800.jpg",800,800,true],"woocommerce_gallery_thumbnail":["https:\/\/bulkgenetics.com\/wp-content\/uploads\/2022\/10\/Mandarine-caramel-fast-version-150x150.jpg",150,150,true],"dgwt-wcas-product-suggestion":["https:\/\/bulkgenetics.com\/wp-content\/uploads\/2022\/10\/Mandarine-caramel-fast-version-64x64.jpg",64,64,true]},"uagb_author_info":{"display_name":"Chris","author_link":"https:\/\/bulkgenetics.com\/es\/author\/"},"uagb_comment_info":3,"uagb_excerpt":"Mandarin Fast Version es una gen\u00e9tica f\u00e1cil de cultivar y resistente. Cuenta con un periodo de floraci\u00f3n superr\u00e1pido y se cosecha a principios de septiembre, lo que la hace perfecta para zonas de veranos cortos. Produce una larga y densa apical con cogollos tambi\u00e9n enormes en las ramas inferiores, muy resinosos y con un delicioso&hellip;","_links":{"self":[{"href":"https:\/\/bulkgenetics.com\/es\/wp-json\/wp\/v2\/product\/7620","targetHints":{"allow":["GET"]}}],"collection":[{"href":"https:\/\/bulkgenetics.com\/es\/wp-json\/wp\/v2\/product"}],"about":[{"href":"https:\/\/bulkgenetics.com\/es\/wp-json\/wp\/v2\/types\/product"}],"replies":[{"embeddable":true,"href":"https:\/\/bulkgenetics.com\/es\/wp-json\/wp\/v2\/comments?post=7620"}],"wp:featuredmedia":[{"embeddable":true,"href":"https:\/\/bulkgenetics.com\/es\/wp-json\/wp\/v2\/media\/11800"}],"wp:attachment":[{"href":"https:\/\/bulkgenetics.com\/es\/wp-json\/wp\/v2\/media?parent=7620"}],"wp:term":[{"taxonomy":"product_brand","embeddable":true,"href":"https:\/\/bulkgenetics.com\/es\/wp-json\/wp\/v2\/product_brand?post=7620"},{"taxonomy":"product_cat","embeddable":true,"href":"https:\/\/bulkgenetics.com\/es\/wp-json\/wp\/v2\/product_cat?post=7620"},{"taxonomy":"product_tag","embeddable":true,"href":"https:\/\/bulkgenetics.com\/es\/wp-json\/wp\/v2\/product_tag?post=7620"}],"curies":[{"name":"wp","href":"https:\/\/api.w.org\/{rel}","templated":true}]}}