{"id":12997,"date":"2022-12-15T16:53:20","date_gmt":"2022-12-15T15:53:20","guid":{"rendered":"https:\/\/bulkgenetics.com\/promotions\/"},"modified":"2024-08-07T12:25:59","modified_gmt":"2024-08-07T10:25:59","slug":"promotions","status":"publish","type":"page","link":"https:\/\/bulkgenetics.com\/fr\/promotions\/","title":{"rendered":"\u2b50 Promotions"},"content":{"rendered":"\n<p><\/p>\n\n\n\n<figure class=\"wp-block-image aligncenter size-full\"><img loading=\"lazy\" decoding=\"async\" width=\"825\" height=\"275\" src=\"https:\/\/bulkgenetics.com\/wp-content\/uploads\/2022\/12\/free-seeds-bulk.jpg\" alt=\"free-seeds-bulk-genetics\" class=\"wp-image-12921\" srcset=\"https:\/\/bulkgenetics.com\/wp-content\/uploads\/2022\/12\/free-seeds-bulk.jpg 825w, https:\/\/bulkgenetics.com\/wp-content\/uploads\/2022\/12\/free-seeds-bulk-300x100.jpg 300w, https:\/\/bulkgenetics.com\/wp-content\/uploads\/2022\/12\/free-seeds-bulk-768x256.jpg 768w, https:\/\/bulkgenetics.com\/wp-content\/uploads\/2022\/12\/free-seeds-bulk-441x147.jpg 441w, https:\/\/bulkgenetics.com\/wp-content\/uploads\/2022\/12\/free-seeds-bulk-800x267.jpg 800w, https:\/\/bulkgenetics.com\/wp-content\/uploads\/2022\/12\/free-seeds-bulk-150x50.jpg 150w, https:\/\/bulkgenetics.com\/wp-content\/uploads\/2022\/12\/free-seeds-bulk-64x21.jpg 64w\" sizes=\"auto, (max-width: 825px) 100vw, 825px\" \/><figcaption class=\"wp-element-caption\"> <\/figcaption><\/figure>\n\n\n\n<p>Chez Bulk Genetics, nous voulons vous offrir <strong>des graines de marijuana gratuites avec toutes vos commandes<\/strong>. C&#8217;est exact, peu importe combien vous achetez, vous obtiendrez toujours des graines gratuites! Ainsi, vous pourrez cultiver des vari\u00e9t\u00e9s exclusives et profiter de r\u00e9coltes uniques!<\/p>\n\n\n\n<p>De plus, si vous passez une commande de 100 euros ou plus, nous vous offrons <strong>10 graines<\/strong> de <a href=\"https:\/\/bulkgenetics.com\/fr\/northern-lights\/\">Northern Lights<\/a>. Un cadeau qui vous permettra d&#8217;exp\u00e9rimenter avec de nouvelles vari\u00e9t\u00e9s et de profiter de leurs saveurs et effets!<\/p>\n\n\n\n<p>Mais ce n&#8217;est pas tout : si vous passez une commande de 200 euros ou plus, nous vous offrons <strong>30 graines<\/strong>:<\/p>\n\n\n\n<ul class=\"wp-block-list\">\n<li>10 x <a href=\"https:\/\/bulkgenetics.com\/fr\/northern-lights\/\">Northern Lights<\/a><\/li>\n\n\n\n<li>10 x <a href=\"https:\/\/bulkgenetics.com\/fr\/forbidden-fruit\/\" data-type=\"link\" data-id=\"https:\/\/bulkgenetics.com\/fr\/forbidden-fruit\/\">Forbidden Fruit<\/a><\/li>\n\n\n\n<li>10 x <a href=\"https:\/\/bulkgenetics.com\/fr\/lemon-sherbet\/\">Lemon Sherbet<\/a><\/li>\n<\/ul>\n\n\n\n<p>Un v\u00e9ritable tr\u00e9sor pour les amateurs de marijuana!<\/p>\n\n\n\n<p>Ne tardez plus et profitez de cette promotion tant qu&#8217;elle dure. <strong>Passez votre commande maintenant et profitez de vos graines gratuites!<\/strong><\/p>\n","protected":false},"excerpt":{"rendered":"<p>Chez Bulk Genetics, nous voulons vous offrir des graines de marijuana gratuites avec toutes vos commandes. C&#8217;est exact, peu importe combien vous achetez, vous obtiendrez toujours des graines gratuites! Ainsi, vous pourrez cultiver des vari\u00e9t\u00e9s exclusives et profiter de r\u00e9coltes uniques! De plus, si vous passez une commande de 100 euros ou plus, nous vous [&hellip;]<\/p>\n","protected":false},"author":2,"featured_media":0,"parent":0,"menu_order":0,"comment_status":"closed","ping_status":"closed","template":"template-fullwidth.php","meta":{"_acf_changed":false,"inline_featured_image":false,"_uag_custom_page_level_css":"","footnotes":""},"class_list":["post-12997","page","type-page","status-publish","hentry"],"acf":[],"uagb_featured_image_src":{"full":false,"thumbnail":false,"medium":false,"medium_large":false,"large":false,"1536x1536":false,"2048x2048":false,"commercegurus-pdp-large":false,"commercegurus-plp-mobile":false,"cgkit_image_swatch":false,"woocommerce_thumbnail":false,"woocommerce_single":false,"woocommerce_gallery_thumbnail":false,"dgwt-wcas-product-suggestion":false},"uagb_author_info":{"display_name":"\u00c1ngel Flores","author_link":"https:\/\/bulkgenetics.com\/fr\/author\/angel\/"},"uagb_comment_info":0,"uagb_excerpt":"Chez Bulk Genetics, nous voulons vous offrir des graines de marijuana gratuites avec toutes vos commandes. C&#8217;est exact, peu importe combien vous achetez, vous obtiendrez toujours des graines gratuites! Ainsi, vous pourrez cultiver des vari\u00e9t\u00e9s exclusives et profiter de r\u00e9coltes uniques! De plus, si vous passez une commande de 100 euros ou plus, nous vous\u2026","_links":{"self":[{"href":"https:\/\/bulkgenetics.com\/fr\/wp-json\/wp\/v2\/pages\/12997","targetHints":{"allow":["GET"]}}],"collection":[{"href":"https:\/\/bulkgenetics.com\/fr\/wp-json\/wp\/v2\/pages"}],"about":[{"href":"https:\/\/bulkgenetics.com\/fr\/wp-json\/wp\/v2\/types\/page"}],"author":[{"embeddable":true,"href":"https:\/\/bulkgenetics.com\/fr\/wp-json\/wp\/v2\/users\/2"}],"replies":[{"embeddable":true,"href":"https:\/\/bulkgenetics.com\/fr\/wp-json\/wp\/v2\/comments?post=12997"}],"version-history":[{"count":0,"href":"https:\/\/bulkgenetics.com\/fr\/wp-json\/wp\/v2\/pages\/12997\/revisions"}],"wp:attachment":[{"href":"https:\/\/bulkgenetics.com\/fr\/wp-json\/wp\/v2\/media?parent=12997"}],"curies":[{"name":"wp","href":"https:\/\/api.w.org\/{rel}","templated":true}]}}