{"id":14138,"date":"2022-11-17T17:58:25","date_gmt":"2022-11-17T16:58:25","guid":{"rendered":"https:\/\/bulkgenetics.com\/politique-de-cookies\/"},"modified":"2023-02-02T14:47:57","modified_gmt":"2023-02-02T13:47:57","slug":"politique-de-cookies","status":"publish","type":"page","link":"https:\/\/bulkgenetics.com\/fr\/politique-de-cookies\/","title":{"rendered":"Politique de cookies"},"content":{"rendered":"\n<p>Nous recueillons et utilisons les informations sur ce site web conform\u00e9ment \u00e0 notre politique de confidentialit\u00e9. L&#8217;un des moyens par lesquels nous recueillons des informations est l&#8217;utilisation d&#8217;une technologie appel\u00e9e &#8220;cookies&#8221;. Sur <strong>bulkgenetics.com<\/strong>, nous utilisons les cookies pour un certain nombre de choses.<\/p>\n\n\n\n<h2 class=\"wp-block-heading\">Qu&#8217;est-ce qu&#8217;un cookie ?<\/h2>\n\n\n\n<p>Un &#8220;cookie&#8221; est une petite quantit\u00e9 de texte qui est stock\u00e9e dans votre navigateur <em>(par exemple, Chrome de Google ou Safari d&#8217;Apple)<\/em> lorsque vous naviguez sur la plupart des sites web.<\/p>\n\n\n\n<h2 class=\"wp-block-heading\">Acceptation des cookies<\/h2>\n\n\n\n<p>Lorsque vous acc\u00e9dez \u00e0 ce site web ou \u00e0 cette application pour la premi\u00e8re fois, un avertissement appara\u00eetra pour vous informer de l&#8217;utilisation de cookies et de l&#8217;endroit o\u00f9 vous pouvez consulter cette politique en mati\u00e8re de cookies. <\/p>\n\n\n\n<p>Aucun cookie ne sera t\u00e9l\u00e9charg\u00e9 tant que l&#8217;utilisateur n&#8217;aura pas express\u00e9ment consenti \u00e0 l&#8217;installation de cookies. Si l&#8217;utilisateur consent \u00e0 l&#8217;utilisation de cookies, ceux-ci seront install\u00e9s sur l&#8217;ordinateur ou le dispositif de l&#8217;utilisateur.<\/p>\n\n\n\n<p>En plus de l&#8217;utilisation de nos propres cookies, nous autorisons des tiers \u00e0 installer des cookies sur votre appareil et \u00e0 y acc\u00e9der.<\/p>\n\n\n\n<h2 class=\"wp-block-heading\">Quelles informations un cookie stocke-t-il ?<\/h2>\n\n\n\n<p>En g\u00e9n\u00e9ral, les cookies ne stockent pas d&#8217;informations sensibles vous concernant, telles que des informations sur votre carte de cr\u00e9dit ou vos coordonn\u00e9es bancaires, des photographies ou des informations personnelles, etc. Les donn\u00e9es stock\u00e9es sont de nature technique, statistique, pr\u00e9f\u00e9rences personnelles, personnalisation du contenu, etc.<\/p>\n\n\n\n<h2 class=\"wp-block-heading\">Quels types de cookies existe-t-il ?<\/h2>\n\n\n\n<ul class=\"wp-block-list\">\n<li><strong>Cookies techniques<\/strong> : ce sont les plus basiques et permettent, entre autres, de savoir quand un humain ou une application automatis\u00e9e navigue, quand un utilisateur anonyme et un utilisateur enregistr\u00e9 naviguent, des t\u00e2ches de base pour le fonctionnement de tout site web dynamique.<\/li>\n\n\n\n<li><strong>Cookies d&#8217;analyse<\/strong> : ils recueillent des informations sur le type de navigation que vous effectuez, les sections que vous utilisez le plus, les produits consult\u00e9s, l&#8217;heure de la journ\u00e9e, la langue, etc.<\/li>\n\n\n\n<li><strong>Cookies publicitaires<\/strong> : ils pr\u00e9sentent des publicit\u00e9s en fonction de vos habitudes de navigation, de votre pays d&#8217;origine, de votre langue, etc.<\/li>\n<\/ul>\n\n\n\n<h2 class=\"wp-block-heading\">Cookies accept\u00e9s par le r\u00e8glement et cookies except\u00e9s<\/h2>\n\n\n\n<p>Selon la directive europ\u00e9enne, les cookies qui requi\u00e8rent le consentement \u00e9clair\u00e9 de l&#8217;utilisateur sont les cookies analytiques et les cookies de publicit\u00e9 et d&#8217;affiliation, \u00e0 l&#8217;exception des cookies techniques et de ceux n\u00e9cessaires au fonctionnement du site web ou \u00e0 la fourniture de services express\u00e9ment demand\u00e9s par l&#8217;utilisateur.<\/p>\n\n\n\n<h2 class=\"wp-block-heading\">Quels sont les cookies utilis\u00e9s par ce site web ?<\/h2>\n\n\n\n<p>Ce site web utilise des cookies propres et de tiers. Les cookies suivants sont utilis\u00e9s sur ce site web :<\/p>\n\n\n\n<h3 class=\"has-text-align-center wp-block-heading\" style=\"text-transform:uppercase\">Cookies personnels<\/h3>\n\n\n\n<p><strong>Connexion<\/strong> : Les cookies de connexion vous permettent de vous connecter et de vous d\u00e9connecter de votre compte bulkgenetics.com.<\/p>\n\n\n\n<p><strong>Personnalisation<\/strong> : Les cookies nous aident \u00e0 nous souvenir des personnes ou des sites Web avec lesquels vous avez interagi, afin que nous puissions vous montrer des contenus connexes.<\/p>\n\n\n\n<p><strong>Pr\u00e9f\u00e9rences<\/strong> : Les cookies nous permettent de nous souvenir de vos param\u00e8tres et pr\u00e9f\u00e9rences, tels que votre langue pr\u00e9f\u00e9r\u00e9e et vos param\u00e8tres de confidentialit\u00e9.<\/p>\n\n\n\n<p><strong>S\u00e9curit\u00e9<\/strong> : Nous utilisons des cookies pour \u00e9viter les risques de s\u00e9curit\u00e9. Principalement pour d\u00e9tecter si quelqu&#8217;un essaie de pirater votre compte bulkgenetics.com.<\/p>\n\n\n\n<h3 class=\"has-text-align-center wp-block-heading\" style=\"text-transform:uppercase\">Cookies de tiers<\/h3>\n\n\n\n<h4 class=\"has-text-align-center wp-block-heading\">Cookies analytiques<\/h4>\n\n\n\n<p>Ce site Web utilise des services d&#8217;analyse, notamment <em>Google Analytics<\/em>, pour aider le site Web \u00e0 analyser la fa\u00e7on dont les utilisateurs utilisent le site et \u00e0 am\u00e9liorer sa convivialit\u00e9, mais en aucun cas ces services ne sont associ\u00e9s \u00e0 des donn\u00e9es qui pourraient identifier l&#8217;utilisateur. Google Analytics est un service d&#8217;analyse du Web fourni par Google Inc. L&#8217;utilisateur peut consulter <a href=\"https:\/\/policies.google.com\/technologies\/cookies?hl=fr\" target=\"_blank\" rel=\"noopener\">ici<\/a> le type de cookies utilis\u00e9s par Google.<\/p>\n\n\n\n<h4 class=\"has-text-align-center wp-block-heading\">Cookies de r\u00e9seaux sociaux<\/h4>\n\n\n\n<p>Cookies de m\u00e9dias sociauxLes cookies de m\u00e9dias sociaux peuvent \u00eatre stock\u00e9s dans votre navigateur pendant que vous naviguez sur bulkgenetics.com, par exemple, lorsque vous utilisez le bouton de partage de bulkgenetics.com sur un r\u00e9seau social.<\/p>\n\n\n\n<p>Ci-dessous, vous avez des informations sur les cookies des r\u00e9seaux sociaux utilis\u00e9s par ce site web dans leurs propres politiques de cookies :<\/p>\n\n\n\n<ul class=\"wp-block-list\">\n<li>Cookies Facebook, voir plus d&#8217;informations dans leur <em><u><a href=\"https:\/\/www.facebook.com\/policies\/cookies\/\" target=\"_blank\" rel=\"noopener\">politique en mati\u00e8re de cookies<\/a><\/u><\/em>.<\/li>\n\n\n\n<li>Cookies Twitter, voir plus d&#8217;informations dans leur <a href=\"https:\/\/twitter.com\/privacy\" target=\"_blank\" rel=\"noopener\"><em><u>politique en mati\u00e8re de cookies<\/u><\/em><\/a>.<\/li>\n\n\n\n<li>Cookies d&#8217;Instagram, voir plus d&#8217;informations dans leur <a href=\"https:\/\/www.facebook.com\/policies\/cookies\/\" target=\"_blank\" rel=\"noopener\"><em><u>politique de cookies<\/u><\/em><\/a>.<\/li>\n\n\n\n<li>Cookies de Youtube, voir plus d&#8217;informations dans leur <em><u><a href=\"https:\/\/policies.google.com\/technologies\/cookies?hl=fr#types-of-cookies\" target=\"_blank\" rel=\"noopener\">politique de cookies<\/a><\/u><\/em>.<\/li>\n\n\n\n<li>Les cookies de Vimeo, voir plus d&#8217;informations dans leur <em><u><a href=\"https:\/\/vimeo.com\/cookie_policy\" target=\"_blank\" rel=\"noopener\">politique de cookies<\/a><\/u><\/em>.<\/li>\n<\/ul>\n\n\n\n<h2 class=\"wp-block-heading\">Les cookies peuvent-ils \u00eatre supprim\u00e9s ?<\/h2>\n\n\n\n<p>Oui, et non seulement supprimer, mais aussi bloquer, de mani\u00e8re g\u00e9n\u00e9rale ou pour un domaine sp\u00e9cifique.<\/p>\n\n\n\n<p>Pour supprimer les cookies d&#8217;un site web, vous devez vous rendre dans les param\u00e8tres de votre navigateur, o\u00f9 vous pourrez rechercher les cookies associ\u00e9s au domaine en question et les supprimer.<\/p>\n\n\n\n<ul class=\"wp-block-list\">\n<li>Param\u00e8tres des cookies pour <a href=\"https:\/\/support.google.com\/chrome\/answer\/95647?hl=fr\" target=\"_blank\" rel=\"noopener\"><em><u>Google Chrome<\/u><\/em><\/a><\/li>\n\n\n\n<li>Param\u00e8tres des cookies pour <a href=\"https:\/\/support.apple.com\/fr-fr\/HT201265\" target=\"_blank\" rel=\"noopener\"><em><u>Apple Safari<\/u><\/em><\/a><\/li>\n\n\n\n<li>Param\u00e8tres des cookies pour <a href=\"https:\/\/support.microsoft.com\/fr-fr\/windows\/supprimer-et-g%C3%A9rer-les-cookies-168dab11-0753-043d-7c16-ede5947fc64d#ie=ie-10\" target=\"_blank\" rel=\"noopener\"><em><u>Internet Explorer<\/u><\/em><\/a><\/li>\n\n\n\n<li>Param\u00e8tres des cookies pour <a href=\"https:\/\/support.mozilla.org\/es\/kb\/habilitar-y-deshabilitar-cookies-sitios-web-rastrear-preferencias?redirectlocale=es&amp;redirectslug=habilitar-y-deshabilitar-cookies-que-los-sitios-we\" target=\"_blank\" rel=\"noopener\"><em><u>Mozilla Firefox<\/u><\/em><\/a><em><\/em><\/li>\n<\/ul>\n\n\n\n<h2 class=\"wp-block-heading\">Acceptation des cookies<\/h2>\n\n\n\n<p>Lorsque vous acc\u00e9dez \u00e0 ce site web ou \u00e0 cette application pour la premi\u00e8re fois, un avertissement s&#8217;affiche pour vous informer de l&#8217;utilisation de cookies et de l&#8217;endroit o\u00f9 vous pouvez consulter cette politique en mati\u00e8re de cookies. Si l&#8217;utilisateur consent \u00e0 l&#8217;utilisation de cookies, ceux-ci seront install\u00e9s sur l&#8217;ordinateur ou le dispositif de l&#8217;utilisateur.<\/p>\n\n\n\n<p>Outre l&#8217;utilisation de nos propres cookies, nous autorisons des tiers \u00e0 installer des cookies sur votre ordinateur et \u00e0 y acc\u00e9der. Le consentement \u00e0 l&#8217;utilisation de cookies par ces soci\u00e9t\u00e9s est li\u00e9 \u00e0 la navigation sur ce site web.<\/p>\n\n\n\n<h2 class=\"wp-block-heading\">Plus d&#8217;informations sur les cookies<\/h2>\n\n\n\n<p>Vous pouvez consulter la r\u00e9glementation sur les cookies publi\u00e9e par l&#8217;Agence espagnole de protection des donn\u00e9es dans son <em>&#8220;<\/em><a href=\"https:\/\/www.aepd.es\/sites\/default\/files\/2020-07\/guia-cookies.pdf\" target=\"_blank\" rel=\"noopener\"><em><u>Guide sur l&#8217;utilisation des cookies&#8221;<\/u><\/em><\/a> et obtenir de plus amples informations sur les cookies sur Internet, <a href=\"http:\/\/www.aboutcookies.org\/\" target=\"_blank\" rel=\"noopener\"><em><u>http:\/\/www.aboutcookies.org\/<\/u><\/em><\/a>.<\/p>\n\n\n\n<p>Si vous souhaitez avoir un plus grand contr\u00f4le sur l&#8217;installation des cookies, vous pouvez installer des programmes ou des modules compl\u00e9mentaires sur votre navigateur, connus sous le nom d&#8217;outils &#8220;<em>Do Not Track<\/em>&#8220;, qui vous permettront de choisir les cookies que vous souhaitez autoriser.<\/p>\n\n\n\n<p>Cette politique en mati\u00e8re de cookies a \u00e9t\u00e9 mise \u00e0 jour le 17 novembre 2022.<\/p>\n","protected":false},"excerpt":{"rendered":"<p>Nous recueillons et utilisons les informations sur ce site web conform\u00e9ment \u00e0 notre politique de confidentialit\u00e9. L&#8217;un des moyens par lesquels nous recueillons des informations est l&#8217;utilisation d&#8217;une technologie appel\u00e9e &#8220;cookies&#8221;. Sur bulkgenetics.com, nous utilisons les cookies pour un certain nombre de choses. Qu&#8217;est-ce qu&#8217;un cookie ? Un &#8220;cookie&#8221; est une petite quantit\u00e9 de texte [&hellip;]<\/p>\n","protected":false},"author":1,"featured_media":0,"parent":0,"menu_order":0,"comment_status":"closed","ping_status":"closed","template":"template-fullwidth-contained.php","meta":{"_acf_changed":false,"inline_featured_image":false,"_uag_custom_page_level_css":"","footnotes":""},"class_list":["post-14138","page","type-page","status-publish","hentry"],"acf":[],"uagb_featured_image_src":{"full":false,"thumbnail":false,"medium":false,"medium_large":false,"large":false,"1536x1536":false,"2048x2048":false,"commercegurus-pdp-large":false,"commercegurus-plp-mobile":false,"cgkit_image_swatch":false,"woocommerce_thumbnail":false,"woocommerce_single":false,"woocommerce_gallery_thumbnail":false,"dgwt-wcas-product-suggestion":false},"uagb_author_info":{"display_name":"Chris","author_link":"https:\/\/bulkgenetics.com\/fr\/author\/chriscarter\/"},"uagb_comment_info":0,"uagb_excerpt":"Nous recueillons et utilisons les informations sur ce site web conform\u00e9ment \u00e0 notre politique de confidentialit\u00e9. L&#8217;un des moyens par lesquels nous recueillons des informations est l&#8217;utilisation d&#8217;une technologie appel\u00e9e &#8220;cookies&#8221;. Sur bulkgenetics.com, nous utilisons les cookies pour un certain nombre de choses. Qu&#8217;est-ce qu&#8217;un cookie ? Un &#8220;cookie&#8221; est une petite quantit\u00e9 de texte\u2026","_links":{"self":[{"href":"https:\/\/bulkgenetics.com\/fr\/wp-json\/wp\/v2\/pages\/14138","targetHints":{"allow":["GET"]}}],"collection":[{"href":"https:\/\/bulkgenetics.com\/fr\/wp-json\/wp\/v2\/pages"}],"about":[{"href":"https:\/\/bulkgenetics.com\/fr\/wp-json\/wp\/v2\/types\/page"}],"author":[{"embeddable":true,"href":"https:\/\/bulkgenetics.com\/fr\/wp-json\/wp\/v2\/users\/1"}],"replies":[{"embeddable":true,"href":"https:\/\/bulkgenetics.com\/fr\/wp-json\/wp\/v2\/comments?post=14138"}],"version-history":[{"count":0,"href":"https:\/\/bulkgenetics.com\/fr\/wp-json\/wp\/v2\/pages\/14138\/revisions"}],"wp:attachment":[{"href":"https:\/\/bulkgenetics.com\/fr\/wp-json\/wp\/v2\/media?parent=14138"}],"curies":[{"name":"wp","href":"https:\/\/api.w.org\/{rel}","templated":true}]}}