{"id":16187,"date":"2023-03-28T12:32:40","date_gmt":"2023-03-28T10:32:40","guid":{"rendered":"https:\/\/bulkgenetics.com\/shipping-information\/"},"modified":"2023-03-29T14:54:12","modified_gmt":"2023-03-29T12:54:12","slug":"livraisons","status":"publish","type":"page","link":"https:\/\/bulkgenetics.com\/fr\/livraisons\/","title":{"rendered":"Livraisons"},"content":{"rendered":"\n<p>Chez Bulk Genetics, nous faisons tout notre possible pour que les commandes arrivent rapidement et en toute s\u00e9curit\u00e9. Tous nos emballages sont totalement discrets et nous prenons toutes les mesures n\u00e9cessaires pour que l&#8217;emballage des produits minimise les risques. Toutes les graines sont exp\u00e9di\u00e9es depuis nos entrep\u00f4ts en Espagne. Il est tr\u00e8s important de nous fournir un nom et une adresse de livraison valides (et r\u00e9els), sinon nous ne pouvons pas garantir que l&#8217;envoi sera livr\u00e9 correctement.<\/p>\n\n\n\n<p>Bulk Genetics livre dans les pays suivants :<\/p>\n\n\n\n<p>Argentine, Australie, Autriche, Belgique, Bulgarie, Canada, Colombie, Croatie, Chypre, R\u00e9publique tch\u00e8que, Danemark, Estonie, Finlande, France (\u00e9galement Guadeloupe, Guyane fran\u00e7aise, Martinique, Polyn\u00e9sie fran\u00e7aise, Corse, R\u00e9union, Nouvelle-Cal\u00e9donie et Mayotte), Allemagne, Gr\u00e8ce, Hongrie, Irlande, Isra\u00ebl, Italie, Japon, Lettonie, Lituanie, Luxembourg, Malte, Maroc, Mexique, Norv\u00e8ge, Nouvelle-Z\u00e9lande, Paraguay, Pays-Bas, P\u00e9rou, Pologne, Portugal, Slovaquie, Slov\u00e9nie, Espagne (p\u00e9ninsule et Bal\u00e9ares), Su\u00e8de, Suisse, Tha\u00eflande, Royaume-Uni, \u00c9tats-Unis et Uruguay.<\/p>\n\n\n\n<p>Si tu as des questions, n&#8217;h\u00e9site pas \u00e0 nous contacter par courriel ou par t\u00e9l\u00e9phone, afin que nous puissions d\u00e9terminer s&#8217;il est possible d&#8217;exp\u00e9dier le produit dans ton pays.<\/p>\n\n\n\n<div class=\"wp-block-stackable-divider stk-block-divider stk-block stk-fa658d1\" data-block-id=\"fa658d1\"><style>.stk-fa658d1{margin-bottom:29px !important}<\/style><hr class=\"stk-block-divider__hr\"\/><\/div>\n\n\n\n<h2 class=\"wp-block-heading\">Exp\u00e9dition normale<\/h2>\n\n\n\n<h3 class=\"wp-block-heading\">Europe<\/h3>\n\n\n\n<ul class=\"wp-block-list\">\n<li>D\u00e9lai de livraison&nbsp;: 3 \u00e0 14 jours<\/li>\n\n\n\n<li>Co\u00fbt&nbsp;: 9 \u20ac<\/li>\n\n\n\n<li>Livraison gratuite \u00e0 partir de 159 \u20ac d&#8217;achat<\/li>\n<\/ul>\n\n\n\n<h3 class=\"wp-block-heading\">Reste du monde<\/h3>\n\n\n\n<ul class=\"wp-block-list\">\n<li>D\u00e9lai de livraison&nbsp;: 14 \u00e0 40 jours<\/li>\n\n\n\n<li>Co\u00fbt&nbsp;: 10 \u20ac<\/li>\n\n\n\n<li>Livraison gratuite \u00e0 partir de 179 \u20ac d&#8217;achat<\/li>\n<\/ul>\n\n\n\n<div class=\"wp-block-stackable-divider stk-block-divider stk-block stk-4892c27\" data-block-id=\"4892c27\"><style>.stk-4892c27{margin-bottom:29px !important}<\/style><hr class=\"stk-block-divider__hr\"\/><\/div>\n\n\n\n<h2 class=\"wp-block-heading\">Livraison express<\/h2>\n\n\n\n<h3 class=\"wp-block-heading\">Espagne (P\u00e9ninsule)<\/h3>\n\n\n\n<ul class=\"wp-block-list\">\n<li>D\u00e9lai de livraison : 1 \u00e0 2 jours<\/li>\n\n\n\n<li>Co\u00fbt&nbsp;: 9 \u20ac<\/li>\n\n\n\n<li>Livraison gratuite \u00e0 partir de 49 \u20ac d&#8217;achat<\/li>\n\n\n\n<li>Envoi par NACEX ou Correos Express<\/li>\n<\/ul>\n\n\n\n<h3 class=\"wp-block-heading\">Espagne (Bal\u00e9ares)<\/h3>\n\n\n\n<ul class=\"wp-block-list\">\n<li>D\u00e9lai de livraison : 1 \u00e0 3 jours<\/li>\n\n\n\n<li>Co\u00fbt&nbsp;: 12 \u20ac<\/li>\n\n\n\n<li>Livraison gratuite \u00e0 partir de 59 \u20ac d&#8217;achat<\/li>\n\n\n\n<li>Envoi par NACEX ou Correos Express<\/li>\n<\/ul>\n\n\n\n<h3 class=\"wp-block-heading\">Europe<\/h3>\n\n\n\n<ul class=\"wp-block-list\">\n<li>D\u00e9lai de livraison : 2 \u00e0 7 jours<\/li>\n\n\n\n<li>Co\u00fbt&nbsp;: 24 \u20ac<\/li>\n\n\n\n<li>Livraison gratuite \u00e0 partir de 249 \u20ac d&#8217;achat<\/li>\n\n\n\n<li>Envoi par UPS ou FedEx<\/li>\n\n\n\n<li>Cette option n&#8217;est disponible que pour certains pays. Au moment de la validation de la commande, cette option sera propos\u00e9e, si elle est disponible.<\/li>\n<\/ul>\n\n\n\n<h3 class=\"wp-block-heading\">Rest of the world<\/h3>\n\n\n\n<ul class=\"wp-block-list\">\n<li>D\u00e9lai de livraison : 2 \u00e0 10 jours<\/li>\n\n\n\n<li>Co\u00fbt&nbsp;: 24 \u20ac<\/li>\n\n\n\n<li>Livraison gratuite \u00e0 partir de 399 \u20ac d&#8217;achat<\/li>\n\n\n\n<li>Envoi par UPS ou FedEx<\/li>\n\n\n\n<li>Cette option n&#8217;est disponible que pour certains pays. Au moment de la validation de la commande, cette option sera propos\u00e9e, si elle est disponible.<\/li>\n<\/ul>\n\n\n\n<div class=\"wp-block-stackable-divider stk-block-divider stk-block stk-8a96e84\" data-block-id=\"8a96e84\"><style>.stk-8a96e84{margin-bottom:29px !important}<\/style><hr class=\"stk-block-divider__hr\"\/><\/div>\n\n\n\n<p>Les prix sont approximatifs. Dans le panier, nous indiquerons les prix d\u00e9finitifs, en fonction du type d&#8217;envoi et de la destination.<\/p>\n\n\n\n<p>Nos envois sont discrets. Le nom de notre entreprise n&#8217;appara\u00eet pas. Le colis est une enveloppe matelass\u00e9e.<\/p>\n\n\n\n<p>Nous n&#8217;exp\u00e9dions qu&#8217;\u00e0 des adresses priv\u00e9es. Nous n&#8217;assumons aucune responsabilit\u00e9 en cas d&#8217;utilisation comme adresse de livraison de bo\u00eetes postales, de points d&#8217;enl\u00e8vement, de points relais, de soci\u00e9t\u00e9s d&#8217;exp\u00e9dition ou de lieux publics en g\u00e9n\u00e9ral.<\/p>\n\n\n\n<p>Les informations relatives au suivi de la commande seront envoy\u00e9es \u00e0 l&#8217;adresse \u00e9lectronique enregistr\u00e9e, une fois le colis exp\u00e9di\u00e9. Si tu ne les trouves pas, v\u00e9rifie dans ton dossier de courrier ind\u00e9sirable.<\/p>\n\n\n\n<p>Les mises \u00e0 jour de suivi ne seront pas disponibles tant que le colis ne sera pas arriv\u00e9 dans le pays de destination, ce qui peut parfois prendre jusqu&#8217;\u00e0 10 jours ouvrables.<\/p>\n\n\n\n<p>Les livraisons peuvent n\u00e9cessiter une signature. Le service de messagerie livrera le colis \u00e0 l&#8217;adresse de livraison et laissera une note en cas d&#8217;absence. Dans certains cas, le coursier peut d\u00e9poser le colis dans la bo\u00eete aux lettres afin d&#8217;acc\u00e9l\u00e9rer le processus de livraison.<\/p>\n\n\n\n<p>Il n&#8217;est pas possible de fixer une date ou une heure pr\u00e9cise pour la premi\u00e8re tentative de livraison. Le coursier ne t&#8217;appellera pas sur ton num\u00e9ro de t\u00e9l\u00e9phone pour savoir si tu es chez toi.<\/p>\n\n\n\n<p>Notre partenaire de messagerie en Espagne enverra la commande dans ton pays, et la livraison finale sera assur\u00e9e par la soci\u00e9t\u00e9 de messagerie locale sp\u00e9cifique \u00e0 ton pays.<\/p>\n\n\n\n<p>Nous ne livrons pas aux \u00eeles Canaries.<\/p>\n\n\n\n<div class=\"wp-block-stackable-divider stk-block-divider stk-block stk-3b0443f\" data-block-id=\"3b0443f\"><hr class=\"stk-block-divider__hr\"\/><\/div>\n\n\n\n<div class=\"wp-block-stackable-notification stk-block-notification stk--is-warning stk-block stk-dde33c6 is-style-default\" data-block-id=\"dde33c6\"><div class=\"stk-block-notification__content stk-content-align stk-dde33c6-column stk-container stk-dde33c6-container stk-hover-parent\"><div class=\"stk-block-content stk-inner-blocks\">\n<div class=\"wp-block-stackable-icon stk-block-icon stk-block stk-ba5fb9d\" data-block-id=\"ba5fb9d\"><style>.stk-ba5fb9d .stk--svg-wrapper .stk--inner-svg svg:last-child,.stk-ba5fb9d .stk--svg-wrapper .stk--inner-svg svg:last-child :is(g,path,rect,polygon,ellipse){fill:#000000 !important}<\/style><span class=\"stk--svg-wrapper\"><div class=\"stk--inner-svg\"><svg style=\"height:0;width:0\"><defs><linearGradient id=\"linear-gradient-ba5fb9d\" x1=\"0\" x2=\"100%\" y1=\"0\" y2=\"0\"><stop offset=\"0%\" style=\"stop-opacity:1;stop-color:var(--linear-gradient-ba-5-fb-9-d-color-1)\"><\/stop><stop offset=\"100%\" style=\"stop-opacity:1;stop-color:var(--linear-gradient-ba-5-fb-9-d-color-2)\"><\/stop><\/linearGradient><\/defs><\/svg><svg data-prefix=\"fas\" data-icon=\"exclamation-triangle\" class=\"svg-inline--fa fa-exclamation-triangle fa-w-18\" xmlns=\"http:\/\/www.w3.org\/2000\/svg\" viewBox=\"0 0 576 512\" aria-hidden=\"true\" width=\"32\" height=\"32\"><path fill=\"currentColor\" d=\"M569.517 440.013C587.975 472.007 564.806 512 527.94 512H48.054c-36.937 0-59.999-40.055-41.577-71.987L246.423 23.985c18.467-32.009 64.72-31.951 83.154 0l239.94 416.028zM288 354c-25.405 0-46 20.595-46 46s20.595 46 46 46 46-20.595 46-46-20.595-46-46-46zm-43.673-165.346l7.418 136c.347 6.364 5.609 11.346 11.982 11.346h48.546c6.373 0 11.635-4.982 11.982-11.346l7.418-136c.375-6.874-5.098-12.654-11.982-12.654h-63.383c-6.884 0-12.356 5.78-11.981 12.654z\"><\/path><\/svg><\/div><\/span><\/div>\n\n\n\n<div class=\"wp-block-stackable-heading stk-block-heading stk-block-heading--v2 stk-block stk-22b785b\" id=\"clause-de-non-responsabilite\" data-block-id=\"22b785b\"><style>.stk-22b785b .stk-block-heading__text{color:#000000 !important}<\/style><h2 class=\"stk-block-heading__text has-text-color has-black-color\">Clause de non-responsabilit\u00e9<\/h2><\/div>\n\n\n\n<div class=\"wp-block-stackable-text stk-block-text stk-block stk-d13702e\" data-block-id=\"d13702e\"><style>.stk-d13702e .stk-block-text__text{color:#000000 !important}<\/style><p class=\"stk-block-text__text has-text-color has-black-color\">Bulk Genetics n&#8217;est pas responsable des informations incorrectes fournies par le client. Si des informations correctes fournies par le client entra\u00eenent une livraison incorrecte, une non-livraison, une d\u00e9tention ou tout autre type d&#8217;accusation, le client sera tenu pour responsable.<\/p><\/div>\n\n\n\n<div class=\"wp-block-stackable-text stk-block-text stk-block stk-1c0797b\" data-block-id=\"1c0797b\"><style>.stk-1c0797b .stk-block-text__text{color:#000000 !important}<\/style><p class=\"stk-block-text__text has-text-color has-black-color\">Le client est enti\u00e8rement responsable de l&#8217;exp\u00e9dition d&#8217;une commande une fois qu&#8217;elle a quitt\u00e9 notre entrep\u00f4t. Bulk Genetics n&#8217;est pas responsable du contenu d&#8217;un produit ou des frais encourus si le colis est retenu par un service de douane international.<\/p><\/div>\n\n\n\n<div class=\"wp-block-stackable-button-group stk-block-button-group stk-block stk-0e5aaa0\" data-block-id=\"0e5aaa0\"><div class=\"stk-row stk-inner-blocks stk-block-content stk-button-group\">\n<div class=\"wp-block-stackable-button stk-block-button stk-block stk-95daaba\" data-block-id=\"95daaba\"><style>.stk-95daaba .stk-button{background:transparent !important}.stk-95daaba .stk-button:before{border-style:solid !important;border-color:#000000 !important;border-top-width:1px !important;border-right-width:1px !important;border-bottom-width:1px !important;border-left-width:1px !important}.stk-95daaba .stk-button__inner-text{color:#000000 !important}<\/style><a class=\"stk-link stk-button stk--hover-effect-darken\" href=\"https:\/\/bulkgenetics.com\/es\/terminos-y-condiciones\/#aviso-legal\"><span class=\"has-text-color stk-button__inner-text\">Mentions L\u00e9gales<\/span><\/a><\/div>\n<\/div><\/div>\n<\/div><\/div><\/div>\n","protected":false},"excerpt":{"rendered":"<p>Chez Bulk Genetics, nous faisons tout notre possible pour que les commandes arrivent rapidement et en toute s\u00e9curit\u00e9. Tous nos emballages sont totalement discrets et nous prenons toutes les mesures n\u00e9cessaires pour que l&#8217;emballage des produits minimise les risques. Toutes les graines sont exp\u00e9di\u00e9es depuis nos entrep\u00f4ts en Espagne. Il est tr\u00e8s important de nous [&hellip;]<\/p>\n","protected":false},"author":1,"featured_media":0,"parent":0,"menu_order":0,"comment_status":"closed","ping_status":"closed","template":"template-fullwidth-contained.php","meta":{"_acf_changed":false,"inline_featured_image":false,"_uag_custom_page_level_css":"","footnotes":""},"class_list":["post-16187","page","type-page","status-publish","hentry"],"acf":[],"uagb_featured_image_src":{"full":false,"thumbnail":false,"medium":false,"medium_large":false,"large":false,"1536x1536":false,"2048x2048":false,"commercegurus-pdp-large":false,"commercegurus-plp-mobile":false,"cgkit_image_swatch":false,"woocommerce_thumbnail":false,"woocommerce_single":false,"woocommerce_gallery_thumbnail":false,"dgwt-wcas-product-suggestion":false},"uagb_author_info":{"display_name":"Chris","author_link":"https:\/\/bulkgenetics.com\/fr\/author\/chriscarter\/"},"uagb_comment_info":0,"uagb_excerpt":"Chez Bulk Genetics, nous faisons tout notre possible pour que les commandes arrivent rapidement et en toute s\u00e9curit\u00e9. Tous nos emballages sont totalement discrets et nous prenons toutes les mesures n\u00e9cessaires pour que l&#8217;emballage des produits minimise les risques. Toutes les graines sont exp\u00e9di\u00e9es depuis nos entrep\u00f4ts en Espagne. Il est tr\u00e8s important de nous\u2026","_links":{"self":[{"href":"https:\/\/bulkgenetics.com\/fr\/wp-json\/wp\/v2\/pages\/16187","targetHints":{"allow":["GET"]}}],"collection":[{"href":"https:\/\/bulkgenetics.com\/fr\/wp-json\/wp\/v2\/pages"}],"about":[{"href":"https:\/\/bulkgenetics.com\/fr\/wp-json\/wp\/v2\/types\/page"}],"author":[{"embeddable":true,"href":"https:\/\/bulkgenetics.com\/fr\/wp-json\/wp\/v2\/users\/1"}],"replies":[{"embeddable":true,"href":"https:\/\/bulkgenetics.com\/fr\/wp-json\/wp\/v2\/comments?post=16187"}],"version-history":[{"count":0,"href":"https:\/\/bulkgenetics.com\/fr\/wp-json\/wp\/v2\/pages\/16187\/revisions"}],"wp:attachment":[{"href":"https:\/\/bulkgenetics.com\/fr\/wp-json\/wp\/v2\/media?parent=16187"}],"curies":[{"name":"wp","href":"https:\/\/api.w.org\/{rel}","templated":true}]}}