{"id":16286,"date":"2023-03-28T13:08:09","date_gmt":"2023-03-28T11:08:09","guid":{"rendered":"https:\/\/bulkgenetics.com\/faq\/"},"modified":"2023-03-29T15:42:57","modified_gmt":"2023-03-29T13:42:57","slug":"faq","status":"publish","type":"page","link":"https:\/\/bulkgenetics.com\/fr\/faq\/","title":{"rendered":"Foire aux questions"},"content":{"rendered":"\n<details class=\"wp-block-stackable-accordion stk-block-accordion stk-inner-blocks stk-block-content stk-block stk-9ee238f is-style-default\" data-block-id=\"9ee238f\">\n<summary class=\"wp-block-stackable-column stk-block-column stk-block-column--v3 stk-column stk-block-column--v2 stk-block stk-e10e47a stk--container-small stk-block-accordion__heading\" data-block-id=\"e10e47a\"><div class=\"stk-column-wrapper stk-block-column__content stk-container stk-e10e47a-container stk-hover-parent\"><div class=\"stk-block-content stk-inner-blocks stk-e10e47a-inner-blocks\">\n<div class=\"wp-block-stackable-icon-label stk-block-icon-label stk-block stk-b2d75d5\" data-block-id=\"b2d75d5\"><div class=\"stk-row stk-inner-blocks stk-block-content\">\n<div class=\"wp-block-stackable-heading stk-block-heading stk-block-heading--v2 stk-block stk-c01a4cd\" id=\"que-dois-je-faire-si-je-nai-pas-recu-ma-commande\" data-block-id=\"c01a4cd\"><h4 class=\"stk-block-heading__text\">Que dois-je faire si je n&#8217;ai pas re\u00e7u ma commande ?<\/h4><\/div>\n\n\n\n<div class=\"wp-block-stackable-icon stk-block-icon stk-block stk-654d6a4\" data-block-id=\"654d6a4\"><span class=\"stk--svg-wrapper\"><div class=\"stk--inner-svg\"><svg style=\"height:0;width:0\"><defs><linearGradient id=\"linear-gradient-654d6a4\" x1=\"0\" x2=\"100%\" y1=\"0\" y2=\"0\"><stop offset=\"0%\" style=\"stop-opacity:1;stop-color:var(--linear-gradient-654-d-6-a-4-color-1)\"><\/stop><stop offset=\"100%\" style=\"stop-opacity:1;stop-color:var(--linear-gradient-654-d-6-a-4-color-2)\"><\/stop><\/linearGradient><\/defs><\/svg><svg data-prefix=\"fas\" data-icon=\"chevron-down\" class=\"svg-inline--fa fa-chevron-down fa-w-14\" xmlns=\"http:\/\/www.w3.org\/2000\/svg\" viewBox=\"0 0 448 512\" aria-hidden=\"true\" width=\"32\" height=\"32\"><path fill=\"currentColor\" d=\"M207.029 381.476L12.686 187.132c-9.373-9.373-9.373-24.569 0-33.941l22.667-22.667c9.357-9.357 24.522-9.375 33.901-.04L224 284.505l154.745-154.021c9.379-9.335 24.544-9.317 33.901.04l22.667 22.667c9.373 9.373 9.373 24.569 0 33.941L240.971 381.476c-9.373 9.372-24.569 9.372-33.942 0z\"><\/path><\/svg><\/div><\/span><\/div>\n<\/div><\/div>\n<\/div><\/div><\/summary>\n\n\n\n<div class=\"wp-block-stackable-column stk-block-column stk-block-column--v3 stk-column stk-block-column--v2 stk-block stk-b5b2f03 stk-block-accordion__content\" data-block-id=\"b5b2f03\"><div class=\"stk-column-wrapper stk-block-column__content stk-container stk-b5b2f03-container stk--no-background stk--no-padding\"><div class=\"stk-block-content stk-inner-blocks stk-b5b2f03-inner-blocks\">\n<div class=\"wp-block-stackable-text stk-block-text stk-block stk-5afb57c\" data-block-id=\"5afb57c\"><p class=\"stk-block-text__text\">Si vous n&#8217;avez pas re\u00e7u votre commande dans les d\u00e9lais, veuillez nous envoyer un e-mail \u00e0 <a href=\"mailto:info@bulkgenetics.com\">info@bulkgenetics.com<\/a> en indiquant dans l&#8217;objet : commande non re\u00e7ue + num\u00e9ro de commande.<\/p><\/div>\n<\/div><\/div><\/div>\n<\/details>\n","protected":false},"excerpt":{"rendered":"<p>Que dois-je faire si je n&#8217;ai pas re\u00e7u ma commande ? Si vous n&#8217;avez pas re\u00e7u votre commande dans les d\u00e9lais, veuillez nous envoyer un e-mail \u00e0 info@bulkgenetics.com en indiquant dans l&#8217;objet : commande non re\u00e7ue + num\u00e9ro de commande.<\/p>\n","protected":false},"author":1,"featured_media":0,"parent":0,"menu_order":0,"comment_status":"closed","ping_status":"closed","template":"template-fullwidth-contained.php","meta":{"_acf_changed":false,"inline_featured_image":false,"_uag_custom_page_level_css":"","footnotes":""},"class_list":["post-16286","page","type-page","status-publish","hentry"],"acf":[],"uagb_featured_image_src":{"full":false,"thumbnail":false,"medium":false,"medium_large":false,"large":false,"1536x1536":false,"2048x2048":false,"commercegurus-pdp-large":false,"commercegurus-plp-mobile":false,"cgkit_image_swatch":false,"woocommerce_thumbnail":false,"woocommerce_single":false,"woocommerce_gallery_thumbnail":false,"dgwt-wcas-product-suggestion":false},"uagb_author_info":{"display_name":"Chris","author_link":"https:\/\/bulkgenetics.com\/fr\/author\/chriscarter\/"},"uagb_comment_info":0,"uagb_excerpt":"Que dois-je faire si je n&#8217;ai pas re\u00e7u ma commande ? Si vous n&#8217;avez pas re\u00e7u votre commande dans les d\u00e9lais, veuillez nous envoyer un e-mail \u00e0 info@bulkgenetics.com en indiquant dans l&#8217;objet : commande non re\u00e7ue + num\u00e9ro de commande.","_links":{"self":[{"href":"https:\/\/bulkgenetics.com\/fr\/wp-json\/wp\/v2\/pages\/16286","targetHints":{"allow":["GET"]}}],"collection":[{"href":"https:\/\/bulkgenetics.com\/fr\/wp-json\/wp\/v2\/pages"}],"about":[{"href":"https:\/\/bulkgenetics.com\/fr\/wp-json\/wp\/v2\/types\/page"}],"author":[{"embeddable":true,"href":"https:\/\/bulkgenetics.com\/fr\/wp-json\/wp\/v2\/users\/1"}],"replies":[{"embeddable":true,"href":"https:\/\/bulkgenetics.com\/fr\/wp-json\/wp\/v2\/comments?post=16286"}],"version-history":[{"count":0,"href":"https:\/\/bulkgenetics.com\/fr\/wp-json\/wp\/v2\/pages\/16286\/revisions"}],"wp:attachment":[{"href":"https:\/\/bulkgenetics.com\/fr\/wp-json\/wp\/v2\/media?parent=16286"}],"curies":[{"name":"wp","href":"https:\/\/api.w.org\/{rel}","templated":true}]}}