{"id":28526,"date":"2024-09-23T20:00:47","date_gmt":"2024-09-23T18:00:47","guid":{"rendered":"https:\/\/bulkgenetics.com\/?page_id=28526"},"modified":"2024-09-23T22:31:26","modified_gmt":"2024-09-23T20:31:26","slug":"paiement-par-virement-bancaire","status":"publish","type":"page","link":"https:\/\/bulkgenetics.com\/fr\/paiement-par-virement-bancaire\/","title":{"rendered":"Paiement par Virement Bancaire"},"content":{"rendered":"\n<p>Chez Bulk Genetics, on te propose l&#8217;option de paiement par virement bancaire pour ta commodit\u00e9. Ci-dessous, tu trouveras nos comptes bancaires selon la devise de ton choix. Assure-toi d&#8217;utiliser le compte correspondant \u00e0 la monnaie avec laquelle tu souhaites payer.<\/p>\n\n\n\n<div style=\"height:48px\" aria-hidden=\"true\" class=\"wp-block-spacer\"><\/div>\n\n\n\n<hr class=\"wp-block-separator has-alpha-channel-opacity\"\/>\n\n\n\n<div style=\"height:48px\" aria-hidden=\"true\" class=\"wp-block-spacer\"><\/div>\n\n\n\n<h2 class=\"wp-block-heading\">Comptes pour les Paiements en Euros (\u20ac) au sein de l&#8217;Union Europ\u00e9enne et des pays SEPA<\/h2>\n\n\n\n<h3 class=\"wp-block-heading\"><strong>Compte 1:<br><\/strong><br><\/h3>\n\n\n\n<ul class=\"wp-block-list\">\n<li><strong>Banque :<\/strong> BBVA<\/li>\n\n\n\n<li><strong>Titulaire :<\/strong> GLOBAL WEB MARKT S.L.<\/li>\n\n\n\n<li><strong>Num\u00e9ro de Compte IBAN :<\/strong> ES5801821140320201662159<\/li>\n\n\n\n<li><strong>BIC\/SWIFT :<\/strong> BBVAESMMXXX<\/li>\n\n\n\n<li><strong>BAdresse de la Banque :<\/strong><br>Plaza de San Nicolas, 4<br>48005 Bilbao<br>Espagne<\/li>\n<\/ul>\n\n\n\n<div style=\"height:48px\" aria-hidden=\"true\" class=\"wp-block-spacer\"><\/div>\n\n\n\n<h3 class=\"wp-block-heading\"><strong>Compte 2:<\/strong><\/h3>\n\n\n\n<ul class=\"wp-block-list\">\n<li><strong>Banque :<\/strong> BANKING CIRCLE S.A. &#8211; GERMAN BRANCH<\/li>\n\n\n\n<li><strong>Titulaire :<\/strong> GLOBAL WEB MARKT SL<\/li>\n\n\n\n<li><strong>Num\u00e9ro de Compte IBAN :<\/strong> DE53202208000027722786<\/li>\n\n\n\n<li><strong>BIC\/SWIFT :<\/strong> SXPYDEHHXXX<\/li>\n\n\n\n<li><strong>Adresse de la Banque :<\/strong><br>Maximilianstra\u00dfe 54<br>80538 M\u00fcnchen<br>Allemagne<\/li>\n<\/ul>\n\n\n\n<div style=\"height:48px\" aria-hidden=\"true\" class=\"wp-block-spacer\"><\/div>\n\n\n\n<h2 class=\"wp-block-heading\">Compte pour les Paiements en Euros (\u20ac) depuis l&#8217;ext\u00e9rieur de l&#8217;Union Europ\u00e9enne<\/h2>\n\n\n\n<h3 class=\"wp-block-heading\">Compte 3:<\/h3>\n\n\n\n<ul class=\"wp-block-list\">\n<li><strong>Banque :<\/strong> BANKING CIRCLE S.A.<\/li>\n\n\n\n<li><strong>Titulaire :<\/strong> GLOBAL WEB MARKT SL<\/li>\n\n\n\n<li><strong>Num\u00e9ro de Compte IBAN :<\/strong> LU834080000027722786<\/li>\n\n\n\n<li><strong>BIC\/SWIFT : <\/strong>BCIRLULLXXX<\/li>\n\n\n\n<li><strong>Adresse de la Banque :<\/strong><br>2 Bd de la Foire<br>1528 Ville-Haute Luxembourg<br>Luxembourg<\/li>\n<\/ul>\n\n\n\n<div style=\"height:48px\" aria-hidden=\"true\" class=\"wp-block-spacer\"><\/div>\n\n\n\n<hr class=\"wp-block-separator has-alpha-channel-opacity\"\/>\n\n\n\n<div style=\"height:48px\" aria-hidden=\"true\" class=\"wp-block-spacer\"><\/div>\n\n\n\n<h2 class=\"wp-block-heading\">Compte pour les Paiements en Dollars Am\u00e9ricains (USD)<\/h2>\n\n\n\n<h3 class=\"wp-block-heading\"><strong>Compte 4:<\/strong><\/h3>\n\n\n\n<ul class=\"wp-block-list\">\n<li><strong>Banque :<\/strong> BANKING CIRCLE S.A.<\/li>\n\n\n\n<li><strong>Titulaire :<\/strong> GLOBAL WEB MARKT SL<\/li>\n\n\n\n<li><strong>Num\u00e9ro de Compte IBAN :<\/strong> LU834080000050979312<\/li>\n\n\n\n<li><strong>BIC\/SWIFT :<\/strong> BCIRLULLXXX<\/li>\n\n\n\n<li><strong>Adresse de la Banque :<\/strong><br>2 Bd de la Foire<br>1528 Ville-Haute Luxembourg<br>Luxembourg<\/li>\n<\/ul>\n\n\n\n<div style=\"height:48px\" aria-hidden=\"true\" class=\"wp-block-spacer\"><\/div>\n\n\n\n<hr class=\"wp-block-separator has-alpha-channel-opacity\"\/>\n\n\n\n<div style=\"height:48px\" aria-hidden=\"true\" class=\"wp-block-spacer\"><\/div>\n\n\n\n<h2 class=\"wp-block-heading\">Compte pour les Paiements en Livres Sterling (GBP)<\/h2>\n\n\n\n<h3 class=\"wp-block-heading\">Compte 5:<\/h3>\n\n\n\n<ul class=\"wp-block-list\">\n<li><strong>Banque :<\/strong> BANKING CIRCLE S.A.<\/li>\n\n\n\n<li><strong>Titulaire :<\/strong> GLOBAL WEB MARKT SL<\/li>\n\n\n\n<li><strong>Num\u00e9ro de Compte IBAN :<\/strong> LU744080000050896636<\/li>\n\n\n\n<li><strong>BIC\/SWIFT :<\/strong> BCIRLULLXXX<\/li>\n\n\n\n<li><strong>Adresse de la Banque :<\/strong><br>2 Bd de la Foire<br>1528 Ville-Haute Luxembourg<br>Luxembourg<\/li>\n<\/ul>\n\n\n\n<div style=\"height:48px\" aria-hidden=\"true\" class=\"wp-block-spacer\"><\/div>\n\n\n\n<hr class=\"wp-block-separator has-alpha-channel-opacity\"\/>\n\n\n\n<div style=\"height:48px\" aria-hidden=\"true\" class=\"wp-block-spacer\"><\/div>\n\n\n\n<h2 class=\"wp-block-heading\">Important<\/h2>\n\n\n\n<p><strong>R\u00e9f\u00e9rence de Commande :<\/strong> Il est indispensable que tu indiques <strong>uniquement<\/strong> la r\u00e9f\u00e9rence de ta commande dans le motif ou la r\u00e9f\u00e9rence du virement. Cela nous aide \u00e0 identifier ton paiement rapidement et \u00e0 traiter ta commande sans retard.<\/p>\n\n\n\n<p><strong>Justificatif de Paiement :<\/strong> Si tu souhaites acc\u00e9l\u00e9rer le traitement de ta commande, tu peux envoyer le justificatif du virement \u00e0 <a href=\"mailto:payments@globalwebmarkt.com\">payments@globalwebmarkt.com<\/a>.<\/p>\n\n\n\n<div style=\"height:48px\" aria-hidden=\"true\" class=\"wp-block-spacer\"><\/div>\n\n\n\n<h2 class=\"wp-block-heading\">Questions Fr\u00e9quentes<\/h2>\n\n\n<div class=\"wp-block-uagb-faq uagb-faq__outer-wrap uagb-block-983e4e4b uagb-faq-icon-row uagb-faq-layout-accordion uagb-faq-expand-first-true uagb-faq-inactive-other-true uagb-faq__wrap uagb-buttons-layout-wrap uagb-faq-equal-height     \" data-faqtoggle=\"true\" role=\"tablist\"><div class=\"wp-block-uagb-faq-child uagb-faq-child__outer-wrap uagb-faq-item uagb-block-99739612 \" role=\"tab\" tabindex=\"0\"><div class=\"uagb-faq-questions-button uagb-faq-questions\">\t\t\t<span class=\"uagb-icon uagb-faq-icon-wrap\">\n\t\t\t\t\t\t\t\t<svg xmlns=\"https:\/\/www.w3.org\/2000\/svg\" viewBox= \"0 0 448 512\"><path d=\"M432 256c0 17.69-14.33 32.01-32 32.01H256v144c0 17.69-14.33 31.99-32 31.99s-32-14.3-32-31.99v-144H48c-17.67 0-32-14.32-32-32.01s14.33-31.99 32-31.99H192v-144c0-17.69 14.33-32.01 32-32.01s32 14.32 32 32.01v144h144C417.7 224 432 238.3 432 256z\"><\/path><\/svg>\n\t\t\t\t\t\t\t<\/span>\n\t\t\t\t\t\t<span class=\"uagb-icon-active uagb-faq-icon-wrap\">\n\t\t\t\t\t\t\t\t<svg xmlns=\"https:\/\/www.w3.org\/2000\/svg\" viewBox= \"0 0 448 512\"><path d=\"M400 288h-352c-17.69 0-32-14.32-32-32.01s14.31-31.99 32-31.99h352c17.69 0 32 14.3 32 31.99S417.7 288 400 288z\"><\/path><\/svg>\n\t\t\t\t\t\t\t<\/span>\n\t\t\t<span class=\"uagb-question\"><strong>Combien de temps prennent les virements internationaux pour arriver ?<\/strong><\/span><\/div><div class=\"uagb-faq-content\"><p>Les virements internationaux depuis l&#8217;ext\u00e9rieur de l&#8217;Union Europ\u00e9enne peuvent prendre jusqu&#8217;\u00e0 <strong>5 jours ouvrables<\/strong> pour arriver sur notre compte bancaire. Prends en compte ce d\u00e9lai suppl\u00e9mentaire lors de ton paiement pour \u00e9viter des retards dans le traitement de ta commande.<\/p><\/div><\/div><div class=\"wp-block-uagb-faq-child uagb-faq-child__outer-wrap uagb-faq-item uagb-block-b186b743 \" role=\"tab\" tabindex=\"0\"><div class=\"uagb-faq-questions-button uagb-faq-questions\">\t\t\t<span class=\"uagb-icon uagb-faq-icon-wrap\">\n\t\t\t\t\t\t\t\t<svg xmlns=\"https:\/\/www.w3.org\/2000\/svg\" viewBox= \"0 0 448 512\"><path d=\"M432 256c0 17.69-14.33 32.01-32 32.01H256v144c0 17.69-14.33 31.99-32 31.99s-32-14.3-32-31.99v-144H48c-17.67 0-32-14.32-32-32.01s14.33-31.99 32-31.99H192v-144c0-17.69 14.33-32.01 32-32.01s32 14.32 32 32.01v144h144C417.7 224 432 238.3 432 256z\"><\/path><\/svg>\n\t\t\t\t\t\t\t<\/span>\n\t\t\t\t\t\t<span class=\"uagb-icon-active uagb-faq-icon-wrap\">\n\t\t\t\t\t\t\t\t<svg xmlns=\"https:\/\/www.w3.org\/2000\/svg\" viewBox= \"0 0 448 512\"><path d=\"M400 288h-352c-17.69 0-32-14.32-32-32.01s14.31-31.99 32-31.99h352c17.69 0 32 14.3 32 31.99S417.7 288 400 288z\"><\/path><\/svg>\n\t\t\t\t\t\t\t<\/span>\n\t\t\t<span class=\"uagb-question\"><strong>Y a-t-il des frais suppl\u00e9mentaires pour effectuer un virement international ?<\/strong><\/span><\/div><div class=\"uagb-faq-content\"><p>Selon ta banque et le pays depuis lequel tu effectues le virement, des frais suppl\u00e9mentaires peuvent s&#8217;appliquer. Assure-toi de couvrir tous les frais que ta banque pourrait appliquer afin que nous recevions le montant exact de ta commande.<\/p><\/div><\/div><div class=\"wp-block-uagb-faq-child uagb-faq-child__outer-wrap uagb-faq-item uagb-block-9277976c \" role=\"tab\" tabindex=\"0\"><div class=\"uagb-faq-questions-button uagb-faq-questions\">\t\t\t<span class=\"uagb-icon uagb-faq-icon-wrap\">\n\t\t\t\t\t\t\t\t<svg xmlns=\"https:\/\/www.w3.org\/2000\/svg\" viewBox= \"0 0 448 512\"><path d=\"M432 256c0 17.69-14.33 32.01-32 32.01H256v144c0 17.69-14.33 31.99-32 31.99s-32-14.3-32-31.99v-144H48c-17.67 0-32-14.32-32-32.01s14.33-31.99 32-31.99H192v-144c0-17.69 14.33-32.01 32-32.01s32 14.32 32 32.01v144h144C417.7 224 432 238.3 432 256z\"><\/path><\/svg>\n\t\t\t\t\t\t\t<\/span>\n\t\t\t\t\t\t<span class=\"uagb-icon-active uagb-faq-icon-wrap\">\n\t\t\t\t\t\t\t\t<svg xmlns=\"https:\/\/www.w3.org\/2000\/svg\" viewBox= \"0 0 448 512\"><path d=\"M400 288h-352c-17.69 0-32-14.32-32-32.01s14.31-31.99 32-31.99h352c17.69 0 32 14.3 32 31.99S417.7 288 400 288z\"><\/path><\/svg>\n\t\t\t\t\t\t\t<\/span>\n\t\t\t<span class=\"uagb-question\"><strong>Que se passe-t-il si je n&#8217;indique pas la r\u00e9f\u00e9rence de commande dans le motif du virement ?<\/strong><\/span><\/div><div class=\"uagb-faq-content\"><p>Si tu n&#8217;indiques pas la r\u00e9f\u00e9rence de ta commande dans le motif du virement, il peut y avoir des retards dans l&#8217;identification de ton paiement et, par cons\u00e9quent, dans le traitement de ta commande. C&#8217;est pourquoi il est essentiel que tu inclues <strong>uniquement<\/strong> la r\u00e9f\u00e9rence de ta commande.<\/p><\/div><\/div><div class=\"wp-block-uagb-faq-child uagb-faq-child__outer-wrap uagb-faq-item uagb-block-e24dd79b \" role=\"tab\" tabindex=\"0\"><div class=\"uagb-faq-questions-button uagb-faq-questions\">\t\t\t<span class=\"uagb-icon uagb-faq-icon-wrap\">\n\t\t\t\t\t\t\t\t<svg xmlns=\"https:\/\/www.w3.org\/2000\/svg\" viewBox= \"0 0 448 512\"><path d=\"M432 256c0 17.69-14.33 32.01-32 32.01H256v144c0 17.69-14.33 31.99-32 31.99s-32-14.3-32-31.99v-144H48c-17.67 0-32-14.32-32-32.01s14.33-31.99 32-31.99H192v-144c0-17.69 14.33-32.01 32-32.01s32 14.32 32 32.01v144h144C417.7 224 432 238.3 432 256z\"><\/path><\/svg>\n\t\t\t\t\t\t\t<\/span>\n\t\t\t\t\t\t<span class=\"uagb-icon-active uagb-faq-icon-wrap\">\n\t\t\t\t\t\t\t\t<svg xmlns=\"https:\/\/www.w3.org\/2000\/svg\" viewBox= \"0 0 448 512\"><path d=\"M400 288h-352c-17.69 0-32-14.32-32-32.01s14.31-31.99 32-31.99h352c17.69 0 32 14.3 32 31.99S417.7 288 400 288z\"><\/path><\/svg>\n\t\t\t\t\t\t\t<\/span>\n\t\t\t<span class=\"uagb-question\"><strong>Puis-je envoyer le justificatif de paiement pour acc\u00e9l\u00e9rer le processus ?<\/strong><\/span><\/div><div class=\"uagb-faq-content\"><p>Oui, tu peux envoyer le justificatif de ton virement \u00e0 <strong><a href=\"mailto:payments@globalwebmarkt.com\">payments@globalwebmarkt.com<\/a><\/strong>. Cela nous aidera \u00e0 v\u00e9rifier ton paiement plus rapidement et \u00e0 traiter ta commande sans retard.<\/p><\/div><\/div><div class=\"wp-block-uagb-faq-child uagb-faq-child__outer-wrap uagb-faq-item uagb-block-a288350f \" role=\"tab\" tabindex=\"0\"><div class=\"uagb-faq-questions-button uagb-faq-questions\">\t\t\t<span class=\"uagb-icon uagb-faq-icon-wrap\">\n\t\t\t\t\t\t\t\t<svg xmlns=\"https:\/\/www.w3.org\/2000\/svg\" viewBox= \"0 0 448 512\"><path d=\"M432 256c0 17.69-14.33 32.01-32 32.01H256v144c0 17.69-14.33 31.99-32 31.99s-32-14.3-32-31.99v-144H48c-17.67 0-32-14.32-32-32.01s14.33-31.99 32-31.99H192v-144c0-17.69 14.33-32.01 32-32.01s32 14.32 32 32.01v144h144C417.7 224 432 238.3 432 256z\"><\/path><\/svg>\n\t\t\t\t\t\t\t<\/span>\n\t\t\t\t\t\t<span class=\"uagb-icon-active uagb-faq-icon-wrap\">\n\t\t\t\t\t\t\t\t<svg xmlns=\"https:\/\/www.w3.org\/2000\/svg\" viewBox= \"0 0 448 512\"><path d=\"M400 288h-352c-17.69 0-32-14.32-32-32.01s14.31-31.99 32-31.99h352c17.69 0 32 14.3 32 31.99S417.7 288 400 288z\"><\/path><\/svg>\n\t\t\t\t\t\t\t<\/span>\n\t\t\t<span class=\"uagb-question\"><strong>Quels sont les pays de l&#8217;Union Europ\u00e9enne (UE) et de la zone SEPA ?<\/strong><\/span><\/div><div class=\"uagb-faq-content\"><p>L&#8217;Union Europ\u00e9enne est compos\u00e9e des pays suivants : Allemagne, Autriche, Belgique, Bulgarie, Croatie, Chypre, Danemark, Slovaquie, Slov\u00e9nie, Espagne, Estonie, Finlande, France, Gr\u00e8ce, Hongrie, Irlande, Italie, Lettonie, Lituanie, Luxembourg, Malte, Pays-Bas, Pologne, Portugal, R\u00e9publique Tch\u00e8que, Roumanie et Su\u00e8de. Tous ces pays font partie de la zone <strong>SEPA<\/strong> (Espace Unique de Paiements en Euros), qui permet des virements en euros rapides et efficaces. En plus des pays de l&#8217;UE, la zone SEPA inclut les pays suivants : Andorre, Cit\u00e9 du Vatican, Islande, Liechtenstein, Monaco, Norv\u00e8ge, Royaume-Uni, Saint-Marin et Suisse.<br><br>Les virements depuis ces pays peuvent \u00eatre imm\u00e9diats ou prendre au maximum <strong>1 ou 2 jours ouvrables<\/strong>. Les frais sont g\u00e9n\u00e9ralement tr\u00e8s bas ou m\u00eame, dans certains cas, gratuits, selon les conditions de chaque banque.<\/p><\/div><\/div><\/div>\n\n\n<div style=\"height:48px\" aria-hidden=\"true\" class=\"wp-block-spacer\"><\/div>\n\n\n\n<h2 class=\"wp-block-heading\">Note<\/h2>\n\n\n\n<p><strong>D\u00e9lai de Traitement :<\/strong> Les virements au sein de l&#8217;Union Europ\u00e9enne et de la zone SEPA se refl\u00e8tent g\u00e9n\u00e9ralement sur notre compte en <strong>1 \u00e0 2 jours ouvrables<\/strong>. Les virements internationaux peuvent prendre jusqu&#8217;\u00e0 <strong>5 jours ouvrables<\/strong>.<\/p>\n\n\n\n<p><strong>Frais Bancaires :<\/strong> Assure-toi de couvrir tous les frais que ta banque pourrait appliquer afin que nous recevions le montant exact de ta commande.<\/p>\n\n\n\n<div style=\"height:48px\" aria-hidden=\"true\" class=\"wp-block-spacer\"><\/div>\n","protected":false},"excerpt":{"rendered":"<p>Chez Bulk Genetics, on te propose l&#8217;option de paiement par virement bancaire pour ta commodit\u00e9. Ci-dessous, tu trouveras nos comptes bancaires selon la devise de ton choix. Assure-toi d&#8217;utiliser le compte correspondant \u00e0 la monnaie avec laquelle tu souhaites payer. Comptes pour les Paiements en Euros (\u20ac) au sein de l&#8217;Union Europ\u00e9enne et des pays [&hellip;]<\/p>\n","protected":false},"author":1,"featured_media":0,"parent":0,"menu_order":0,"comment_status":"closed","ping_status":"closed","template":"template-fullwidth.php","meta":{"_acf_changed":false,"inline_featured_image":false,"_uag_custom_page_level_css":"","footnotes":""},"class_list":["post-28526","page","type-page","status-publish","hentry"],"acf":[],"uagb_featured_image_src":{"full":false,"thumbnail":false,"medium":false,"medium_large":false,"large":false,"1536x1536":false,"2048x2048":false,"commercegurus-pdp-large":false,"commercegurus-plp-mobile":false,"cgkit_image_swatch":false,"woocommerce_thumbnail":false,"woocommerce_single":false,"woocommerce_gallery_thumbnail":false,"dgwt-wcas-product-suggestion":false},"uagb_author_info":{"display_name":"Chris","author_link":"https:\/\/bulkgenetics.com\/fr\/author\/chriscarter\/"},"uagb_comment_info":0,"uagb_excerpt":"Chez Bulk Genetics, on te propose l&#8217;option de paiement par virement bancaire pour ta commodit\u00e9. Ci-dessous, tu trouveras nos comptes bancaires selon la devise de ton choix. Assure-toi d&#8217;utiliser le compte correspondant \u00e0 la monnaie avec laquelle tu souhaites payer. Comptes pour les Paiements en Euros (\u20ac) au sein de l&#8217;Union Europ\u00e9enne et des pays\u2026","_links":{"self":[{"href":"https:\/\/bulkgenetics.com\/fr\/wp-json\/wp\/v2\/pages\/28526","targetHints":{"allow":["GET"]}}],"collection":[{"href":"https:\/\/bulkgenetics.com\/fr\/wp-json\/wp\/v2\/pages"}],"about":[{"href":"https:\/\/bulkgenetics.com\/fr\/wp-json\/wp\/v2\/types\/page"}],"author":[{"embeddable":true,"href":"https:\/\/bulkgenetics.com\/fr\/wp-json\/wp\/v2\/users\/1"}],"replies":[{"embeddable":true,"href":"https:\/\/bulkgenetics.com\/fr\/wp-json\/wp\/v2\/comments?post=28526"}],"version-history":[{"count":0,"href":"https:\/\/bulkgenetics.com\/fr\/wp-json\/wp\/v2\/pages\/28526\/revisions"}],"wp:attachment":[{"href":"https:\/\/bulkgenetics.com\/fr\/wp-json\/wp\/v2\/media?parent=28526"}],"curies":[{"name":"wp","href":"https:\/\/api.w.org\/{rel}","templated":true}]}}