{"id":9325,"date":"2022-09-05T19:34:09","date_gmt":"2022-09-05T17:34:09","guid":{"rendered":"https:\/\/www.bulkgenetics.com\/politique-de-confidentialite\/"},"modified":"2023-02-02T17:02:56","modified_gmt":"2023-02-02T16:02:56","slug":"politique-de-confidentialite","status":"publish","type":"page","link":"https:\/\/bulkgenetics.com\/fr\/politique-de-confidentialite\/","title":{"rendered":"Politique de confidentialit\u00e9"},"content":{"rendered":"\n<p>Ce que nous faisons et ne faisons pas avec vos donn\u00e9es personnelles sur ce site Web peut \u00eatre trouv\u00e9 ici.<\/p>\n\n\n\n<p>Cette politique d\u00e9finit comment nous traiterons et prot\u00e9gerons les informations personnelles de tous les individus qui interagissent avec BULK GENETICS \u00e0 travers ce site web. Veuillez lire l&#8217;int\u00e9gralit\u00e9 de l&#8217;avis juridique, de la politique en mati\u00e8re de cookies et de la pr\u00e9sente politique de confidentialit\u00e9 avant d&#8217;utiliser ce site web.<\/p>\n\n\n\n<p>Conform\u00e9ment aux dispositions du r\u00e8glement UE 2016\/679, du Parlement europ\u00e9en et du Conseil du 27 avril 2016 (RGPD) et de la loi organique 3\/2018, du 5 d\u00e9cembre, sur la protection des donn\u00e9es personnelles et la garantie des droits num\u00e9riques, Global Web Market SL, vous informe qu&#8217;en acceptant la pr\u00e9sente politique de confidentialit\u00e9, vous donnez votre consentement expr\u00e8s, \u00e9clair\u00e9, libre et sans \u00e9quivoque pour les donn\u00e9es que vous fournissez, et sur lesquelles des mesures de s\u00e9curit\u00e9, techniques et organisationnelles s&#8217;appliquent, comme le pr\u00e9voit la l\u00e9gislation en vigueur, tu donnes ton consentement expr\u00e8s, inform\u00e9, libre et sans \u00e9quivoque pour que les Donn\u00e9es que tu fournis, et sur lesquelles sont appliqu\u00e9es les mesures de s\u00e9curit\u00e9, techniques et organisationnelles pr\u00e9vues par la r\u00e9glementation en vigueur, soient trait\u00e9es par Global Web Market SL, en tant que responsable du traitement.<\/p>\n\n\n\n<h2 class=\"wp-block-heading\">Qui est responsable de ce site Web ?<\/h2>\n\n\n\n<ul class=\"wp-block-list\">\n<li><strong>Identit\u00e9 du responsable :<\/strong> Global Web Market SL<\/li>\n\n\n\n<li><strong>Nom commercial :<\/strong> BULK GENETICS<\/li>\n\n\n\n<li><strong>NIF\/CIF :<\/strong> {Num\u00e9ro de NIF\/CIF de l&#8217;\u00c9tat}<\/li>\n\n\n\n<li><strong>Adresse :<\/strong> Calle Gandia, 2 local 12 &#8211; 03509 Finestrat (Alicante) Espagne<\/li>\n\n\n\n<li><strong>Courriel :<\/strong> info@bulkgenetics.com<\/li>\n\n\n\n<li><strong>Activit\u00e9 :<\/strong> Vente de graines<\/li>\n\n\n\n<li><strong>Coordonn\u00e9es du responsable du traitement des donn\u00e9es ou du repr\u00e9sentant, et du d\u00e9l\u00e9gu\u00e9 \u00e0 la protection des donn\u00e9es<\/strong> le cas \u00e9ch\u00e9ant : adresse postale, adresse e-mail ou URL redirigeant vers un formulaire de contact \u00e9lectronique, num\u00e9ro de t\u00e9l\u00e9phone.<\/li>\n\n\n\n<li><strong>Enregistr\u00e9 au registre du commerce<\/strong> de (si applicable) {sp\u00e9cifier la ville}, en volume {sp\u00e9cifier le volume}, livre {sp\u00e9cifier le livre}, folio {sp\u00e9cifier le folio} et page {sp\u00e9cifier la page}, le {sp\u00e9cifier la date jj-mm-aaaa}.<\/li>\n<\/ul>\n\n\n\n<h2 class=\"wp-block-heading\">Quelles donn\u00e9es personnelles sont collect\u00e9es sur ce site Web ?<\/h2>\n\n\n\n<p>Aux fins \u00e9nonc\u00e9es dans la pr\u00e9sente politique de confidentialit\u00e9, BULK GENETICS collecte et traite les Donn\u00e9es personnelles d\u00e9taill\u00e9es ci-dessous, qui d\u00e9pendront des diff\u00e9rents produits ou services que tu demandes sur ce site Web :<\/p>\n\n\n\n<p><strong>Donn\u00e9es d&#8217;identification :<\/strong> nom, pr\u00e9nom, nom de famille.<\/p>\n\n\n\n<p><strong>Coordonn\u00e9es<\/strong>: adresse postale, adresse e-mail, num\u00e9ro de t\u00e9l\u00e9phone portable.<\/p>\n\n\n\n<p><strong>Donn\u00e9es contractuelles :<\/strong> donn\u00e9es sur les transactions contractuelles, DNI, produits et services achet\u00e9s, transactions financi\u00e8res, donn\u00e9es de paiement.<\/p>\n\n\n\n<p><strong>Donn\u00e9es de navigation<\/strong>: adresse IP, type et identification de l&#8217;appareil, type de navigateur, domaine par lequel tu acc\u00e8des au Site Internet, donn\u00e9es de navigation, activit\u00e9 sur le Site Internet.<\/p>\n\n\n\n<h2 class=\"wp-block-heading\">Sur quelle base juridique ces donn\u00e9es sont-elles trait\u00e9es ?<\/h2>\n\n\n\n<p>Nous traitons tes donn\u00e9es personnelles sur les bases l\u00e9gales suivantes :<\/p>\n\n\n\n<ul class=\"wp-block-list\">\n<li><strong>L&#8217;ex\u00e9cution d&#8217;un contrat avec BULK <\/strong>GENETICS<strong>, <\/strong>pour contracter des services, publier des annonces et g\u00e9rer les services demand\u00e9s.<\/li>\n<\/ul>\n\n\n\n<ul class=\"wp-block-list\">\n<li>Le <strong>consentement<\/strong> de l&#8217;utilisateur par rapport au contact, \u00e0 l&#8217;abonnement au contenu et \u00e0 l&#8217;envoi de communications commerciales, par le biais d&#8217;emails, de cookies ou de syst\u00e8mes de messagerie.<\/li>\n<\/ul>\n\n\n\n<ul class=\"wp-block-list\">\n<li><strong>L&#8217;int\u00e9r\u00eat l\u00e9gitime<\/strong> du responsable du traitement des donn\u00e9es \u00e0 prot\u00e9ger les utilisateurs du site web de BULK GENETICS contre les abus et la fraude dans l&#8217;utilisation de nos services.<\/li>\n<\/ul>\n\n\n\n<h2 class=\"wp-block-heading\">\u00c0 quelles fins allons-nous traiter vos donn\u00e9es ?<\/h2>\n\n\n\n<p>Sur ce site, il existe diff\u00e9rents formulaires, dans chacun d&#8217;eux, les informations recueillies seront utilis\u00e9es de la mani\u00e8re suivante :<\/p>\n\n\n\n<p><strong>Formulaires d&#8217;abonnement au contenu : <\/strong>il existe plusieurs formulaires pour activer l&#8217;abonnement. Les donn\u00e9es fournies seront utilis\u00e9es exclusivement pour envoyer la Newsletter et te tenir au courant des nouvelles et des offres sp\u00e9ciales, exclusivement pour les abonn\u00e9s de bulkgenetics.com.<\/p>\n\n\n\n<p><strong>Formulaire de commentaires\/r\u00e9troaction<\/strong>: Les donn\u00e9es personnelles saisies dans le formulaire pour ins\u00e9rer ces commentaires\/opinions seront utilis\u00e9es exclusivement pour les mod\u00e9rer et les publier.<\/p>\n\n\n\n<p><strong>Formulaire de contact :<\/strong> Il y a aussi un formulaire de contact pour les questions, les suggestions ou les contacts professionnels. Dans ce cas, l&#8217;adresse e-mail sera utilis\u00e9e pour r\u00e9pondre \u00e0 ces derniers et pour envoyer les informations que l&#8217;utilisateur demande par le biais du site Web.<\/p>\n\n\n\n<p><strong>Formulaire d&#8217;inscription :<\/strong> Dans ce cas, nous demandons les donn\u00e9es personnelles suivantes : Nom, Email, afin que tu puisses cr\u00e9er un compte dans notre syst\u00e8me et donner acc\u00e8s \u00e0 ses fonctionnalit\u00e9s.<\/p>\n\n\n\n<p><strong>Formulaire de vente<\/strong>: Je traite \u00e9galement les donn\u00e9es pour g\u00e9rer l&#8217;achat de graines de cannabis sativa, y compris la gestion de la commande, le paiement et toutes les op\u00e9rations li\u00e9es \u00e0 la contractualisation du service ou du produit choisi. Cela inclut l&#8217;envoi d&#8217;emails de suivi, de r\u00e9ponses, de factures, de re\u00e7us, etc.<\/p>\n\n\n\n<p><strong>Formulaire d&#8217;affiliation \u00e9lev\u00e9<\/strong>: Nous demandons les donn\u00e9es des affili\u00e9s, y compris les donn\u00e9es de paiement pour g\u00e9rer l&#8217;inscription des affili\u00e9s et r\u00e9gler les commissions correspondantes.<\/p>\n\n\n\n<h2 class=\"wp-block-heading\">P\u00e9riode de conservation des donn\u00e9es personnelles<\/h2>\n\n\n\n<p><strong>Donn\u00e9es sur les clients :<\/strong> La p\u00e9riode de conservation des donn\u00e9es personnelles varie en fonction du service contract\u00e9 par le client. Dans tous les cas, il s&#8217;agit du minimum n\u00e9cessaire et peut \u00eatre maintenu jusqu&#8217;\u00e0 :<\/p>\n\n\n\n<p>&#8211; 4 ans : Loi sur les d\u00e9lits et les peines dans l&#8217;ordre social (obligations concernant l&#8217;affiliation, les inscriptions, les r\u00e9siliations, les cotisations, le paiement des salaires&#8230;) ; Arts. 66 et suivants. Droit fiscal g\u00e9n\u00e9ral (livres de comptabilit\u00e9&#8230;).<\/p>\n\n\n\n<p>&#8211; 5 ans : Art. 1964 du Code civil (actions personnelles sans d\u00e9lai sp\u00e9cial).<\/p>\n\n\n\n<p>&#8211; 6 ans : Art. 30 du Code du commerce (livres de comptabilit\u00e9, factures&#8230;).<\/p>\n\n\n\n<p>&#8211; 10 ans : Art. 25 de la loi sur la pr\u00e9vention du blanchiment d&#8217;argent et du financement du terrorisme.<\/p>\n\n\n\n<p><strong>Donn\u00e9es de l&#8217;abonn\u00e9<\/strong>: Du moment o\u00f9 l&#8217;utilisateur s&#8217;abonne jusqu&#8217;\u00e0 ce qu&#8217;il se d\u00e9sabonne.<\/p>\n\n\n\n<p><strong>Donn\u00e9es des clients potentiels<\/strong>: les donn\u00e9es seront conserv\u00e9es dans tous les cas pendant la dur\u00e9e de la relation commerciale \u00e9tablie et, une fois celle-ci termin\u00e9e, pendant deux ans, sauf si l&#8217;utilisateur demande leur suppression au pr\u00e9alable.<\/p>\n\n\n\n<h2 class=\"wp-block-heading\">Quels sont tes droits concernant l&#8217;utilisation de vos donn\u00e9es ?<\/h2>\n\n\n\n<p>Toute personne a le droit d&#8217;obtenir la confirmation que BULK GENETICS traite ou non des donn\u00e9es personnelles la concernant.<\/p>\n\n\n\n<p>Les personnes int\u00e9ress\u00e9es ont le droit de :<\/p>\n\n\n\n<ul class=\"wp-block-list\">\n<li>Demande l&#8217;acc\u00e8s aux donn\u00e9es personnelles relatives \u00e0 la personne concern\u00e9e.<\/li>\n\n\n\n<li>Demande sa rectification ou son effacement.<\/li>\n\n\n\n<li>Demande son annulation.<\/li>\n\n\n\n<li>Demande la restriction de leur traitement.<\/li>\n\n\n\n<li>Traitement oppos\u00e9.<\/li>\n\n\n\n<li>Demande la portabilit\u00e9 des donn\u00e9es.<\/li>\n<\/ul>\n\n\n\n<p>Si tu as donn\u00e9 ton consentement dans un but pr\u00e9cis, tu as le droit de retirer ton consentement \u00e0 tout moment, sans que cela n&#8217;affecte la l\u00e9galit\u00e9 du traitement fond\u00e9 sur ton consentement avant son retrait.<\/p>\n\n\n\n<p>Si tu estimes que tes droits concernant la protection de tes donn\u00e9es personnelles ont \u00e9t\u00e9 viol\u00e9s, en particulier si tu n&#8217;as pas obtenu satisfaction dans l&#8217;exercice de tes droits, tu peux d\u00e9poser une plainte aupr\u00e8s de l&#8217;Autorit\u00e9 de contr\u00f4le de la protection des donn\u00e9es comp\u00e9tente via son site Internet :  <a href=\"https:\/\/www.aepd.es\/es\" target=\"_blank\" rel=\"noopener\"><em><u>https:\/\/www.aepd.es\/es<\/u><\/em><\/a><\/p>\n\n\n\n<p>Pour exercer ces droits, \u00e9cris \u00e0 <a href=\"mailto:info@bulkgenetics.com\">info@bulkgenetics.com.<\/a><\/p>\n\n\n\n<p><strong>Il y a un formulaire pour l&#8217;exercice de tes droits<\/strong>, tu peux le demander par email ou si tu pr\u00e9f\u00e8res, tu peux utiliser <a href=\"https:\/\/www.aepd.es\/es\/derechos-y-deberes\/conoce-tus-derechos\" target=\"_blank\" rel=\"noopener\"><em><u>celles \u00e9labor\u00e9es par l&#8217;Agence espagnole de protection des donn\u00e9es ou par des tiers.<\/u><\/em><\/a><\/p>\n\n\n\n<p>Ces formulaires doivent \u00eatre sign\u00e9s \u00e9lectroniquement ou \u00eatre accompagn\u00e9s d&#8217;une photocopie de la carte d&#8217;identit\u00e9.<\/p>\n\n\n\n<p>Si tu es repr\u00e9sent\u00e9 par quelqu&#8217;un, tu dois joindre une copie de ta carte d&#8217;identit\u00e9, ou le document doit \u00eatre sign\u00e9 avec ta signature \u00e9lectronique.<\/p>\n\n\n\n<p>Les formulaires peuvent \u00eatre soumis en personne, par lettre ou par courrier \u00e0 l&#8217;adresse de la personne responsable au d\u00e9but de ce texte.<\/p>\n\n\n\n<h2 class=\"wp-block-heading\">Notification et d\u00e9claration de violation de s\u00e9curit\u00e9<\/h2>\n\n\n\n<p>Dans Global Web Market SL, nous assumons des mesures de s\u00e9curit\u00e9 appropri\u00e9es au niveau de risque pour prot\u00e9ger les informations personnelles contre la perte, l&#8217;utilisation abusive et l&#8217;acc\u00e8s, la divulgation, l&#8217;alt\u00e9ration et la destruction non autoris\u00e9s, en tenant compte des risques li\u00e9s au traitement et \u00e0 la nature des informations personnelles ; Cependant, si Global Web Market SL, d\u00e9termine que tes donn\u00e9es de service ont \u00e9t\u00e9 d\u00e9tourn\u00e9es (y compris par un employ\u00e9 de Global Web Market SL, expos\u00e9es par une faille de s\u00e9curit\u00e9 ou acquises de mani\u00e8re inappropri\u00e9e par un tiers, Global Web Market SL t&#8217;informera rapidement de cette faille de s\u00e9curit\u00e9, de ce d\u00e9tournement ou de cette acquisition inappropri\u00e9e.<\/p>\n\n\n\n<h2 class=\"wp-block-heading\">\u00c0 quels destinataires vos donn\u00e9es seront-elles communiqu\u00e9es ?<\/h2>\n\n\n\n<p>De nombreux outils utilis\u00e9s sur ce site Web pour g\u00e9rer les donn\u00e9es sont sous contrat avec des tiers. Afin de fournir les services strictement n\u00e9cessaires au d\u00e9veloppement de l&#8217;activit\u00e9, Global Web Market SL partage les donn\u00e9es avec les fournisseurs suivants, selon leurs conditions de confidentialit\u00e9 correspondantes :<\/p>\n\n\n\n<p>Les fournisseurs de services tiers (par exemple, les services de traitement des paiements, le traitement des commandes, les analyses, la gestion des campagnes de marketing, la gestion du site Web et la distribution d&#8217;e-mails et autres fournisseurs de services similaires) afin qu&#8217;ils puissent ex\u00e9cuter des fonctions commerciales au nom de Global Web Market SL.<\/p>\n\n\n\n<p>Ce site Web peut \u00eatre consult\u00e9 occasionnellement par la soci\u00e9t\u00e9 de d\u00e9veloppement et de maintenance du site Web, ou par la soci\u00e9t\u00e9 d&#8217;h\u00e9bergement. Ils ont sign\u00e9 un contrat de prestation de services qui les oblige \u00e0 maintenir le m\u00eame niveau de confidentialit\u00e9 que celui qui est appliqu\u00e9 au traitement effectu\u00e9 sur ce site Web.<\/p>\n\n\n\n<p>Tout transfert international de donn\u00e9es d\u00e9riv\u00e9es de l&#8217;utilisation d&#8217;outils ou de prestataires de services sera soumis \u00e0 l&#8217;accord <a href=\"https:\/\/www.privacyshield.gov\/welcome\" target=\"_blank\" rel=\"noopener\">Privacy Shield<\/a>, qui garantit que les entreprises am\u00e9ricaines de logiciels respectent les politiques europ\u00e9ennes de protection des donn\u00e9es en mati\u00e8re de confidentialit\u00e9, de secret et de s\u00e9curit\u00e9 des donn\u00e9es.<\/p>\n\n\n\n<p>Plus pr\u00e9cis\u00e9ment, ce site Web utilise les outils suivants :<\/p>\n\n\n\n<ul class=\"wp-block-list\">\n<li>Outil de marketing par courriel : Omnisend<\/li>\n\n\n\n<li>Outil de facturation : En attente<\/li>\n\n\n\n<li>Outils d&#8217;analyse Google Analytics et Plausible<\/li>\n\n\n\n<li>Outil de chat en ligne : Help Scout<\/li>\n<\/ul>\n\n\n\n<p>Liens affili\u00e9s et publicit\u00e9<\/p>\n\n\n\n<p>Ce site Web propose \u00e0 l&#8217;Utilisateur du contenu sponsoris\u00e9, des publicit\u00e9s et\/ou des liens affili\u00e9s.<\/p>\n\n\n\n<p>Parmi les liens que tu peux trouver, il y a la possibilit\u00e9 d&#8217;informer et de faire r\u00e9f\u00e9rence \u00e0 des produits et\/ou services et\/ou infoproduits de tiers. Les informations figurant dans ces liens d&#8217;affiliation ou publicit\u00e9s sont fournies par les annonceurs eux-m\u00eames et bulkgenetics.com n&#8217;accepte aucune responsabilit\u00e9 pour toute inexactitude ou erreur dans les publicit\u00e9s. bulkgenetics.com ne peut pas non plus garantir l&#8217;exp\u00e9rience, l&#8217;int\u00e9grit\u00e9 ou la responsabilit\u00e9 des annonceurs, ni la qualit\u00e9 de leurs produits et\/ou services, mais recommandera toujours les produits ou services que bulkgenetics.com et son personnel ont test\u00e9s.<\/p>\n\n\n\n<p>En outre, les annonces resteront publi\u00e9es sur le portail jusqu&#8217;\u00e0 ce qu&#8217;elles soient supprim\u00e9es ou suspendues par l&#8217;annonceur ou par bulkgenetics.com, qui n&#8217;est logiquement pas responsable du fait que, une fois les annonces supprim\u00e9es de ses bases de donn\u00e9es, elles continuent d&#8217;\u00eatre index\u00e9es dans des moteurs de recherche ext\u00e9rieurs \u00e0 ce portail.<\/p>\n\n\n\n<p>Tous les utilisateurs doivent comprendre que toute relation contractuelle ou extracontractuelle entre l&#8217;utilisateur et les annonceurs, les affili\u00e9s ou les tiers contact\u00e9s par le biais de ce site Web, sont compris comme \u00e9tant uniquement et exclusivement entre l&#8217;utilisateur et l&#8217;annonceur et\/ou le tiers. bulkgenetics.com n&#8217;agit qu&#8217;en tant que canal ou support publicitaire et n&#8217;est donc pas responsable des dommages de toute nature caus\u00e9s par ses n\u00e9gociations, conversations et\/ou relations contractuelles ou extracontractuelles avec les annonceurs ou les tiers contact\u00e9s par le biais de ce site Web.<\/p>\n\n\n\n<h2 class=\"wp-block-heading\">Secret et s\u00e9curit\u00e9 des donn\u00e9es<\/h2>\n\n\n\n<p>bulkgenetics.com s&#8217;engage \u00e0 utiliser et \u00e0 traiter les donn\u00e9es personnelles de l&#8217;utilisateur, en respectant leur confidentialit\u00e9, conform\u00e9ment \u00e0 leur finalit\u00e9 ; ainsi qu&#8217;\u00e0 respecter son obligation de les stocker et \u00e0 adapter toutes les mesures pour \u00e9viter leur alt\u00e9ration, leur perte, leur traitement ou leur acc\u00e8s non autoris\u00e9, conform\u00e9ment aux dispositions de la l\u00e9gislation en vigueur sur la protection des donn\u00e9es.<\/p>\n\n\n\n<p>Ce site Web comprend un certificat SSL. C&#8217;est un protocole de s\u00e9curit\u00e9 qui fait voyager tes donn\u00e9es de mani\u00e8re int\u00e9grale et s\u00e9curis\u00e9e ; c&#8217;est-\u00e0-dire que la transmission des donn\u00e9es entre un serveur et l&#8217;internaute, et en retour est enti\u00e8rement crypt\u00e9e ou chiffr\u00e9e.<\/p>\n\n\n\n<p>bulkgenetics.com ne peut pas garantir l&#8217;impr\u00e9gnabilit\u00e9 absolue du r\u00e9seau Internet, ni, par cons\u00e9quent, la violation des donn\u00e9es par un acc\u00e8s frauduleux \u00e0 celles-ci par des tiers.<\/p>\n\n\n\n<p>En ce qui concerne la confidentialit\u00e9 du traitement, Global Web Market SL veillera \u00e0 ce que toute personne autoris\u00e9e par Global Web Market SL \u00e0 traiter les donn\u00e9es du client (y compris son personnel, ses collaborateurs et ses prestataires de services), soit soumise \u00e0 une obligation de confidentialit\u00e9 appropri\u00e9e (qu&#8217;il s&#8217;agisse d&#8217;une obligation contractuelle ou l\u00e9gale).<\/p>\n\n\n\n<p>Lorsqu&#8217;un Incident de s\u00e9curit\u00e9 se produit, d\u00e8s qu&#8217;il en a connaissance, Global Web Market SL en informe le Client sans retard excessif et fournit en temps utile des informations li\u00e9es \u00e0 l&#8217;Incident de s\u00e9curit\u00e9 d\u00e8s qu&#8217;il est connu, ou lorsque le Client le demande raisonnablement.<\/p>\n\n\n\n<h2 class=\"wp-block-heading\">Exactitude et v\u00e9racit\u00e9 des donn\u00e9es<\/h2>\n\n\n\n<p>En tant qu&#8217;utilisateur, tu es seul responsable de la v\u00e9racit\u00e9 et de l&#8217;exactitude des donn\u00e9es que tu soumets \u00e0 bulkgenetics.com, exon\u00e9rant Global Web Market SL (BULK GENETICS) de toute responsabilit\u00e9 \u00e0 cet \u00e9gard. Les utilisateurs garantissent et sont responsables, dans tous les cas, de l&#8217;exactitude, de la validit\u00e9 et de l&#8217;authenticit\u00e9 des donn\u00e9es personnelles fournies, et s&#8217;engagent \u00e0 les maintenir d\u00fbment mises \u00e0 jour. L&#8217;utilisateur accepte de fournir des informations compl\u00e8tes et correctes dans le formulaire de contact ou d&#8217;abonnement.<\/p>\n\n\n\n<h2 class=\"wp-block-heading\">R\u00e9vocabilit\u00e9<\/h2>\n\n\n\n<p>Le consentement donn\u00e9, tant pour le traitement que pour le transfert des donn\u00e9es des int\u00e9ress\u00e9s, peut \u00eatre r\u00e9voqu\u00e9 \u00e0 tout moment en le notifiant \u00e0 Global Web Market SL (BULK GENETICS) dans les termes \u00e9tablis dans la pr\u00e9sente Politique pour l&#8217;exercice des droits ARCO. Cette r\u00e9vocation ne sera en aucun cas r\u00e9troactive.<\/p>\n\n\n\n<h2 class=\"wp-block-heading\">Modifications de la politique de confidentialit\u00e9<\/h2>\n\n\n\n<p>Global Web Market SL se r\u00e9serve le droit de modifier cette politique pour l&#8217;adapter \u00e0 une nouvelle l\u00e9gislation ou jurisprudence, ainsi qu&#8217;aux pratiques du secteur. Dans ce cas, elle annonce sur cette page les modifications introduites raisonnablement avant leur mise en \u0153uvre.<\/p>\n","protected":false},"excerpt":{"rendered":"<p>Ce que nous faisons et ne faisons pas avec vos donn\u00e9es personnelles sur ce site Web peut \u00eatre trouv\u00e9 ici. Cette politique d\u00e9finit comment nous traiterons et prot\u00e9gerons les informations personnelles de tous les individus qui interagissent avec BULK GENETICS \u00e0 travers ce site web. Veuillez lire l&#8217;int\u00e9gralit\u00e9 de l&#8217;avis juridique, de la politique en [&hellip;]<\/p>\n","protected":false},"author":1,"featured_media":0,"parent":0,"menu_order":0,"comment_status":"closed","ping_status":"open","template":"template-fullwidth-contained.php","meta":{"_acf_changed":false,"inline_featured_image":false,"_uag_custom_page_level_css":"","footnotes":""},"class_list":["post-9325","page","type-page","status-publish","hentry"],"acf":[],"uagb_featured_image_src":{"full":false,"thumbnail":false,"medium":false,"medium_large":false,"large":false,"1536x1536":false,"2048x2048":false,"commercegurus-pdp-large":false,"commercegurus-plp-mobile":false,"cgkit_image_swatch":false,"woocommerce_thumbnail":false,"woocommerce_single":false,"woocommerce_gallery_thumbnail":false,"dgwt-wcas-product-suggestion":false},"uagb_author_info":{"display_name":"Chris","author_link":"https:\/\/bulkgenetics.com\/fr\/author\/chriscarter\/"},"uagb_comment_info":0,"uagb_excerpt":"Ce que nous faisons et ne faisons pas avec vos donn\u00e9es personnelles sur ce site Web peut \u00eatre trouv\u00e9 ici. Cette politique d\u00e9finit comment nous traiterons et prot\u00e9gerons les informations personnelles de tous les individus qui interagissent avec BULK GENETICS \u00e0 travers ce site web. Veuillez lire l&#8217;int\u00e9gralit\u00e9 de l&#8217;avis juridique, de la politique en\u2026","_links":{"self":[{"href":"https:\/\/bulkgenetics.com\/fr\/wp-json\/wp\/v2\/pages\/9325","targetHints":{"allow":["GET"]}}],"collection":[{"href":"https:\/\/bulkgenetics.com\/fr\/wp-json\/wp\/v2\/pages"}],"about":[{"href":"https:\/\/bulkgenetics.com\/fr\/wp-json\/wp\/v2\/types\/page"}],"author":[{"embeddable":true,"href":"https:\/\/bulkgenetics.com\/fr\/wp-json\/wp\/v2\/users\/1"}],"replies":[{"embeddable":true,"href":"https:\/\/bulkgenetics.com\/fr\/wp-json\/wp\/v2\/comments?post=9325"}],"version-history":[{"count":0,"href":"https:\/\/bulkgenetics.com\/fr\/wp-json\/wp\/v2\/pages\/9325\/revisions"}],"wp:attachment":[{"href":"https:\/\/bulkgenetics.com\/fr\/wp-json\/wp\/v2\/media?parent=9325"}],"curies":[{"name":"wp","href":"https:\/\/api.w.org\/{rel}","templated":true}]}}