{"id":9418,"date":"2020-10-09T13:39:05","date_gmt":"2020-10-09T11:39:05","guid":{"rendered":"https:\/\/www.bulkgenetics.com\/a-propos-de\/"},"modified":"2023-02-02T15:16:04","modified_gmt":"2023-02-02T14:16:04","slug":"a-propos-de","status":"publish","type":"page","link":"https:\/\/bulkgenetics.com\/fr\/a-propos-de\/","title":{"rendered":"\u00c0 propos de nous"},"content":{"rendered":"\n<p>Bulk Genetics est une boutique en ligne sp\u00e9cialis\u00e9e dans la vente de graines de cannabis en vrac de haute qualit\u00e9. Nous avons les meilleurs \u00e9leveurs qui g\u00e8rent un large \u00e9ventail de g\u00e9n\u00e9tiques hollandaises, am\u00e9ricaines et, bien s\u00fbr, espagnoles, ainsi que d&#8217;autres pays comme le Royaume-Uni, la Suisse, la France, le Maroc\u2026 De plus, ils ont de nombreuses ann\u00e9es d&#8217;exp\u00e9rience dans la s\u00e9lection, car ils ont travaill\u00e9 et travaillent pour des banques de semences reconnues. Ainsi, chez Bulk Genetics, vous pourrez acheter des graines de pratiquement toutes les vari\u00e9t\u00e9s, et au meilleur prix. Nous avons \u00e9galement des prix sp\u00e9ciaux pour les grow shops, les banques de graines ou les clients professionnels. Nous sommes distributeurs\/grossistes de graines en vrac. Renseignez-vous sur nos prix pour les grandes quantit\u00e9s pour les magasins ou les banques.<\/p>\n\n\n\n<figure class=\"wp-block-image alignwide size-large is-style-default\"><img loading=\"lazy\" decoding=\"async\" width=\"1024\" height=\"644\" src=\"https:\/\/bulkgenetics.com\/wp-content\/uploads\/2023\/01\/bulk-genetics-seeds-1024x644.jpg\" alt=\"\" class=\"wp-image-13823\" srcset=\"https:\/\/bulkgenetics.com\/wp-content\/uploads\/2023\/01\/bulk-genetics-seeds-1024x644.jpg 1024w, https:\/\/bulkgenetics.com\/wp-content\/uploads\/2023\/01\/bulk-genetics-seeds-300x189.jpg 300w, https:\/\/bulkgenetics.com\/wp-content\/uploads\/2023\/01\/bulk-genetics-seeds-768x483.jpg 768w, https:\/\/bulkgenetics.com\/wp-content\/uploads\/2023\/01\/bulk-genetics-seeds-1536x965.jpg 1536w, https:\/\/bulkgenetics.com\/wp-content\/uploads\/2023\/01\/bulk-genetics-seeds-990x622.jpg 990w, https:\/\/bulkgenetics.com\/wp-content\/uploads\/2023\/01\/bulk-genetics-seeds-441x277.jpg 441w, https:\/\/bulkgenetics.com\/wp-content\/uploads\/2023\/01\/bulk-genetics-seeds-800x503.jpg 800w, https:\/\/bulkgenetics.com\/wp-content\/uploads\/2023\/01\/bulk-genetics-seeds-150x94.jpg 150w, https:\/\/bulkgenetics.com\/wp-content\/uploads\/2023\/01\/bulk-genetics-seeds-64x40.jpg 64w, https:\/\/bulkgenetics.com\/wp-content\/uploads\/2023\/01\/bulk-genetics-seeds.jpg 2000w\" sizes=\"auto, (max-width: 1024px) 100vw, 1024px\" \/><\/figure>\n","protected":false},"excerpt":{"rendered":"<p>Bulk Genetics est une boutique en ligne sp\u00e9cialis\u00e9e dans la vente de graines de cannabis en vrac de haute qualit\u00e9. Nous avons les meilleurs \u00e9leveurs qui g\u00e8rent un large \u00e9ventail de g\u00e9n\u00e9tiques hollandaises, am\u00e9ricaines et, bien s\u00fbr, espagnoles, ainsi que d&#8217;autres pays comme le Royaume-Uni, la Suisse, la France, le Maroc\u2026 De plus, ils ont [&hellip;]<\/p>\n","protected":false},"author":1,"featured_media":0,"parent":0,"menu_order":0,"comment_status":"closed","ping_status":"closed","template":"template-fullwidth-contained.php","meta":{"_acf_changed":false,"inline_featured_image":false,"_uag_custom_page_level_css":"","footnotes":""},"class_list":["post-9418","page","type-page","status-publish","hentry"],"acf":[],"uagb_featured_image_src":{"full":false,"thumbnail":false,"medium":false,"medium_large":false,"large":false,"1536x1536":false,"2048x2048":false,"commercegurus-pdp-large":false,"commercegurus-plp-mobile":false,"cgkit_image_swatch":false,"woocommerce_thumbnail":false,"woocommerce_single":false,"woocommerce_gallery_thumbnail":false,"dgwt-wcas-product-suggestion":false},"uagb_author_info":{"display_name":"Chris","author_link":"https:\/\/bulkgenetics.com\/fr\/author\/chriscarter\/"},"uagb_comment_info":0,"uagb_excerpt":"Bulk Genetics est une boutique en ligne sp\u00e9cialis\u00e9e dans la vente de graines de cannabis en vrac de haute qualit\u00e9. Nous avons les meilleurs \u00e9leveurs qui g\u00e8rent un large \u00e9ventail de g\u00e9n\u00e9tiques hollandaises, am\u00e9ricaines et, bien s\u00fbr, espagnoles, ainsi que d&#8217;autres pays comme le Royaume-Uni, la Suisse, la France, le Maroc\u2026 De plus, ils ont\u2026","_links":{"self":[{"href":"https:\/\/bulkgenetics.com\/fr\/wp-json\/wp\/v2\/pages\/9418","targetHints":{"allow":["GET"]}}],"collection":[{"href":"https:\/\/bulkgenetics.com\/fr\/wp-json\/wp\/v2\/pages"}],"about":[{"href":"https:\/\/bulkgenetics.com\/fr\/wp-json\/wp\/v2\/types\/page"}],"author":[{"embeddable":true,"href":"https:\/\/bulkgenetics.com\/fr\/wp-json\/wp\/v2\/users\/1"}],"replies":[{"embeddable":true,"href":"https:\/\/bulkgenetics.com\/fr\/wp-json\/wp\/v2\/comments?post=9418"}],"version-history":[{"count":0,"href":"https:\/\/bulkgenetics.com\/fr\/wp-json\/wp\/v2\/pages\/9418\/revisions"}],"wp:attachment":[{"href":"https:\/\/bulkgenetics.com\/fr\/wp-json\/wp\/v2\/media?parent=9418"}],"curies":[{"name":"wp","href":"https:\/\/api.w.org\/{rel}","templated":true}]}}