{"id":10103,"date":"2022-10-04T13:24:33","date_gmt":"2022-10-04T11:24:33","guid":{"rendered":"https:\/\/www.bulkgenetics.com\/green-crack-auto\/"},"modified":"2024-10-08T01:13:51","modified_gmt":"2024-10-07T23:13:51","slug":"green-crack-auto","status":"publish","type":"product","link":"https:\/\/bulkgenetics.com\/fr\/green-crack-auto\/","title":{"rendered":"Green Crack Auto"},"content":{"rendered":"\n<p><strong>Green Crack Auto<\/strong> est la petite s\u0153ur rapide de l&#8217;une des vari\u00e9t\u00e9s de cannabis les plus pris\u00e9es et les plus d\u00e9licieuses des \u00c9tats-Unis, un joyau du cannabis dont vous pouvez d\u00e9sormais profiter en un temps record.<\/p>\n\n\n\n<p>La <a href=\"https:\/\/bulkgenetics.com\/fr\/green-crack\/\">Green Crack<\/a> est un hybride \u00e0 dominance Indica qui combine <strong>une vieille Skunk #1 du Dutch Super Sativa Seeds Club et peut-\u00eatre une Indica Afghane<\/strong>. Comme beaucoup d&#8217;autres combinaisons similaires telles que la <a href=\"https:\/\/bulkgenetics.com\/fr\/critical-mass\/\">Critical Mass<\/a> ou la <a href=\"https:\/\/bulkgenetics.com\/fr\/super-skunk\/\">Super Skunk<\/a>, c&#8217;est une vari\u00e9t\u00e9 tr\u00e8s compl\u00e8te \u00e0 tous points de vue.<\/p>\n\n\n\n<p>C&#8217;est aussi une plante qui a \u00e9t\u00e9 largement utilis\u00e9e par des banques de graines comme Blimburn ou FastBuds. La diff\u00e9rence est que nos graines en vrac sont les moins ch\u00e8res.<\/p>\n\n\n\n<h2 class=\"wp-block-heading\">Comment cultiver la Green Crack Auto<\/h2>\n\n\n\n<p>Comme sa grande s\u0153ur, c&#8217;est une vari\u00e9t\u00e9 de cannabis qui est <strong>un plaisir \u00e0 cultiver<\/strong>. Elle est reconnaissante, tr\u00e8s r\u00e9sistante et, tant \u00e0 l&#8217;int\u00e9rieur qu&#8217;\u00e0 l&#8217;ext\u00e9rieur, elle offre des r\u00e9coltes dignes de championnat.<\/p>\n\n\n\n<p>C&#8217;est aussi une plante tr\u00e8s discr\u00e8te qui <strong>ne d\u00e9passe g\u00e9n\u00e9ralement pas un m\u00e8tre de hauteur<\/strong>, tr\u00e8s adapt\u00e9e aux petites terrasses ou balcons o\u00f9 elle n&#8217;attirera pas l&#8217;attention.<\/p>\n\n\n\n<p>Comme toute autre vari\u00e9t\u00e9 autofloraison, elle appr\u00e9cie d&#8217;\u00eatre plant\u00e9e directement dans un grand pot. De cette fa\u00e7on, elle peut se d\u00e9velopper sans les ralentissements typiques qui se produisent parfois apr\u00e8s le rempotage et elle atteindra ainsi une taille plus importante.<\/p>\n\n\n\n<p>Le cycle de vie est si court que l&#8217;on peut r\u00e9colter jusqu&#8217;\u00e0 3 r\u00e9coltes au cours de la saison de croissance ext\u00e9rieure. <strong>Vous r\u00e9colterez dans environ 9 \u00e0 10 semaines \u00e0 partir de la germination des graines<\/strong>.<\/p>\n\n\n\n<h2 class=\"wp-block-heading\">Caract\u00e9ristiques de la Green Crack Auto<\/h2>\n\n\n\n<p>Les t\u00eates sont<strong> \u00e9normes, tr\u00e8s compactes et recouvertes d&#8217;une \u00e9paisse couche de trichomes<\/strong> brillants. Certains ph\u00e9notypes prennent de belles teintes violettes qui attirent l&#8217;attention.<\/p>\n\n\n\n<p><strong>Son ar\u00f4me et sa saveur sont exquis<\/strong>, on peut appr\u00e9cier des touches tropicales d&#8217;ananas et de mangue verte avec quelques touches tr\u00e8s suggestives de bois s\u00e9ch\u00e9. Le r\u00e9sultat organoleptique est tr\u00e8s riche.<\/p>\n\n\n\n<p><strong>Les effets sont puissants et c\u00e9r\u00e9braux<\/strong>. Vous partirez dans un trip \u00e9nergique, bavard et tr\u00e8s concentr\u00e9. C&#8217;est une vari\u00e9t\u00e9 de cannabis parfaite \u00e0 appr\u00e9cier pendant la journ\u00e9e.<\/p>\n\n\n\n<p>Malgr\u00e9 sa taille discr\u00e8te, les rendements sont bien sup\u00e9rieurs \u00e0 la moyenne pour des graines autofloraisons. En ext\u00e9rieur, les plantes plus grandes donneront <strong>jusqu&#8217;\u00e0 200 grammes<\/strong>. En int\u00e9rieur, il sera facile d&#8217;<strong>atteindre 600 grammes par m\u00b2<\/strong> avec un \u00e9quipement LED de 300 \u00e0 350 W.<\/p>\n\n\n\n<div style=\"height:50px\" aria-hidden=\"true\" class=\"wp-block-spacer uag-hide-mob\"><\/div>\n\n\n\n<div class=\"wp-block-columns is-layout-flex wp-container-core-columns-is-layout-28f84493 wp-block-columns-is-layout-flex\">\n<div class=\"wp-block-column is-layout-flow wp-block-column-is-layout-flow\">\n<p class=\"has-text-align-center has-medium-font-size\"><strong>Ce qui nous pla\u00eet le plus<\/strong><\/p>\n\n\n\n<ul class=\"wp-block-list\">\n<li>Tr\u00e8s facile \u00e0 cultiver.<\/li>\n\n\n\n<li>Production tr\u00e8s abondante.<\/li>\n\n\n\n<li>Se r\u00e9colte en seulement 63-70 jours.<\/li>\n\n\n\n<li>Effets tr\u00e8s puissants et \u00e9nerg\u00e9tiques.<\/li>\n\n\n\n<li>Son prix.<\/li>\n<\/ul>\n<\/div>\n\n\n\n<div class=\"wp-block-column is-layout-flow wp-block-column-is-layout-flow\">\n<p class=\"has-text-align-center has-medium-font-size\"><strong>Ce qui nous pla\u00eet le moins<\/strong><\/p>\n\n\n\n<ul class=\"wp-block-list\">\n<li>Odeur tr\u00e8s intense en floraison.<\/li>\n<\/ul>\n<\/div>\n<\/div>\n\n\n\n<div style=\"height:50px\" aria-hidden=\"true\" class=\"wp-block-spacer uag-hide-mob\"><\/div>\n\n\n\n<h2 class=\"wp-block-heading\">Questions fr\u00e9quentes<\/h2>\n\n\n\n<p>Vous trouverez ci-dessous les r\u00e9ponses aux questions les plus fr\u00e9quemment pos\u00e9es par les cultivateurs int\u00e9ress\u00e9s par ces g\u00e9n\u00e9tiques :<\/p>\n\n\n<div id=\"rank-math-faq\" class=\"rank-math-block\">\n<div class=\"rank-math-list \">\n<div id=\"faq-question-1663029074962\" class=\"rank-math-list-item\">\n<h3 class=\"rank-math-question \">Quand commence la floraison de la Green Crack Auto?<\/h3>\n<div class=\"rank-math-answer \">\n\n<p>Environ 3-4 semaines apr\u00e8s la germination, les plantes commenceront \u00e0 fleurir.<\/p>\n\n<\/div>\n<\/div>\n<div id=\"faq-question-1663029159933\" class=\"rank-math-list-item\">\n<h3 class=\"rank-math-question \">Quand r\u00e9colter la Green Crack Auto apr\u00e8s la germination ?<\/h3>\n<div class=\"rank-math-answer \">\n\n<p>C&#8217;est une vari\u00e9t\u00e9 de cannabis \u00e0 autofloraison tr\u00e8s rapide qui se r\u00e9colte en 9 \u00e0 10 semaines au total.<\/p>\n\n<\/div>\n<\/div>\n<div id=\"faq-question-1663029165861\" class=\"rank-math-list-item\">\n<h3 class=\"rank-math-question \">Comment cultiver la Green Crack Auto f\u00e9minis\u00e9e ?<\/h3>\n<div class=\"rank-math-answer \">\n\n<p>Elle est tr\u00e8s facile \u00e0 cultiver, r\u00e9sistante et discr\u00e8te. Utilisez un grand pot d\u00e8s le premier jour pour obtenir les plus grandes plantes.<\/p>\n\n<\/div>\n<\/div>\n<div id=\"faq-question-1666780029954\" class=\"rank-math-list-item\">\n<h3 class=\"rank-math-question \">Quels sont les effets de la Green Crack Auto en vrac ?<\/h3>\n<div class=\"rank-math-answer \">\n\n<p>Les effets produisent une sensation de picotement intense qui remplira votre corps d&#8217;\u00e9nergie. Id\u00e9ale pour animer les discussions.<\/p>\n\n<\/div>\n<\/div>\n<\/div>\n<\/div>","protected":false},"excerpt":{"rendered":"<p>Green Crack Auto est une vari\u00e9t\u00e9 autofloraison que tout le monde aime. Elle est tr\u00e8s facile \u00e0 cultiver et ne demande pas beaucoup d&#8217;efforts pour obtenir des rendements incroyables. Elle est tr\u00e8s discr\u00e8te et ne d\u00e9passe pas un m\u00e8tre de hauteur. Il ne faut que 9 \u00e0 10 semaines pour r\u00e9aliser la r\u00e9colte apr\u00e8s la germination. Ses t\u00eates sont grandes, denses et tr\u00e8s r\u00e9sineuses. Le go\u00fbt est fortement tropical, avec de d\u00e9licieuses notes d&#8217;ananas et de mangue. Enfin, les effets sont tr\u00e8s puissants, apr\u00e8s les premi\u00e8res bouff\u00e9es, vous sentirez des picotements dans tout votre corps et une pouss\u00e9e d&#8217;\u00e9nergie vous envahira ensuite. Parfaite \u00e0 tout moment de la journ\u00e9e.<\/p>\n","protected":false},"featured_media":32085,"comment_status":"open","ping_status":"closed","template":"","meta":{"_acf_changed":false,"inline_featured_image":false,"_uag_custom_page_level_css":""},"product_brand":[],"product_cat":[2265],"product_tag":[],"class_list":{"0":"post-10103","1":"product","2":"type-product","3":"status-publish","4":"has-post-thumbnail","6":"product_cat-graines-autofloraison-en-gros","8":"first","9":"instock","10":"taxable","11":"shipping-taxable","12":"purchasable","13":"product-type-simple"},"acf":[],"uagb_featured_image_src":{"full":["https:\/\/bulkgenetics.com\/wp-content\/uploads\/2022\/10\/green-crack-auto-autoflowering-cannabis-seeds-bulk-genetics.jpg",1600,1600,false],"thumbnail":["https:\/\/bulkgenetics.com\/wp-content\/uploads\/2022\/10\/green-crack-auto-autoflowering-cannabis-seeds-bulk-genetics-150x150.jpg",150,150,true],"medium":["https:\/\/bulkgenetics.com\/wp-content\/uploads\/2022\/10\/green-crack-auto-autoflowering-cannabis-seeds-bulk-genetics-300x300.jpg",300,300,true],"medium_large":["https:\/\/bulkgenetics.com\/wp-content\/uploads\/2022\/10\/green-crack-auto-autoflowering-cannabis-seeds-bulk-genetics-768x768.jpg",768,768,true],"large":["https:\/\/bulkgenetics.com\/wp-content\/uploads\/2022\/10\/green-crack-auto-autoflowering-cannabis-seeds-bulk-genetics-1024x1024.jpg",1024,1024,true],"1536x1536":["https:\/\/bulkgenetics.com\/wp-content\/uploads\/2022\/10\/green-crack-auto-autoflowering-cannabis-seeds-bulk-genetics-1536x1536.jpg",1536,1536,true],"2048x2048":["https:\/\/bulkgenetics.com\/wp-content\/uploads\/2022\/10\/green-crack-auto-autoflowering-cannabis-seeds-bulk-genetics.jpg",1600,1600,false],"commercegurus-pdp-large":["https:\/\/bulkgenetics.com\/wp-content\/uploads\/2022\/10\/green-crack-auto-autoflowering-cannabis-seeds-bulk-genetics-990x990.jpg",990,990,true],"commercegurus-plp-mobile":["https:\/\/bulkgenetics.com\/wp-content\/uploads\/2022\/10\/green-crack-auto-autoflowering-cannabis-seeds-bulk-genetics-441x441.jpg",441,441,true],"cgkit_image_swatch":["https:\/\/bulkgenetics.com\/wp-content\/uploads\/2022\/10\/green-crack-auto-autoflowering-cannabis-seeds-bulk-genetics-100x100.jpg",100,100,true],"woocommerce_thumbnail":["https:\/\/bulkgenetics.com\/wp-content\/uploads\/2022\/10\/green-crack-auto-autoflowering-cannabis-seeds-bulk-genetics-300x300.jpg",300,300,true],"woocommerce_single":["https:\/\/bulkgenetics.com\/wp-content\/uploads\/2022\/10\/green-crack-auto-autoflowering-cannabis-seeds-bulk-genetics-800x800.jpg",800,800,true],"woocommerce_gallery_thumbnail":["https:\/\/bulkgenetics.com\/wp-content\/uploads\/2022\/10\/green-crack-auto-autoflowering-cannabis-seeds-bulk-genetics-150x150.jpg",150,150,true],"dgwt-wcas-product-suggestion":["https:\/\/bulkgenetics.com\/wp-content\/uploads\/2022\/10\/green-crack-auto-autoflowering-cannabis-seeds-bulk-genetics-64x64.jpg",64,64,true]},"uagb_author_info":{"display_name":"J\u00e9r\u00f4me","author_link":"https:\/\/bulkgenetics.com\/fr\/author\/"},"uagb_comment_info":0,"uagb_excerpt":"Green Crack Auto est une vari\u00e9t\u00e9 autofloraison que tout le monde aime. Elle est tr\u00e8s facile \u00e0 cultiver et ne demande pas beaucoup d'efforts pour obtenir des rendements incroyables. Elle est tr\u00e8s discr\u00e8te et ne d\u00e9passe pas un m\u00e8tre de hauteur. Il ne faut que 9 \u00e0 10 semaines pour r\u00e9aliser la r\u00e9colte apr\u00e8s la\u2026","_links":{"self":[{"href":"https:\/\/bulkgenetics.com\/fr\/wp-json\/wp\/v2\/product\/10103","targetHints":{"allow":["GET"]}}],"collection":[{"href":"https:\/\/bulkgenetics.com\/fr\/wp-json\/wp\/v2\/product"}],"about":[{"href":"https:\/\/bulkgenetics.com\/fr\/wp-json\/wp\/v2\/types\/product"}],"replies":[{"embeddable":true,"href":"https:\/\/bulkgenetics.com\/fr\/wp-json\/wp\/v2\/comments?post=10103"}],"wp:featuredmedia":[{"embeddable":true,"href":"https:\/\/bulkgenetics.com\/fr\/wp-json\/wp\/v2\/media\/32085"}],"wp:attachment":[{"href":"https:\/\/bulkgenetics.com\/fr\/wp-json\/wp\/v2\/media?parent=10103"}],"wp:term":[{"taxonomy":"product_brand","embeddable":true,"href":"https:\/\/bulkgenetics.com\/fr\/wp-json\/wp\/v2\/product_brand?post=10103"},{"taxonomy":"product_cat","embeddable":true,"href":"https:\/\/bulkgenetics.com\/fr\/wp-json\/wp\/v2\/product_cat?post=10103"},{"taxonomy":"product_tag","embeddable":true,"href":"https:\/\/bulkgenetics.com\/fr\/wp-json\/wp\/v2\/product_tag?post=10103"}],"curies":[{"name":"wp","href":"https:\/\/api.w.org\/{rel}","templated":true}]}}