{"id":10104,"date":"2022-10-04T13:23:52","date_gmt":"2022-10-04T11:23:52","guid":{"rendered":"https:\/\/www.bulkgenetics.com\/colle-gorilla-auto\/"},"modified":"2024-10-08T01:13:51","modified_gmt":"2024-10-07T23:13:51","slug":"gorilla-glue-auto","status":"publish","type":"product","link":"https:\/\/bulkgenetics.com\/fr\/gorilla-glue-auto\/","title":{"rendered":"Gorilla Glue Auto"},"content":{"rendered":"\n<p>Gorilla Glue Auto est la petite s\u0153ur et la version plus rapide de la fameuse GG4, l&#8217;une des g\u00e9n\u00e9tiques de cannabis les plus puissantes du moment.<\/p>\n\n\n\n<p><a href=\"https:\/\/bulkgenetics.com\/fr\/gorilla-glue-4\/\">Gorilla Glue #4<\/a> ou GG4 est un hybride 100% am\u00e9ricain avec une l\u00e9g\u00e8re dominance Sativa qui est devenu c\u00e9l\u00e8bre lorsqu&#8217;on a appris qu&#8217;elle produisait <strong> plus de 30% de THC<\/strong>.<\/p>\n\n\n\n<p>Pour l&#8217;anecdote, cette vari\u00e9t\u00e9 est le r\u00e9sultat d&#8217;un croisement accidentel. <strong>Une s\u00e9lection Sour Dubb en fleur a re\u00e7u du pollen d&#8217;une Chem Sister<\/strong>. Apr\u00e8s une s\u00e9lection avec les graines obtenues, le meilleur sp\u00e9cimen <strong>a \u00e9t\u00e9 crois\u00e9 avec la Chocolate Diesel<\/strong>.<\/p>\n\n\n\n<p>Aujourd&#8217;hui, il existe de nombreuses versions et elle sert aussi de mat\u00e9riel de reproduction pour le d\u00e9veloppement de nouveaux hybrides pour des banques comme Barney&#8217;s Farm ou Sweet Seeds.<\/p>\n\n\n\n<h2 class=\"wp-block-heading\">Comment cultiver la Gorilla Glue Auto<\/h2>\n\n\n\n<p>C&#8217;est une plante que tout cultivateur aimera pour sa simplicit\u00e9, sa r\u00e9sistance et sa vigueur. Elle peut \u00eatre consid\u00e9r\u00e9e comme une vari\u00e9t\u00e9 autofloraison moyenne\/haute, atteignant jusqu&#8217;\u00e0 <strong>130 cm de hauteur <\/strong> dans des conditions favorables.  <\/p>\n\n\n\n<p>Pour obtenir ces plantes plus grandes, optez pour un pot d&#8217;au moins 20 litres avec un substrat riche en nutriments d\u00e8s le premier jour. De cette fa\u00e7on, les plantes pousseront sans le ralentissement qui se produit g\u00e9n\u00e9ralement apr\u00e8s un rempotage.<\/p>\n\n\n\n<p>De la germination \u00e0 la r\u00e9colte, il faudra environ <strong>70-75 jours pour que les t\u00eates atteignent le meilleur<\/strong> moment pour la r\u00e9colte. Il est possible de r\u00e9aliser deux cultures ext\u00e9rieures cons\u00e9cutives pendant les mois de printemps et d&#8217;\u00e9t\u00e9. M\u00eame jusqu&#8217;\u00e0 3 dans les r\u00e9gions o\u00f9 le d\u00e9but de l&#8217;automne est sec.<\/p>\n\n\n\n<h2 class=\"wp-block-heading\">Caract\u00e9ristiques de la Gorilla Glue Auto<\/h2>\n\n\n\n<p>Elle produit <strong>des t\u00eates qui sont un v\u00e9ritable plaisir pour les yeux<\/strong>. Le plus frappant est l&#8217;immense quantit\u00e9 de trichomes, impossible de ne pas se coller les doigts pendant la manucure. Les t\u00eates sont aussi grandes et dures comme des pierres.<\/p>\n\n\n\n<p>Elle a un <strong>ar\u00f4me et une saveur<\/strong> complexes, avec de d\u00e9licieuses notes terreuses, \u00e2cres, de caf\u00e9 et de chocolat fusionn\u00e9es avec de douces touches de citron et de pin.<\/p>\n\n\n\n<p>Les <strong>effets sont excessivement puissants<\/strong>, trop pour les personnes qui ne tol\u00e8re pas bien le THC. Elle produit une forte s\u00e9dation qui vous gardera coll\u00e9 au canap\u00e9 pendant de longues heures.  <\/p>\n\n\n\n<p>En outre, une chose que tous les producteurs soulignent est sa production massive. En ext\u00e9rieur, vous pouvez esp\u00e9rer jusqu&#8217;\u00e0 200 grammes par plante pour les plus grands sp\u00e9cimen. \u00c0 l&#8217;int\u00e9rieur, n&#8217;importe qui pourra produire jusqu&#8217;\u00e0 600 grammes par m\u00b2 avec une LED de 300 \u00e0 350 W.<\/p>\n\n\n\n<div style=\"height:50px\" aria-hidden=\"true\" class=\"wp-block-spacer uag-hide-mob\"><\/div>\n\n\n\n<div class=\"wp-block-columns is-layout-flex wp-container-core-columns-is-layout-28f84493 wp-block-columns-is-layout-flex\">\n<div class=\"wp-block-column is-layout-flow wp-block-column-is-layout-flow\">\n<p class=\"has-text-align-center has-medium-font-size\"><strong>Ce que nous aimons le plus<\/strong><\/p>\n\n\n\n<ul class=\"wp-block-list\">\n<li>Tr\u00e8s facile \u00e0 cultiver.<\/li>\n\n\n\n<li>Production abondante<\/li>\n\n\n\n<li>R\u00e9colte en seulement 70-75 jours.<\/li>\n\n\n\n<li>Jusqu&#8217;\u00e0 27% de THC.<\/li>\n\n\n\n<li>Effets tr\u00e8s relaxants et s\u00e9datifs.<\/li>\n\n\n\n<li>Son prix.<\/li>\n<\/ul>\n<\/div>\n\n\n\n<div class=\"wp-block-column is-layout-flow wp-block-column-is-layout-flow\">\n<p class=\"has-text-align-center has-medium-font-size\"><strong>Ce que nous aimons le moins<\/strong><\/p>\n\n\n\n<ul class=\"wp-block-list\">\n<li>Odeur intense en floraison.<\/li>\n\n\n\n<li>M\u00e9fiez-vous de ses effets puissants.<\/li>\n<\/ul>\n<\/div>\n<\/div>\n\n\n\n<div style=\"height:50px\" aria-hidden=\"true\" class=\"wp-block-spacer uag-hide-mob\"><\/div>\n\n\n\n<h2 class=\"wp-block-heading\">Questions fr\u00e9quemment pos\u00e9es<\/h2>\n\n\n\n<p>Si vous avez des questions concernant la culture de ces graines bon march\u00e9, voici les r\u00e9ponses \u00e0 certaines des questions les plus fr\u00e9quemment pos\u00e9es.<\/p>\n\n\n<div id=\"rank-math-faq\" class=\"rank-math-block\">\n<div class=\"rank-math-list \">\n<div id=\"faq-question-1663029074962\" class=\"rank-math-list-item\">\n<h3 class=\"rank-math-question \">Quand commence la floraison de la Gorilla Glue Auto en ext\u00e9rieur ?<\/h3>\n<div class=\"rank-math-answer \">\n\n<p>La phase de croissance est tr\u00e8s courte, 3-4 semaines. Puis les plantes commencent \u00e0 fleurir.<\/p>\n\n<\/div>\n<\/div>\n<div id=\"faq-question-1663029159933\" class=\"rank-math-list-item\">\n<h3 class=\"rank-math-question \">Quand r\u00e9colter la Gorilla Glue Auto apr\u00e8s la germination ?<\/h3>\n<div class=\"rank-math-answer \">\n\n<p>Au total, cette vari\u00e9t\u00e9 de cannabis se r\u00e9colte en 70-75 jours.<\/p>\n\n<\/div>\n<\/div>\n<div id=\"faq-question-1663029165861\" class=\"rank-math-list-item\">\n<h3 class=\"rank-math-question \">Comment cultiver la Gorilla Glue Auto f\u00e9minis\u00e9e ?<\/h3>\n<div class=\"rank-math-answer \">\n\n<p>C&#8217;est une plante simple \u00e0 cultiver qui pousse jusqu&#8217;\u00e0 130 cm de hauteur. Pour cela, utilisez un grand pot d\u00e8s le premier jour avec un substrat riche en nutriments.<\/p>\n\n<\/div>\n<\/div>\n<div id=\"faq-question-1666780029954\" class=\"rank-math-list-item\">\n<h3 class=\"rank-math-question \">Quels sont les effets de la Gorilla Glue Auto en vrac ?<\/h3>\n<div class=\"rank-math-answer \">\n\n<p>Elle a des effets tr\u00e8s, tr\u00e8s puissants, alors soyez prudent. Elle procure une forte relaxation et une d\u00e9tente physique intense.<\/p>\n\n<\/div>\n<\/div>\n<\/div>\n<\/div>","protected":false},"excerpt":{"rendered":"<p>Gorilla Glue Auto est le Gorilla la plus facile et la plus rapide \u00e0 faire pousser. Elle a une croissance vigoureuse et reste en dessous de 130 cm de hauteur, elle est donc aussi tr\u00e8s discr\u00e8te. Depuis la germination, elle se r\u00e9colte en un temps record de 70-75 jours. Ses t\u00eates sont de vrais bijoux visuel. Elles sont collantes, tr\u00e8s compactes et hyper r\u00e9sineuses, avec un ar\u00f4me et une saveur d&#8217;agrumes, de caf\u00e9, de chocolat et de pin. Les niveaux de THC sont d&#8217;environ 30%, les effets sont donc brutaux. Installez-vous confortablement pour profiter des sensations les plus relaxantes que vous puissiez imaginer.<\/p>\n","protected":false},"featured_media":18898,"comment_status":"open","ping_status":"closed","template":"","meta":{"_acf_changed":false,"inline_featured_image":false,"_uag_custom_page_level_css":""},"product_brand":[],"product_cat":[2265,4112],"product_tag":[],"class_list":{"0":"post-10104","1":"product","2":"type-product","3":"status-publish","4":"has-post-thumbnail","6":"product_cat-graines-autofloraison-en-gros","7":"product_cat-graines-de-cannabis-a-1-euro","9":"first","10":"instock","11":"sale","12":"taxable","13":"shipping-taxable","14":"purchasable","15":"product-type-simple"},"acf":[],"uagb_featured_image_src":{"full":["https:\/\/bulkgenetics.com\/wp-content\/uploads\/2022\/10\/gorilla-glue-auto-weed-strain.jpg",1600,1600,false],"thumbnail":["https:\/\/bulkgenetics.com\/wp-content\/uploads\/2022\/10\/gorilla-glue-auto-weed-strain-150x150.jpg",150,150,true],"medium":["https:\/\/bulkgenetics.com\/wp-content\/uploads\/2022\/10\/gorilla-glue-auto-weed-strain-300x300.jpg",300,300,true],"medium_large":["https:\/\/bulkgenetics.com\/wp-content\/uploads\/2022\/10\/gorilla-glue-auto-weed-strain-768x768.jpg",768,768,true],"large":["https:\/\/bulkgenetics.com\/wp-content\/uploads\/2022\/10\/gorilla-glue-auto-weed-strain-1024x1024.jpg",1024,1024,true],"1536x1536":["https:\/\/bulkgenetics.com\/wp-content\/uploads\/2022\/10\/gorilla-glue-auto-weed-strain-1536x1536.jpg",1536,1536,true],"2048x2048":["https:\/\/bulkgenetics.com\/wp-content\/uploads\/2022\/10\/gorilla-glue-auto-weed-strain.jpg",1600,1600,false],"commercegurus-pdp-large":["https:\/\/bulkgenetics.com\/wp-content\/uploads\/2022\/10\/gorilla-glue-auto-weed-strain-990x990.jpg",990,990,true],"commercegurus-plp-mobile":["https:\/\/bulkgenetics.com\/wp-content\/uploads\/2022\/10\/gorilla-glue-auto-weed-strain-441x441.jpg",441,441,true],"cgkit_image_swatch":["https:\/\/bulkgenetics.com\/wp-content\/uploads\/2022\/10\/gorilla-glue-auto-weed-strain-100x100.jpg",100,100,true],"woocommerce_thumbnail":["https:\/\/bulkgenetics.com\/wp-content\/uploads\/2022\/10\/gorilla-glue-auto-weed-strain-300x300.jpg",300,300,true],"woocommerce_single":["https:\/\/bulkgenetics.com\/wp-content\/uploads\/2022\/10\/gorilla-glue-auto-weed-strain-800x800.jpg",800,800,true],"woocommerce_gallery_thumbnail":["https:\/\/bulkgenetics.com\/wp-content\/uploads\/2022\/10\/gorilla-glue-auto-weed-strain-150x150.jpg",150,150,true],"dgwt-wcas-product-suggestion":["https:\/\/bulkgenetics.com\/wp-content\/uploads\/2022\/10\/gorilla-glue-auto-weed-strain-64x64.jpg",64,64,true]},"uagb_author_info":{"display_name":"J\u00e9r\u00f4me","author_link":"https:\/\/bulkgenetics.com\/fr\/author\/"},"uagb_comment_info":1,"uagb_excerpt":"Gorilla Glue Auto est le Gorilla la plus facile et la plus rapide \u00e0 faire pousser. Elle a une croissance vigoureuse et reste en dessous de 130 cm de hauteur, elle est donc aussi tr\u00e8s discr\u00e8te. Depuis la germination, elle se r\u00e9colte en un temps record de 70-75 jours. Ses t\u00eates sont de vrais bijoux\u2026","_links":{"self":[{"href":"https:\/\/bulkgenetics.com\/fr\/wp-json\/wp\/v2\/product\/10104","targetHints":{"allow":["GET"]}}],"collection":[{"href":"https:\/\/bulkgenetics.com\/fr\/wp-json\/wp\/v2\/product"}],"about":[{"href":"https:\/\/bulkgenetics.com\/fr\/wp-json\/wp\/v2\/types\/product"}],"replies":[{"embeddable":true,"href":"https:\/\/bulkgenetics.com\/fr\/wp-json\/wp\/v2\/comments?post=10104"}],"wp:featuredmedia":[{"embeddable":true,"href":"https:\/\/bulkgenetics.com\/fr\/wp-json\/wp\/v2\/media\/18898"}],"wp:attachment":[{"href":"https:\/\/bulkgenetics.com\/fr\/wp-json\/wp\/v2\/media?parent=10104"}],"wp:term":[{"taxonomy":"product_brand","embeddable":true,"href":"https:\/\/bulkgenetics.com\/fr\/wp-json\/wp\/v2\/product_brand?post=10104"},{"taxonomy":"product_cat","embeddable":true,"href":"https:\/\/bulkgenetics.com\/fr\/wp-json\/wp\/v2\/product_cat?post=10104"},{"taxonomy":"product_tag","embeddable":true,"href":"https:\/\/bulkgenetics.com\/fr\/wp-json\/wp\/v2\/product_tag?post=10104"}],"curies":[{"name":"wp","href":"https:\/\/api.w.org\/{rel}","templated":true}]}}