{"id":10120,"date":"2022-10-04T13:40:25","date_gmt":"2022-10-04T11:40:25","guid":{"rendered":"https:\/\/www.bulkgenetics.com\/green-skunk-xl-auto\/"},"modified":"2024-10-08T01:13:50","modified_gmt":"2024-10-07T23:13:50","slug":"green-skunk-xl-auto","status":"publish","type":"product","link":"https:\/\/bulkgenetics.com\/fr\/green-skunk-xl-auto\/","title":{"rendered":"Green Skunk XL Auto"},"content":{"rendered":"\n<p><strong>Green Skunk XL Auto<\/strong> est une vari\u00e9t\u00e9 autofloraison g\u00e9ante qui surprend tout le monde avec ses caract\u00e9ristiques incroyables. Tous les retours de culture que nous avons re\u00e7us sont excellents<\/p>\n\n\n\n<p>Il s&#8217;agit d&#8217;une <strong>version rapide de la Green Poison<\/strong>, l&#8217;une des vari\u00e9t\u00e9s les plus embl\u00e9matiques de Sweet Seeds. On pourrait dire qu&#8217;elle est similaire \u00e0 la Green Poison XL Auto, <strong>mais beaucoup moins ch\u00e8re<\/strong>.<\/p>\n\n\n\n<h2 class=\"wp-block-heading\">Comment cultiver la Green Skunk XL Auto<\/h2>\n\n\n\n<p>Toutes les lign\u00e9es de <a href=\"https:\/\/bulkgenetics.com\/fr\/skunk-1\/\">Skunk<\/a> sont g\u00e9n\u00e9ralement des plantes tr\u00e8s faciles \u00e0 cultiver et sont fortement recommand\u00e9es pour les d\u00e9butants qui cherchent \u00e0 s&#8217;assurer une r\u00e9colte exceptionnelle.<\/p>\n\n\n\n<p>Elle a une croissance tr\u00e8s rapide et <strong>atteint une grande hauteur de 1,3 m\u00e8tres<\/strong>. Ce n&#8217;est pas la vari\u00e9t\u00e9 autofloraison la plus discr\u00e8te, mais c&#8217;est l&#8217;une des plus productives.<\/p>\n\n\n\n<p>Pour obtenir les plus grandes plantes, les cultivateurs choisissent d&#8217;utiliser un grand pot d\u00e8s le premier jour. Le rempotage est un peu stressant et certaines plantes r\u00e9agissent par un retard de croissance.<\/p>\n\n\n\n<p>C&#8217;est \u00e9galement l&#8217;une des vari\u00e9t\u00e9s autofloraison les plus rapides et en seulement <strong>8 semaines apr\u00e8s la germination<\/strong>, vous r\u00e9colterez des fleurs dignes des meilleures.<\/p>\n\n\n\n<h2 class=\"wp-block-heading\">Caract\u00e9ristiques de la Green Skunk XL Auto<\/h2>\n\n\n\n<p>Les t\u00eates sont lourdes, tr\u00e8s compactes et parfaites pour r\u00e9aliser des extractions. Elles ont tellement de r\u00e9sine que les rendements surprendront tous le monde.<\/p>\n\n\n\n<p>L&#8217;ar\u00f4me et le go\u00fbt sont indubitablement skunky, avec <strong>des notes sucr\u00e9es, fruit\u00e9es et de noix<\/strong>. C&#8217;est une vari\u00e9t\u00e9 tr\u00e8s odorante qu&#8217;on peut facilement d\u00e9tecter \u00e0 plusieurs m\u00e8tres de distance.<\/p>\n\n\n\n<p><strong>Les effets sont puissants et relaxants<\/strong>, comme une bonne Indica. C&#8217;est la vari\u00e9t\u00e9 de cannabis parfaite \u00e0 savourer en fin de journ\u00e9e, ou pour s&#8217;endormir en regardant la t\u00e9l\u00e9vision.<\/p>\n\n\n\n<p>Les rendements sont massifs et comparables \u00e0 ceux de certaines vari\u00e9t\u00e9s \u00e0 floraison normale. Les plantes plus grandes peuvent atteindre jusqu&#8217;\u00e0 <strong>300 grammes<\/strong>. En int\u00e9rieur, avec une ampoule LED de 300-350W, c&#8217;est une g\u00e9n\u00e9tique qui atteint un rendement de <strong>600 grammes par m\u00b2<\/strong>.<\/p>\n\n\n\n<div style=\"height:50px\" aria-hidden=\"true\" class=\"wp-block-spacer uag-hide-mob\"><\/div>\n\n\n\n<div class=\"wp-block-columns is-layout-flex wp-container-core-columns-is-layout-28f84493 wp-block-columns-is-layout-flex\">\n<div class=\"wp-block-column is-layout-flow wp-block-column-is-layout-flow\">\n<p class=\"has-text-align-center has-medium-font-size\"><strong>Ce qui nous pla\u00eet le plus<\/strong><\/p>\n\n\n\n<ul class=\"wp-block-list\">\n<li>Tr\u00e8s facile \u00e0 cultiver.<\/li>\n\n\n\n<li>Production abondante.<\/li>\n\n\n\n<li>Se r\u00e9colte en seulement 8 semaines.<\/li>\n\n\n\n<li>Efets positifs et tr\u00e8s relaxants.<\/li>\n\n\n\n<li>Son prix.<\/li>\n<\/ul>\n<\/div>\n\n\n\n<div class=\"wp-block-column is-layout-flow wp-block-column-is-layout-flow\">\n<p class=\"has-text-align-center has-medium-font-size\"><strong>Ce qui nous pla\u00eet le moins<\/strong><\/p>\n\n\n\n<ul class=\"wp-block-list\">\n<li>Odeur intense en floraison.<\/li>\n<\/ul>\n<\/div>\n<\/div>\n\n\n\n<div style=\"height:50px\" aria-hidden=\"true\" class=\"wp-block-spacer uag-hide-mob\"><\/div>\n\n\n\n<h2 class=\"wp-block-heading\">Questions fr\u00e9quentes<\/h2>\n\n\n\n<p>Vous trouverez ci-dessous les r\u00e9ponses aux questions les plus fr\u00e9quemment pos\u00e9es par les cultivateurs int\u00e9ress\u00e9s par ces g\u00e9n\u00e9tiques :<\/p>\n\n\n<div id=\"rank-math-faq\" class=\"rank-math-block\">\n<div class=\"rank-math-list \">\n<div id=\"faq-question-1663029074962\" class=\"rank-math-list-item\">\n<h3 class=\"rank-math-question \">Quand commence la floraison de la Green Skunk XL Auto?<\/h3>\n<div class=\"rank-math-answer \">\n\n<p>La p\u00e9riode de croissance dure 3-4 semaines. Ensuite, les plantes commencent \u00e0 fleurir.<\/p>\n\n<\/div>\n<\/div>\n<div id=\"faq-question-1663029159933\" class=\"rank-math-list-item\">\n<h3 class=\"rank-math-question \">Quand r\u00e9colter la Green Skunk XL Auto apr\u00e8s sa germination ?<\/h3>\n<div class=\"rank-math-answer \">\n\n<p>C&#8217;est l&#8217;une des vari\u00e9t\u00e9s de cannabis \u00e0 autofloraison les plus rapides. Elle se r\u00e9colte en 8 semaines au total.<\/p>\n\n<\/div>\n<\/div>\n<div id=\"faq-question-1663029165861\" class=\"rank-math-list-item\">\n<h3 class=\"rank-math-question \">Comment cultiver la Green Skunk XL Auto f\u00e9minis\u00e9e ?<\/h3>\n<div class=\"rank-math-answer \">\n\n<p>C&#8217;est l&#8217;une des vari\u00e9t\u00e9s les plus faciles \u00e0 cultiver et les plus r\u00e9sistantes. Si vous utilisez un grand pot, elle atteindra 130 cm de haut et donnera des rendements massifs allant jusqu&#8217;\u00e0 300 grammes par plante.<\/p>\n\n<\/div>\n<\/div>\n<div id=\"faq-question-1666780029954\" class=\"rank-math-list-item\">\n<h3 class=\"rank-math-question \">Quels sont les effets de la Green Skunk XL Auto en vrac ?<\/h3>\n<div class=\"rank-math-answer \">\n\n<p>Elle a un effet relaxant, pacifiant et joyeux. Parfaites pour ne pas finir le film du soir.<\/p>\n\n<\/div>\n<\/div>\n<\/div>\n<\/div>","protected":false},"excerpt":{"rendered":"<p>Green Skunk XL Auto est une vari\u00e9t\u00e9 autofloraison Indica\/Sativa r\u00e9sistante avec des rendements abondants. Elle atteint une hauteur maximale de 150 cm et peut \u00eatre r\u00e9colt\u00e9e en seulement 8 semaines apr\u00e8s la germination. Elle produit une grosse t\u00eates centrale et de nombreuses t\u00eates tr\u00e8s compactes et r\u00e9sineuses sur les branches secondaires. Son ar\u00f4me et son go\u00fbt sont uniques, tr\u00e8s sucr\u00e9s, fruit\u00e9s et <em>skunky<\/em>. Apr\u00e8s quelques bouff\u00e9es, votre corps commencera \u00e0 sombrer dans une relaxation intense. Parfaite pour terminer la journ\u00e9e.<\/p>\n","protected":false},"featured_media":11639,"comment_status":"open","ping_status":"closed","template":"","meta":{"_acf_changed":false,"inline_featured_image":false,"_uag_custom_page_level_css":""},"product_brand":[],"product_cat":[2265],"product_tag":[],"class_list":{"0":"post-10120","1":"product","2":"type-product","3":"status-publish","4":"has-post-thumbnail","6":"product_cat-graines-autofloraison-en-gros","8":"first","9":"instock","10":"taxable","11":"shipping-taxable","12":"purchasable","13":"product-type-simple"},"acf":[],"uagb_featured_image_src":{"full":["https:\/\/bulkgenetics.com\/wp-content\/uploads\/2022\/10\/green-skunk-xl-auto.jpg",1600,1600,false],"thumbnail":["https:\/\/bulkgenetics.com\/wp-content\/uploads\/2022\/10\/green-skunk-xl-auto-150x150.jpg",150,150,true],"medium":["https:\/\/bulkgenetics.com\/wp-content\/uploads\/2022\/10\/green-skunk-xl-auto-300x300.jpg",300,300,true],"medium_large":["https:\/\/bulkgenetics.com\/wp-content\/uploads\/2022\/10\/green-skunk-xl-auto-768x768.jpg",768,768,true],"large":["https:\/\/bulkgenetics.com\/wp-content\/uploads\/2022\/10\/green-skunk-xl-auto-1024x1024.jpg",1024,1024,true],"1536x1536":["https:\/\/bulkgenetics.com\/wp-content\/uploads\/2022\/10\/green-skunk-xl-auto-1536x1536.jpg",1536,1536,true],"2048x2048":["https:\/\/bulkgenetics.com\/wp-content\/uploads\/2022\/10\/green-skunk-xl-auto.jpg",1600,1600,false],"commercegurus-pdp-large":["https:\/\/bulkgenetics.com\/wp-content\/uploads\/2022\/10\/green-skunk-xl-auto-990x990.jpg",990,990,true],"commercegurus-plp-mobile":["https:\/\/bulkgenetics.com\/wp-content\/uploads\/2022\/10\/green-skunk-xl-auto-441x441.jpg",441,441,true],"cgkit_image_swatch":["https:\/\/bulkgenetics.com\/wp-content\/uploads\/2022\/10\/green-skunk-xl-auto-100x100.jpg",100,100,true],"woocommerce_thumbnail":["https:\/\/bulkgenetics.com\/wp-content\/uploads\/2022\/10\/green-skunk-xl-auto-300x300.jpg",300,300,true],"woocommerce_single":["https:\/\/bulkgenetics.com\/wp-content\/uploads\/2022\/10\/green-skunk-xl-auto-800x800.jpg",800,800,true],"woocommerce_gallery_thumbnail":["https:\/\/bulkgenetics.com\/wp-content\/uploads\/2022\/10\/green-skunk-xl-auto-150x150.jpg",150,150,true],"dgwt-wcas-product-suggestion":["https:\/\/bulkgenetics.com\/wp-content\/uploads\/2022\/10\/green-skunk-xl-auto-64x64.jpg",64,64,true]},"uagb_author_info":{"display_name":"J\u00e9r\u00f4me","author_link":"https:\/\/bulkgenetics.com\/fr\/author\/"},"uagb_comment_info":0,"uagb_excerpt":"Green Skunk XL Auto est une vari\u00e9t\u00e9 autofloraison Indica\/Sativa r\u00e9sistante avec des rendements abondants. Elle atteint une hauteur maximale de 150 cm et peut \u00eatre r\u00e9colt\u00e9e en seulement 8 semaines apr\u00e8s la germination. Elle produit une grosse t\u00eates centrale et de nombreuses t\u00eates tr\u00e8s compactes et r\u00e9sineuses sur les branches secondaires. Son ar\u00f4me et son\u2026","_links":{"self":[{"href":"https:\/\/bulkgenetics.com\/fr\/wp-json\/wp\/v2\/product\/10120","targetHints":{"allow":["GET"]}}],"collection":[{"href":"https:\/\/bulkgenetics.com\/fr\/wp-json\/wp\/v2\/product"}],"about":[{"href":"https:\/\/bulkgenetics.com\/fr\/wp-json\/wp\/v2\/types\/product"}],"replies":[{"embeddable":true,"href":"https:\/\/bulkgenetics.com\/fr\/wp-json\/wp\/v2\/comments?post=10120"}],"wp:featuredmedia":[{"embeddable":true,"href":"https:\/\/bulkgenetics.com\/fr\/wp-json\/wp\/v2\/media\/11639"}],"wp:attachment":[{"href":"https:\/\/bulkgenetics.com\/fr\/wp-json\/wp\/v2\/media?parent=10120"}],"wp:term":[{"taxonomy":"product_brand","embeddable":true,"href":"https:\/\/bulkgenetics.com\/fr\/wp-json\/wp\/v2\/product_brand?post=10120"},{"taxonomy":"product_cat","embeddable":true,"href":"https:\/\/bulkgenetics.com\/fr\/wp-json\/wp\/v2\/product_cat?post=10120"},{"taxonomy":"product_tag","embeddable":true,"href":"https:\/\/bulkgenetics.com\/fr\/wp-json\/wp\/v2\/product_tag?post=10120"}],"curies":[{"name":"wp","href":"https:\/\/api.w.org\/{rel}","templated":true}]}}