{"id":10124,"date":"2022-10-04T16:43:17","date_gmt":"2022-10-04T14:43:17","guid":{"rendered":"https:\/\/www.bulkgenetics.com\/haze-pure-cbd-auto\/"},"modified":"2024-10-08T01:13:50","modified_gmt":"2024-10-07T23:13:50","slug":"pure-cbd-auto","status":"publish","type":"product","link":"https:\/\/bulkgenetics.com\/fr\/pure-cbd-auto\/","title":{"rendered":"Pure CBD Auto"},"content":{"rendered":"\n<p><strong>Pure CBD Auto<\/strong> est l&#8217;une de nos vari\u00e9t\u00e9s avec la <a href=\"https:\/\/bulkgenetics.com\/fr\/red-berry-cbd-auto\/\">Red Berry CBD Auto<\/a> contenant la concentration la plus \u00e9lev\u00e9e en cannabidiol et presque pas de THC. Le cannabidiol, ou <strong>CBD<\/strong>, est un cannabino\u00efde non psychoactif qui <strong>pr\u00e9sente de nombreux avantages th\u00e9rapeutiques<\/strong>. Des \u00e9tudes indiquent qu&#8217;il poss\u00e8de des propri\u00e9t\u00e9s anti-convulsives, analg\u00e9siques, anxiolytiques, neuroprotectrices, anti-naus\u00e9es et anti-\u00e9m\u00e9tiques.<\/p>\n\n\n\n<p>Il s&#8217;agit d&#8217;une vari\u00e9t\u00e9 de cannabis autofloraison \u00e0 <strong>dominance Indica<\/strong> qui combine deux g\u00e9n\u00e9tiques riches en CBD. Le r\u00e9sultat est une plante particuli\u00e8rement adapt\u00e9e aux cultivateurs qui recherchent une <strong>vari\u00e9t\u00e9 de cannabis m\u00e9dicale rapide, avec toute sa saveur, mais sans effets psychoactifs<\/strong>. On pourrait dire qu&#8217;il est similaire \u00e0 celui de la <strong>Sweet Pure CBD Auto<\/strong> de Sweet Seeds, mais beaucoup moins cher.<\/p>\n\n\n\n<h2 class=\"wp-block-heading\">Comment cultiver la Pure CBD Auto<\/h2>\n\n\n\n<p>C&#8217;est une plante <strong>tr\u00e8s simple \u00e0 cultiver et tr\u00e8s discr\u00e8te<\/strong>, id\u00e9ale pour les cultivateurs d\u00e9butants ou ceux qui n&#8217;ont pas beaucoup d&#8217;espace, pour un petit balcon ou une terrasse. Elle conserve <strong>une taille compacte de 100 cm<\/strong>, ce qui lui permet de ne pas attirer l&#8217;attention.<\/p>\n\n\n\n<p>Sa p\u00e9riode de croissance est tr\u00e8s courte, de 3 \u00e0 4 semaines seulement. Pendant cette p\u00e9riode, il est <strong>important de donner aux plantes toutes les chances de se d\u00e9velopper autant que possible<\/strong>. Les producteurs utilisent g\u00e9n\u00e9ralement un grand pot d\u00e8s le d\u00e9but, en \u00e9vitant les rempotages qui peuvent ralentir le d\u00e9veloppement.<\/p>\n\n\n\n<p>Elle <strong>se r\u00e9colte en 8 semaines<\/strong> au total \u00e0 partir de la germination des graines. Comme elle est tr\u00e8s rapide, il est possible d&#8217;obtenir jusqu&#8217;\u00e0 <strong>trois r\u00e9coltes cons\u00e9cutives<\/strong> pendant la saison ext\u00e9rieure.<\/p>\n\n\n\n<h2 class=\"wp-block-heading\">Caract\u00e9ristiques de la Pure CBD Auto<\/h2>\n\n\n\n<p>Les rendements sont \u00e9lev\u00e9s compte tenu de sa taille discr\u00e8te, <strong>jusqu&#8217;\u00e0 200 grammes<\/strong> par plante en ext\u00e9rieur. En int\u00e9rieur, avec un \u00e9clairage LED de 300-350 W, on obtient facilement des <strong>rendements de 400-450 grammes par m\u00b2<\/strong>.<\/p>\n\n\n\n<p>Les t\u00eates sont immenses. Les plantes d\u00e9veloppe une <strong>\u00e9norme branche principale<\/strong> aussi longue et \u00e9paisse qu&#8217;une batte de baseball, accompagn\u00e9e de <strong>nombreuses branches secondaires<\/strong> \u00e9galement tr\u00e8s g\u00e9n\u00e9reuses. Elle produit \u00e9galement une <strong>\u00e9norme quantit\u00e9 de r\u00e9sine<\/strong>. Elle convient parfaitement \u00e0 la production d&#8217;extraits de CBD.<\/p>\n\n\n\n<p><strong>La saveur et les ar\u00f4mes sont d\u00e9licieux<\/strong>, au m\u00eame titre que les meilleures vari\u00e9t\u00e9s. Elle a des notes tr\u00e8s douces et fruit\u00e9es, avec des nuances d&#8217;agrumes et de pin\/cypr\u00e8s.<\/p>\n\n\n\n<p><strong>Les effets psychoactifs sont inexistants<\/strong>. Le taux de THC ne d\u00e9passe pas 1% (0,5%-1%), tandis que le taux de CBD varie de 13% \u00e0 18%. Ce rapport <strong>THC:CBD de 1:13 \u00e0 1:36<\/strong> est l&#8217;un des plus \u00e9lev\u00e9s que l&#8217;on puisse trouver. Il produit des <strong>sensations de d\u00e9tente et d&#8217;\u00e9l\u00e9vation<\/strong>, mais sans blocages d&#8217;aucune sorte.<\/p>\n\n\n\n<div style=\"height:50px\" aria-hidden=\"true\" class=\"wp-block-spacer uag-hide-mob\"><\/div>\n\n\n\n<div class=\"wp-block-columns is-layout-flex wp-container-core-columns-is-layout-28f84493 wp-block-columns-is-layout-flex\">\n<div class=\"wp-block-column is-layout-flow wp-block-column-is-layout-flow\">\n<p class=\"has-text-align-center has-medium-font-size\"><strong>Ce qui nous pla\u00eet le plus<\/strong><\/p>\n\n\n\n<ul class=\"wp-block-list\">\n<li>Tr\u00e8s facile \u00e0 cultiver.<\/li>\n\n\n\n<li>Production \u00e9lev\u00e9e.<\/li>\n\n\n\n<li>Se r\u00e9colte en 8 semaines seulement.<\/li>\n\n\n\n<li>Effets relaxants san blocage.<\/li>\n\n\n\n<li>Son prix..<\/li>\n<\/ul>\n<\/div>\n\n\n\n<div class=\"wp-block-column is-layout-flow wp-block-column-is-layout-flow\">\n<p class=\"has-text-align-center has-medium-font-size\"><strong>Ce qui nous pla\u00eet le moins<\/strong><\/p>\n\n\n\n<ul class=\"wp-block-list\">\n<li>N&#8217;est pas appropri\u00e9e pour les gens qui recherchent des effets psychoactifs. <\/li>\n<\/ul>\n<\/div>\n<\/div>\n\n\n\n<div style=\"height:50px\" aria-hidden=\"true\" class=\"wp-block-spacer uag-hide-mob\"><\/div>\n\n\n\n<h2 class=\"wp-block-heading\">Questions fr\u00e9quentes<\/h2>\n\n\n\n<p>Vous trouverez ci-dessous les r\u00e9ponses aux questions les plus fr\u00e9quemment pos\u00e9es par les cultivateurs int\u00e9ress\u00e9s par ces g\u00e9n\u00e9tiques :<\/p>\n\n\n<div id=\"rank-math-faq\" class=\"rank-math-block\">\n<div class=\"rank-math-list \">\n<div id=\"faq-question-1663029074962\" class=\"rank-math-list-item\">\n<h3 class=\"rank-math-question \">Quand commence la floraison de la Pure CBD Auto?<\/h3>\n<div class=\"rank-math-answer \">\n\n<p>La floraison commence 3-4 semaines apr\u00e8s la germination des graines.<\/p>\n\n<\/div>\n<\/div>\n<div id=\"faq-question-1663029159933\" class=\"rank-math-list-item\">\n<h3 class=\"rank-math-question \">Quand r\u00e9colter la Pure CBD Auto apr\u00e8s sa germination ?<\/h3>\n<div class=\"rank-math-answer \">\n\n<p>C&#8217;est une vari\u00e9t\u00e9 de cannabis autofloraison tr\u00e8s rapide. Il est r\u00e9colt\u00e9 en 8 semaines au total.<\/p>\n\n<\/div>\n<\/div>\n<div id=\"faq-question-1663029165861\" class=\"rank-math-list-item\">\n<h3 class=\"rank-math-question \">Comment r\u00e9colter la Pure CBD Auto f\u00e9minis\u00e9e ?<\/h3>\n<div class=\"rank-math-answer \">\n\n<p>C&#8217;est une plante simple \u00e0 cultiver et discr\u00e8te. Utilisez un grand pot d\u00e8s le premier jour pour obtenir les plantes les plus hautes et les plus productives.<\/p>\n\n<\/div>\n<\/div>\n<div id=\"faq-question-1666780029954\" class=\"rank-math-list-item\">\n<h3 class=\"rank-math-question \">Quels sont les effets de la Pure CBD Auto en vrac ?<\/h3>\n<div class=\"rank-math-answer \">\n\n<p>Elle n&#8217;a pas d&#8217;effets psychoactifs car elle ne contient presque pas de THC. Elle produit une agr\u00e9able sensation de d\u00e9tente qui n&#8217;entrave aucune activit\u00e9.<\/p>\n\n<\/div>\n<\/div>\n<\/div>\n<\/div>","protected":false},"excerpt":{"rendered":"<p>Pure CBD Auto est une vari\u00e9t\u00e9 de cannabis m\u00e9dical contenant jusqu&#8217;\u00e0 20 % de CBD et des quantit\u00e9s de THC inf\u00e9rieures \u00e0 1 %. Elle n&#8217;a donc pas les effets psychoactifs typiques du cannabis. C&#8217;est une plante tr\u00e8s discr\u00e8te qui reste en dessous d&#8217;une hauteur de 110 cm. En un total de 8 semaines \u00e0 partir de la germination, vous r\u00e9colterez des t\u00eates tr\u00e8s grosses, tr\u00e8s dures et particuli\u00e8rement r\u00e9sineuses. Elle produit une agr\u00e9able relaxation corporelle et un high stimulant, mais sans entraver aucune activit\u00e9.<\/p>\n","protected":false},"featured_media":11631,"comment_status":"open","ping_status":"closed","template":"","meta":{"_acf_changed":false,"inline_featured_image":false,"_uag_custom_page_level_css":""},"product_brand":[],"product_cat":[2265],"product_tag":[],"class_list":{"0":"post-10124","1":"product","2":"type-product","3":"status-publish","4":"has-post-thumbnail","6":"product_cat-graines-autofloraison-en-gros","8":"first","9":"instock","10":"taxable","11":"shipping-taxable","12":"purchasable","13":"product-type-simple"},"acf":[],"uagb_featured_image_src":{"full":["https:\/\/bulkgenetics.com\/wp-content\/uploads\/2022\/10\/haze-pure-cbd-auto.jpg",1600,1600,false],"thumbnail":["https:\/\/bulkgenetics.com\/wp-content\/uploads\/2022\/10\/haze-pure-cbd-auto-150x150.jpg",150,150,true],"medium":["https:\/\/bulkgenetics.com\/wp-content\/uploads\/2022\/10\/haze-pure-cbd-auto-300x300.jpg",300,300,true],"medium_large":["https:\/\/bulkgenetics.com\/wp-content\/uploads\/2022\/10\/haze-pure-cbd-auto-768x768.jpg",768,768,true],"large":["https:\/\/bulkgenetics.com\/wp-content\/uploads\/2022\/10\/haze-pure-cbd-auto-1024x1024.jpg",1024,1024,true],"1536x1536":["https:\/\/bulkgenetics.com\/wp-content\/uploads\/2022\/10\/haze-pure-cbd-auto-1536x1536.jpg",1536,1536,true],"2048x2048":["https:\/\/bulkgenetics.com\/wp-content\/uploads\/2022\/10\/haze-pure-cbd-auto.jpg",1600,1600,false],"commercegurus-pdp-large":["https:\/\/bulkgenetics.com\/wp-content\/uploads\/2022\/10\/haze-pure-cbd-auto-990x990.jpg",990,990,true],"commercegurus-plp-mobile":["https:\/\/bulkgenetics.com\/wp-content\/uploads\/2022\/10\/haze-pure-cbd-auto-441x441.jpg",441,441,true],"cgkit_image_swatch":["https:\/\/bulkgenetics.com\/wp-content\/uploads\/2022\/10\/haze-pure-cbd-auto-100x100.jpg",100,100,true],"woocommerce_thumbnail":["https:\/\/bulkgenetics.com\/wp-content\/uploads\/2022\/10\/haze-pure-cbd-auto-300x300.jpg",300,300,true],"woocommerce_single":["https:\/\/bulkgenetics.com\/wp-content\/uploads\/2022\/10\/haze-pure-cbd-auto-800x800.jpg",800,800,true],"woocommerce_gallery_thumbnail":["https:\/\/bulkgenetics.com\/wp-content\/uploads\/2022\/10\/haze-pure-cbd-auto-150x150.jpg",150,150,true],"dgwt-wcas-product-suggestion":["https:\/\/bulkgenetics.com\/wp-content\/uploads\/2022\/10\/haze-pure-cbd-auto-64x64.jpg",64,64,true]},"uagb_author_info":{"display_name":"J\u00e9r\u00f4me","author_link":"https:\/\/bulkgenetics.com\/fr\/author\/"},"uagb_comment_info":0,"uagb_excerpt":"Pure CBD Auto est une vari\u00e9t\u00e9 de cannabis m\u00e9dical contenant jusqu'\u00e0 20 % de CBD et des quantit\u00e9s de THC inf\u00e9rieures \u00e0 1 %. Elle n'a donc pas les effets psychoactifs typiques du cannabis. C'est une plante tr\u00e8s discr\u00e8te qui reste en dessous d'une hauteur de 110 cm. En un total de 8 semaines \u00e0\u2026","_links":{"self":[{"href":"https:\/\/bulkgenetics.com\/fr\/wp-json\/wp\/v2\/product\/10124","targetHints":{"allow":["GET"]}}],"collection":[{"href":"https:\/\/bulkgenetics.com\/fr\/wp-json\/wp\/v2\/product"}],"about":[{"href":"https:\/\/bulkgenetics.com\/fr\/wp-json\/wp\/v2\/types\/product"}],"replies":[{"embeddable":true,"href":"https:\/\/bulkgenetics.com\/fr\/wp-json\/wp\/v2\/comments?post=10124"}],"wp:featuredmedia":[{"embeddable":true,"href":"https:\/\/bulkgenetics.com\/fr\/wp-json\/wp\/v2\/media\/11631"}],"wp:attachment":[{"href":"https:\/\/bulkgenetics.com\/fr\/wp-json\/wp\/v2\/media?parent=10124"}],"wp:term":[{"taxonomy":"product_brand","embeddable":true,"href":"https:\/\/bulkgenetics.com\/fr\/wp-json\/wp\/v2\/product_brand?post=10124"},{"taxonomy":"product_cat","embeddable":true,"href":"https:\/\/bulkgenetics.com\/fr\/wp-json\/wp\/v2\/product_cat?post=10124"},{"taxonomy":"product_tag","embeddable":true,"href":"https:\/\/bulkgenetics.com\/fr\/wp-json\/wp\/v2\/product_tag?post=10124"}],"curies":[{"name":"wp","href":"https:\/\/api.w.org\/{rel}","templated":true}]}}