{"id":10131,"date":"2022-10-04T16:45:01","date_gmt":"2022-10-04T14:45:01","guid":{"rendered":"https:\/\/www.bulkgenetics.com\/moby-dick-auto\/"},"modified":"2024-10-08T01:13:50","modified_gmt":"2024-10-07T23:13:50","slug":"moby-dick-auto","status":"publish","type":"product","link":"https:\/\/bulkgenetics.com\/fr\/moby-dick-auto\/","title":{"rendered":"Moby Dick Auto"},"content":{"rendered":"\n<p><strong>Moby Dick Auto<\/strong> est une vari\u00e9t\u00e9 de cannabis autofloraison et pendant de nombreuses ann\u00e9es, l&#8217;une des plus cultiv\u00e9es. Vous pouvez maintenant en profiter au meilleur prix.<\/p>\n\n\n\n<p><a href=\"https:\/\/bulkgenetics.com\/fr\/moby-dick\/\"><strong>Moby Dick<\/strong> <\/a> est un hybride \u00e0 dominance Sativa et l&#8217;une des vedettes du catalogue de Dinafem. Il s&#8217;agit d&#8217;un croisement White <strong>Widow x Jack Herer<\/strong> d&#8217;une qualit\u00e9 exceptionnelle. En combinant la meilleure s\u00e9lection de ce joyau g\u00e9n\u00e9tique avec une vari\u00e9t\u00e9 autofloraison, le r\u00e9sultat est une plante super rapide qui conserve tout le charme de la g\u00e9n\u00e9tique originale.<\/p>\n\n\n\n<h2 class=\"wp-block-heading\">Comment cultiver la Moby Dick Auto<\/h2>\n\n\n\n<p>C&#8217;est une vari\u00e9t\u00e9 de cannabis tr\u00e8s simple qui ne n\u00e9cessite pas beaucoup de soins. Comme toute autre vari\u00e9t\u00e9 autofloraison, elle appr\u00e9cie d&#8217;\u00eatre cultiv\u00e9e pendant les mois les plus ensoleill\u00e9s de l&#8217;ann\u00e9e, c&#8217;est-\u00e0-dire au printemps et en \u00e9t\u00e9.<\/p>\n\n\n\n<p>Nous vous conseillons de ne pas trempoter, mais d&#8217;opter directement pour un grand pot d&#8217;au moins 20 litres. De cette fa\u00e7on, les plantes pousseront de mani\u00e8re ininterrompue jusqu&#8217;\u00e0 une <strong>hauteur discr\u00e8te, qui ne d\u00e9passe g\u00e9n\u00e9ralement pas 130 cm<\/strong>.<\/p>\n\n\n\n<p> <strong>Il ne faut que 10 semaines<\/strong> de la germination <strong>\u00e0 la r\u00e9colte<\/strong>. Son cycle de vie court permet de produire jusqu&#8217;\u00e0 3 r\u00e9coltes ext\u00e9rieures pendant la saison de culture.<\/p>\n\n\n\n<p>En int\u00e9rieur, ses traits Sativa font qu&#8217;elle a un stretch fort avant le d\u00e9but de la floraison. Il est toujours pr\u00e9f\u00e9rable de faire un palissage de branche de type SCROG.<\/p>\n\n\n\n<h2 class=\"wp-block-heading\">Caract\u00e9ristiques de la Moby Dick Auto<\/h2>\n\n\n\n<p>Elle produit des t\u00eates qui sont \u00e9normes, moelleuses et tr\u00e8s r\u00e9sineuses. Il est possible que vers la fin de la floraison, il faille tutorer certaines branches pour \u00e9viter qu&#8217;elles ne se brisent sous le poids.<\/p>\n\n\n\n<p>L&#8217;<strong>ar\u00f4me et la saveur<\/strong> sont fid\u00e8les \u00e0 ceux de sa m\u00e8re Moby Dick, avec des touches florales et fruit\u00e9es claires et un fond bois\u00e9 et encens\u00e9 tr\u00e8s marqu\u00e9.<\/p>\n\n\n\n<p>Les<strong> effets<\/strong> vous cogneront instantan\u00e9ment, avec un high joyeux, cr\u00e9atif et \u00e9nergique qui dure tr\u00e8s longtemps. C&#8217;est une vari\u00e9t\u00e9 de cannabis parfaite pour la journ\u00e9e.<\/p>\n\n\n\n<p>Les rendements sont tr\u00e8s abondants et \u00e0 l&#8217;int\u00e9rieur c&#8217;est l&#8217;une de ces vari\u00e9t\u00e9s capable d&#8217;atteindre 2 g\/w. Avec une LED de 300-350 W, n&#8217;importe quelle cultivateur pourra produire <strong>600 grammes par m\u00b2<\/strong>. En ext\u00e9rieur, les plus grandes plantes atteindront l&#8217;incroyable rendement de <strong>200 grammes<\/strong>.<\/p>\n\n\n\n<div style=\"height:50px\" aria-hidden=\"true\" class=\"wp-block-spacer uag-hide-mob\"><\/div>\n\n\n\n<div class=\"wp-block-columns is-layout-flex wp-container-core-columns-is-layout-28f84493 wp-block-columns-is-layout-flex\">\n<div class=\"wp-block-column is-layout-flow wp-block-column-is-layout-flow\">\n<p class=\"has-text-align-center has-medium-font-size\"><strong>Ce que nous aimons le plus<\/strong><\/p>\n\n\n\n<ul class=\"wp-block-list\">\n<li>Tr\u00e8s facile \u00e0 cultiver.<\/li>\n\n\n\n<li>Production tr\u00e8s abondante.<\/li>\n\n\n\n<li>Elle se r\u00e9colte en seulement 65 jours.<\/li>\n\n\n\n<li>Des effets tr\u00e8s relaxants et heureux.<\/li>\n\n\n\n<li>Son prix.<\/li>\n<\/ul>\n<\/div>\n\n\n\n<div class=\"wp-block-column is-layout-flow wp-block-column-is-layout-flow\">\n<p class=\"has-text-align-center has-medium-font-size\"><strong>Ce que nous aimons le moins<\/strong><\/p>\n\n\n\n<ul class=\"wp-block-list\">\n<li>Odeur intense en floraison.<\/li>\n<\/ul>\n<\/div>\n<\/div>\n\n\n\n<div style=\"height:50px\" aria-hidden=\"true\" class=\"wp-block-spacer uag-hide-mob\"><\/div>\n\n\n\n<h2 class=\"wp-block-heading\">Questions fr\u00e9quentes<\/h2>\n\n\n\n<p>Vous trouverez ci-dessous les r\u00e9ponses aux questions les plus fr\u00e9quemment pos\u00e9es par les cultivateurs int\u00e9ress\u00e9s par la culture de cette souche :<\/p>\n\n\n<div id=\"rank-math-faq\" class=\"rank-math-block\">\n<div class=\"rank-math-list \">\n<div id=\"faq-question-1663029074962\" class=\"rank-math-list-item\">\n<h3 class=\"rank-math-question \">Quand commence la floraison de la Moby Dick Auto en ext\u00e9rieur ?<\/h3>\n<div class=\"rank-math-answer \">\n\n<p>La floraison commence 3-4 semaines apr\u00e8s la germination des graines.<\/p>\n\n<\/div>\n<\/div>\n<div id=\"faq-question-1663029159933\" class=\"rank-math-list-item\">\n<h3 class=\"rank-math-question \">Quand r\u00e9colter la Moby Dick Auto apr\u00e8s la germination ?<\/h3>\n<div class=\"rank-math-answer \">\n\n<p>C&#8217;est une vari\u00e9t\u00e9 de cannabis tr\u00e8s rapide qui est r\u00e9colt\u00e9e en 10 semaines au total.<\/p>\n\n<\/div>\n<\/div>\n<div id=\"faq-question-1663029165861\" class=\"rank-math-list-item\">\n<h3 class=\"rank-math-question \">Comment cultiver la Moby Dick Auto f\u00e9minis\u00e9e ?<\/h3>\n<div class=\"rank-math-answer \">\n\n<p>Elle est tr\u00e8s r\u00e9sistante et simple \u00e0 cultiver, elle ne n\u00e9cessite donc pas beaucoup d&#8217;entretien. Utilisez un grand pot avec un bon substrat et \u00e9vitez les rempotages. Vous obtiendrez ainsi des plantes de grande taille et de grande production.<\/p>\n\n<\/div>\n<\/div>\n<div id=\"faq-question-1666780029954\" class=\"rank-math-list-item\">\n<h3 class=\"rank-math-question \">Quels sont les effets de Moby Dick Auto en vrac ?<\/h3>\n<div class=\"rank-math-answer \">\n\n<p>Les effets sont \u00e9nergiques, joyeux et cr\u00e9atifs. C&#8217;est une vari\u00e9t\u00e9 de cannabis id\u00e9ale pour la consommation de jour.<\/p>\n\n<\/div>\n<\/div>\n<\/div>\n<\/div>","protected":false},"excerpt":{"rendered":"<p>Moby Dick Auto est une version tr\u00e8s rapide de la c\u00e9l\u00e8bre vari\u00e9t\u00e9 de Dinafem. En environ 70 jours \u00e0 partir de la germination, vous r\u00e9colterez des plantes d&#8217;une hauteur discr\u00e8te de moins de 130 cm et avec une quantit\u00e9 brutale de t\u00eates. Elles sont dures, collantes et charg\u00e9es d&#8217;une \u00e9paisse couche de r\u00e9sine, comme si du sucre \u00e9tait tomb\u00e9 dessus. Un agr\u00e9able go\u00fbt floral et fruit\u00e9 avec des notes de pin et d&#8217;encens activera vos papilles, suivi d&#8217;un high tr\u00e8s \u00e9nergique et cr\u00e9atif.<\/p>\n","protected":false},"featured_media":30156,"comment_status":"open","ping_status":"closed","template":"","meta":{"_acf_changed":false,"inline_featured_image":false,"_uag_custom_page_level_css":""},"product_brand":[],"product_cat":[2265],"product_tag":[],"class_list":{"0":"post-10131","1":"product","2":"type-product","3":"status-publish","4":"has-post-thumbnail","6":"product_cat-graines-autofloraison-en-gros","8":"first","9":"instock","10":"taxable","11":"shipping-taxable","12":"purchasable","13":"product-type-simple"},"acf":[],"uagb_featured_image_src":{"full":["https:\/\/bulkgenetics.com\/wp-content\/uploads\/2022\/10\/moby-dick-auto-feminized-cannabis-seeds.jpg",1600,1600,false],"thumbnail":["https:\/\/bulkgenetics.com\/wp-content\/uploads\/2022\/10\/moby-dick-auto-feminized-cannabis-seeds-150x150.jpg",150,150,true],"medium":["https:\/\/bulkgenetics.com\/wp-content\/uploads\/2022\/10\/moby-dick-auto-feminized-cannabis-seeds-300x300.jpg",300,300,true],"medium_large":["https:\/\/bulkgenetics.com\/wp-content\/uploads\/2022\/10\/moby-dick-auto-feminized-cannabis-seeds-768x768.jpg",768,768,true],"large":["https:\/\/bulkgenetics.com\/wp-content\/uploads\/2022\/10\/moby-dick-auto-feminized-cannabis-seeds-1024x1024.jpg",1024,1024,true],"1536x1536":["https:\/\/bulkgenetics.com\/wp-content\/uploads\/2022\/10\/moby-dick-auto-feminized-cannabis-seeds-1536x1536.jpg",1536,1536,true],"2048x2048":["https:\/\/bulkgenetics.com\/wp-content\/uploads\/2022\/10\/moby-dick-auto-feminized-cannabis-seeds.jpg",1600,1600,false],"commercegurus-pdp-large":["https:\/\/bulkgenetics.com\/wp-content\/uploads\/2022\/10\/moby-dick-auto-feminized-cannabis-seeds-990x990.jpg",990,990,true],"commercegurus-plp-mobile":["https:\/\/bulkgenetics.com\/wp-content\/uploads\/2022\/10\/moby-dick-auto-feminized-cannabis-seeds-441x441.jpg",441,441,true],"cgkit_image_swatch":["https:\/\/bulkgenetics.com\/wp-content\/uploads\/2022\/10\/moby-dick-auto-feminized-cannabis-seeds-100x100.jpg",100,100,true],"woocommerce_thumbnail":["https:\/\/bulkgenetics.com\/wp-content\/uploads\/2022\/10\/moby-dick-auto-feminized-cannabis-seeds-300x300.jpg",300,300,true],"woocommerce_single":["https:\/\/bulkgenetics.com\/wp-content\/uploads\/2022\/10\/moby-dick-auto-feminized-cannabis-seeds-800x800.jpg",800,800,true],"woocommerce_gallery_thumbnail":["https:\/\/bulkgenetics.com\/wp-content\/uploads\/2022\/10\/moby-dick-auto-feminized-cannabis-seeds-150x150.jpg",150,150,true],"dgwt-wcas-product-suggestion":["https:\/\/bulkgenetics.com\/wp-content\/uploads\/2022\/10\/moby-dick-auto-feminized-cannabis-seeds-64x64.jpg",64,64,true]},"uagb_author_info":{"display_name":"J\u00e9r\u00f4me","author_link":"https:\/\/bulkgenetics.com\/fr\/author\/"},"uagb_comment_info":0,"uagb_excerpt":"Moby Dick Auto est une version tr\u00e8s rapide de la c\u00e9l\u00e8bre vari\u00e9t\u00e9 de Dinafem. En environ 70 jours \u00e0 partir de la germination, vous r\u00e9colterez des plantes d'une hauteur discr\u00e8te de moins de 130 cm et avec une quantit\u00e9 brutale de t\u00eates. Elles sont dures, collantes et charg\u00e9es d'une \u00e9paisse couche de r\u00e9sine, comme si\u2026","_links":{"self":[{"href":"https:\/\/bulkgenetics.com\/fr\/wp-json\/wp\/v2\/product\/10131","targetHints":{"allow":["GET"]}}],"collection":[{"href":"https:\/\/bulkgenetics.com\/fr\/wp-json\/wp\/v2\/product"}],"about":[{"href":"https:\/\/bulkgenetics.com\/fr\/wp-json\/wp\/v2\/types\/product"}],"replies":[{"embeddable":true,"href":"https:\/\/bulkgenetics.com\/fr\/wp-json\/wp\/v2\/comments?post=10131"}],"wp:featuredmedia":[{"embeddable":true,"href":"https:\/\/bulkgenetics.com\/fr\/wp-json\/wp\/v2\/media\/30156"}],"wp:attachment":[{"href":"https:\/\/bulkgenetics.com\/fr\/wp-json\/wp\/v2\/media?parent=10131"}],"wp:term":[{"taxonomy":"product_brand","embeddable":true,"href":"https:\/\/bulkgenetics.com\/fr\/wp-json\/wp\/v2\/product_brand?post=10131"},{"taxonomy":"product_cat","embeddable":true,"href":"https:\/\/bulkgenetics.com\/fr\/wp-json\/wp\/v2\/product_cat?post=10131"},{"taxonomy":"product_tag","embeddable":true,"href":"https:\/\/bulkgenetics.com\/fr\/wp-json\/wp\/v2\/product_tag?post=10131"}],"curies":[{"name":"wp","href":"https:\/\/api.w.org\/{rel}","templated":true}]}}