{"id":10185,"date":"2022-10-04T17:31:05","date_gmt":"2022-10-04T15:31:05","guid":{"rendered":"https:\/\/www.bulkgenetics.com\/red-berry-cbd-auto\/"},"modified":"2024-10-08T01:13:47","modified_gmt":"2024-10-07T23:13:47","slug":"red-berry-cbd-auto","status":"publish","type":"product","link":"https:\/\/bulkgenetics.com\/fr\/red-berry-cbd-auto\/","title":{"rendered":"Red Berry CBD Auto"},"content":{"rendered":"\n<p><strong>Red Berry CBD Auto<\/strong> est l&#8217;une de nos vari\u00e9t\u00e9s autofloraison avec une teneur en <strong>THC inf\u00e9rieure \u00e0 0,5 %<\/strong>. Elle est particuli\u00e8rement adapt\u00e9e aux cultivateurs qui recherchent les bienfaits th\u00e9rapeutiques du CBD, <strong>sans les effets psychoactifs<\/strong> typiques u cannabis.<\/p>\n\n\n\n<p>Cette g\u00e9n\u00e9tique est le r\u00e9sultat de la combinaison d&#8217;une magnifique <a href=\"https:\/\/bulkgenetics.com\/fr\/red-skunk-auto\/\">Red Skunk Auto<\/a> \u00e0 fleurs rouges et d&#8217;une Green Poison CBD dont elle h\u00e9rite de <strong>la teneur extr\u00eamement \u00e9lev\u00e9e en cannabiodiol<\/strong>, un cannabino\u00efde aux propri\u00e9t\u00e9s <strong>anti-convulsives, analg\u00e9siques, anxiolytiques, neuroprotectrices, anti-naus\u00e9euses et anti-\u00e9m\u00e9tiques<\/strong>. Elle est un peu similaire \u00e0 la Red Pure Auto CBD de Sweet Seeds, mais beaucoup moins ch\u00e8re<\/p>\n\n\n\n<h2 class=\"wp-block-heading\">Comment cultiver la Red Berry CBD Auto<\/h2>\n\n\n\n<p>C&#8217;est une plante que tout le monde peut faire pousser, m\u00eame sans aucune connaissance. Elle est \u00e9galement tr\u00e8s discr\u00e8te, id\u00e9ale pour les terrasses ou les balcons. Elle <strong>ne d\u00e9passe g\u00e9n\u00e9ralement pas 90 cm de hauteur<\/strong>, ce qui lui permet de ne pas attirer l&#8217;attention.<\/p>\n\n\n\n<p>Ces types de vari\u00e9t\u00e9s autofloraison se d\u00e9veloppent mieux <strong>plant\u00e9s directement dans un grand pot<\/strong>. En effet, elles peuvent se d\u00e9velopper sans le ralentissement qu&#8217;entra\u00eene parfois le rempotage, elles atteindront ainsi leur taille maximum <strong>pour des rendements encore plus importants<\/strong>.<\/p>\n\n\n\n<p>\u00c0 partir de la germination, <strong>il ne faudra que 9 semaines avant de pouvoir la r\u00e9colter<\/strong>. En raison de sa rapidit\u00e9, il est possible de faire jusqu&#8217;\u00e0 3 r\u00e9coltes pendant les mois de printemps et d&#8217;\u00e9t\u00e9.<\/p>\n\n\n\n<p>En int\u00e9rieur et en raison de ses g\u00e8nes de Skunk, elle est <strong>assez odorante lors de la floraiso<\/strong>n. Nous vous conseillons d&#8217;utiliser un bon filtre anti-odeur pour \u00e9viter les probl\u00e8mes de voisinage.<\/p>\n\n\n\n<h2 class=\"wp-block-heading\">Caract\u00e9ristiques de la Red Berry CBD Auto<\/h2>\n\n\n\n<p>Les rendements sont \u00e9lev\u00e9s et, \u00e0 l&#8217;int\u00e9rieur, n&#8217;importe quel cultivateur <strong>peut produire jusqu&#8217;\u00e0 500 grammes par m\u00b2<\/strong> avec un \u00e9clairage LED de 300-350W. En ext\u00e9rieur, les plantes <strong>les plus hautes produiront jusqu&#8217;\u00e0 120 grammes<\/strong>.<\/p>\n\n\n\n<p>Chaque cultivateur sera frapp\u00e9 par ses <strong>magnifiques t\u00eates d&#8217;un rouge profond<\/strong>, grandes et brillantes en raison de la grande quantit\u00e9 de r\u00e9sine qu&#8217;ils accumulent. M\u00eame lors des <strong>extractions de haschisch<\/strong>, elle proposera une magnifique couleur rouge\u00e2tre.<\/p>\n\n\n\n<p><strong>L&#8217;ar\u00f4me et le go\u00fbt<\/strong> sont tr\u00e8s sucr\u00e9s et d\u00e9licieux. Elle propose des notes claires de baies, de terre et de cypr\u00e8s qui durent tr\u00e8s longtemps en bouche et qui <strong>exciteront les sens du go\u00fbt et de l&#8217;odorat<\/strong>.<\/p>\n\n\n\n<p>Elle ne propose quasiment aucun effet psychoactif en raison de la <strong>quasi-absence de THC<\/strong>. Le <strong>taux de CBD est tr\u00e8s \u00e9lev\u00e9, entre 15 et 17%<\/strong>. Elle produit une sensation de d\u00e9tente, permettant de conserver l&#8217;esprit clair, sans blocages d&#8217;aucune sorte.<\/p>\n\n\n\n<div style=\"height:50px\" aria-hidden=\"true\" class=\"wp-block-spacer uag-hide-mob\"><\/div>\n\n\n\n<div class=\"wp-block-columns is-layout-flex wp-container-core-columns-is-layout-28f84493 wp-block-columns-is-layout-flex\">\n<div class=\"wp-block-column is-layout-flow wp-block-column-is-layout-flow\">\n<p class=\"has-text-align-center has-medium-font-size\"><strong>Ce qui nous pla\u00eet le plus<\/strong><\/p>\n\n\n\n<ul class=\"wp-block-list\">\n<li>Tr\u00e8s facile \u00e0 cultiver.<\/li>\n\n\n\n<li>Production \u00e9lev\u00e9e.<\/li>\n\n\n\n<li>Se r\u00e9colte en 63 jours seulement.<\/li>\n\n\n\n<li>Magnifiques t\u00eates rouge\u00e2tres. <\/li>\n\n\n\n<li>Effets relaxants, sans blocage. <\/li>\n\n\n\n<li>Son prix.<\/li>\n<\/ul>\n<\/div>\n\n\n\n<div class=\"wp-block-column is-layout-flow wp-block-column-is-layout-flow\">\n<p class=\"has-text-align-center has-medium-font-size\"><strong>Ce qui nous pla\u00eet le moins<\/strong><\/p>\n\n\n\n<ul class=\"wp-block-list\">\n<li>Odeur intense en floraison.<\/li>\n<\/ul>\n<\/div>\n<\/div>\n\n\n\n<div style=\"height:50px\" aria-hidden=\"true\" class=\"wp-block-spacer uag-hide-mob\"><\/div>\n\n\n\n<h2 class=\"wp-block-heading\">Questions fr\u00e9quentes<\/h2>\n\n\n\n<p>Si vous avez des questions concernant la culture de ces graines m\u00e9dicinales en vrac, voici les questions les plus fr\u00e9quemment pos\u00e9es par nos clients :<\/p>\n\n\n<div id=\"rank-math-faq\" class=\"rank-math-block\">\n<div class=\"rank-math-list \">\n<div id=\"faq-question-1663029074962\" class=\"rank-math-list-item\">\n<h3 class=\"rank-math-question \">Quand commence la floraison de la Red Berry CBD Auto?<\/h3>\n<div class=\"rank-math-answer \">\n\n<p>Environ 3-4 semaines apr\u00e8s la germination, les plantes commenceront \u00e0 fleurir.<\/p>\n\n<\/div>\n<\/div>\n<div id=\"faq-question-1663029159933\" class=\"rank-math-list-item\">\n<h3 class=\"rank-math-question \">Quand r\u00e9colter la Red Berry CBD Auto apr\u00e8s sa germination ?<\/h3>\n<div class=\"rank-math-answer \">\n\n<p>C&#8217;est une vari\u00e9t\u00e9 de cannabis autofloraison tr\u00e8s rapide qui est r\u00e9colt\u00e9e en 9 semaines au total.<\/p>\n\n<\/div>\n<\/div>\n<div id=\"faq-question-1663029165861\" class=\"rank-math-list-item\">\n<h3 class=\"rank-math-question \">Comment cultiver la Red Berry CBD Auto f\u00e9minis\u00e9e ?<\/h3>\n<div class=\"rank-math-answer \">\n\n<p>Elle est tr\u00e8s facile \u00e0 cultiver, r\u00e9sistante et discr\u00e8te. Utilisez un grand pot d\u00e8s le d\u00e9part pour obtenir les plus grandes plantes.<\/p>\n\n<\/div>\n<\/div>\n<div id=\"faq-question-1666780029954\" class=\"rank-math-list-item\">\n<h3 class=\"rank-math-question \">Quels sont les effets de la Red Berry CBD Auto en vrac ?<\/h3>\n<div class=\"rank-math-answer \">\n\n<p>Elle n&#8217;a pas d&#8217;effets psychoactifs car elle ne contient pratiquement pas de THC. Elle produit un sentiment de calme et de relaxation, sans blocages.<\/p>\n\n<\/div>\n<\/div>\n<\/div>\n<\/div>","protected":false},"excerpt":{"rendered":"<p>Red Berry CBD Auto est une vari\u00e9t\u00e9 autofloraison dont le taux de THC est inf\u00e9rieur \u00e0 0,5 %. C&#8217;est une plante discr\u00e8te qui ne d\u00e9passe pas 90 cm de hauteur, parfaite pour les terrasses ou les balcons. Elle est tr\u00e8s facile \u00e0 cultiver et tr\u00e8s rapide, se r\u00e9coltant en un total de 9 semaines \u00e0 partir de la germination. Les t\u00eates sont grandes, d&#8217;une belle couleur rouge et recouvertes d&#8217;une \u00e9paisse couche de r\u00e9sine. Le go\u00fbt rappelle les baies sucr\u00e9es avec des notes de sapin et de terre. Pas d&#8217;effets psychoactifs, mais une vari\u00e9t\u00e9 tr\u00e8s th\u00e9rapeutique.<\/p>\n","protected":false},"featured_media":9197,"comment_status":"open","ping_status":"closed","template":"","meta":{"_acf_changed":false,"inline_featured_image":false,"_uag_custom_page_level_css":""},"product_brand":[],"product_cat":[2403,2265],"product_tag":[],"class_list":{"0":"post-10185","1":"product","2":"type-product","3":"status-publish","4":"has-post-thumbnail","6":"product_cat-graines-cbd-en-gros","7":"product_cat-graines-autofloraison-en-gros","9":"first","10":"instock","11":"taxable","12":"shipping-taxable","13":"purchasable","14":"product-type-simple"},"acf":[],"uagb_featured_image_src":{"full":["https:\/\/bulkgenetics.com\/wp-content\/uploads\/2022\/10\/Red-Berry-CBD-Auto.jpg",1600,1600,false],"thumbnail":["https:\/\/bulkgenetics.com\/wp-content\/uploads\/2022\/10\/Red-Berry-CBD-Auto-150x150.jpg",150,150,true],"medium":["https:\/\/bulkgenetics.com\/wp-content\/uploads\/2022\/10\/Red-Berry-CBD-Auto-300x300.jpg",300,300,true],"medium_large":["https:\/\/bulkgenetics.com\/wp-content\/uploads\/2022\/10\/Red-Berry-CBD-Auto-768x768.jpg",768,768,true],"large":["https:\/\/bulkgenetics.com\/wp-content\/uploads\/2022\/10\/Red-Berry-CBD-Auto-1024x1024.jpg",1024,1024,true],"1536x1536":["https:\/\/bulkgenetics.com\/wp-content\/uploads\/2022\/10\/Red-Berry-CBD-Auto-1536x1536.jpg",1536,1536,true],"2048x2048":["https:\/\/bulkgenetics.com\/wp-content\/uploads\/2022\/10\/Red-Berry-CBD-Auto.jpg",1600,1600,false],"commercegurus-pdp-large":["https:\/\/bulkgenetics.com\/wp-content\/uploads\/2022\/10\/Red-Berry-CBD-Auto-990x990.jpg",990,990,true],"commercegurus-plp-mobile":["https:\/\/bulkgenetics.com\/wp-content\/uploads\/2022\/10\/Red-Berry-CBD-Auto-441x441.jpg",441,441,true],"cgkit_image_swatch":["https:\/\/bulkgenetics.com\/wp-content\/uploads\/2022\/10\/Red-Berry-CBD-Auto-100x100.jpg",100,100,true],"woocommerce_thumbnail":["https:\/\/bulkgenetics.com\/wp-content\/uploads\/2022\/10\/Red-Berry-CBD-Auto-300x300.jpg",300,300,true],"woocommerce_single":["https:\/\/bulkgenetics.com\/wp-content\/uploads\/2022\/10\/Red-Berry-CBD-Auto-800x800.jpg",800,800,true],"woocommerce_gallery_thumbnail":["https:\/\/bulkgenetics.com\/wp-content\/uploads\/2022\/10\/Red-Berry-CBD-Auto-150x150.jpg",150,150,true],"dgwt-wcas-product-suggestion":["https:\/\/bulkgenetics.com\/wp-content\/uploads\/2022\/10\/Red-Berry-CBD-Auto-64x64.jpg",64,64,true]},"uagb_author_info":{"display_name":"J\u00e9r\u00f4me","author_link":"https:\/\/bulkgenetics.com\/fr\/author\/"},"uagb_comment_info":0,"uagb_excerpt":"Red Berry CBD Auto est une vari\u00e9t\u00e9 autofloraison dont le taux de THC est inf\u00e9rieur \u00e0 0,5 %. C'est une plante discr\u00e8te qui ne d\u00e9passe pas 90 cm de hauteur, parfaite pour les terrasses ou les balcons. Elle est tr\u00e8s facile \u00e0 cultiver et tr\u00e8s rapide, se r\u00e9coltant en un total de 9 semaines \u00e0\u2026","_links":{"self":[{"href":"https:\/\/bulkgenetics.com\/fr\/wp-json\/wp\/v2\/product\/10185","targetHints":{"allow":["GET"]}}],"collection":[{"href":"https:\/\/bulkgenetics.com\/fr\/wp-json\/wp\/v2\/product"}],"about":[{"href":"https:\/\/bulkgenetics.com\/fr\/wp-json\/wp\/v2\/types\/product"}],"replies":[{"embeddable":true,"href":"https:\/\/bulkgenetics.com\/fr\/wp-json\/wp\/v2\/comments?post=10185"}],"wp:featuredmedia":[{"embeddable":true,"href":"https:\/\/bulkgenetics.com\/fr\/wp-json\/wp\/v2\/media\/9197"}],"wp:attachment":[{"href":"https:\/\/bulkgenetics.com\/fr\/wp-json\/wp\/v2\/media?parent=10185"}],"wp:term":[{"taxonomy":"product_brand","embeddable":true,"href":"https:\/\/bulkgenetics.com\/fr\/wp-json\/wp\/v2\/product_brand?post=10185"},{"taxonomy":"product_cat","embeddable":true,"href":"https:\/\/bulkgenetics.com\/fr\/wp-json\/wp\/v2\/product_cat?post=10185"},{"taxonomy":"product_tag","embeddable":true,"href":"https:\/\/bulkgenetics.com\/fr\/wp-json\/wp\/v2\/product_tag?post=10185"}],"curies":[{"name":"wp","href":"https:\/\/api.w.org\/{rel}","templated":true}]}}